{"id":45830,"date":"2026-02-04T14:44:20","date_gmt":"2026-02-04T13:44:20","guid":{"rendered":"https:\/\/naturalpoland.com\/produkty\/unkategorisiert\/pterostilben\/"},"modified":"2026-02-13T10:45:14","modified_gmt":"2026-02-13T09:45:14","slug":"pterostilben","status":"publish","type":"product","link":"https:\/\/naturalpoland.com\/de\/produkte\/produkte-fur-die-pharmaindustrie\/nahrungserganzungmittel\/pterostilben\/","title":{"rendered":"Pterostilben"},"content":{"rendered":"<h2>Eigenschaften und Wirkung von Pterostilben<\/h2>\n<p>Pterostilben gilt als bioverf\u00fcgbareres und metabolisch stabileres Resveratrol-Derivat, was auf die Pr\u00e4senz von Methoxygruppen in seiner chemischen Struktur zur\u00fcckzuf\u00fchren ist. Diese Modifikation f\u00fchrt zu einer <strong>besseren Absorption<\/strong> und einem <strong>langsameren Metabolismus<\/strong> im K\u00f6rper, was einen wesentlichen technologischen Vorteil gegen\u00fcber klassischen Polyphenolen darstellt. <\/p>\n<p>Diese Verbindung weist starke <strong>antioxidative Eigenschaften<\/strong> auf, die in der Neutralisierung freier Sauerstoffradikale und dem Schutz der Zellen vor oxidativem Stress bestehen. Aus diesem Grund wird Pterostilben h\u00e4ufig in Pr\u00e4paraten eingesetzt, die auf Zellschutz und langfristige K\u00f6rperunterst\u00fctzung abzielen. <\/p>\n<p>In der wissenschaftlichen Literatur wird Pterostilben auch als Bestandteil beschrieben, der die <strong>normale Funktion des Nervensystems unterst\u00fctzt<\/strong>, was seine wachsende Popularit\u00e4t in <em>Brain-Health<\/em>&#8211; und <em>Cognitive-Support<\/em>-Nahrungserg\u00e4nzungsmitteln erkl\u00e4rt. Dar\u00fcber hinaus wird sein Potenzial in Formulierungen zur <strong>Unterst\u00fctzung des Lipid- und Glukosestoffwechsels<\/strong> hervorgehoben. <\/p>\n<p>Dank seines g\u00fcnstigen Stabilit\u00e4tsprofils wird Pterostilben als geeigneter Rohstoff f\u00fcr moderne, mehrkomponentige nutrazeutische Zusammensetzungen angesehen.<\/p>\n<h2>Anwendung<\/h2>\n<p>Pterostilben in Pulverform ist haupts\u00e4chlich f\u00fcr Anwendungen in Nahrungserg\u00e4nzungsmitteln und nutrazeutischen Zwischenprodukten bestimmt, insbesondere in:<\/p>\n<ul>\n<li>Kapseln und Tabletten mit hohem Wirkstoffgehalt,<\/li>\n<li><em>Anti-Aging<\/em>&#8211; und <em>Longevity<\/em>-Formulierungen,<\/li>\n<li>Pr\u00e4paraten zur Unterst\u00fctzung der kognitiven Funktionen (<em>Nootropika<\/em>),<\/li>\n<li><span style=\"color: #555555;\">Produkten, die auf antioxidativen Schutz abzielen,<\/span><\/li>\n<li>fortschrittlichen Polyphenol-Mischungen (z. B. in Kombination mit Resveratrol).<\/li>\n<\/ul>\n","protected":false},"excerpt":{"rendered":"<p><strong>Pterostilben<\/strong> ist eine nat\u00fcrliche polyphenolische Verbindung aus der Gruppe der Stilbene, strukturell verwandt mit <a href=\"https:\/\/naturalpoland.com\/de\/produkte\/produkte-fur-die-pharmaindustrie\/nahrungserganzungmittel\/resverasol-lsme-resveratrol\/\"><strong>Resveratrol<\/strong><\/a>. Es kommt nat\u00fcrlich u. a. in Heidelbeeren, Weintrauben und dem Holz bestimmter Pflanzen vor, wo es eine Schutzfunktion erf\u00fcllt. In hochgereinigter Form stellt es einen modernen funktionellen Rohstoff dar, der in Nahrungserg\u00e4nzungsmitteln der neuen Generation verwendet wird.   <\/p>\n","protected":false},"featured_media":45831,"template":"","meta":[],"product_brand":[],"product_cat":[373],"product_tag":[],"class_list":{"0":"post-45830","1":"product","2":"type-product","3":"status-publish","4":"has-post-thumbnail","6":"product_cat-nahrungserganzungmittel","7":"pa_grupa-substancji-phenole-und-polyphenole","9":"first","10":"instock","11":"shipping-taxable","12":"product-type-simple"},"yoast_head":"<!-- This site is optimized with the Yoast SEO plugin v27.3 - https:\/\/yoast.com\/product\/yoast-seo-wordpress\/ -->\n<title>Pterostilben - Gro\u00dfhandelsvertrieb<\/title>\n<meta name=\"description\" content=\"Pterostilben \u226598% Pulver \u2013 ein modernes Polyphenol mit hoher Bioverf\u00fcgbarkeit, f\u00fcr Anti-Aging- und Brain-Health-Nahrungserg\u00e4nzungsmittel. B2B-Rohstoff.\" \/>\n<meta name=\"robots\" content=\"index, follow, max-snippet:-1, max-image-preview:large, max-video-preview:-1\" \/>\n<link rel=\"canonical\" href=\"https:\/\/naturalpoland.com\/de\/produkte\/produkte-fur-die-pharmaindustrie\/nahrungserganzungmittel\/pterostilben\/\" \/>\n<meta property=\"og:locale\" content=\"de_DE\" \/>\n<meta property=\"og:type\" content=\"article\" \/>\n<meta property=\"og:title\" content=\"Pterostilben - Gro\u00dfhandelsvertrieb\" \/>\n<meta property=\"og:description\" content=\"Pterostilben \u226598% Pulver \u2013 ein modernes Polyphenol mit hoher Bioverf\u00fcgbarkeit, f\u00fcr Anti-Aging- und Brain-Health-Nahrungserg\u00e4nzungsmittel. B2B-Rohstoff.\" \/>\n<meta property=\"og:url\" content=\"https:\/\/naturalpoland.com\/de\/produkte\/produkte-fur-die-pharmaindustrie\/nahrungserganzungmittel\/pterostilben\/\" \/>\n<meta property=\"og:site_name\" content=\"NATURAL POLAND - IMPORT UND HANDEL VON ROHSTOFFEN\" \/>\n<meta property=\"article:publisher\" content=\"https:\/\/www.facebook.com\/naturalpoland.b2b\" \/>\n<meta property=\"article:modified_time\" content=\"2026-02-13T09:45:14+00:00\" \/>\n<meta property=\"og:image\" content=\"https:\/\/naturalpoland.com\/wp-content\/uploads\/pterostilben.webp\" \/>\n\t<meta property=\"og:image:width\" content=\"1024\" \/>\n\t<meta property=\"og:image:height\" content=\"1024\" \/>\n\t<meta property=\"og:image:type\" content=\"image\/webp\" \/>\n<script type=\"application\/ld+json\" class=\"yoast-schema-graph\">{\"@context\":\"https:\\\/\\\/schema.org\",\"@graph\":[{\"@type\":\"WebPage\",\"@id\":\"https:\\\/\\\/naturalpoland.com\\\/de\\\/produkte\\\/produkte-fur-die-pharmaindustrie\\\/nahrungserganzungmittel\\\/pterostilben\\\/\",\"url\":\"https:\\\/\\\/naturalpoland.com\\\/de\\\/produkte\\\/produkte-fur-die-pharmaindustrie\\\/nahrungserganzungmittel\\\/pterostilben\\\/\",\"name\":\"Pterostilben - Gro\u00dfhandelsvertrieb\",\"isPartOf\":{\"@id\":\"https:\\\/\\\/naturalpoland.com\\\/de\\\/#website\"},\"primaryImageOfPage\":{\"@id\":\"https:\\\/\\\/naturalpoland.com\\\/de\\\/produkte\\\/produkte-fur-die-pharmaindustrie\\\/nahrungserganzungmittel\\\/pterostilben\\\/#primaryimage\"},\"image\":{\"@id\":\"https:\\\/\\\/naturalpoland.com\\\/de\\\/produkte\\\/produkte-fur-die-pharmaindustrie\\\/nahrungserganzungmittel\\\/pterostilben\\\/#primaryimage\"},\"thumbnailUrl\":\"https:\\\/\\\/naturalpoland.com\\\/wp-content\\\/uploads\\\/pterostilben.webp\",\"datePublished\":\"2026-02-04T13:44:20+00:00\",\"dateModified\":\"2026-02-13T09:45:14+00:00\",\"description\":\"Pterostilben \u226598% Pulver \u2013 ein modernes Polyphenol mit hoher Bioverf\u00fcgbarkeit, f\u00fcr Anti-Aging- und Brain-Health-Nahrungserg\u00e4nzungsmittel. B2B-Rohstoff.\",\"breadcrumb\":{\"@id\":\"https:\\\/\\\/naturalpoland.com\\\/de\\\/produkte\\\/produkte-fur-die-pharmaindustrie\\\/nahrungserganzungmittel\\\/pterostilben\\\/#breadcrumb\"},\"inLanguage\":\"de\",\"potentialAction\":[{\"@type\":\"ReadAction\",\"target\":[\"https:\\\/\\\/naturalpoland.com\\\/de\\\/produkte\\\/produkte-fur-die-pharmaindustrie\\\/nahrungserganzungmittel\\\/pterostilben\\\/\"]}]},{\"@type\":\"ImageObject\",\"inLanguage\":\"de\",\"@id\":\"https:\\\/\\\/naturalpoland.com\\\/de\\\/produkte\\\/produkte-fur-die-pharmaindustrie\\\/nahrungserganzungmittel\\\/pterostilben\\\/#primaryimage\",\"url\":\"https:\\\/\\\/naturalpoland.com\\\/wp-content\\\/uploads\\\/pterostilben.webp\",\"contentUrl\":\"https:\\\/\\\/naturalpoland.com\\\/wp-content\\\/uploads\\\/pterostilben.webp\",\"width\":1024,\"height\":1024,\"caption\":\"Pterostilben\"},{\"@type\":\"BreadcrumbList\",\"@id\":\"https:\\\/\\\/naturalpoland.com\\\/de\\\/produkte\\\/produkte-fur-die-pharmaindustrie\\\/nahrungserganzungmittel\\\/pterostilben\\\/#breadcrumb\",\"itemListElement\":[{\"@type\":\"ListItem\",\"position\":1,\"name\":\"Startseite\",\"item\":\"https:\\\/\\\/naturalpoland.com\\\/de\\\/\"},{\"@type\":\"ListItem\",\"position\":2,\"name\":\"Produkte\",\"item\":\"https:\\\/\\\/naturalpoland.com\\\/de\\\/produkte\\\/\"},{\"@type\":\"ListItem\",\"position\":3,\"name\":\"Pterostilben\"}]},{\"@type\":\"WebSite\",\"@id\":\"https:\\\/\\\/naturalpoland.com\\\/de\\\/#website\",\"url\":\"https:\\\/\\\/naturalpoland.com\\\/de\\\/\",\"name\":\"NATURAL POLAND - IMPORT UND HANDEL VON ROHSTOFFEN\",\"description\":\"Rohstoffe f\u00fcr die Lebensmittelindustrie, Kosmetikindustrie, Pharmaindustrie\",\"publisher\":{\"@id\":\"https:\\\/\\\/naturalpoland.com\\\/de\\\/#organization\"},\"potentialAction\":[{\"@type\":\"SearchAction\",\"target\":{\"@type\":\"EntryPoint\",\"urlTemplate\":\"https:\\\/\\\/naturalpoland.com\\\/de\\\/?s={search_term_string}\"},\"query-input\":{\"@type\":\"PropertyValueSpecification\",\"valueRequired\":true,\"valueName\":\"search_term_string\"}}],\"inLanguage\":\"de\"},{\"@type\":\"Organization\",\"@id\":\"https:\\\/\\\/naturalpoland.com\\\/de\\\/#organization\",\"name\":\"Natural Poland\",\"url\":\"https:\\\/\\\/naturalpoland.com\\\/de\\\/\",\"logo\":{\"@type\":\"ImageObject\",\"inLanguage\":\"de\",\"@id\":\"https:\\\/\\\/naturalpoland.com\\\/de\\\/#\\\/schema\\\/logo\\\/image\\\/\",\"url\":\"https:\\\/\\\/naturalpoland.com\\\/wp-content\\\/uploads\\\/2021\\\/05\\\/natural-poland-icon.png\",\"contentUrl\":\"https:\\\/\\\/naturalpoland.com\\\/wp-content\\\/uploads\\\/2021\\\/05\\\/natural-poland-icon.png\",\"width\":512,\"height\":512,\"caption\":\"Natural Poland\"},\"image\":{\"@id\":\"https:\\\/\\\/naturalpoland.com\\\/de\\\/#\\\/schema\\\/logo\\\/image\\\/\"},\"sameAs\":[\"https:\\\/\\\/www.facebook.com\\\/naturalpoland.b2b\",\"https:\\\/\\\/pl.linkedin.com\\\/company\\\/natural-poland\",\"https:\\\/\\\/www.youtube.com\\\/channel\\\/UCgeGGkvOMahZo-xu_MSEWxg\"]}]}<\/script>\n<!-- \/ Yoast SEO plugin. -->","yoast_head_json":{"title":"Pterostilben - Gro\u00dfhandelsvertrieb","description":"Pterostilben \u226598% Pulver \u2013 ein modernes Polyphenol mit hoher Bioverf\u00fcgbarkeit, f\u00fcr Anti-Aging- und Brain-Health-Nahrungserg\u00e4nzungsmittel. B2B-Rohstoff.","robots":{"index":"index","follow":"follow","max-snippet":"max-snippet:-1","max-image-preview":"max-image-preview:large","max-video-preview":"max-video-preview:-1"},"canonical":"https:\/\/naturalpoland.com\/de\/produkte\/produkte-fur-die-pharmaindustrie\/nahrungserganzungmittel\/pterostilben\/","og_locale":"de_DE","og_type":"article","og_title":"Pterostilben - Gro\u00dfhandelsvertrieb","og_description":"Pterostilben \u226598% Pulver \u2013 ein modernes Polyphenol mit hoher Bioverf\u00fcgbarkeit, f\u00fcr Anti-Aging- und Brain-Health-Nahrungserg\u00e4nzungsmittel. B2B-Rohstoff.","og_url":"https:\/\/naturalpoland.com\/de\/produkte\/produkte-fur-die-pharmaindustrie\/nahrungserganzungmittel\/pterostilben\/","og_site_name":"NATURAL POLAND - IMPORT UND HANDEL VON ROHSTOFFEN","article_publisher":"https:\/\/www.facebook.com\/naturalpoland.b2b","article_modified_time":"2026-02-13T09:45:14+00:00","og_image":[{"width":1024,"height":1024,"url":"https:\/\/naturalpoland.com\/wp-content\/uploads\/pterostilben.webp","type":"image\/webp"}],"schema":{"@context":"https:\/\/schema.org","@graph":[{"@type":"WebPage","@id":"https:\/\/naturalpoland.com\/de\/produkte\/produkte-fur-die-pharmaindustrie\/nahrungserganzungmittel\/pterostilben\/","url":"https:\/\/naturalpoland.com\/de\/produkte\/produkte-fur-die-pharmaindustrie\/nahrungserganzungmittel\/pterostilben\/","name":"Pterostilben - Gro\u00dfhandelsvertrieb","isPartOf":{"@id":"https:\/\/naturalpoland.com\/de\/#website"},"primaryImageOfPage":{"@id":"https:\/\/naturalpoland.com\/de\/produkte\/produkte-fur-die-pharmaindustrie\/nahrungserganzungmittel\/pterostilben\/#primaryimage"},"image":{"@id":"https:\/\/naturalpoland.com\/de\/produkte\/produkte-fur-die-pharmaindustrie\/nahrungserganzungmittel\/pterostilben\/#primaryimage"},"thumbnailUrl":"https:\/\/naturalpoland.com\/wp-content\/uploads\/pterostilben.webp","datePublished":"2026-02-04T13:44:20+00:00","dateModified":"2026-02-13T09:45:14+00:00","description":"Pterostilben \u226598% Pulver \u2013 ein modernes Polyphenol mit hoher Bioverf\u00fcgbarkeit, f\u00fcr Anti-Aging- und Brain-Health-Nahrungserg\u00e4nzungsmittel. B2B-Rohstoff.","breadcrumb":{"@id":"https:\/\/naturalpoland.com\/de\/produkte\/produkte-fur-die-pharmaindustrie\/nahrungserganzungmittel\/pterostilben\/#breadcrumb"},"inLanguage":"de","potentialAction":[{"@type":"ReadAction","target":["https:\/\/naturalpoland.com\/de\/produkte\/produkte-fur-die-pharmaindustrie\/nahrungserganzungmittel\/pterostilben\/"]}]},{"@type":"ImageObject","inLanguage":"de","@id":"https:\/\/naturalpoland.com\/de\/produkte\/produkte-fur-die-pharmaindustrie\/nahrungserganzungmittel\/pterostilben\/#primaryimage","url":"https:\/\/naturalpoland.com\/wp-content\/uploads\/pterostilben.webp","contentUrl":"https:\/\/naturalpoland.com\/wp-content\/uploads\/pterostilben.webp","width":1024,"height":1024,"caption":"Pterostilben"},{"@type":"BreadcrumbList","@id":"https:\/\/naturalpoland.com\/de\/produkte\/produkte-fur-die-pharmaindustrie\/nahrungserganzungmittel\/pterostilben\/#breadcrumb","itemListElement":[{"@type":"ListItem","position":1,"name":"Startseite","item":"https:\/\/naturalpoland.com\/de\/"},{"@type":"ListItem","position":2,"name":"Produkte","item":"https:\/\/naturalpoland.com\/de\/produkte\/"},{"@type":"ListItem","position":3,"name":"Pterostilben"}]},{"@type":"WebSite","@id":"https:\/\/naturalpoland.com\/de\/#website","url":"https:\/\/naturalpoland.com\/de\/","name":"NATURAL POLAND - IMPORT UND HANDEL VON ROHSTOFFEN","description":"Rohstoffe f\u00fcr die Lebensmittelindustrie, Kosmetikindustrie, Pharmaindustrie","publisher":{"@id":"https:\/\/naturalpoland.com\/de\/#organization"},"potentialAction":[{"@type":"SearchAction","target":{"@type":"EntryPoint","urlTemplate":"https:\/\/naturalpoland.com\/de\/?s={search_term_string}"},"query-input":{"@type":"PropertyValueSpecification","valueRequired":true,"valueName":"search_term_string"}}],"inLanguage":"de"},{"@type":"Organization","@id":"https:\/\/naturalpoland.com\/de\/#organization","name":"Natural Poland","url":"https:\/\/naturalpoland.com\/de\/","logo":{"@type":"ImageObject","inLanguage":"de","@id":"https:\/\/naturalpoland.com\/de\/#\/schema\/logo\/image\/","url":"https:\/\/naturalpoland.com\/wp-content\/uploads\/2021\/05\/natural-poland-icon.png","contentUrl":"https:\/\/naturalpoland.com\/wp-content\/uploads\/2021\/05\/natural-poland-icon.png","width":512,"height":512,"caption":"Natural Poland"},"image":{"@id":"https:\/\/naturalpoland.com\/de\/#\/schema\/logo\/image\/"},"sameAs":["https:\/\/www.facebook.com\/naturalpoland.b2b","https:\/\/pl.linkedin.com\/company\/natural-poland","https:\/\/www.youtube.com\/channel\/UCgeGGkvOMahZo-xu_MSEWxg"]}]}},"_links":{"self":[{"href":"https:\/\/naturalpoland.com\/de\/wp-json\/wp\/v2\/product\/45830","targetHints":{"allow":["GET"]}}],"collection":[{"href":"https:\/\/naturalpoland.com\/de\/wp-json\/wp\/v2\/product"}],"about":[{"href":"https:\/\/naturalpoland.com\/de\/wp-json\/wp\/v2\/types\/product"}],"wp:featuredmedia":[{"embeddable":true,"href":"https:\/\/naturalpoland.com\/de\/wp-json\/wp\/v2\/media\/45831"}],"wp:attachment":[{"href":"https:\/\/naturalpoland.com\/de\/wp-json\/wp\/v2\/media?parent=45830"}],"wp:term":[{"taxonomy":"product_brand","embeddable":true,"href":"https:\/\/naturalpoland.com\/de\/wp-json\/wp\/v2\/product_brand?post=45830"},{"taxonomy":"product_cat","embeddable":true,"href":"https:\/\/naturalpoland.com\/de\/wp-json\/wp\/v2\/product_cat?post=45830"},{"taxonomy":"product_tag","embeddable":true,"href":"https:\/\/naturalpoland.com\/de\/wp-json\/wp\/v2\/product_tag?post=45830"}],"curies":[{"name":"wp","href":"https:\/\/api.w.org\/{rel}","templated":true}]}}