{"id":45881,"date":"2026-02-05T13:56:04","date_gmt":"2026-02-05T12:56:04","guid":{"rendered":"https:\/\/naturalpoland.com\/produkty\/unkategorisiert\/palmarosaoel\/"},"modified":"2026-02-13T13:54:07","modified_gmt":"2026-02-13T12:54:07","slug":"palmarosaoel","status":"publish","type":"product","link":"https:\/\/naturalpoland.com\/de\/produkte\/produkte-fur-die-kosmetikindustrie\/atherische-ole\/palmarosaoel\/","title":{"rendered":"Palmarosa\u00f6l"},"content":{"rendered":"<h2>Eigenschaften von Palmarosa\u00f6l und seine Funktion in Formulierungen:<\/h2>\n<p>Palmarosa\u00f6l ist vor allem ein nat\u00fcrlicher Duftstoff, der Formulierungen eine weiche, blumig-rosige Note mit einem leichten, frischen Hintergrund verleiht. Dadurch findet es sowohl in Pflegekosmetika als auch in parf\u00fcmierten Produkten Anwendung. <\/p>\n<p>Aus formulierungstechnischer Sicht weist dieses \u00d6l auf:<\/p>\n<ul>\n<li>gute Kompatibilit\u00e4t mit anderen \u00e4therischen \u00d6len,<\/li>\n<li>hohe Konzentration an Duftstoffen,<\/li>\n<li>Stabilit\u00e4t unter typischen Lagerbedingungen.<\/li>\n<\/ul>\n<p>Die Anwesenheit von Geraniol und anderen Monoterpenen macht Palmarosa\u00f6l zu einem h\u00e4ufig verwendeten Inhaltsstoff in Produkten, bei denen eine Duftkomposition mit nat\u00fcrlichem Charakter wichtig ist, sowie in aromatherapie-inspirierten Formulierungen.<\/p>\n<h2>Anwendung:<\/h2>\n<p>Palmarosa\u00f6l ist f\u00fcr industrielle Anwendungen als kosmetischer und duftender Rohstoff bestimmt, insbesondere in:<\/p>\n<ul>\n<li>Cremes und Lotionen zur Hautpflege,<\/li>\n<li>K\u00f6rperkosmetika und Spa-Produkten,<\/li>\n<li>Seifen und Reinigungsmitteln,<\/li>\n<li>Massage\u00f6len und aromatischen Formulierungen,<\/li>\n<li>Parf\u00fcms und Duftkompositionen,<\/li>\n<li>Duftkerzen und Home-Fragrance-Produkten.<\/li>\n<\/ul>\n<p>Der Rohstoff muss gem\u00e4\u00df den geltenden Vorschriften sowie den IFRA- und CLP-Empfehlungen verwendet werden, unter Ber\u00fccksichtigung der Konzentrationsgrenzwerte in Endprodukten.<\/p>\n","protected":false},"excerpt":{"rendered":"<p><strong>Palmarosa\u00f6l<\/strong> wird aus dem Gras <em>Cymbopogon martini<\/em> gewonnen, das zur Familie der S\u00fc\u00dfgr\u00e4ser geh\u00f6rt. Es ist <span style=\"font-size: 14.4px;\"> eine Mischung aus Duftstoffen, in der <strong>Geraniol<\/strong> (50\u2013100 %) der dominierende Bestandteil ist, erg\u00e4nzt u.a. durch <strong>Geranylacetat<\/strong>, <strong>Linalool<\/strong>, <strong>Citral<\/strong> und <strong>Limonen.<\/strong> <\/span><\/p>\n","protected":false},"featured_media":45884,"template":"","meta":[],"product_brand":[],"product_cat":[6266],"product_tag":[],"class_list":{"0":"post-45881","1":"product","2":"type-product","3":"status-publish","4":"has-post-thumbnail","6":"product_cat-atherische-ole","8":"first","9":"instock","10":"shipping-taxable","11":"product-type-simple"},"yoast_head":"<!-- This site is optimized with the Yoast SEO plugin v27.3 - https:\/\/yoast.com\/product\/yoast-seo-wordpress\/ -->\n<title>Palmarosa\u00f6l - Gro\u00dfhandelsvertrieb<\/title>\n<meta name=\"description\" content=\"Palmarosa\u00f6l (Cymbopogon martini oil) \u2013 ein nat\u00fcrlicher Duftstoff f\u00fcr Kosmetika und Parf\u00fcms. B2B-Rohstoff mit blumigem Aroma.\" \/>\n<meta name=\"robots\" content=\"index, follow, max-snippet:-1, max-image-preview:large, max-video-preview:-1\" \/>\n<link rel=\"canonical\" href=\"https:\/\/naturalpoland.com\/de\/produkte\/produkte-fur-die-kosmetikindustrie\/atherische-ole\/palmarosaoel\/\" \/>\n<meta property=\"og:locale\" content=\"de_DE\" \/>\n<meta property=\"og:type\" content=\"article\" \/>\n<meta property=\"og:title\" content=\"Palmarosa\u00f6l - Gro\u00dfhandelsvertrieb\" \/>\n<meta property=\"og:description\" content=\"Palmarosa\u00f6l (Cymbopogon martini oil) \u2013 ein nat\u00fcrlicher Duftstoff f\u00fcr Kosmetika und Parf\u00fcms. B2B-Rohstoff mit blumigem Aroma.\" \/>\n<meta property=\"og:url\" content=\"https:\/\/naturalpoland.com\/de\/produkte\/produkte-fur-die-kosmetikindustrie\/atherische-ole\/palmarosaoel\/\" \/>\n<meta property=\"og:site_name\" content=\"NATURAL POLAND - IMPORT UND HANDEL VON ROHSTOFFEN\" \/>\n<meta property=\"article:publisher\" content=\"https:\/\/www.facebook.com\/naturalpoland.b2b\" \/>\n<meta property=\"article:modified_time\" content=\"2026-02-13T12:54:07+00:00\" \/>\n<meta property=\"og:image\" content=\"https:\/\/naturalpoland.com\/wp-content\/uploads\/palmarosa-oil.webp\" \/>\n\t<meta property=\"og:image:width\" content=\"1024\" \/>\n\t<meta property=\"og:image:height\" content=\"1024\" \/>\n\t<meta property=\"og:image:type\" content=\"image\/webp\" \/>\n<script type=\"application\/ld+json\" class=\"yoast-schema-graph\">{\"@context\":\"https:\\\/\\\/schema.org\",\"@graph\":[{\"@type\":\"WebPage\",\"@id\":\"https:\\\/\\\/naturalpoland.com\\\/de\\\/produkte\\\/produkte-fur-die-kosmetikindustrie\\\/atherische-ole\\\/palmarosaoel\\\/\",\"url\":\"https:\\\/\\\/naturalpoland.com\\\/de\\\/produkte\\\/produkte-fur-die-kosmetikindustrie\\\/atherische-ole\\\/palmarosaoel\\\/\",\"name\":\"Palmarosa\u00f6l - Gro\u00dfhandelsvertrieb\",\"isPartOf\":{\"@id\":\"https:\\\/\\\/naturalpoland.com\\\/de\\\/#website\"},\"primaryImageOfPage\":{\"@id\":\"https:\\\/\\\/naturalpoland.com\\\/de\\\/produkte\\\/produkte-fur-die-kosmetikindustrie\\\/atherische-ole\\\/palmarosaoel\\\/#primaryimage\"},\"image\":{\"@id\":\"https:\\\/\\\/naturalpoland.com\\\/de\\\/produkte\\\/produkte-fur-die-kosmetikindustrie\\\/atherische-ole\\\/palmarosaoel\\\/#primaryimage\"},\"thumbnailUrl\":\"https:\\\/\\\/naturalpoland.com\\\/wp-content\\\/uploads\\\/palmarosa-oil.webp\",\"datePublished\":\"2026-02-05T12:56:04+00:00\",\"dateModified\":\"2026-02-13T12:54:07+00:00\",\"description\":\"Palmarosa\u00f6l (Cymbopogon martini oil) \u2013 ein nat\u00fcrlicher Duftstoff f\u00fcr Kosmetika und Parf\u00fcms. B2B-Rohstoff mit blumigem Aroma.\",\"breadcrumb\":{\"@id\":\"https:\\\/\\\/naturalpoland.com\\\/de\\\/produkte\\\/produkte-fur-die-kosmetikindustrie\\\/atherische-ole\\\/palmarosaoel\\\/#breadcrumb\"},\"inLanguage\":\"de\",\"potentialAction\":[{\"@type\":\"ReadAction\",\"target\":[\"https:\\\/\\\/naturalpoland.com\\\/de\\\/produkte\\\/produkte-fur-die-kosmetikindustrie\\\/atherische-ole\\\/palmarosaoel\\\/\"]}]},{\"@type\":\"ImageObject\",\"inLanguage\":\"de\",\"@id\":\"https:\\\/\\\/naturalpoland.com\\\/de\\\/produkte\\\/produkte-fur-die-kosmetikindustrie\\\/atherische-ole\\\/palmarosaoel\\\/#primaryimage\",\"url\":\"https:\\\/\\\/naturalpoland.com\\\/wp-content\\\/uploads\\\/palmarosa-oil.webp\",\"contentUrl\":\"https:\\\/\\\/naturalpoland.com\\\/wp-content\\\/uploads\\\/palmarosa-oil.webp\",\"width\":1024,\"height\":1024,\"caption\":\"Palmarosa\u00f6l\"},{\"@type\":\"BreadcrumbList\",\"@id\":\"https:\\\/\\\/naturalpoland.com\\\/de\\\/produkte\\\/produkte-fur-die-kosmetikindustrie\\\/atherische-ole\\\/palmarosaoel\\\/#breadcrumb\",\"itemListElement\":[{\"@type\":\"ListItem\",\"position\":1,\"name\":\"Startseite\",\"item\":\"https:\\\/\\\/naturalpoland.com\\\/de\\\/\"},{\"@type\":\"ListItem\",\"position\":2,\"name\":\"Produkte\",\"item\":\"https:\\\/\\\/naturalpoland.com\\\/de\\\/produkte\\\/\"},{\"@type\":\"ListItem\",\"position\":3,\"name\":\"Palmarosa\u00f6l\"}]},{\"@type\":\"WebSite\",\"@id\":\"https:\\\/\\\/naturalpoland.com\\\/de\\\/#website\",\"url\":\"https:\\\/\\\/naturalpoland.com\\\/de\\\/\",\"name\":\"NATURAL POLAND - IMPORT UND HANDEL VON ROHSTOFFEN\",\"description\":\"Rohstoffe f\u00fcr die Lebensmittelindustrie, Kosmetikindustrie, Pharmaindustrie\",\"publisher\":{\"@id\":\"https:\\\/\\\/naturalpoland.com\\\/de\\\/#organization\"},\"potentialAction\":[{\"@type\":\"SearchAction\",\"target\":{\"@type\":\"EntryPoint\",\"urlTemplate\":\"https:\\\/\\\/naturalpoland.com\\\/de\\\/?s={search_term_string}\"},\"query-input\":{\"@type\":\"PropertyValueSpecification\",\"valueRequired\":true,\"valueName\":\"search_term_string\"}}],\"inLanguage\":\"de\"},{\"@type\":\"Organization\",\"@id\":\"https:\\\/\\\/naturalpoland.com\\\/de\\\/#organization\",\"name\":\"Natural Poland\",\"url\":\"https:\\\/\\\/naturalpoland.com\\\/de\\\/\",\"logo\":{\"@type\":\"ImageObject\",\"inLanguage\":\"de\",\"@id\":\"https:\\\/\\\/naturalpoland.com\\\/de\\\/#\\\/schema\\\/logo\\\/image\\\/\",\"url\":\"https:\\\/\\\/naturalpoland.com\\\/wp-content\\\/uploads\\\/2021\\\/05\\\/natural-poland-icon.png\",\"contentUrl\":\"https:\\\/\\\/naturalpoland.com\\\/wp-content\\\/uploads\\\/2021\\\/05\\\/natural-poland-icon.png\",\"width\":512,\"height\":512,\"caption\":\"Natural Poland\"},\"image\":{\"@id\":\"https:\\\/\\\/naturalpoland.com\\\/de\\\/#\\\/schema\\\/logo\\\/image\\\/\"},\"sameAs\":[\"https:\\\/\\\/www.facebook.com\\\/naturalpoland.b2b\",\"https:\\\/\\\/pl.linkedin.com\\\/company\\\/natural-poland\",\"https:\\\/\\\/www.youtube.com\\\/channel\\\/UCgeGGkvOMahZo-xu_MSEWxg\"]}]}<\/script>\n<!-- \/ Yoast SEO plugin. -->","yoast_head_json":{"title":"Palmarosa\u00f6l - Gro\u00dfhandelsvertrieb","description":"Palmarosa\u00f6l (Cymbopogon martini oil) \u2013 ein nat\u00fcrlicher Duftstoff f\u00fcr Kosmetika und Parf\u00fcms. B2B-Rohstoff mit blumigem Aroma.","robots":{"index":"index","follow":"follow","max-snippet":"max-snippet:-1","max-image-preview":"max-image-preview:large","max-video-preview":"max-video-preview:-1"},"canonical":"https:\/\/naturalpoland.com\/de\/produkte\/produkte-fur-die-kosmetikindustrie\/atherische-ole\/palmarosaoel\/","og_locale":"de_DE","og_type":"article","og_title":"Palmarosa\u00f6l - Gro\u00dfhandelsvertrieb","og_description":"Palmarosa\u00f6l (Cymbopogon martini oil) \u2013 ein nat\u00fcrlicher Duftstoff f\u00fcr Kosmetika und Parf\u00fcms. B2B-Rohstoff mit blumigem Aroma.","og_url":"https:\/\/naturalpoland.com\/de\/produkte\/produkte-fur-die-kosmetikindustrie\/atherische-ole\/palmarosaoel\/","og_site_name":"NATURAL POLAND - IMPORT UND HANDEL VON ROHSTOFFEN","article_publisher":"https:\/\/www.facebook.com\/naturalpoland.b2b","article_modified_time":"2026-02-13T12:54:07+00:00","og_image":[{"width":1024,"height":1024,"url":"https:\/\/naturalpoland.com\/wp-content\/uploads\/palmarosa-oil.webp","type":"image\/webp"}],"schema":{"@context":"https:\/\/schema.org","@graph":[{"@type":"WebPage","@id":"https:\/\/naturalpoland.com\/de\/produkte\/produkte-fur-die-kosmetikindustrie\/atherische-ole\/palmarosaoel\/","url":"https:\/\/naturalpoland.com\/de\/produkte\/produkte-fur-die-kosmetikindustrie\/atherische-ole\/palmarosaoel\/","name":"Palmarosa\u00f6l - Gro\u00dfhandelsvertrieb","isPartOf":{"@id":"https:\/\/naturalpoland.com\/de\/#website"},"primaryImageOfPage":{"@id":"https:\/\/naturalpoland.com\/de\/produkte\/produkte-fur-die-kosmetikindustrie\/atherische-ole\/palmarosaoel\/#primaryimage"},"image":{"@id":"https:\/\/naturalpoland.com\/de\/produkte\/produkte-fur-die-kosmetikindustrie\/atherische-ole\/palmarosaoel\/#primaryimage"},"thumbnailUrl":"https:\/\/naturalpoland.com\/wp-content\/uploads\/palmarosa-oil.webp","datePublished":"2026-02-05T12:56:04+00:00","dateModified":"2026-02-13T12:54:07+00:00","description":"Palmarosa\u00f6l (Cymbopogon martini oil) \u2013 ein nat\u00fcrlicher Duftstoff f\u00fcr Kosmetika und Parf\u00fcms. B2B-Rohstoff mit blumigem Aroma.","breadcrumb":{"@id":"https:\/\/naturalpoland.com\/de\/produkte\/produkte-fur-die-kosmetikindustrie\/atherische-ole\/palmarosaoel\/#breadcrumb"},"inLanguage":"de","potentialAction":[{"@type":"ReadAction","target":["https:\/\/naturalpoland.com\/de\/produkte\/produkte-fur-die-kosmetikindustrie\/atherische-ole\/palmarosaoel\/"]}]},{"@type":"ImageObject","inLanguage":"de","@id":"https:\/\/naturalpoland.com\/de\/produkte\/produkte-fur-die-kosmetikindustrie\/atherische-ole\/palmarosaoel\/#primaryimage","url":"https:\/\/naturalpoland.com\/wp-content\/uploads\/palmarosa-oil.webp","contentUrl":"https:\/\/naturalpoland.com\/wp-content\/uploads\/palmarosa-oil.webp","width":1024,"height":1024,"caption":"Palmarosa\u00f6l"},{"@type":"BreadcrumbList","@id":"https:\/\/naturalpoland.com\/de\/produkte\/produkte-fur-die-kosmetikindustrie\/atherische-ole\/palmarosaoel\/#breadcrumb","itemListElement":[{"@type":"ListItem","position":1,"name":"Startseite","item":"https:\/\/naturalpoland.com\/de\/"},{"@type":"ListItem","position":2,"name":"Produkte","item":"https:\/\/naturalpoland.com\/de\/produkte\/"},{"@type":"ListItem","position":3,"name":"Palmarosa\u00f6l"}]},{"@type":"WebSite","@id":"https:\/\/naturalpoland.com\/de\/#website","url":"https:\/\/naturalpoland.com\/de\/","name":"NATURAL POLAND - IMPORT UND HANDEL VON ROHSTOFFEN","description":"Rohstoffe f\u00fcr die Lebensmittelindustrie, Kosmetikindustrie, Pharmaindustrie","publisher":{"@id":"https:\/\/naturalpoland.com\/de\/#organization"},"potentialAction":[{"@type":"SearchAction","target":{"@type":"EntryPoint","urlTemplate":"https:\/\/naturalpoland.com\/de\/?s={search_term_string}"},"query-input":{"@type":"PropertyValueSpecification","valueRequired":true,"valueName":"search_term_string"}}],"inLanguage":"de"},{"@type":"Organization","@id":"https:\/\/naturalpoland.com\/de\/#organization","name":"Natural Poland","url":"https:\/\/naturalpoland.com\/de\/","logo":{"@type":"ImageObject","inLanguage":"de","@id":"https:\/\/naturalpoland.com\/de\/#\/schema\/logo\/image\/","url":"https:\/\/naturalpoland.com\/wp-content\/uploads\/2021\/05\/natural-poland-icon.png","contentUrl":"https:\/\/naturalpoland.com\/wp-content\/uploads\/2021\/05\/natural-poland-icon.png","width":512,"height":512,"caption":"Natural Poland"},"image":{"@id":"https:\/\/naturalpoland.com\/de\/#\/schema\/logo\/image\/"},"sameAs":["https:\/\/www.facebook.com\/naturalpoland.b2b","https:\/\/pl.linkedin.com\/company\/natural-poland","https:\/\/www.youtube.com\/channel\/UCgeGGkvOMahZo-xu_MSEWxg"]}]}},"_links":{"self":[{"href":"https:\/\/naturalpoland.com\/de\/wp-json\/wp\/v2\/product\/45881","targetHints":{"allow":["GET"]}}],"collection":[{"href":"https:\/\/naturalpoland.com\/de\/wp-json\/wp\/v2\/product"}],"about":[{"href":"https:\/\/naturalpoland.com\/de\/wp-json\/wp\/v2\/types\/product"}],"wp:featuredmedia":[{"embeddable":true,"href":"https:\/\/naturalpoland.com\/de\/wp-json\/wp\/v2\/media\/45884"}],"wp:attachment":[{"href":"https:\/\/naturalpoland.com\/de\/wp-json\/wp\/v2\/media?parent=45881"}],"wp:term":[{"taxonomy":"product_brand","embeddable":true,"href":"https:\/\/naturalpoland.com\/de\/wp-json\/wp\/v2\/product_brand?post=45881"},{"taxonomy":"product_cat","embeddable":true,"href":"https:\/\/naturalpoland.com\/de\/wp-json\/wp\/v2\/product_cat?post=45881"},{"taxonomy":"product_tag","embeddable":true,"href":"https:\/\/naturalpoland.com\/de\/wp-json\/wp\/v2\/product_tag?post=45881"}],"curies":[{"name":"wp","href":"https:\/\/api.w.org\/{rel}","templated":true}]}}