{"id":46022,"date":"2026-02-17T15:17:18","date_gmt":"2026-02-17T14:17:18","guid":{"rendered":"https:\/\/naturalpoland.com\/produkty\/unkategorisiert\/colostrum-bovinum-bovines-kolostrum\/"},"modified":"2026-02-19T12:30:42","modified_gmt":"2026-02-19T11:30:42","slug":"colostrum-bovinum-bovines-kolostrum","status":"publish","type":"product","link":"https:\/\/naturalpoland.com\/de\/produkte\/produkte-fur-die-pharmaindustrie\/nahrungserganzungmittel\/colostrum-bovinum-bovines-kolostrum\/","title":{"rendered":"Colostrum Bovinum (Bovines Kolostrum)"},"content":{"rendered":"<p>Colostrum Bovinum wird ausschlie\u00dflich aus polnischen Betrieben bezogen, die einer st\u00e4ndigen veterin\u00e4rmedizinischen \u00dcberwachung unterliegen. Der Rohstoff stammt aus den ersten Stunden nach dem Kalben, gem\u00e4\u00df den geltenden EU-Vorschriften und Tierschutzgrunds\u00e4tzen. Jede Charge wird einer detaillierten Qualit\u00e4tskontrolle und mikrobiologischen Untersuchung unterzogen.  <\/p>\n<h2>Eigenschaften von Kolostrum:<\/h2>\n<p>Colostrum Bovinum ist ein nat\u00fcrlicher, biologisch aktiver Rohstoff mit einer hohen Konzentration an Immunglobulinen, einschlie\u00dflich IgG, standardisiert auf \u00fcber 30%. Es zeichnet sich durch einen hohen Proteingehalt bei gleichzeitig geringem Fettgehalt aus. Dank des Vorhandenseins bioaktiver Proteine, Peptide, <a href=\"https:\/\/naturalpoland.com\/de\/produkte\/produkte-fur-die-pharmaindustrie\/nahrungserganzungmittel\/lactoferrin\/\">Lactoferrin<\/a> und nat\u00fcrlicher Wachstumsfaktoren ist es ein Inhaltsstoff von hohem funktionellem Wert.  <\/p>\n<p>Der Rohstoff ist wasserl\u00f6slich, zeigt eine gute Stabilit\u00e4t unter Standardlagerbedingungen und erf\u00fcllt die Qualit\u00e4tsanforderungen f\u00fcr Rohstoffe in Lebensmittelqualit\u00e4t. Er ist GMO-frei. Er kann in vegetarischen Di\u00e4ten verwendet werden, ist jedoch aufgrund seines Milchursprungs nicht f\u00fcr Veganer geeignet.  <\/p>\n<p>Die Produktion erfolgt in einer Anlage, die nach BRCGS Global Standard for Food Safety (AA-Level), IFS Broker (Higher Level) zertifiziert ist und \u00fcber ein implementiertes HACCP-System verf\u00fcgt. Die Anlage besitzt zudem ein ISO 14001:2015 Zertifikat und eine Halal-Zertifizierung. <\/p>\n<h2>Anwendung von Kolostrum:<\/h2>\n<p>Colostrum Bovinum wird in Nahrungserg\u00e4nzungsmitteln und funktionellen Lebensmitteln eingesetzt. Dieser Rohstoff unterst\u00fctzt die <strong>nat\u00fcrlichen Abwehrmechanismen des K\u00f6rpers<\/strong> und die <strong>ordnungsgem\u00e4\u00dfe Funktion des Verdauungstrakts<\/strong>. Dank des hohen Gehalts an bioaktiven Proteinfraktionen wird es gerne in Produkten f\u00fcr k\u00f6rperlich aktive Personen sowie in regenerativen Formulierungen verwendet.  <\/p>\n<p>In der Kosmetikindustrie wird Kolostrum in Pr\u00e4paraten eingesetzt, die die Hautregeneration, die Verbesserung ihrer Elastizit\u00e4t und den Wiederaufbau der Hydrolipidbarriere unterst\u00fctzen. Es bew\u00e4hrt sich in Dermokosmetika f\u00fcr die Pflege empfindlicher, trockener und reifer Haut sowie in Formulierungen mit beruhigender und erneuerungsf\u00f6rdernder Wirkung. <\/p>\n","protected":false},"excerpt":{"rendered":"<p><strong>Colostrum Bovinum<\/strong> ist ein hochwertiges <strong>bovines Kolostrumpulver<\/strong>, bestimmt f\u00fcr Anwendungen in der Nahrungserg\u00e4nzungsmittel-, Lebensmittel-, Kosmetik- und Tierfutterindustrie. Das Produkt ist auf einen Immunglobulingehalt von \u00fcber 30% IgG standardisiert, bei hohem Proteingehalt (ca. 60%) und geringem Fettgehalt. <\/p>\n","protected":false},"featured_media":46023,"template":"","meta":[],"product_brand":[],"product_cat":[373],"product_tag":[],"class_list":{"0":"post-46022","1":"product","2":"type-product","3":"status-publish","4":"has-post-thumbnail","6":"product_cat-nahrungserganzungmittel","8":"first","9":"instock","10":"shipping-taxable","11":"product-type-simple"},"yoast_head":"<!-- This site is optimized with the Yoast SEO plugin v27.3 - https:\/\/yoast.com\/product\/yoast-seo-wordpress\/ -->\n<title>Colostrum Bovinum (Bovines Kolostrum) - Gro\u00dfhandelsvertrieb<\/title>\n<meta name=\"description\" content=\"Colostrum Bovinum \u2013 hochwertiges bovines Kolostrumpulver, standardisiert auf IgG &gt;30%. Food-Grade-Rohstoff f\u00fcr Nahrungserg\u00e4nzungsmittel, Lebensmittel und Kosmetika\" \/>\n<meta name=\"robots\" content=\"index, follow, max-snippet:-1, max-image-preview:large, max-video-preview:-1\" \/>\n<link rel=\"canonical\" href=\"https:\/\/naturalpoland.com\/de\/produkte\/produkte-fur-die-pharmaindustrie\/nahrungserganzungmittel\/colostrum-bovinum-bovines-kolostrum\/\" \/>\n<meta property=\"og:locale\" content=\"de_DE\" \/>\n<meta property=\"og:type\" content=\"article\" \/>\n<meta property=\"og:title\" content=\"Colostrum Bovinum (Bovines Kolostrum) - Gro\u00dfhandelsvertrieb\" \/>\n<meta property=\"og:description\" content=\"Colostrum Bovinum \u2013 hochwertiges bovines Kolostrumpulver, standardisiert auf IgG &gt;30%. Food-Grade-Rohstoff f\u00fcr Nahrungserg\u00e4nzungsmittel, Lebensmittel und Kosmetika\" \/>\n<meta property=\"og:url\" content=\"https:\/\/naturalpoland.com\/de\/produkte\/produkte-fur-die-pharmaindustrie\/nahrungserganzungmittel\/colostrum-bovinum-bovines-kolostrum\/\" \/>\n<meta property=\"og:site_name\" content=\"NATURAL POLAND - IMPORT UND HANDEL VON ROHSTOFFEN\" \/>\n<meta property=\"article:publisher\" content=\"https:\/\/www.facebook.com\/naturalpoland.b2b\" \/>\n<meta property=\"article:modified_time\" content=\"2026-02-19T11:30:42+00:00\" \/>\n<meta property=\"og:image\" content=\"https:\/\/naturalpoland.com\/wp-content\/uploads\/kolostrum-2.webp\" \/>\n\t<meta property=\"og:image:width\" content=\"1024\" \/>\n\t<meta property=\"og:image:height\" content=\"1024\" \/>\n\t<meta property=\"og:image:type\" content=\"image\/webp\" \/>\n<script type=\"application\/ld+json\" class=\"yoast-schema-graph\">{\"@context\":\"https:\\\/\\\/schema.org\",\"@graph\":[{\"@type\":\"WebPage\",\"@id\":\"https:\\\/\\\/naturalpoland.com\\\/de\\\/produkte\\\/produkte-fur-die-pharmaindustrie\\\/nahrungserganzungmittel\\\/colostrum-bovinum-bovines-kolostrum\\\/\",\"url\":\"https:\\\/\\\/naturalpoland.com\\\/de\\\/produkte\\\/produkte-fur-die-pharmaindustrie\\\/nahrungserganzungmittel\\\/colostrum-bovinum-bovines-kolostrum\\\/\",\"name\":\"Colostrum Bovinum (Bovines Kolostrum) - Gro\u00dfhandelsvertrieb\",\"isPartOf\":{\"@id\":\"https:\\\/\\\/naturalpoland.com\\\/de\\\/#website\"},\"primaryImageOfPage\":{\"@id\":\"https:\\\/\\\/naturalpoland.com\\\/de\\\/produkte\\\/produkte-fur-die-pharmaindustrie\\\/nahrungserganzungmittel\\\/colostrum-bovinum-bovines-kolostrum\\\/#primaryimage\"},\"image\":{\"@id\":\"https:\\\/\\\/naturalpoland.com\\\/de\\\/produkte\\\/produkte-fur-die-pharmaindustrie\\\/nahrungserganzungmittel\\\/colostrum-bovinum-bovines-kolostrum\\\/#primaryimage\"},\"thumbnailUrl\":\"https:\\\/\\\/naturalpoland.com\\\/wp-content\\\/uploads\\\/kolostrum-2.webp\",\"datePublished\":\"2026-02-17T14:17:18+00:00\",\"dateModified\":\"2026-02-19T11:30:42+00:00\",\"description\":\"Colostrum Bovinum \u2013 hochwertiges bovines Kolostrumpulver, standardisiert auf IgG >30%. Food-Grade-Rohstoff f\u00fcr Nahrungserg\u00e4nzungsmittel, Lebensmittel und Kosmetika\",\"breadcrumb\":{\"@id\":\"https:\\\/\\\/naturalpoland.com\\\/de\\\/produkte\\\/produkte-fur-die-pharmaindustrie\\\/nahrungserganzungmittel\\\/colostrum-bovinum-bovines-kolostrum\\\/#breadcrumb\"},\"inLanguage\":\"de\",\"potentialAction\":[{\"@type\":\"ReadAction\",\"target\":[\"https:\\\/\\\/naturalpoland.com\\\/de\\\/produkte\\\/produkte-fur-die-pharmaindustrie\\\/nahrungserganzungmittel\\\/colostrum-bovinum-bovines-kolostrum\\\/\"]}]},{\"@type\":\"ImageObject\",\"inLanguage\":\"de\",\"@id\":\"https:\\\/\\\/naturalpoland.com\\\/de\\\/produkte\\\/produkte-fur-die-pharmaindustrie\\\/nahrungserganzungmittel\\\/colostrum-bovinum-bovines-kolostrum\\\/#primaryimage\",\"url\":\"https:\\\/\\\/naturalpoland.com\\\/wp-content\\\/uploads\\\/kolostrum-2.webp\",\"contentUrl\":\"https:\\\/\\\/naturalpoland.com\\\/wp-content\\\/uploads\\\/kolostrum-2.webp\",\"width\":1024,\"height\":1024,\"caption\":\"Colostrum Bovinum\"},{\"@type\":\"BreadcrumbList\",\"@id\":\"https:\\\/\\\/naturalpoland.com\\\/de\\\/produkte\\\/produkte-fur-die-pharmaindustrie\\\/nahrungserganzungmittel\\\/colostrum-bovinum-bovines-kolostrum\\\/#breadcrumb\",\"itemListElement\":[{\"@type\":\"ListItem\",\"position\":1,\"name\":\"Startseite\",\"item\":\"https:\\\/\\\/naturalpoland.com\\\/de\\\/\"},{\"@type\":\"ListItem\",\"position\":2,\"name\":\"Produkte\",\"item\":\"https:\\\/\\\/naturalpoland.com\\\/de\\\/produkte\\\/\"},{\"@type\":\"ListItem\",\"position\":3,\"name\":\"Colostrum Bovinum (Bovines Kolostrum)\"}]},{\"@type\":\"WebSite\",\"@id\":\"https:\\\/\\\/naturalpoland.com\\\/de\\\/#website\",\"url\":\"https:\\\/\\\/naturalpoland.com\\\/de\\\/\",\"name\":\"NATURAL POLAND - IMPORT UND HANDEL VON ROHSTOFFEN\",\"description\":\"Rohstoffe f\u00fcr die Lebensmittelindustrie, Kosmetikindustrie, Pharmaindustrie\",\"publisher\":{\"@id\":\"https:\\\/\\\/naturalpoland.com\\\/de\\\/#organization\"},\"potentialAction\":[{\"@type\":\"SearchAction\",\"target\":{\"@type\":\"EntryPoint\",\"urlTemplate\":\"https:\\\/\\\/naturalpoland.com\\\/de\\\/?s={search_term_string}\"},\"query-input\":{\"@type\":\"PropertyValueSpecification\",\"valueRequired\":true,\"valueName\":\"search_term_string\"}}],\"inLanguage\":\"de\"},{\"@type\":\"Organization\",\"@id\":\"https:\\\/\\\/naturalpoland.com\\\/de\\\/#organization\",\"name\":\"Natural Poland\",\"url\":\"https:\\\/\\\/naturalpoland.com\\\/de\\\/\",\"logo\":{\"@type\":\"ImageObject\",\"inLanguage\":\"de\",\"@id\":\"https:\\\/\\\/naturalpoland.com\\\/de\\\/#\\\/schema\\\/logo\\\/image\\\/\",\"url\":\"https:\\\/\\\/naturalpoland.com\\\/wp-content\\\/uploads\\\/2021\\\/05\\\/natural-poland-icon.png\",\"contentUrl\":\"https:\\\/\\\/naturalpoland.com\\\/wp-content\\\/uploads\\\/2021\\\/05\\\/natural-poland-icon.png\",\"width\":512,\"height\":512,\"caption\":\"Natural Poland\"},\"image\":{\"@id\":\"https:\\\/\\\/naturalpoland.com\\\/de\\\/#\\\/schema\\\/logo\\\/image\\\/\"},\"sameAs\":[\"https:\\\/\\\/www.facebook.com\\\/naturalpoland.b2b\",\"https:\\\/\\\/pl.linkedin.com\\\/company\\\/natural-poland\",\"https:\\\/\\\/www.youtube.com\\\/channel\\\/UCgeGGkvOMahZo-xu_MSEWxg\"]}]}<\/script>\n<!-- \/ Yoast SEO plugin. -->","yoast_head_json":{"title":"Colostrum Bovinum (Bovines Kolostrum) - Gro\u00dfhandelsvertrieb","description":"Colostrum Bovinum \u2013 hochwertiges bovines Kolostrumpulver, standardisiert auf IgG >30%. Food-Grade-Rohstoff f\u00fcr Nahrungserg\u00e4nzungsmittel, Lebensmittel und Kosmetika","robots":{"index":"index","follow":"follow","max-snippet":"max-snippet:-1","max-image-preview":"max-image-preview:large","max-video-preview":"max-video-preview:-1"},"canonical":"https:\/\/naturalpoland.com\/de\/produkte\/produkte-fur-die-pharmaindustrie\/nahrungserganzungmittel\/colostrum-bovinum-bovines-kolostrum\/","og_locale":"de_DE","og_type":"article","og_title":"Colostrum Bovinum (Bovines Kolostrum) - Gro\u00dfhandelsvertrieb","og_description":"Colostrum Bovinum \u2013 hochwertiges bovines Kolostrumpulver, standardisiert auf IgG >30%. Food-Grade-Rohstoff f\u00fcr Nahrungserg\u00e4nzungsmittel, Lebensmittel und Kosmetika","og_url":"https:\/\/naturalpoland.com\/de\/produkte\/produkte-fur-die-pharmaindustrie\/nahrungserganzungmittel\/colostrum-bovinum-bovines-kolostrum\/","og_site_name":"NATURAL POLAND - IMPORT UND HANDEL VON ROHSTOFFEN","article_publisher":"https:\/\/www.facebook.com\/naturalpoland.b2b","article_modified_time":"2026-02-19T11:30:42+00:00","og_image":[{"width":1024,"height":1024,"url":"https:\/\/naturalpoland.com\/wp-content\/uploads\/kolostrum-2.webp","type":"image\/webp"}],"schema":{"@context":"https:\/\/schema.org","@graph":[{"@type":"WebPage","@id":"https:\/\/naturalpoland.com\/de\/produkte\/produkte-fur-die-pharmaindustrie\/nahrungserganzungmittel\/colostrum-bovinum-bovines-kolostrum\/","url":"https:\/\/naturalpoland.com\/de\/produkte\/produkte-fur-die-pharmaindustrie\/nahrungserganzungmittel\/colostrum-bovinum-bovines-kolostrum\/","name":"Colostrum Bovinum (Bovines Kolostrum) - Gro\u00dfhandelsvertrieb","isPartOf":{"@id":"https:\/\/naturalpoland.com\/de\/#website"},"primaryImageOfPage":{"@id":"https:\/\/naturalpoland.com\/de\/produkte\/produkte-fur-die-pharmaindustrie\/nahrungserganzungmittel\/colostrum-bovinum-bovines-kolostrum\/#primaryimage"},"image":{"@id":"https:\/\/naturalpoland.com\/de\/produkte\/produkte-fur-die-pharmaindustrie\/nahrungserganzungmittel\/colostrum-bovinum-bovines-kolostrum\/#primaryimage"},"thumbnailUrl":"https:\/\/naturalpoland.com\/wp-content\/uploads\/kolostrum-2.webp","datePublished":"2026-02-17T14:17:18+00:00","dateModified":"2026-02-19T11:30:42+00:00","description":"Colostrum Bovinum \u2013 hochwertiges bovines Kolostrumpulver, standardisiert auf IgG >30%. Food-Grade-Rohstoff f\u00fcr Nahrungserg\u00e4nzungsmittel, Lebensmittel und Kosmetika","breadcrumb":{"@id":"https:\/\/naturalpoland.com\/de\/produkte\/produkte-fur-die-pharmaindustrie\/nahrungserganzungmittel\/colostrum-bovinum-bovines-kolostrum\/#breadcrumb"},"inLanguage":"de","potentialAction":[{"@type":"ReadAction","target":["https:\/\/naturalpoland.com\/de\/produkte\/produkte-fur-die-pharmaindustrie\/nahrungserganzungmittel\/colostrum-bovinum-bovines-kolostrum\/"]}]},{"@type":"ImageObject","inLanguage":"de","@id":"https:\/\/naturalpoland.com\/de\/produkte\/produkte-fur-die-pharmaindustrie\/nahrungserganzungmittel\/colostrum-bovinum-bovines-kolostrum\/#primaryimage","url":"https:\/\/naturalpoland.com\/wp-content\/uploads\/kolostrum-2.webp","contentUrl":"https:\/\/naturalpoland.com\/wp-content\/uploads\/kolostrum-2.webp","width":1024,"height":1024,"caption":"Colostrum Bovinum"},{"@type":"BreadcrumbList","@id":"https:\/\/naturalpoland.com\/de\/produkte\/produkte-fur-die-pharmaindustrie\/nahrungserganzungmittel\/colostrum-bovinum-bovines-kolostrum\/#breadcrumb","itemListElement":[{"@type":"ListItem","position":1,"name":"Startseite","item":"https:\/\/naturalpoland.com\/de\/"},{"@type":"ListItem","position":2,"name":"Produkte","item":"https:\/\/naturalpoland.com\/de\/produkte\/"},{"@type":"ListItem","position":3,"name":"Colostrum Bovinum (Bovines Kolostrum)"}]},{"@type":"WebSite","@id":"https:\/\/naturalpoland.com\/de\/#website","url":"https:\/\/naturalpoland.com\/de\/","name":"NATURAL POLAND - IMPORT UND HANDEL VON ROHSTOFFEN","description":"Rohstoffe f\u00fcr die Lebensmittelindustrie, Kosmetikindustrie, Pharmaindustrie","publisher":{"@id":"https:\/\/naturalpoland.com\/de\/#organization"},"potentialAction":[{"@type":"SearchAction","target":{"@type":"EntryPoint","urlTemplate":"https:\/\/naturalpoland.com\/de\/?s={search_term_string}"},"query-input":{"@type":"PropertyValueSpecification","valueRequired":true,"valueName":"search_term_string"}}],"inLanguage":"de"},{"@type":"Organization","@id":"https:\/\/naturalpoland.com\/de\/#organization","name":"Natural Poland","url":"https:\/\/naturalpoland.com\/de\/","logo":{"@type":"ImageObject","inLanguage":"de","@id":"https:\/\/naturalpoland.com\/de\/#\/schema\/logo\/image\/","url":"https:\/\/naturalpoland.com\/wp-content\/uploads\/2021\/05\/natural-poland-icon.png","contentUrl":"https:\/\/naturalpoland.com\/wp-content\/uploads\/2021\/05\/natural-poland-icon.png","width":512,"height":512,"caption":"Natural Poland"},"image":{"@id":"https:\/\/naturalpoland.com\/de\/#\/schema\/logo\/image\/"},"sameAs":["https:\/\/www.facebook.com\/naturalpoland.b2b","https:\/\/pl.linkedin.com\/company\/natural-poland","https:\/\/www.youtube.com\/channel\/UCgeGGkvOMahZo-xu_MSEWxg"]}]}},"_links":{"self":[{"href":"https:\/\/naturalpoland.com\/de\/wp-json\/wp\/v2\/product\/46022","targetHints":{"allow":["GET"]}}],"collection":[{"href":"https:\/\/naturalpoland.com\/de\/wp-json\/wp\/v2\/product"}],"about":[{"href":"https:\/\/naturalpoland.com\/de\/wp-json\/wp\/v2\/types\/product"}],"wp:featuredmedia":[{"embeddable":true,"href":"https:\/\/naturalpoland.com\/de\/wp-json\/wp\/v2\/media\/46023"}],"wp:attachment":[{"href":"https:\/\/naturalpoland.com\/de\/wp-json\/wp\/v2\/media?parent=46022"}],"wp:term":[{"taxonomy":"product_brand","embeddable":true,"href":"https:\/\/naturalpoland.com\/de\/wp-json\/wp\/v2\/product_brand?post=46022"},{"taxonomy":"product_cat","embeddable":true,"href":"https:\/\/naturalpoland.com\/de\/wp-json\/wp\/v2\/product_cat?post=46022"},{"taxonomy":"product_tag","embeddable":true,"href":"https:\/\/naturalpoland.com\/de\/wp-json\/wp\/v2\/product_tag?post=46022"}],"curies":[{"name":"wp","href":"https:\/\/api.w.org\/{rel}","templated":true}]}}