{"id":4620,"date":"2021-05-11T13:44:59","date_gmt":"2021-05-11T11:44:59","guid":{"rendered":"https:\/\/naturalpoland.pl\/produkty\/unkategorisiert\/natriumhyaluronat\/"},"modified":"2026-02-05T12:09:58","modified_gmt":"2026-02-05T11:09:58","slug":"natriumhyaluronat","status":"publish","type":"product","link":"https:\/\/naturalpoland.com\/de\/produkte\/produkte-fur-die-kosmetikindustrie\/rohstoffe-fur-kosmetika\/natriumhyaluronat\/","title":{"rendered":"Natriumhyaluronat"},"content":{"rendered":"<p>Natriumhyaluronat ist aufgrund seiner einzigartigen <strong>wasserbindenden Eigenschaften<\/strong>, die der Haut Feuchtigkeit und Festigkeit verleihen, ein Bestandteil vieler kosmetischer und medizinischer Produkte. Seine Verwendungsm\u00f6glichkeiten sind vielf\u00e4ltig. Wenn Sie die verschiedenen Formen von Natriumhyaluronat kennen, k\u00f6nnen Sie das beste Produkt f\u00fcr Ihre speziellen Bed\u00fcrfnisse ausw\u00e4hlen. <\/p>\n<h2>Erh\u00e4ltliche Formen von Natriumhyaluronat:<\/h2>\n<p><strong>LMW (Niedermolekulares Gewicht):<\/strong><\/p>\n<ul>\n<li>LMW1: 8K Da-20K Da<\/li>\n<li>LMW2: 20K Da-50K Da<\/li>\n<li>LMW3: 50K Da-100K Da<\/li>\n<\/ul>\n<p>Diese Molek\u00fcle sind kleiner, so dass sie leichter tiefer in die Haut eindringen, intensive Feuchtigkeit spenden und die k\u00f6rpereigene Hyalurons\u00e4ureproduktion anregen k\u00f6nnen.<\/p>\n<p><strong>CLMW (Cross-linked Low Molecular Weight):<\/strong><\/p>\n<ul>\n<li>100K~500K Da<\/li>\n<\/ul>\n<p>Es schafft st\u00e4rkere und haltbarere molekulare Netzwerke, die die Feuchtigkeit l\u00e4nger in der Haut halten und eine lang anhaltende feuchtigkeitsspendende Wirkung haben.<\/p>\n<p><strong>CMMW (mittleres Molekulargewicht):<\/strong><\/p>\n<ul>\n<li>0.5M~0.8M Da<\/li>\n<\/ul>\n<p>Die ideale Balance zwischen Penetration und langanhaltender Feuchtigkeitszufuhr, die die Elastizit\u00e4t der Haut und ihre Regenerationsf\u00e4higkeit f\u00f6rdert.<\/p>\n<p><strong>MMW (mittleres bis hohes Molekulargewicht):<\/strong><\/p>\n<ul>\n<li>0.8M~1.5M Da<\/li>\n<\/ul>\n<p>Konzentrierte Wirkung auf der Hautoberfl\u00e4che, die eine Schutzbarriere gegen sch\u00e4dliche \u00e4u\u00dfere Einfl\u00fcsse bildet.<\/p>\n<p><strong>CHMW (Cross-linked High Molecular Weight):<\/strong><\/p>\n<ul>\n<li>1.5M~1.8M Da<\/li>\n<\/ul>\n<p>Es bietet au\u00dfergew\u00f6hnliche viskoelastische Eigenschaften, die besonders bei orthop\u00e4dischen und ophthalmischen Produkten von Vorteil sind.<\/p>\n<p><strong>HMW (hohes Molekulargewicht):<\/strong><\/p>\n<ul>\n<li>1.8M~3.0M Da<\/li>\n<\/ul>\n<p>Es bietet den gr\u00f6\u00dften Schutz und die st\u00e4rksten filmbildenden Eigenschaften, ideal f\u00fcr die Anwendung auf sehr trockener und gesch\u00e4digter Haut.<\/p>\n<h2>Verwendung von Natriumhyaluronat:<\/h2>\n<ol>\n<li><strong>Kosmetika:<\/strong>\n<ul>\n<li>Als Zusatz zu Cremes, Lotionen, Seren und Masken spendet Natriumhyaluronat intensiv Feuchtigkeit, gl\u00e4ttet und verbessert den Gesamtzustand der Haut.<\/li>\n<li>Es wird auch in Anti-Aging-Produkten verwendet und hilft, feine Linien und F\u00e4ltchen zu reduzieren.<\/li>\n<\/ul>\n<\/li>\n<li><strong>\u00c4sthetische Medizin und Orthop\u00e4die:<\/strong>\n<ul>\n<li>Als Bestandteil von Formulierungen zur Entlastung der Gelenke.<\/li>\n<li>Dank seiner viskoelastischen Eigenschaften wird es auch in der Augenchirurgie und bei der Behandlung von rheumatischen Erkrankungen eingesetzt.<\/li>\n<\/ul>\n<\/li>\n<li><strong>Pharmazeutische Anwendungen:<\/strong>\n<ul>\n<li>In Augenpr\u00e4paraten und Wundheilungsprodukten.<\/li>\n<\/ul>\n<\/li>\n<\/ol>\n<p>Natriumhyaluronat ist aufgrund seiner vielseitigen Wirkung nicht nur ein wirksamer kosmetischer Inhaltsstoff, sondern auch eine wertvolle Verbindung in der Medizin. Produkte mit unterschiedlichen Molekulargewichten erm\u00f6glichen es, die Wirkung an spezifische Bed\u00fcrfnisse anzupassen und sowohl sofortige Feuchtigkeit als auch langanhaltende Anti-Aging-Effekte zu gew\u00e4hrleisten. <\/p>\n<p>Siehe auch: <strong><a href=\"https:\/\/naturalpoland.com\/de\/produkte\/produkte-fur-die-kosmetikindustrie\/rohstoffe-fur-kosmetika\/hyaluronsaeure-loesung-1\/\">Hyalurons\u00e4urel\u00f6sung (Hyalurongel) \u2013 Verf\u00fcgbare Konzentrationen: 1 %, 1,5 %, 3 %, 5 %, 7 %.<\/a><\/strong><\/p>\n<p>&nbsp;<\/p>\n<h2>Natriumhyaluronat in Lebensmittelqualit\u00e4t (Food Grade MMW)<\/h2>\n<p>Natriumhyaluronat in Lebensmittelqualit\u00e4t hat ein mittleres Molekulargewicht von 0,8\u20131,5 MDa. Es wird durch Fermentation von <em>Streptococcus zooepidemicus<\/em> gewonnen und ist ein Salz der Hyalurons\u00e4ure. <\/p>\n<p>Es zeichnet sich durch ausgezeichnete Wasserl\u00f6slichkeit, Geruchlosigkeit und eine sehr hohe Transparenz der L\u00f6sung aus. Es enth\u00e4lt mindestens 95 % reines Natriumhyaluronat und mindestens 46 % Glucurons\u00e4ure, die als biologisch aktive Schl\u00fcsselkomponenten gelten. Es weist eine hohe thermische Stabilit\u00e4t auf, ist GMO-frei, nicht tierischen Ursprungs und entspricht den Anforderungen f\u00fcr Veganer und Vegetarier.  <\/p>\n<p><strong data-start=\"182\" data-end=\"237\">Hyalurons\u00e4ure in Lebensmittelqualit\u00e4t (als Natriumsalz)<\/strong> wird in Nahrungserg\u00e4nzungsmitteln, Nutrazeutika und gesunden Lebensmitteln verwendet. Nach der Einnahme kann es den Hyalurons\u00e4urespiegel im K\u00f6rper erh\u00f6hen und sich positiv auf die Hautfeuchtigkeit, -elastizit\u00e4t und -geschmeidigkeit auswirken. Es wirkt auch sch\u00fctzend auf die Gelenke, verz\u00f6gert Alterungsprozesse, unterst\u00fctzt die Pr\u00e4vention von Arteriosklerose und kann neuroprotektive Eigenschaften aufweisen. Die orale Anwendung f\u00f6rdert zudem die Funktionen des Herz-Kreislauf-Systems und kann degenerativen Hirnver\u00e4nderungen vorbeugen.   <\/p>\n<p>Das Produkt zeichnet sich durch schnelle Aufl\u00f6sung, die M\u00f6glichkeit zur Kontrolle der Sch\u00fcttdichte und eine hohe mikrobiologische Reinheit aus. Es wird f\u00fcr Anwendungen in Kapseln, Pulvern und Tabletten als aktiver feuchtigkeitsspendender und geweberegenerierender Inhaltsstoff empfohlen. <\/p>\n","protected":false},"excerpt":{"rendered":"<h4><strong>Natriumhyaluronat<\/strong>, auch bekannt als <strong>Hyalurons\u00e4ure<\/strong>, ist ein multifunktionaler Inhaltsstoff, der Gesundheit und Sch\u00f6nheit unterst\u00fctzt.<\/h4>\n","protected":false},"featured_media":38929,"template":"","meta":{"_acf_changed":false},"product_brand":[],"product_cat":[381,373],"product_tag":[],"class_list":{"0":"post-4620","1":"product","2":"type-product","3":"status-publish","4":"has-post-thumbnail","6":"product_cat-rohstoffe-fur-kosmetika","7":"product_cat-nahrungserganzungmittel","9":"first","10":"instock","11":"shipping-taxable","12":"product-type-simple"},"acf":[],"yoast_head":"<!-- This site is optimized with the Yoast SEO plugin v27.5 - https:\/\/yoast.com\/product\/yoast-seo-wordpress\/ -->\n<title>Natriumhyaluronat - NATURAL POLAND - IMPORT UND HANDEL VON ROHSTOFFEN<\/title>\n<meta name=\"description\" content=\"Natriumhyaluronat ist eine multifunktionale Substanz, auch bekannt als Hyalurons\u00e4ure, die ein unverzichtbarer Bestandteil zur Unterst\u00fctzung von Gesundheit und Sch\u00f6nheit ist.\" \/>\n<meta name=\"robots\" content=\"index, follow, max-snippet:-1, max-image-preview:large, max-video-preview:-1\" \/>\n<link rel=\"canonical\" href=\"https:\/\/naturalpoland.com\/de\/produkte\/produkte-fur-die-kosmetikindustrie\/rohstoffe-fur-kosmetika\/natriumhyaluronat\/\" \/>\n<meta property=\"og:locale\" content=\"de_DE\" \/>\n<meta property=\"og:type\" content=\"article\" \/>\n<meta property=\"og:title\" content=\"Natriumhyaluronat - NATURAL POLAND - IMPORT UND HANDEL VON ROHSTOFFEN\" \/>\n<meta property=\"og:description\" content=\"Natriumhyaluronat ist eine multifunktionale Substanz, auch bekannt als Hyalurons\u00e4ure, die ein unverzichtbarer Bestandteil zur Unterst\u00fctzung von Gesundheit und Sch\u00f6nheit ist.\" \/>\n<meta property=\"og:url\" content=\"https:\/\/naturalpoland.com\/de\/produkte\/produkte-fur-die-kosmetikindustrie\/rohstoffe-fur-kosmetika\/natriumhyaluronat\/\" \/>\n<meta property=\"og:site_name\" content=\"NATURAL POLAND - IMPORT UND HANDEL VON ROHSTOFFEN\" \/>\n<meta property=\"article:publisher\" content=\"https:\/\/www.facebook.com\/naturalpoland.b2b\" \/>\n<meta property=\"article:modified_time\" content=\"2026-02-05T11:09:58+00:00\" \/>\n<meta property=\"og:image\" content=\"https:\/\/naturalpoland.com\/wp-content\/uploads\/hialuronian-sodu.webp\" \/>\n\t<meta property=\"og:image:width\" content=\"590\" \/>\n\t<meta property=\"og:image:height\" content=\"590\" \/>\n\t<meta property=\"og:image:type\" content=\"image\/webp\" \/>\n<script type=\"application\/ld+json\" class=\"yoast-schema-graph\">{\"@context\":\"https:\\\/\\\/schema.org\",\"@graph\":[{\"@type\":\"WebPage\",\"@id\":\"https:\\\/\\\/naturalpoland.com\\\/de\\\/produkte\\\/produkte-fur-die-kosmetikindustrie\\\/rohstoffe-fur-kosmetika\\\/natriumhyaluronat\\\/\",\"url\":\"https:\\\/\\\/naturalpoland.com\\\/de\\\/produkte\\\/produkte-fur-die-kosmetikindustrie\\\/rohstoffe-fur-kosmetika\\\/natriumhyaluronat\\\/\",\"name\":\"Natriumhyaluronat - NATURAL POLAND - IMPORT UND HANDEL VON ROHSTOFFEN\",\"isPartOf\":{\"@id\":\"https:\\\/\\\/naturalpoland.com\\\/de\\\/#website\"},\"primaryImageOfPage\":{\"@id\":\"https:\\\/\\\/naturalpoland.com\\\/de\\\/produkte\\\/produkte-fur-die-kosmetikindustrie\\\/rohstoffe-fur-kosmetika\\\/natriumhyaluronat\\\/#primaryimage\"},\"image\":{\"@id\":\"https:\\\/\\\/naturalpoland.com\\\/de\\\/produkte\\\/produkte-fur-die-kosmetikindustrie\\\/rohstoffe-fur-kosmetika\\\/natriumhyaluronat\\\/#primaryimage\"},\"thumbnailUrl\":\"https:\\\/\\\/naturalpoland.com\\\/wp-content\\\/uploads\\\/hialuronian-sodu.webp\",\"datePublished\":\"2021-05-11T11:44:59+00:00\",\"dateModified\":\"2026-02-05T11:09:58+00:00\",\"description\":\"Natriumhyaluronat ist eine multifunktionale Substanz, auch bekannt als Hyalurons\u00e4ure, die ein unverzichtbarer Bestandteil zur Unterst\u00fctzung von Gesundheit und Sch\u00f6nheit ist.\",\"breadcrumb\":{\"@id\":\"https:\\\/\\\/naturalpoland.com\\\/de\\\/produkte\\\/produkte-fur-die-kosmetikindustrie\\\/rohstoffe-fur-kosmetika\\\/natriumhyaluronat\\\/#breadcrumb\"},\"inLanguage\":\"de\",\"potentialAction\":[{\"@type\":\"ReadAction\",\"target\":[\"https:\\\/\\\/naturalpoland.com\\\/de\\\/produkte\\\/produkte-fur-die-kosmetikindustrie\\\/rohstoffe-fur-kosmetika\\\/natriumhyaluronat\\\/\"]}]},{\"@type\":\"ImageObject\",\"inLanguage\":\"de\",\"@id\":\"https:\\\/\\\/naturalpoland.com\\\/de\\\/produkte\\\/produkte-fur-die-kosmetikindustrie\\\/rohstoffe-fur-kosmetika\\\/natriumhyaluronat\\\/#primaryimage\",\"url\":\"https:\\\/\\\/naturalpoland.com\\\/wp-content\\\/uploads\\\/hialuronian-sodu.webp\",\"contentUrl\":\"https:\\\/\\\/naturalpoland.com\\\/wp-content\\\/uploads\\\/hialuronian-sodu.webp\",\"width\":590,\"height\":590,\"caption\":\"Natriumhyaluronat\"},{\"@type\":\"BreadcrumbList\",\"@id\":\"https:\\\/\\\/naturalpoland.com\\\/de\\\/produkte\\\/produkte-fur-die-kosmetikindustrie\\\/rohstoffe-fur-kosmetika\\\/natriumhyaluronat\\\/#breadcrumb\",\"itemListElement\":[{\"@type\":\"ListItem\",\"position\":1,\"name\":\"Startseite\",\"item\":\"https:\\\/\\\/naturalpoland.com\\\/de\\\/\"},{\"@type\":\"ListItem\",\"position\":2,\"name\":\"Produkte\",\"item\":\"https:\\\/\\\/naturalpoland.com\\\/de\\\/produkte\\\/\"},{\"@type\":\"ListItem\",\"position\":3,\"name\":\"Natriumhyaluronat\"}]},{\"@type\":\"WebSite\",\"@id\":\"https:\\\/\\\/naturalpoland.com\\\/de\\\/#website\",\"url\":\"https:\\\/\\\/naturalpoland.com\\\/de\\\/\",\"name\":\"NATURAL POLAND - IMPORT UND HANDEL VON ROHSTOFFEN\",\"description\":\"Rohstoffe f\u00fcr die Lebensmittelindustrie, Kosmetikindustrie, Pharmaindustrie\",\"publisher\":{\"@id\":\"https:\\\/\\\/naturalpoland.com\\\/de\\\/#organization\"},\"potentialAction\":[{\"@type\":\"SearchAction\",\"target\":{\"@type\":\"EntryPoint\",\"urlTemplate\":\"https:\\\/\\\/naturalpoland.com\\\/de\\\/?s={search_term_string}\"},\"query-input\":{\"@type\":\"PropertyValueSpecification\",\"valueRequired\":true,\"valueName\":\"search_term_string\"}}],\"inLanguage\":\"de\"},{\"@type\":\"Organization\",\"@id\":\"https:\\\/\\\/naturalpoland.com\\\/de\\\/#organization\",\"name\":\"Natural Poland\",\"url\":\"https:\\\/\\\/naturalpoland.com\\\/de\\\/\",\"logo\":{\"@type\":\"ImageObject\",\"inLanguage\":\"de\",\"@id\":\"https:\\\/\\\/naturalpoland.com\\\/de\\\/#\\\/schema\\\/logo\\\/image\\\/\",\"url\":\"https:\\\/\\\/naturalpoland.com\\\/wp-content\\\/uploads\\\/2021\\\/05\\\/natural-poland-icon.png\",\"contentUrl\":\"https:\\\/\\\/naturalpoland.com\\\/wp-content\\\/uploads\\\/2021\\\/05\\\/natural-poland-icon.png\",\"width\":512,\"height\":512,\"caption\":\"Natural Poland\"},\"image\":{\"@id\":\"https:\\\/\\\/naturalpoland.com\\\/de\\\/#\\\/schema\\\/logo\\\/image\\\/\"},\"sameAs\":[\"https:\\\/\\\/www.facebook.com\\\/naturalpoland.b2b\",\"https:\\\/\\\/pl.linkedin.com\\\/company\\\/natural-poland\",\"https:\\\/\\\/www.youtube.com\\\/channel\\\/UCgeGGkvOMahZo-xu_MSEWxg\"]}]}<\/script>\n<!-- \/ Yoast SEO plugin. -->","yoast_head_json":{"title":"Natriumhyaluronat - NATURAL POLAND - IMPORT UND HANDEL VON ROHSTOFFEN","description":"Natriumhyaluronat ist eine multifunktionale Substanz, auch bekannt als Hyalurons\u00e4ure, die ein unverzichtbarer Bestandteil zur Unterst\u00fctzung von Gesundheit und Sch\u00f6nheit ist.","robots":{"index":"index","follow":"follow","max-snippet":"max-snippet:-1","max-image-preview":"max-image-preview:large","max-video-preview":"max-video-preview:-1"},"canonical":"https:\/\/naturalpoland.com\/de\/produkte\/produkte-fur-die-kosmetikindustrie\/rohstoffe-fur-kosmetika\/natriumhyaluronat\/","og_locale":"de_DE","og_type":"article","og_title":"Natriumhyaluronat - NATURAL POLAND - IMPORT UND HANDEL VON ROHSTOFFEN","og_description":"Natriumhyaluronat ist eine multifunktionale Substanz, auch bekannt als Hyalurons\u00e4ure, die ein unverzichtbarer Bestandteil zur Unterst\u00fctzung von Gesundheit und Sch\u00f6nheit ist.","og_url":"https:\/\/naturalpoland.com\/de\/produkte\/produkte-fur-die-kosmetikindustrie\/rohstoffe-fur-kosmetika\/natriumhyaluronat\/","og_site_name":"NATURAL POLAND - IMPORT UND HANDEL VON ROHSTOFFEN","article_publisher":"https:\/\/www.facebook.com\/naturalpoland.b2b","article_modified_time":"2026-02-05T11:09:58+00:00","og_image":[{"width":590,"height":590,"url":"https:\/\/naturalpoland.com\/wp-content\/uploads\/hialuronian-sodu.webp","type":"image\/webp"}],"schema":{"@context":"https:\/\/schema.org","@graph":[{"@type":"WebPage","@id":"https:\/\/naturalpoland.com\/de\/produkte\/produkte-fur-die-kosmetikindustrie\/rohstoffe-fur-kosmetika\/natriumhyaluronat\/","url":"https:\/\/naturalpoland.com\/de\/produkte\/produkte-fur-die-kosmetikindustrie\/rohstoffe-fur-kosmetika\/natriumhyaluronat\/","name":"Natriumhyaluronat - NATURAL POLAND - IMPORT UND HANDEL VON ROHSTOFFEN","isPartOf":{"@id":"https:\/\/naturalpoland.com\/de\/#website"},"primaryImageOfPage":{"@id":"https:\/\/naturalpoland.com\/de\/produkte\/produkte-fur-die-kosmetikindustrie\/rohstoffe-fur-kosmetika\/natriumhyaluronat\/#primaryimage"},"image":{"@id":"https:\/\/naturalpoland.com\/de\/produkte\/produkte-fur-die-kosmetikindustrie\/rohstoffe-fur-kosmetika\/natriumhyaluronat\/#primaryimage"},"thumbnailUrl":"https:\/\/naturalpoland.com\/wp-content\/uploads\/hialuronian-sodu.webp","datePublished":"2021-05-11T11:44:59+00:00","dateModified":"2026-02-05T11:09:58+00:00","description":"Natriumhyaluronat ist eine multifunktionale Substanz, auch bekannt als Hyalurons\u00e4ure, die ein unverzichtbarer Bestandteil zur Unterst\u00fctzung von Gesundheit und Sch\u00f6nheit ist.","breadcrumb":{"@id":"https:\/\/naturalpoland.com\/de\/produkte\/produkte-fur-die-kosmetikindustrie\/rohstoffe-fur-kosmetika\/natriumhyaluronat\/#breadcrumb"},"inLanguage":"de","potentialAction":[{"@type":"ReadAction","target":["https:\/\/naturalpoland.com\/de\/produkte\/produkte-fur-die-kosmetikindustrie\/rohstoffe-fur-kosmetika\/natriumhyaluronat\/"]}]},{"@type":"ImageObject","inLanguage":"de","@id":"https:\/\/naturalpoland.com\/de\/produkte\/produkte-fur-die-kosmetikindustrie\/rohstoffe-fur-kosmetika\/natriumhyaluronat\/#primaryimage","url":"https:\/\/naturalpoland.com\/wp-content\/uploads\/hialuronian-sodu.webp","contentUrl":"https:\/\/naturalpoland.com\/wp-content\/uploads\/hialuronian-sodu.webp","width":590,"height":590,"caption":"Natriumhyaluronat"},{"@type":"BreadcrumbList","@id":"https:\/\/naturalpoland.com\/de\/produkte\/produkte-fur-die-kosmetikindustrie\/rohstoffe-fur-kosmetika\/natriumhyaluronat\/#breadcrumb","itemListElement":[{"@type":"ListItem","position":1,"name":"Startseite","item":"https:\/\/naturalpoland.com\/de\/"},{"@type":"ListItem","position":2,"name":"Produkte","item":"https:\/\/naturalpoland.com\/de\/produkte\/"},{"@type":"ListItem","position":3,"name":"Natriumhyaluronat"}]},{"@type":"WebSite","@id":"https:\/\/naturalpoland.com\/de\/#website","url":"https:\/\/naturalpoland.com\/de\/","name":"NATURAL POLAND - IMPORT UND HANDEL VON ROHSTOFFEN","description":"Rohstoffe f\u00fcr die Lebensmittelindustrie, Kosmetikindustrie, Pharmaindustrie","publisher":{"@id":"https:\/\/naturalpoland.com\/de\/#organization"},"potentialAction":[{"@type":"SearchAction","target":{"@type":"EntryPoint","urlTemplate":"https:\/\/naturalpoland.com\/de\/?s={search_term_string}"},"query-input":{"@type":"PropertyValueSpecification","valueRequired":true,"valueName":"search_term_string"}}],"inLanguage":"de"},{"@type":"Organization","@id":"https:\/\/naturalpoland.com\/de\/#organization","name":"Natural Poland","url":"https:\/\/naturalpoland.com\/de\/","logo":{"@type":"ImageObject","inLanguage":"de","@id":"https:\/\/naturalpoland.com\/de\/#\/schema\/logo\/image\/","url":"https:\/\/naturalpoland.com\/wp-content\/uploads\/2021\/05\/natural-poland-icon.png","contentUrl":"https:\/\/naturalpoland.com\/wp-content\/uploads\/2021\/05\/natural-poland-icon.png","width":512,"height":512,"caption":"Natural Poland"},"image":{"@id":"https:\/\/naturalpoland.com\/de\/#\/schema\/logo\/image\/"},"sameAs":["https:\/\/www.facebook.com\/naturalpoland.b2b","https:\/\/pl.linkedin.com\/company\/natural-poland","https:\/\/www.youtube.com\/channel\/UCgeGGkvOMahZo-xu_MSEWxg"]}]}},"_links":{"self":[{"href":"https:\/\/naturalpoland.com\/de\/wp-json\/wp\/v2\/product\/4620","targetHints":{"allow":["GET"]}}],"collection":[{"href":"https:\/\/naturalpoland.com\/de\/wp-json\/wp\/v2\/product"}],"about":[{"href":"https:\/\/naturalpoland.com\/de\/wp-json\/wp\/v2\/types\/product"}],"wp:featuredmedia":[{"embeddable":true,"href":"https:\/\/naturalpoland.com\/de\/wp-json\/wp\/v2\/media\/38929"}],"wp:attachment":[{"href":"https:\/\/naturalpoland.com\/de\/wp-json\/wp\/v2\/media?parent=4620"}],"wp:term":[{"taxonomy":"product_brand","embeddable":true,"href":"https:\/\/naturalpoland.com\/de\/wp-json\/wp\/v2\/product_brand?post=4620"},{"taxonomy":"product_cat","embeddable":true,"href":"https:\/\/naturalpoland.com\/de\/wp-json\/wp\/v2\/product_cat?post=4620"},{"taxonomy":"product_tag","embeddable":true,"href":"https:\/\/naturalpoland.com\/de\/wp-json\/wp\/v2\/product_tag?post=4620"}],"curies":[{"name":"wp","href":"https:\/\/api.w.org\/{rel}","templated":true}]}}