{"id":4622,"date":"2021-05-21T10:52:44","date_gmt":"2021-06-25T11:31:51","guid":{"rendered":"https:\/\/naturalpoland.pl\/produkty\/unkategorisiert\/azelainsaeure\/"},"modified":"2024-09-10T14:09:36","modified_gmt":"2024-09-10T12:09:36","slug":"azelainsaeure","status":"publish","type":"product","link":"https:\/\/naturalpoland.com\/de\/produkte\/produkte-fur-die-kosmetikindustrie\/sauren\/azelainsaeure\/","title":{"rendered":"Azelains\u00e4ure"},"content":{"rendered":"<p>Azelains\u00e4ure hat eine einfache Struktur, die nur aus Kohlenstoff-, Wasserstoff- und Sauerstoffatomen besteht.<br \/>\nSie kommt in der Natur vor, z.B. in Getreide wie Weizen, Roggen und Gerste.<br \/>\nSie kommt in der Natur vor, u.a. in Getreide wie Weizen, Roggen und Gerste, und wird auch von der Hefe Malassezia furfur produziert, die Teil der nat\u00fcrlichen Mikroflora der menschlichen Haut ist.    <\/p>\n<h2>Eigenschaften und Wirkungen von Azelains\u00e4ure<\/h2>\n<p>  Azelains\u00e4ure ist ein Breitspektrum-Wirkstoff in der Dermatologie und Kosmetologie:  <\/p>\n<ul>\n<li><strong>Entz\u00fcndungshemmende Wirkung<\/strong> &#8211; beruhigt <strong>entz\u00fcndete<\/strong> Haut, reduziert R\u00f6tungen und Schwellungen und ist damit ein wirksamer Bestandteil bei der Behandlung von Rosacea und anderen entz\u00fcndlichen Hauterkrankungen.<br \/>\nEs hat auch eine beruhigende Wirkung auf Haut mit Anzeichen von hormonell bedingter Akne und lindert unangenehme Symptome wie Juckreiz und Brennen. <\/li>\n<li><strong>Antibakterielle Wirkung<\/strong> &#8211; hemmt das Wachstum von anaeroben Bakterien, wie <em>Propionibacterium acnes<\/em>, und aeroben Bakterien, wie <em>Staphylococcus epidermidis<\/em>, die f\u00fcr Hautentz\u00fcndungen und Akne <em>vulgaris<\/em> verantwortlich sind.<br \/>\nDadurch wird die Bildung von Pickeln und Mitessern wirksam reduziert. <\/li>\n<li><strong>Keratolytische und komedolytische Wirkung<\/strong> &#8211; es hat exfolierende Eigenschaften, die abgestorbene Hautzellen sanft abtragen und den Zellerneuerungsprozess beschleunigen.<br \/>\nSeine keratolytische Wirkung hilft, verstopfte Poren und die Bildung von Mitessern zu verhindern, und normalisiert den Keratinisierungsprozess der Epidermis, wodurch die Anzahl der Mitesser und Pickel reduziert wird. <\/li>\n<li><strong>Aufhellende Wirkung<\/strong> &#8211; reduziert die Aktivit\u00e4t der Melanozyten durch Hemmung des Enzyms Tyrosinase, das f\u00fcr die Melaninproduktion verantwortlich ist.<br \/>\nDies hellt postinflammatorische Hyperpigmentierungen, die durch die Sonne oder hormonelle Ver\u00e4nderungen verursacht werden, wirksam auf und reduziert die Sichtbarkeit bestehender Pigmentflecken. <\/li>\n<li><strong>Antioxidative Wirkung<\/strong> &#8211; Es ist ein starkes Antioxidans, das hei\u00dft, es neutralisiert freie Radikale, die f\u00fcr vorzeitige Hautalterung und Entz\u00fcndungen verantwortlich sind.<br \/>\nAu\u00dferdem st\u00e4rkt es die Schutzbarriere der Haut und wirkt so den sch\u00e4dlichen Auswirkungen externer Faktoren entgegen. <\/li>\n<li><strong>Seboregulierende Wirkung<\/strong> &#8211; Reguliert die Talgproduktion der Talgdr\u00fcsen, verhindert eine \u00fcberm\u00e4\u00dfige Talgabsonderung und reduziert das Risiko von Mitessern.<\/li>\n<\/ul>\n<h2>Verwendung von Azelains\u00e4ure<\/h2>\n<p>  Azelains\u00e4ure ist in der Dermatologie und Kosmetologie weit verbreitet.<br \/>\nSie eignet sich f\u00fcr eine Vielzahl von Hauttypen, einschlie\u00dflich fettiger Haut, Akne, empfindlicher Haut, vaskul\u00e4rer Haut und Haut mit ersten Anzeichen der Alterung.<br \/>\nEs kann das ganze Jahr \u00fcber verwendet werden, da es keine photosensibilisierenden Eigenschaften aufweist.<br \/>\nSie wird in Pr\u00e4paraten gegen Akne, zur Aufhellung der Haut, zur Regulierung des Talgs und als Antioxidans und Entz\u00fcndungshemmer verwendet.<br \/>\nAzelains\u00e4ure ist ein Inhaltsstoff, der als sicher gilt, aber seine Verwendung kann zu Nebenwirkungen wie Brennen, R\u00f6tung, Trockenheit, Reizung, Schuppenbildung oder Juckreiz an der Anwendungsstelle f\u00fchren.<br \/>\nDie Verwendung von Azelains\u00e4ure wird nicht empfohlen bei aktiven Hautinfektionen, \u00dcberempfindlichkeit gegen den Inhaltsstoff oder w\u00e4hrend einer Therapie mit Vitamin-A-Derivaten.     <\/p>\n","protected":false},"excerpt":{"rendered":"<p><strong>Azelains\u00e4ure (Azelaic acid)<\/strong> ist eine organische chemische Verbindung aus der Gruppe der ges\u00e4ttigten Dicarbons\u00e4uren, die f\u00fcr alle Hauttypen geeignet ist.<br \/>\nSie wird besonders bei Rosazea, Erythem oder Hyperpigmentierung empfohlen. <\/p>\n","protected":false},"featured_media":13104,"template":"","meta":{"_acf_changed":false},"product_brand":[],"product_cat":[5452],"product_tag":[],"class_list":{"0":"post-4622","1":"product","2":"type-product","3":"status-publish","4":"has-post-thumbnail","6":"product_cat-sauren","7":"pa_grupa-substancji-antioxidantien","9":"first","10":"instock","11":"shipping-taxable","12":"product-type-simple"},"acf":[],"yoast_head":"<!-- This site is optimized with the Yoast SEO plugin v27.6 - https:\/\/yoast.com\/product\/yoast-seo-wordpress\/ -->\n<title>Azelains\u00e4ure - NATURAL POLAND - IMPORT UND HANDEL VON ROHSTOFFEN<\/title>\n<meta name=\"description\" content=\"Azelains\u00e4ure ist ein vielseitiger Inhaltsstoff, der in vielen kosmetischen und dermatologischen Pr\u00e4paraten verwendet wird.\" \/>\n<meta name=\"robots\" content=\"index, follow, max-snippet:-1, max-image-preview:large, max-video-preview:-1\" \/>\n<link rel=\"canonical\" href=\"https:\/\/naturalpoland.com\/de\/produkte\/produkte-fur-die-kosmetikindustrie\/sauren\/azelainsaeure\/\" \/>\n<meta property=\"og:locale\" content=\"de_DE\" \/>\n<meta property=\"og:type\" content=\"article\" \/>\n<meta property=\"og:title\" content=\"Azelains\u00e4ure - NATURAL POLAND - IMPORT UND HANDEL VON ROHSTOFFEN\" \/>\n<meta property=\"og:description\" content=\"Azelains\u00e4ure ist ein vielseitiger Inhaltsstoff, der in vielen kosmetischen und dermatologischen Pr\u00e4paraten verwendet wird.\" \/>\n<meta property=\"og:url\" content=\"https:\/\/naturalpoland.com\/de\/produkte\/produkte-fur-die-kosmetikindustrie\/sauren\/azelainsaeure\/\" \/>\n<meta property=\"og:site_name\" content=\"NATURAL POLAND - IMPORT UND HANDEL VON ROHSTOFFEN\" \/>\n<meta property=\"article:publisher\" content=\"https:\/\/www.facebook.com\/naturalpoland.b2b\" \/>\n<meta property=\"article:modified_time\" content=\"2024-09-10T12:09:36+00:00\" \/>\n<meta property=\"og:image\" content=\"https:\/\/naturalpoland.com\/wp-content\/uploads\/Kwas-azelainowy.jpg\" \/>\n\t<meta property=\"og:image:width\" content=\"650\" \/>\n\t<meta property=\"og:image:height\" content=\"650\" \/>\n\t<meta property=\"og:image:type\" content=\"image\/jpeg\" \/>\n<script type=\"application\/ld+json\" class=\"yoast-schema-graph\">{\"@context\":\"https:\\\/\\\/schema.org\",\"@graph\":[{\"@type\":\"WebPage\",\"@id\":\"https:\\\/\\\/naturalpoland.com\\\/de\\\/produkte\\\/produkte-fur-die-kosmetikindustrie\\\/sauren\\\/azelainsaeure\\\/\",\"url\":\"https:\\\/\\\/naturalpoland.com\\\/de\\\/produkte\\\/produkte-fur-die-kosmetikindustrie\\\/sauren\\\/azelainsaeure\\\/\",\"name\":\"Azelains\u00e4ure - NATURAL POLAND - IMPORT UND HANDEL VON ROHSTOFFEN\",\"isPartOf\":{\"@id\":\"https:\\\/\\\/naturalpoland.com\\\/de\\\/#website\"},\"primaryImageOfPage\":{\"@id\":\"https:\\\/\\\/naturalpoland.com\\\/de\\\/produkte\\\/produkte-fur-die-kosmetikindustrie\\\/sauren\\\/azelainsaeure\\\/#primaryimage\"},\"image\":{\"@id\":\"https:\\\/\\\/naturalpoland.com\\\/de\\\/produkte\\\/produkte-fur-die-kosmetikindustrie\\\/sauren\\\/azelainsaeure\\\/#primaryimage\"},\"thumbnailUrl\":\"https:\\\/\\\/naturalpoland.com\\\/wp-content\\\/uploads\\\/Kwas-azelainowy.jpg\",\"datePublished\":\"2021-06-25T11:31:51+00:00\",\"dateModified\":\"2024-09-10T12:09:36+00:00\",\"description\":\"Azelains\u00e4ure ist ein vielseitiger Inhaltsstoff, der in vielen kosmetischen und dermatologischen Pr\u00e4paraten verwendet wird.\",\"breadcrumb\":{\"@id\":\"https:\\\/\\\/naturalpoland.com\\\/de\\\/produkte\\\/produkte-fur-die-kosmetikindustrie\\\/sauren\\\/azelainsaeure\\\/#breadcrumb\"},\"inLanguage\":\"de\",\"potentialAction\":[{\"@type\":\"ReadAction\",\"target\":[\"https:\\\/\\\/naturalpoland.com\\\/de\\\/produkte\\\/produkte-fur-die-kosmetikindustrie\\\/sauren\\\/azelainsaeure\\\/\"]}]},{\"@type\":\"ImageObject\",\"inLanguage\":\"de\",\"@id\":\"https:\\\/\\\/naturalpoland.com\\\/de\\\/produkte\\\/produkte-fur-die-kosmetikindustrie\\\/sauren\\\/azelainsaeure\\\/#primaryimage\",\"url\":\"https:\\\/\\\/naturalpoland.com\\\/wp-content\\\/uploads\\\/Kwas-azelainowy.jpg\",\"contentUrl\":\"https:\\\/\\\/naturalpoland.com\\\/wp-content\\\/uploads\\\/Kwas-azelainowy.jpg\",\"width\":650,\"height\":650,\"caption\":\"kwas azelainowy\"},{\"@type\":\"BreadcrumbList\",\"@id\":\"https:\\\/\\\/naturalpoland.com\\\/de\\\/produkte\\\/produkte-fur-die-kosmetikindustrie\\\/sauren\\\/azelainsaeure\\\/#breadcrumb\",\"itemListElement\":[{\"@type\":\"ListItem\",\"position\":1,\"name\":\"Startseite\",\"item\":\"https:\\\/\\\/naturalpoland.com\\\/de\\\/\"},{\"@type\":\"ListItem\",\"position\":2,\"name\":\"Produkte\",\"item\":\"https:\\\/\\\/naturalpoland.com\\\/de\\\/produkte\\\/\"},{\"@type\":\"ListItem\",\"position\":3,\"name\":\"Azelains\u00e4ure\"}]},{\"@type\":\"WebSite\",\"@id\":\"https:\\\/\\\/naturalpoland.com\\\/de\\\/#website\",\"url\":\"https:\\\/\\\/naturalpoland.com\\\/de\\\/\",\"name\":\"NATURAL POLAND - IMPORT UND HANDEL VON ROHSTOFFEN\",\"description\":\"Rohstoffe f\u00fcr die Lebensmittelindustrie, Kosmetikindustrie, Pharmaindustrie\",\"publisher\":{\"@id\":\"https:\\\/\\\/naturalpoland.com\\\/de\\\/#organization\"},\"potentialAction\":[{\"@type\":\"SearchAction\",\"target\":{\"@type\":\"EntryPoint\",\"urlTemplate\":\"https:\\\/\\\/naturalpoland.com\\\/de\\\/?s={search_term_string}\"},\"query-input\":{\"@type\":\"PropertyValueSpecification\",\"valueRequired\":true,\"valueName\":\"search_term_string\"}}],\"inLanguage\":\"de\"},{\"@type\":\"Organization\",\"@id\":\"https:\\\/\\\/naturalpoland.com\\\/de\\\/#organization\",\"name\":\"Natural Poland\",\"url\":\"https:\\\/\\\/naturalpoland.com\\\/de\\\/\",\"logo\":{\"@type\":\"ImageObject\",\"inLanguage\":\"de\",\"@id\":\"https:\\\/\\\/naturalpoland.com\\\/de\\\/#\\\/schema\\\/logo\\\/image\\\/\",\"url\":\"https:\\\/\\\/naturalpoland.com\\\/wp-content\\\/uploads\\\/2021\\\/05\\\/natural-poland-icon.png\",\"contentUrl\":\"https:\\\/\\\/naturalpoland.com\\\/wp-content\\\/uploads\\\/2021\\\/05\\\/natural-poland-icon.png\",\"width\":512,\"height\":512,\"caption\":\"Natural Poland\"},\"image\":{\"@id\":\"https:\\\/\\\/naturalpoland.com\\\/de\\\/#\\\/schema\\\/logo\\\/image\\\/\"},\"sameAs\":[\"https:\\\/\\\/www.facebook.com\\\/naturalpoland.b2b\",\"https:\\\/\\\/pl.linkedin.com\\\/company\\\/natural-poland\",\"https:\\\/\\\/www.youtube.com\\\/channel\\\/UCgeGGkvOMahZo-xu_MSEWxg\"]}]}<\/script>\n<!-- \/ Yoast SEO plugin. -->","yoast_head_json":{"title":"Azelains\u00e4ure - NATURAL POLAND - IMPORT UND HANDEL VON ROHSTOFFEN","description":"Azelains\u00e4ure ist ein vielseitiger Inhaltsstoff, der in vielen kosmetischen und dermatologischen Pr\u00e4paraten verwendet wird.","robots":{"index":"index","follow":"follow","max-snippet":"max-snippet:-1","max-image-preview":"max-image-preview:large","max-video-preview":"max-video-preview:-1"},"canonical":"https:\/\/naturalpoland.com\/de\/produkte\/produkte-fur-die-kosmetikindustrie\/sauren\/azelainsaeure\/","og_locale":"de_DE","og_type":"article","og_title":"Azelains\u00e4ure - NATURAL POLAND - IMPORT UND HANDEL VON ROHSTOFFEN","og_description":"Azelains\u00e4ure ist ein vielseitiger Inhaltsstoff, der in vielen kosmetischen und dermatologischen Pr\u00e4paraten verwendet wird.","og_url":"https:\/\/naturalpoland.com\/de\/produkte\/produkte-fur-die-kosmetikindustrie\/sauren\/azelainsaeure\/","og_site_name":"NATURAL POLAND - IMPORT UND HANDEL VON ROHSTOFFEN","article_publisher":"https:\/\/www.facebook.com\/naturalpoland.b2b","article_modified_time":"2024-09-10T12:09:36+00:00","og_image":[{"width":650,"height":650,"url":"https:\/\/naturalpoland.com\/wp-content\/uploads\/Kwas-azelainowy.jpg","type":"image\/jpeg"}],"schema":{"@context":"https:\/\/schema.org","@graph":[{"@type":"WebPage","@id":"https:\/\/naturalpoland.com\/de\/produkte\/produkte-fur-die-kosmetikindustrie\/sauren\/azelainsaeure\/","url":"https:\/\/naturalpoland.com\/de\/produkte\/produkte-fur-die-kosmetikindustrie\/sauren\/azelainsaeure\/","name":"Azelains\u00e4ure - NATURAL POLAND - IMPORT UND HANDEL VON ROHSTOFFEN","isPartOf":{"@id":"https:\/\/naturalpoland.com\/de\/#website"},"primaryImageOfPage":{"@id":"https:\/\/naturalpoland.com\/de\/produkte\/produkte-fur-die-kosmetikindustrie\/sauren\/azelainsaeure\/#primaryimage"},"image":{"@id":"https:\/\/naturalpoland.com\/de\/produkte\/produkte-fur-die-kosmetikindustrie\/sauren\/azelainsaeure\/#primaryimage"},"thumbnailUrl":"https:\/\/naturalpoland.com\/wp-content\/uploads\/Kwas-azelainowy.jpg","datePublished":"2021-06-25T11:31:51+00:00","dateModified":"2024-09-10T12:09:36+00:00","description":"Azelains\u00e4ure ist ein vielseitiger Inhaltsstoff, der in vielen kosmetischen und dermatologischen Pr\u00e4paraten verwendet wird.","breadcrumb":{"@id":"https:\/\/naturalpoland.com\/de\/produkte\/produkte-fur-die-kosmetikindustrie\/sauren\/azelainsaeure\/#breadcrumb"},"inLanguage":"de","potentialAction":[{"@type":"ReadAction","target":["https:\/\/naturalpoland.com\/de\/produkte\/produkte-fur-die-kosmetikindustrie\/sauren\/azelainsaeure\/"]}]},{"@type":"ImageObject","inLanguage":"de","@id":"https:\/\/naturalpoland.com\/de\/produkte\/produkte-fur-die-kosmetikindustrie\/sauren\/azelainsaeure\/#primaryimage","url":"https:\/\/naturalpoland.com\/wp-content\/uploads\/Kwas-azelainowy.jpg","contentUrl":"https:\/\/naturalpoland.com\/wp-content\/uploads\/Kwas-azelainowy.jpg","width":650,"height":650,"caption":"kwas azelainowy"},{"@type":"BreadcrumbList","@id":"https:\/\/naturalpoland.com\/de\/produkte\/produkte-fur-die-kosmetikindustrie\/sauren\/azelainsaeure\/#breadcrumb","itemListElement":[{"@type":"ListItem","position":1,"name":"Startseite","item":"https:\/\/naturalpoland.com\/de\/"},{"@type":"ListItem","position":2,"name":"Produkte","item":"https:\/\/naturalpoland.com\/de\/produkte\/"},{"@type":"ListItem","position":3,"name":"Azelains\u00e4ure"}]},{"@type":"WebSite","@id":"https:\/\/naturalpoland.com\/de\/#website","url":"https:\/\/naturalpoland.com\/de\/","name":"NATURAL POLAND - IMPORT UND HANDEL VON ROHSTOFFEN","description":"Rohstoffe f\u00fcr die Lebensmittelindustrie, Kosmetikindustrie, Pharmaindustrie","publisher":{"@id":"https:\/\/naturalpoland.com\/de\/#organization"},"potentialAction":[{"@type":"SearchAction","target":{"@type":"EntryPoint","urlTemplate":"https:\/\/naturalpoland.com\/de\/?s={search_term_string}"},"query-input":{"@type":"PropertyValueSpecification","valueRequired":true,"valueName":"search_term_string"}}],"inLanguage":"de"},{"@type":"Organization","@id":"https:\/\/naturalpoland.com\/de\/#organization","name":"Natural Poland","url":"https:\/\/naturalpoland.com\/de\/","logo":{"@type":"ImageObject","inLanguage":"de","@id":"https:\/\/naturalpoland.com\/de\/#\/schema\/logo\/image\/","url":"https:\/\/naturalpoland.com\/wp-content\/uploads\/2021\/05\/natural-poland-icon.png","contentUrl":"https:\/\/naturalpoland.com\/wp-content\/uploads\/2021\/05\/natural-poland-icon.png","width":512,"height":512,"caption":"Natural Poland"},"image":{"@id":"https:\/\/naturalpoland.com\/de\/#\/schema\/logo\/image\/"},"sameAs":["https:\/\/www.facebook.com\/naturalpoland.b2b","https:\/\/pl.linkedin.com\/company\/natural-poland","https:\/\/www.youtube.com\/channel\/UCgeGGkvOMahZo-xu_MSEWxg"]}]}},"_links":{"self":[{"href":"https:\/\/naturalpoland.com\/de\/wp-json\/wp\/v2\/product\/4622","targetHints":{"allow":["GET"]}}],"collection":[{"href":"https:\/\/naturalpoland.com\/de\/wp-json\/wp\/v2\/product"}],"about":[{"href":"https:\/\/naturalpoland.com\/de\/wp-json\/wp\/v2\/types\/product"}],"wp:featuredmedia":[{"embeddable":true,"href":"https:\/\/naturalpoland.com\/de\/wp-json\/wp\/v2\/media\/13104"}],"wp:attachment":[{"href":"https:\/\/naturalpoland.com\/de\/wp-json\/wp\/v2\/media?parent=4622"}],"wp:term":[{"taxonomy":"product_brand","embeddable":true,"href":"https:\/\/naturalpoland.com\/de\/wp-json\/wp\/v2\/product_brand?post=4622"},{"taxonomy":"product_cat","embeddable":true,"href":"https:\/\/naturalpoland.com\/de\/wp-json\/wp\/v2\/product_cat?post=4622"},{"taxonomy":"product_tag","embeddable":true,"href":"https:\/\/naturalpoland.com\/de\/wp-json\/wp\/v2\/product_tag?post=4622"}],"curies":[{"name":"wp","href":"https:\/\/api.w.org\/{rel}","templated":true}]}}