{"id":4652,"date":"2021-05-11T13:48:55","date_gmt":"2021-05-11T11:48:55","guid":{"rendered":"https:\/\/naturalpoland.pl\/produkty\/unkategorisiert\/arganoel\/"},"modified":"2025-09-09T13:23:15","modified_gmt":"2025-09-09T11:23:15","slug":"arganol","status":"publish","type":"product","link":"https:\/\/naturalpoland.com\/de\/produkte\/produkte-fur-die-kosmetikindustrie\/kosmetische-ole\/arganol\/","title":{"rendered":"Argan\u00f6l"},"content":{"rendered":"<p>Argan\u00f6l enth\u00e4lt gro\u00dfe Mengen an Vitamin E, das regenerierend wirkt und den Alterungsprozess der Zellen verlangsamt. Es ist ein Naturprodukt, das f\u00fcr jeden Haut- oder Haartyp verwendet werden kann. Es eignet sich auch f\u00fcr Menschen mit Allergieneigung. Argan\u00f6l hilft au\u00dferdem, Cellulite und Dehnungsstreifen vorzubeugen. Es wird als eigenst\u00e4ndiges Pflegeprodukt sowie als Zusatz zu anderen Kosmetika sehr gesch\u00e4tzt. Eine regelm\u00e4\u00dfige Anwendung zeigt bereits nach kurzer Zeit Wirkung.<\/p>\n<h2>Chemische Zusammensetzung des Argan\u00f6ls<\/h2>\n<p>Die fetthaltige Fraktion des Argan\u00f6ls besteht haupts\u00e4chlich aus unges\u00e4ttigten Fetts\u00e4uren, die in der Kosmetik sehr gesch\u00e4tzt werden: \u00d6ls\u00e4ure (42\u201355 %) und Linols\u00e4ure (27\u201340 %), erg\u00e4nzt durch ges\u00e4ttigte Palmitins\u00e4ure (6\u201316 %).<\/p>\n<table>\n<thead>\n<tr>\n<th>S\u00e4ure<\/th>\n<th>Formel<\/th>\n<th>Prozentsatz<\/th>\n<\/tr>\n<\/thead>\n<tbody>\n<tr>\n<td>Palmitins\u00e4ure<\/td>\n<td>C16:0<\/td>\n<td>6\u201316<\/td>\n<\/tr>\n<tr>\n<td>Stearins\u00e4ure<\/td>\n<td>C18:0<\/td>\n<td>3\u20138<\/td>\n<\/tr>\n<tr>\n<td>\u00d6ls\u00e4ure<\/td>\n<td>C18:1<\/td>\n<td>42\u201355<\/td>\n<\/tr>\n<tr>\n<td>Linols\u00e4ure<\/td>\n<td>C18:2<\/td>\n<td>27\u201340<\/td>\n<\/tr>\n<\/tbody>\n<\/table>\n<p>In der unverseifbaren Fraktion, die etwa 1 % des \u00d6ls ausmacht, sind Sterole enthalten \u2013 \u00fcberwiegend Spinasterol und Schottenol \u2013 sowie Triterpenalkohole, Xanthophylle, Tocopherole und andere phenolische Verbindungen.<\/p>\n<p>Neben den fetthaltigen Bestandteilen verdienen die Tocopherole besondere Aufmerksamkeit \u2013 Vitamin\u2011E\u2011Derivate mit sehr starken antioxidativen Eigenschaften. Im Argan\u00f6l dominiert \u03b3\u2011Tocopherol; auch \u03b1\u2011Tocopherol, \u03b2\u2011Tocopherol und \u03b4\u2011Tocopherol sind vorhanden.<\/p>\n<h2>Anwendung und Eigenschaften von Argan\u00f6l<\/h2>\n<p>Argan\u00f6l wird nicht ohne Grund als \u201efl\u00fcssiges Gold Marokkos\u201c bezeichnet. Dieses einzigartige Rohmaterial, das aus den Fr\u00fcchten des in Marokko endemischen Arganbaums (<em>Argania spinosa<\/em>) gewonnen wird, geh\u00f6rt zu den seltensten und wertvollsten Pflanzen\u00f6len der Welt. Aufgrund seiner gesundheitsf\u00f6rdernden Eigenschaften ist Argan\u00f6l ein begehrter kosmetischer Rohstoff und wird oft als \u201eElixier der Jugend\u201c bezeichnet.<\/p>\n<h3>Argan\u00f6l in der Kosmetik<\/h3>\n<p>Argan\u00f6l wird in der Kosmetik haupts\u00e4chlich verwendet \u2013 sowohl allein als auch als Bestandteil von Mehrkomponentenpr\u00e4paraten. Seine chemische Zusammensetzung, die sowohl unges\u00e4ttigte Fetts\u00e4uren als auch stark antioxidativ wirkende Verbindungen umfasst, verleiht ihm pflegende, n\u00e4hrende und regenerierende Eigenschaften und senkt zudem die Talgproduktion.<\/p>\n<h3>Argan\u00f6l auf der Haut<\/h3>\n<p>Schon seit Jahrhunderten nutzen marokkanische Frauen Argan\u00f6l zur Hautpflege, insbesondere im Kampf gegen Akne, Pickel, Pockennarben und Risse in der Haut. Heute wird diese Anwendung nicht nur fortgef\u00fchrt, sondern auch wissenschaftlich best\u00e4tigt.<\/p>\n<p>Zudem wird Argan\u00f6l besonders wegen seiner feuchtigkeitsspendenden und Anti\u2011Aging\u2011Eigenschaften gesch\u00e4tzt \u2013 es spendet Feuchtigkeit, neutralisiert freie Radikale, wirkt n\u00e4hrend, unterst\u00fctzt die Regeneration und erh\u00f6ht die Elastizit\u00e4t der Epidermis. Seine physikalisch\u2011chemischen Eigenschaften sind in der kosmetischen Anwendung ebenfalls wichtig \u2013 es hat einen angenehmen Duft, wird von der Haut sehr gut aufgenommen und zieht schnell ein.<\/p>\n<p>Aufgrund der beschriebenen Eigenschaften kann Argan\u00f6l als Bestandteil kosmetischer Pr\u00e4parate verwendet werden, die sowohl f\u00fcr unreine Haut als auch f\u00fcr strapazierte und reife Haut bestimmt sind. Neben Cremes, Lotionen und Seren mit feuchtigkeitsspendender, anti\u2011falten und n\u00e4hrender Wirkung kann es auch Bestandteil von Seifen und Rasierw\u00e4ssern sein oder allein als Massage\u00f6l verwendet werden.<\/p>\n<h3>Argan\u00f6l f\u00fcr Haare und N\u00e4gel<\/h3>\n<p>In der Kosmetik kann Argan\u00f6l auch auf Haare und N\u00e4gel aufgetragen werden, die es n\u00e4hrt und st\u00e4rkt. Die Anwendung von Argan\u00f6l auf das Haar bringt zus\u00e4tzliche Vorteile \u2013 es verleiht dem Haar Glanz, macht es weich, revitalisiert die Kopfhaut und reduziert die Sebumproduktion, wodurch das Haar vor \u00fcberm\u00e4\u00dfiger Fettigkeit gesch\u00fctzt wird. Zu diesem Zweck kann es sowohl direkt als Haar\u00f6l als auch als Bestandteil von Shampoos und Sp\u00fclungen verwendet werden.<\/p>\n<h2>Kulinarische Anwendung von Argan\u00f6l<\/h2>\n<p>Eine andere M\u00f6glichkeit der Anwendung von Argan\u00f6l ist seine Integration in die Ern\u00e4hrung. Trotz seines hohen Preises findet dieser Rohstoff auch in der K\u00fcche Verwendung. Sein origineller nussiger Geschmack und Geruch verleihen Gerichten einen orientalischen Charakter und wirken sich dar\u00fcber hinaus als Bestandteil der Ern\u00e4hrung positiv auf die Gesundheit aus.<\/p>\n<p>Dank seiner starken antioxidativen Eigenschaften und des hohen Gehalts an unges\u00e4ttigten Fetts\u00e4uren eignet sich Argan\u00f6l \u2013 \u00e4hnlich wie Oliven\u00f6l \u2013 zur Vorbeugung von Herz\u2011Kreislauf\u2011Erkrankungen. Studien best\u00e4tigen seine Wirksamkeit bei der Senkung des Cholesterin\u2011 und Triglyceridspiegels im Blut sowie seine blutdrucksenkende und anti\u2011atherosklerotische Wirkung.<\/p>\n","protected":false},"excerpt":{"rendered":"<p><strong>Unraffiniertes Argan\u00f6l<\/strong> aus Marokko von einem verifizierten Lieferanten. Es hat keinen unangenehmen Geruch und kann problemlos in allen Arten von Kosmetika verwendet werden. Sie erhalten ein frisches, naturbelassenes Produkt mit einem hohen Gehalt an Vitamin\u00a0E.<\/p>\n","protected":false},"featured_media":36023,"template":"","meta":{"_acf_changed":false},"product_brand":[],"product_cat":[384,386],"product_tag":[],"class_list":{"0":"post-4652","1":"product","2":"type-product","3":"status-publish","4":"has-post-thumbnail","6":"product_cat-kosmetische-ole","7":"product_cat-speiseole-und-kosmetikole","8":"pa_grupa-substancji-emollients","9":"pa_metoda-pozyskiwania-kaltpressung","11":"first","12":"instock","13":"shipping-taxable","14":"product-type-simple"},"acf":[],"yoast_head":"<!-- This site is optimized with the Yoast SEO plugin v27.4 - https:\/\/yoast.com\/product\/yoast-seo-wordpress\/ -->\n<title>Argan\u00f6l - Gro\u00dfhandelsvertrieb<\/title>\n<meta name=\"description\" content=\"Argan\u00f6l aus Marokko von einem verifizierten Lieferanten. Es hat keinen unangenehmen Geruch! Es kann problemlos f\u00fcr Kosmetika verwendet werden.\" \/>\n<meta name=\"robots\" content=\"index, follow, max-snippet:-1, max-image-preview:large, max-video-preview:-1\" \/>\n<link rel=\"canonical\" href=\"https:\/\/naturalpoland.com\/de\/produkte\/produkte-fur-die-kosmetikindustrie\/kosmetische-ole\/arganol\/\" \/>\n<meta property=\"og:locale\" content=\"de_DE\" \/>\n<meta property=\"og:type\" content=\"article\" \/>\n<meta property=\"og:title\" content=\"Argan\u00f6l - Gro\u00dfhandelsvertrieb\" \/>\n<meta property=\"og:description\" content=\"Argan\u00f6l aus Marokko von einem verifizierten Lieferanten. Es hat keinen unangenehmen Geruch! Es kann problemlos f\u00fcr Kosmetika verwendet werden.\" \/>\n<meta property=\"og:url\" content=\"https:\/\/naturalpoland.com\/de\/produkte\/produkte-fur-die-kosmetikindustrie\/kosmetische-ole\/arganol\/\" \/>\n<meta property=\"og:site_name\" content=\"NATURAL POLAND - IMPORT UND HANDEL VON ROHSTOFFEN\" \/>\n<meta property=\"article:publisher\" content=\"https:\/\/www.facebook.com\/naturalpoland.b2b\" \/>\n<meta property=\"article:modified_time\" content=\"2025-09-09T11:23:15+00:00\" \/>\n<meta property=\"og:image\" content=\"https:\/\/naturalpoland.com\/wp-content\/uploads\/argan-oil.webp\" \/>\n\t<meta property=\"og:image:width\" content=\"619\" \/>\n\t<meta property=\"og:image:height\" content=\"619\" \/>\n\t<meta property=\"og:image:type\" content=\"image\/webp\" \/>\n<script type=\"application\/ld+json\" class=\"yoast-schema-graph\">{\"@context\":\"https:\\\/\\\/schema.org\",\"@graph\":[{\"@type\":\"WebPage\",\"@id\":\"https:\\\/\\\/naturalpoland.com\\\/de\\\/produkte\\\/produkte-fur-die-kosmetikindustrie\\\/kosmetische-ole\\\/arganol\\\/\",\"url\":\"https:\\\/\\\/naturalpoland.com\\\/de\\\/produkte\\\/produkte-fur-die-kosmetikindustrie\\\/kosmetische-ole\\\/arganol\\\/\",\"name\":\"Argan\u00f6l - Gro\u00dfhandelsvertrieb\",\"isPartOf\":{\"@id\":\"https:\\\/\\\/naturalpoland.com\\\/de\\\/#website\"},\"primaryImageOfPage\":{\"@id\":\"https:\\\/\\\/naturalpoland.com\\\/de\\\/produkte\\\/produkte-fur-die-kosmetikindustrie\\\/kosmetische-ole\\\/arganol\\\/#primaryimage\"},\"image\":{\"@id\":\"https:\\\/\\\/naturalpoland.com\\\/de\\\/produkte\\\/produkte-fur-die-kosmetikindustrie\\\/kosmetische-ole\\\/arganol\\\/#primaryimage\"},\"thumbnailUrl\":\"https:\\\/\\\/naturalpoland.com\\\/wp-content\\\/uploads\\\/argan-oil.webp\",\"datePublished\":\"2021-05-11T11:48:55+00:00\",\"dateModified\":\"2025-09-09T11:23:15+00:00\",\"description\":\"Argan\u00f6l aus Marokko von einem verifizierten Lieferanten. Es hat keinen unangenehmen Geruch! Es kann problemlos f\u00fcr Kosmetika verwendet werden.\",\"breadcrumb\":{\"@id\":\"https:\\\/\\\/naturalpoland.com\\\/de\\\/produkte\\\/produkte-fur-die-kosmetikindustrie\\\/kosmetische-ole\\\/arganol\\\/#breadcrumb\"},\"inLanguage\":\"de\",\"potentialAction\":[{\"@type\":\"ReadAction\",\"target\":[\"https:\\\/\\\/naturalpoland.com\\\/de\\\/produkte\\\/produkte-fur-die-kosmetikindustrie\\\/kosmetische-ole\\\/arganol\\\/\"]}]},{\"@type\":\"ImageObject\",\"inLanguage\":\"de\",\"@id\":\"https:\\\/\\\/naturalpoland.com\\\/de\\\/produkte\\\/produkte-fur-die-kosmetikindustrie\\\/kosmetische-ole\\\/arganol\\\/#primaryimage\",\"url\":\"https:\\\/\\\/naturalpoland.com\\\/wp-content\\\/uploads\\\/argan-oil.webp\",\"contentUrl\":\"https:\\\/\\\/naturalpoland.com\\\/wp-content\\\/uploads\\\/argan-oil.webp\",\"width\":619,\"height\":619,\"caption\":\"olej arganowy\"},{\"@type\":\"BreadcrumbList\",\"@id\":\"https:\\\/\\\/naturalpoland.com\\\/de\\\/produkte\\\/produkte-fur-die-kosmetikindustrie\\\/kosmetische-ole\\\/arganol\\\/#breadcrumb\",\"itemListElement\":[{\"@type\":\"ListItem\",\"position\":1,\"name\":\"Startseite\",\"item\":\"https:\\\/\\\/naturalpoland.com\\\/de\\\/\"},{\"@type\":\"ListItem\",\"position\":2,\"name\":\"Produkte\",\"item\":\"https:\\\/\\\/naturalpoland.com\\\/de\\\/produkte\\\/\"},{\"@type\":\"ListItem\",\"position\":3,\"name\":\"Argan\u00f6l\"}]},{\"@type\":\"WebSite\",\"@id\":\"https:\\\/\\\/naturalpoland.com\\\/de\\\/#website\",\"url\":\"https:\\\/\\\/naturalpoland.com\\\/de\\\/\",\"name\":\"NATURAL POLAND - IMPORT UND HANDEL VON ROHSTOFFEN\",\"description\":\"Rohstoffe f\u00fcr die Lebensmittelindustrie, Kosmetikindustrie, Pharmaindustrie\",\"publisher\":{\"@id\":\"https:\\\/\\\/naturalpoland.com\\\/de\\\/#organization\"},\"potentialAction\":[{\"@type\":\"SearchAction\",\"target\":{\"@type\":\"EntryPoint\",\"urlTemplate\":\"https:\\\/\\\/naturalpoland.com\\\/de\\\/?s={search_term_string}\"},\"query-input\":{\"@type\":\"PropertyValueSpecification\",\"valueRequired\":true,\"valueName\":\"search_term_string\"}}],\"inLanguage\":\"de\"},{\"@type\":\"Organization\",\"@id\":\"https:\\\/\\\/naturalpoland.com\\\/de\\\/#organization\",\"name\":\"Natural Poland\",\"url\":\"https:\\\/\\\/naturalpoland.com\\\/de\\\/\",\"logo\":{\"@type\":\"ImageObject\",\"inLanguage\":\"de\",\"@id\":\"https:\\\/\\\/naturalpoland.com\\\/de\\\/#\\\/schema\\\/logo\\\/image\\\/\",\"url\":\"https:\\\/\\\/naturalpoland.com\\\/wp-content\\\/uploads\\\/2021\\\/05\\\/natural-poland-icon.png\",\"contentUrl\":\"https:\\\/\\\/naturalpoland.com\\\/wp-content\\\/uploads\\\/2021\\\/05\\\/natural-poland-icon.png\",\"width\":512,\"height\":512,\"caption\":\"Natural Poland\"},\"image\":{\"@id\":\"https:\\\/\\\/naturalpoland.com\\\/de\\\/#\\\/schema\\\/logo\\\/image\\\/\"},\"sameAs\":[\"https:\\\/\\\/www.facebook.com\\\/naturalpoland.b2b\",\"https:\\\/\\\/pl.linkedin.com\\\/company\\\/natural-poland\",\"https:\\\/\\\/www.youtube.com\\\/channel\\\/UCgeGGkvOMahZo-xu_MSEWxg\"]}]}<\/script>\n<!-- \/ Yoast SEO plugin. -->","yoast_head_json":{"title":"Argan\u00f6l - Gro\u00dfhandelsvertrieb","description":"Argan\u00f6l aus Marokko von einem verifizierten Lieferanten. Es hat keinen unangenehmen Geruch! Es kann problemlos f\u00fcr Kosmetika verwendet werden.","robots":{"index":"index","follow":"follow","max-snippet":"max-snippet:-1","max-image-preview":"max-image-preview:large","max-video-preview":"max-video-preview:-1"},"canonical":"https:\/\/naturalpoland.com\/de\/produkte\/produkte-fur-die-kosmetikindustrie\/kosmetische-ole\/arganol\/","og_locale":"de_DE","og_type":"article","og_title":"Argan\u00f6l - Gro\u00dfhandelsvertrieb","og_description":"Argan\u00f6l aus Marokko von einem verifizierten Lieferanten. Es hat keinen unangenehmen Geruch! Es kann problemlos f\u00fcr Kosmetika verwendet werden.","og_url":"https:\/\/naturalpoland.com\/de\/produkte\/produkte-fur-die-kosmetikindustrie\/kosmetische-ole\/arganol\/","og_site_name":"NATURAL POLAND - IMPORT UND HANDEL VON ROHSTOFFEN","article_publisher":"https:\/\/www.facebook.com\/naturalpoland.b2b","article_modified_time":"2025-09-09T11:23:15+00:00","og_image":[{"width":619,"height":619,"url":"https:\/\/naturalpoland.com\/wp-content\/uploads\/argan-oil.webp","type":"image\/webp"}],"schema":{"@context":"https:\/\/schema.org","@graph":[{"@type":"WebPage","@id":"https:\/\/naturalpoland.com\/de\/produkte\/produkte-fur-die-kosmetikindustrie\/kosmetische-ole\/arganol\/","url":"https:\/\/naturalpoland.com\/de\/produkte\/produkte-fur-die-kosmetikindustrie\/kosmetische-ole\/arganol\/","name":"Argan\u00f6l - Gro\u00dfhandelsvertrieb","isPartOf":{"@id":"https:\/\/naturalpoland.com\/de\/#website"},"primaryImageOfPage":{"@id":"https:\/\/naturalpoland.com\/de\/produkte\/produkte-fur-die-kosmetikindustrie\/kosmetische-ole\/arganol\/#primaryimage"},"image":{"@id":"https:\/\/naturalpoland.com\/de\/produkte\/produkte-fur-die-kosmetikindustrie\/kosmetische-ole\/arganol\/#primaryimage"},"thumbnailUrl":"https:\/\/naturalpoland.com\/wp-content\/uploads\/argan-oil.webp","datePublished":"2021-05-11T11:48:55+00:00","dateModified":"2025-09-09T11:23:15+00:00","description":"Argan\u00f6l aus Marokko von einem verifizierten Lieferanten. Es hat keinen unangenehmen Geruch! Es kann problemlos f\u00fcr Kosmetika verwendet werden.","breadcrumb":{"@id":"https:\/\/naturalpoland.com\/de\/produkte\/produkte-fur-die-kosmetikindustrie\/kosmetische-ole\/arganol\/#breadcrumb"},"inLanguage":"de","potentialAction":[{"@type":"ReadAction","target":["https:\/\/naturalpoland.com\/de\/produkte\/produkte-fur-die-kosmetikindustrie\/kosmetische-ole\/arganol\/"]}]},{"@type":"ImageObject","inLanguage":"de","@id":"https:\/\/naturalpoland.com\/de\/produkte\/produkte-fur-die-kosmetikindustrie\/kosmetische-ole\/arganol\/#primaryimage","url":"https:\/\/naturalpoland.com\/wp-content\/uploads\/argan-oil.webp","contentUrl":"https:\/\/naturalpoland.com\/wp-content\/uploads\/argan-oil.webp","width":619,"height":619,"caption":"olej arganowy"},{"@type":"BreadcrumbList","@id":"https:\/\/naturalpoland.com\/de\/produkte\/produkte-fur-die-kosmetikindustrie\/kosmetische-ole\/arganol\/#breadcrumb","itemListElement":[{"@type":"ListItem","position":1,"name":"Startseite","item":"https:\/\/naturalpoland.com\/de\/"},{"@type":"ListItem","position":2,"name":"Produkte","item":"https:\/\/naturalpoland.com\/de\/produkte\/"},{"@type":"ListItem","position":3,"name":"Argan\u00f6l"}]},{"@type":"WebSite","@id":"https:\/\/naturalpoland.com\/de\/#website","url":"https:\/\/naturalpoland.com\/de\/","name":"NATURAL POLAND - IMPORT UND HANDEL VON ROHSTOFFEN","description":"Rohstoffe f\u00fcr die Lebensmittelindustrie, Kosmetikindustrie, Pharmaindustrie","publisher":{"@id":"https:\/\/naturalpoland.com\/de\/#organization"},"potentialAction":[{"@type":"SearchAction","target":{"@type":"EntryPoint","urlTemplate":"https:\/\/naturalpoland.com\/de\/?s={search_term_string}"},"query-input":{"@type":"PropertyValueSpecification","valueRequired":true,"valueName":"search_term_string"}}],"inLanguage":"de"},{"@type":"Organization","@id":"https:\/\/naturalpoland.com\/de\/#organization","name":"Natural Poland","url":"https:\/\/naturalpoland.com\/de\/","logo":{"@type":"ImageObject","inLanguage":"de","@id":"https:\/\/naturalpoland.com\/de\/#\/schema\/logo\/image\/","url":"https:\/\/naturalpoland.com\/wp-content\/uploads\/2021\/05\/natural-poland-icon.png","contentUrl":"https:\/\/naturalpoland.com\/wp-content\/uploads\/2021\/05\/natural-poland-icon.png","width":512,"height":512,"caption":"Natural Poland"},"image":{"@id":"https:\/\/naturalpoland.com\/de\/#\/schema\/logo\/image\/"},"sameAs":["https:\/\/www.facebook.com\/naturalpoland.b2b","https:\/\/pl.linkedin.com\/company\/natural-poland","https:\/\/www.youtube.com\/channel\/UCgeGGkvOMahZo-xu_MSEWxg"]}]}},"_links":{"self":[{"href":"https:\/\/naturalpoland.com\/de\/wp-json\/wp\/v2\/product\/4652","targetHints":{"allow":["GET"]}}],"collection":[{"href":"https:\/\/naturalpoland.com\/de\/wp-json\/wp\/v2\/product"}],"about":[{"href":"https:\/\/naturalpoland.com\/de\/wp-json\/wp\/v2\/types\/product"}],"wp:featuredmedia":[{"embeddable":true,"href":"https:\/\/naturalpoland.com\/de\/wp-json\/wp\/v2\/media\/36023"}],"wp:attachment":[{"href":"https:\/\/naturalpoland.com\/de\/wp-json\/wp\/v2\/media?parent=4652"}],"wp:term":[{"taxonomy":"product_brand","embeddable":true,"href":"https:\/\/naturalpoland.com\/de\/wp-json\/wp\/v2\/product_brand?post=4652"},{"taxonomy":"product_cat","embeddable":true,"href":"https:\/\/naturalpoland.com\/de\/wp-json\/wp\/v2\/product_cat?post=4652"},{"taxonomy":"product_tag","embeddable":true,"href":"https:\/\/naturalpoland.com\/de\/wp-json\/wp\/v2\/product_tag?post=4652"}],"curies":[{"name":"wp","href":"https:\/\/api.w.org\/{rel}","templated":true}]}}