{"id":4657,"date":"2021-05-11T13:50:09","date_gmt":"2021-06-25T12:40:53","guid":{"rendered":"https:\/\/naturalpoland.pl\/produkty\/unkategorisiert\/schwarzkuemmel-nigella-samenoel\/"},"modified":"2024-06-13T13:20:45","modified_gmt":"2024-06-13T11:20:45","slug":"nigellasamenol","status":"publish","type":"product","link":"https:\/\/naturalpoland.com\/de\/produkte\/produkte-fur-die-kosmetikindustrie\/kosmetische-ole\/nigellasamenol\/","title":{"rendered":"Schwarzk\u00fcmmel\u00f6l"},"content":{"rendered":"<h2>Produktionsprozess<\/h2>\n<p><strong>Kaltgepresst und unraffiniert,<\/strong> beh\u00e4lt dieses \u00d6l alle wertvollen N\u00e4hrstoffe, was es f\u00fcr viele Anwendungen \u00e4u\u00dferst wertvoll macht. Kaltpressung, die alle wertvollen N\u00e4hrstoffe bewahrt und sicherstellt, dass das \u00d6l unraffiniert und frei von chemischen Zus\u00e4tzen bleibt.<\/p>\n<h2>N\u00e4hrstoffe<\/h2>\n<p>Schwarzk\u00fcmmel\u00f6l enth\u00e4lt hohe Konzentrationen an <strong>Omega-3-<\/strong> und <strong>Omega-6-Fetts\u00e4uren<\/strong> und <strong>Linols\u00e4ure<\/strong>, die f\u00fcr ihre positive Wirkung auf die kardiovaskul\u00e4re Gesundheit bekannt sind.<br \/>\nDar\u00fcber hinaus enth\u00e4lt es <strong>Thymochinon<\/strong> und <strong>Nigellon<\/strong>, bioaktive Verbindungen, die bei der Behandlung von Allergien wirksam sind, indem sie die Histaminsekretion blockieren. <\/p>\n<h2>Gesundheitliche Eigenschaften von Kreuzk\u00fcmmel\u00f6l<\/h2>\n<p>Dieses Produkt ist besonders f\u00fcr diejenigen zu empfehlen, die ihren Cholesterin- und Blutzuckerspiegel kontrollieren m\u00f6chten.<br \/>\nSchwarzk\u00fcmmel\u00f6l reguliert den Kohlenhydratstoffwechsel und senkt den Blutzuckerspiegel nach einer Mahlzeit, wodurch es bei der Vorbeugung von Insulinresistenz und Diabetes Typ 2 hilfreich ist.<br \/>\nSeine antihistaminische Wirkung macht es au\u00dferdem zu einer Unterst\u00fctzung bei der Behandlung von Allergien.  <\/p>\n<h2>Kosmetische Verwendung<\/h2>\n<p>In der Kosmetikindustrie wird Nigella\u00f6l f\u00fcr seine feuchtigkeitsspendenden, regenerierenden und entz\u00fcndungshemmenden Eigenschaften gesch\u00e4tzt.<br \/>\nEs ist ideal f\u00fcr trockene, empfindliche und problematische Haut.<br \/>\nBei regelm\u00e4\u00dfiger Anwendung kann es helfen, Hautentz\u00fcndungen zu lindern und die nat\u00fcrlichen Regenerationsprozesse zu unterst\u00fctzen.  <\/p>\n<h2>Unterst\u00fctzung des Immunsystems<\/h2>\n<p>Nigellasamen\u00f6l unterst\u00fctzt dank seiner antiviralen und antibakteriellen Eigenschaften auch das Immunsystem.<br \/>\nEs hilft, den K\u00f6rper vor verschiedenen Krankheitserregern zu sch\u00fctzen. <\/p>\n<h2>Lagerung und Verpackung<\/h2>\n<p>Schwarzk\u00fcmmel\u00f6l sollte bei Temperaturen unter 20\u00b0C, an einem dunklen Ort und vor Sonnenlicht gesch\u00fctzt gelagert werden. Nach dem \u00d6ffnen im K\u00fchlschrank aufbewahren. Das Produkt ist in zugelassenen Kunststoffeimern (20l) und dunklen Glasflaschen (250ml, 500ml, 1000ml) verpackt. Die Verpackung entspricht der Verordnung (EG) Nr. 1935\/2004.<\/p>\n<h3><\/h3>\n<h2>N\u00e4hrwertangaben (pro 100g)<\/h2>\n<ul>\n<li><strong>Energiewert:<\/strong> 3620 kJ\/864 kcal<\/li>\n<li><strong>Fett:<\/strong> 96.2g\n<ul>\n<li><strong>Ges\u00e4ttigte Fetts\u00e4uren:<\/strong> 14.6g<\/li>\n<li><strong>Einfach unges\u00e4ttigte Fetts\u00e4uren:<\/strong> 23.8g<\/li>\n<li><strong>Mehrfach unges\u00e4ttigte Fetts\u00e4uren:<\/strong> 53,3 g (davon Omega-6: 52,8 g)<\/li>\n<\/ul>\n<\/li>\n<li><strong>Kohlenhydrate:<\/strong> 2.6g (davon Zucker: 0g)<\/li>\n<li><strong>Eiwei\u00df:<\/strong> 0.7g<\/li>\n<li><strong>Salz:<\/strong> 0g<\/li>\n<\/ul>\n","protected":false},"excerpt":{"rendered":"<p>Als Gro\u00dfh\u00e4ndler f\u00fcr Nigellasamen\u00f6l bieten wir ein Produkt von h\u00f6chster Lebensmittelqualit\u00e4t an, das in einer Vielzahl von Branchen verwendet wird &#8211; von Lebensmitteln \u00fcber Pharmazeutika bis hin zu Kosmetika.<\/p>\n","protected":false},"featured_media":7059,"template":"","meta":[],"product_brand":[],"product_cat":[384,386,383],"product_tag":[],"class_list":{"0":"post-4657","1":"product","2":"type-product","3":"status-publish","4":"has-post-thumbnail","6":"product_cat-kosmetische-ole","7":"product_cat-speiseole-und-kosmetikole","8":"product_cat-speiseole","9":"pa_czesc-rosliny-samen","10":"pa_metoda-pozyskiwania-kaltpressung","12":"first","13":"instock","14":"shipping-taxable","15":"product-type-simple"},"yoast_head":"<!-- This site is optimized with the Yoast SEO plugin v27.3 - https:\/\/yoast.com\/product\/yoast-seo-wordpress\/ -->\n<title>Schwarzk\u00fcmmel\u00f6l - NATURAL POLAND - IMPORT UND HANDEL VON ROHSTOFFEN<\/title>\n<meta name=\"description\" content=\"Nigella-\u00d6l ist unraffiniert, so dass es viele seiner nat\u00fcrlichen Eigenschaften beibeh\u00e4lt. Das \u00d6l enth\u00e4lt eine hohe Konzentration an unges\u00e4ttigten S\u00e4uren.\" \/>\n<meta name=\"robots\" content=\"index, follow, max-snippet:-1, max-image-preview:large, max-video-preview:-1\" \/>\n<link rel=\"canonical\" href=\"https:\/\/naturalpoland.com\/de\/produkte\/produkte-fur-die-kosmetikindustrie\/kosmetische-ole\/nigellasamenol\/\" \/>\n<meta property=\"og:locale\" content=\"de_DE\" \/>\n<meta property=\"og:type\" content=\"article\" \/>\n<meta property=\"og:title\" content=\"Schwarzk\u00fcmmel\u00f6l - NATURAL POLAND - IMPORT UND HANDEL VON ROHSTOFFEN\" \/>\n<meta property=\"og:description\" content=\"Nigella-\u00d6l ist unraffiniert, so dass es viele seiner nat\u00fcrlichen Eigenschaften beibeh\u00e4lt. Das \u00d6l enth\u00e4lt eine hohe Konzentration an unges\u00e4ttigten S\u00e4uren.\" \/>\n<meta property=\"og:url\" content=\"https:\/\/naturalpoland.com\/de\/produkte\/produkte-fur-die-kosmetikindustrie\/kosmetische-ole\/nigellasamenol\/\" \/>\n<meta property=\"og:site_name\" content=\"NATURAL POLAND - IMPORT UND HANDEL VON ROHSTOFFEN\" \/>\n<meta property=\"article:publisher\" content=\"https:\/\/www.facebook.com\/naturalpoland.b2b\" \/>\n<meta property=\"article:modified_time\" content=\"2024-06-13T11:20:45+00:00\" \/>\n<meta property=\"og:image\" content=\"https:\/\/naturalpoland.com\/wp-content\/uploads\/kminek-1.jpg\" \/>\n\t<meta property=\"og:image:width\" content=\"650\" \/>\n\t<meta property=\"og:image:height\" content=\"650\" \/>\n\t<meta property=\"og:image:type\" content=\"image\/jpeg\" \/>\n<script type=\"application\/ld+json\" class=\"yoast-schema-graph\">{\"@context\":\"https:\\\/\\\/schema.org\",\"@graph\":[{\"@type\":\"WebPage\",\"@id\":\"https:\\\/\\\/naturalpoland.com\\\/de\\\/produkte\\\/produkte-fur-die-kosmetikindustrie\\\/kosmetische-ole\\\/nigellasamenol\\\/\",\"url\":\"https:\\\/\\\/naturalpoland.com\\\/de\\\/produkte\\\/produkte-fur-die-kosmetikindustrie\\\/kosmetische-ole\\\/nigellasamenol\\\/\",\"name\":\"Schwarzk\u00fcmmel\u00f6l - NATURAL POLAND - IMPORT UND HANDEL VON ROHSTOFFEN\",\"isPartOf\":{\"@id\":\"https:\\\/\\\/naturalpoland.com\\\/de\\\/#website\"},\"primaryImageOfPage\":{\"@id\":\"https:\\\/\\\/naturalpoland.com\\\/de\\\/produkte\\\/produkte-fur-die-kosmetikindustrie\\\/kosmetische-ole\\\/nigellasamenol\\\/#primaryimage\"},\"image\":{\"@id\":\"https:\\\/\\\/naturalpoland.com\\\/de\\\/produkte\\\/produkte-fur-die-kosmetikindustrie\\\/kosmetische-ole\\\/nigellasamenol\\\/#primaryimage\"},\"thumbnailUrl\":\"https:\\\/\\\/naturalpoland.com\\\/wp-content\\\/uploads\\\/kminek-1.jpg\",\"datePublished\":\"2021-06-25T12:40:53+00:00\",\"dateModified\":\"2024-06-13T11:20:45+00:00\",\"description\":\"Nigella-\u00d6l ist unraffiniert, so dass es viele seiner nat\u00fcrlichen Eigenschaften beibeh\u00e4lt. Das \u00d6l enth\u00e4lt eine hohe Konzentration an unges\u00e4ttigten S\u00e4uren.\",\"breadcrumb\":{\"@id\":\"https:\\\/\\\/naturalpoland.com\\\/de\\\/produkte\\\/produkte-fur-die-kosmetikindustrie\\\/kosmetische-ole\\\/nigellasamenol\\\/#breadcrumb\"},\"inLanguage\":\"de\",\"potentialAction\":[{\"@type\":\"ReadAction\",\"target\":[\"https:\\\/\\\/naturalpoland.com\\\/de\\\/produkte\\\/produkte-fur-die-kosmetikindustrie\\\/kosmetische-ole\\\/nigellasamenol\\\/\"]}]},{\"@type\":\"ImageObject\",\"inLanguage\":\"de\",\"@id\":\"https:\\\/\\\/naturalpoland.com\\\/de\\\/produkte\\\/produkte-fur-die-kosmetikindustrie\\\/kosmetische-ole\\\/nigellasamenol\\\/#primaryimage\",\"url\":\"https:\\\/\\\/naturalpoland.com\\\/wp-content\\\/uploads\\\/kminek-1.jpg\",\"contentUrl\":\"https:\\\/\\\/naturalpoland.com\\\/wp-content\\\/uploads\\\/kminek-1.jpg\",\"width\":650,\"height\":650,\"caption\":\"Olej z nasion czarnego kminku (czarnuszki siewnej)\"},{\"@type\":\"BreadcrumbList\",\"@id\":\"https:\\\/\\\/naturalpoland.com\\\/de\\\/produkte\\\/produkte-fur-die-kosmetikindustrie\\\/kosmetische-ole\\\/nigellasamenol\\\/#breadcrumb\",\"itemListElement\":[{\"@type\":\"ListItem\",\"position\":1,\"name\":\"Startseite\",\"item\":\"https:\\\/\\\/naturalpoland.com\\\/de\\\/\"},{\"@type\":\"ListItem\",\"position\":2,\"name\":\"Produkte\",\"item\":\"https:\\\/\\\/naturalpoland.com\\\/de\\\/produkte\\\/\"},{\"@type\":\"ListItem\",\"position\":3,\"name\":\"Schwarzk\u00fcmmel\u00f6l\"}]},{\"@type\":\"WebSite\",\"@id\":\"https:\\\/\\\/naturalpoland.com\\\/de\\\/#website\",\"url\":\"https:\\\/\\\/naturalpoland.com\\\/de\\\/\",\"name\":\"NATURAL POLAND - IMPORT UND HANDEL VON ROHSTOFFEN\",\"description\":\"Rohstoffe f\u00fcr die Lebensmittelindustrie, Kosmetikindustrie, Pharmaindustrie\",\"publisher\":{\"@id\":\"https:\\\/\\\/naturalpoland.com\\\/de\\\/#organization\"},\"potentialAction\":[{\"@type\":\"SearchAction\",\"target\":{\"@type\":\"EntryPoint\",\"urlTemplate\":\"https:\\\/\\\/naturalpoland.com\\\/de\\\/?s={search_term_string}\"},\"query-input\":{\"@type\":\"PropertyValueSpecification\",\"valueRequired\":true,\"valueName\":\"search_term_string\"}}],\"inLanguage\":\"de\"},{\"@type\":\"Organization\",\"@id\":\"https:\\\/\\\/naturalpoland.com\\\/de\\\/#organization\",\"name\":\"Natural Poland\",\"url\":\"https:\\\/\\\/naturalpoland.com\\\/de\\\/\",\"logo\":{\"@type\":\"ImageObject\",\"inLanguage\":\"de\",\"@id\":\"https:\\\/\\\/naturalpoland.com\\\/de\\\/#\\\/schema\\\/logo\\\/image\\\/\",\"url\":\"https:\\\/\\\/naturalpoland.com\\\/wp-content\\\/uploads\\\/2021\\\/05\\\/natural-poland-icon.png\",\"contentUrl\":\"https:\\\/\\\/naturalpoland.com\\\/wp-content\\\/uploads\\\/2021\\\/05\\\/natural-poland-icon.png\",\"width\":512,\"height\":512,\"caption\":\"Natural Poland\"},\"image\":{\"@id\":\"https:\\\/\\\/naturalpoland.com\\\/de\\\/#\\\/schema\\\/logo\\\/image\\\/\"},\"sameAs\":[\"https:\\\/\\\/www.facebook.com\\\/naturalpoland.b2b\",\"https:\\\/\\\/pl.linkedin.com\\\/company\\\/natural-poland\",\"https:\\\/\\\/www.youtube.com\\\/channel\\\/UCgeGGkvOMahZo-xu_MSEWxg\"]}]}<\/script>\n<!-- \/ Yoast SEO plugin. -->","yoast_head_json":{"title":"Schwarzk\u00fcmmel\u00f6l - NATURAL POLAND - IMPORT UND HANDEL VON ROHSTOFFEN","description":"Nigella-\u00d6l ist unraffiniert, so dass es viele seiner nat\u00fcrlichen Eigenschaften beibeh\u00e4lt. Das \u00d6l enth\u00e4lt eine hohe Konzentration an unges\u00e4ttigten S\u00e4uren.","robots":{"index":"index","follow":"follow","max-snippet":"max-snippet:-1","max-image-preview":"max-image-preview:large","max-video-preview":"max-video-preview:-1"},"canonical":"https:\/\/naturalpoland.com\/de\/produkte\/produkte-fur-die-kosmetikindustrie\/kosmetische-ole\/nigellasamenol\/","og_locale":"de_DE","og_type":"article","og_title":"Schwarzk\u00fcmmel\u00f6l - NATURAL POLAND - IMPORT UND HANDEL VON ROHSTOFFEN","og_description":"Nigella-\u00d6l ist unraffiniert, so dass es viele seiner nat\u00fcrlichen Eigenschaften beibeh\u00e4lt. Das \u00d6l enth\u00e4lt eine hohe Konzentration an unges\u00e4ttigten S\u00e4uren.","og_url":"https:\/\/naturalpoland.com\/de\/produkte\/produkte-fur-die-kosmetikindustrie\/kosmetische-ole\/nigellasamenol\/","og_site_name":"NATURAL POLAND - IMPORT UND HANDEL VON ROHSTOFFEN","article_publisher":"https:\/\/www.facebook.com\/naturalpoland.b2b","article_modified_time":"2024-06-13T11:20:45+00:00","og_image":[{"width":650,"height":650,"url":"https:\/\/naturalpoland.com\/wp-content\/uploads\/kminek-1.jpg","type":"image\/jpeg"}],"schema":{"@context":"https:\/\/schema.org","@graph":[{"@type":"WebPage","@id":"https:\/\/naturalpoland.com\/de\/produkte\/produkte-fur-die-kosmetikindustrie\/kosmetische-ole\/nigellasamenol\/","url":"https:\/\/naturalpoland.com\/de\/produkte\/produkte-fur-die-kosmetikindustrie\/kosmetische-ole\/nigellasamenol\/","name":"Schwarzk\u00fcmmel\u00f6l - NATURAL POLAND - IMPORT UND HANDEL VON ROHSTOFFEN","isPartOf":{"@id":"https:\/\/naturalpoland.com\/de\/#website"},"primaryImageOfPage":{"@id":"https:\/\/naturalpoland.com\/de\/produkte\/produkte-fur-die-kosmetikindustrie\/kosmetische-ole\/nigellasamenol\/#primaryimage"},"image":{"@id":"https:\/\/naturalpoland.com\/de\/produkte\/produkte-fur-die-kosmetikindustrie\/kosmetische-ole\/nigellasamenol\/#primaryimage"},"thumbnailUrl":"https:\/\/naturalpoland.com\/wp-content\/uploads\/kminek-1.jpg","datePublished":"2021-06-25T12:40:53+00:00","dateModified":"2024-06-13T11:20:45+00:00","description":"Nigella-\u00d6l ist unraffiniert, so dass es viele seiner nat\u00fcrlichen Eigenschaften beibeh\u00e4lt. Das \u00d6l enth\u00e4lt eine hohe Konzentration an unges\u00e4ttigten S\u00e4uren.","breadcrumb":{"@id":"https:\/\/naturalpoland.com\/de\/produkte\/produkte-fur-die-kosmetikindustrie\/kosmetische-ole\/nigellasamenol\/#breadcrumb"},"inLanguage":"de","potentialAction":[{"@type":"ReadAction","target":["https:\/\/naturalpoland.com\/de\/produkte\/produkte-fur-die-kosmetikindustrie\/kosmetische-ole\/nigellasamenol\/"]}]},{"@type":"ImageObject","inLanguage":"de","@id":"https:\/\/naturalpoland.com\/de\/produkte\/produkte-fur-die-kosmetikindustrie\/kosmetische-ole\/nigellasamenol\/#primaryimage","url":"https:\/\/naturalpoland.com\/wp-content\/uploads\/kminek-1.jpg","contentUrl":"https:\/\/naturalpoland.com\/wp-content\/uploads\/kminek-1.jpg","width":650,"height":650,"caption":"Olej z nasion czarnego kminku (czarnuszki siewnej)"},{"@type":"BreadcrumbList","@id":"https:\/\/naturalpoland.com\/de\/produkte\/produkte-fur-die-kosmetikindustrie\/kosmetische-ole\/nigellasamenol\/#breadcrumb","itemListElement":[{"@type":"ListItem","position":1,"name":"Startseite","item":"https:\/\/naturalpoland.com\/de\/"},{"@type":"ListItem","position":2,"name":"Produkte","item":"https:\/\/naturalpoland.com\/de\/produkte\/"},{"@type":"ListItem","position":3,"name":"Schwarzk\u00fcmmel\u00f6l"}]},{"@type":"WebSite","@id":"https:\/\/naturalpoland.com\/de\/#website","url":"https:\/\/naturalpoland.com\/de\/","name":"NATURAL POLAND - IMPORT UND HANDEL VON ROHSTOFFEN","description":"Rohstoffe f\u00fcr die Lebensmittelindustrie, Kosmetikindustrie, Pharmaindustrie","publisher":{"@id":"https:\/\/naturalpoland.com\/de\/#organization"},"potentialAction":[{"@type":"SearchAction","target":{"@type":"EntryPoint","urlTemplate":"https:\/\/naturalpoland.com\/de\/?s={search_term_string}"},"query-input":{"@type":"PropertyValueSpecification","valueRequired":true,"valueName":"search_term_string"}}],"inLanguage":"de"},{"@type":"Organization","@id":"https:\/\/naturalpoland.com\/de\/#organization","name":"Natural Poland","url":"https:\/\/naturalpoland.com\/de\/","logo":{"@type":"ImageObject","inLanguage":"de","@id":"https:\/\/naturalpoland.com\/de\/#\/schema\/logo\/image\/","url":"https:\/\/naturalpoland.com\/wp-content\/uploads\/2021\/05\/natural-poland-icon.png","contentUrl":"https:\/\/naturalpoland.com\/wp-content\/uploads\/2021\/05\/natural-poland-icon.png","width":512,"height":512,"caption":"Natural Poland"},"image":{"@id":"https:\/\/naturalpoland.com\/de\/#\/schema\/logo\/image\/"},"sameAs":["https:\/\/www.facebook.com\/naturalpoland.b2b","https:\/\/pl.linkedin.com\/company\/natural-poland","https:\/\/www.youtube.com\/channel\/UCgeGGkvOMahZo-xu_MSEWxg"]}]}},"_links":{"self":[{"href":"https:\/\/naturalpoland.com\/de\/wp-json\/wp\/v2\/product\/4657","targetHints":{"allow":["GET"]}}],"collection":[{"href":"https:\/\/naturalpoland.com\/de\/wp-json\/wp\/v2\/product"}],"about":[{"href":"https:\/\/naturalpoland.com\/de\/wp-json\/wp\/v2\/types\/product"}],"wp:featuredmedia":[{"embeddable":true,"href":"https:\/\/naturalpoland.com\/de\/wp-json\/wp\/v2\/media\/7059"}],"wp:attachment":[{"href":"https:\/\/naturalpoland.com\/de\/wp-json\/wp\/v2\/media?parent=4657"}],"wp:term":[{"taxonomy":"product_brand","embeddable":true,"href":"https:\/\/naturalpoland.com\/de\/wp-json\/wp\/v2\/product_brand?post=4657"},{"taxonomy":"product_cat","embeddable":true,"href":"https:\/\/naturalpoland.com\/de\/wp-json\/wp\/v2\/product_cat?post=4657"},{"taxonomy":"product_tag","embeddable":true,"href":"https:\/\/naturalpoland.com\/de\/wp-json\/wp\/v2\/product_tag?post=4657"}],"curies":[{"name":"wp","href":"https:\/\/api.w.org\/{rel}","templated":true}]}}