{"id":4664,"date":"2021-05-11T13:51:22","date_gmt":"2021-05-11T11:51:22","guid":{"rendered":"https:\/\/naturalpoland.pl\/produkty\/unkategorisiert\/erdbeersamenoel\/"},"modified":"2026-02-05T10:47:34","modified_gmt":"2026-02-05T09:47:34","slug":"erdbeersamenol","status":"publish","type":"product","link":"https:\/\/naturalpoland.com\/de\/produkte\/produkte-fur-die-kosmetikindustrie\/kosmetische-ole\/erdbeersamenol\/","title":{"rendered":"Erdbeersamen\u00f6l"},"content":{"rendered":"<h2 class=\"wp-block-heading\">Erdbeersamen\u00f6l \u2013 Anwendung<\/h2>\n<p>Erdbeersamen\u00f6l hat viele kosmetische Anwendungen. Damit lassen sich Gesichtscremes, Nagel- und Haarpflegeprodukte, Balsame sowie regenerierende und feuchtigkeitsspendende Badezus\u00e4tze herstellen. Daher wird es von Kosmetikherstellern gerne gew\u00e4hlt.  <\/p>\n<p><strong>Anwendungsbeispiele f\u00fcr Erdbeersamen\u00f6l:<\/strong><\/p>\n<ul class=\"wp-block-list\">\n<li>Massage\u00f6l,<\/li>\n<li>Haarmaske,<\/li>\n<li>Nagel\u00f6l,<\/li>\n<li>Make-up-Grundlage<\/li>\n<li>Zusatz zu fertigen Cremes,<\/li>\n<li>Haarserum,<\/li>\n<li>Make-up-Entferner,<\/li>\n<li>Bade\u00f6l.<\/li>\n<\/ul>\n<h3 class=\"wp-block-heading\"><strong>Erdbeersamen\u00f6l f\u00fcr das Gesicht<\/strong><\/h3>\n<p>Erdbeersamen\u00f6l zieht schnell ein, ohne einen fettigen Film auf der Haut zu hinterlassen, wodurch es sich hervorragend als <strong>Make-up-Grundlage<\/strong> eignet. Dieses \u00d6l hat ein nat\u00fcrliches, angenehmes Erdbeeraroma und keine Zus\u00e4tze. Nat\u00fcrliches Erdbeersamen\u00f6l ist gr\u00fcnlich gef\u00e4rbt und besitzt einen charakteristischen, angenehm s\u00fc\u00dfen Duft.  <\/p>\n<p>Es kann <strong>f\u00fcr jeden Hauttyp verwendet werden<\/strong> \u2013 Mischhaut, empfindliche Haut, zu Irritationen neigende Haut, trockene Haut. Es ist wichtig zu beachten, dass das \u00d6l auf die zuvor gereinigte Gesichtshaut aufgetragen werden muss, um seine maximale Wirkung zu entfalten. <\/p>\n<h3 class=\"wp-block-heading\"><strong>Erdbeersamen\u00f6l \u2013 Komedogenit\u00e4t<\/strong><\/h3>\n<p>Himbeersamen\u00f6l ist nicht komedogen \u2013 das bedeutet, es verstopft die Poren nicht und verursacht keine neuen Mitesser. Es eignet sich hervorragend f\u00fcr die t\u00e4gliche Pflege. <\/p>\n<h3><strong>Erdbeersamen\u00f6l f\u00fcr die Haare<\/strong><\/h3>\n<p>Zus\u00e4tzlich <strong>wirkt Erdbeersamen\u00f6l vorteilhaft auf das Haar<\/strong>. Es beugt Spliss vor, gl\u00e4ttet und spendet Feuchtigkeit. Die <strong>Anwendung von Erdbeersamen\u00f6l als Haarsp\u00fclung<\/strong> macht das Haar elastischer, gen\u00e4hrter und verleiht ihm neuen Glanz. <\/p>\n<h2 class=\"wp-block-heading\">Erdbeersamen\u00f6l \u2013 Eigenschaften<\/h2>\n<p>Erdbeer\u00f6l spendet der Haut langanhaltend Feuchtigkeit. Es ist ein sehr ergiebiges Produkt, zieht schnell ein, verstopft die Poren nicht und hinterl\u00e4sst keine fettigen Flecken. <\/p>\n<p>Zu den weiteren Vorteilen der <strong>Anwendung von Erdbeersamen\u00f6l<\/strong> geh\u00f6ren: Anti-Falten-Wirkung, Wasserr\u00fcckhalt in der Epidermis (verhindert TEWL), Linderung von Irritationen und Entz\u00fcndungen. Dieses \u00d6l kann den Kampf gegen Akne wirksam unterst\u00fctzen, regeneriert die Haut, spendet Haar und Haut Feuchtigkeit. Es besitzt auch <strong>adstringierende Eigenschaften<\/strong> \u2013 ideal f\u00fcr Anti-Aging-Pr\u00e4parate.  <\/p>\n<p>In Pflegekosmetika bildet es eine Schutzschicht, spendet Feuchtigkeit, gl\u00e4ttet und reduziert Entz\u00fcndungen. In K\u00f6rperkosmetika \u2013 wie Balsamen und Cremes \u2013 wirkt es feuchtigkeitsspendend, hilft die Haut zu straffen und zu regenerieren. <\/p>\n<h2 class=\"wp-block-heading\">Wie verwendet man Erdbeersamen\u00f6l?<\/h2>\n<p>Dieses \u00d6l kann als eigenst\u00e4ndiges Produkt verwendet werden \u2013 einfach ein paar Tropfen \u00d6l auf die Haut auftragen, sanft einmassieren und einziehen lassen. Eine weitere Anwendungsm\u00f6glichkeit: Einige Tropfen \u00d6l in den H\u00e4nden verteilen und anschlie\u00dfend in die Haarspitzen einmassieren. <\/p>\n<p>Es eignet sich auch hervorragend als Serum f\u00fcr N\u00e4gel und Nagelhaut; einfach das \u00d6l auf die N\u00e4gel auftragen und in die Nagelhaut einmassieren \u2013 es pflegt unsere N\u00e4gel hervorragend. Erdbeersamen\u00f6l kann ein fertiges Kosmetikprodukt anreichern; entnehmen Sie einfach eine kleine Menge des Kosmetikprodukts und geben Sie au\u00dferhalb der Hauptverpackung ein paar Tropfen \u00d6l hinzu, um die vorteilhaften Eigenschaften Ihres t\u00e4glichen Kosmetikprodukts zu verbessern. <\/p>\n<p><strong>Die empfohlene Konzentration in Kosmetika betr\u00e4gt 1-100 %.<\/strong><\/p>\n<h2 class=\"wp-block-heading\">Zusammensetzung von Erdbeersamen\u00f6l:<\/h2>\n<p>Erdbeersamen\u00f6l enth\u00e4lt <a href=\"https:\/\/naturalpoland.com\/de\/produkte\/produkte-fur-die-pharmaindustrie\/vitamine\/vitamin-e\/\"><strong>Vitamin E<\/strong><\/a> und F, Palmitins\u00e4ure, Stearins\u00e4ure, Omega-3- und Omega-6-S\u00e4uren, <a href=\"https:\/\/naturalpoland.com\/de\/produkte\/produkte-fur-die-pharmaindustrie\/nahrungserganzungmittel\/ellagisol-lsme-elagic-acid\/\"><strong>Ellags\u00e4ure<\/strong><\/a>. Letztere geh\u00f6rt zur Gruppe der Antioxidantien, d.h. sie weist entz\u00fcndungshemmende Eigenschaften auf. In diesem \u00d6l sind auch Fetts\u00e4uren wie die folgenden enthalten:  <\/p>\n<ul class=\"wp-block-list\">\n<li><strong>\u00d6ls\u00e4ure<\/strong> \u2013 bildet einen Schutzfilm auf der Hautoberfl\u00e4che, verhindert TEWL, spendet Feuchtigkeit und gl\u00e4ttet.<\/li>\n<li><strong>Linolens\u00e4ure<\/strong> \u2013 wirkt beruhigend, lindert Entz\u00fcndungen, gl\u00e4ttet.<\/li>\n<li><strong>Linols\u00e4ure<\/strong> \u2013 wirkt feuchtigkeitsspendend, kann Entz\u00fcndungen lindern, R\u00f6tungen reduzieren und das Verstopfen der Hautporen verhindern.<\/li>\n<\/ul>\n<h3><strong>Fetts\u00e4urengehalt<\/strong><\/h3>\n<p>&nbsp;<\/p>\n<table>\n<tbody>\n<tr>\n<td>S\u00c4URENAME<\/td>\n<td>C-KETTE<\/td>\n<td>BEREICH (%)<\/td>\n<td>ERGEBNIS<\/td>\n<\/tr>\n<tr>\n<td>LESS<\/td>\n<td>&lt; C16:0<\/td>\n<td>0,1-0,2<\/td>\n<td>0,2<\/td>\n<\/tr>\n<tr>\n<td>PALMITIC<\/td>\n<td>C16:0<\/td>\n<td>3-9,0<\/td>\n<td>4,58<\/td>\n<\/tr>\n<tr>\n<td>STEARIC<\/td>\n<td>C18:0<\/td>\n<td>0,5-4,0<\/td>\n<td>1,61<\/td>\n<\/tr>\n<tr>\n<td>OLEIC<\/td>\n<td>C18:1<\/td>\n<td>14,0-29,0<\/td>\n<td>15,75<\/td>\n<\/tr>\n<tr>\n<td>LINOLEIC<\/td>\n<td>C18:2<\/td>\n<td>35,0-49,0<\/td>\n<td>47,43<\/td>\n<\/tr>\n<tr>\n<td>LINOLENIC<\/td>\n<td>C18:3<\/td>\n<td>25-32,5<\/td>\n<td>29,53<\/td>\n<\/tr>\n<\/tbody>\n<\/table>\n<p>&nbsp;<\/p>\n<p>&nbsp;<\/p>\n<hr>\n<p><strong>Bibliographie:<\/strong><br \/>\nNeue Pflanzen\u00f6le in Kosmetika \u2013 pflegende und heilende Eigenschaften, Paluszkiewicz Ilona, Juli 2019.<\/p>\n","protected":false},"excerpt":{"rendered":"<p>Wir sind ein polnischer Distributor von nat\u00fcrlichem Erdbeersamen\u00f6l (<em>Fragaria Ananassa (Strawberry) Seed Oil<\/em>) in Lebensmittel- und Kosmetikqualit\u00e4t. Das Erdbeersamen\u00f6l ist kaltgepresst und unraffiniert.  Es ist extrem reich an Fetts\u00e4uren sowie an Vitamin A, E und F.<\/p>\n","protected":false},"featured_media":34281,"template":"","meta":{"_acf_changed":false},"product_brand":[],"product_cat":[384,386,383],"product_tag":[],"class_list":{"0":"post-4664","1":"product","2":"type-product","3":"status-publish","4":"has-post-thumbnail","6":"product_cat-kosmetische-ole","7":"product_cat-speiseole-und-kosmetikole","8":"product_cat-speiseole","10":"first","11":"instock","12":"shipping-taxable","13":"product-type-simple"},"acf":[],"yoast_head":"<!-- This site is optimized with the Yoast SEO plugin v27.6 - https:\/\/yoast.com\/product\/yoast-seo-wordpress\/ -->\n<title>Erdbeersamen\u00f6l - NATURAL POLAND - IMPORT UND HANDEL VON ROHSTOFFEN<\/title>\n<meta name=\"description\" content=\"Erdbeersamen\u00f6l wird aus dieser beliebten Frucht durch Kaltpressung der Kerne gewonnen. Es ist extrem reich an Fetts\u00e4uren sowie an Vitamin A, E und F.\" \/>\n<meta name=\"robots\" content=\"index, follow, max-snippet:-1, max-image-preview:large, max-video-preview:-1\" \/>\n<link rel=\"canonical\" href=\"https:\/\/naturalpoland.com\/de\/produkte\/produkte-fur-die-kosmetikindustrie\/kosmetische-ole\/erdbeersamenol\/\" \/>\n<meta property=\"og:locale\" content=\"de_DE\" \/>\n<meta property=\"og:type\" content=\"article\" \/>\n<meta property=\"og:title\" content=\"Erdbeersamen\u00f6l - NATURAL POLAND - IMPORT UND HANDEL VON ROHSTOFFEN\" \/>\n<meta property=\"og:description\" content=\"Erdbeersamen\u00f6l wird aus dieser beliebten Frucht durch Kaltpressung der Kerne gewonnen. Es ist extrem reich an Fetts\u00e4uren sowie an Vitamin A, E und F.\" \/>\n<meta property=\"og:url\" content=\"https:\/\/naturalpoland.com\/de\/produkte\/produkte-fur-die-kosmetikindustrie\/kosmetische-ole\/erdbeersamenol\/\" \/>\n<meta property=\"og:site_name\" content=\"NATURAL POLAND - IMPORT UND HANDEL VON ROHSTOFFEN\" \/>\n<meta property=\"article:publisher\" content=\"https:\/\/www.facebook.com\/naturalpoland.b2b\" \/>\n<meta property=\"article:modified_time\" content=\"2026-02-05T09:47:34+00:00\" \/>\n<meta property=\"og:image\" content=\"https:\/\/naturalpoland.com\/wp-content\/uploads\/olej-z-truskawek.webp\" \/>\n\t<meta property=\"og:image:width\" content=\"615\" \/>\n\t<meta property=\"og:image:height\" content=\"615\" \/>\n\t<meta property=\"og:image:type\" content=\"image\/webp\" \/>\n<script type=\"application\/ld+json\" class=\"yoast-schema-graph\">{\"@context\":\"https:\\\/\\\/schema.org\",\"@graph\":[{\"@type\":\"WebPage\",\"@id\":\"https:\\\/\\\/naturalpoland.com\\\/de\\\/produkte\\\/produkte-fur-die-kosmetikindustrie\\\/kosmetische-ole\\\/erdbeersamenol\\\/\",\"url\":\"https:\\\/\\\/naturalpoland.com\\\/de\\\/produkte\\\/produkte-fur-die-kosmetikindustrie\\\/kosmetische-ole\\\/erdbeersamenol\\\/\",\"name\":\"Erdbeersamen\u00f6l - NATURAL POLAND - IMPORT UND HANDEL VON ROHSTOFFEN\",\"isPartOf\":{\"@id\":\"https:\\\/\\\/naturalpoland.com\\\/de\\\/#website\"},\"primaryImageOfPage\":{\"@id\":\"https:\\\/\\\/naturalpoland.com\\\/de\\\/produkte\\\/produkte-fur-die-kosmetikindustrie\\\/kosmetische-ole\\\/erdbeersamenol\\\/#primaryimage\"},\"image\":{\"@id\":\"https:\\\/\\\/naturalpoland.com\\\/de\\\/produkte\\\/produkte-fur-die-kosmetikindustrie\\\/kosmetische-ole\\\/erdbeersamenol\\\/#primaryimage\"},\"thumbnailUrl\":\"https:\\\/\\\/naturalpoland.com\\\/wp-content\\\/uploads\\\/olej-z-truskawek.webp\",\"datePublished\":\"2021-05-11T11:51:22+00:00\",\"dateModified\":\"2026-02-05T09:47:34+00:00\",\"description\":\"Erdbeersamen\u00f6l wird aus dieser beliebten Frucht durch Kaltpressung der Kerne gewonnen. Es ist extrem reich an Fetts\u00e4uren sowie an Vitamin A, E und F.\",\"breadcrumb\":{\"@id\":\"https:\\\/\\\/naturalpoland.com\\\/de\\\/produkte\\\/produkte-fur-die-kosmetikindustrie\\\/kosmetische-ole\\\/erdbeersamenol\\\/#breadcrumb\"},\"inLanguage\":\"de\",\"potentialAction\":[{\"@type\":\"ReadAction\",\"target\":[\"https:\\\/\\\/naturalpoland.com\\\/de\\\/produkte\\\/produkte-fur-die-kosmetikindustrie\\\/kosmetische-ole\\\/erdbeersamenol\\\/\"]}]},{\"@type\":\"ImageObject\",\"inLanguage\":\"de\",\"@id\":\"https:\\\/\\\/naturalpoland.com\\\/de\\\/produkte\\\/produkte-fur-die-kosmetikindustrie\\\/kosmetische-ole\\\/erdbeersamenol\\\/#primaryimage\",\"url\":\"https:\\\/\\\/naturalpoland.com\\\/wp-content\\\/uploads\\\/olej-z-truskawek.webp\",\"contentUrl\":\"https:\\\/\\\/naturalpoland.com\\\/wp-content\\\/uploads\\\/olej-z-truskawek.webp\",\"width\":615,\"height\":615,\"caption\":\"Erdbeersamen\u00f6l\"},{\"@type\":\"BreadcrumbList\",\"@id\":\"https:\\\/\\\/naturalpoland.com\\\/de\\\/produkte\\\/produkte-fur-die-kosmetikindustrie\\\/kosmetische-ole\\\/erdbeersamenol\\\/#breadcrumb\",\"itemListElement\":[{\"@type\":\"ListItem\",\"position\":1,\"name\":\"Startseite\",\"item\":\"https:\\\/\\\/naturalpoland.com\\\/de\\\/\"},{\"@type\":\"ListItem\",\"position\":2,\"name\":\"Produkte\",\"item\":\"https:\\\/\\\/naturalpoland.com\\\/de\\\/produkte\\\/\"},{\"@type\":\"ListItem\",\"position\":3,\"name\":\"Erdbeersamen\u00f6l\"}]},{\"@type\":\"WebSite\",\"@id\":\"https:\\\/\\\/naturalpoland.com\\\/de\\\/#website\",\"url\":\"https:\\\/\\\/naturalpoland.com\\\/de\\\/\",\"name\":\"NATURAL POLAND - IMPORT UND HANDEL VON ROHSTOFFEN\",\"description\":\"Rohstoffe f\u00fcr die Lebensmittelindustrie, Kosmetikindustrie, Pharmaindustrie\",\"publisher\":{\"@id\":\"https:\\\/\\\/naturalpoland.com\\\/de\\\/#organization\"},\"potentialAction\":[{\"@type\":\"SearchAction\",\"target\":{\"@type\":\"EntryPoint\",\"urlTemplate\":\"https:\\\/\\\/naturalpoland.com\\\/de\\\/?s={search_term_string}\"},\"query-input\":{\"@type\":\"PropertyValueSpecification\",\"valueRequired\":true,\"valueName\":\"search_term_string\"}}],\"inLanguage\":\"de\"},{\"@type\":\"Organization\",\"@id\":\"https:\\\/\\\/naturalpoland.com\\\/de\\\/#organization\",\"name\":\"Natural Poland\",\"url\":\"https:\\\/\\\/naturalpoland.com\\\/de\\\/\",\"logo\":{\"@type\":\"ImageObject\",\"inLanguage\":\"de\",\"@id\":\"https:\\\/\\\/naturalpoland.com\\\/de\\\/#\\\/schema\\\/logo\\\/image\\\/\",\"url\":\"https:\\\/\\\/naturalpoland.com\\\/wp-content\\\/uploads\\\/2021\\\/05\\\/natural-poland-icon.png\",\"contentUrl\":\"https:\\\/\\\/naturalpoland.com\\\/wp-content\\\/uploads\\\/2021\\\/05\\\/natural-poland-icon.png\",\"width\":512,\"height\":512,\"caption\":\"Natural Poland\"},\"image\":{\"@id\":\"https:\\\/\\\/naturalpoland.com\\\/de\\\/#\\\/schema\\\/logo\\\/image\\\/\"},\"sameAs\":[\"https:\\\/\\\/www.facebook.com\\\/naturalpoland.b2b\",\"https:\\\/\\\/pl.linkedin.com\\\/company\\\/natural-poland\",\"https:\\\/\\\/www.youtube.com\\\/channel\\\/UCgeGGkvOMahZo-xu_MSEWxg\"]}]}<\/script>\n<!-- \/ Yoast SEO plugin. -->","yoast_head_json":{"title":"Erdbeersamen\u00f6l - NATURAL POLAND - IMPORT UND HANDEL VON ROHSTOFFEN","description":"Erdbeersamen\u00f6l wird aus dieser beliebten Frucht durch Kaltpressung der Kerne gewonnen. Es ist extrem reich an Fetts\u00e4uren sowie an Vitamin A, E und F.","robots":{"index":"index","follow":"follow","max-snippet":"max-snippet:-1","max-image-preview":"max-image-preview:large","max-video-preview":"max-video-preview:-1"},"canonical":"https:\/\/naturalpoland.com\/de\/produkte\/produkte-fur-die-kosmetikindustrie\/kosmetische-ole\/erdbeersamenol\/","og_locale":"de_DE","og_type":"article","og_title":"Erdbeersamen\u00f6l - NATURAL POLAND - IMPORT UND HANDEL VON ROHSTOFFEN","og_description":"Erdbeersamen\u00f6l wird aus dieser beliebten Frucht durch Kaltpressung der Kerne gewonnen. Es ist extrem reich an Fetts\u00e4uren sowie an Vitamin A, E und F.","og_url":"https:\/\/naturalpoland.com\/de\/produkte\/produkte-fur-die-kosmetikindustrie\/kosmetische-ole\/erdbeersamenol\/","og_site_name":"NATURAL POLAND - IMPORT UND HANDEL VON ROHSTOFFEN","article_publisher":"https:\/\/www.facebook.com\/naturalpoland.b2b","article_modified_time":"2026-02-05T09:47:34+00:00","og_image":[{"width":615,"height":615,"url":"https:\/\/naturalpoland.com\/wp-content\/uploads\/olej-z-truskawek.webp","type":"image\/webp"}],"schema":{"@context":"https:\/\/schema.org","@graph":[{"@type":"WebPage","@id":"https:\/\/naturalpoland.com\/de\/produkte\/produkte-fur-die-kosmetikindustrie\/kosmetische-ole\/erdbeersamenol\/","url":"https:\/\/naturalpoland.com\/de\/produkte\/produkte-fur-die-kosmetikindustrie\/kosmetische-ole\/erdbeersamenol\/","name":"Erdbeersamen\u00f6l - NATURAL POLAND - IMPORT UND HANDEL VON ROHSTOFFEN","isPartOf":{"@id":"https:\/\/naturalpoland.com\/de\/#website"},"primaryImageOfPage":{"@id":"https:\/\/naturalpoland.com\/de\/produkte\/produkte-fur-die-kosmetikindustrie\/kosmetische-ole\/erdbeersamenol\/#primaryimage"},"image":{"@id":"https:\/\/naturalpoland.com\/de\/produkte\/produkte-fur-die-kosmetikindustrie\/kosmetische-ole\/erdbeersamenol\/#primaryimage"},"thumbnailUrl":"https:\/\/naturalpoland.com\/wp-content\/uploads\/olej-z-truskawek.webp","datePublished":"2021-05-11T11:51:22+00:00","dateModified":"2026-02-05T09:47:34+00:00","description":"Erdbeersamen\u00f6l wird aus dieser beliebten Frucht durch Kaltpressung der Kerne gewonnen. Es ist extrem reich an Fetts\u00e4uren sowie an Vitamin A, E und F.","breadcrumb":{"@id":"https:\/\/naturalpoland.com\/de\/produkte\/produkte-fur-die-kosmetikindustrie\/kosmetische-ole\/erdbeersamenol\/#breadcrumb"},"inLanguage":"de","potentialAction":[{"@type":"ReadAction","target":["https:\/\/naturalpoland.com\/de\/produkte\/produkte-fur-die-kosmetikindustrie\/kosmetische-ole\/erdbeersamenol\/"]}]},{"@type":"ImageObject","inLanguage":"de","@id":"https:\/\/naturalpoland.com\/de\/produkte\/produkte-fur-die-kosmetikindustrie\/kosmetische-ole\/erdbeersamenol\/#primaryimage","url":"https:\/\/naturalpoland.com\/wp-content\/uploads\/olej-z-truskawek.webp","contentUrl":"https:\/\/naturalpoland.com\/wp-content\/uploads\/olej-z-truskawek.webp","width":615,"height":615,"caption":"Erdbeersamen\u00f6l"},{"@type":"BreadcrumbList","@id":"https:\/\/naturalpoland.com\/de\/produkte\/produkte-fur-die-kosmetikindustrie\/kosmetische-ole\/erdbeersamenol\/#breadcrumb","itemListElement":[{"@type":"ListItem","position":1,"name":"Startseite","item":"https:\/\/naturalpoland.com\/de\/"},{"@type":"ListItem","position":2,"name":"Produkte","item":"https:\/\/naturalpoland.com\/de\/produkte\/"},{"@type":"ListItem","position":3,"name":"Erdbeersamen\u00f6l"}]},{"@type":"WebSite","@id":"https:\/\/naturalpoland.com\/de\/#website","url":"https:\/\/naturalpoland.com\/de\/","name":"NATURAL POLAND - IMPORT UND HANDEL VON ROHSTOFFEN","description":"Rohstoffe f\u00fcr die Lebensmittelindustrie, Kosmetikindustrie, Pharmaindustrie","publisher":{"@id":"https:\/\/naturalpoland.com\/de\/#organization"},"potentialAction":[{"@type":"SearchAction","target":{"@type":"EntryPoint","urlTemplate":"https:\/\/naturalpoland.com\/de\/?s={search_term_string}"},"query-input":{"@type":"PropertyValueSpecification","valueRequired":true,"valueName":"search_term_string"}}],"inLanguage":"de"},{"@type":"Organization","@id":"https:\/\/naturalpoland.com\/de\/#organization","name":"Natural Poland","url":"https:\/\/naturalpoland.com\/de\/","logo":{"@type":"ImageObject","inLanguage":"de","@id":"https:\/\/naturalpoland.com\/de\/#\/schema\/logo\/image\/","url":"https:\/\/naturalpoland.com\/wp-content\/uploads\/2021\/05\/natural-poland-icon.png","contentUrl":"https:\/\/naturalpoland.com\/wp-content\/uploads\/2021\/05\/natural-poland-icon.png","width":512,"height":512,"caption":"Natural Poland"},"image":{"@id":"https:\/\/naturalpoland.com\/de\/#\/schema\/logo\/image\/"},"sameAs":["https:\/\/www.facebook.com\/naturalpoland.b2b","https:\/\/pl.linkedin.com\/company\/natural-poland","https:\/\/www.youtube.com\/channel\/UCgeGGkvOMahZo-xu_MSEWxg"]}]}},"_links":{"self":[{"href":"https:\/\/naturalpoland.com\/de\/wp-json\/wp\/v2\/product\/4664","targetHints":{"allow":["GET"]}}],"collection":[{"href":"https:\/\/naturalpoland.com\/de\/wp-json\/wp\/v2\/product"}],"about":[{"href":"https:\/\/naturalpoland.com\/de\/wp-json\/wp\/v2\/types\/product"}],"wp:featuredmedia":[{"embeddable":true,"href":"https:\/\/naturalpoland.com\/de\/wp-json\/wp\/v2\/media\/34281"}],"wp:attachment":[{"href":"https:\/\/naturalpoland.com\/de\/wp-json\/wp\/v2\/media?parent=4664"}],"wp:term":[{"taxonomy":"product_brand","embeddable":true,"href":"https:\/\/naturalpoland.com\/de\/wp-json\/wp\/v2\/product_brand?post=4664"},{"taxonomy":"product_cat","embeddable":true,"href":"https:\/\/naturalpoland.com\/de\/wp-json\/wp\/v2\/product_cat?post=4664"},{"taxonomy":"product_tag","embeddable":true,"href":"https:\/\/naturalpoland.com\/de\/wp-json\/wp\/v2\/product_tag?post=4664"}],"curies":[{"name":"wp","href":"https:\/\/api.w.org\/{rel}","templated":true}]}}