{"id":4666,"date":"2021-05-11T13:51:43","date_gmt":"2021-06-25T13:07:46","guid":{"rendered":"https:\/\/naturalpoland.pl\/produkty\/unkategorisiert\/kaktusfeigenoel\/"},"modified":"2024-04-30T15:21:26","modified_gmt":"2024-04-30T13:21:26","slug":"kaktusfeigenol","status":"publish","type":"product","link":"https:\/\/naturalpoland.com\/de\/produkte\/produkte-fur-die-kosmetikindustrie\/kosmetische-ole\/kaktusfeigenol\/","title":{"rendered":"Kaktusfeigen\u00f6l"},"content":{"rendered":"<p>Die Gewinnung dieses \u00d6ls ist extrem zeitaufwendig und teuer, denn man ben\u00f6tigt fast eine halbe Tonne Kaktusfeigenkerne, um einen Liter \u00d6l zu gewinnen. Solche Mengenverh\u00e4ltnisse machen dieses \u00d6l zu einem Luxusprodukt, das nur selten erh\u00e4ltlich ist.<\/p>\n<p>Kaktusfeigen\u00f6l enth\u00e4lt von allen auf dem Markt befindlichen kosmetischen \u00d6len das meiste <a href=\"https:\/\/naturalpoland.com\/de\/produkte\/produkte-fur-die-kosmetikindustrie\/rohstoffe-fur-kosmetika\/vitamin-e\/\">Vitamin E<\/a> (150% mehr als <a href=\"https:\/\/naturalpoland.com\/de\/produkte\/produkte-fur-die-kosmetikindustrie\/kosmetische-ole\/arganol\/\">Argan\u00f6l<\/a>). Kaktusfeigenkern\u00f6l enth\u00e4lt au\u00dferdem bis zu 88% unges\u00e4ttigte Fetts\u00e4uren (der h\u00f6chste Wert aller \u00d6le).<\/p>\n<h3><strong>Verwendung von Argan\u00f6l<\/strong><\/h3>\n<p>Dank seiner einzigartigen Eigenschaften wird Kaktusfeigen\u00f6l h\u00e4ufig in modernen kosmetischen Formulierungen verwendet, die die <strong>Haut intensiv regenerieren, n\u00e4hren und mit Feuchtigkeit versorgen<\/strong>. Die regelm\u00e4\u00dfige Anwendung dieses \u00d6ls kann in nur zwei Wochen zu sichtbaren Ergebnissen f\u00fchren. Die Elastizit\u00e4t der Haut wird deutlich verbessert, Falten werden reduziert und das allgemeine Erscheinungsbild und der Zustand des Teints verbessert. Das \u00d6l ist besonders f\u00fcr Menschen mit trockener, reifer oder gesch\u00e4digter Haut zu empfehlen, eignet sich aber dank seiner milden Eigenschaften und hohen Vertr\u00e4glichkeit f\u00fcr alle Hauttypen.<\/p>\n<p>Nicht nur die Haut profitiert von diesem einzigartigen \u00d6l. Aufgrund seiner n\u00e4hrenden Eigenschaften wird es auch in Haarpflegeprodukten gesch\u00e4tzt. Kaktusfeigenkern\u00f6l spendet intensiv Feuchtigkeit, st\u00e4rkt das Haar und gibt ihm seinen nat\u00fcrlichen Glanz zur\u00fcck. Es ist ein idealer Inhaltsstoff in Formulierungen f\u00fcr trockenes, gesch\u00e4digtes und lebloses Haar.<\/p>\n<p>&nbsp;<\/p>\n<h3>Fetts\u00e4ureprofil:<\/h3>\n<table>\n<tbody>\n<tr>\n<th>FETTS\u00c4URE<\/th>\n<th>VERBINDUNG<\/th>\n<th>NORM (%)<\/th>\n<th>ERGEBNIS (%)<\/th>\n<\/tr>\n<tr>\n<td>Palmitins\u00e4ure<\/td>\n<td>C16:0<\/td>\n<td>10.00-14.00<\/td>\n<td>10.50<\/td>\n<\/tr>\n<tr>\n<td>Stearins\u00e4ure<\/td>\n<td>C18:0<\/td>\n<td>2.50-5.50<\/td>\n<td>2.90<\/td>\n<\/tr>\n<tr>\n<td>Oleins\u00e4ure<\/td>\n<td>C18:1 (n-9)<\/td>\n<td>18.00-30.00<\/td>\n<td>23.40<\/td>\n<\/tr>\n<tr>\n<td>Linols\u00e4ure<\/td>\n<td>C18:2 (n-6)<\/td>\n<td>55.00-65.00<\/td>\n<td>62.20<\/td>\n<\/tr>\n<tr>\n<td>Alphalinolens\u00e4ure<\/td>\n<td>C18:3 (n-3)<\/td>\n<td>Maximal 1,00<\/td>\n<td>0.50<\/td>\n<\/tr>\n<\/tbody>\n<\/table>\n","protected":false},"excerpt":{"rendered":"<p>Wir sind ein Gro\u00dfh\u00e4ndler f\u00fcr nat\u00fcrliches<em>Kaktusfeigenkern\u00f6l (Prickly Pear Cactus<\/em> <em>Seed Oil<\/em>). Es ist einer der am meisten gesch\u00e4tzten Rohstoffe in der Kosmetikindustrie und f\u00fcr seine au\u00dfergew\u00f6hnliche Wirksamkeit bekannt.<\/p>\n","protected":false},"featured_media":4667,"template":"","meta":{"_acf_changed":false},"product_brand":[],"product_cat":[384,386],"product_tag":[],"class_list":{"0":"post-4666","1":"product","2":"type-product","3":"status-publish","4":"has-post-thumbnail","6":"product_cat-kosmetische-ole","7":"product_cat-speiseole-und-kosmetikole","8":"pa_czesc-rosliny-samen","9":"pa_metoda-pozyskiwania-kaltpressung","11":"first","12":"instock","13":"shipping-taxable","14":"product-type-simple"},"acf":[],"yoast_head":"<!-- This site is optimized with the Yoast SEO plugin v27.4 - https:\/\/yoast.com\/product\/yoast-seo-wordpress\/ -->\n<title>Kaktusfeigen\u00f6l - Gro\u00dfhandelsvertrieb<\/title>\n<meta name=\"description\" content=\"Kaktusfeigen\u00f6l ist f\u00fcr seine feuchtigkeitsspendenden Eigenschaften bekannt. Aus fast einer halben Tonne Kaktusfeigenkernen wird ein Liter \u00d6l gewonnen.\" \/>\n<meta name=\"robots\" content=\"index, follow, max-snippet:-1, max-image-preview:large, max-video-preview:-1\" \/>\n<link rel=\"canonical\" href=\"https:\/\/naturalpoland.com\/de\/produkte\/produkte-fur-die-kosmetikindustrie\/kosmetische-ole\/kaktusfeigenol\/\" \/>\n<meta property=\"og:locale\" content=\"de_DE\" \/>\n<meta property=\"og:type\" content=\"article\" \/>\n<meta property=\"og:title\" content=\"Kaktusfeigen\u00f6l - Gro\u00dfhandelsvertrieb\" \/>\n<meta property=\"og:description\" content=\"Kaktusfeigen\u00f6l ist f\u00fcr seine feuchtigkeitsspendenden Eigenschaften bekannt. Aus fast einer halben Tonne Kaktusfeigenkernen wird ein Liter \u00d6l gewonnen.\" \/>\n<meta property=\"og:url\" content=\"https:\/\/naturalpoland.com\/de\/produkte\/produkte-fur-die-kosmetikindustrie\/kosmetische-ole\/kaktusfeigenol\/\" \/>\n<meta property=\"og:site_name\" content=\"NATURAL POLAND - IMPORT UND HANDEL VON ROHSTOFFEN\" \/>\n<meta property=\"article:publisher\" content=\"https:\/\/www.facebook.com\/naturalpoland.b2b\" \/>\n<meta property=\"article:modified_time\" content=\"2024-04-30T13:21:26+00:00\" \/>\n<meta property=\"og:image\" content=\"https:\/\/naturalpoland.com\/wp-content\/uploads\/2021\/05\/prickly-pear-seed-oil.jpg\" \/>\n\t<meta property=\"og:image:width\" content=\"800\" \/>\n\t<meta property=\"og:image:height\" content=\"800\" \/>\n\t<meta property=\"og:image:type\" content=\"image\/jpeg\" \/>\n<script type=\"application\/ld+json\" class=\"yoast-schema-graph\">{\"@context\":\"https:\\\/\\\/schema.org\",\"@graph\":[{\"@type\":\"WebPage\",\"@id\":\"https:\\\/\\\/naturalpoland.com\\\/de\\\/produkte\\\/produkte-fur-die-kosmetikindustrie\\\/kosmetische-ole\\\/kaktusfeigenol\\\/\",\"url\":\"https:\\\/\\\/naturalpoland.com\\\/de\\\/produkte\\\/produkte-fur-die-kosmetikindustrie\\\/kosmetische-ole\\\/kaktusfeigenol\\\/\",\"name\":\"Kaktusfeigen\u00f6l - Gro\u00dfhandelsvertrieb\",\"isPartOf\":{\"@id\":\"https:\\\/\\\/naturalpoland.com\\\/de\\\/#website\"},\"primaryImageOfPage\":{\"@id\":\"https:\\\/\\\/naturalpoland.com\\\/de\\\/produkte\\\/produkte-fur-die-kosmetikindustrie\\\/kosmetische-ole\\\/kaktusfeigenol\\\/#primaryimage\"},\"image\":{\"@id\":\"https:\\\/\\\/naturalpoland.com\\\/de\\\/produkte\\\/produkte-fur-die-kosmetikindustrie\\\/kosmetische-ole\\\/kaktusfeigenol\\\/#primaryimage\"},\"thumbnailUrl\":\"https:\\\/\\\/naturalpoland.com\\\/wp-content\\\/uploads\\\/2021\\\/05\\\/prickly-pear-seed-oil.jpg\",\"datePublished\":\"2021-06-25T13:07:46+00:00\",\"dateModified\":\"2024-04-30T13:21:26+00:00\",\"description\":\"Kaktusfeigen\u00f6l ist f\u00fcr seine feuchtigkeitsspendenden Eigenschaften bekannt. Aus fast einer halben Tonne Kaktusfeigenkernen wird ein Liter \u00d6l gewonnen.\",\"breadcrumb\":{\"@id\":\"https:\\\/\\\/naturalpoland.com\\\/de\\\/produkte\\\/produkte-fur-die-kosmetikindustrie\\\/kosmetische-ole\\\/kaktusfeigenol\\\/#breadcrumb\"},\"inLanguage\":\"de\",\"potentialAction\":[{\"@type\":\"ReadAction\",\"target\":[\"https:\\\/\\\/naturalpoland.com\\\/de\\\/produkte\\\/produkte-fur-die-kosmetikindustrie\\\/kosmetische-ole\\\/kaktusfeigenol\\\/\"]}]},{\"@type\":\"ImageObject\",\"inLanguage\":\"de\",\"@id\":\"https:\\\/\\\/naturalpoland.com\\\/de\\\/produkte\\\/produkte-fur-die-kosmetikindustrie\\\/kosmetische-ole\\\/kaktusfeigenol\\\/#primaryimage\",\"url\":\"https:\\\/\\\/naturalpoland.com\\\/wp-content\\\/uploads\\\/2021\\\/05\\\/prickly-pear-seed-oil.jpg\",\"contentUrl\":\"https:\\\/\\\/naturalpoland.com\\\/wp-content\\\/uploads\\\/2021\\\/05\\\/prickly-pear-seed-oil.jpg\",\"width\":800,\"height\":800},{\"@type\":\"BreadcrumbList\",\"@id\":\"https:\\\/\\\/naturalpoland.com\\\/de\\\/produkte\\\/produkte-fur-die-kosmetikindustrie\\\/kosmetische-ole\\\/kaktusfeigenol\\\/#breadcrumb\",\"itemListElement\":[{\"@type\":\"ListItem\",\"position\":1,\"name\":\"Startseite\",\"item\":\"https:\\\/\\\/naturalpoland.com\\\/de\\\/\"},{\"@type\":\"ListItem\",\"position\":2,\"name\":\"Produkte\",\"item\":\"https:\\\/\\\/naturalpoland.com\\\/de\\\/produkte\\\/\"},{\"@type\":\"ListItem\",\"position\":3,\"name\":\"Kaktusfeigen\u00f6l\"}]},{\"@type\":\"WebSite\",\"@id\":\"https:\\\/\\\/naturalpoland.com\\\/de\\\/#website\",\"url\":\"https:\\\/\\\/naturalpoland.com\\\/de\\\/\",\"name\":\"NATURAL POLAND - IMPORT UND HANDEL VON ROHSTOFFEN\",\"description\":\"Rohstoffe f\u00fcr die Lebensmittelindustrie, Kosmetikindustrie, Pharmaindustrie\",\"publisher\":{\"@id\":\"https:\\\/\\\/naturalpoland.com\\\/de\\\/#organization\"},\"potentialAction\":[{\"@type\":\"SearchAction\",\"target\":{\"@type\":\"EntryPoint\",\"urlTemplate\":\"https:\\\/\\\/naturalpoland.com\\\/de\\\/?s={search_term_string}\"},\"query-input\":{\"@type\":\"PropertyValueSpecification\",\"valueRequired\":true,\"valueName\":\"search_term_string\"}}],\"inLanguage\":\"de\"},{\"@type\":\"Organization\",\"@id\":\"https:\\\/\\\/naturalpoland.com\\\/de\\\/#organization\",\"name\":\"Natural Poland\",\"url\":\"https:\\\/\\\/naturalpoland.com\\\/de\\\/\",\"logo\":{\"@type\":\"ImageObject\",\"inLanguage\":\"de\",\"@id\":\"https:\\\/\\\/naturalpoland.com\\\/de\\\/#\\\/schema\\\/logo\\\/image\\\/\",\"url\":\"https:\\\/\\\/naturalpoland.com\\\/wp-content\\\/uploads\\\/2021\\\/05\\\/natural-poland-icon.png\",\"contentUrl\":\"https:\\\/\\\/naturalpoland.com\\\/wp-content\\\/uploads\\\/2021\\\/05\\\/natural-poland-icon.png\",\"width\":512,\"height\":512,\"caption\":\"Natural Poland\"},\"image\":{\"@id\":\"https:\\\/\\\/naturalpoland.com\\\/de\\\/#\\\/schema\\\/logo\\\/image\\\/\"},\"sameAs\":[\"https:\\\/\\\/www.facebook.com\\\/naturalpoland.b2b\",\"https:\\\/\\\/pl.linkedin.com\\\/company\\\/natural-poland\",\"https:\\\/\\\/www.youtube.com\\\/channel\\\/UCgeGGkvOMahZo-xu_MSEWxg\"]}]}<\/script>\n<!-- \/ Yoast SEO plugin. -->","yoast_head_json":{"title":"Kaktusfeigen\u00f6l - Gro\u00dfhandelsvertrieb","description":"Kaktusfeigen\u00f6l ist f\u00fcr seine feuchtigkeitsspendenden Eigenschaften bekannt. Aus fast einer halben Tonne Kaktusfeigenkernen wird ein Liter \u00d6l gewonnen.","robots":{"index":"index","follow":"follow","max-snippet":"max-snippet:-1","max-image-preview":"max-image-preview:large","max-video-preview":"max-video-preview:-1"},"canonical":"https:\/\/naturalpoland.com\/de\/produkte\/produkte-fur-die-kosmetikindustrie\/kosmetische-ole\/kaktusfeigenol\/","og_locale":"de_DE","og_type":"article","og_title":"Kaktusfeigen\u00f6l - Gro\u00dfhandelsvertrieb","og_description":"Kaktusfeigen\u00f6l ist f\u00fcr seine feuchtigkeitsspendenden Eigenschaften bekannt. Aus fast einer halben Tonne Kaktusfeigenkernen wird ein Liter \u00d6l gewonnen.","og_url":"https:\/\/naturalpoland.com\/de\/produkte\/produkte-fur-die-kosmetikindustrie\/kosmetische-ole\/kaktusfeigenol\/","og_site_name":"NATURAL POLAND - IMPORT UND HANDEL VON ROHSTOFFEN","article_publisher":"https:\/\/www.facebook.com\/naturalpoland.b2b","article_modified_time":"2024-04-30T13:21:26+00:00","og_image":[{"width":800,"height":800,"url":"https:\/\/naturalpoland.com\/wp-content\/uploads\/2021\/05\/prickly-pear-seed-oil.jpg","type":"image\/jpeg"}],"schema":{"@context":"https:\/\/schema.org","@graph":[{"@type":"WebPage","@id":"https:\/\/naturalpoland.com\/de\/produkte\/produkte-fur-die-kosmetikindustrie\/kosmetische-ole\/kaktusfeigenol\/","url":"https:\/\/naturalpoland.com\/de\/produkte\/produkte-fur-die-kosmetikindustrie\/kosmetische-ole\/kaktusfeigenol\/","name":"Kaktusfeigen\u00f6l - Gro\u00dfhandelsvertrieb","isPartOf":{"@id":"https:\/\/naturalpoland.com\/de\/#website"},"primaryImageOfPage":{"@id":"https:\/\/naturalpoland.com\/de\/produkte\/produkte-fur-die-kosmetikindustrie\/kosmetische-ole\/kaktusfeigenol\/#primaryimage"},"image":{"@id":"https:\/\/naturalpoland.com\/de\/produkte\/produkte-fur-die-kosmetikindustrie\/kosmetische-ole\/kaktusfeigenol\/#primaryimage"},"thumbnailUrl":"https:\/\/naturalpoland.com\/wp-content\/uploads\/2021\/05\/prickly-pear-seed-oil.jpg","datePublished":"2021-06-25T13:07:46+00:00","dateModified":"2024-04-30T13:21:26+00:00","description":"Kaktusfeigen\u00f6l ist f\u00fcr seine feuchtigkeitsspendenden Eigenschaften bekannt. Aus fast einer halben Tonne Kaktusfeigenkernen wird ein Liter \u00d6l gewonnen.","breadcrumb":{"@id":"https:\/\/naturalpoland.com\/de\/produkte\/produkte-fur-die-kosmetikindustrie\/kosmetische-ole\/kaktusfeigenol\/#breadcrumb"},"inLanguage":"de","potentialAction":[{"@type":"ReadAction","target":["https:\/\/naturalpoland.com\/de\/produkte\/produkte-fur-die-kosmetikindustrie\/kosmetische-ole\/kaktusfeigenol\/"]}]},{"@type":"ImageObject","inLanguage":"de","@id":"https:\/\/naturalpoland.com\/de\/produkte\/produkte-fur-die-kosmetikindustrie\/kosmetische-ole\/kaktusfeigenol\/#primaryimage","url":"https:\/\/naturalpoland.com\/wp-content\/uploads\/2021\/05\/prickly-pear-seed-oil.jpg","contentUrl":"https:\/\/naturalpoland.com\/wp-content\/uploads\/2021\/05\/prickly-pear-seed-oil.jpg","width":800,"height":800},{"@type":"BreadcrumbList","@id":"https:\/\/naturalpoland.com\/de\/produkte\/produkte-fur-die-kosmetikindustrie\/kosmetische-ole\/kaktusfeigenol\/#breadcrumb","itemListElement":[{"@type":"ListItem","position":1,"name":"Startseite","item":"https:\/\/naturalpoland.com\/de\/"},{"@type":"ListItem","position":2,"name":"Produkte","item":"https:\/\/naturalpoland.com\/de\/produkte\/"},{"@type":"ListItem","position":3,"name":"Kaktusfeigen\u00f6l"}]},{"@type":"WebSite","@id":"https:\/\/naturalpoland.com\/de\/#website","url":"https:\/\/naturalpoland.com\/de\/","name":"NATURAL POLAND - IMPORT UND HANDEL VON ROHSTOFFEN","description":"Rohstoffe f\u00fcr die Lebensmittelindustrie, Kosmetikindustrie, Pharmaindustrie","publisher":{"@id":"https:\/\/naturalpoland.com\/de\/#organization"},"potentialAction":[{"@type":"SearchAction","target":{"@type":"EntryPoint","urlTemplate":"https:\/\/naturalpoland.com\/de\/?s={search_term_string}"},"query-input":{"@type":"PropertyValueSpecification","valueRequired":true,"valueName":"search_term_string"}}],"inLanguage":"de"},{"@type":"Organization","@id":"https:\/\/naturalpoland.com\/de\/#organization","name":"Natural Poland","url":"https:\/\/naturalpoland.com\/de\/","logo":{"@type":"ImageObject","inLanguage":"de","@id":"https:\/\/naturalpoland.com\/de\/#\/schema\/logo\/image\/","url":"https:\/\/naturalpoland.com\/wp-content\/uploads\/2021\/05\/natural-poland-icon.png","contentUrl":"https:\/\/naturalpoland.com\/wp-content\/uploads\/2021\/05\/natural-poland-icon.png","width":512,"height":512,"caption":"Natural Poland"},"image":{"@id":"https:\/\/naturalpoland.com\/de\/#\/schema\/logo\/image\/"},"sameAs":["https:\/\/www.facebook.com\/naturalpoland.b2b","https:\/\/pl.linkedin.com\/company\/natural-poland","https:\/\/www.youtube.com\/channel\/UCgeGGkvOMahZo-xu_MSEWxg"]}]}},"_links":{"self":[{"href":"https:\/\/naturalpoland.com\/de\/wp-json\/wp\/v2\/product\/4666","targetHints":{"allow":["GET"]}}],"collection":[{"href":"https:\/\/naturalpoland.com\/de\/wp-json\/wp\/v2\/product"}],"about":[{"href":"https:\/\/naturalpoland.com\/de\/wp-json\/wp\/v2\/types\/product"}],"wp:featuredmedia":[{"embeddable":true,"href":"https:\/\/naturalpoland.com\/de\/wp-json\/wp\/v2\/media\/4667"}],"wp:attachment":[{"href":"https:\/\/naturalpoland.com\/de\/wp-json\/wp\/v2\/media?parent=4666"}],"wp:term":[{"taxonomy":"product_brand","embeddable":true,"href":"https:\/\/naturalpoland.com\/de\/wp-json\/wp\/v2\/product_brand?post=4666"},{"taxonomy":"product_cat","embeddable":true,"href":"https:\/\/naturalpoland.com\/de\/wp-json\/wp\/v2\/product_cat?post=4666"},{"taxonomy":"product_tag","embeddable":true,"href":"https:\/\/naturalpoland.com\/de\/wp-json\/wp\/v2\/product_tag?post=4666"}],"curies":[{"name":"wp","href":"https:\/\/api.w.org\/{rel}","templated":true}]}}