{"id":46705,"date":"2026-03-10T16:03:18","date_gmt":"2026-03-10T15:03:18","guid":{"rendered":"https:\/\/naturalpoland.com\/produkty\/unkategorisiert\/pistazienextrakt\/"},"modified":"2026-03-12T15:01:34","modified_gmt":"2026-03-12T14:01:34","slug":"pistazienextrakt","status":"publish","type":"product","link":"https:\/\/naturalpoland.com\/de\/produkte\/pflanzenextrakte\/pistazienextrakt\/","title":{"rendered":"Pistazienextrakt"},"content":{"rendered":"<h2>Eigenschaften und Wirkung von Pistazienextrakt<\/h2>\n<p>Pistazien sind eine reichhaltige Quelle vieler bioaktiver Bestandteile, darunter Antioxidantien, phenolische Verbindungen sowie nat\u00fcrliche Phytobestandteile. Dadurch weist Pistazienextrakt antioxidative Eigenschaften auf und hilft, freie Radikale zu neutralisieren sowie Zellen vor oxidativem Stress zu sch\u00fctzen. <\/p>\n<p>Das wichtigste Unterscheidungsmerkmal dieses Rohstoffs ist das Vorhandensein von pflanzlichem Melatonin, das an der Regulation des Schlaf-Wach-Zyklus beteiligt ist. Aus diesem Grund wird Pistazienextrakt in Nahrungserg\u00e4nzungsmitteln f\u00fcr Personen verwendet, die auf einen korrekten zirkadianen Rhythmus achten, sowie als Bestandteil von Pr\u00e4paraten zur Unterst\u00fctzung eines gesunden Schlafs. <\/p>\n<p>Melatonin kann auch regenerative Prozesse des Organismus w\u00e4hrend des Schlafs beeinflussen, weshalb Inhaltsstoffe mit nat\u00fcrlichen Quellen dieser Verbindung h\u00e4ufig in Pr\u00e4paraten zur Verbesserung der n\u00e4chtlichen Erholungsqualit\u00e4t eingesetzt werden.<\/p>\n<p>Dar\u00fcber hinaus enth\u00e4lt Pistazienextrakt nat\u00fcrliche N\u00e4hrstoffe, die f\u00fcr Pistazienkerne charakteristisch sind und das ordnungsgem\u00e4\u00dfe Funktionieren des Organismus sowie Stoffwechselprozesse unterst\u00fctzen k\u00f6nnen.<\/p>\n<h2>Anwendung von Pistazienextrakt<\/h2>\n<p>Pistazienextrakt findet Anwendung vor allem in:<\/p>\n<ul>\n<li>Nahrungserg\u00e4nzungsmitteln zur Unterst\u00fctzung eines gesunden Schlafs,<\/li>\n<li>Pr\u00e4paraten zur Unterst\u00fctzung der Regulation des zirkadianen Rhythmus,<\/li>\n<li>nutraceutischen Produkten mit antioxidativer Wirkung,<\/li>\n<li>in funktionellen Mischungen vom Typ \u201e<em>sleep support<\/em>\u201c,<\/li>\n<li>Pulverformulierungen und Nahrungserg\u00e4nzungskapseln.<\/li>\n<\/ul>\n","protected":false},"excerpt":{"rendered":"<p><strong>Pistazienextrakt<\/strong> wird aus den Samen des Baumes <em>Pistacia vera L.<\/em> gewonnen, einer Pflanze, die vor allem als Quelle wertvoller N\u00e4hrstoffe bekannt ist. Der Extrakt enth\u00e4lt einen standardisierten Gehalt an <strong>pflanzlichem Melatonin, das nat\u00fcrlich in Pistazien vorkommt<\/strong> und eine biologisch aktive Verbindung ist, die eine wichtige Rolle bei der Regulation des zirkadianen Rhythmus des Organismus spielt. <\/p>\n","protected":false},"featured_media":46706,"template":"","meta":{"_acf_changed":false},"product_brand":[],"product_cat":[385],"product_tag":[],"class_list":{"0":"post-46705","1":"product","2":"type-product","3":"status-publish","4":"has-post-thumbnail","6":"product_cat-pflanzenextrakte","7":"pa_czesc-rosliny-kern","9":"first","10":"instock","11":"shipping-taxable","12":"product-type-simple"},"acf":[],"yoast_head":"<!-- This site is optimized with the Yoast SEO plugin v27.5 - https:\/\/yoast.com\/product\/yoast-seo-wordpress\/ -->\n<title>Pistazienextrakt - Gro\u00dfhandelsvertrieb<\/title>\n<meta name=\"description\" content=\"Pistazienextrakt standardisiert auf pflanzliches Melatonin \u2013 Rohstoff f\u00fcr Nahrungserg\u00e4nzungsmittel zur Unterst\u00fctzung eines gesunden Schlafs und der Regulation des zirkadianen Rhythmus.\" \/>\n<meta name=\"robots\" content=\"index, follow, max-snippet:-1, max-image-preview:large, max-video-preview:-1\" \/>\n<link rel=\"canonical\" href=\"https:\/\/naturalpoland.com\/de\/produkte\/pflanzenextrakte\/pistazienextrakt\/\" \/>\n<meta property=\"og:locale\" content=\"de_DE\" \/>\n<meta property=\"og:type\" content=\"article\" \/>\n<meta property=\"og:title\" content=\"Pistazienextrakt - Gro\u00dfhandelsvertrieb\" \/>\n<meta property=\"og:description\" content=\"Pistazienextrakt standardisiert auf pflanzliches Melatonin \u2013 Rohstoff f\u00fcr Nahrungserg\u00e4nzungsmittel zur Unterst\u00fctzung eines gesunden Schlafs und der Regulation des zirkadianen Rhythmus.\" \/>\n<meta property=\"og:url\" content=\"https:\/\/naturalpoland.com\/de\/produkte\/pflanzenextrakte\/pistazienextrakt\/\" \/>\n<meta property=\"og:site_name\" content=\"NATURAL POLAND - IMPORT UND HANDEL VON ROHSTOFFEN\" \/>\n<meta property=\"article:publisher\" content=\"https:\/\/www.facebook.com\/naturalpoland.b2b\" \/>\n<meta property=\"article:modified_time\" content=\"2026-03-12T14:01:34+00:00\" \/>\n<meta property=\"og:image\" content=\"https:\/\/naturalpoland.com\/wp-content\/uploads\/ekstrakt-z-pistacji.png\" \/>\n\t<meta property=\"og:image:width\" content=\"1024\" \/>\n\t<meta property=\"og:image:height\" content=\"1024\" \/>\n\t<meta property=\"og:image:type\" content=\"image\/png\" \/>\n<script type=\"application\/ld+json\" class=\"yoast-schema-graph\">{\"@context\":\"https:\\\/\\\/schema.org\",\"@graph\":[{\"@type\":\"WebPage\",\"@id\":\"https:\\\/\\\/naturalpoland.com\\\/de\\\/produkte\\\/pflanzenextrakte\\\/pistazienextrakt\\\/\",\"url\":\"https:\\\/\\\/naturalpoland.com\\\/de\\\/produkte\\\/pflanzenextrakte\\\/pistazienextrakt\\\/\",\"name\":\"Pistazienextrakt - Gro\u00dfhandelsvertrieb\",\"isPartOf\":{\"@id\":\"https:\\\/\\\/naturalpoland.com\\\/de\\\/#website\"},\"primaryImageOfPage\":{\"@id\":\"https:\\\/\\\/naturalpoland.com\\\/de\\\/produkte\\\/pflanzenextrakte\\\/pistazienextrakt\\\/#primaryimage\"},\"image\":{\"@id\":\"https:\\\/\\\/naturalpoland.com\\\/de\\\/produkte\\\/pflanzenextrakte\\\/pistazienextrakt\\\/#primaryimage\"},\"thumbnailUrl\":\"https:\\\/\\\/naturalpoland.com\\\/wp-content\\\/uploads\\\/ekstrakt-z-pistacji.png\",\"datePublished\":\"2026-03-10T15:03:18+00:00\",\"dateModified\":\"2026-03-12T14:01:34+00:00\",\"description\":\"Pistazienextrakt standardisiert auf pflanzliches Melatonin \u2013 Rohstoff f\u00fcr Nahrungserg\u00e4nzungsmittel zur Unterst\u00fctzung eines gesunden Schlafs und der Regulation des zirkadianen Rhythmus.\",\"breadcrumb\":{\"@id\":\"https:\\\/\\\/naturalpoland.com\\\/de\\\/produkte\\\/pflanzenextrakte\\\/pistazienextrakt\\\/#breadcrumb\"},\"inLanguage\":\"de\",\"potentialAction\":[{\"@type\":\"ReadAction\",\"target\":[\"https:\\\/\\\/naturalpoland.com\\\/de\\\/produkte\\\/pflanzenextrakte\\\/pistazienextrakt\\\/\"]}]},{\"@type\":\"ImageObject\",\"inLanguage\":\"de\",\"@id\":\"https:\\\/\\\/naturalpoland.com\\\/de\\\/produkte\\\/pflanzenextrakte\\\/pistazienextrakt\\\/#primaryimage\",\"url\":\"https:\\\/\\\/naturalpoland.com\\\/wp-content\\\/uploads\\\/ekstrakt-z-pistacji.png\",\"contentUrl\":\"https:\\\/\\\/naturalpoland.com\\\/wp-content\\\/uploads\\\/ekstrakt-z-pistacji.png\",\"width\":1024,\"height\":1024,\"caption\":\"Pistazienextrakt\"},{\"@type\":\"BreadcrumbList\",\"@id\":\"https:\\\/\\\/naturalpoland.com\\\/de\\\/produkte\\\/pflanzenextrakte\\\/pistazienextrakt\\\/#breadcrumb\",\"itemListElement\":[{\"@type\":\"ListItem\",\"position\":1,\"name\":\"Startseite\",\"item\":\"https:\\\/\\\/naturalpoland.com\\\/de\\\/\"},{\"@type\":\"ListItem\",\"position\":2,\"name\":\"Produkte\",\"item\":\"https:\\\/\\\/naturalpoland.com\\\/de\\\/produkte\\\/\"},{\"@type\":\"ListItem\",\"position\":3,\"name\":\"Pistazienextrakt\"}]},{\"@type\":\"WebSite\",\"@id\":\"https:\\\/\\\/naturalpoland.com\\\/de\\\/#website\",\"url\":\"https:\\\/\\\/naturalpoland.com\\\/de\\\/\",\"name\":\"NATURAL POLAND - IMPORT UND HANDEL VON ROHSTOFFEN\",\"description\":\"Rohstoffe f\u00fcr die Lebensmittelindustrie, Kosmetikindustrie, Pharmaindustrie\",\"publisher\":{\"@id\":\"https:\\\/\\\/naturalpoland.com\\\/de\\\/#organization\"},\"potentialAction\":[{\"@type\":\"SearchAction\",\"target\":{\"@type\":\"EntryPoint\",\"urlTemplate\":\"https:\\\/\\\/naturalpoland.com\\\/de\\\/?s={search_term_string}\"},\"query-input\":{\"@type\":\"PropertyValueSpecification\",\"valueRequired\":true,\"valueName\":\"search_term_string\"}}],\"inLanguage\":\"de\"},{\"@type\":\"Organization\",\"@id\":\"https:\\\/\\\/naturalpoland.com\\\/de\\\/#organization\",\"name\":\"Natural Poland\",\"url\":\"https:\\\/\\\/naturalpoland.com\\\/de\\\/\",\"logo\":{\"@type\":\"ImageObject\",\"inLanguage\":\"de\",\"@id\":\"https:\\\/\\\/naturalpoland.com\\\/de\\\/#\\\/schema\\\/logo\\\/image\\\/\",\"url\":\"https:\\\/\\\/naturalpoland.com\\\/wp-content\\\/uploads\\\/2021\\\/05\\\/natural-poland-icon.png\",\"contentUrl\":\"https:\\\/\\\/naturalpoland.com\\\/wp-content\\\/uploads\\\/2021\\\/05\\\/natural-poland-icon.png\",\"width\":512,\"height\":512,\"caption\":\"Natural Poland\"},\"image\":{\"@id\":\"https:\\\/\\\/naturalpoland.com\\\/de\\\/#\\\/schema\\\/logo\\\/image\\\/\"},\"sameAs\":[\"https:\\\/\\\/www.facebook.com\\\/naturalpoland.b2b\",\"https:\\\/\\\/pl.linkedin.com\\\/company\\\/natural-poland\",\"https:\\\/\\\/www.youtube.com\\\/channel\\\/UCgeGGkvOMahZo-xu_MSEWxg\"]}]}<\/script>\n<!-- \/ Yoast SEO plugin. -->","yoast_head_json":{"title":"Pistazienextrakt - Gro\u00dfhandelsvertrieb","description":"Pistazienextrakt standardisiert auf pflanzliches Melatonin \u2013 Rohstoff f\u00fcr Nahrungserg\u00e4nzungsmittel zur Unterst\u00fctzung eines gesunden Schlafs und der Regulation des zirkadianen Rhythmus.","robots":{"index":"index","follow":"follow","max-snippet":"max-snippet:-1","max-image-preview":"max-image-preview:large","max-video-preview":"max-video-preview:-1"},"canonical":"https:\/\/naturalpoland.com\/de\/produkte\/pflanzenextrakte\/pistazienextrakt\/","og_locale":"de_DE","og_type":"article","og_title":"Pistazienextrakt - Gro\u00dfhandelsvertrieb","og_description":"Pistazienextrakt standardisiert auf pflanzliches Melatonin \u2013 Rohstoff f\u00fcr Nahrungserg\u00e4nzungsmittel zur Unterst\u00fctzung eines gesunden Schlafs und der Regulation des zirkadianen Rhythmus.","og_url":"https:\/\/naturalpoland.com\/de\/produkte\/pflanzenextrakte\/pistazienextrakt\/","og_site_name":"NATURAL POLAND - IMPORT UND HANDEL VON ROHSTOFFEN","article_publisher":"https:\/\/www.facebook.com\/naturalpoland.b2b","article_modified_time":"2026-03-12T14:01:34+00:00","og_image":[{"width":1024,"height":1024,"url":"https:\/\/naturalpoland.com\/wp-content\/uploads\/ekstrakt-z-pistacji.png","type":"image\/png"}],"schema":{"@context":"https:\/\/schema.org","@graph":[{"@type":"WebPage","@id":"https:\/\/naturalpoland.com\/de\/produkte\/pflanzenextrakte\/pistazienextrakt\/","url":"https:\/\/naturalpoland.com\/de\/produkte\/pflanzenextrakte\/pistazienextrakt\/","name":"Pistazienextrakt - Gro\u00dfhandelsvertrieb","isPartOf":{"@id":"https:\/\/naturalpoland.com\/de\/#website"},"primaryImageOfPage":{"@id":"https:\/\/naturalpoland.com\/de\/produkte\/pflanzenextrakte\/pistazienextrakt\/#primaryimage"},"image":{"@id":"https:\/\/naturalpoland.com\/de\/produkte\/pflanzenextrakte\/pistazienextrakt\/#primaryimage"},"thumbnailUrl":"https:\/\/naturalpoland.com\/wp-content\/uploads\/ekstrakt-z-pistacji.png","datePublished":"2026-03-10T15:03:18+00:00","dateModified":"2026-03-12T14:01:34+00:00","description":"Pistazienextrakt standardisiert auf pflanzliches Melatonin \u2013 Rohstoff f\u00fcr Nahrungserg\u00e4nzungsmittel zur Unterst\u00fctzung eines gesunden Schlafs und der Regulation des zirkadianen Rhythmus.","breadcrumb":{"@id":"https:\/\/naturalpoland.com\/de\/produkte\/pflanzenextrakte\/pistazienextrakt\/#breadcrumb"},"inLanguage":"de","potentialAction":[{"@type":"ReadAction","target":["https:\/\/naturalpoland.com\/de\/produkte\/pflanzenextrakte\/pistazienextrakt\/"]}]},{"@type":"ImageObject","inLanguage":"de","@id":"https:\/\/naturalpoland.com\/de\/produkte\/pflanzenextrakte\/pistazienextrakt\/#primaryimage","url":"https:\/\/naturalpoland.com\/wp-content\/uploads\/ekstrakt-z-pistacji.png","contentUrl":"https:\/\/naturalpoland.com\/wp-content\/uploads\/ekstrakt-z-pistacji.png","width":1024,"height":1024,"caption":"Pistazienextrakt"},{"@type":"BreadcrumbList","@id":"https:\/\/naturalpoland.com\/de\/produkte\/pflanzenextrakte\/pistazienextrakt\/#breadcrumb","itemListElement":[{"@type":"ListItem","position":1,"name":"Startseite","item":"https:\/\/naturalpoland.com\/de\/"},{"@type":"ListItem","position":2,"name":"Produkte","item":"https:\/\/naturalpoland.com\/de\/produkte\/"},{"@type":"ListItem","position":3,"name":"Pistazienextrakt"}]},{"@type":"WebSite","@id":"https:\/\/naturalpoland.com\/de\/#website","url":"https:\/\/naturalpoland.com\/de\/","name":"NATURAL POLAND - IMPORT UND HANDEL VON ROHSTOFFEN","description":"Rohstoffe f\u00fcr die Lebensmittelindustrie, Kosmetikindustrie, Pharmaindustrie","publisher":{"@id":"https:\/\/naturalpoland.com\/de\/#organization"},"potentialAction":[{"@type":"SearchAction","target":{"@type":"EntryPoint","urlTemplate":"https:\/\/naturalpoland.com\/de\/?s={search_term_string}"},"query-input":{"@type":"PropertyValueSpecification","valueRequired":true,"valueName":"search_term_string"}}],"inLanguage":"de"},{"@type":"Organization","@id":"https:\/\/naturalpoland.com\/de\/#organization","name":"Natural Poland","url":"https:\/\/naturalpoland.com\/de\/","logo":{"@type":"ImageObject","inLanguage":"de","@id":"https:\/\/naturalpoland.com\/de\/#\/schema\/logo\/image\/","url":"https:\/\/naturalpoland.com\/wp-content\/uploads\/2021\/05\/natural-poland-icon.png","contentUrl":"https:\/\/naturalpoland.com\/wp-content\/uploads\/2021\/05\/natural-poland-icon.png","width":512,"height":512,"caption":"Natural Poland"},"image":{"@id":"https:\/\/naturalpoland.com\/de\/#\/schema\/logo\/image\/"},"sameAs":["https:\/\/www.facebook.com\/naturalpoland.b2b","https:\/\/pl.linkedin.com\/company\/natural-poland","https:\/\/www.youtube.com\/channel\/UCgeGGkvOMahZo-xu_MSEWxg"]}]}},"_links":{"self":[{"href":"https:\/\/naturalpoland.com\/de\/wp-json\/wp\/v2\/product\/46705","targetHints":{"allow":["GET"]}}],"collection":[{"href":"https:\/\/naturalpoland.com\/de\/wp-json\/wp\/v2\/product"}],"about":[{"href":"https:\/\/naturalpoland.com\/de\/wp-json\/wp\/v2\/types\/product"}],"wp:featuredmedia":[{"embeddable":true,"href":"https:\/\/naturalpoland.com\/de\/wp-json\/wp\/v2\/media\/46706"}],"wp:attachment":[{"href":"https:\/\/naturalpoland.com\/de\/wp-json\/wp\/v2\/media?parent=46705"}],"wp:term":[{"taxonomy":"product_brand","embeddable":true,"href":"https:\/\/naturalpoland.com\/de\/wp-json\/wp\/v2\/product_brand?post=46705"},{"taxonomy":"product_cat","embeddable":true,"href":"https:\/\/naturalpoland.com\/de\/wp-json\/wp\/v2\/product_cat?post=46705"},{"taxonomy":"product_tag","embeddable":true,"href":"https:\/\/naturalpoland.com\/de\/wp-json\/wp\/v2\/product_tag?post=46705"}],"curies":[{"name":"wp","href":"https:\/\/api.w.org\/{rel}","templated":true}]}}