{"id":46970,"date":"2026-03-19T12:13:47","date_gmt":"2026-03-19T11:13:47","guid":{"rendered":"https:\/\/naturalpoland.com\/produkty\/unkategorisiert\/kreatinhydrolysat\/"},"modified":"2026-03-20T13:25:23","modified_gmt":"2026-03-20T12:25:23","slug":"kreatinhydrolysat","status":"publish","type":"product","link":"https:\/\/naturalpoland.com\/de\/produkte\/produkte-fur-die-kosmetikindustrie\/rohstoffe-fur-kosmetika\/kreatinhydrolysat\/","title":{"rendered":"Kreatinhydrolysat"},"content":{"rendered":"<h2>Eigenschaften von Kreatinhydrolysat<\/h2>\n<p>Keratinhydrolysat ist ein Protein mit hoher Affinit\u00e4t zu Keratinstrukturen wie Haaren, Haut und N\u00e4geln. Durch den Hydrolyseprozess werden Peptide unterschiedlicher Molek\u00fclmasse gewonnen, die in die Haarstruktur eindringen oder auf seiner Oberfl\u00e4che einen Schutzfilm bilden k\u00f6nnen, der die Kondition und Widerstandsf\u00e4higkeit gegen mechanische Sch\u00e4den verbessert. <\/p>\n<h2>Anwendung von Kreatinhydrolysat<\/h2>\n<p>In der Kosmetik wird Keratinhydrolysat vor allem in Haarpflegeprodukten eingesetzt, wo es zur Verbesserung der Elastizit\u00e4t, Gl\u00e4ttung sowie zur Erh\u00f6hung der Widerstandsf\u00e4higkeit gegen \u00e4u\u00dfere Einfl\u00fcsse beitr\u00e4gt. In Hautpflegepr\u00e4paraten kann es die Kondition durch Bildung einer Schutzschicht sowie Verbesserung der Gebrauchsparameter der Formulierung beeinflussen. Aufgrund der hohen L\u00f6slichkeit und Stabilit\u00e4t findet es auch Anwendung in fortgeschritteneren Formulierungssystemen, einschlie\u00dflich Pflege- und technologischen Pr\u00e4paraten.  <\/p>\n<p>Keratinhydrolysat wird verwendet in:<\/p>\n<ul>\n<li>Haarkosmetik (Shampoos, Masken, Sp\u00fclungen),<\/li>\n<li>Nagelpflegepr\u00e4paraten,<\/li>\n<li>regenerierenden und st\u00e4rkenden Kosmetika,<\/li>\n<li>Hautpflegepr\u00e4paraten,<\/li>\n<li>Detergenzien und Textilpflegemitteln.<\/li>\n<\/ul>\n","protected":false},"excerpt":{"rendered":"<p><strong>Keratinhydrolysat aus Pute<\/strong> liegt in Form eines cremefarbenen bis bernsteinfarbenen Pulvers vor und hat eine gute Wasserl\u00f6slichkeit. Der Proteingehalt betr\u00e4gt \u226569%, und der pH-Wert liegt im Bereich von 6,5\u20137,5. Je nach Hydrolysegrad sind Fraktionen mit unterschiedlicher Molek\u00fclmasse verf\u00fcgbar (von &lt;1 kDa bis mehrere kDa).  <\/p>\n","protected":false},"featured_media":46971,"template":"","meta":{"_acf_changed":false},"product_brand":[],"product_cat":[381],"product_tag":[],"class_list":{"0":"post-46970","1":"product","2":"type-product","3":"status-publish","4":"has-post-thumbnail","6":"product_cat-rohstoffe-fur-kosmetika","7":"pa_certyfikaty-brcgs-food","8":"pa_certyfikaty-halal-de","9":"pa_certyfikaty-ifs-food","10":"pa_certyfikaty-ifs-logistics","12":"first","13":"instock","14":"shipping-taxable","15":"product-type-simple"},"acf":[],"yoast_head":"<!-- This site is optimized with the Yoast SEO plugin v27.6 - https:\/\/yoast.com\/product\/yoast-seo-wordpress\/ -->\n<title>Kreatinhydrolysat - Gro\u00dfhandelsvertrieb<\/title>\n<meta name=\"description\" content=\"Keratinhydrolysat ist ein Protein mit konditionierender und st\u00e4rkender Wirkung auf das Haar. Kosmetischer Rohstoff mit hoher L\u00f6slichkeit und einem Proteingehalt von \u226569%.\" \/>\n<meta name=\"robots\" content=\"index, follow, max-snippet:-1, max-image-preview:large, max-video-preview:-1\" \/>\n<link rel=\"canonical\" href=\"https:\/\/naturalpoland.com\/de\/produkte\/produkte-fur-die-kosmetikindustrie\/rohstoffe-fur-kosmetika\/kreatinhydrolysat\/\" \/>\n<meta property=\"og:locale\" content=\"de_DE\" \/>\n<meta property=\"og:type\" content=\"article\" \/>\n<meta property=\"og:title\" content=\"Kreatinhydrolysat - Gro\u00dfhandelsvertrieb\" \/>\n<meta property=\"og:description\" content=\"Keratinhydrolysat ist ein Protein mit konditionierender und st\u00e4rkender Wirkung auf das Haar. Kosmetischer Rohstoff mit hoher L\u00f6slichkeit und einem Proteingehalt von \u226569%.\" \/>\n<meta property=\"og:url\" content=\"https:\/\/naturalpoland.com\/de\/produkte\/produkte-fur-die-kosmetikindustrie\/rohstoffe-fur-kosmetika\/kreatinhydrolysat\/\" \/>\n<meta property=\"og:site_name\" content=\"NATURAL POLAND - IMPORT UND HANDEL VON ROHSTOFFEN\" \/>\n<meta property=\"article:publisher\" content=\"https:\/\/www.facebook.com\/naturalpoland.b2b\" \/>\n<meta property=\"article:modified_time\" content=\"2026-03-20T12:25:23+00:00\" \/>\n<meta property=\"og:image\" content=\"https:\/\/naturalpoland.com\/wp-content\/uploads\/hydrolizat-kreatyny.webp\" \/>\n\t<meta property=\"og:image:width\" content=\"1024\" \/>\n\t<meta property=\"og:image:height\" content=\"1024\" \/>\n\t<meta property=\"og:image:type\" content=\"image\/webp\" \/>\n<script type=\"application\/ld+json\" class=\"yoast-schema-graph\">{\"@context\":\"https:\\\/\\\/schema.org\",\"@graph\":[{\"@type\":\"WebPage\",\"@id\":\"https:\\\/\\\/naturalpoland.com\\\/de\\\/produkte\\\/produkte-fur-die-kosmetikindustrie\\\/rohstoffe-fur-kosmetika\\\/kreatinhydrolysat\\\/\",\"url\":\"https:\\\/\\\/naturalpoland.com\\\/de\\\/produkte\\\/produkte-fur-die-kosmetikindustrie\\\/rohstoffe-fur-kosmetika\\\/kreatinhydrolysat\\\/\",\"name\":\"Kreatinhydrolysat - Gro\u00dfhandelsvertrieb\",\"isPartOf\":{\"@id\":\"https:\\\/\\\/naturalpoland.com\\\/de\\\/#website\"},\"primaryImageOfPage\":{\"@id\":\"https:\\\/\\\/naturalpoland.com\\\/de\\\/produkte\\\/produkte-fur-die-kosmetikindustrie\\\/rohstoffe-fur-kosmetika\\\/kreatinhydrolysat\\\/#primaryimage\"},\"image\":{\"@id\":\"https:\\\/\\\/naturalpoland.com\\\/de\\\/produkte\\\/produkte-fur-die-kosmetikindustrie\\\/rohstoffe-fur-kosmetika\\\/kreatinhydrolysat\\\/#primaryimage\"},\"thumbnailUrl\":\"https:\\\/\\\/naturalpoland.com\\\/wp-content\\\/uploads\\\/hydrolizat-kreatyny.webp\",\"datePublished\":\"2026-03-19T11:13:47+00:00\",\"dateModified\":\"2026-03-20T12:25:23+00:00\",\"description\":\"Keratinhydrolysat ist ein Protein mit konditionierender und st\u00e4rkender Wirkung auf das Haar. Kosmetischer Rohstoff mit hoher L\u00f6slichkeit und einem Proteingehalt von \u226569%.\",\"breadcrumb\":{\"@id\":\"https:\\\/\\\/naturalpoland.com\\\/de\\\/produkte\\\/produkte-fur-die-kosmetikindustrie\\\/rohstoffe-fur-kosmetika\\\/kreatinhydrolysat\\\/#breadcrumb\"},\"inLanguage\":\"de\",\"potentialAction\":[{\"@type\":\"ReadAction\",\"target\":[\"https:\\\/\\\/naturalpoland.com\\\/de\\\/produkte\\\/produkte-fur-die-kosmetikindustrie\\\/rohstoffe-fur-kosmetika\\\/kreatinhydrolysat\\\/\"]}]},{\"@type\":\"ImageObject\",\"inLanguage\":\"de\",\"@id\":\"https:\\\/\\\/naturalpoland.com\\\/de\\\/produkte\\\/produkte-fur-die-kosmetikindustrie\\\/rohstoffe-fur-kosmetika\\\/kreatinhydrolysat\\\/#primaryimage\",\"url\":\"https:\\\/\\\/naturalpoland.com\\\/wp-content\\\/uploads\\\/hydrolizat-kreatyny.webp\",\"contentUrl\":\"https:\\\/\\\/naturalpoland.com\\\/wp-content\\\/uploads\\\/hydrolizat-kreatyny.webp\",\"width\":1024,\"height\":1024,\"caption\":\"Kreatinhydrolysat\"},{\"@type\":\"BreadcrumbList\",\"@id\":\"https:\\\/\\\/naturalpoland.com\\\/de\\\/produkte\\\/produkte-fur-die-kosmetikindustrie\\\/rohstoffe-fur-kosmetika\\\/kreatinhydrolysat\\\/#breadcrumb\",\"itemListElement\":[{\"@type\":\"ListItem\",\"position\":1,\"name\":\"Startseite\",\"item\":\"https:\\\/\\\/naturalpoland.com\\\/de\\\/\"},{\"@type\":\"ListItem\",\"position\":2,\"name\":\"Produkte\",\"item\":\"https:\\\/\\\/naturalpoland.com\\\/de\\\/produkte\\\/\"},{\"@type\":\"ListItem\",\"position\":3,\"name\":\"Kreatinhydrolysat\"}]},{\"@type\":\"WebSite\",\"@id\":\"https:\\\/\\\/naturalpoland.com\\\/de\\\/#website\",\"url\":\"https:\\\/\\\/naturalpoland.com\\\/de\\\/\",\"name\":\"NATURAL POLAND - IMPORT UND HANDEL VON ROHSTOFFEN\",\"description\":\"Rohstoffe f\u00fcr die Lebensmittelindustrie, Kosmetikindustrie, Pharmaindustrie\",\"publisher\":{\"@id\":\"https:\\\/\\\/naturalpoland.com\\\/de\\\/#organization\"},\"potentialAction\":[{\"@type\":\"SearchAction\",\"target\":{\"@type\":\"EntryPoint\",\"urlTemplate\":\"https:\\\/\\\/naturalpoland.com\\\/de\\\/?s={search_term_string}\"},\"query-input\":{\"@type\":\"PropertyValueSpecification\",\"valueRequired\":true,\"valueName\":\"search_term_string\"}}],\"inLanguage\":\"de\"},{\"@type\":\"Organization\",\"@id\":\"https:\\\/\\\/naturalpoland.com\\\/de\\\/#organization\",\"name\":\"Natural Poland\",\"url\":\"https:\\\/\\\/naturalpoland.com\\\/de\\\/\",\"logo\":{\"@type\":\"ImageObject\",\"inLanguage\":\"de\",\"@id\":\"https:\\\/\\\/naturalpoland.com\\\/de\\\/#\\\/schema\\\/logo\\\/image\\\/\",\"url\":\"https:\\\/\\\/naturalpoland.com\\\/wp-content\\\/uploads\\\/2021\\\/05\\\/natural-poland-icon.png\",\"contentUrl\":\"https:\\\/\\\/naturalpoland.com\\\/wp-content\\\/uploads\\\/2021\\\/05\\\/natural-poland-icon.png\",\"width\":512,\"height\":512,\"caption\":\"Natural Poland\"},\"image\":{\"@id\":\"https:\\\/\\\/naturalpoland.com\\\/de\\\/#\\\/schema\\\/logo\\\/image\\\/\"},\"sameAs\":[\"https:\\\/\\\/www.facebook.com\\\/naturalpoland.b2b\",\"https:\\\/\\\/pl.linkedin.com\\\/company\\\/natural-poland\",\"https:\\\/\\\/www.youtube.com\\\/channel\\\/UCgeGGkvOMahZo-xu_MSEWxg\"]}]}<\/script>\n<!-- \/ Yoast SEO plugin. -->","yoast_head_json":{"title":"Kreatinhydrolysat - Gro\u00dfhandelsvertrieb","description":"Keratinhydrolysat ist ein Protein mit konditionierender und st\u00e4rkender Wirkung auf das Haar. Kosmetischer Rohstoff mit hoher L\u00f6slichkeit und einem Proteingehalt von \u226569%.","robots":{"index":"index","follow":"follow","max-snippet":"max-snippet:-1","max-image-preview":"max-image-preview:large","max-video-preview":"max-video-preview:-1"},"canonical":"https:\/\/naturalpoland.com\/de\/produkte\/produkte-fur-die-kosmetikindustrie\/rohstoffe-fur-kosmetika\/kreatinhydrolysat\/","og_locale":"de_DE","og_type":"article","og_title":"Kreatinhydrolysat - Gro\u00dfhandelsvertrieb","og_description":"Keratinhydrolysat ist ein Protein mit konditionierender und st\u00e4rkender Wirkung auf das Haar. Kosmetischer Rohstoff mit hoher L\u00f6slichkeit und einem Proteingehalt von \u226569%.","og_url":"https:\/\/naturalpoland.com\/de\/produkte\/produkte-fur-die-kosmetikindustrie\/rohstoffe-fur-kosmetika\/kreatinhydrolysat\/","og_site_name":"NATURAL POLAND - IMPORT UND HANDEL VON ROHSTOFFEN","article_publisher":"https:\/\/www.facebook.com\/naturalpoland.b2b","article_modified_time":"2026-03-20T12:25:23+00:00","og_image":[{"width":1024,"height":1024,"url":"https:\/\/naturalpoland.com\/wp-content\/uploads\/hydrolizat-kreatyny.webp","type":"image\/webp"}],"schema":{"@context":"https:\/\/schema.org","@graph":[{"@type":"WebPage","@id":"https:\/\/naturalpoland.com\/de\/produkte\/produkte-fur-die-kosmetikindustrie\/rohstoffe-fur-kosmetika\/kreatinhydrolysat\/","url":"https:\/\/naturalpoland.com\/de\/produkte\/produkte-fur-die-kosmetikindustrie\/rohstoffe-fur-kosmetika\/kreatinhydrolysat\/","name":"Kreatinhydrolysat - Gro\u00dfhandelsvertrieb","isPartOf":{"@id":"https:\/\/naturalpoland.com\/de\/#website"},"primaryImageOfPage":{"@id":"https:\/\/naturalpoland.com\/de\/produkte\/produkte-fur-die-kosmetikindustrie\/rohstoffe-fur-kosmetika\/kreatinhydrolysat\/#primaryimage"},"image":{"@id":"https:\/\/naturalpoland.com\/de\/produkte\/produkte-fur-die-kosmetikindustrie\/rohstoffe-fur-kosmetika\/kreatinhydrolysat\/#primaryimage"},"thumbnailUrl":"https:\/\/naturalpoland.com\/wp-content\/uploads\/hydrolizat-kreatyny.webp","datePublished":"2026-03-19T11:13:47+00:00","dateModified":"2026-03-20T12:25:23+00:00","description":"Keratinhydrolysat ist ein Protein mit konditionierender und st\u00e4rkender Wirkung auf das Haar. Kosmetischer Rohstoff mit hoher L\u00f6slichkeit und einem Proteingehalt von \u226569%.","breadcrumb":{"@id":"https:\/\/naturalpoland.com\/de\/produkte\/produkte-fur-die-kosmetikindustrie\/rohstoffe-fur-kosmetika\/kreatinhydrolysat\/#breadcrumb"},"inLanguage":"de","potentialAction":[{"@type":"ReadAction","target":["https:\/\/naturalpoland.com\/de\/produkte\/produkte-fur-die-kosmetikindustrie\/rohstoffe-fur-kosmetika\/kreatinhydrolysat\/"]}]},{"@type":"ImageObject","inLanguage":"de","@id":"https:\/\/naturalpoland.com\/de\/produkte\/produkte-fur-die-kosmetikindustrie\/rohstoffe-fur-kosmetika\/kreatinhydrolysat\/#primaryimage","url":"https:\/\/naturalpoland.com\/wp-content\/uploads\/hydrolizat-kreatyny.webp","contentUrl":"https:\/\/naturalpoland.com\/wp-content\/uploads\/hydrolizat-kreatyny.webp","width":1024,"height":1024,"caption":"Kreatinhydrolysat"},{"@type":"BreadcrumbList","@id":"https:\/\/naturalpoland.com\/de\/produkte\/produkte-fur-die-kosmetikindustrie\/rohstoffe-fur-kosmetika\/kreatinhydrolysat\/#breadcrumb","itemListElement":[{"@type":"ListItem","position":1,"name":"Startseite","item":"https:\/\/naturalpoland.com\/de\/"},{"@type":"ListItem","position":2,"name":"Produkte","item":"https:\/\/naturalpoland.com\/de\/produkte\/"},{"@type":"ListItem","position":3,"name":"Kreatinhydrolysat"}]},{"@type":"WebSite","@id":"https:\/\/naturalpoland.com\/de\/#website","url":"https:\/\/naturalpoland.com\/de\/","name":"NATURAL POLAND - IMPORT UND HANDEL VON ROHSTOFFEN","description":"Rohstoffe f\u00fcr die Lebensmittelindustrie, Kosmetikindustrie, Pharmaindustrie","publisher":{"@id":"https:\/\/naturalpoland.com\/de\/#organization"},"potentialAction":[{"@type":"SearchAction","target":{"@type":"EntryPoint","urlTemplate":"https:\/\/naturalpoland.com\/de\/?s={search_term_string}"},"query-input":{"@type":"PropertyValueSpecification","valueRequired":true,"valueName":"search_term_string"}}],"inLanguage":"de"},{"@type":"Organization","@id":"https:\/\/naturalpoland.com\/de\/#organization","name":"Natural Poland","url":"https:\/\/naturalpoland.com\/de\/","logo":{"@type":"ImageObject","inLanguage":"de","@id":"https:\/\/naturalpoland.com\/de\/#\/schema\/logo\/image\/","url":"https:\/\/naturalpoland.com\/wp-content\/uploads\/2021\/05\/natural-poland-icon.png","contentUrl":"https:\/\/naturalpoland.com\/wp-content\/uploads\/2021\/05\/natural-poland-icon.png","width":512,"height":512,"caption":"Natural Poland"},"image":{"@id":"https:\/\/naturalpoland.com\/de\/#\/schema\/logo\/image\/"},"sameAs":["https:\/\/www.facebook.com\/naturalpoland.b2b","https:\/\/pl.linkedin.com\/company\/natural-poland","https:\/\/www.youtube.com\/channel\/UCgeGGkvOMahZo-xu_MSEWxg"]}]}},"_links":{"self":[{"href":"https:\/\/naturalpoland.com\/de\/wp-json\/wp\/v2\/product\/46970","targetHints":{"allow":["GET"]}}],"collection":[{"href":"https:\/\/naturalpoland.com\/de\/wp-json\/wp\/v2\/product"}],"about":[{"href":"https:\/\/naturalpoland.com\/de\/wp-json\/wp\/v2\/types\/product"}],"wp:featuredmedia":[{"embeddable":true,"href":"https:\/\/naturalpoland.com\/de\/wp-json\/wp\/v2\/media\/46971"}],"wp:attachment":[{"href":"https:\/\/naturalpoland.com\/de\/wp-json\/wp\/v2\/media?parent=46970"}],"wp:term":[{"taxonomy":"product_brand","embeddable":true,"href":"https:\/\/naturalpoland.com\/de\/wp-json\/wp\/v2\/product_brand?post=46970"},{"taxonomy":"product_cat","embeddable":true,"href":"https:\/\/naturalpoland.com\/de\/wp-json\/wp\/v2\/product_cat?post=46970"},{"taxonomy":"product_tag","embeddable":true,"href":"https:\/\/naturalpoland.com\/de\/wp-json\/wp\/v2\/product_tag?post=46970"}],"curies":[{"name":"wp","href":"https:\/\/api.w.org\/{rel}","templated":true}]}}