{"id":47058,"date":"2026-03-20T15:12:25","date_gmt":"2026-03-20T14:12:25","guid":{"rendered":"https:\/\/naturalpoland.com\/produkty\/unkategorisiert\/natriumbutyrat\/"},"modified":"2026-03-20T15:31:34","modified_gmt":"2026-03-20T14:31:34","slug":"natriumbutyrat","status":"publish","type":"product","link":"https:\/\/naturalpoland.com\/de\/produkte\/produkte-fur-die-pharmaindustrie\/nahrungserganzungmittel\/natriumbutyrat\/","title":{"rendered":"Natriumbutyrat"},"content":{"rendered":"<p>Natriumbutyrat ist im Dickdarm als Produkt der Fermentation von Ballaststoffen durch die Darmmikrobiota nat\u00fcrlich vorhanden. Als funktioneller Rohstoff wird es in Nahrungserg\u00e4nzungsmitteln und Produkten zur Unterst\u00fctzung des Verdauungssystems eingesetzt. <\/p>\n<p>Das angebotene Produkt ist Natriumbutyrat in <strong>umh\u00fcllter Form<\/strong>, was bedeutet, dass der Wirkstoff durch eine Fettschicht gesch\u00fctzt ist. Dies erm\u00f6glicht eine kontrollierte Freisetzung in den weiteren Abschnitten des Verdauungstrakts und reduziert den charakteristischen Geruch des Rohstoffs. <\/p>\n<h2>Eigenschaften und Wirkung von Natriumbutyrat:<\/h2>\n<p>Natriumbutyrat wird in Formulierungen eingesetzt, die auf die Funktion des Verdauungstrakts abzielen. Als kurzkettige Fetts\u00e4ure ist es eine nat\u00fcrliche Energiequelle f\u00fcr die Epithelzellen des Darms, was zur Aufrechterhaltung der korrekten Struktur und Funktion der Darmbarriere beitr\u00e4gt. <\/p>\n<p>Diese Verbindung ist an der Regulierung des Darmmilieus durch ihren Einfluss auf die Mikroflora und den pH-Wert im Verdauungstrakt beteiligt. Sie kann zur Aufrechterhaltung des mikrobiologischen Gleichgewichts im Darm beitragen und die Entwicklung n\u00fctzlicher Bakterien f\u00f6rdern. Sie spielt auch eine wichtige Rolle bei Prozessen, die mit der Regeneration des Darmepithels und der Aufrechterhaltung der Integrit\u00e4t der Darmbarriere verbunden sind.  <\/p>\n<p>Die Anwendung der umh\u00fcllten Form erm\u00f6glicht eine Steigerung der technologischen Effizienz \u2013 der Bestandteil wird im oberen Verdauungstrakt nicht schnell abgebaut, sodass er im D\u00fcnn- und Dickdarm wirken kann. Zus\u00e4tzlich reduziert die Umh\u00fcllung den intensiven Geruch, der f\u00fcr freie Butters\u00e4ure charakteristisch ist. <\/p>\n<h2>Anwendung von Natriumbutyrat:<\/h2>\n<ul>\n<li>Nahrungserg\u00e4nzungsmittel vom Typ <em>gut health<\/em>,<\/li>\n<li>Pr\u00e4parate zur Unterst\u00fctzung der Darmfunktion,<\/li>\n<li>funktionelle Lebensmittel,<\/li>\n<li>Produkte f\u00fcr Personen, die auf ihre Darmmikrobiota achten,<\/li>\n<li>veterin\u00e4rmedizinische und Futtermittelanwendungen.<\/li>\n<\/ul>\n<p>Aufgrund seiner Funktionalit\u00e4t wird dieser Rohstoff h\u00e4ufig in Produkten verwendet, die pr\u00e4biotische und probiotische Inhaltsstoffe kombinieren.<\/p>\n","protected":false},"excerpt":{"rendered":"<p>Natriumbutyrat ist das Natriumsalz der Butters\u00e4ure und geh\u00f6rt zur Gruppe der kurzkettigen Fetts\u00e4uren (SCFA).<\/p>\n","protected":false},"featured_media":47067,"template":"","meta":{"_acf_changed":false},"product_brand":[],"product_cat":[373],"product_tag":[],"class_list":{"0":"post-47058","1":"product","2":"type-product","3":"status-publish","4":"has-post-thumbnail","6":"product_cat-nahrungserganzungmittel","8":"first","9":"instock","10":"shipping-taxable","11":"product-type-simple"},"acf":[],"yoast_head":"<!-- This site is optimized with the Yoast SEO plugin v27.5 - https:\/\/yoast.com\/product\/yoast-seo-wordpress\/ -->\n<title>Natriumbutyrat - Gro\u00dfhandelsvertrieb<\/title>\n<meta name=\"description\" content=\"Natriumbutyrat (umh\u00fcllt) ist ein Rohstoff f\u00fcr Nahrungserg\u00e4nzungsmittel, die den Darm und die Mikrobiota unterst\u00fctzen. Eine stabile Form mit kontrollierter Freisetzung und hoher Qualit\u00e4t.\" \/>\n<meta name=\"robots\" content=\"index, follow, max-snippet:-1, max-image-preview:large, max-video-preview:-1\" \/>\n<link rel=\"canonical\" href=\"https:\/\/naturalpoland.com\/de\/produkte\/produkte-fur-die-pharmaindustrie\/nahrungserganzungmittel\/natriumbutyrat\/\" \/>\n<meta property=\"og:locale\" content=\"de_DE\" \/>\n<meta property=\"og:type\" content=\"article\" \/>\n<meta property=\"og:title\" content=\"Natriumbutyrat - Gro\u00dfhandelsvertrieb\" \/>\n<meta property=\"og:description\" content=\"Natriumbutyrat (umh\u00fcllt) ist ein Rohstoff f\u00fcr Nahrungserg\u00e4nzungsmittel, die den Darm und die Mikrobiota unterst\u00fctzen. Eine stabile Form mit kontrollierter Freisetzung und hoher Qualit\u00e4t.\" \/>\n<meta property=\"og:url\" content=\"https:\/\/naturalpoland.com\/de\/produkte\/produkte-fur-die-pharmaindustrie\/nahrungserganzungmittel\/natriumbutyrat\/\" \/>\n<meta property=\"og:site_name\" content=\"NATURAL POLAND - IMPORT UND HANDEL VON ROHSTOFFEN\" \/>\n<meta property=\"article:publisher\" content=\"https:\/\/www.facebook.com\/naturalpoland.b2b\" \/>\n<meta property=\"article:modified_time\" content=\"2026-03-20T14:31:34+00:00\" \/>\n<meta property=\"og:image\" content=\"https:\/\/naturalpoland.com\/wp-content\/uploads\/maslan-sodu-otoczkowany.webp\" \/>\n\t<meta property=\"og:image:width\" content=\"1024\" \/>\n\t<meta property=\"og:image:height\" content=\"1024\" \/>\n\t<meta property=\"og:image:type\" content=\"image\/webp\" \/>\n<script type=\"application\/ld+json\" class=\"yoast-schema-graph\">{\"@context\":\"https:\\\/\\\/schema.org\",\"@graph\":[{\"@type\":\"WebPage\",\"@id\":\"https:\\\/\\\/naturalpoland.com\\\/de\\\/produkte\\\/produkte-fur-die-pharmaindustrie\\\/nahrungserganzungmittel\\\/natriumbutyrat\\\/\",\"url\":\"https:\\\/\\\/naturalpoland.com\\\/de\\\/produkte\\\/produkte-fur-die-pharmaindustrie\\\/nahrungserganzungmittel\\\/natriumbutyrat\\\/\",\"name\":\"Natriumbutyrat - Gro\u00dfhandelsvertrieb\",\"isPartOf\":{\"@id\":\"https:\\\/\\\/naturalpoland.com\\\/de\\\/#website\"},\"primaryImageOfPage\":{\"@id\":\"https:\\\/\\\/naturalpoland.com\\\/de\\\/produkte\\\/produkte-fur-die-pharmaindustrie\\\/nahrungserganzungmittel\\\/natriumbutyrat\\\/#primaryimage\"},\"image\":{\"@id\":\"https:\\\/\\\/naturalpoland.com\\\/de\\\/produkte\\\/produkte-fur-die-pharmaindustrie\\\/nahrungserganzungmittel\\\/natriumbutyrat\\\/#primaryimage\"},\"thumbnailUrl\":\"https:\\\/\\\/naturalpoland.com\\\/wp-content\\\/uploads\\\/maslan-sodu-kapsulkowany.jpg\",\"datePublished\":\"2026-03-20T14:12:25+00:00\",\"dateModified\":\"2026-03-20T14:31:34+00:00\",\"description\":\"Natriumbutyrat (umh\u00fcllt) ist ein Rohstoff f\u00fcr Nahrungserg\u00e4nzungsmittel, die den Darm und die Mikrobiota unterst\u00fctzen. Eine stabile Form mit kontrollierter Freisetzung und hoher Qualit\u00e4t.\",\"breadcrumb\":{\"@id\":\"https:\\\/\\\/naturalpoland.com\\\/de\\\/produkte\\\/produkte-fur-die-pharmaindustrie\\\/nahrungserganzungmittel\\\/natriumbutyrat\\\/#breadcrumb\"},\"inLanguage\":\"de\",\"potentialAction\":[{\"@type\":\"ReadAction\",\"target\":[\"https:\\\/\\\/naturalpoland.com\\\/de\\\/produkte\\\/produkte-fur-die-pharmaindustrie\\\/nahrungserganzungmittel\\\/natriumbutyrat\\\/\"]}]},{\"@type\":\"ImageObject\",\"inLanguage\":\"de\",\"@id\":\"https:\\\/\\\/naturalpoland.com\\\/de\\\/produkte\\\/produkte-fur-die-pharmaindustrie\\\/nahrungserganzungmittel\\\/natriumbutyrat\\\/#primaryimage\",\"url\":\"https:\\\/\\\/naturalpoland.com\\\/wp-content\\\/uploads\\\/maslan-sodu-kapsulkowany.jpg\",\"contentUrl\":\"https:\\\/\\\/naturalpoland.com\\\/wp-content\\\/uploads\\\/maslan-sodu-kapsulkowany.jpg\",\"width\":1024,\"height\":1024,\"caption\":\"ma\u015blan sodu kapsu\u0142kowany\"},{\"@type\":\"BreadcrumbList\",\"@id\":\"https:\\\/\\\/naturalpoland.com\\\/de\\\/produkte\\\/produkte-fur-die-pharmaindustrie\\\/nahrungserganzungmittel\\\/natriumbutyrat\\\/#breadcrumb\",\"itemListElement\":[{\"@type\":\"ListItem\",\"position\":1,\"name\":\"Startseite\",\"item\":\"https:\\\/\\\/naturalpoland.com\\\/de\\\/\"},{\"@type\":\"ListItem\",\"position\":2,\"name\":\"Produkte\",\"item\":\"https:\\\/\\\/naturalpoland.com\\\/de\\\/produkte\\\/\"},{\"@type\":\"ListItem\",\"position\":3,\"name\":\"Natriumbutyrat\"}]},{\"@type\":\"WebSite\",\"@id\":\"https:\\\/\\\/naturalpoland.com\\\/de\\\/#website\",\"url\":\"https:\\\/\\\/naturalpoland.com\\\/de\\\/\",\"name\":\"NATURAL POLAND - IMPORT UND HANDEL VON ROHSTOFFEN\",\"description\":\"Rohstoffe f\u00fcr die Lebensmittelindustrie, Kosmetikindustrie, Pharmaindustrie\",\"publisher\":{\"@id\":\"https:\\\/\\\/naturalpoland.com\\\/de\\\/#organization\"},\"potentialAction\":[{\"@type\":\"SearchAction\",\"target\":{\"@type\":\"EntryPoint\",\"urlTemplate\":\"https:\\\/\\\/naturalpoland.com\\\/de\\\/?s={search_term_string}\"},\"query-input\":{\"@type\":\"PropertyValueSpecification\",\"valueRequired\":true,\"valueName\":\"search_term_string\"}}],\"inLanguage\":\"de\"},{\"@type\":\"Organization\",\"@id\":\"https:\\\/\\\/naturalpoland.com\\\/de\\\/#organization\",\"name\":\"Natural Poland\",\"url\":\"https:\\\/\\\/naturalpoland.com\\\/de\\\/\",\"logo\":{\"@type\":\"ImageObject\",\"inLanguage\":\"de\",\"@id\":\"https:\\\/\\\/naturalpoland.com\\\/de\\\/#\\\/schema\\\/logo\\\/image\\\/\",\"url\":\"https:\\\/\\\/naturalpoland.com\\\/wp-content\\\/uploads\\\/2021\\\/05\\\/natural-poland-icon.png\",\"contentUrl\":\"https:\\\/\\\/naturalpoland.com\\\/wp-content\\\/uploads\\\/2021\\\/05\\\/natural-poland-icon.png\",\"width\":512,\"height\":512,\"caption\":\"Natural Poland\"},\"image\":{\"@id\":\"https:\\\/\\\/naturalpoland.com\\\/de\\\/#\\\/schema\\\/logo\\\/image\\\/\"},\"sameAs\":[\"https:\\\/\\\/www.facebook.com\\\/naturalpoland.b2b\",\"https:\\\/\\\/pl.linkedin.com\\\/company\\\/natural-poland\",\"https:\\\/\\\/www.youtube.com\\\/channel\\\/UCgeGGkvOMahZo-xu_MSEWxg\"]}]}<\/script>\n<!-- \/ Yoast SEO plugin. -->","yoast_head_json":{"title":"Natriumbutyrat - Gro\u00dfhandelsvertrieb","description":"Natriumbutyrat (umh\u00fcllt) ist ein Rohstoff f\u00fcr Nahrungserg\u00e4nzungsmittel, die den Darm und die Mikrobiota unterst\u00fctzen. Eine stabile Form mit kontrollierter Freisetzung und hoher Qualit\u00e4t.","robots":{"index":"index","follow":"follow","max-snippet":"max-snippet:-1","max-image-preview":"max-image-preview:large","max-video-preview":"max-video-preview:-1"},"canonical":"https:\/\/naturalpoland.com\/de\/produkte\/produkte-fur-die-pharmaindustrie\/nahrungserganzungmittel\/natriumbutyrat\/","og_locale":"de_DE","og_type":"article","og_title":"Natriumbutyrat - Gro\u00dfhandelsvertrieb","og_description":"Natriumbutyrat (umh\u00fcllt) ist ein Rohstoff f\u00fcr Nahrungserg\u00e4nzungsmittel, die den Darm und die Mikrobiota unterst\u00fctzen. Eine stabile Form mit kontrollierter Freisetzung und hoher Qualit\u00e4t.","og_url":"https:\/\/naturalpoland.com\/de\/produkte\/produkte-fur-die-pharmaindustrie\/nahrungserganzungmittel\/natriumbutyrat\/","og_site_name":"NATURAL POLAND - IMPORT UND HANDEL VON ROHSTOFFEN","article_publisher":"https:\/\/www.facebook.com\/naturalpoland.b2b","article_modified_time":"2026-03-20T14:31:34+00:00","og_image":[{"width":1024,"height":1024,"url":"https:\/\/naturalpoland.com\/wp-content\/uploads\/maslan-sodu-otoczkowany.webp","type":"image\/webp"}],"schema":{"@context":"https:\/\/schema.org","@graph":[{"@type":"WebPage","@id":"https:\/\/naturalpoland.com\/de\/produkte\/produkte-fur-die-pharmaindustrie\/nahrungserganzungmittel\/natriumbutyrat\/","url":"https:\/\/naturalpoland.com\/de\/produkte\/produkte-fur-die-pharmaindustrie\/nahrungserganzungmittel\/natriumbutyrat\/","name":"Natriumbutyrat - Gro\u00dfhandelsvertrieb","isPartOf":{"@id":"https:\/\/naturalpoland.com\/de\/#website"},"primaryImageOfPage":{"@id":"https:\/\/naturalpoland.com\/de\/produkte\/produkte-fur-die-pharmaindustrie\/nahrungserganzungmittel\/natriumbutyrat\/#primaryimage"},"image":{"@id":"https:\/\/naturalpoland.com\/de\/produkte\/produkte-fur-die-pharmaindustrie\/nahrungserganzungmittel\/natriumbutyrat\/#primaryimage"},"thumbnailUrl":"https:\/\/naturalpoland.com\/wp-content\/uploads\/maslan-sodu-kapsulkowany.jpg","datePublished":"2026-03-20T14:12:25+00:00","dateModified":"2026-03-20T14:31:34+00:00","description":"Natriumbutyrat (umh\u00fcllt) ist ein Rohstoff f\u00fcr Nahrungserg\u00e4nzungsmittel, die den Darm und die Mikrobiota unterst\u00fctzen. Eine stabile Form mit kontrollierter Freisetzung und hoher Qualit\u00e4t.","breadcrumb":{"@id":"https:\/\/naturalpoland.com\/de\/produkte\/produkte-fur-die-pharmaindustrie\/nahrungserganzungmittel\/natriumbutyrat\/#breadcrumb"},"inLanguage":"de","potentialAction":[{"@type":"ReadAction","target":["https:\/\/naturalpoland.com\/de\/produkte\/produkte-fur-die-pharmaindustrie\/nahrungserganzungmittel\/natriumbutyrat\/"]}]},{"@type":"ImageObject","inLanguage":"de","@id":"https:\/\/naturalpoland.com\/de\/produkte\/produkte-fur-die-pharmaindustrie\/nahrungserganzungmittel\/natriumbutyrat\/#primaryimage","url":"https:\/\/naturalpoland.com\/wp-content\/uploads\/maslan-sodu-kapsulkowany.jpg","contentUrl":"https:\/\/naturalpoland.com\/wp-content\/uploads\/maslan-sodu-kapsulkowany.jpg","width":1024,"height":1024,"caption":"ma\u015blan sodu kapsu\u0142kowany"},{"@type":"BreadcrumbList","@id":"https:\/\/naturalpoland.com\/de\/produkte\/produkte-fur-die-pharmaindustrie\/nahrungserganzungmittel\/natriumbutyrat\/#breadcrumb","itemListElement":[{"@type":"ListItem","position":1,"name":"Startseite","item":"https:\/\/naturalpoland.com\/de\/"},{"@type":"ListItem","position":2,"name":"Produkte","item":"https:\/\/naturalpoland.com\/de\/produkte\/"},{"@type":"ListItem","position":3,"name":"Natriumbutyrat"}]},{"@type":"WebSite","@id":"https:\/\/naturalpoland.com\/de\/#website","url":"https:\/\/naturalpoland.com\/de\/","name":"NATURAL POLAND - IMPORT UND HANDEL VON ROHSTOFFEN","description":"Rohstoffe f\u00fcr die Lebensmittelindustrie, Kosmetikindustrie, Pharmaindustrie","publisher":{"@id":"https:\/\/naturalpoland.com\/de\/#organization"},"potentialAction":[{"@type":"SearchAction","target":{"@type":"EntryPoint","urlTemplate":"https:\/\/naturalpoland.com\/de\/?s={search_term_string}"},"query-input":{"@type":"PropertyValueSpecification","valueRequired":true,"valueName":"search_term_string"}}],"inLanguage":"de"},{"@type":"Organization","@id":"https:\/\/naturalpoland.com\/de\/#organization","name":"Natural Poland","url":"https:\/\/naturalpoland.com\/de\/","logo":{"@type":"ImageObject","inLanguage":"de","@id":"https:\/\/naturalpoland.com\/de\/#\/schema\/logo\/image\/","url":"https:\/\/naturalpoland.com\/wp-content\/uploads\/2021\/05\/natural-poland-icon.png","contentUrl":"https:\/\/naturalpoland.com\/wp-content\/uploads\/2021\/05\/natural-poland-icon.png","width":512,"height":512,"caption":"Natural Poland"},"image":{"@id":"https:\/\/naturalpoland.com\/de\/#\/schema\/logo\/image\/"},"sameAs":["https:\/\/www.facebook.com\/naturalpoland.b2b","https:\/\/pl.linkedin.com\/company\/natural-poland","https:\/\/www.youtube.com\/channel\/UCgeGGkvOMahZo-xu_MSEWxg"]}]}},"_links":{"self":[{"href":"https:\/\/naturalpoland.com\/de\/wp-json\/wp\/v2\/product\/47058","targetHints":{"allow":["GET"]}}],"collection":[{"href":"https:\/\/naturalpoland.com\/de\/wp-json\/wp\/v2\/product"}],"about":[{"href":"https:\/\/naturalpoland.com\/de\/wp-json\/wp\/v2\/types\/product"}],"wp:featuredmedia":[{"embeddable":true,"href":"https:\/\/naturalpoland.com\/de\/wp-json\/wp\/v2\/media\/47067"}],"wp:attachment":[{"href":"https:\/\/naturalpoland.com\/de\/wp-json\/wp\/v2\/media?parent=47058"}],"wp:term":[{"taxonomy":"product_brand","embeddable":true,"href":"https:\/\/naturalpoland.com\/de\/wp-json\/wp\/v2\/product_brand?post=47058"},{"taxonomy":"product_cat","embeddable":true,"href":"https:\/\/naturalpoland.com\/de\/wp-json\/wp\/v2\/product_cat?post=47058"},{"taxonomy":"product_tag","embeddable":true,"href":"https:\/\/naturalpoland.com\/de\/wp-json\/wp\/v2\/product_tag?post=47058"}],"curies":[{"name":"wp","href":"https:\/\/api.w.org\/{rel}","templated":true}]}}