{"id":47431,"date":"2026-04-10T16:00:35","date_gmt":"2026-04-10T14:00:35","guid":{"rendered":"https:\/\/naturalpoland.com\/produkty\/unkategorisiert\/arabinogalactan\/"},"modified":"2026-04-16T11:51:53","modified_gmt":"2026-04-16T09:51:53","slug":"arabinogalactan","status":"publish","type":"product","link":"https:\/\/naturalpoland.com\/de\/produkte\/produkte-fur-die-pharmaindustrie\/nahrungserganzungmittel\/arabinogalactan\/","title":{"rendered":"Arabinogalactan"},"content":{"rendered":"<h2>Eigenschaften und Wirkung von Arabinogalactan<\/h2>\n<p>Arabinogalactan geh\u00f6rt zur Gruppe der Polysaccharide mit <strong>pr\u00e4biotischen Eigenschaften<\/strong>, wodurch es ein gesch\u00e4tzter Bestandteil von Formulierungen ist, die auf die Darmmikrobiota und die Funktion des Verdauungssystems ausgerichtet sind. Als l\u00f6slicher Ballaststoff kann es als Nahrung f\u00fcr n\u00fctzliche Darmbakterien dienen und das <strong>Gleichgewicht der Mikroflora<\/strong> beeinflussen. <\/p>\n<p>Aufgrund seiner chemischen Struktur kann Arabinogalactan auch <strong>Textur, Stabilit\u00e4t und technologische Eigenschaften von Produkten beeinflussen<\/strong>. Es ist dank guter L\u00f6slichkeit und niedriger Viskosit\u00e4t auch bei h\u00f6heren Konzentrationen einfach anzuwenden. <\/p>\n<p>In nutraceutischen Produkten wird Arabinogalactan als Bestandteil zur Unterst\u00fctzung von &#8222;Gut Health&#8220;-Formulierungen sowie Pr\u00e4paraten mit systemischem Charakter eingesetzt.<\/p>\n<h2>Anwendung von L\u00e4rchenextrakt<\/h2>\n<ul>\n<li>Nahrungserg\u00e4nzungsmittel (Produkte zur Unterst\u00fctzung der Darmmikrobiota),<\/li>\n<li>funktionelle Lebensmittel und Getr\u00e4nke,<\/li>\n<li>pr\u00e4biotische Produkte,<\/li>\n<li>Pulver- und Instant-Formulierungen,<\/li>\n<li>di\u00e4tetische Produkte und Produkte f\u00fcr besondere Zwecke.<\/li>\n<\/ul>\n<p>Das neutrale sensorische Profil erm\u00f6glicht seine Verwendung in funktionellen Getr\u00e4nken, Nahrungserg\u00e4nzungsmitteln in Pulverform sowie Kapseln.<\/p>\n","protected":false},"excerpt":{"rendered":"<p><strong>Arabinogalactan<\/strong> (<strong>L\u00e4rchenextrakt<\/strong>) ist ein nat\u00fcrliches pflanzliches Polysaccharid, das aus dem Holz der L\u00e4rche (<em>Larix gmelinii<\/em>) gewonnen wird. Der Rohstoff hat die Form eines leicht cremefarbenen Pulvers mit sehr guter L\u00f6slichkeit und neutralem Geschmack, hoher Reinheit und wird in der Nahrungserg\u00e4nzungsmittel- und funktionellen Lebensmittelindustrie breit eingesetzt. <\/p>\n","protected":false},"featured_media":47432,"template":"","meta":{"_acf_changed":false},"product_brand":[],"product_cat":[373],"product_tag":[],"class_list":{"0":"post-47431","1":"product","2":"type-product","3":"status-publish","4":"has-post-thumbnail","6":"product_cat-nahrungserganzungmittel","8":"first","9":"instock","10":"shipping-taxable","11":"product-type-simple"},"acf":[],"yoast_head":"<!-- This site is optimized with the Yoast SEO plugin v27.4 - https:\/\/yoast.com\/product\/yoast-seo-wordpress\/ -->\n<title>Arabinogalactan - Gro\u00dfhandelsvertrieb<\/title>\n<meta name=\"description\" content=\"Arabinogalactan aus L\u00e4rche ist ein nat\u00fcrlicher l\u00f6slicher Ballaststoff mit pr\u00e4biotischen Eigenschaften. Rohstoff f\u00fcr Nahrungserg\u00e4nzungsmittel und funktionelle Lebensmittel.\" \/>\n<meta name=\"robots\" content=\"index, follow, max-snippet:-1, max-image-preview:large, max-video-preview:-1\" \/>\n<link rel=\"canonical\" href=\"https:\/\/naturalpoland.com\/de\/produkte\/produkte-fur-die-pharmaindustrie\/nahrungserganzungmittel\/arabinogalactan\/\" \/>\n<meta property=\"og:locale\" content=\"de_DE\" \/>\n<meta property=\"og:type\" content=\"article\" \/>\n<meta property=\"og:title\" content=\"Arabinogalactan - Gro\u00dfhandelsvertrieb\" \/>\n<meta property=\"og:description\" content=\"Arabinogalactan aus L\u00e4rche ist ein nat\u00fcrlicher l\u00f6slicher Ballaststoff mit pr\u00e4biotischen Eigenschaften. Rohstoff f\u00fcr Nahrungserg\u00e4nzungsmittel und funktionelle Lebensmittel.\" \/>\n<meta property=\"og:url\" content=\"https:\/\/naturalpoland.com\/de\/produkte\/produkte-fur-die-pharmaindustrie\/nahrungserganzungmittel\/arabinogalactan\/\" \/>\n<meta property=\"og:site_name\" content=\"NATURAL POLAND - IMPORT UND HANDEL VON ROHSTOFFEN\" \/>\n<meta property=\"article:publisher\" content=\"https:\/\/www.facebook.com\/naturalpoland.b2b\" \/>\n<meta property=\"article:modified_time\" content=\"2026-04-16T09:51:53+00:00\" \/>\n<meta property=\"og:image\" content=\"https:\/\/naturalpoland.com\/wp-content\/uploads\/arabinogalaktan.png\" \/>\n\t<meta property=\"og:image:width\" content=\"1024\" \/>\n\t<meta property=\"og:image:height\" content=\"1024\" \/>\n\t<meta property=\"og:image:type\" content=\"image\/png\" \/>\n<script type=\"application\/ld+json\" class=\"yoast-schema-graph\">{\"@context\":\"https:\\\/\\\/schema.org\",\"@graph\":[{\"@type\":\"WebPage\",\"@id\":\"https:\\\/\\\/naturalpoland.com\\\/de\\\/produkte\\\/produkte-fur-die-pharmaindustrie\\\/nahrungserganzungmittel\\\/arabinogalactan\\\/\",\"url\":\"https:\\\/\\\/naturalpoland.com\\\/de\\\/produkte\\\/produkte-fur-die-pharmaindustrie\\\/nahrungserganzungmittel\\\/arabinogalactan\\\/\",\"name\":\"Arabinogalactan - Gro\u00dfhandelsvertrieb\",\"isPartOf\":{\"@id\":\"https:\\\/\\\/naturalpoland.com\\\/de\\\/#website\"},\"primaryImageOfPage\":{\"@id\":\"https:\\\/\\\/naturalpoland.com\\\/de\\\/produkte\\\/produkte-fur-die-pharmaindustrie\\\/nahrungserganzungmittel\\\/arabinogalactan\\\/#primaryimage\"},\"image\":{\"@id\":\"https:\\\/\\\/naturalpoland.com\\\/de\\\/produkte\\\/produkte-fur-die-pharmaindustrie\\\/nahrungserganzungmittel\\\/arabinogalactan\\\/#primaryimage\"},\"thumbnailUrl\":\"https:\\\/\\\/naturalpoland.com\\\/wp-content\\\/uploads\\\/arabinogalaktan.png\",\"datePublished\":\"2026-04-10T14:00:35+00:00\",\"dateModified\":\"2026-04-16T09:51:53+00:00\",\"description\":\"Arabinogalactan aus L\u00e4rche ist ein nat\u00fcrlicher l\u00f6slicher Ballaststoff mit pr\u00e4biotischen Eigenschaften. Rohstoff f\u00fcr Nahrungserg\u00e4nzungsmittel und funktionelle Lebensmittel.\",\"breadcrumb\":{\"@id\":\"https:\\\/\\\/naturalpoland.com\\\/de\\\/produkte\\\/produkte-fur-die-pharmaindustrie\\\/nahrungserganzungmittel\\\/arabinogalactan\\\/#breadcrumb\"},\"inLanguage\":\"de\",\"potentialAction\":[{\"@type\":\"ReadAction\",\"target\":[\"https:\\\/\\\/naturalpoland.com\\\/de\\\/produkte\\\/produkte-fur-die-pharmaindustrie\\\/nahrungserganzungmittel\\\/arabinogalactan\\\/\"]}]},{\"@type\":\"ImageObject\",\"inLanguage\":\"de\",\"@id\":\"https:\\\/\\\/naturalpoland.com\\\/de\\\/produkte\\\/produkte-fur-die-pharmaindustrie\\\/nahrungserganzungmittel\\\/arabinogalactan\\\/#primaryimage\",\"url\":\"https:\\\/\\\/naturalpoland.com\\\/wp-content\\\/uploads\\\/arabinogalaktan.png\",\"contentUrl\":\"https:\\\/\\\/naturalpoland.com\\\/wp-content\\\/uploads\\\/arabinogalaktan.png\",\"width\":1024,\"height\":1024,\"caption\":\"Arabinogalactan\"},{\"@type\":\"BreadcrumbList\",\"@id\":\"https:\\\/\\\/naturalpoland.com\\\/de\\\/produkte\\\/produkte-fur-die-pharmaindustrie\\\/nahrungserganzungmittel\\\/arabinogalactan\\\/#breadcrumb\",\"itemListElement\":[{\"@type\":\"ListItem\",\"position\":1,\"name\":\"Startseite\",\"item\":\"https:\\\/\\\/naturalpoland.com\\\/de\\\/\"},{\"@type\":\"ListItem\",\"position\":2,\"name\":\"Produkte\",\"item\":\"https:\\\/\\\/naturalpoland.com\\\/de\\\/produkte\\\/\"},{\"@type\":\"ListItem\",\"position\":3,\"name\":\"Arabinogalactan\"}]},{\"@type\":\"WebSite\",\"@id\":\"https:\\\/\\\/naturalpoland.com\\\/de\\\/#website\",\"url\":\"https:\\\/\\\/naturalpoland.com\\\/de\\\/\",\"name\":\"NATURAL POLAND - IMPORT UND HANDEL VON ROHSTOFFEN\",\"description\":\"Rohstoffe f\u00fcr die Lebensmittelindustrie, Kosmetikindustrie, Pharmaindustrie\",\"publisher\":{\"@id\":\"https:\\\/\\\/naturalpoland.com\\\/de\\\/#organization\"},\"potentialAction\":[{\"@type\":\"SearchAction\",\"target\":{\"@type\":\"EntryPoint\",\"urlTemplate\":\"https:\\\/\\\/naturalpoland.com\\\/de\\\/?s={search_term_string}\"},\"query-input\":{\"@type\":\"PropertyValueSpecification\",\"valueRequired\":true,\"valueName\":\"search_term_string\"}}],\"inLanguage\":\"de\"},{\"@type\":\"Organization\",\"@id\":\"https:\\\/\\\/naturalpoland.com\\\/de\\\/#organization\",\"name\":\"Natural Poland\",\"url\":\"https:\\\/\\\/naturalpoland.com\\\/de\\\/\",\"logo\":{\"@type\":\"ImageObject\",\"inLanguage\":\"de\",\"@id\":\"https:\\\/\\\/naturalpoland.com\\\/de\\\/#\\\/schema\\\/logo\\\/image\\\/\",\"url\":\"https:\\\/\\\/naturalpoland.com\\\/wp-content\\\/uploads\\\/2021\\\/05\\\/natural-poland-icon.png\",\"contentUrl\":\"https:\\\/\\\/naturalpoland.com\\\/wp-content\\\/uploads\\\/2021\\\/05\\\/natural-poland-icon.png\",\"width\":512,\"height\":512,\"caption\":\"Natural Poland\"},\"image\":{\"@id\":\"https:\\\/\\\/naturalpoland.com\\\/de\\\/#\\\/schema\\\/logo\\\/image\\\/\"},\"sameAs\":[\"https:\\\/\\\/www.facebook.com\\\/naturalpoland.b2b\",\"https:\\\/\\\/pl.linkedin.com\\\/company\\\/natural-poland\",\"https:\\\/\\\/www.youtube.com\\\/channel\\\/UCgeGGkvOMahZo-xu_MSEWxg\"]}]}<\/script>\n<!-- \/ Yoast SEO plugin. -->","yoast_head_json":{"title":"Arabinogalactan - Gro\u00dfhandelsvertrieb","description":"Arabinogalactan aus L\u00e4rche ist ein nat\u00fcrlicher l\u00f6slicher Ballaststoff mit pr\u00e4biotischen Eigenschaften. Rohstoff f\u00fcr Nahrungserg\u00e4nzungsmittel und funktionelle Lebensmittel.","robots":{"index":"index","follow":"follow","max-snippet":"max-snippet:-1","max-image-preview":"max-image-preview:large","max-video-preview":"max-video-preview:-1"},"canonical":"https:\/\/naturalpoland.com\/de\/produkte\/produkte-fur-die-pharmaindustrie\/nahrungserganzungmittel\/arabinogalactan\/","og_locale":"de_DE","og_type":"article","og_title":"Arabinogalactan - Gro\u00dfhandelsvertrieb","og_description":"Arabinogalactan aus L\u00e4rche ist ein nat\u00fcrlicher l\u00f6slicher Ballaststoff mit pr\u00e4biotischen Eigenschaften. Rohstoff f\u00fcr Nahrungserg\u00e4nzungsmittel und funktionelle Lebensmittel.","og_url":"https:\/\/naturalpoland.com\/de\/produkte\/produkte-fur-die-pharmaindustrie\/nahrungserganzungmittel\/arabinogalactan\/","og_site_name":"NATURAL POLAND - IMPORT UND HANDEL VON ROHSTOFFEN","article_publisher":"https:\/\/www.facebook.com\/naturalpoland.b2b","article_modified_time":"2026-04-16T09:51:53+00:00","og_image":[{"width":1024,"height":1024,"url":"https:\/\/naturalpoland.com\/wp-content\/uploads\/arabinogalaktan.png","type":"image\/png"}],"schema":{"@context":"https:\/\/schema.org","@graph":[{"@type":"WebPage","@id":"https:\/\/naturalpoland.com\/de\/produkte\/produkte-fur-die-pharmaindustrie\/nahrungserganzungmittel\/arabinogalactan\/","url":"https:\/\/naturalpoland.com\/de\/produkte\/produkte-fur-die-pharmaindustrie\/nahrungserganzungmittel\/arabinogalactan\/","name":"Arabinogalactan - Gro\u00dfhandelsvertrieb","isPartOf":{"@id":"https:\/\/naturalpoland.com\/de\/#website"},"primaryImageOfPage":{"@id":"https:\/\/naturalpoland.com\/de\/produkte\/produkte-fur-die-pharmaindustrie\/nahrungserganzungmittel\/arabinogalactan\/#primaryimage"},"image":{"@id":"https:\/\/naturalpoland.com\/de\/produkte\/produkte-fur-die-pharmaindustrie\/nahrungserganzungmittel\/arabinogalactan\/#primaryimage"},"thumbnailUrl":"https:\/\/naturalpoland.com\/wp-content\/uploads\/arabinogalaktan.png","datePublished":"2026-04-10T14:00:35+00:00","dateModified":"2026-04-16T09:51:53+00:00","description":"Arabinogalactan aus L\u00e4rche ist ein nat\u00fcrlicher l\u00f6slicher Ballaststoff mit pr\u00e4biotischen Eigenschaften. Rohstoff f\u00fcr Nahrungserg\u00e4nzungsmittel und funktionelle Lebensmittel.","breadcrumb":{"@id":"https:\/\/naturalpoland.com\/de\/produkte\/produkte-fur-die-pharmaindustrie\/nahrungserganzungmittel\/arabinogalactan\/#breadcrumb"},"inLanguage":"de","potentialAction":[{"@type":"ReadAction","target":["https:\/\/naturalpoland.com\/de\/produkte\/produkte-fur-die-pharmaindustrie\/nahrungserganzungmittel\/arabinogalactan\/"]}]},{"@type":"ImageObject","inLanguage":"de","@id":"https:\/\/naturalpoland.com\/de\/produkte\/produkte-fur-die-pharmaindustrie\/nahrungserganzungmittel\/arabinogalactan\/#primaryimage","url":"https:\/\/naturalpoland.com\/wp-content\/uploads\/arabinogalaktan.png","contentUrl":"https:\/\/naturalpoland.com\/wp-content\/uploads\/arabinogalaktan.png","width":1024,"height":1024,"caption":"Arabinogalactan"},{"@type":"BreadcrumbList","@id":"https:\/\/naturalpoland.com\/de\/produkte\/produkte-fur-die-pharmaindustrie\/nahrungserganzungmittel\/arabinogalactan\/#breadcrumb","itemListElement":[{"@type":"ListItem","position":1,"name":"Startseite","item":"https:\/\/naturalpoland.com\/de\/"},{"@type":"ListItem","position":2,"name":"Produkte","item":"https:\/\/naturalpoland.com\/de\/produkte\/"},{"@type":"ListItem","position":3,"name":"Arabinogalactan"}]},{"@type":"WebSite","@id":"https:\/\/naturalpoland.com\/de\/#website","url":"https:\/\/naturalpoland.com\/de\/","name":"NATURAL POLAND - IMPORT UND HANDEL VON ROHSTOFFEN","description":"Rohstoffe f\u00fcr die Lebensmittelindustrie, Kosmetikindustrie, Pharmaindustrie","publisher":{"@id":"https:\/\/naturalpoland.com\/de\/#organization"},"potentialAction":[{"@type":"SearchAction","target":{"@type":"EntryPoint","urlTemplate":"https:\/\/naturalpoland.com\/de\/?s={search_term_string}"},"query-input":{"@type":"PropertyValueSpecification","valueRequired":true,"valueName":"search_term_string"}}],"inLanguage":"de"},{"@type":"Organization","@id":"https:\/\/naturalpoland.com\/de\/#organization","name":"Natural Poland","url":"https:\/\/naturalpoland.com\/de\/","logo":{"@type":"ImageObject","inLanguage":"de","@id":"https:\/\/naturalpoland.com\/de\/#\/schema\/logo\/image\/","url":"https:\/\/naturalpoland.com\/wp-content\/uploads\/2021\/05\/natural-poland-icon.png","contentUrl":"https:\/\/naturalpoland.com\/wp-content\/uploads\/2021\/05\/natural-poland-icon.png","width":512,"height":512,"caption":"Natural Poland"},"image":{"@id":"https:\/\/naturalpoland.com\/de\/#\/schema\/logo\/image\/"},"sameAs":["https:\/\/www.facebook.com\/naturalpoland.b2b","https:\/\/pl.linkedin.com\/company\/natural-poland","https:\/\/www.youtube.com\/channel\/UCgeGGkvOMahZo-xu_MSEWxg"]}]}},"_links":{"self":[{"href":"https:\/\/naturalpoland.com\/de\/wp-json\/wp\/v2\/product\/47431","targetHints":{"allow":["GET"]}}],"collection":[{"href":"https:\/\/naturalpoland.com\/de\/wp-json\/wp\/v2\/product"}],"about":[{"href":"https:\/\/naturalpoland.com\/de\/wp-json\/wp\/v2\/types\/product"}],"wp:featuredmedia":[{"embeddable":true,"href":"https:\/\/naturalpoland.com\/de\/wp-json\/wp\/v2\/media\/47432"}],"wp:attachment":[{"href":"https:\/\/naturalpoland.com\/de\/wp-json\/wp\/v2\/media?parent=47431"}],"wp:term":[{"taxonomy":"product_brand","embeddable":true,"href":"https:\/\/naturalpoland.com\/de\/wp-json\/wp\/v2\/product_brand?post=47431"},{"taxonomy":"product_cat","embeddable":true,"href":"https:\/\/naturalpoland.com\/de\/wp-json\/wp\/v2\/product_cat?post=47431"},{"taxonomy":"product_tag","embeddable":true,"href":"https:\/\/naturalpoland.com\/de\/wp-json\/wp\/v2\/product_tag?post=47431"}],"curies":[{"name":"wp","href":"https:\/\/api.w.org\/{rel}","templated":true}]}}