{"id":47964,"date":"2026-04-24T14:55:14","date_gmt":"2026-04-24T12:55:14","guid":{"rendered":"https:\/\/naturalpoland.com\/produkty\/unkategorisiert\/infrarot-mikronisierte-maisflocken\/"},"modified":"2026-04-28T11:55:26","modified_gmt":"2026-04-28T09:55:26","slug":"infrarot-mikronisierte-maisflocken","status":"publish","type":"product","link":"https:\/\/naturalpoland.com\/de\/produkte\/tierfutterprodukte\/futtermittel-rohstoffe-fur-rinder\/infrarot-mikronisierte-maisflocken\/","title":{"rendered":"Infrarot-mikronisierte Maisflocken"},"content":{"rendered":"<p>Das Produkt ist besonders f\u00fcr die F\u00fctterung junger Nutztiere bestimmt, f\u00fcr die eine hohe Verdaulichkeit der N\u00e4hrstoffe von entscheidender Bedeutung ist.<\/p>\n<h2>Eigenschaften und Wirkung:<\/h2>\n<p>Ein Schl\u00fcsselmerkmal von mikronisierten Maisflocken ist die <strong>modifizierte St\u00e4rkestruktur<\/strong>. Durch die Einwirkung hoher Temperaturen und IR-Strahlung kommt es zu deren Abbau und Quellung, was die Wirkung von Verdauungsenzymen und die effizientere Nutzung der im Futter enthaltenen Energie erleichtert. <\/p>\n<p>Das Produkt ist eine konzentrierte Quelle leicht verdaulicher Kohlenhydrate und enth\u00e4lt gleichzeitig einen moderaten Gehalt an Protein und Fett.<\/p>\n<h2>Analytische Bestandteile:<\/h2>\n<ul>\n<li>St\u00e4rke: ca. 60 % \u2013 Hauptenergiequelle <\/li>\n<li>Rohprotein: ca. 8,5%<\/li>\n<li>Rohfett: ca. 3,0%<\/li>\n<li>Rohfaser: ca. 2,0%<\/li>\n<li>Feuchtigkeit: ca. 14,0%<\/li>\n<li>Rohasche: ca. 1,3%<\/li>\n<\/ul>\n<p>Das ausgewogene N\u00e4hrstoffprofil erm\u00f6glicht den Einsatz des Produkts sowohl als Energiekomponente als auch als erg\u00e4nzender Bestandteil von Futtermischungen.<\/p>\n<h2>Anwendung:<\/h2>\n<p>Mikronisierte Maisflocken werden haupts\u00e4chlich in der F\u00fctterung eingesetzt von:<\/p>\n<ul>\n<li>jungen Nutztieren (K\u00e4lber, Ferkel, Gefl\u00fcgel),<\/li>\n<li>Tieren, die leicht verdauliche Di\u00e4tkomponenten ben\u00f6tigen,<\/li>\n<li>Futtermischungen mit erh\u00f6htem Energiewert.<\/li>\n<\/ul>\n<p>Ihr Hauptvorteil ist die hohe Verdaulichkeit, weshalb sie in den fr\u00fchen Aufzuchtphasen empfohlen werden, wo die maximale N\u00e4hrstoffverwertung und die Reduzierung der Belastung des Verdauungssystems entscheidend sind.<\/p>\n","protected":false},"excerpt":{"rendered":"<p><strong>Mikronisierte Maisflocken<\/strong> sind ein Futtermittelrohstoff, der durch die thermische Behandlung von Maisk\u00f6rnern mittels Infrarotstrahlung gewonnen wird. Dieser Prozess f\u00fchrt zur Gelatinierung der St\u00e4rke, was deren Verdaulichkeit und die Bioverf\u00fcgbarkeit der Energie f\u00fcr die Tiere erheblich erh\u00f6ht. <\/p>\n","protected":false},"featured_media":47965,"template":"","meta":{"_acf_changed":false},"product_brand":[],"product_cat":[7755],"product_tag":[],"class_list":{"0":"post-47964","1":"product","2":"type-product","3":"status-publish","4":"has-post-thumbnail","6":"product_cat-futtermittel-rohstoffe-fur-rinder","8":"first","9":"instock","10":"shipping-taxable","11":"product-type-simple"},"acf":[],"yoast_head":"<!-- This site is optimized with the Yoast SEO plugin v27.5 - https:\/\/yoast.com\/product\/yoast-seo-wordpress\/ -->\n<title>Mikronisierte Maisflocken \u2013 Gro\u00dfh\u00e4ndler<\/title>\n<meta name=\"description\" content=\"Mikronisierte Maisflocken \u2013 ein hochverdaulicher Futtermittelrohstoff mit hohem St\u00e4rkegehalt. Ideale Energiequelle f\u00fcr junge Nutztiere.\" \/>\n<meta name=\"robots\" content=\"index, follow, max-snippet:-1, max-image-preview:large, max-video-preview:-1\" \/>\n<link rel=\"canonical\" href=\"https:\/\/naturalpoland.com\/de\/produkte\/tierfutterprodukte\/futtermittel-rohstoffe-fur-rinder\/infrarot-mikronisierte-maisflocken\/\" \/>\n<meta property=\"og:locale\" content=\"de_DE\" \/>\n<meta property=\"og:type\" content=\"article\" \/>\n<meta property=\"og:title\" content=\"Mikronisierte Maisflocken \u2013 Gro\u00dfh\u00e4ndler\" \/>\n<meta property=\"og:description\" content=\"Mikronisierte Maisflocken \u2013 ein hochverdaulicher Futtermittelrohstoff mit hohem St\u00e4rkegehalt. Ideale Energiequelle f\u00fcr junge Nutztiere.\" \/>\n<meta property=\"og:url\" content=\"https:\/\/naturalpoland.com\/de\/produkte\/tierfutterprodukte\/futtermittel-rohstoffe-fur-rinder\/infrarot-mikronisierte-maisflocken\/\" \/>\n<meta property=\"og:site_name\" content=\"NATURAL POLAND - IMPORT UND HANDEL VON ROHSTOFFEN\" \/>\n<meta property=\"article:publisher\" content=\"https:\/\/www.facebook.com\/naturalpoland.b2b\" \/>\n<meta property=\"article:modified_time\" content=\"2026-04-28T09:55:26+00:00\" \/>\n<meta property=\"og:image\" content=\"https:\/\/naturalpoland.com\/wp-content\/uploads\/platki-kukurydziane-mikronizowane.png\" \/>\n\t<meta property=\"og:image:width\" content=\"1024\" \/>\n\t<meta property=\"og:image:height\" content=\"1024\" \/>\n\t<meta property=\"og:image:type\" content=\"image\/png\" \/>\n<script type=\"application\/ld+json\" class=\"yoast-schema-graph\">{\"@context\":\"https:\\\/\\\/schema.org\",\"@graph\":[{\"@type\":\"WebPage\",\"@id\":\"https:\\\/\\\/naturalpoland.com\\\/de\\\/produkte\\\/tierfutterprodukte\\\/futtermittel-rohstoffe-fur-rinder\\\/infrarot-mikronisierte-maisflocken\\\/\",\"url\":\"https:\\\/\\\/naturalpoland.com\\\/de\\\/produkte\\\/tierfutterprodukte\\\/futtermittel-rohstoffe-fur-rinder\\\/infrarot-mikronisierte-maisflocken\\\/\",\"name\":\"Mikronisierte Maisflocken \u2013 Gro\u00dfh\u00e4ndler\",\"isPartOf\":{\"@id\":\"https:\\\/\\\/naturalpoland.com\\\/de\\\/#website\"},\"primaryImageOfPage\":{\"@id\":\"https:\\\/\\\/naturalpoland.com\\\/de\\\/produkte\\\/tierfutterprodukte\\\/futtermittel-rohstoffe-fur-rinder\\\/infrarot-mikronisierte-maisflocken\\\/#primaryimage\"},\"image\":{\"@id\":\"https:\\\/\\\/naturalpoland.com\\\/de\\\/produkte\\\/tierfutterprodukte\\\/futtermittel-rohstoffe-fur-rinder\\\/infrarot-mikronisierte-maisflocken\\\/#primaryimage\"},\"thumbnailUrl\":\"https:\\\/\\\/naturalpoland.com\\\/wp-content\\\/uploads\\\/platki-kukurydziane-mikronizowane.png\",\"datePublished\":\"2026-04-24T12:55:14+00:00\",\"dateModified\":\"2026-04-28T09:55:26+00:00\",\"description\":\"Mikronisierte Maisflocken \u2013 ein hochverdaulicher Futtermittelrohstoff mit hohem St\u00e4rkegehalt. Ideale Energiequelle f\u00fcr junge Nutztiere.\",\"breadcrumb\":{\"@id\":\"https:\\\/\\\/naturalpoland.com\\\/de\\\/produkte\\\/tierfutterprodukte\\\/futtermittel-rohstoffe-fur-rinder\\\/infrarot-mikronisierte-maisflocken\\\/#breadcrumb\"},\"inLanguage\":\"de\",\"potentialAction\":[{\"@type\":\"ReadAction\",\"target\":[\"https:\\\/\\\/naturalpoland.com\\\/de\\\/produkte\\\/tierfutterprodukte\\\/futtermittel-rohstoffe-fur-rinder\\\/infrarot-mikronisierte-maisflocken\\\/\"]}]},{\"@type\":\"ImageObject\",\"inLanguage\":\"de\",\"@id\":\"https:\\\/\\\/naturalpoland.com\\\/de\\\/produkte\\\/tierfutterprodukte\\\/futtermittel-rohstoffe-fur-rinder\\\/infrarot-mikronisierte-maisflocken\\\/#primaryimage\",\"url\":\"https:\\\/\\\/naturalpoland.com\\\/wp-content\\\/uploads\\\/platki-kukurydziane-mikronizowane.png\",\"contentUrl\":\"https:\\\/\\\/naturalpoland.com\\\/wp-content\\\/uploads\\\/platki-kukurydziane-mikronizowane.png\",\"width\":1024,\"height\":1024,\"caption\":\"Infrarot-mikronisierte Maisflocken\"},{\"@type\":\"BreadcrumbList\",\"@id\":\"https:\\\/\\\/naturalpoland.com\\\/de\\\/produkte\\\/tierfutterprodukte\\\/futtermittel-rohstoffe-fur-rinder\\\/infrarot-mikronisierte-maisflocken\\\/#breadcrumb\",\"itemListElement\":[{\"@type\":\"ListItem\",\"position\":1,\"name\":\"Startseite\",\"item\":\"https:\\\/\\\/naturalpoland.com\\\/de\\\/\"},{\"@type\":\"ListItem\",\"position\":2,\"name\":\"Produkte\",\"item\":\"https:\\\/\\\/naturalpoland.com\\\/de\\\/produkte\\\/\"},{\"@type\":\"ListItem\",\"position\":3,\"name\":\"Infrarot-mikronisierte Maisflocken\"}]},{\"@type\":\"WebSite\",\"@id\":\"https:\\\/\\\/naturalpoland.com\\\/de\\\/#website\",\"url\":\"https:\\\/\\\/naturalpoland.com\\\/de\\\/\",\"name\":\"NATURAL POLAND - IMPORT UND HANDEL VON ROHSTOFFEN\",\"description\":\"Rohstoffe f\u00fcr die Lebensmittelindustrie, Kosmetikindustrie, Pharmaindustrie\",\"publisher\":{\"@id\":\"https:\\\/\\\/naturalpoland.com\\\/de\\\/#organization\"},\"potentialAction\":[{\"@type\":\"SearchAction\",\"target\":{\"@type\":\"EntryPoint\",\"urlTemplate\":\"https:\\\/\\\/naturalpoland.com\\\/de\\\/?s={search_term_string}\"},\"query-input\":{\"@type\":\"PropertyValueSpecification\",\"valueRequired\":true,\"valueName\":\"search_term_string\"}}],\"inLanguage\":\"de\"},{\"@type\":\"Organization\",\"@id\":\"https:\\\/\\\/naturalpoland.com\\\/de\\\/#organization\",\"name\":\"Natural Poland\",\"url\":\"https:\\\/\\\/naturalpoland.com\\\/de\\\/\",\"logo\":{\"@type\":\"ImageObject\",\"inLanguage\":\"de\",\"@id\":\"https:\\\/\\\/naturalpoland.com\\\/de\\\/#\\\/schema\\\/logo\\\/image\\\/\",\"url\":\"https:\\\/\\\/naturalpoland.com\\\/wp-content\\\/uploads\\\/2021\\\/05\\\/natural-poland-icon.png\",\"contentUrl\":\"https:\\\/\\\/naturalpoland.com\\\/wp-content\\\/uploads\\\/2021\\\/05\\\/natural-poland-icon.png\",\"width\":512,\"height\":512,\"caption\":\"Natural Poland\"},\"image\":{\"@id\":\"https:\\\/\\\/naturalpoland.com\\\/de\\\/#\\\/schema\\\/logo\\\/image\\\/\"},\"sameAs\":[\"https:\\\/\\\/www.facebook.com\\\/naturalpoland.b2b\",\"https:\\\/\\\/pl.linkedin.com\\\/company\\\/natural-poland\",\"https:\\\/\\\/www.youtube.com\\\/channel\\\/UCgeGGkvOMahZo-xu_MSEWxg\"]}]}<\/script>\n<!-- \/ Yoast SEO plugin. -->","yoast_head_json":{"title":"Mikronisierte Maisflocken \u2013 Gro\u00dfh\u00e4ndler","description":"Mikronisierte Maisflocken \u2013 ein hochverdaulicher Futtermittelrohstoff mit hohem St\u00e4rkegehalt. Ideale Energiequelle f\u00fcr junge Nutztiere.","robots":{"index":"index","follow":"follow","max-snippet":"max-snippet:-1","max-image-preview":"max-image-preview:large","max-video-preview":"max-video-preview:-1"},"canonical":"https:\/\/naturalpoland.com\/de\/produkte\/tierfutterprodukte\/futtermittel-rohstoffe-fur-rinder\/infrarot-mikronisierte-maisflocken\/","og_locale":"de_DE","og_type":"article","og_title":"Mikronisierte Maisflocken \u2013 Gro\u00dfh\u00e4ndler","og_description":"Mikronisierte Maisflocken \u2013 ein hochverdaulicher Futtermittelrohstoff mit hohem St\u00e4rkegehalt. Ideale Energiequelle f\u00fcr junge Nutztiere.","og_url":"https:\/\/naturalpoland.com\/de\/produkte\/tierfutterprodukte\/futtermittel-rohstoffe-fur-rinder\/infrarot-mikronisierte-maisflocken\/","og_site_name":"NATURAL POLAND - IMPORT UND HANDEL VON ROHSTOFFEN","article_publisher":"https:\/\/www.facebook.com\/naturalpoland.b2b","article_modified_time":"2026-04-28T09:55:26+00:00","og_image":[{"width":1024,"height":1024,"url":"https:\/\/naturalpoland.com\/wp-content\/uploads\/platki-kukurydziane-mikronizowane.png","type":"image\/png"}],"schema":{"@context":"https:\/\/schema.org","@graph":[{"@type":"WebPage","@id":"https:\/\/naturalpoland.com\/de\/produkte\/tierfutterprodukte\/futtermittel-rohstoffe-fur-rinder\/infrarot-mikronisierte-maisflocken\/","url":"https:\/\/naturalpoland.com\/de\/produkte\/tierfutterprodukte\/futtermittel-rohstoffe-fur-rinder\/infrarot-mikronisierte-maisflocken\/","name":"Mikronisierte Maisflocken \u2013 Gro\u00dfh\u00e4ndler","isPartOf":{"@id":"https:\/\/naturalpoland.com\/de\/#website"},"primaryImageOfPage":{"@id":"https:\/\/naturalpoland.com\/de\/produkte\/tierfutterprodukte\/futtermittel-rohstoffe-fur-rinder\/infrarot-mikronisierte-maisflocken\/#primaryimage"},"image":{"@id":"https:\/\/naturalpoland.com\/de\/produkte\/tierfutterprodukte\/futtermittel-rohstoffe-fur-rinder\/infrarot-mikronisierte-maisflocken\/#primaryimage"},"thumbnailUrl":"https:\/\/naturalpoland.com\/wp-content\/uploads\/platki-kukurydziane-mikronizowane.png","datePublished":"2026-04-24T12:55:14+00:00","dateModified":"2026-04-28T09:55:26+00:00","description":"Mikronisierte Maisflocken \u2013 ein hochverdaulicher Futtermittelrohstoff mit hohem St\u00e4rkegehalt. Ideale Energiequelle f\u00fcr junge Nutztiere.","breadcrumb":{"@id":"https:\/\/naturalpoland.com\/de\/produkte\/tierfutterprodukte\/futtermittel-rohstoffe-fur-rinder\/infrarot-mikronisierte-maisflocken\/#breadcrumb"},"inLanguage":"de","potentialAction":[{"@type":"ReadAction","target":["https:\/\/naturalpoland.com\/de\/produkte\/tierfutterprodukte\/futtermittel-rohstoffe-fur-rinder\/infrarot-mikronisierte-maisflocken\/"]}]},{"@type":"ImageObject","inLanguage":"de","@id":"https:\/\/naturalpoland.com\/de\/produkte\/tierfutterprodukte\/futtermittel-rohstoffe-fur-rinder\/infrarot-mikronisierte-maisflocken\/#primaryimage","url":"https:\/\/naturalpoland.com\/wp-content\/uploads\/platki-kukurydziane-mikronizowane.png","contentUrl":"https:\/\/naturalpoland.com\/wp-content\/uploads\/platki-kukurydziane-mikronizowane.png","width":1024,"height":1024,"caption":"Infrarot-mikronisierte Maisflocken"},{"@type":"BreadcrumbList","@id":"https:\/\/naturalpoland.com\/de\/produkte\/tierfutterprodukte\/futtermittel-rohstoffe-fur-rinder\/infrarot-mikronisierte-maisflocken\/#breadcrumb","itemListElement":[{"@type":"ListItem","position":1,"name":"Startseite","item":"https:\/\/naturalpoland.com\/de\/"},{"@type":"ListItem","position":2,"name":"Produkte","item":"https:\/\/naturalpoland.com\/de\/produkte\/"},{"@type":"ListItem","position":3,"name":"Infrarot-mikronisierte Maisflocken"}]},{"@type":"WebSite","@id":"https:\/\/naturalpoland.com\/de\/#website","url":"https:\/\/naturalpoland.com\/de\/","name":"NATURAL POLAND - IMPORT UND HANDEL VON ROHSTOFFEN","description":"Rohstoffe f\u00fcr die Lebensmittelindustrie, Kosmetikindustrie, Pharmaindustrie","publisher":{"@id":"https:\/\/naturalpoland.com\/de\/#organization"},"potentialAction":[{"@type":"SearchAction","target":{"@type":"EntryPoint","urlTemplate":"https:\/\/naturalpoland.com\/de\/?s={search_term_string}"},"query-input":{"@type":"PropertyValueSpecification","valueRequired":true,"valueName":"search_term_string"}}],"inLanguage":"de"},{"@type":"Organization","@id":"https:\/\/naturalpoland.com\/de\/#organization","name":"Natural Poland","url":"https:\/\/naturalpoland.com\/de\/","logo":{"@type":"ImageObject","inLanguage":"de","@id":"https:\/\/naturalpoland.com\/de\/#\/schema\/logo\/image\/","url":"https:\/\/naturalpoland.com\/wp-content\/uploads\/2021\/05\/natural-poland-icon.png","contentUrl":"https:\/\/naturalpoland.com\/wp-content\/uploads\/2021\/05\/natural-poland-icon.png","width":512,"height":512,"caption":"Natural Poland"},"image":{"@id":"https:\/\/naturalpoland.com\/de\/#\/schema\/logo\/image\/"},"sameAs":["https:\/\/www.facebook.com\/naturalpoland.b2b","https:\/\/pl.linkedin.com\/company\/natural-poland","https:\/\/www.youtube.com\/channel\/UCgeGGkvOMahZo-xu_MSEWxg"]}]}},"_links":{"self":[{"href":"https:\/\/naturalpoland.com\/de\/wp-json\/wp\/v2\/product\/47964","targetHints":{"allow":["GET"]}}],"collection":[{"href":"https:\/\/naturalpoland.com\/de\/wp-json\/wp\/v2\/product"}],"about":[{"href":"https:\/\/naturalpoland.com\/de\/wp-json\/wp\/v2\/types\/product"}],"wp:featuredmedia":[{"embeddable":true,"href":"https:\/\/naturalpoland.com\/de\/wp-json\/wp\/v2\/media\/47965"}],"wp:attachment":[{"href":"https:\/\/naturalpoland.com\/de\/wp-json\/wp\/v2\/media?parent=47964"}],"wp:term":[{"taxonomy":"product_brand","embeddable":true,"href":"https:\/\/naturalpoland.com\/de\/wp-json\/wp\/v2\/product_brand?post=47964"},{"taxonomy":"product_cat","embeddable":true,"href":"https:\/\/naturalpoland.com\/de\/wp-json\/wp\/v2\/product_cat?post=47964"},{"taxonomy":"product_tag","embeddable":true,"href":"https:\/\/naturalpoland.com\/de\/wp-json\/wp\/v2\/product_tag?post=47964"}],"curies":[{"name":"wp","href":"https:\/\/api.w.org\/{rel}","templated":true}]}}