{"id":48012,"date":"2026-04-24T13:47:17","date_gmt":"2026-04-24T11:47:17","guid":{"rendered":"https:\/\/naturalpoland.com\/produkty\/unkategorisiert\/leinkuchen\/"},"modified":"2026-04-28T12:11:59","modified_gmt":"2026-04-28T10:11:59","slug":"leinkuchen","status":"publish","type":"product","link":"https:\/\/naturalpoland.com\/de\/produkte\/tierfutterprodukte\/futtermittel-rohstoffe-fur-rinder\/leinkuchen\/","title":{"rendered":"Leinkuchen"},"content":{"rendered":"<p>Leinkuchen wird aus goldenen oder braunen Leinsamen gewonnen, die haupts\u00e4chlich aus den Regionen Osteuropas und Zentralasiens stammen. Durch die Beibehaltung eines Teils des Fettes sowie das Vorhandensein nat\u00fcrlicher bioaktiver Verbindungen ist er eine wertvolle Futterkomponente in der ausgewogenen Ern\u00e4hrung von Nutztieren. <\/p>\n<h2>Eigenschaften und Zusammensetzung:<\/h2>\n<p>Der Proteingehalt des Rohstoffs betr\u00e4gt mindestens 30 %. Das Vorhandensein von Restlein\u00f6l liefert unges\u00e4ttigte Fetts\u00e4uren, darunter Alpha-Linolens\u00e4ure (Omega-3), die den N\u00e4hrwert des Futters verbessern kann. Der Fettgehalt in der Trockenmasse liegt bei \u2264 8 %, Rohfaser: \u2264 11 % und Feuchtigkeit: \u2264 10 %.  <\/p>\n<p>Das Produkt erf\u00fcllt die Anforderungen an den Pestizidgehalt gem\u00e4\u00df EU-Verordnungen, und die Gehalte an Schwermetallen und Mykotoxinen werden innerhalb der festgelegten Sicherheitsnormen gehalten.<\/p>\n<h2>Anwendung:<\/h2>\n<p>Leinkuchen wird verwendet als:<\/p>\n<ul>\n<li>Komponente von Futtermitteln f\u00fcr Rinder, Schweine und Gefl\u00fcgel,<\/li>\n<li>Zusatz zur Erh\u00f6hung des Proteingehalts in Mischungen,<\/li>\n<li>Rohstoff zur Verbesserung des Fetts\u00e4ureprofils von Futtermitteln.<\/li>\n<\/ul>\n","protected":false},"excerpt":{"rendered":"<p><strong>Leinkuchen<\/strong> ist ein Nebenprodukt, das beim Pressen von \u00d6l aus Leinsamen (<em>Linum usitatissimum<\/em>) entsteht. Er stellt einen wertvollen Futterrohstoff mit hohem Proteingehalt und vorteilhaftem N\u00e4hrstoffprofil dar. <\/p>\n","protected":false},"featured_media":48013,"template":"","meta":{"_acf_changed":false},"product_brand":[],"product_cat":[7755],"product_tag":[],"class_list":{"0":"post-48012","1":"product","2":"type-product","3":"status-publish","4":"has-post-thumbnail","6":"product_cat-futtermittel-rohstoffe-fur-rinder","7":"pa_przeznaczenie-surowca-futtermittel","9":"first","10":"instock","11":"shipping-taxable","12":"product-type-simple"},"acf":[],"yoast_head":"<!-- This site is optimized with the Yoast SEO plugin v27.5 - https:\/\/yoast.com\/product\/yoast-seo-wordpress\/ -->\n<title>Leinkuchen - Gro\u00dfhandelsvertrieb<\/title>\n<meta name=\"description\" content=\"Leinkuchen ist ein proteinreiches Futtermittel aus Leinsamen. Nat\u00fcrliche Quelle f\u00fcr Protein und Omega-3-Fetts\u00e4uren f\u00fcr Futtermischungen f\u00fcr Tiere.\" \/>\n<meta name=\"robots\" content=\"index, follow, max-snippet:-1, max-image-preview:large, max-video-preview:-1\" \/>\n<link rel=\"canonical\" href=\"https:\/\/naturalpoland.com\/de\/produkte\/tierfutterprodukte\/futtermittel-rohstoffe-fur-rinder\/leinkuchen\/\" \/>\n<meta property=\"og:locale\" content=\"de_DE\" \/>\n<meta property=\"og:type\" content=\"article\" \/>\n<meta property=\"og:title\" content=\"Leinkuchen - Gro\u00dfhandelsvertrieb\" \/>\n<meta property=\"og:description\" content=\"Leinkuchen ist ein proteinreiches Futtermittel aus Leinsamen. Nat\u00fcrliche Quelle f\u00fcr Protein und Omega-3-Fetts\u00e4uren f\u00fcr Futtermischungen f\u00fcr Tiere.\" \/>\n<meta property=\"og:url\" content=\"https:\/\/naturalpoland.com\/de\/produkte\/tierfutterprodukte\/futtermittel-rohstoffe-fur-rinder\/leinkuchen\/\" \/>\n<meta property=\"og:site_name\" content=\"NATURAL POLAND - IMPORT UND HANDEL VON ROHSTOFFEN\" \/>\n<meta property=\"article:publisher\" content=\"https:\/\/www.facebook.com\/naturalpoland.b2b\" \/>\n<meta property=\"article:modified_time\" content=\"2026-04-28T10:11:59+00:00\" \/>\n<meta property=\"og:image\" content=\"https:\/\/naturalpoland.com\/wp-content\/uploads\/makuch-lniany.png\" \/>\n\t<meta property=\"og:image:width\" content=\"1024\" \/>\n\t<meta property=\"og:image:height\" content=\"1024\" \/>\n\t<meta property=\"og:image:type\" content=\"image\/png\" \/>\n<script type=\"application\/ld+json\" class=\"yoast-schema-graph\">{\"@context\":\"https:\\\/\\\/schema.org\",\"@graph\":[{\"@type\":\"WebPage\",\"@id\":\"https:\\\/\\\/naturalpoland.com\\\/de\\\/produkte\\\/tierfutterprodukte\\\/futtermittel-rohstoffe-fur-rinder\\\/leinkuchen\\\/\",\"url\":\"https:\\\/\\\/naturalpoland.com\\\/de\\\/produkte\\\/tierfutterprodukte\\\/futtermittel-rohstoffe-fur-rinder\\\/leinkuchen\\\/\",\"name\":\"Leinkuchen - Gro\u00dfhandelsvertrieb\",\"isPartOf\":{\"@id\":\"https:\\\/\\\/naturalpoland.com\\\/de\\\/#website\"},\"primaryImageOfPage\":{\"@id\":\"https:\\\/\\\/naturalpoland.com\\\/de\\\/produkte\\\/tierfutterprodukte\\\/futtermittel-rohstoffe-fur-rinder\\\/leinkuchen\\\/#primaryimage\"},\"image\":{\"@id\":\"https:\\\/\\\/naturalpoland.com\\\/de\\\/produkte\\\/tierfutterprodukte\\\/futtermittel-rohstoffe-fur-rinder\\\/leinkuchen\\\/#primaryimage\"},\"thumbnailUrl\":\"https:\\\/\\\/naturalpoland.com\\\/wp-content\\\/uploads\\\/makuch-lniany.png\",\"datePublished\":\"2026-04-24T11:47:17+00:00\",\"dateModified\":\"2026-04-28T10:11:59+00:00\",\"description\":\"Leinkuchen ist ein proteinreiches Futtermittel aus Leinsamen. Nat\u00fcrliche Quelle f\u00fcr Protein und Omega-3-Fetts\u00e4uren f\u00fcr Futtermischungen f\u00fcr Tiere.\",\"breadcrumb\":{\"@id\":\"https:\\\/\\\/naturalpoland.com\\\/de\\\/produkte\\\/tierfutterprodukte\\\/futtermittel-rohstoffe-fur-rinder\\\/leinkuchen\\\/#breadcrumb\"},\"inLanguage\":\"de\",\"potentialAction\":[{\"@type\":\"ReadAction\",\"target\":[\"https:\\\/\\\/naturalpoland.com\\\/de\\\/produkte\\\/tierfutterprodukte\\\/futtermittel-rohstoffe-fur-rinder\\\/leinkuchen\\\/\"]}]},{\"@type\":\"ImageObject\",\"inLanguage\":\"de\",\"@id\":\"https:\\\/\\\/naturalpoland.com\\\/de\\\/produkte\\\/tierfutterprodukte\\\/futtermittel-rohstoffe-fur-rinder\\\/leinkuchen\\\/#primaryimage\",\"url\":\"https:\\\/\\\/naturalpoland.com\\\/wp-content\\\/uploads\\\/makuch-lniany.png\",\"contentUrl\":\"https:\\\/\\\/naturalpoland.com\\\/wp-content\\\/uploads\\\/makuch-lniany.png\",\"width\":1024,\"height\":1024,\"caption\":\"Leinkuchen\"},{\"@type\":\"BreadcrumbList\",\"@id\":\"https:\\\/\\\/naturalpoland.com\\\/de\\\/produkte\\\/tierfutterprodukte\\\/futtermittel-rohstoffe-fur-rinder\\\/leinkuchen\\\/#breadcrumb\",\"itemListElement\":[{\"@type\":\"ListItem\",\"position\":1,\"name\":\"Startseite\",\"item\":\"https:\\\/\\\/naturalpoland.com\\\/de\\\/\"},{\"@type\":\"ListItem\",\"position\":2,\"name\":\"Produkte\",\"item\":\"https:\\\/\\\/naturalpoland.com\\\/de\\\/produkte\\\/\"},{\"@type\":\"ListItem\",\"position\":3,\"name\":\"Leinkuchen\"}]},{\"@type\":\"WebSite\",\"@id\":\"https:\\\/\\\/naturalpoland.com\\\/de\\\/#website\",\"url\":\"https:\\\/\\\/naturalpoland.com\\\/de\\\/\",\"name\":\"NATURAL POLAND - IMPORT UND HANDEL VON ROHSTOFFEN\",\"description\":\"Rohstoffe f\u00fcr die Lebensmittelindustrie, Kosmetikindustrie, Pharmaindustrie\",\"publisher\":{\"@id\":\"https:\\\/\\\/naturalpoland.com\\\/de\\\/#organization\"},\"potentialAction\":[{\"@type\":\"SearchAction\",\"target\":{\"@type\":\"EntryPoint\",\"urlTemplate\":\"https:\\\/\\\/naturalpoland.com\\\/de\\\/?s={search_term_string}\"},\"query-input\":{\"@type\":\"PropertyValueSpecification\",\"valueRequired\":true,\"valueName\":\"search_term_string\"}}],\"inLanguage\":\"de\"},{\"@type\":\"Organization\",\"@id\":\"https:\\\/\\\/naturalpoland.com\\\/de\\\/#organization\",\"name\":\"Natural Poland\",\"url\":\"https:\\\/\\\/naturalpoland.com\\\/de\\\/\",\"logo\":{\"@type\":\"ImageObject\",\"inLanguage\":\"de\",\"@id\":\"https:\\\/\\\/naturalpoland.com\\\/de\\\/#\\\/schema\\\/logo\\\/image\\\/\",\"url\":\"https:\\\/\\\/naturalpoland.com\\\/wp-content\\\/uploads\\\/2021\\\/05\\\/natural-poland-icon.png\",\"contentUrl\":\"https:\\\/\\\/naturalpoland.com\\\/wp-content\\\/uploads\\\/2021\\\/05\\\/natural-poland-icon.png\",\"width\":512,\"height\":512,\"caption\":\"Natural Poland\"},\"image\":{\"@id\":\"https:\\\/\\\/naturalpoland.com\\\/de\\\/#\\\/schema\\\/logo\\\/image\\\/\"},\"sameAs\":[\"https:\\\/\\\/www.facebook.com\\\/naturalpoland.b2b\",\"https:\\\/\\\/pl.linkedin.com\\\/company\\\/natural-poland\",\"https:\\\/\\\/www.youtube.com\\\/channel\\\/UCgeGGkvOMahZo-xu_MSEWxg\"]}]}<\/script>\n<!-- \/ Yoast SEO plugin. -->","yoast_head_json":{"title":"Leinkuchen - Gro\u00dfhandelsvertrieb","description":"Leinkuchen ist ein proteinreiches Futtermittel aus Leinsamen. Nat\u00fcrliche Quelle f\u00fcr Protein und Omega-3-Fetts\u00e4uren f\u00fcr Futtermischungen f\u00fcr Tiere.","robots":{"index":"index","follow":"follow","max-snippet":"max-snippet:-1","max-image-preview":"max-image-preview:large","max-video-preview":"max-video-preview:-1"},"canonical":"https:\/\/naturalpoland.com\/de\/produkte\/tierfutterprodukte\/futtermittel-rohstoffe-fur-rinder\/leinkuchen\/","og_locale":"de_DE","og_type":"article","og_title":"Leinkuchen - Gro\u00dfhandelsvertrieb","og_description":"Leinkuchen ist ein proteinreiches Futtermittel aus Leinsamen. Nat\u00fcrliche Quelle f\u00fcr Protein und Omega-3-Fetts\u00e4uren f\u00fcr Futtermischungen f\u00fcr Tiere.","og_url":"https:\/\/naturalpoland.com\/de\/produkte\/tierfutterprodukte\/futtermittel-rohstoffe-fur-rinder\/leinkuchen\/","og_site_name":"NATURAL POLAND - IMPORT UND HANDEL VON ROHSTOFFEN","article_publisher":"https:\/\/www.facebook.com\/naturalpoland.b2b","article_modified_time":"2026-04-28T10:11:59+00:00","og_image":[{"width":1024,"height":1024,"url":"https:\/\/naturalpoland.com\/wp-content\/uploads\/makuch-lniany.png","type":"image\/png"}],"schema":{"@context":"https:\/\/schema.org","@graph":[{"@type":"WebPage","@id":"https:\/\/naturalpoland.com\/de\/produkte\/tierfutterprodukte\/futtermittel-rohstoffe-fur-rinder\/leinkuchen\/","url":"https:\/\/naturalpoland.com\/de\/produkte\/tierfutterprodukte\/futtermittel-rohstoffe-fur-rinder\/leinkuchen\/","name":"Leinkuchen - Gro\u00dfhandelsvertrieb","isPartOf":{"@id":"https:\/\/naturalpoland.com\/de\/#website"},"primaryImageOfPage":{"@id":"https:\/\/naturalpoland.com\/de\/produkte\/tierfutterprodukte\/futtermittel-rohstoffe-fur-rinder\/leinkuchen\/#primaryimage"},"image":{"@id":"https:\/\/naturalpoland.com\/de\/produkte\/tierfutterprodukte\/futtermittel-rohstoffe-fur-rinder\/leinkuchen\/#primaryimage"},"thumbnailUrl":"https:\/\/naturalpoland.com\/wp-content\/uploads\/makuch-lniany.png","datePublished":"2026-04-24T11:47:17+00:00","dateModified":"2026-04-28T10:11:59+00:00","description":"Leinkuchen ist ein proteinreiches Futtermittel aus Leinsamen. Nat\u00fcrliche Quelle f\u00fcr Protein und Omega-3-Fetts\u00e4uren f\u00fcr Futtermischungen f\u00fcr Tiere.","breadcrumb":{"@id":"https:\/\/naturalpoland.com\/de\/produkte\/tierfutterprodukte\/futtermittel-rohstoffe-fur-rinder\/leinkuchen\/#breadcrumb"},"inLanguage":"de","potentialAction":[{"@type":"ReadAction","target":["https:\/\/naturalpoland.com\/de\/produkte\/tierfutterprodukte\/futtermittel-rohstoffe-fur-rinder\/leinkuchen\/"]}]},{"@type":"ImageObject","inLanguage":"de","@id":"https:\/\/naturalpoland.com\/de\/produkte\/tierfutterprodukte\/futtermittel-rohstoffe-fur-rinder\/leinkuchen\/#primaryimage","url":"https:\/\/naturalpoland.com\/wp-content\/uploads\/makuch-lniany.png","contentUrl":"https:\/\/naturalpoland.com\/wp-content\/uploads\/makuch-lniany.png","width":1024,"height":1024,"caption":"Leinkuchen"},{"@type":"BreadcrumbList","@id":"https:\/\/naturalpoland.com\/de\/produkte\/tierfutterprodukte\/futtermittel-rohstoffe-fur-rinder\/leinkuchen\/#breadcrumb","itemListElement":[{"@type":"ListItem","position":1,"name":"Startseite","item":"https:\/\/naturalpoland.com\/de\/"},{"@type":"ListItem","position":2,"name":"Produkte","item":"https:\/\/naturalpoland.com\/de\/produkte\/"},{"@type":"ListItem","position":3,"name":"Leinkuchen"}]},{"@type":"WebSite","@id":"https:\/\/naturalpoland.com\/de\/#website","url":"https:\/\/naturalpoland.com\/de\/","name":"NATURAL POLAND - IMPORT UND HANDEL VON ROHSTOFFEN","description":"Rohstoffe f\u00fcr die Lebensmittelindustrie, Kosmetikindustrie, Pharmaindustrie","publisher":{"@id":"https:\/\/naturalpoland.com\/de\/#organization"},"potentialAction":[{"@type":"SearchAction","target":{"@type":"EntryPoint","urlTemplate":"https:\/\/naturalpoland.com\/de\/?s={search_term_string}"},"query-input":{"@type":"PropertyValueSpecification","valueRequired":true,"valueName":"search_term_string"}}],"inLanguage":"de"},{"@type":"Organization","@id":"https:\/\/naturalpoland.com\/de\/#organization","name":"Natural Poland","url":"https:\/\/naturalpoland.com\/de\/","logo":{"@type":"ImageObject","inLanguage":"de","@id":"https:\/\/naturalpoland.com\/de\/#\/schema\/logo\/image\/","url":"https:\/\/naturalpoland.com\/wp-content\/uploads\/2021\/05\/natural-poland-icon.png","contentUrl":"https:\/\/naturalpoland.com\/wp-content\/uploads\/2021\/05\/natural-poland-icon.png","width":512,"height":512,"caption":"Natural Poland"},"image":{"@id":"https:\/\/naturalpoland.com\/de\/#\/schema\/logo\/image\/"},"sameAs":["https:\/\/www.facebook.com\/naturalpoland.b2b","https:\/\/pl.linkedin.com\/company\/natural-poland","https:\/\/www.youtube.com\/channel\/UCgeGGkvOMahZo-xu_MSEWxg"]}]}},"_links":{"self":[{"href":"https:\/\/naturalpoland.com\/de\/wp-json\/wp\/v2\/product\/48012","targetHints":{"allow":["GET"]}}],"collection":[{"href":"https:\/\/naturalpoland.com\/de\/wp-json\/wp\/v2\/product"}],"about":[{"href":"https:\/\/naturalpoland.com\/de\/wp-json\/wp\/v2\/types\/product"}],"wp:featuredmedia":[{"embeddable":true,"href":"https:\/\/naturalpoland.com\/de\/wp-json\/wp\/v2\/media\/48013"}],"wp:attachment":[{"href":"https:\/\/naturalpoland.com\/de\/wp-json\/wp\/v2\/media?parent=48012"}],"wp:term":[{"taxonomy":"product_brand","embeddable":true,"href":"https:\/\/naturalpoland.com\/de\/wp-json\/wp\/v2\/product_brand?post=48012"},{"taxonomy":"product_cat","embeddable":true,"href":"https:\/\/naturalpoland.com\/de\/wp-json\/wp\/v2\/product_cat?post=48012"},{"taxonomy":"product_tag","embeddable":true,"href":"https:\/\/naturalpoland.com\/de\/wp-json\/wp\/v2\/product_tag?post=48012"}],"curies":[{"name":"wp","href":"https:\/\/api.w.org\/{rel}","templated":true}]}}