{"id":48088,"date":"2026-04-03T13:44:25","date_gmt":"2026-04-03T11:44:25","guid":{"rendered":"https:\/\/naturalpoland.com\/produkty\/unkategorisiert\/gemahlener-gruener-kaffee\/"},"modified":"2026-04-28T13:01:08","modified_gmt":"2026-04-28T11:01:08","slug":"gemahlener-gruener-kaffee","status":"publish","type":"product","link":"https:\/\/naturalpoland.com\/de\/produkte\/pflanzliche-produkte\/gemahlener-gruener-kaffee\/","title":{"rendered":"Gemahlener gr\u00fcner Kaffee"},"content":{"rendered":"<h2>Eigenschaften und Wirkung von gemahlenem gr\u00fcnem Kaffee:<\/h2>\n<p>Gemahlener gr\u00fcner Kaffee hat die Form eines feinen Pulvers mit graugr\u00fcner Farbe und charakteristischem Geruch. Der Rohstoff wird in Polen aus Bohnen brasilianischer Herkunft hergestellt. <\/p>\n<p>Der Rohstoff enth\u00e4lt nat\u00fcrliche bioaktive Verbindungen, darunter vor allem <strong>Chlorogens\u00e4uren<\/strong> sowie <strong>Koffein<\/strong>, die in Produkten zur Unterst\u00fctzung des Energiestoffwechsels eingesetzt werden.<\/p>\n<p><strong>Chlorogens\u00e4ure<\/strong> geh\u00f6rt zur Gruppe der Polyphenole und weist antioxidative Eigenschaften auf. In Nahrungserg\u00e4nzungsmitteln erf\u00fcllt sie eine unterst\u00fctzende Rolle f\u00fcr den Glukose- und Lipidstoffwechsel. <\/p>\n<p>In der Kosmetik wirkt gemahlener gr\u00fcner Kaffee straffend und gl\u00e4ttend. Dank des Koffeins wird dieser Rohstoff in Pr\u00e4paraten zur Pflege von Haut eingesetzt, die eine Verbesserung der Spannkraft ben\u00f6tigt, sowie in Anti-Cellulite-Produkten. Zus\u00e4tzlich unterst\u00fctzen die antioxidativen Eigenschaften den Schutz der Haut vor Umwelteinfl\u00fcssen.  <\/p>\n<p>Der Rohstoff kann auch als exfolierende Komponente in mechanischen Peelings fungieren und die Entfernung abgestorbener Hautzellen sowie die Verbesserung des Hautbildes unterst\u00fctzen.<\/p>\n<h2>Anwendung von gemahlenem gr\u00fcnem Kaffee:<\/h2>\n<p>Gemahlener gr\u00fcner Kaffee findet Anwendung in:<\/p>\n<ul>\n<li>Nahrungserg\u00e4nzungsmitteln (Produkte zur Unterst\u00fctzung des Stoffwechsels),<\/li>\n<li>funktionellen Lebensmitteln und Getr\u00e4nken,<\/li>\n<li>Anti-Cellulite- und straffenden Kosmetikprodukten,<\/li>\n<li>Peelings und exfolierenden Produkten,<\/li>\n<li>nat\u00fcrlichen und pflanzlichen Kosmetikprodukten.<\/li>\n<\/ul>\n<p>Dank seiner Pulverform l\u00e4sst er sich leicht in trockene und halbfeste Formulierungen einarbeiten.<\/p>\n","protected":false},"excerpt":{"rendered":"<p><strong>Gemahlener gr\u00fcner Kaffee<\/strong> wird aus unger\u00f6steten Kaffeebohnen von <em>Coffea arabica<\/em> gewonnen. Im Gegensatz zu ger\u00f6stetem Kaffee beh\u00e4lt er das nat\u00fcrliche Profil der im Rohstoff vorhandenen Wirkstoffe bei. Der Rohstoff ist f\u00fcr Anwendungen in Nahrungserg\u00e4nzungsmitteln sowie in der Kosmetik bestimmt.  <\/p>\n","protected":false},"featured_media":48089,"template":"","meta":{"_acf_changed":false},"product_brand":[],"product_cat":[368],"product_tag":[],"class_list":{"0":"post-48088","1":"product","2":"type-product","3":"status-publish","4":"has-post-thumbnail","6":"product_cat-pflanzliche-produkte","8":"first","9":"instock","10":"shipping-taxable","11":"product-type-simple"},"acf":[],"yoast_head":"<!-- This site is optimized with the Yoast SEO plugin v27.5 - https:\/\/yoast.com\/product\/yoast-seo-wordpress\/ -->\n<title>Gemahlener gr\u00fcner Kaffee - Gro\u00dfhandelsvertrieb<\/title>\n<meta name=\"description\" content=\"Gemahlener gr\u00fcner Kaffee (Coffea arabica) reich an Koffein und Polyphenolen; verwendet in Nahrungserg\u00e4nzungsmitteln, Anti-Cellulite-Kosmetik und funktionellen Produkten\" \/>\n<meta name=\"robots\" content=\"index, follow, max-snippet:-1, max-image-preview:large, max-video-preview:-1\" \/>\n<link rel=\"canonical\" href=\"https:\/\/naturalpoland.com\/de\/produkte\/pflanzliche-produkte\/gemahlener-gruener-kaffee\/\" \/>\n<meta property=\"og:locale\" content=\"de_DE\" \/>\n<meta property=\"og:type\" content=\"article\" \/>\n<meta property=\"og:title\" content=\"Gemahlener gr\u00fcner Kaffee - Gro\u00dfhandelsvertrieb\" \/>\n<meta property=\"og:description\" content=\"Gemahlener gr\u00fcner Kaffee (Coffea arabica) reich an Koffein und Polyphenolen; verwendet in Nahrungserg\u00e4nzungsmitteln, Anti-Cellulite-Kosmetik und funktionellen Produkten\" \/>\n<meta property=\"og:url\" content=\"https:\/\/naturalpoland.com\/de\/produkte\/pflanzliche-produkte\/gemahlener-gruener-kaffee\/\" \/>\n<meta property=\"og:site_name\" content=\"NATURAL POLAND - IMPORT UND HANDEL VON ROHSTOFFEN\" \/>\n<meta property=\"article:publisher\" content=\"https:\/\/www.facebook.com\/naturalpoland.b2b\" \/>\n<meta property=\"article:modified_time\" content=\"2026-04-28T11:01:08+00:00\" \/>\n<meta property=\"og:image\" content=\"https:\/\/naturalpoland.com\/wp-content\/uploads\/mielona-kawa-zielona.png\" \/>\n\t<meta property=\"og:image:width\" content=\"1024\" \/>\n\t<meta property=\"og:image:height\" content=\"1024\" \/>\n\t<meta property=\"og:image:type\" content=\"image\/png\" \/>\n<script type=\"application\/ld+json\" class=\"yoast-schema-graph\">{\"@context\":\"https:\\\/\\\/schema.org\",\"@graph\":[{\"@type\":\"WebPage\",\"@id\":\"https:\\\/\\\/naturalpoland.com\\\/de\\\/produkte\\\/pflanzliche-produkte\\\/gemahlener-gruener-kaffee\\\/\",\"url\":\"https:\\\/\\\/naturalpoland.com\\\/de\\\/produkte\\\/pflanzliche-produkte\\\/gemahlener-gruener-kaffee\\\/\",\"name\":\"Gemahlener gr\u00fcner Kaffee - Gro\u00dfhandelsvertrieb\",\"isPartOf\":{\"@id\":\"https:\\\/\\\/naturalpoland.com\\\/de\\\/#website\"},\"primaryImageOfPage\":{\"@id\":\"https:\\\/\\\/naturalpoland.com\\\/de\\\/produkte\\\/pflanzliche-produkte\\\/gemahlener-gruener-kaffee\\\/#primaryimage\"},\"image\":{\"@id\":\"https:\\\/\\\/naturalpoland.com\\\/de\\\/produkte\\\/pflanzliche-produkte\\\/gemahlener-gruener-kaffee\\\/#primaryimage\"},\"thumbnailUrl\":\"https:\\\/\\\/naturalpoland.com\\\/wp-content\\\/uploads\\\/mielona-kawa-zielona.png\",\"datePublished\":\"2026-04-03T11:44:25+00:00\",\"dateModified\":\"2026-04-28T11:01:08+00:00\",\"description\":\"Gemahlener gr\u00fcner Kaffee (Coffea arabica) reich an Koffein und Polyphenolen; verwendet in Nahrungserg\u00e4nzungsmitteln, Anti-Cellulite-Kosmetik und funktionellen Produkten\",\"breadcrumb\":{\"@id\":\"https:\\\/\\\/naturalpoland.com\\\/de\\\/produkte\\\/pflanzliche-produkte\\\/gemahlener-gruener-kaffee\\\/#breadcrumb\"},\"inLanguage\":\"de\",\"potentialAction\":[{\"@type\":\"ReadAction\",\"target\":[\"https:\\\/\\\/naturalpoland.com\\\/de\\\/produkte\\\/pflanzliche-produkte\\\/gemahlener-gruener-kaffee\\\/\"]}]},{\"@type\":\"ImageObject\",\"inLanguage\":\"de\",\"@id\":\"https:\\\/\\\/naturalpoland.com\\\/de\\\/produkte\\\/pflanzliche-produkte\\\/gemahlener-gruener-kaffee\\\/#primaryimage\",\"url\":\"https:\\\/\\\/naturalpoland.com\\\/wp-content\\\/uploads\\\/mielona-kawa-zielona.png\",\"contentUrl\":\"https:\\\/\\\/naturalpoland.com\\\/wp-content\\\/uploads\\\/mielona-kawa-zielona.png\",\"width\":1024,\"height\":1024,\"caption\":\"gemahlener gr\u00fcner Kaffee\"},{\"@type\":\"BreadcrumbList\",\"@id\":\"https:\\\/\\\/naturalpoland.com\\\/de\\\/produkte\\\/pflanzliche-produkte\\\/gemahlener-gruener-kaffee\\\/#breadcrumb\",\"itemListElement\":[{\"@type\":\"ListItem\",\"position\":1,\"name\":\"Startseite\",\"item\":\"https:\\\/\\\/naturalpoland.com\\\/de\\\/\"},{\"@type\":\"ListItem\",\"position\":2,\"name\":\"Produkte\",\"item\":\"https:\\\/\\\/naturalpoland.com\\\/de\\\/produkte\\\/\"},{\"@type\":\"ListItem\",\"position\":3,\"name\":\"Gemahlener gr\u00fcner Kaffee\"}]},{\"@type\":\"WebSite\",\"@id\":\"https:\\\/\\\/naturalpoland.com\\\/de\\\/#website\",\"url\":\"https:\\\/\\\/naturalpoland.com\\\/de\\\/\",\"name\":\"NATURAL POLAND - IMPORT UND HANDEL VON ROHSTOFFEN\",\"description\":\"Rohstoffe f\u00fcr die Lebensmittelindustrie, Kosmetikindustrie, Pharmaindustrie\",\"publisher\":{\"@id\":\"https:\\\/\\\/naturalpoland.com\\\/de\\\/#organization\"},\"potentialAction\":[{\"@type\":\"SearchAction\",\"target\":{\"@type\":\"EntryPoint\",\"urlTemplate\":\"https:\\\/\\\/naturalpoland.com\\\/de\\\/?s={search_term_string}\"},\"query-input\":{\"@type\":\"PropertyValueSpecification\",\"valueRequired\":true,\"valueName\":\"search_term_string\"}}],\"inLanguage\":\"de\"},{\"@type\":\"Organization\",\"@id\":\"https:\\\/\\\/naturalpoland.com\\\/de\\\/#organization\",\"name\":\"Natural Poland\",\"url\":\"https:\\\/\\\/naturalpoland.com\\\/de\\\/\",\"logo\":{\"@type\":\"ImageObject\",\"inLanguage\":\"de\",\"@id\":\"https:\\\/\\\/naturalpoland.com\\\/de\\\/#\\\/schema\\\/logo\\\/image\\\/\",\"url\":\"https:\\\/\\\/naturalpoland.com\\\/wp-content\\\/uploads\\\/2021\\\/05\\\/natural-poland-icon.png\",\"contentUrl\":\"https:\\\/\\\/naturalpoland.com\\\/wp-content\\\/uploads\\\/2021\\\/05\\\/natural-poland-icon.png\",\"width\":512,\"height\":512,\"caption\":\"Natural Poland\"},\"image\":{\"@id\":\"https:\\\/\\\/naturalpoland.com\\\/de\\\/#\\\/schema\\\/logo\\\/image\\\/\"},\"sameAs\":[\"https:\\\/\\\/www.facebook.com\\\/naturalpoland.b2b\",\"https:\\\/\\\/pl.linkedin.com\\\/company\\\/natural-poland\",\"https:\\\/\\\/www.youtube.com\\\/channel\\\/UCgeGGkvOMahZo-xu_MSEWxg\"]}]}<\/script>\n<!-- \/ Yoast SEO plugin. -->","yoast_head_json":{"title":"Gemahlener gr\u00fcner Kaffee - Gro\u00dfhandelsvertrieb","description":"Gemahlener gr\u00fcner Kaffee (Coffea arabica) reich an Koffein und Polyphenolen; verwendet in Nahrungserg\u00e4nzungsmitteln, Anti-Cellulite-Kosmetik und funktionellen Produkten","robots":{"index":"index","follow":"follow","max-snippet":"max-snippet:-1","max-image-preview":"max-image-preview:large","max-video-preview":"max-video-preview:-1"},"canonical":"https:\/\/naturalpoland.com\/de\/produkte\/pflanzliche-produkte\/gemahlener-gruener-kaffee\/","og_locale":"de_DE","og_type":"article","og_title":"Gemahlener gr\u00fcner Kaffee - Gro\u00dfhandelsvertrieb","og_description":"Gemahlener gr\u00fcner Kaffee (Coffea arabica) reich an Koffein und Polyphenolen; verwendet in Nahrungserg\u00e4nzungsmitteln, Anti-Cellulite-Kosmetik und funktionellen Produkten","og_url":"https:\/\/naturalpoland.com\/de\/produkte\/pflanzliche-produkte\/gemahlener-gruener-kaffee\/","og_site_name":"NATURAL POLAND - IMPORT UND HANDEL VON ROHSTOFFEN","article_publisher":"https:\/\/www.facebook.com\/naturalpoland.b2b","article_modified_time":"2026-04-28T11:01:08+00:00","og_image":[{"width":1024,"height":1024,"url":"https:\/\/naturalpoland.com\/wp-content\/uploads\/mielona-kawa-zielona.png","type":"image\/png"}],"schema":{"@context":"https:\/\/schema.org","@graph":[{"@type":"WebPage","@id":"https:\/\/naturalpoland.com\/de\/produkte\/pflanzliche-produkte\/gemahlener-gruener-kaffee\/","url":"https:\/\/naturalpoland.com\/de\/produkte\/pflanzliche-produkte\/gemahlener-gruener-kaffee\/","name":"Gemahlener gr\u00fcner Kaffee - Gro\u00dfhandelsvertrieb","isPartOf":{"@id":"https:\/\/naturalpoland.com\/de\/#website"},"primaryImageOfPage":{"@id":"https:\/\/naturalpoland.com\/de\/produkte\/pflanzliche-produkte\/gemahlener-gruener-kaffee\/#primaryimage"},"image":{"@id":"https:\/\/naturalpoland.com\/de\/produkte\/pflanzliche-produkte\/gemahlener-gruener-kaffee\/#primaryimage"},"thumbnailUrl":"https:\/\/naturalpoland.com\/wp-content\/uploads\/mielona-kawa-zielona.png","datePublished":"2026-04-03T11:44:25+00:00","dateModified":"2026-04-28T11:01:08+00:00","description":"Gemahlener gr\u00fcner Kaffee (Coffea arabica) reich an Koffein und Polyphenolen; verwendet in Nahrungserg\u00e4nzungsmitteln, Anti-Cellulite-Kosmetik und funktionellen Produkten","breadcrumb":{"@id":"https:\/\/naturalpoland.com\/de\/produkte\/pflanzliche-produkte\/gemahlener-gruener-kaffee\/#breadcrumb"},"inLanguage":"de","potentialAction":[{"@type":"ReadAction","target":["https:\/\/naturalpoland.com\/de\/produkte\/pflanzliche-produkte\/gemahlener-gruener-kaffee\/"]}]},{"@type":"ImageObject","inLanguage":"de","@id":"https:\/\/naturalpoland.com\/de\/produkte\/pflanzliche-produkte\/gemahlener-gruener-kaffee\/#primaryimage","url":"https:\/\/naturalpoland.com\/wp-content\/uploads\/mielona-kawa-zielona.png","contentUrl":"https:\/\/naturalpoland.com\/wp-content\/uploads\/mielona-kawa-zielona.png","width":1024,"height":1024,"caption":"gemahlener gr\u00fcner Kaffee"},{"@type":"BreadcrumbList","@id":"https:\/\/naturalpoland.com\/de\/produkte\/pflanzliche-produkte\/gemahlener-gruener-kaffee\/#breadcrumb","itemListElement":[{"@type":"ListItem","position":1,"name":"Startseite","item":"https:\/\/naturalpoland.com\/de\/"},{"@type":"ListItem","position":2,"name":"Produkte","item":"https:\/\/naturalpoland.com\/de\/produkte\/"},{"@type":"ListItem","position":3,"name":"Gemahlener gr\u00fcner Kaffee"}]},{"@type":"WebSite","@id":"https:\/\/naturalpoland.com\/de\/#website","url":"https:\/\/naturalpoland.com\/de\/","name":"NATURAL POLAND - IMPORT UND HANDEL VON ROHSTOFFEN","description":"Rohstoffe f\u00fcr die Lebensmittelindustrie, Kosmetikindustrie, Pharmaindustrie","publisher":{"@id":"https:\/\/naturalpoland.com\/de\/#organization"},"potentialAction":[{"@type":"SearchAction","target":{"@type":"EntryPoint","urlTemplate":"https:\/\/naturalpoland.com\/de\/?s={search_term_string}"},"query-input":{"@type":"PropertyValueSpecification","valueRequired":true,"valueName":"search_term_string"}}],"inLanguage":"de"},{"@type":"Organization","@id":"https:\/\/naturalpoland.com\/de\/#organization","name":"Natural Poland","url":"https:\/\/naturalpoland.com\/de\/","logo":{"@type":"ImageObject","inLanguage":"de","@id":"https:\/\/naturalpoland.com\/de\/#\/schema\/logo\/image\/","url":"https:\/\/naturalpoland.com\/wp-content\/uploads\/2021\/05\/natural-poland-icon.png","contentUrl":"https:\/\/naturalpoland.com\/wp-content\/uploads\/2021\/05\/natural-poland-icon.png","width":512,"height":512,"caption":"Natural Poland"},"image":{"@id":"https:\/\/naturalpoland.com\/de\/#\/schema\/logo\/image\/"},"sameAs":["https:\/\/www.facebook.com\/naturalpoland.b2b","https:\/\/pl.linkedin.com\/company\/natural-poland","https:\/\/www.youtube.com\/channel\/UCgeGGkvOMahZo-xu_MSEWxg"]}]}},"_links":{"self":[{"href":"https:\/\/naturalpoland.com\/de\/wp-json\/wp\/v2\/product\/48088","targetHints":{"allow":["GET"]}}],"collection":[{"href":"https:\/\/naturalpoland.com\/de\/wp-json\/wp\/v2\/product"}],"about":[{"href":"https:\/\/naturalpoland.com\/de\/wp-json\/wp\/v2\/types\/product"}],"wp:featuredmedia":[{"embeddable":true,"href":"https:\/\/naturalpoland.com\/de\/wp-json\/wp\/v2\/media\/48089"}],"wp:attachment":[{"href":"https:\/\/naturalpoland.com\/de\/wp-json\/wp\/v2\/media?parent=48088"}],"wp:term":[{"taxonomy":"product_brand","embeddable":true,"href":"https:\/\/naturalpoland.com\/de\/wp-json\/wp\/v2\/product_brand?post=48088"},{"taxonomy":"product_cat","embeddable":true,"href":"https:\/\/naturalpoland.com\/de\/wp-json\/wp\/v2\/product_cat?post=48088"},{"taxonomy":"product_tag","embeddable":true,"href":"https:\/\/naturalpoland.com\/de\/wp-json\/wp\/v2\/product_tag?post=48088"}],"curies":[{"name":"wp","href":"https:\/\/api.w.org\/{rel}","templated":true}]}}