{"id":4951,"date":"2021-05-11T13:50:10","date_gmt":"2021-07-11T18:05:29","guid":{"rendered":"https:\/\/naturalpoland.pl\/produkty\/unkategorisiert\/kuerbiskernoel\/"},"modified":"2024-12-23T14:24:11","modified_gmt":"2024-12-23T13:24:11","slug":"kuerbiskern-oel","status":"publish","type":"product","link":"https:\/\/naturalpoland.com\/de\/produkte\/produkte-fur-die-kosmetikindustrie\/kosmetische-ole\/kuerbiskern-oel\/","title":{"rendered":"K\u00fcrbiskern\u00f6l"},"content":{"rendered":"<h2>Zusammensetzung von K\u00fcrbiskern\u00f6l<\/h2>\n<p>K\u00fcrbiskern\u00f6l enth\u00e4lt eine beeindruckende Menge an unges\u00e4ttigten Fetts\u00e4uren, die mehr als 85% seiner Zusammensetzung ausmachen. Die wichtigsten Inhaltsstoffe sind: <\/p>\n<ul>\n<li><strong>Linols\u00e4ure (C18:2)<\/strong>: 40-65% &#8211; wirkt entz\u00fcndungshemmend und unterst\u00fctzt die Gesundheit des Herzens.<\/li>\n<li><strong>\u00d6ls\u00e4ure (C18:1)<\/strong>: 18-41% &#8211; beeinflusst die Elastizit\u00e4t der Haut und unterst\u00fctzt das Kreislaufsystem.<\/li>\n<li><strong>Palmitins\u00e4ure (C16:0)<\/strong>: 10-16% &#8211; unterst\u00fctzt die Regenerationsprozesse der Haut.<\/li>\n<li><strong>Stearins\u00e4ure (C18:0)<\/strong>: 2-8% &#8211; hat eine sch\u00fctzende und feuchtigkeitsspendende Wirkung auf die Haut.<\/li>\n<\/ul>\n<p>Das \u00d6l enth\u00e4lt auch zahlreiche Phytosterine, darunter <strong>Cucurbitacin<\/strong>, das f\u00fcr seine antiparasit\u00e4re Wirkung bekannt ist, sowie nat\u00fcrliche Vitamine und Mineralien.<\/p>\n<h2>Eigenschaften und Auswirkungen<\/h2>\n<p>K\u00fcrbiskern\u00f6l weist ein breites Spektrum an gesundheitsf\u00f6rdernden Eigenschaften auf. Das im \u00d6l enthaltene Kucurbitacin hat <strong>eine antiparasit\u00e4re<\/strong> Wirkung, da es das Nervensystem von Darmparasiten l\u00e4hmt, wodurch diese auf nat\u00fcrliche Weise aus dem K\u00f6rper entfernt werden k\u00f6nnen. Die im \u00d6l enthaltenen Phytosterine wiederum<strong> lindern Verdauungsbeschwerden<\/strong>, sch\u00fctzen die Magenschleimhaut und unterst\u00fctzen die Leberfunktion. Das \u00d6l wirkt auch <strong>unterst\u00fctzend auf die Harnwege<\/strong> bei einer \u00fcberaktiven Blase und unterst\u00fctzt die Gesundheit der Prostata. Als kosmetischer Inhaltsstoff<strong> hilft<\/strong> das \u00d6l<strong>, Falten zu gl\u00e4tten<\/strong>, Verf\u00e4rbungen aufzuhellen und die Heilung von Narben und Wunden zu beschleunigen. Es hat auch eine regenerierende Wirkung auf trockenes und gesch\u00e4digtes Haar.   <\/p>\n","protected":false},"excerpt":{"rendered":"<p><strong>K\u00fcrbiskern\u00f6l<\/strong><em>(Cucurbita Pepo L<\/em>.) wird aus gereinigten und gesch\u00e4lten K\u00fcrbiskernen kalt gepresst. Es zeichnet sich durch seinen charakteristischen, leicht bitteren Geschmack aus. <\/p>\n","protected":false},"featured_media":38050,"template":"","meta":{"_acf_changed":false},"product_brand":[],"product_cat":[384,386,383],"product_tag":[],"class_list":{"0":"post-4951","1":"product","2":"type-product","3":"status-publish","4":"has-post-thumbnail","6":"product_cat-kosmetische-ole","7":"product_cat-speiseole-und-kosmetikole","8":"product_cat-speiseole","9":"pa_certyfikaty-bio-zertifizierung-eu-nop","10":"pa_certyfikaty-cgmp-de","11":"pa_certyfikaty-fssc22000-de","12":"pa_certyfikaty-haccp-de","13":"pa_certyfikaty-halal-de","14":"pa_certyfikaty-iso22000-de","15":"pa_certyfikaty-koscher-zertifizierung","16":"pa_czesc-rosliny-samen-de","18":"first","19":"instock","20":"shipping-taxable","21":"product-type-simple"},"acf":[],"yoast_head":"<!-- This site is optimized with the Yoast SEO plugin v27.5 - https:\/\/yoast.com\/product\/yoast-seo-wordpress\/ -->\n<title>K\u00fcrbiskern\u00f6l - Gro\u00dfh\u00e4ndler von Rohstoffen NATURAL POLAND - IMPORT UND HANDEL VON ROHSTOFFEN<\/title>\n<meta name=\"description\" content=\"Bestellen Sie reines K\u00fcrbiskern\u00f6l in gro\u00dfen Mengen. K\u00fcrbiskern\u00f6l weist ein breites Spektrum an gesundheitsf\u00f6rdernden Eigenschaften auf.\" \/>\n<meta name=\"robots\" content=\"index, follow, max-snippet:-1, max-image-preview:large, max-video-preview:-1\" \/>\n<link rel=\"canonical\" href=\"https:\/\/naturalpoland.com\/de\/produkte\/produkte-fur-die-kosmetikindustrie\/kosmetische-ole\/kuerbiskern-oel\/\" \/>\n<meta property=\"og:locale\" content=\"de_DE\" \/>\n<meta property=\"og:type\" content=\"article\" \/>\n<meta property=\"og:title\" content=\"K\u00fcrbiskern\u00f6l - Gro\u00dfh\u00e4ndler von Rohstoffen NATURAL POLAND - IMPORT UND HANDEL VON ROHSTOFFEN\" \/>\n<meta property=\"og:description\" content=\"Bestellen Sie reines K\u00fcrbiskern\u00f6l in gro\u00dfen Mengen. K\u00fcrbiskern\u00f6l weist ein breites Spektrum an gesundheitsf\u00f6rdernden Eigenschaften auf.\" \/>\n<meta property=\"og:url\" content=\"https:\/\/naturalpoland.com\/de\/produkte\/produkte-fur-die-kosmetikindustrie\/kosmetische-ole\/kuerbiskern-oel\/\" \/>\n<meta property=\"og:site_name\" content=\"NATURAL POLAND - IMPORT UND HANDEL VON ROHSTOFFEN\" \/>\n<meta property=\"article:publisher\" content=\"https:\/\/www.facebook.com\/naturalpoland.b2b\" \/>\n<meta property=\"article:modified_time\" content=\"2024-12-23T13:24:11+00:00\" \/>\n<meta property=\"og:image\" content=\"https:\/\/naturalpoland.com\/wp-content\/uploads\/olej-z-pestek-dyni.webp\" \/>\n\t<meta property=\"og:image:width\" content=\"614\" \/>\n\t<meta property=\"og:image:height\" content=\"614\" \/>\n\t<meta property=\"og:image:type\" content=\"image\/webp\" \/>\n<script type=\"application\/ld+json\" class=\"yoast-schema-graph\">{\"@context\":\"https:\\\/\\\/schema.org\",\"@graph\":[{\"@type\":\"WebPage\",\"@id\":\"https:\\\/\\\/naturalpoland.com\\\/de\\\/produkte\\\/produkte-fur-die-kosmetikindustrie\\\/kosmetische-ole\\\/kuerbiskern-oel\\\/\",\"url\":\"https:\\\/\\\/naturalpoland.com\\\/de\\\/produkte\\\/produkte-fur-die-kosmetikindustrie\\\/kosmetische-ole\\\/kuerbiskern-oel\\\/\",\"name\":\"K\u00fcrbiskern\u00f6l - Gro\u00dfh\u00e4ndler von Rohstoffen NATURAL POLAND - IMPORT UND HANDEL VON ROHSTOFFEN\",\"isPartOf\":{\"@id\":\"https:\\\/\\\/naturalpoland.com\\\/de\\\/#website\"},\"primaryImageOfPage\":{\"@id\":\"https:\\\/\\\/naturalpoland.com\\\/de\\\/produkte\\\/produkte-fur-die-kosmetikindustrie\\\/kosmetische-ole\\\/kuerbiskern-oel\\\/#primaryimage\"},\"image\":{\"@id\":\"https:\\\/\\\/naturalpoland.com\\\/de\\\/produkte\\\/produkte-fur-die-kosmetikindustrie\\\/kosmetische-ole\\\/kuerbiskern-oel\\\/#primaryimage\"},\"thumbnailUrl\":\"https:\\\/\\\/naturalpoland.com\\\/wp-content\\\/uploads\\\/olej-z-pestek-dyni.webp\",\"datePublished\":\"2021-07-11T18:05:29+00:00\",\"dateModified\":\"2024-12-23T13:24:11+00:00\",\"description\":\"Bestellen Sie reines K\u00fcrbiskern\u00f6l in gro\u00dfen Mengen. K\u00fcrbiskern\u00f6l weist ein breites Spektrum an gesundheitsf\u00f6rdernden Eigenschaften auf.\",\"breadcrumb\":{\"@id\":\"https:\\\/\\\/naturalpoland.com\\\/de\\\/produkte\\\/produkte-fur-die-kosmetikindustrie\\\/kosmetische-ole\\\/kuerbiskern-oel\\\/#breadcrumb\"},\"inLanguage\":\"de\",\"potentialAction\":[{\"@type\":\"ReadAction\",\"target\":[\"https:\\\/\\\/naturalpoland.com\\\/de\\\/produkte\\\/produkte-fur-die-kosmetikindustrie\\\/kosmetische-ole\\\/kuerbiskern-oel\\\/\"]}]},{\"@type\":\"ImageObject\",\"inLanguage\":\"de\",\"@id\":\"https:\\\/\\\/naturalpoland.com\\\/de\\\/produkte\\\/produkte-fur-die-kosmetikindustrie\\\/kosmetische-ole\\\/kuerbiskern-oel\\\/#primaryimage\",\"url\":\"https:\\\/\\\/naturalpoland.com\\\/wp-content\\\/uploads\\\/olej-z-pestek-dyni.webp\",\"contentUrl\":\"https:\\\/\\\/naturalpoland.com\\\/wp-content\\\/uploads\\\/olej-z-pestek-dyni.webp\",\"width\":614,\"height\":614,\"caption\":\"olej z pestek dyni\"},{\"@type\":\"BreadcrumbList\",\"@id\":\"https:\\\/\\\/naturalpoland.com\\\/de\\\/produkte\\\/produkte-fur-die-kosmetikindustrie\\\/kosmetische-ole\\\/kuerbiskern-oel\\\/#breadcrumb\",\"itemListElement\":[{\"@type\":\"ListItem\",\"position\":1,\"name\":\"Startseite\",\"item\":\"https:\\\/\\\/naturalpoland.com\\\/de\\\/\"},{\"@type\":\"ListItem\",\"position\":2,\"name\":\"Produkte\",\"item\":\"https:\\\/\\\/naturalpoland.com\\\/de\\\/produkte\\\/\"},{\"@type\":\"ListItem\",\"position\":3,\"name\":\"K\u00fcrbiskern\u00f6l\"}]},{\"@type\":\"WebSite\",\"@id\":\"https:\\\/\\\/naturalpoland.com\\\/de\\\/#website\",\"url\":\"https:\\\/\\\/naturalpoland.com\\\/de\\\/\",\"name\":\"NATURAL POLAND - IMPORT UND HANDEL VON ROHSTOFFEN\",\"description\":\"Rohstoffe f\u00fcr die Lebensmittelindustrie, Kosmetikindustrie, Pharmaindustrie\",\"publisher\":{\"@id\":\"https:\\\/\\\/naturalpoland.com\\\/de\\\/#organization\"},\"potentialAction\":[{\"@type\":\"SearchAction\",\"target\":{\"@type\":\"EntryPoint\",\"urlTemplate\":\"https:\\\/\\\/naturalpoland.com\\\/de\\\/?s={search_term_string}\"},\"query-input\":{\"@type\":\"PropertyValueSpecification\",\"valueRequired\":true,\"valueName\":\"search_term_string\"}}],\"inLanguage\":\"de\"},{\"@type\":\"Organization\",\"@id\":\"https:\\\/\\\/naturalpoland.com\\\/de\\\/#organization\",\"name\":\"Natural Poland\",\"url\":\"https:\\\/\\\/naturalpoland.com\\\/de\\\/\",\"logo\":{\"@type\":\"ImageObject\",\"inLanguage\":\"de\",\"@id\":\"https:\\\/\\\/naturalpoland.com\\\/de\\\/#\\\/schema\\\/logo\\\/image\\\/\",\"url\":\"https:\\\/\\\/naturalpoland.com\\\/wp-content\\\/uploads\\\/2021\\\/05\\\/natural-poland-icon.png\",\"contentUrl\":\"https:\\\/\\\/naturalpoland.com\\\/wp-content\\\/uploads\\\/2021\\\/05\\\/natural-poland-icon.png\",\"width\":512,\"height\":512,\"caption\":\"Natural Poland\"},\"image\":{\"@id\":\"https:\\\/\\\/naturalpoland.com\\\/de\\\/#\\\/schema\\\/logo\\\/image\\\/\"},\"sameAs\":[\"https:\\\/\\\/www.facebook.com\\\/naturalpoland.b2b\",\"https:\\\/\\\/pl.linkedin.com\\\/company\\\/natural-poland\",\"https:\\\/\\\/www.youtube.com\\\/channel\\\/UCgeGGkvOMahZo-xu_MSEWxg\"]}]}<\/script>\n<!-- \/ Yoast SEO plugin. -->","yoast_head_json":{"title":"K\u00fcrbiskern\u00f6l - Gro\u00dfh\u00e4ndler von Rohstoffen NATURAL POLAND - IMPORT UND HANDEL VON ROHSTOFFEN","description":"Bestellen Sie reines K\u00fcrbiskern\u00f6l in gro\u00dfen Mengen. K\u00fcrbiskern\u00f6l weist ein breites Spektrum an gesundheitsf\u00f6rdernden Eigenschaften auf.","robots":{"index":"index","follow":"follow","max-snippet":"max-snippet:-1","max-image-preview":"max-image-preview:large","max-video-preview":"max-video-preview:-1"},"canonical":"https:\/\/naturalpoland.com\/de\/produkte\/produkte-fur-die-kosmetikindustrie\/kosmetische-ole\/kuerbiskern-oel\/","og_locale":"de_DE","og_type":"article","og_title":"K\u00fcrbiskern\u00f6l - Gro\u00dfh\u00e4ndler von Rohstoffen NATURAL POLAND - IMPORT UND HANDEL VON ROHSTOFFEN","og_description":"Bestellen Sie reines K\u00fcrbiskern\u00f6l in gro\u00dfen Mengen. K\u00fcrbiskern\u00f6l weist ein breites Spektrum an gesundheitsf\u00f6rdernden Eigenschaften auf.","og_url":"https:\/\/naturalpoland.com\/de\/produkte\/produkte-fur-die-kosmetikindustrie\/kosmetische-ole\/kuerbiskern-oel\/","og_site_name":"NATURAL POLAND - IMPORT UND HANDEL VON ROHSTOFFEN","article_publisher":"https:\/\/www.facebook.com\/naturalpoland.b2b","article_modified_time":"2024-12-23T13:24:11+00:00","og_image":[{"width":614,"height":614,"url":"https:\/\/naturalpoland.com\/wp-content\/uploads\/olej-z-pestek-dyni.webp","type":"image\/webp"}],"schema":{"@context":"https:\/\/schema.org","@graph":[{"@type":"WebPage","@id":"https:\/\/naturalpoland.com\/de\/produkte\/produkte-fur-die-kosmetikindustrie\/kosmetische-ole\/kuerbiskern-oel\/","url":"https:\/\/naturalpoland.com\/de\/produkte\/produkte-fur-die-kosmetikindustrie\/kosmetische-ole\/kuerbiskern-oel\/","name":"K\u00fcrbiskern\u00f6l - Gro\u00dfh\u00e4ndler von Rohstoffen NATURAL POLAND - IMPORT UND HANDEL VON ROHSTOFFEN","isPartOf":{"@id":"https:\/\/naturalpoland.com\/de\/#website"},"primaryImageOfPage":{"@id":"https:\/\/naturalpoland.com\/de\/produkte\/produkte-fur-die-kosmetikindustrie\/kosmetische-ole\/kuerbiskern-oel\/#primaryimage"},"image":{"@id":"https:\/\/naturalpoland.com\/de\/produkte\/produkte-fur-die-kosmetikindustrie\/kosmetische-ole\/kuerbiskern-oel\/#primaryimage"},"thumbnailUrl":"https:\/\/naturalpoland.com\/wp-content\/uploads\/olej-z-pestek-dyni.webp","datePublished":"2021-07-11T18:05:29+00:00","dateModified":"2024-12-23T13:24:11+00:00","description":"Bestellen Sie reines K\u00fcrbiskern\u00f6l in gro\u00dfen Mengen. K\u00fcrbiskern\u00f6l weist ein breites Spektrum an gesundheitsf\u00f6rdernden Eigenschaften auf.","breadcrumb":{"@id":"https:\/\/naturalpoland.com\/de\/produkte\/produkte-fur-die-kosmetikindustrie\/kosmetische-ole\/kuerbiskern-oel\/#breadcrumb"},"inLanguage":"de","potentialAction":[{"@type":"ReadAction","target":["https:\/\/naturalpoland.com\/de\/produkte\/produkte-fur-die-kosmetikindustrie\/kosmetische-ole\/kuerbiskern-oel\/"]}]},{"@type":"ImageObject","inLanguage":"de","@id":"https:\/\/naturalpoland.com\/de\/produkte\/produkte-fur-die-kosmetikindustrie\/kosmetische-ole\/kuerbiskern-oel\/#primaryimage","url":"https:\/\/naturalpoland.com\/wp-content\/uploads\/olej-z-pestek-dyni.webp","contentUrl":"https:\/\/naturalpoland.com\/wp-content\/uploads\/olej-z-pestek-dyni.webp","width":614,"height":614,"caption":"olej z pestek dyni"},{"@type":"BreadcrumbList","@id":"https:\/\/naturalpoland.com\/de\/produkte\/produkte-fur-die-kosmetikindustrie\/kosmetische-ole\/kuerbiskern-oel\/#breadcrumb","itemListElement":[{"@type":"ListItem","position":1,"name":"Startseite","item":"https:\/\/naturalpoland.com\/de\/"},{"@type":"ListItem","position":2,"name":"Produkte","item":"https:\/\/naturalpoland.com\/de\/produkte\/"},{"@type":"ListItem","position":3,"name":"K\u00fcrbiskern\u00f6l"}]},{"@type":"WebSite","@id":"https:\/\/naturalpoland.com\/de\/#website","url":"https:\/\/naturalpoland.com\/de\/","name":"NATURAL POLAND - IMPORT UND HANDEL VON ROHSTOFFEN","description":"Rohstoffe f\u00fcr die Lebensmittelindustrie, Kosmetikindustrie, Pharmaindustrie","publisher":{"@id":"https:\/\/naturalpoland.com\/de\/#organization"},"potentialAction":[{"@type":"SearchAction","target":{"@type":"EntryPoint","urlTemplate":"https:\/\/naturalpoland.com\/de\/?s={search_term_string}"},"query-input":{"@type":"PropertyValueSpecification","valueRequired":true,"valueName":"search_term_string"}}],"inLanguage":"de"},{"@type":"Organization","@id":"https:\/\/naturalpoland.com\/de\/#organization","name":"Natural Poland","url":"https:\/\/naturalpoland.com\/de\/","logo":{"@type":"ImageObject","inLanguage":"de","@id":"https:\/\/naturalpoland.com\/de\/#\/schema\/logo\/image\/","url":"https:\/\/naturalpoland.com\/wp-content\/uploads\/2021\/05\/natural-poland-icon.png","contentUrl":"https:\/\/naturalpoland.com\/wp-content\/uploads\/2021\/05\/natural-poland-icon.png","width":512,"height":512,"caption":"Natural Poland"},"image":{"@id":"https:\/\/naturalpoland.com\/de\/#\/schema\/logo\/image\/"},"sameAs":["https:\/\/www.facebook.com\/naturalpoland.b2b","https:\/\/pl.linkedin.com\/company\/natural-poland","https:\/\/www.youtube.com\/channel\/UCgeGGkvOMahZo-xu_MSEWxg"]}]}},"_links":{"self":[{"href":"https:\/\/naturalpoland.com\/de\/wp-json\/wp\/v2\/product\/4951","targetHints":{"allow":["GET"]}}],"collection":[{"href":"https:\/\/naturalpoland.com\/de\/wp-json\/wp\/v2\/product"}],"about":[{"href":"https:\/\/naturalpoland.com\/de\/wp-json\/wp\/v2\/types\/product"}],"wp:featuredmedia":[{"embeddable":true,"href":"https:\/\/naturalpoland.com\/de\/wp-json\/wp\/v2\/media\/38050"}],"wp:attachment":[{"href":"https:\/\/naturalpoland.com\/de\/wp-json\/wp\/v2\/media?parent=4951"}],"wp:term":[{"taxonomy":"product_brand","embeddable":true,"href":"https:\/\/naturalpoland.com\/de\/wp-json\/wp\/v2\/product_brand?post=4951"},{"taxonomy":"product_cat","embeddable":true,"href":"https:\/\/naturalpoland.com\/de\/wp-json\/wp\/v2\/product_cat?post=4951"},{"taxonomy":"product_tag","embeddable":true,"href":"https:\/\/naturalpoland.com\/de\/wp-json\/wp\/v2\/product_tag?post=4951"}],"curies":[{"name":"wp","href":"https:\/\/api.w.org\/{rel}","templated":true}]}}