{"id":5028,"date":"2021-05-11T13:42:56","date_gmt":"2021-07-14T20:16:29","guid":{"rendered":"https:\/\/naturalpoland.pl\/produkty\/unkategorisiert\/steviolglykoside-95-reb-a-80-und-reb-a-60-stevia\/"},"modified":"2021-07-14T22:16:29","modified_gmt":"2021-07-14T20:16:29","slug":"steviol-glykoside-95-reb-a-80-und-reb-a-60-stevia","status":"publish","type":"product","link":"https:\/\/naturalpoland.com\/de\/produkte\/produkte-der-lebensmittelindustrie\/rohstoffe-fur-die-produktion\/steviol-glykoside-95-reb-a-80-und-reb-a-60-stevia\/","title":{"rendered":"Steviolglykoside 95 REB-A 80 und REB-A 60 (Stevia)"},"content":{"rendered":"<p>Au\u00dferdem enth\u00e4lt Stevia keine Konservierungsstoffe oder Bitterstoffe, die den nat\u00fcrlichen s\u00fc\u00dfen Geschmack beeintr\u00e4chtigen k\u00f6nnten. Stevia wird f\u00fcr Menschen empfohlen, die abnehmen wollen, f\u00fcr Diabetiker, f\u00fcr Menschen, die Probleme mit Blutzuckerschwankungen haben, und f\u00fcr Menschen, die ein gesundes Leben f\u00fchren wollen. Es ist bemerkenswert, dass Stevia sowohl von Erwachsenen als auch von Kindern konsumiert werden kann. So kann das Produkt von ganzen Familien verzehrt werden.<\/p>\n","protected":false},"excerpt":{"rendered":"<p>Steviolglykoside 95 REB-A 80 und REB-A 60, allgemein bekannt unter den Namen Stevia sind pflanzliche Ersatzstoffe f\u00fcr wei\u00dfen Zucker. Die Popularit\u00e4t verdanken sie ihren Eigenschaften. Steviolglykoside sind s\u00fc\u00df und k\u00f6nnen problemlos als gesunder und nat\u00fcrlicher Ersatz f\u00fcr normalen wei\u00dfen Zucker verwendet werden.<\/p>\n","protected":false},"featured_media":5029,"template":"","meta":{"_acf_changed":false},"product_brand":[],"product_cat":[349],"product_tag":[],"class_list":{"0":"post-5028","1":"product","2":"type-product","3":"status-publish","4":"has-post-thumbnail","6":"product_cat-rohstoffe-fur-die-produktion","7":"pa_grupa-substancji-phenole-und-polyphenole","9":"first","10":"instock","11":"shipping-taxable","12":"product-type-simple"},"acf":[],"yoast_head":"<!-- This site is optimized with the Yoast SEO plugin v27.4 - https:\/\/yoast.com\/product\/yoast-seo-wordpress\/ -->\n<title>Steviolglykoside 95 REB-A 80 und REB-A 60 (Stevia) - Gro\u00dfhandelsvertrieb<\/title>\n<meta name=\"robots\" content=\"index, follow, max-snippet:-1, max-image-preview:large, max-video-preview:-1\" \/>\n<link rel=\"canonical\" href=\"https:\/\/naturalpoland.com\/de\/produkte\/produkte-der-lebensmittelindustrie\/rohstoffe-fur-die-produktion\/steviol-glykoside-95-reb-a-80-und-reb-a-60-stevia\/\" \/>\n<meta property=\"og:locale\" content=\"de_DE\" \/>\n<meta property=\"og:type\" content=\"article\" \/>\n<meta property=\"og:title\" content=\"Steviolglykoside 95 REB-A 80 und REB-A 60 (Stevia) - Gro\u00dfhandelsvertrieb\" \/>\n<meta property=\"og:description\" content=\"Steviolglykoside 95 REB-A 80 und REB-A 60, allgemein bekannt unter den Namen Stevia sind pflanzliche Ersatzstoffe f\u00fcr wei\u00dfen Zucker. Die Popularit\u00e4t verdanken sie ihren Eigenschaften. Steviolglykoside sind s\u00fc\u00df und k\u00f6nnen problemlos als gesunder und nat\u00fcrlicher Ersatz f\u00fcr normalen wei\u00dfen Zucker verwendet werden.\" \/>\n<meta property=\"og:url\" content=\"https:\/\/naturalpoland.com\/de\/produkte\/produkte-der-lebensmittelindustrie\/rohstoffe-fur-die-produktion\/steviol-glykoside-95-reb-a-80-und-reb-a-60-stevia\/\" \/>\n<meta property=\"og:site_name\" content=\"NATURAL POLAND - IMPORT UND HANDEL VON ROHSTOFFEN\" \/>\n<meta property=\"article:publisher\" content=\"https:\/\/www.facebook.com\/naturalpoland.b2b\" \/>\n<meta property=\"og:image\" content=\"https:\/\/naturalpoland.com\/wp-content\/uploads\/2021\/05\/steviol-glycosides-95-reb-a-80-and-reb-a-60-stevia.jpg\" \/>\n\t<meta property=\"og:image:width\" content=\"1688\" \/>\n\t<meta property=\"og:image:height\" content=\"1125\" \/>\n\t<meta property=\"og:image:type\" content=\"image\/jpeg\" \/>\n<script type=\"application\/ld+json\" class=\"yoast-schema-graph\">{\"@context\":\"https:\\\/\\\/schema.org\",\"@graph\":[{\"@type\":\"WebPage\",\"@id\":\"https:\\\/\\\/naturalpoland.com\\\/de\\\/produkte\\\/produkte-der-lebensmittelindustrie\\\/rohstoffe-fur-die-produktion\\\/steviol-glykoside-95-reb-a-80-und-reb-a-60-stevia\\\/\",\"url\":\"https:\\\/\\\/naturalpoland.com\\\/de\\\/produkte\\\/produkte-der-lebensmittelindustrie\\\/rohstoffe-fur-die-produktion\\\/steviol-glykoside-95-reb-a-80-und-reb-a-60-stevia\\\/\",\"name\":\"Steviolglykoside 95 REB-A 80 und REB-A 60 (Stevia) - Gro\u00dfhandelsvertrieb\",\"isPartOf\":{\"@id\":\"https:\\\/\\\/naturalpoland.com\\\/de\\\/#website\"},\"primaryImageOfPage\":{\"@id\":\"https:\\\/\\\/naturalpoland.com\\\/de\\\/produkte\\\/produkte-der-lebensmittelindustrie\\\/rohstoffe-fur-die-produktion\\\/steviol-glykoside-95-reb-a-80-und-reb-a-60-stevia\\\/#primaryimage\"},\"image\":{\"@id\":\"https:\\\/\\\/naturalpoland.com\\\/de\\\/produkte\\\/produkte-der-lebensmittelindustrie\\\/rohstoffe-fur-die-produktion\\\/steviol-glykoside-95-reb-a-80-und-reb-a-60-stevia\\\/#primaryimage\"},\"thumbnailUrl\":\"https:\\\/\\\/naturalpoland.com\\\/wp-content\\\/uploads\\\/2021\\\/05\\\/steviol-glycosides-95-reb-a-80-and-reb-a-60-stevia.jpg\",\"datePublished\":\"2021-07-14T20:16:29+00:00\",\"breadcrumb\":{\"@id\":\"https:\\\/\\\/naturalpoland.com\\\/de\\\/produkte\\\/produkte-der-lebensmittelindustrie\\\/rohstoffe-fur-die-produktion\\\/steviol-glykoside-95-reb-a-80-und-reb-a-60-stevia\\\/#breadcrumb\"},\"inLanguage\":\"de\",\"potentialAction\":[{\"@type\":\"ReadAction\",\"target\":[\"https:\\\/\\\/naturalpoland.com\\\/de\\\/produkte\\\/produkte-der-lebensmittelindustrie\\\/rohstoffe-fur-die-produktion\\\/steviol-glykoside-95-reb-a-80-und-reb-a-60-stevia\\\/\"]}]},{\"@type\":\"ImageObject\",\"inLanguage\":\"de\",\"@id\":\"https:\\\/\\\/naturalpoland.com\\\/de\\\/produkte\\\/produkte-der-lebensmittelindustrie\\\/rohstoffe-fur-die-produktion\\\/steviol-glykoside-95-reb-a-80-und-reb-a-60-stevia\\\/#primaryimage\",\"url\":\"https:\\\/\\\/naturalpoland.com\\\/wp-content\\\/uploads\\\/2021\\\/05\\\/steviol-glycosides-95-reb-a-80-and-reb-a-60-stevia.jpg\",\"contentUrl\":\"https:\\\/\\\/naturalpoland.com\\\/wp-content\\\/uploads\\\/2021\\\/05\\\/steviol-glycosides-95-reb-a-80-and-reb-a-60-stevia.jpg\",\"width\":1688,\"height\":1125},{\"@type\":\"BreadcrumbList\",\"@id\":\"https:\\\/\\\/naturalpoland.com\\\/de\\\/produkte\\\/produkte-der-lebensmittelindustrie\\\/rohstoffe-fur-die-produktion\\\/steviol-glykoside-95-reb-a-80-und-reb-a-60-stevia\\\/#breadcrumb\",\"itemListElement\":[{\"@type\":\"ListItem\",\"position\":1,\"name\":\"Startseite\",\"item\":\"https:\\\/\\\/naturalpoland.com\\\/de\\\/\"},{\"@type\":\"ListItem\",\"position\":2,\"name\":\"Produkte\",\"item\":\"https:\\\/\\\/naturalpoland.com\\\/de\\\/produkte\\\/\"},{\"@type\":\"ListItem\",\"position\":3,\"name\":\"Steviolglykoside 95 REB-A 80 und REB-A 60 (Stevia)\"}]},{\"@type\":\"WebSite\",\"@id\":\"https:\\\/\\\/naturalpoland.com\\\/de\\\/#website\",\"url\":\"https:\\\/\\\/naturalpoland.com\\\/de\\\/\",\"name\":\"NATURAL POLAND - IMPORT UND HANDEL VON ROHSTOFFEN\",\"description\":\"Rohstoffe f\u00fcr die Lebensmittelindustrie, Kosmetikindustrie, Pharmaindustrie\",\"publisher\":{\"@id\":\"https:\\\/\\\/naturalpoland.com\\\/de\\\/#organization\"},\"potentialAction\":[{\"@type\":\"SearchAction\",\"target\":{\"@type\":\"EntryPoint\",\"urlTemplate\":\"https:\\\/\\\/naturalpoland.com\\\/de\\\/?s={search_term_string}\"},\"query-input\":{\"@type\":\"PropertyValueSpecification\",\"valueRequired\":true,\"valueName\":\"search_term_string\"}}],\"inLanguage\":\"de\"},{\"@type\":\"Organization\",\"@id\":\"https:\\\/\\\/naturalpoland.com\\\/de\\\/#organization\",\"name\":\"Natural Poland\",\"url\":\"https:\\\/\\\/naturalpoland.com\\\/de\\\/\",\"logo\":{\"@type\":\"ImageObject\",\"inLanguage\":\"de\",\"@id\":\"https:\\\/\\\/naturalpoland.com\\\/de\\\/#\\\/schema\\\/logo\\\/image\\\/\",\"url\":\"https:\\\/\\\/naturalpoland.com\\\/wp-content\\\/uploads\\\/2021\\\/05\\\/natural-poland-icon.png\",\"contentUrl\":\"https:\\\/\\\/naturalpoland.com\\\/wp-content\\\/uploads\\\/2021\\\/05\\\/natural-poland-icon.png\",\"width\":512,\"height\":512,\"caption\":\"Natural Poland\"},\"image\":{\"@id\":\"https:\\\/\\\/naturalpoland.com\\\/de\\\/#\\\/schema\\\/logo\\\/image\\\/\"},\"sameAs\":[\"https:\\\/\\\/www.facebook.com\\\/naturalpoland.b2b\",\"https:\\\/\\\/pl.linkedin.com\\\/company\\\/natural-poland\",\"https:\\\/\\\/www.youtube.com\\\/channel\\\/UCgeGGkvOMahZo-xu_MSEWxg\"]}]}<\/script>\n<!-- \/ Yoast SEO plugin. -->","yoast_head_json":{"title":"Steviolglykoside 95 REB-A 80 und REB-A 60 (Stevia) - Gro\u00dfhandelsvertrieb","robots":{"index":"index","follow":"follow","max-snippet":"max-snippet:-1","max-image-preview":"max-image-preview:large","max-video-preview":"max-video-preview:-1"},"canonical":"https:\/\/naturalpoland.com\/de\/produkte\/produkte-der-lebensmittelindustrie\/rohstoffe-fur-die-produktion\/steviol-glykoside-95-reb-a-80-und-reb-a-60-stevia\/","og_locale":"de_DE","og_type":"article","og_title":"Steviolglykoside 95 REB-A 80 und REB-A 60 (Stevia) - Gro\u00dfhandelsvertrieb","og_description":"Steviolglykoside 95 REB-A 80 und REB-A 60, allgemein bekannt unter den Namen Stevia sind pflanzliche Ersatzstoffe f\u00fcr wei\u00dfen Zucker. Die Popularit\u00e4t verdanken sie ihren Eigenschaften. Steviolglykoside sind s\u00fc\u00df und k\u00f6nnen problemlos als gesunder und nat\u00fcrlicher Ersatz f\u00fcr normalen wei\u00dfen Zucker verwendet werden.","og_url":"https:\/\/naturalpoland.com\/de\/produkte\/produkte-der-lebensmittelindustrie\/rohstoffe-fur-die-produktion\/steviol-glykoside-95-reb-a-80-und-reb-a-60-stevia\/","og_site_name":"NATURAL POLAND - IMPORT UND HANDEL VON ROHSTOFFEN","article_publisher":"https:\/\/www.facebook.com\/naturalpoland.b2b","og_image":[{"width":1688,"height":1125,"url":"https:\/\/naturalpoland.com\/wp-content\/uploads\/2021\/05\/steviol-glycosides-95-reb-a-80-and-reb-a-60-stevia.jpg","type":"image\/jpeg"}],"schema":{"@context":"https:\/\/schema.org","@graph":[{"@type":"WebPage","@id":"https:\/\/naturalpoland.com\/de\/produkte\/produkte-der-lebensmittelindustrie\/rohstoffe-fur-die-produktion\/steviol-glykoside-95-reb-a-80-und-reb-a-60-stevia\/","url":"https:\/\/naturalpoland.com\/de\/produkte\/produkte-der-lebensmittelindustrie\/rohstoffe-fur-die-produktion\/steviol-glykoside-95-reb-a-80-und-reb-a-60-stevia\/","name":"Steviolglykoside 95 REB-A 80 und REB-A 60 (Stevia) - Gro\u00dfhandelsvertrieb","isPartOf":{"@id":"https:\/\/naturalpoland.com\/de\/#website"},"primaryImageOfPage":{"@id":"https:\/\/naturalpoland.com\/de\/produkte\/produkte-der-lebensmittelindustrie\/rohstoffe-fur-die-produktion\/steviol-glykoside-95-reb-a-80-und-reb-a-60-stevia\/#primaryimage"},"image":{"@id":"https:\/\/naturalpoland.com\/de\/produkte\/produkte-der-lebensmittelindustrie\/rohstoffe-fur-die-produktion\/steviol-glykoside-95-reb-a-80-und-reb-a-60-stevia\/#primaryimage"},"thumbnailUrl":"https:\/\/naturalpoland.com\/wp-content\/uploads\/2021\/05\/steviol-glycosides-95-reb-a-80-and-reb-a-60-stevia.jpg","datePublished":"2021-07-14T20:16:29+00:00","breadcrumb":{"@id":"https:\/\/naturalpoland.com\/de\/produkte\/produkte-der-lebensmittelindustrie\/rohstoffe-fur-die-produktion\/steviol-glykoside-95-reb-a-80-und-reb-a-60-stevia\/#breadcrumb"},"inLanguage":"de","potentialAction":[{"@type":"ReadAction","target":["https:\/\/naturalpoland.com\/de\/produkte\/produkte-der-lebensmittelindustrie\/rohstoffe-fur-die-produktion\/steviol-glykoside-95-reb-a-80-und-reb-a-60-stevia\/"]}]},{"@type":"ImageObject","inLanguage":"de","@id":"https:\/\/naturalpoland.com\/de\/produkte\/produkte-der-lebensmittelindustrie\/rohstoffe-fur-die-produktion\/steviol-glykoside-95-reb-a-80-und-reb-a-60-stevia\/#primaryimage","url":"https:\/\/naturalpoland.com\/wp-content\/uploads\/2021\/05\/steviol-glycosides-95-reb-a-80-and-reb-a-60-stevia.jpg","contentUrl":"https:\/\/naturalpoland.com\/wp-content\/uploads\/2021\/05\/steviol-glycosides-95-reb-a-80-and-reb-a-60-stevia.jpg","width":1688,"height":1125},{"@type":"BreadcrumbList","@id":"https:\/\/naturalpoland.com\/de\/produkte\/produkte-der-lebensmittelindustrie\/rohstoffe-fur-die-produktion\/steviol-glykoside-95-reb-a-80-und-reb-a-60-stevia\/#breadcrumb","itemListElement":[{"@type":"ListItem","position":1,"name":"Startseite","item":"https:\/\/naturalpoland.com\/de\/"},{"@type":"ListItem","position":2,"name":"Produkte","item":"https:\/\/naturalpoland.com\/de\/produkte\/"},{"@type":"ListItem","position":3,"name":"Steviolglykoside 95 REB-A 80 und REB-A 60 (Stevia)"}]},{"@type":"WebSite","@id":"https:\/\/naturalpoland.com\/de\/#website","url":"https:\/\/naturalpoland.com\/de\/","name":"NATURAL POLAND - IMPORT UND HANDEL VON ROHSTOFFEN","description":"Rohstoffe f\u00fcr die Lebensmittelindustrie, Kosmetikindustrie, Pharmaindustrie","publisher":{"@id":"https:\/\/naturalpoland.com\/de\/#organization"},"potentialAction":[{"@type":"SearchAction","target":{"@type":"EntryPoint","urlTemplate":"https:\/\/naturalpoland.com\/de\/?s={search_term_string}"},"query-input":{"@type":"PropertyValueSpecification","valueRequired":true,"valueName":"search_term_string"}}],"inLanguage":"de"},{"@type":"Organization","@id":"https:\/\/naturalpoland.com\/de\/#organization","name":"Natural Poland","url":"https:\/\/naturalpoland.com\/de\/","logo":{"@type":"ImageObject","inLanguage":"de","@id":"https:\/\/naturalpoland.com\/de\/#\/schema\/logo\/image\/","url":"https:\/\/naturalpoland.com\/wp-content\/uploads\/2021\/05\/natural-poland-icon.png","contentUrl":"https:\/\/naturalpoland.com\/wp-content\/uploads\/2021\/05\/natural-poland-icon.png","width":512,"height":512,"caption":"Natural Poland"},"image":{"@id":"https:\/\/naturalpoland.com\/de\/#\/schema\/logo\/image\/"},"sameAs":["https:\/\/www.facebook.com\/naturalpoland.b2b","https:\/\/pl.linkedin.com\/company\/natural-poland","https:\/\/www.youtube.com\/channel\/UCgeGGkvOMahZo-xu_MSEWxg"]}]}},"_links":{"self":[{"href":"https:\/\/naturalpoland.com\/de\/wp-json\/wp\/v2\/product\/5028","targetHints":{"allow":["GET"]}}],"collection":[{"href":"https:\/\/naturalpoland.com\/de\/wp-json\/wp\/v2\/product"}],"about":[{"href":"https:\/\/naturalpoland.com\/de\/wp-json\/wp\/v2\/types\/product"}],"wp:featuredmedia":[{"embeddable":true,"href":"https:\/\/naturalpoland.com\/de\/wp-json\/wp\/v2\/media\/5029"}],"wp:attachment":[{"href":"https:\/\/naturalpoland.com\/de\/wp-json\/wp\/v2\/media?parent=5028"}],"wp:term":[{"taxonomy":"product_brand","embeddable":true,"href":"https:\/\/naturalpoland.com\/de\/wp-json\/wp\/v2\/product_brand?post=5028"},{"taxonomy":"product_cat","embeddable":true,"href":"https:\/\/naturalpoland.com\/de\/wp-json\/wp\/v2\/product_cat?post=5028"},{"taxonomy":"product_tag","embeddable":true,"href":"https:\/\/naturalpoland.com\/de\/wp-json\/wp\/v2\/product_tag?post=5028"}],"curies":[{"name":"wp","href":"https:\/\/api.w.org\/{rel}","templated":true}]}}