{"id":5030,"date":"2021-05-11T13:50:34","date_gmt":"2021-05-11T11:50:34","guid":{"rendered":"https:\/\/naturalpoland.pl\/produkty\/unkategorisiert\/faerberdistel-samenoel\/"},"modified":"2025-07-09T12:00:16","modified_gmt":"2025-07-09T10:00:16","slug":"saflor-samenoel","status":"publish","type":"product","link":"https:\/\/naturalpoland.com\/de\/produkte\/produkte-fur-die-kosmetikindustrie\/kosmetische-ole\/saflor-samenoel\/","title":{"rendered":"F\u00e4rberdistel-Samen\u00f6l"},"content":{"rendered":"<p>Saflor\u00f6l ist reich an mehrfach unges\u00e4ttigten Fetts\u00e4uren (MUFS), haupts\u00e4chlich Linols\u00e4ure (Omega-6). Es ist auch eine nat\u00fcrliche Quelle f\u00fcr Vitamin A und E sowie Phytosterole. Das \u00d6l enth\u00e4lt die folgenden Fetts\u00e4uren (pro 100 g):  <\/p>\n<ul>\n<li>ges\u00e4ttigte Fetts\u00e4uren (11 g)<\/li>\n<li>einfach unges\u00e4ttigte Fetts\u00e4uren (12 g)<\/li>\n<li>mehrfach unges\u00e4ttigte Fetts\u00e4uren (77 g)<\/li>\n<\/ul>\n<h2>Gesundheitliche Eigenschaften:<\/h2>\n<p>Saflor\u00f6l <strong>wirkt sich positiv auf das Herz-Kreislauf-System aus<\/strong>, hilft, den \u201eschlechten\u201c Cholesterinspiegel (LDL) zu senken und reguliert den Lipidstoffwechsel des K\u00f6rpers. Es reduziert das Risiko von Arteriosklerose, Herzinfarkt und Schlaganfall. Seine gerinnungshemmenden Eigenschaften wirken der Bildung von Blutgerinnseln entgegen, und seine blutdruckregulierende Wirkung unterst\u00fctzt die Pr\u00e4vention von Herz-Kreislauf-Erkrankungen. Dieses \u00d6l ist auch <strong>vorteilhaft f\u00fcr das Immunsystem<\/strong>, indem es die nat\u00fcrliche Schutzbarriere des K\u00f6rpers st\u00e4rkt, und f\u00fcr das Atmungssystem, indem es das Abhusten erleichtert und Atemnot bei Infektionen reduziert.   <\/p>\n<p>Dank seines Linols\u00e4uregehalts <strong>unterst\u00fctzt Saflor\u00f6l auch das Hormonsystem<\/strong>. Es reguliert die Produktion von Prostaglandinen, was die Symptome des pr\u00e4menstruellen Syndroms (PMS) lindert, Menstruationsschmerzen reduziert und bei der Bew\u00e4ltigung unerw\u00fcnschter Wechseljahrsbeschwerden hilft. Es <strong>f\u00f6rdert die Verdauungsprozesse<\/strong>, reguliert den Stuhlgang und beugt Verstopfung vor, was besonders bei der Bek\u00e4mpfung von \u00dcbergewicht und bei der Therapie von Morbus Crohn hilfreich ist. Zus\u00e4tzlich senkt Saflor\u00f6l den Blutzuckerspiegel und wird daher f\u00fcr Diabetiker empfohlen.  <\/p>\n<h2>Anwendung des \u00d6ls:<\/h2>\n<p><strong>In der Kosmetik<\/strong> wird Saflor\u00f6l wegen seiner Anti-Aging-Eigenschaften gesch\u00e4tzt, da es freie Radikale neutralisiert und die Haut vor sch\u00e4dlichen \u00e4u\u00dferen Einfl\u00fcssen sch\u00fctzt. Die regelm\u00e4\u00dfige Anwendung des \u00d6ls hilft, die Hautelastizit\u00e4t zu verbessern, die Sichtbarkeit von Falten zu reduzieren und die Haut optimal mit Feuchtigkeit zu versorgen. Saflor\u00f6l lindert Hautentz\u00fcndungen, beschleunigt die Wundheilung, reduziert die Symptome von Psoriasis und Akne und stimuliert die Regeneration der Hautzellen. In der K\u00f6rperpflege kann es direkt auf Haut oder Haare aufgetragen werden, sowie als Bestandteil von selbstgemachten Kosmetika wie Masken, Cremes oder Balsamen.   <\/p>\n<p><strong>In der K\u00fcche<\/strong> ist es wiederum eine ausgezeichnete Erg\u00e4nzung zu Salaten, Rohkost, Dips, Mayonnaisen oder Quark und unterstreicht den Geschmack der Speisen mit seiner zarten, leicht nussigen Note.<\/p>\n","protected":false},"excerpt":{"rendered":"<p>Kaltgepresstes Saflor\u00f6l mit gesundheitlichen und kosmetischen Eigenschaften.<\/p>\n","protected":false},"featured_media":37895,"template":"","meta":{"_acf_changed":false},"product_brand":[],"product_cat":[384,386,383],"product_tag":[],"class_list":{"0":"post-5030","1":"product","2":"type-product","3":"status-publish","4":"has-post-thumbnail","6":"product_cat-kosmetische-ole","7":"product_cat-speiseole-und-kosmetikole","8":"product_cat-speiseole","10":"first","11":"instock","12":"shipping-taxable","13":"product-type-simple"},"acf":[],"yoast_head":"<!-- This site is optimized with the Yoast SEO plugin v27.4 - https:\/\/yoast.com\/product\/yoast-seo-wordpress\/ -->\n<title>F\u00e4rberdistel-Samen\u00f6l - Natural Poland<\/title>\n<meta name=\"description\" content=\"Saflor\u00f6l bietet dank seiner einzigartigen Zusammensetzung, die reich an unges\u00e4ttigten Fetts\u00e4uren, Vitamin A und E sowie Phytosterolen ist, umfassende gesundheitliche und kosmetische Vorteile.\" \/>\n<meta name=\"robots\" content=\"index, follow, max-snippet:-1, max-image-preview:large, max-video-preview:-1\" \/>\n<link rel=\"canonical\" href=\"https:\/\/naturalpoland.com\/de\/produkte\/produkte-fur-die-kosmetikindustrie\/kosmetische-ole\/saflor-samenoel\/\" \/>\n<meta property=\"og:locale\" content=\"de_DE\" \/>\n<meta property=\"og:type\" content=\"article\" \/>\n<meta property=\"og:title\" content=\"F\u00e4rberdistel-Samen\u00f6l - Natural Poland\" \/>\n<meta property=\"og:description\" content=\"Saflor\u00f6l bietet dank seiner einzigartigen Zusammensetzung, die reich an unges\u00e4ttigten Fetts\u00e4uren, Vitamin A und E sowie Phytosterolen ist, umfassende gesundheitliche und kosmetische Vorteile.\" \/>\n<meta property=\"og:url\" content=\"https:\/\/naturalpoland.com\/de\/produkte\/produkte-fur-die-kosmetikindustrie\/kosmetische-ole\/saflor-samenoel\/\" \/>\n<meta property=\"og:site_name\" content=\"NATURAL POLAND - IMPORT UND HANDEL VON ROHSTOFFEN\" \/>\n<meta property=\"article:publisher\" content=\"https:\/\/www.facebook.com\/naturalpoland.b2b\" \/>\n<meta property=\"article:modified_time\" content=\"2025-07-09T10:00:16+00:00\" \/>\n<meta property=\"og:image\" content=\"https:\/\/naturalpoland.com\/wp-content\/uploads\/olej-z-nasion-krokosza-barwierskiego.webp\" \/>\n\t<meta property=\"og:image:width\" content=\"700\" \/>\n\t<meta property=\"og:image:height\" content=\"700\" \/>\n\t<meta property=\"og:image:type\" content=\"image\/webp\" \/>\n<script type=\"application\/ld+json\" class=\"yoast-schema-graph\">{\"@context\":\"https:\\\/\\\/schema.org\",\"@graph\":[{\"@type\":\"WebPage\",\"@id\":\"https:\\\/\\\/naturalpoland.com\\\/de\\\/produkte\\\/produkte-fur-die-kosmetikindustrie\\\/kosmetische-ole\\\/saflor-samenoel\\\/\",\"url\":\"https:\\\/\\\/naturalpoland.com\\\/de\\\/produkte\\\/produkte-fur-die-kosmetikindustrie\\\/kosmetische-ole\\\/saflor-samenoel\\\/\",\"name\":\"F\u00e4rberdistel-Samen\u00f6l - Natural Poland\",\"isPartOf\":{\"@id\":\"https:\\\/\\\/naturalpoland.com\\\/de\\\/#website\"},\"primaryImageOfPage\":{\"@id\":\"https:\\\/\\\/naturalpoland.com\\\/de\\\/produkte\\\/produkte-fur-die-kosmetikindustrie\\\/kosmetische-ole\\\/saflor-samenoel\\\/#primaryimage\"},\"image\":{\"@id\":\"https:\\\/\\\/naturalpoland.com\\\/de\\\/produkte\\\/produkte-fur-die-kosmetikindustrie\\\/kosmetische-ole\\\/saflor-samenoel\\\/#primaryimage\"},\"thumbnailUrl\":\"https:\\\/\\\/naturalpoland.com\\\/wp-content\\\/uploads\\\/olej-z-nasion-krokosza-barwierskiego.webp\",\"datePublished\":\"2021-05-11T11:50:34+00:00\",\"dateModified\":\"2025-07-09T10:00:16+00:00\",\"description\":\"Saflor\u00f6l bietet dank seiner einzigartigen Zusammensetzung, die reich an unges\u00e4ttigten Fetts\u00e4uren, Vitamin A und E sowie Phytosterolen ist, umfassende gesundheitliche und kosmetische Vorteile.\",\"breadcrumb\":{\"@id\":\"https:\\\/\\\/naturalpoland.com\\\/de\\\/produkte\\\/produkte-fur-die-kosmetikindustrie\\\/kosmetische-ole\\\/saflor-samenoel\\\/#breadcrumb\"},\"inLanguage\":\"de\",\"potentialAction\":[{\"@type\":\"ReadAction\",\"target\":[\"https:\\\/\\\/naturalpoland.com\\\/de\\\/produkte\\\/produkte-fur-die-kosmetikindustrie\\\/kosmetische-ole\\\/saflor-samenoel\\\/\"]}]},{\"@type\":\"ImageObject\",\"inLanguage\":\"de\",\"@id\":\"https:\\\/\\\/naturalpoland.com\\\/de\\\/produkte\\\/produkte-fur-die-kosmetikindustrie\\\/kosmetische-ole\\\/saflor-samenoel\\\/#primaryimage\",\"url\":\"https:\\\/\\\/naturalpoland.com\\\/wp-content\\\/uploads\\\/olej-z-nasion-krokosza-barwierskiego.webp\",\"contentUrl\":\"https:\\\/\\\/naturalpoland.com\\\/wp-content\\\/uploads\\\/olej-z-nasion-krokosza-barwierskiego.webp\",\"width\":700,\"height\":700,\"caption\":\"Olej z nasion krokosza barwierskiego\"},{\"@type\":\"BreadcrumbList\",\"@id\":\"https:\\\/\\\/naturalpoland.com\\\/de\\\/produkte\\\/produkte-fur-die-kosmetikindustrie\\\/kosmetische-ole\\\/saflor-samenoel\\\/#breadcrumb\",\"itemListElement\":[{\"@type\":\"ListItem\",\"position\":1,\"name\":\"Startseite\",\"item\":\"https:\\\/\\\/naturalpoland.com\\\/de\\\/\"},{\"@type\":\"ListItem\",\"position\":2,\"name\":\"Produkte\",\"item\":\"https:\\\/\\\/naturalpoland.com\\\/de\\\/produkte\\\/\"},{\"@type\":\"ListItem\",\"position\":3,\"name\":\"F\u00e4rberdistel-Samen\u00f6l\"}]},{\"@type\":\"WebSite\",\"@id\":\"https:\\\/\\\/naturalpoland.com\\\/de\\\/#website\",\"url\":\"https:\\\/\\\/naturalpoland.com\\\/de\\\/\",\"name\":\"NATURAL POLAND - IMPORT UND HANDEL VON ROHSTOFFEN\",\"description\":\"Rohstoffe f\u00fcr die Lebensmittelindustrie, Kosmetikindustrie, Pharmaindustrie\",\"publisher\":{\"@id\":\"https:\\\/\\\/naturalpoland.com\\\/de\\\/#organization\"},\"potentialAction\":[{\"@type\":\"SearchAction\",\"target\":{\"@type\":\"EntryPoint\",\"urlTemplate\":\"https:\\\/\\\/naturalpoland.com\\\/de\\\/?s={search_term_string}\"},\"query-input\":{\"@type\":\"PropertyValueSpecification\",\"valueRequired\":true,\"valueName\":\"search_term_string\"}}],\"inLanguage\":\"de\"},{\"@type\":\"Organization\",\"@id\":\"https:\\\/\\\/naturalpoland.com\\\/de\\\/#organization\",\"name\":\"Natural Poland\",\"url\":\"https:\\\/\\\/naturalpoland.com\\\/de\\\/\",\"logo\":{\"@type\":\"ImageObject\",\"inLanguage\":\"de\",\"@id\":\"https:\\\/\\\/naturalpoland.com\\\/de\\\/#\\\/schema\\\/logo\\\/image\\\/\",\"url\":\"https:\\\/\\\/naturalpoland.com\\\/wp-content\\\/uploads\\\/2021\\\/05\\\/natural-poland-icon.png\",\"contentUrl\":\"https:\\\/\\\/naturalpoland.com\\\/wp-content\\\/uploads\\\/2021\\\/05\\\/natural-poland-icon.png\",\"width\":512,\"height\":512,\"caption\":\"Natural Poland\"},\"image\":{\"@id\":\"https:\\\/\\\/naturalpoland.com\\\/de\\\/#\\\/schema\\\/logo\\\/image\\\/\"},\"sameAs\":[\"https:\\\/\\\/www.facebook.com\\\/naturalpoland.b2b\",\"https:\\\/\\\/pl.linkedin.com\\\/company\\\/natural-poland\",\"https:\\\/\\\/www.youtube.com\\\/channel\\\/UCgeGGkvOMahZo-xu_MSEWxg\"]}]}<\/script>\n<!-- \/ Yoast SEO plugin. -->","yoast_head_json":{"title":"F\u00e4rberdistel-Samen\u00f6l - Natural Poland","description":"Saflor\u00f6l bietet dank seiner einzigartigen Zusammensetzung, die reich an unges\u00e4ttigten Fetts\u00e4uren, Vitamin A und E sowie Phytosterolen ist, umfassende gesundheitliche und kosmetische Vorteile.","robots":{"index":"index","follow":"follow","max-snippet":"max-snippet:-1","max-image-preview":"max-image-preview:large","max-video-preview":"max-video-preview:-1"},"canonical":"https:\/\/naturalpoland.com\/de\/produkte\/produkte-fur-die-kosmetikindustrie\/kosmetische-ole\/saflor-samenoel\/","og_locale":"de_DE","og_type":"article","og_title":"F\u00e4rberdistel-Samen\u00f6l - Natural Poland","og_description":"Saflor\u00f6l bietet dank seiner einzigartigen Zusammensetzung, die reich an unges\u00e4ttigten Fetts\u00e4uren, Vitamin A und E sowie Phytosterolen ist, umfassende gesundheitliche und kosmetische Vorteile.","og_url":"https:\/\/naturalpoland.com\/de\/produkte\/produkte-fur-die-kosmetikindustrie\/kosmetische-ole\/saflor-samenoel\/","og_site_name":"NATURAL POLAND - IMPORT UND HANDEL VON ROHSTOFFEN","article_publisher":"https:\/\/www.facebook.com\/naturalpoland.b2b","article_modified_time":"2025-07-09T10:00:16+00:00","og_image":[{"width":700,"height":700,"url":"https:\/\/naturalpoland.com\/wp-content\/uploads\/olej-z-nasion-krokosza-barwierskiego.webp","type":"image\/webp"}],"schema":{"@context":"https:\/\/schema.org","@graph":[{"@type":"WebPage","@id":"https:\/\/naturalpoland.com\/de\/produkte\/produkte-fur-die-kosmetikindustrie\/kosmetische-ole\/saflor-samenoel\/","url":"https:\/\/naturalpoland.com\/de\/produkte\/produkte-fur-die-kosmetikindustrie\/kosmetische-ole\/saflor-samenoel\/","name":"F\u00e4rberdistel-Samen\u00f6l - Natural Poland","isPartOf":{"@id":"https:\/\/naturalpoland.com\/de\/#website"},"primaryImageOfPage":{"@id":"https:\/\/naturalpoland.com\/de\/produkte\/produkte-fur-die-kosmetikindustrie\/kosmetische-ole\/saflor-samenoel\/#primaryimage"},"image":{"@id":"https:\/\/naturalpoland.com\/de\/produkte\/produkte-fur-die-kosmetikindustrie\/kosmetische-ole\/saflor-samenoel\/#primaryimage"},"thumbnailUrl":"https:\/\/naturalpoland.com\/wp-content\/uploads\/olej-z-nasion-krokosza-barwierskiego.webp","datePublished":"2021-05-11T11:50:34+00:00","dateModified":"2025-07-09T10:00:16+00:00","description":"Saflor\u00f6l bietet dank seiner einzigartigen Zusammensetzung, die reich an unges\u00e4ttigten Fetts\u00e4uren, Vitamin A und E sowie Phytosterolen ist, umfassende gesundheitliche und kosmetische Vorteile.","breadcrumb":{"@id":"https:\/\/naturalpoland.com\/de\/produkte\/produkte-fur-die-kosmetikindustrie\/kosmetische-ole\/saflor-samenoel\/#breadcrumb"},"inLanguage":"de","potentialAction":[{"@type":"ReadAction","target":["https:\/\/naturalpoland.com\/de\/produkte\/produkte-fur-die-kosmetikindustrie\/kosmetische-ole\/saflor-samenoel\/"]}]},{"@type":"ImageObject","inLanguage":"de","@id":"https:\/\/naturalpoland.com\/de\/produkte\/produkte-fur-die-kosmetikindustrie\/kosmetische-ole\/saflor-samenoel\/#primaryimage","url":"https:\/\/naturalpoland.com\/wp-content\/uploads\/olej-z-nasion-krokosza-barwierskiego.webp","contentUrl":"https:\/\/naturalpoland.com\/wp-content\/uploads\/olej-z-nasion-krokosza-barwierskiego.webp","width":700,"height":700,"caption":"Olej z nasion krokosza barwierskiego"},{"@type":"BreadcrumbList","@id":"https:\/\/naturalpoland.com\/de\/produkte\/produkte-fur-die-kosmetikindustrie\/kosmetische-ole\/saflor-samenoel\/#breadcrumb","itemListElement":[{"@type":"ListItem","position":1,"name":"Startseite","item":"https:\/\/naturalpoland.com\/de\/"},{"@type":"ListItem","position":2,"name":"Produkte","item":"https:\/\/naturalpoland.com\/de\/produkte\/"},{"@type":"ListItem","position":3,"name":"F\u00e4rberdistel-Samen\u00f6l"}]},{"@type":"WebSite","@id":"https:\/\/naturalpoland.com\/de\/#website","url":"https:\/\/naturalpoland.com\/de\/","name":"NATURAL POLAND - IMPORT UND HANDEL VON ROHSTOFFEN","description":"Rohstoffe f\u00fcr die Lebensmittelindustrie, Kosmetikindustrie, Pharmaindustrie","publisher":{"@id":"https:\/\/naturalpoland.com\/de\/#organization"},"potentialAction":[{"@type":"SearchAction","target":{"@type":"EntryPoint","urlTemplate":"https:\/\/naturalpoland.com\/de\/?s={search_term_string}"},"query-input":{"@type":"PropertyValueSpecification","valueRequired":true,"valueName":"search_term_string"}}],"inLanguage":"de"},{"@type":"Organization","@id":"https:\/\/naturalpoland.com\/de\/#organization","name":"Natural Poland","url":"https:\/\/naturalpoland.com\/de\/","logo":{"@type":"ImageObject","inLanguage":"de","@id":"https:\/\/naturalpoland.com\/de\/#\/schema\/logo\/image\/","url":"https:\/\/naturalpoland.com\/wp-content\/uploads\/2021\/05\/natural-poland-icon.png","contentUrl":"https:\/\/naturalpoland.com\/wp-content\/uploads\/2021\/05\/natural-poland-icon.png","width":512,"height":512,"caption":"Natural Poland"},"image":{"@id":"https:\/\/naturalpoland.com\/de\/#\/schema\/logo\/image\/"},"sameAs":["https:\/\/www.facebook.com\/naturalpoland.b2b","https:\/\/pl.linkedin.com\/company\/natural-poland","https:\/\/www.youtube.com\/channel\/UCgeGGkvOMahZo-xu_MSEWxg"]}]}},"_links":{"self":[{"href":"https:\/\/naturalpoland.com\/de\/wp-json\/wp\/v2\/product\/5030","targetHints":{"allow":["GET"]}}],"collection":[{"href":"https:\/\/naturalpoland.com\/de\/wp-json\/wp\/v2\/product"}],"about":[{"href":"https:\/\/naturalpoland.com\/de\/wp-json\/wp\/v2\/types\/product"}],"wp:featuredmedia":[{"embeddable":true,"href":"https:\/\/naturalpoland.com\/de\/wp-json\/wp\/v2\/media\/37895"}],"wp:attachment":[{"href":"https:\/\/naturalpoland.com\/de\/wp-json\/wp\/v2\/media?parent=5030"}],"wp:term":[{"taxonomy":"product_brand","embeddable":true,"href":"https:\/\/naturalpoland.com\/de\/wp-json\/wp\/v2\/product_brand?post=5030"},{"taxonomy":"product_cat","embeddable":true,"href":"https:\/\/naturalpoland.com\/de\/wp-json\/wp\/v2\/product_cat?post=5030"},{"taxonomy":"product_tag","embeddable":true,"href":"https:\/\/naturalpoland.com\/de\/wp-json\/wp\/v2\/product_tag?post=5030"}],"curies":[{"name":"wp","href":"https:\/\/api.w.org\/{rel}","templated":true}]}}