{"id":5040,"date":"2021-07-06T17:06:40","date_gmt":"2021-07-06T15:06:40","guid":{"rendered":"https:\/\/naturalpoland.pl\/produkty\/unkategorisiert\/jojobaoel-gold\/"},"modified":"2021-07-25T09:51:45","modified_gmt":"2021-07-25T07:51:45","slug":"jojobaol-gold","status":"publish","type":"product","link":"https:\/\/naturalpoland.com\/de\/produkte\/produkte-fur-die-kosmetikindustrie\/kosmetische-ole\/jojobaol-gold\/","title":{"rendered":"Jojoba\u00f6l Gold"},"content":{"rendered":"<p>Jojoba\u00f6l ist eine Wachsart, die aus dem Strauch Simmondsia Chinensis gewonnen wird, der in S\u00fcdamerika, Afrika und Asien w\u00e4chst. Es hat eine gelbe Farbe und ist geruchs- und geschmacksneutral, so dass es eine perfekte Basis f\u00fcr viele Kosmetika ist.<\/p>\n<h3>Fetts\u00e4ureprofil:<\/h3>\n<table>\n<tbody>\n<tr>\n<td><strong>FETTS\u00c4URE<\/strong><\/td>\n<td><strong>VERBINDUNG<\/strong><\/td>\n<td><strong>NORM (%)<\/strong><\/td>\n<\/tr>\n<tr>\n<td>Palmitins\u00e4ure<\/td>\n<td>C16:0<\/td>\n<td>0,0-3,0<\/td>\n<\/tr>\n<tr>\n<td>Palmitoleins\u00e4ure<\/td>\n<td>C16:1<\/td>\n<td>0,0-3,0<\/td>\n<\/tr>\n<tr>\n<td>Oleins\u00e4ure<\/td>\n<td>C18:1<\/td>\n<td>5,0-15,0<\/td>\n<\/tr>\n<tr>\n<td>Gadoleins\u00e4ure<\/td>\n<td>C20:1<\/td>\n<td>65,0-80,0<\/td>\n<\/tr>\n<tr>\n<td>Erucas\u00e4ure<\/td>\n<td>C22:1<\/td>\n<td>10,0-20,0<\/td>\n<\/tr>\n<\/tbody>\n<\/table>\n","protected":false},"excerpt":{"rendered":"<p>Jojoba\u00f6l Gold ist ein hochwertiges Pflanzen\u00f6l, das in der pharmazeutischen und kosmetischen Industrie eingesetzt wird. Es ist eine reiche Quelle von Phytosterolen, Vitaminen (A, E und F) und Mineralien (Selen, Zink, Kupfer, Chrom, Jod). Dank seiner Zusammensetzung \u00e4hnelt es dem menschlichen Sebum, was der Haut Regeneration, Festigkeit und Schutz garantiert.<\/p>\n<p>Au\u00dferdem spendet es perfekt Feuchtigkeit und n\u00e4hrt trockenes und gesch\u00e4digtes Haar. Aufgrund seiner entz\u00fcndungshemmenden und r\u00fcckfettenden Eigenschaften ist es ideal f\u00fcr Personen mit dermatologischen Problemen wie Schuppenflechte und Akne.<\/p>\n","protected":false},"featured_media":4824,"template":"","meta":[],"product_brand":[],"product_cat":[384,386],"product_tag":[],"class_list":{"0":"post-5040","1":"product","2":"type-product","3":"status-publish","4":"has-post-thumbnail","6":"product_cat-kosmetische-ole","7":"product_cat-speiseole-und-kosmetikole","8":"pa_czesc-rosliny-samen","9":"pa_grupa-substancji-emollients","10":"pa_metoda-pozyskiwania-kaltpressung","12":"first","13":"instock","14":"shipping-taxable","15":"product-type-simple"},"yoast_head":"<!-- This site is optimized with the Yoast SEO plugin v27.4 - https:\/\/yoast.com\/product\/yoast-seo-wordpress\/ -->\n<title>Jojoba\u00f6l Gold - Gro\u00dfhandelsvertrieb<\/title>\n<meta name=\"robots\" content=\"index, follow, max-snippet:-1, max-image-preview:large, max-video-preview:-1\" \/>\n<link rel=\"canonical\" href=\"https:\/\/naturalpoland.com\/de\/produkte\/produkte-fur-die-kosmetikindustrie\/kosmetische-ole\/jojobaol-gold\/\" \/>\n<meta property=\"og:locale\" content=\"de_DE\" \/>\n<meta property=\"og:type\" content=\"article\" \/>\n<meta property=\"og:title\" content=\"Jojoba\u00f6l Gold - Gro\u00dfhandelsvertrieb\" \/>\n<meta property=\"og:description\" content=\"Jojoba\u00f6l Gold ist ein hochwertiges Pflanzen\u00f6l, das in der pharmazeutischen und kosmetischen Industrie eingesetzt wird. Es ist eine reiche Quelle von Phytosterolen, Vitaminen (A, E und F) und Mineralien (Selen, Zink, Kupfer, Chrom, Jod). Dank seiner Zusammensetzung \u00e4hnelt es dem menschlichen Sebum, was der Haut Regeneration, Festigkeit und Schutz garantiert. Au\u00dferdem spendet es perfekt Feuchtigkeit und n\u00e4hrt trockenes und gesch\u00e4digtes Haar. Aufgrund seiner entz\u00fcndungshemmenden und r\u00fcckfettenden Eigenschaften ist es ideal f\u00fcr Personen mit dermatologischen Problemen wie Schuppenflechte und Akne.\" \/>\n<meta property=\"og:url\" content=\"https:\/\/naturalpoland.com\/de\/produkte\/produkte-fur-die-kosmetikindustrie\/kosmetische-ole\/jojobaol-gold\/\" \/>\n<meta property=\"og:site_name\" content=\"NATURAL POLAND - IMPORT UND HANDEL VON ROHSTOFFEN\" \/>\n<meta property=\"article:publisher\" content=\"https:\/\/www.facebook.com\/naturalpoland.b2b\" \/>\n<meta property=\"article:modified_time\" content=\"2021-07-25T07:51:45+00:00\" \/>\n<meta property=\"og:image\" content=\"https:\/\/naturalpoland.com\/wp-content\/uploads\/olej-jojoba.jpg\" \/>\n\t<meta property=\"og:image:width\" content=\"600\" \/>\n\t<meta property=\"og:image:height\" content=\"600\" \/>\n\t<meta property=\"og:image:type\" content=\"image\/jpeg\" \/>\n<script type=\"application\/ld+json\" class=\"yoast-schema-graph\">{\"@context\":\"https:\\\/\\\/schema.org\",\"@graph\":[{\"@type\":\"WebPage\",\"@id\":\"https:\\\/\\\/naturalpoland.com\\\/de\\\/produkte\\\/produkte-fur-die-kosmetikindustrie\\\/kosmetische-ole\\\/jojobaol-gold\\\/\",\"url\":\"https:\\\/\\\/naturalpoland.com\\\/de\\\/produkte\\\/produkte-fur-die-kosmetikindustrie\\\/kosmetische-ole\\\/jojobaol-gold\\\/\",\"name\":\"Jojoba\u00f6l Gold - Gro\u00dfhandelsvertrieb\",\"isPartOf\":{\"@id\":\"https:\\\/\\\/naturalpoland.com\\\/de\\\/#website\"},\"primaryImageOfPage\":{\"@id\":\"https:\\\/\\\/naturalpoland.com\\\/de\\\/produkte\\\/produkte-fur-die-kosmetikindustrie\\\/kosmetische-ole\\\/jojobaol-gold\\\/#primaryimage\"},\"image\":{\"@id\":\"https:\\\/\\\/naturalpoland.com\\\/de\\\/produkte\\\/produkte-fur-die-kosmetikindustrie\\\/kosmetische-ole\\\/jojobaol-gold\\\/#primaryimage\"},\"thumbnailUrl\":\"https:\\\/\\\/naturalpoland.com\\\/wp-content\\\/uploads\\\/olej-jojoba.jpg\",\"datePublished\":\"2021-07-06T15:06:40+00:00\",\"dateModified\":\"2021-07-25T07:51:45+00:00\",\"breadcrumb\":{\"@id\":\"https:\\\/\\\/naturalpoland.com\\\/de\\\/produkte\\\/produkte-fur-die-kosmetikindustrie\\\/kosmetische-ole\\\/jojobaol-gold\\\/#breadcrumb\"},\"inLanguage\":\"de\",\"potentialAction\":[{\"@type\":\"ReadAction\",\"target\":[\"https:\\\/\\\/naturalpoland.com\\\/de\\\/produkte\\\/produkte-fur-die-kosmetikindustrie\\\/kosmetische-ole\\\/jojobaol-gold\\\/\"]}]},{\"@type\":\"ImageObject\",\"inLanguage\":\"de\",\"@id\":\"https:\\\/\\\/naturalpoland.com\\\/de\\\/produkte\\\/produkte-fur-die-kosmetikindustrie\\\/kosmetische-ole\\\/jojobaol-gold\\\/#primaryimage\",\"url\":\"https:\\\/\\\/naturalpoland.com\\\/wp-content\\\/uploads\\\/olej-jojoba.jpg\",\"contentUrl\":\"https:\\\/\\\/naturalpoland.com\\\/wp-content\\\/uploads\\\/olej-jojoba.jpg\",\"width\":600,\"height\":600,\"caption\":\"Jojoba-\u00d6l\"},{\"@type\":\"BreadcrumbList\",\"@id\":\"https:\\\/\\\/naturalpoland.com\\\/de\\\/produkte\\\/produkte-fur-die-kosmetikindustrie\\\/kosmetische-ole\\\/jojobaol-gold\\\/#breadcrumb\",\"itemListElement\":[{\"@type\":\"ListItem\",\"position\":1,\"name\":\"Startseite\",\"item\":\"https:\\\/\\\/naturalpoland.com\\\/de\\\/\"},{\"@type\":\"ListItem\",\"position\":2,\"name\":\"Produkte\",\"item\":\"https:\\\/\\\/naturalpoland.com\\\/de\\\/produkte\\\/\"},{\"@type\":\"ListItem\",\"position\":3,\"name\":\"Jojoba\u00f6l Gold\"}]},{\"@type\":\"WebSite\",\"@id\":\"https:\\\/\\\/naturalpoland.com\\\/de\\\/#website\",\"url\":\"https:\\\/\\\/naturalpoland.com\\\/de\\\/\",\"name\":\"NATURAL POLAND - IMPORT UND HANDEL VON ROHSTOFFEN\",\"description\":\"Rohstoffe f\u00fcr die Lebensmittelindustrie, Kosmetikindustrie, Pharmaindustrie\",\"publisher\":{\"@id\":\"https:\\\/\\\/naturalpoland.com\\\/de\\\/#organization\"},\"potentialAction\":[{\"@type\":\"SearchAction\",\"target\":{\"@type\":\"EntryPoint\",\"urlTemplate\":\"https:\\\/\\\/naturalpoland.com\\\/de\\\/?s={search_term_string}\"},\"query-input\":{\"@type\":\"PropertyValueSpecification\",\"valueRequired\":true,\"valueName\":\"search_term_string\"}}],\"inLanguage\":\"de\"},{\"@type\":\"Organization\",\"@id\":\"https:\\\/\\\/naturalpoland.com\\\/de\\\/#organization\",\"name\":\"Natural Poland\",\"url\":\"https:\\\/\\\/naturalpoland.com\\\/de\\\/\",\"logo\":{\"@type\":\"ImageObject\",\"inLanguage\":\"de\",\"@id\":\"https:\\\/\\\/naturalpoland.com\\\/de\\\/#\\\/schema\\\/logo\\\/image\\\/\",\"url\":\"https:\\\/\\\/naturalpoland.com\\\/wp-content\\\/uploads\\\/2021\\\/05\\\/natural-poland-icon.png\",\"contentUrl\":\"https:\\\/\\\/naturalpoland.com\\\/wp-content\\\/uploads\\\/2021\\\/05\\\/natural-poland-icon.png\",\"width\":512,\"height\":512,\"caption\":\"Natural Poland\"},\"image\":{\"@id\":\"https:\\\/\\\/naturalpoland.com\\\/de\\\/#\\\/schema\\\/logo\\\/image\\\/\"},\"sameAs\":[\"https:\\\/\\\/www.facebook.com\\\/naturalpoland.b2b\",\"https:\\\/\\\/pl.linkedin.com\\\/company\\\/natural-poland\",\"https:\\\/\\\/www.youtube.com\\\/channel\\\/UCgeGGkvOMahZo-xu_MSEWxg\"]}]}<\/script>\n<!-- \/ Yoast SEO plugin. -->","yoast_head_json":{"title":"Jojoba\u00f6l Gold - Gro\u00dfhandelsvertrieb","robots":{"index":"index","follow":"follow","max-snippet":"max-snippet:-1","max-image-preview":"max-image-preview:large","max-video-preview":"max-video-preview:-1"},"canonical":"https:\/\/naturalpoland.com\/de\/produkte\/produkte-fur-die-kosmetikindustrie\/kosmetische-ole\/jojobaol-gold\/","og_locale":"de_DE","og_type":"article","og_title":"Jojoba\u00f6l Gold - Gro\u00dfhandelsvertrieb","og_description":"Jojoba\u00f6l Gold ist ein hochwertiges Pflanzen\u00f6l, das in der pharmazeutischen und kosmetischen Industrie eingesetzt wird. Es ist eine reiche Quelle von Phytosterolen, Vitaminen (A, E und F) und Mineralien (Selen, Zink, Kupfer, Chrom, Jod). Dank seiner Zusammensetzung \u00e4hnelt es dem menschlichen Sebum, was der Haut Regeneration, Festigkeit und Schutz garantiert. Au\u00dferdem spendet es perfekt Feuchtigkeit und n\u00e4hrt trockenes und gesch\u00e4digtes Haar. Aufgrund seiner entz\u00fcndungshemmenden und r\u00fcckfettenden Eigenschaften ist es ideal f\u00fcr Personen mit dermatologischen Problemen wie Schuppenflechte und Akne.","og_url":"https:\/\/naturalpoland.com\/de\/produkte\/produkte-fur-die-kosmetikindustrie\/kosmetische-ole\/jojobaol-gold\/","og_site_name":"NATURAL POLAND - IMPORT UND HANDEL VON ROHSTOFFEN","article_publisher":"https:\/\/www.facebook.com\/naturalpoland.b2b","article_modified_time":"2021-07-25T07:51:45+00:00","og_image":[{"width":600,"height":600,"url":"https:\/\/naturalpoland.com\/wp-content\/uploads\/olej-jojoba.jpg","type":"image\/jpeg"}],"schema":{"@context":"https:\/\/schema.org","@graph":[{"@type":"WebPage","@id":"https:\/\/naturalpoland.com\/de\/produkte\/produkte-fur-die-kosmetikindustrie\/kosmetische-ole\/jojobaol-gold\/","url":"https:\/\/naturalpoland.com\/de\/produkte\/produkte-fur-die-kosmetikindustrie\/kosmetische-ole\/jojobaol-gold\/","name":"Jojoba\u00f6l Gold - Gro\u00dfhandelsvertrieb","isPartOf":{"@id":"https:\/\/naturalpoland.com\/de\/#website"},"primaryImageOfPage":{"@id":"https:\/\/naturalpoland.com\/de\/produkte\/produkte-fur-die-kosmetikindustrie\/kosmetische-ole\/jojobaol-gold\/#primaryimage"},"image":{"@id":"https:\/\/naturalpoland.com\/de\/produkte\/produkte-fur-die-kosmetikindustrie\/kosmetische-ole\/jojobaol-gold\/#primaryimage"},"thumbnailUrl":"https:\/\/naturalpoland.com\/wp-content\/uploads\/olej-jojoba.jpg","datePublished":"2021-07-06T15:06:40+00:00","dateModified":"2021-07-25T07:51:45+00:00","breadcrumb":{"@id":"https:\/\/naturalpoland.com\/de\/produkte\/produkte-fur-die-kosmetikindustrie\/kosmetische-ole\/jojobaol-gold\/#breadcrumb"},"inLanguage":"de","potentialAction":[{"@type":"ReadAction","target":["https:\/\/naturalpoland.com\/de\/produkte\/produkte-fur-die-kosmetikindustrie\/kosmetische-ole\/jojobaol-gold\/"]}]},{"@type":"ImageObject","inLanguage":"de","@id":"https:\/\/naturalpoland.com\/de\/produkte\/produkte-fur-die-kosmetikindustrie\/kosmetische-ole\/jojobaol-gold\/#primaryimage","url":"https:\/\/naturalpoland.com\/wp-content\/uploads\/olej-jojoba.jpg","contentUrl":"https:\/\/naturalpoland.com\/wp-content\/uploads\/olej-jojoba.jpg","width":600,"height":600,"caption":"Jojoba-\u00d6l"},{"@type":"BreadcrumbList","@id":"https:\/\/naturalpoland.com\/de\/produkte\/produkte-fur-die-kosmetikindustrie\/kosmetische-ole\/jojobaol-gold\/#breadcrumb","itemListElement":[{"@type":"ListItem","position":1,"name":"Startseite","item":"https:\/\/naturalpoland.com\/de\/"},{"@type":"ListItem","position":2,"name":"Produkte","item":"https:\/\/naturalpoland.com\/de\/produkte\/"},{"@type":"ListItem","position":3,"name":"Jojoba\u00f6l Gold"}]},{"@type":"WebSite","@id":"https:\/\/naturalpoland.com\/de\/#website","url":"https:\/\/naturalpoland.com\/de\/","name":"NATURAL POLAND - IMPORT UND HANDEL VON ROHSTOFFEN","description":"Rohstoffe f\u00fcr die Lebensmittelindustrie, Kosmetikindustrie, Pharmaindustrie","publisher":{"@id":"https:\/\/naturalpoland.com\/de\/#organization"},"potentialAction":[{"@type":"SearchAction","target":{"@type":"EntryPoint","urlTemplate":"https:\/\/naturalpoland.com\/de\/?s={search_term_string}"},"query-input":{"@type":"PropertyValueSpecification","valueRequired":true,"valueName":"search_term_string"}}],"inLanguage":"de"},{"@type":"Organization","@id":"https:\/\/naturalpoland.com\/de\/#organization","name":"Natural Poland","url":"https:\/\/naturalpoland.com\/de\/","logo":{"@type":"ImageObject","inLanguage":"de","@id":"https:\/\/naturalpoland.com\/de\/#\/schema\/logo\/image\/","url":"https:\/\/naturalpoland.com\/wp-content\/uploads\/2021\/05\/natural-poland-icon.png","contentUrl":"https:\/\/naturalpoland.com\/wp-content\/uploads\/2021\/05\/natural-poland-icon.png","width":512,"height":512,"caption":"Natural Poland"},"image":{"@id":"https:\/\/naturalpoland.com\/de\/#\/schema\/logo\/image\/"},"sameAs":["https:\/\/www.facebook.com\/naturalpoland.b2b","https:\/\/pl.linkedin.com\/company\/natural-poland","https:\/\/www.youtube.com\/channel\/UCgeGGkvOMahZo-xu_MSEWxg"]}]}},"_links":{"self":[{"href":"https:\/\/naturalpoland.com\/de\/wp-json\/wp\/v2\/product\/5040","targetHints":{"allow":["GET"]}}],"collection":[{"href":"https:\/\/naturalpoland.com\/de\/wp-json\/wp\/v2\/product"}],"about":[{"href":"https:\/\/naturalpoland.com\/de\/wp-json\/wp\/v2\/types\/product"}],"wp:featuredmedia":[{"embeddable":true,"href":"https:\/\/naturalpoland.com\/de\/wp-json\/wp\/v2\/media\/4824"}],"wp:attachment":[{"href":"https:\/\/naturalpoland.com\/de\/wp-json\/wp\/v2\/media?parent=5040"}],"wp:term":[{"taxonomy":"product_brand","embeddable":true,"href":"https:\/\/naturalpoland.com\/de\/wp-json\/wp\/v2\/product_brand?post=5040"},{"taxonomy":"product_cat","embeddable":true,"href":"https:\/\/naturalpoland.com\/de\/wp-json\/wp\/v2\/product_cat?post=5040"},{"taxonomy":"product_tag","embeddable":true,"href":"https:\/\/naturalpoland.com\/de\/wp-json\/wp\/v2\/product_tag?post=5040"}],"curies":[{"name":"wp","href":"https:\/\/api.w.org\/{rel}","templated":true}]}}