{"id":5041,"date":"2021-07-07T16:06:59","date_gmt":"2021-07-14T21:37:53","guid":{"rendered":"https:\/\/naturalpoland.pl\/produkty\/unkategorisiert\/tranexamsaeure\/"},"modified":"2024-09-10T13:54:50","modified_gmt":"2024-09-10T11:54:50","slug":"tranexam-saeure","status":"publish","type":"product","link":"https:\/\/naturalpoland.com\/de\/produkte\/produkte-fur-die-kosmetikindustrie\/sauren\/tranexam-saeure\/","title":{"rendered":"Tranexams\u00e4ure"},"content":{"rendered":"<h2>Eigenschaften von Tranexams\u00e4ure<\/h2>\n<p>  Tranexams\u00e4ure ist bekannt f\u00fcr seine hautaufhellende Wirkung und die Reduzierung von Hyperpigmentierung wie Melasma, Sonnenflecken und Akne-Hyperpigmentierung. Es hat sich gezeigt, dass es die F\u00e4higkeit besitzt, Hautverf\u00e4rbungen aufzuhellen, die aufgrund von hormonellen St\u00f6rungen, Entz\u00fcndungen oder der Einnahme bestimmter Medikamente entstanden sind. Hemmt die Aktivit\u00e4t der Melanozyten, was zu einer Verringerung der Melaninproduktion und einer verbesserten Hautfarbe f\u00fchrt.<br \/>\nEs hat auch eine starke entz\u00fcndungshemmende Wirkung.<br \/>\nDar\u00fcber hinaus sch\u00fctzt es die Haut vor \u00e4u\u00dferen Einfl\u00fcssen.   Seine blutstillende Wirkung eignet sich gut f\u00fcr die Behandlung von entz\u00fcndlichen Hautkrankheiten.  <\/p>\n<h2>Anmeldung<\/h2>\n<p>  Tranexams\u00e4ure wird h\u00e4ufig in Anti-Aging- und aufhellenden Kosmetika verwendet.<br \/>\nSie wird auch in Kosmetika f\u00fcr empfindliche und reizbare Haut eingesetzt.  Es eignet sich gut zur Behandlung von Rosacea, da es Hyperpigmentierungen effektiv reduziert. Es wird innerhalb von 3 Stunden absorbiert.<\/p>\n","protected":false},"excerpt":{"rendered":"<p>Tranexams\u00e4ure wurde in den 1980er Jahren anerkannt. des 20. Jahrhunderts erkannt. Heute ist bekannt, dass es sich um eine synthetische Aminos\u00e4ure handelt, die eine antih\u00e4morrhagische Aktivit\u00e4t aufweist. Das hei\u00dft, es ist geeignet, die Umwandlung von Plasminogen zu Plasmin effektiv zu hemmen.<\/p>\n","protected":false},"featured_media":4866,"template":"","meta":{"_acf_changed":false},"product_brand":[],"product_cat":[387,5452],"product_tag":[],"class_list":{"0":"post-5041","1":"product","2":"type-product","3":"status-publish","4":"has-post-thumbnail","6":"product_cat-aminosauren","7":"product_cat-sauren","9":"first","10":"instock","11":"shipping-taxable","12":"product-type-simple"},"acf":[],"yoast_head":"<!-- This site is optimized with the Yoast SEO plugin v27.4 - https:\/\/yoast.com\/product\/yoast-seo-wordpress\/ -->\n<title>Tranexams\u00e4ure - NATURAL POLAND - IMPORT UND HANDEL VON ROHSTOFFEN<\/title>\n<meta name=\"description\" content=\"Tranexams\u00e4ure ist ein vielseitiger Wirkstoff mit aufhellenden, entz\u00fcndungshemmenden und sch\u00fctzenden Eigenschaften, der in Anti-Aging-Kosmetika eingesetzt wird.\" \/>\n<meta name=\"robots\" content=\"index, follow, max-snippet:-1, max-image-preview:large, max-video-preview:-1\" \/>\n<link rel=\"canonical\" href=\"https:\/\/naturalpoland.com\/de\/produkte\/produkte-fur-die-kosmetikindustrie\/sauren\/tranexam-saeure\/\" \/>\n<meta property=\"og:locale\" content=\"de_DE\" \/>\n<meta property=\"og:type\" content=\"article\" \/>\n<meta property=\"og:title\" content=\"Tranexams\u00e4ure - NATURAL POLAND - IMPORT UND HANDEL VON ROHSTOFFEN\" \/>\n<meta property=\"og:description\" content=\"Tranexams\u00e4ure ist ein vielseitiger Wirkstoff mit aufhellenden, entz\u00fcndungshemmenden und sch\u00fctzenden Eigenschaften, der in Anti-Aging-Kosmetika eingesetzt wird.\" \/>\n<meta property=\"og:url\" content=\"https:\/\/naturalpoland.com\/de\/produkte\/produkte-fur-die-kosmetikindustrie\/sauren\/tranexam-saeure\/\" \/>\n<meta property=\"og:site_name\" content=\"NATURAL POLAND - IMPORT UND HANDEL VON ROHSTOFFEN\" \/>\n<meta property=\"article:publisher\" content=\"https:\/\/www.facebook.com\/naturalpoland.b2b\" \/>\n<meta property=\"article:modified_time\" content=\"2024-09-10T11:54:50+00:00\" \/>\n<meta property=\"og:image\" content=\"https:\/\/naturalpoland.com\/wp-content\/uploads\/TRANEXAMIC-ACID.jpg\" \/>\n\t<meta property=\"og:image:width\" content=\"1139\" \/>\n\t<meta property=\"og:image:height\" content=\"959\" \/>\n\t<meta property=\"og:image:type\" content=\"image\/jpeg\" \/>\n<script type=\"application\/ld+json\" class=\"yoast-schema-graph\">{\"@context\":\"https:\\\/\\\/schema.org\",\"@graph\":[{\"@type\":\"WebPage\",\"@id\":\"https:\\\/\\\/naturalpoland.com\\\/de\\\/produkte\\\/produkte-fur-die-kosmetikindustrie\\\/sauren\\\/tranexam-saeure\\\/\",\"url\":\"https:\\\/\\\/naturalpoland.com\\\/de\\\/produkte\\\/produkte-fur-die-kosmetikindustrie\\\/sauren\\\/tranexam-saeure\\\/\",\"name\":\"Tranexams\u00e4ure - NATURAL POLAND - IMPORT UND HANDEL VON ROHSTOFFEN\",\"isPartOf\":{\"@id\":\"https:\\\/\\\/naturalpoland.com\\\/de\\\/#website\"},\"primaryImageOfPage\":{\"@id\":\"https:\\\/\\\/naturalpoland.com\\\/de\\\/produkte\\\/produkte-fur-die-kosmetikindustrie\\\/sauren\\\/tranexam-saeure\\\/#primaryimage\"},\"image\":{\"@id\":\"https:\\\/\\\/naturalpoland.com\\\/de\\\/produkte\\\/produkte-fur-die-kosmetikindustrie\\\/sauren\\\/tranexam-saeure\\\/#primaryimage\"},\"thumbnailUrl\":\"https:\\\/\\\/naturalpoland.com\\\/wp-content\\\/uploads\\\/TRANEXAMIC-ACID.jpg\",\"datePublished\":\"2021-07-14T21:37:53+00:00\",\"dateModified\":\"2024-09-10T11:54:50+00:00\",\"description\":\"Tranexams\u00e4ure ist ein vielseitiger Wirkstoff mit aufhellenden, entz\u00fcndungshemmenden und sch\u00fctzenden Eigenschaften, der in Anti-Aging-Kosmetika eingesetzt wird.\",\"breadcrumb\":{\"@id\":\"https:\\\/\\\/naturalpoland.com\\\/de\\\/produkte\\\/produkte-fur-die-kosmetikindustrie\\\/sauren\\\/tranexam-saeure\\\/#breadcrumb\"},\"inLanguage\":\"de\",\"potentialAction\":[{\"@type\":\"ReadAction\",\"target\":[\"https:\\\/\\\/naturalpoland.com\\\/de\\\/produkte\\\/produkte-fur-die-kosmetikindustrie\\\/sauren\\\/tranexam-saeure\\\/\"]}]},{\"@type\":\"ImageObject\",\"inLanguage\":\"de\",\"@id\":\"https:\\\/\\\/naturalpoland.com\\\/de\\\/produkte\\\/produkte-fur-die-kosmetikindustrie\\\/sauren\\\/tranexam-saeure\\\/#primaryimage\",\"url\":\"https:\\\/\\\/naturalpoland.com\\\/wp-content\\\/uploads\\\/TRANEXAMIC-ACID.jpg\",\"contentUrl\":\"https:\\\/\\\/naturalpoland.com\\\/wp-content\\\/uploads\\\/TRANEXAMIC-ACID.jpg\",\"width\":1139,\"height\":959,\"caption\":\"TRANEXAMS\u00c4URE\"},{\"@type\":\"BreadcrumbList\",\"@id\":\"https:\\\/\\\/naturalpoland.com\\\/de\\\/produkte\\\/produkte-fur-die-kosmetikindustrie\\\/sauren\\\/tranexam-saeure\\\/#breadcrumb\",\"itemListElement\":[{\"@type\":\"ListItem\",\"position\":1,\"name\":\"Startseite\",\"item\":\"https:\\\/\\\/naturalpoland.com\\\/de\\\/\"},{\"@type\":\"ListItem\",\"position\":2,\"name\":\"Produkte\",\"item\":\"https:\\\/\\\/naturalpoland.com\\\/de\\\/produkte\\\/\"},{\"@type\":\"ListItem\",\"position\":3,\"name\":\"Tranexams\u00e4ure\"}]},{\"@type\":\"WebSite\",\"@id\":\"https:\\\/\\\/naturalpoland.com\\\/de\\\/#website\",\"url\":\"https:\\\/\\\/naturalpoland.com\\\/de\\\/\",\"name\":\"NATURAL POLAND - IMPORT UND HANDEL VON ROHSTOFFEN\",\"description\":\"Rohstoffe f\u00fcr die Lebensmittelindustrie, Kosmetikindustrie, Pharmaindustrie\",\"publisher\":{\"@id\":\"https:\\\/\\\/naturalpoland.com\\\/de\\\/#organization\"},\"potentialAction\":[{\"@type\":\"SearchAction\",\"target\":{\"@type\":\"EntryPoint\",\"urlTemplate\":\"https:\\\/\\\/naturalpoland.com\\\/de\\\/?s={search_term_string}\"},\"query-input\":{\"@type\":\"PropertyValueSpecification\",\"valueRequired\":true,\"valueName\":\"search_term_string\"}}],\"inLanguage\":\"de\"},{\"@type\":\"Organization\",\"@id\":\"https:\\\/\\\/naturalpoland.com\\\/de\\\/#organization\",\"name\":\"Natural Poland\",\"url\":\"https:\\\/\\\/naturalpoland.com\\\/de\\\/\",\"logo\":{\"@type\":\"ImageObject\",\"inLanguage\":\"de\",\"@id\":\"https:\\\/\\\/naturalpoland.com\\\/de\\\/#\\\/schema\\\/logo\\\/image\\\/\",\"url\":\"https:\\\/\\\/naturalpoland.com\\\/wp-content\\\/uploads\\\/2021\\\/05\\\/natural-poland-icon.png\",\"contentUrl\":\"https:\\\/\\\/naturalpoland.com\\\/wp-content\\\/uploads\\\/2021\\\/05\\\/natural-poland-icon.png\",\"width\":512,\"height\":512,\"caption\":\"Natural Poland\"},\"image\":{\"@id\":\"https:\\\/\\\/naturalpoland.com\\\/de\\\/#\\\/schema\\\/logo\\\/image\\\/\"},\"sameAs\":[\"https:\\\/\\\/www.facebook.com\\\/naturalpoland.b2b\",\"https:\\\/\\\/pl.linkedin.com\\\/company\\\/natural-poland\",\"https:\\\/\\\/www.youtube.com\\\/channel\\\/UCgeGGkvOMahZo-xu_MSEWxg\"]}]}<\/script>\n<!-- \/ Yoast SEO plugin. -->","yoast_head_json":{"title":"Tranexams\u00e4ure - NATURAL POLAND - IMPORT UND HANDEL VON ROHSTOFFEN","description":"Tranexams\u00e4ure ist ein vielseitiger Wirkstoff mit aufhellenden, entz\u00fcndungshemmenden und sch\u00fctzenden Eigenschaften, der in Anti-Aging-Kosmetika eingesetzt wird.","robots":{"index":"index","follow":"follow","max-snippet":"max-snippet:-1","max-image-preview":"max-image-preview:large","max-video-preview":"max-video-preview:-1"},"canonical":"https:\/\/naturalpoland.com\/de\/produkte\/produkte-fur-die-kosmetikindustrie\/sauren\/tranexam-saeure\/","og_locale":"de_DE","og_type":"article","og_title":"Tranexams\u00e4ure - NATURAL POLAND - IMPORT UND HANDEL VON ROHSTOFFEN","og_description":"Tranexams\u00e4ure ist ein vielseitiger Wirkstoff mit aufhellenden, entz\u00fcndungshemmenden und sch\u00fctzenden Eigenschaften, der in Anti-Aging-Kosmetika eingesetzt wird.","og_url":"https:\/\/naturalpoland.com\/de\/produkte\/produkte-fur-die-kosmetikindustrie\/sauren\/tranexam-saeure\/","og_site_name":"NATURAL POLAND - IMPORT UND HANDEL VON ROHSTOFFEN","article_publisher":"https:\/\/www.facebook.com\/naturalpoland.b2b","article_modified_time":"2024-09-10T11:54:50+00:00","og_image":[{"width":1139,"height":959,"url":"https:\/\/naturalpoland.com\/wp-content\/uploads\/TRANEXAMIC-ACID.jpg","type":"image\/jpeg"}],"schema":{"@context":"https:\/\/schema.org","@graph":[{"@type":"WebPage","@id":"https:\/\/naturalpoland.com\/de\/produkte\/produkte-fur-die-kosmetikindustrie\/sauren\/tranexam-saeure\/","url":"https:\/\/naturalpoland.com\/de\/produkte\/produkte-fur-die-kosmetikindustrie\/sauren\/tranexam-saeure\/","name":"Tranexams\u00e4ure - NATURAL POLAND - IMPORT UND HANDEL VON ROHSTOFFEN","isPartOf":{"@id":"https:\/\/naturalpoland.com\/de\/#website"},"primaryImageOfPage":{"@id":"https:\/\/naturalpoland.com\/de\/produkte\/produkte-fur-die-kosmetikindustrie\/sauren\/tranexam-saeure\/#primaryimage"},"image":{"@id":"https:\/\/naturalpoland.com\/de\/produkte\/produkte-fur-die-kosmetikindustrie\/sauren\/tranexam-saeure\/#primaryimage"},"thumbnailUrl":"https:\/\/naturalpoland.com\/wp-content\/uploads\/TRANEXAMIC-ACID.jpg","datePublished":"2021-07-14T21:37:53+00:00","dateModified":"2024-09-10T11:54:50+00:00","description":"Tranexams\u00e4ure ist ein vielseitiger Wirkstoff mit aufhellenden, entz\u00fcndungshemmenden und sch\u00fctzenden Eigenschaften, der in Anti-Aging-Kosmetika eingesetzt wird.","breadcrumb":{"@id":"https:\/\/naturalpoland.com\/de\/produkte\/produkte-fur-die-kosmetikindustrie\/sauren\/tranexam-saeure\/#breadcrumb"},"inLanguage":"de","potentialAction":[{"@type":"ReadAction","target":["https:\/\/naturalpoland.com\/de\/produkte\/produkte-fur-die-kosmetikindustrie\/sauren\/tranexam-saeure\/"]}]},{"@type":"ImageObject","inLanguage":"de","@id":"https:\/\/naturalpoland.com\/de\/produkte\/produkte-fur-die-kosmetikindustrie\/sauren\/tranexam-saeure\/#primaryimage","url":"https:\/\/naturalpoland.com\/wp-content\/uploads\/TRANEXAMIC-ACID.jpg","contentUrl":"https:\/\/naturalpoland.com\/wp-content\/uploads\/TRANEXAMIC-ACID.jpg","width":1139,"height":959,"caption":"TRANEXAMS\u00c4URE"},{"@type":"BreadcrumbList","@id":"https:\/\/naturalpoland.com\/de\/produkte\/produkte-fur-die-kosmetikindustrie\/sauren\/tranexam-saeure\/#breadcrumb","itemListElement":[{"@type":"ListItem","position":1,"name":"Startseite","item":"https:\/\/naturalpoland.com\/de\/"},{"@type":"ListItem","position":2,"name":"Produkte","item":"https:\/\/naturalpoland.com\/de\/produkte\/"},{"@type":"ListItem","position":3,"name":"Tranexams\u00e4ure"}]},{"@type":"WebSite","@id":"https:\/\/naturalpoland.com\/de\/#website","url":"https:\/\/naturalpoland.com\/de\/","name":"NATURAL POLAND - IMPORT UND HANDEL VON ROHSTOFFEN","description":"Rohstoffe f\u00fcr die Lebensmittelindustrie, Kosmetikindustrie, Pharmaindustrie","publisher":{"@id":"https:\/\/naturalpoland.com\/de\/#organization"},"potentialAction":[{"@type":"SearchAction","target":{"@type":"EntryPoint","urlTemplate":"https:\/\/naturalpoland.com\/de\/?s={search_term_string}"},"query-input":{"@type":"PropertyValueSpecification","valueRequired":true,"valueName":"search_term_string"}}],"inLanguage":"de"},{"@type":"Organization","@id":"https:\/\/naturalpoland.com\/de\/#organization","name":"Natural Poland","url":"https:\/\/naturalpoland.com\/de\/","logo":{"@type":"ImageObject","inLanguage":"de","@id":"https:\/\/naturalpoland.com\/de\/#\/schema\/logo\/image\/","url":"https:\/\/naturalpoland.com\/wp-content\/uploads\/2021\/05\/natural-poland-icon.png","contentUrl":"https:\/\/naturalpoland.com\/wp-content\/uploads\/2021\/05\/natural-poland-icon.png","width":512,"height":512,"caption":"Natural Poland"},"image":{"@id":"https:\/\/naturalpoland.com\/de\/#\/schema\/logo\/image\/"},"sameAs":["https:\/\/www.facebook.com\/naturalpoland.b2b","https:\/\/pl.linkedin.com\/company\/natural-poland","https:\/\/www.youtube.com\/channel\/UCgeGGkvOMahZo-xu_MSEWxg"]}]}},"_links":{"self":[{"href":"https:\/\/naturalpoland.com\/de\/wp-json\/wp\/v2\/product\/5041","targetHints":{"allow":["GET"]}}],"collection":[{"href":"https:\/\/naturalpoland.com\/de\/wp-json\/wp\/v2\/product"}],"about":[{"href":"https:\/\/naturalpoland.com\/de\/wp-json\/wp\/v2\/types\/product"}],"wp:featuredmedia":[{"embeddable":true,"href":"https:\/\/naturalpoland.com\/de\/wp-json\/wp\/v2\/media\/4866"}],"wp:attachment":[{"href":"https:\/\/naturalpoland.com\/de\/wp-json\/wp\/v2\/media?parent=5041"}],"wp:term":[{"taxonomy":"product_brand","embeddable":true,"href":"https:\/\/naturalpoland.com\/de\/wp-json\/wp\/v2\/product_brand?post=5041"},{"taxonomy":"product_cat","embeddable":true,"href":"https:\/\/naturalpoland.com\/de\/wp-json\/wp\/v2\/product_cat?post=5041"},{"taxonomy":"product_tag","embeddable":true,"href":"https:\/\/naturalpoland.com\/de\/wp-json\/wp\/v2\/product_tag?post=5041"}],"curies":[{"name":"wp","href":"https:\/\/api.w.org\/{rel}","templated":true}]}}