{"id":5045,"date":"2021-05-11T13:49:22","date_gmt":"2021-07-15T07:23:33","guid":{"rendered":"https:\/\/naturalpoland.pl\/produkty\/unkategorisiert\/avocado-oel\/"},"modified":"2024-04-29T13:18:16","modified_gmt":"2024-04-29T11:18:16","slug":"ol-aus-avocado","status":"publish","type":"product","link":"https:\/\/naturalpoland.com\/de\/produkte\/speiseole-und-kosmetikole\/ol-aus-avocado\/","title":{"rendered":"Avocado-\u00d6l"},"content":{"rendered":"<p>Avocado\u00f6l wird aus dem Fruchtfleisch dieser Fr\u00fcchte gewonnen.<br \/>\nEs wird so gepresst, dass das \u00d6l so viele n\u00fctzliche Inhaltsstoffe wie m\u00f6glich enth\u00e4lt.<br \/>\nDas \u00d6l ist reich an unges\u00e4ttigten Fetten.<br \/>\nDer gr\u00f6\u00dfte Anteil davon ist \u00d6ls\u00e4ure, die zur Behandlung von Herz-Kreislauf-Erkrankungen eingesetzt wird.<br \/>\nDer hohe Gehalt an guten Fetten verbessert auch den Zustand von Haut und Haaren, erh\u00f6ht deren Feuchtigkeitsgehalt und verbessert ihr Aussehen.<\/p>\n<h1>Avocado\u00f6l &#8211; Eigenschaften und Verwendung in der Kosmetik<\/h1>\n<p>Die Avocado gilt als eine der ges\u00fcndesten Fr\u00fcchte der Welt.<br \/>\nIhre einzigartigen Eigenschaften k\u00f6nnen Sie jedoch nicht nur durch den Verzehr der Frucht selbst genie\u00dfen.<br \/>\nAvocado\u00f6l wird in der K\u00fcche, in der Naturmedizin und in der Kosmetik verwendet.<\/p>\n<h2>Avocado\u00f6l &#8211; chemische Zusammensetzung<\/h2>\n<p>Anders als die meisten Pflanzen\u00f6le wird Avocado\u00f6l nicht aus dem Samen, sondern aus dem Fruchtfleisch gewonnen.<br \/>\nEs kann entweder durch Kaltpressung (bei der die meisten seiner gesundheitsf\u00f6rdernden Eigenschaften erhalten bleiben) oder durch Raffination mit hohen Temperaturen, Enzymen oder organischen L\u00f6sungsmitteln gewonnen werden.<br \/>\nAvocado\u00f6l besteht aus zahlreichen <strong><a href=\"https:\/\/naturalpoland.com\/de\/kategorie\/produkte-fur-die-pharmaindustrie\/vitamine\/\">Vitaminen\u00a0<\/a><\/strong>&#8211; Vitamin A, die B-Gruppe (B1, B2, B3, B5, B6, B7), D, E, K und ern\u00e4hrungsphysiologisch aktive Mineralsalze.<\/p>\n<p>Wie jedes \u00d6l enth\u00e4lt auch dieses wertvolle Fetts\u00e4uren.<br \/>\nDazu geh\u00f6ren ges\u00e4ttigte S\u00e4uren (Palmitins\u00e4ure, Stearins\u00e4ure) sowie Omega-3-, Omega-6- und Omega-9-S\u00e4uren, darunter \u00d6ls\u00e4ure, Linols\u00e4ure und Linolens\u00e4ure.<br \/>\nAu\u00dferdem enth\u00e4lt Avocado\u00f6l Lecithin, Phytosterine, Proteine und <strong><a href=\"https:\/\/naturalpoland.com\/de\/produkte\/produkte-fur-die-kosmetikindustrie\/rohstoffe-fur-kosmetika\/squalan-olive\/\">Squalan<\/a><br \/>\n<\/strong>.<\/p>\n<h3>Fetts\u00e4urengehalt<\/h3>\n<table>\n<tbody>\n<tr>\n<th>NAME DER S\u00c4URE<\/th>\n<th>C-CHAIN<\/th>\n<th>BEREICH (%)<\/th>\n<\/tr>\n<tr>\n<td>PALMITIN<\/td>\n<td>C16:0<\/td>\n<td>5.0 &#8211; 25.0<\/td>\n<\/tr>\n<tr>\n<td>PALMITOLEIC<\/td>\n<td>C16:1<\/td>\n<td>1.0 &#8211; 12.0<\/td>\n<\/tr>\n<tr>\n<td>STEARIN<\/td>\n<td>C18:0<\/td>\n<td>\u22643.0<\/td>\n<\/tr>\n<tr>\n<td>OLEIN<\/td>\n<td>C18:1<\/td>\n<td>50.0 &#8211; 74.0<\/td>\n<\/tr>\n<tr>\n<td>LINOL<\/td>\n<td>C18:2<\/td>\n<td>6.0 &#8211; 20.0<\/td>\n<\/tr>\n<tr>\n<td>LINOLEN<\/td>\n<td>C18:3<\/td>\n<td>&lt; 3.0<\/td>\n<\/tr>\n<\/tbody>\n<\/table>\n<h2>Kosmetische Eigenschaften von Avocado\u00f6l<\/h2>\n<p>Der Reichtum an biologisch aktiven Inhaltsstoffen f\u00fchrt dazu, dass Avocado\u00f6l nicht nur in der Lebensmittelindustrie verwendet wird.<br \/>\nObwohl seine cholesterinsenkenden Eigenschaften und seine positiven Auswirkungen auf das Herz-Kreislauf-System vor allem in der K\u00fcche gesch\u00e4tzt werden, erfreut sich Avocado\u00f6l auch in der Kosmetik wachsender Beliebtheit.<\/p>\n<p>Dank seines Fetts\u00e4uregehalts <strong>st\u00e4rkt Avocado\u00f6l die nat\u00fcrliche Schutzbarriere der Haut,<\/strong> verbessert ihre Elastizit\u00e4t, lindert Reizungen und f\u00f6rdert die Regeneration der Epidermis. Andere Inhaltsstoffe wie Squalan, das starke Antioxidans Tocopherole oder Beta-Sitosterol erweitern die kosmetische Wirkung von Avocado\u00f6l. Es besitzt unter anderem antibakterielle und antimykotische Eigenschaften, stimuliert die Kollagenproduktion, macht die Haut weich und spendet ihr Feuchtigkeit und hat eine sch\u00fctzende Wirkung gegen sch\u00e4dliche UV-Strahlung.<\/p>\n<h2>Verwendung von Avocado\u00f6l in der Kosmetik<\/h2>\n<p>Dank seiner multidirektionalen Wirkung und seines Reichtums an Wirkstoffen wird Avocado\u00f6l in der Kosmetik h\u00e4ufig verwendet.<\/p>\n<h3>Avocado\u00f6l f\u00fcr das Gesicht<\/h3>\n<p>Kosmetika, die Avocado\u00f6l enthalten, werden besonders f\u00fcr die Gesichtspflege empfohlen, auch f\u00fcr reife, zu Akne neigende, trockene und gereizte Haut.<br \/>\nEs spendet der Haut nicht nur Feuchtigkeit und lindert Reizungen, sondern hat dank seines hohen Gehalts an Antioxidantien auch Anti-Aging-Eigenschaften.<br \/>\nDie antimikrobiellen und entz\u00fcndungshemmenden Eigenschaften des Avocado\u00f6ls machen es au\u00dferdem zu einer wirksamen Behandlungshilfe bei Akne und Hautkrankheiten wie Ekzemen, Schuppenflechte und Neurodermitis.<\/p>\n<h3>Avocado\u00f6l in der K\u00f6rperpflege<\/h3>\n<p>Produkte, die Avocado\u00f6l enthalten, k\u00f6nnen auch in der t\u00e4glichen Ganzk\u00f6rperpflege erfolgreich eingesetzt werden.<br \/>\nNeben seinen feuchtigkeitsspendenden und hautbarrierest\u00e4rkenden Eigenschaften werden hier auch seine reinigenden Eigenschaften gesch\u00e4tzt &#8211; es kann nicht nur als Bestandteil von K\u00f6rpercremes und -buttern, sondern auch in Duschgels verwendet werden.<br \/>\nAls sanfter und kaum allergener Inhaltsstoff kann es gefahrlos in der Pflege empfindlicher Haut und auch von Schwangeren verwendet werden.<br \/>\nInteressanterweise weisen neuere klinische Berichte auch auf das Potenzial der unverseifbaren Fraktion des Avocado\u00f6ls hin, die Symptome von Osteoarthritis zu lindern.<\/p>\n<h3>Avocado\u00f6l f\u00fcr die Haare<\/h3>\n<p>Avocado\u00f6l in der Kosmetik ist jedoch nicht nur f\u00fcr Hautpflegeprodukte, sondern auch f\u00fcr das Haar geeignet.<br \/>\nEs kann in Shampoos, Sp\u00fclungen und Haarmasken enthalten sein.<br \/>\nNeben seinen sch\u00fctzenden und feuchtigkeitsspendenden Eigenschaften wirkt Avocado\u00f6l auch gegen Schuppen, verleiht dem Haar Glanz und n\u00e4hrt die Kopfhaut, und seine leichte Textur beschwert das Haar nicht.<\/p>\n<hr \/>\n<p><small><br \/>\n<strong>Literatur<\/strong><\/small><\/p>\n<ol>\n<li>Schafer N, Sobczyk M, Burczyk D et al.<br \/>\nPotenzielle Verwendung von Pflanzen\u00f6len in der Akne-Hautpflege. <em>\u00c4sthetische Kosmetologie und Medizin<\/em> (2022), 2(11): 49-55.<\/li>\n<li>Walewska E. Wirksamkeit der Verwendung von unverseifbaren Fraktionen von Avocado- und Soja\u00f6l bei Osteoarthritis. <em>Medizin Fakten <\/em>(2021), 2(51): 188-192.<\/li>\n<li>Mo\u017cd\u017ce\u0144 K, Barabasz-Krasny B, Szymacha K et al.<br \/>\nIn kosmetischen Masken verwendete Pflanzen. <em>Pol J Cosmetol<\/em>(2016), 19(4): 372-379.<\/li>\n<li>https:\/\/informatormasarski.pl\/maszyny-i-technologie\/moda-a-moze-koniecznosc-wykorzystanie-odpadow-w-przemysle-miesnym\/<\/li>\n<\/ol>\n<p>&nbsp;<\/p>\n<hr \/>\n<p>&nbsp;<\/p>\n","protected":false},"excerpt":{"rendered":"<p>Avocado\u00f6l wird immer beliebter.<br \/>\nEs wird als Speise\u00f6l f\u00fcr den Rohverzehr und zum Frittieren verwendet.<br \/>\nEs ist auch ein sehr wichtiger Bestandteil von Kosmetika, einschlie\u00dflich solcher f\u00fcr die J\u00fcngsten und f\u00fcr besonders anspruchsvolle Haut.<\/p>\n","protected":false},"featured_media":5046,"template":"","meta":{"_acf_changed":false},"product_brand":[],"product_cat":[386],"product_tag":[],"class_list":{"0":"post-5045","1":"product","2":"type-product","3":"status-publish","4":"has-post-thumbnail","6":"product_cat-speiseole-und-kosmetikole","7":"pa_grupa-substancji-emollients","8":"pa_metoda-pozyskiwania-kaltpressung","10":"first","11":"instock","12":"shipping-taxable","13":"product-type-simple"},"acf":[],"yoast_head":"<!-- This site is optimized with the Yoast SEO plugin v27.5 - https:\/\/yoast.com\/product\/yoast-seo-wordpress\/ -->\n<title>Avocado-\u00d6l - Gro\u00dfhandelsvertrieb<\/title>\n<meta name=\"robots\" content=\"index, follow, max-snippet:-1, max-image-preview:large, max-video-preview:-1\" \/>\n<link rel=\"canonical\" href=\"https:\/\/naturalpoland.com\/de\/produkte\/speiseole-und-kosmetikole\/ol-aus-avocado\/\" \/>\n<meta property=\"og:locale\" content=\"de_DE\" \/>\n<meta property=\"og:type\" content=\"article\" \/>\n<meta property=\"og:title\" content=\"Avocado-\u00d6l - Gro\u00dfhandelsvertrieb\" \/>\n<meta property=\"og:description\" content=\"Avocado\u00f6l wird immer beliebter. Es wird als Speise\u00f6l f\u00fcr den Rohverzehr und zum Frittieren verwendet. Es ist auch ein sehr wichtiger Bestandteil von Kosmetika, einschlie\u00dflich solcher f\u00fcr die J\u00fcngsten und f\u00fcr besonders anspruchsvolle Haut.\" \/>\n<meta property=\"og:url\" content=\"https:\/\/naturalpoland.com\/de\/produkte\/speiseole-und-kosmetikole\/ol-aus-avocado\/\" \/>\n<meta property=\"og:site_name\" content=\"NATURAL POLAND - IMPORT UND HANDEL VON ROHSTOFFEN\" \/>\n<meta property=\"article:publisher\" content=\"https:\/\/www.facebook.com\/naturalpoland.b2b\" \/>\n<meta property=\"article:modified_time\" content=\"2024-04-29T11:18:16+00:00\" \/>\n<meta property=\"og:image\" content=\"https:\/\/naturalpoland.com\/wp-content\/uploads\/2021\/05\/avocado-oil.jpg\" \/>\n\t<meta property=\"og:image:width\" content=\"2533\" \/>\n\t<meta property=\"og:image:height\" content=\"1980\" \/>\n\t<meta property=\"og:image:type\" content=\"image\/jpeg\" \/>\n<script type=\"application\/ld+json\" class=\"yoast-schema-graph\">{\"@context\":\"https:\\\/\\\/schema.org\",\"@graph\":[{\"@type\":\"WebPage\",\"@id\":\"https:\\\/\\\/naturalpoland.com\\\/de\\\/produkte\\\/speiseole-und-kosmetikole\\\/ol-aus-avocado\\\/\",\"url\":\"https:\\\/\\\/naturalpoland.com\\\/de\\\/produkte\\\/speiseole-und-kosmetikole\\\/ol-aus-avocado\\\/\",\"name\":\"Avocado-\u00d6l - Gro\u00dfhandelsvertrieb\",\"isPartOf\":{\"@id\":\"https:\\\/\\\/naturalpoland.com\\\/de\\\/#website\"},\"primaryImageOfPage\":{\"@id\":\"https:\\\/\\\/naturalpoland.com\\\/de\\\/produkte\\\/speiseole-und-kosmetikole\\\/ol-aus-avocado\\\/#primaryimage\"},\"image\":{\"@id\":\"https:\\\/\\\/naturalpoland.com\\\/de\\\/produkte\\\/speiseole-und-kosmetikole\\\/ol-aus-avocado\\\/#primaryimage\"},\"thumbnailUrl\":\"https:\\\/\\\/naturalpoland.com\\\/wp-content\\\/uploads\\\/2021\\\/05\\\/avocado-oil.jpg\",\"datePublished\":\"2021-07-15T07:23:33+00:00\",\"dateModified\":\"2024-04-29T11:18:16+00:00\",\"breadcrumb\":{\"@id\":\"https:\\\/\\\/naturalpoland.com\\\/de\\\/produkte\\\/speiseole-und-kosmetikole\\\/ol-aus-avocado\\\/#breadcrumb\"},\"inLanguage\":\"de\",\"potentialAction\":[{\"@type\":\"ReadAction\",\"target\":[\"https:\\\/\\\/naturalpoland.com\\\/de\\\/produkte\\\/speiseole-und-kosmetikole\\\/ol-aus-avocado\\\/\"]}]},{\"@type\":\"ImageObject\",\"inLanguage\":\"de\",\"@id\":\"https:\\\/\\\/naturalpoland.com\\\/de\\\/produkte\\\/speiseole-und-kosmetikole\\\/ol-aus-avocado\\\/#primaryimage\",\"url\":\"https:\\\/\\\/naturalpoland.com\\\/wp-content\\\/uploads\\\/2021\\\/05\\\/avocado-oil.jpg\",\"contentUrl\":\"https:\\\/\\\/naturalpoland.com\\\/wp-content\\\/uploads\\\/2021\\\/05\\\/avocado-oil.jpg\",\"width\":2533,\"height\":1980},{\"@type\":\"BreadcrumbList\",\"@id\":\"https:\\\/\\\/naturalpoland.com\\\/de\\\/produkte\\\/speiseole-und-kosmetikole\\\/ol-aus-avocado\\\/#breadcrumb\",\"itemListElement\":[{\"@type\":\"ListItem\",\"position\":1,\"name\":\"Startseite\",\"item\":\"https:\\\/\\\/naturalpoland.com\\\/de\\\/\"},{\"@type\":\"ListItem\",\"position\":2,\"name\":\"Produkte\",\"item\":\"https:\\\/\\\/naturalpoland.com\\\/de\\\/produkte\\\/\"},{\"@type\":\"ListItem\",\"position\":3,\"name\":\"Avocado-\u00d6l\"}]},{\"@type\":\"WebSite\",\"@id\":\"https:\\\/\\\/naturalpoland.com\\\/de\\\/#website\",\"url\":\"https:\\\/\\\/naturalpoland.com\\\/de\\\/\",\"name\":\"NATURAL POLAND - IMPORT UND HANDEL VON ROHSTOFFEN\",\"description\":\"Rohstoffe f\u00fcr die Lebensmittelindustrie, Kosmetikindustrie, Pharmaindustrie\",\"publisher\":{\"@id\":\"https:\\\/\\\/naturalpoland.com\\\/de\\\/#organization\"},\"potentialAction\":[{\"@type\":\"SearchAction\",\"target\":{\"@type\":\"EntryPoint\",\"urlTemplate\":\"https:\\\/\\\/naturalpoland.com\\\/de\\\/?s={search_term_string}\"},\"query-input\":{\"@type\":\"PropertyValueSpecification\",\"valueRequired\":true,\"valueName\":\"search_term_string\"}}],\"inLanguage\":\"de\"},{\"@type\":\"Organization\",\"@id\":\"https:\\\/\\\/naturalpoland.com\\\/de\\\/#organization\",\"name\":\"Natural Poland\",\"url\":\"https:\\\/\\\/naturalpoland.com\\\/de\\\/\",\"logo\":{\"@type\":\"ImageObject\",\"inLanguage\":\"de\",\"@id\":\"https:\\\/\\\/naturalpoland.com\\\/de\\\/#\\\/schema\\\/logo\\\/image\\\/\",\"url\":\"https:\\\/\\\/naturalpoland.com\\\/wp-content\\\/uploads\\\/2021\\\/05\\\/natural-poland-icon.png\",\"contentUrl\":\"https:\\\/\\\/naturalpoland.com\\\/wp-content\\\/uploads\\\/2021\\\/05\\\/natural-poland-icon.png\",\"width\":512,\"height\":512,\"caption\":\"Natural Poland\"},\"image\":{\"@id\":\"https:\\\/\\\/naturalpoland.com\\\/de\\\/#\\\/schema\\\/logo\\\/image\\\/\"},\"sameAs\":[\"https:\\\/\\\/www.facebook.com\\\/naturalpoland.b2b\",\"https:\\\/\\\/pl.linkedin.com\\\/company\\\/natural-poland\",\"https:\\\/\\\/www.youtube.com\\\/channel\\\/UCgeGGkvOMahZo-xu_MSEWxg\"]}]}<\/script>\n<!-- \/ Yoast SEO plugin. -->","yoast_head_json":{"title":"Avocado-\u00d6l - Gro\u00dfhandelsvertrieb","robots":{"index":"index","follow":"follow","max-snippet":"max-snippet:-1","max-image-preview":"max-image-preview:large","max-video-preview":"max-video-preview:-1"},"canonical":"https:\/\/naturalpoland.com\/de\/produkte\/speiseole-und-kosmetikole\/ol-aus-avocado\/","og_locale":"de_DE","og_type":"article","og_title":"Avocado-\u00d6l - Gro\u00dfhandelsvertrieb","og_description":"Avocado\u00f6l wird immer beliebter. Es wird als Speise\u00f6l f\u00fcr den Rohverzehr und zum Frittieren verwendet. Es ist auch ein sehr wichtiger Bestandteil von Kosmetika, einschlie\u00dflich solcher f\u00fcr die J\u00fcngsten und f\u00fcr besonders anspruchsvolle Haut.","og_url":"https:\/\/naturalpoland.com\/de\/produkte\/speiseole-und-kosmetikole\/ol-aus-avocado\/","og_site_name":"NATURAL POLAND - IMPORT UND HANDEL VON ROHSTOFFEN","article_publisher":"https:\/\/www.facebook.com\/naturalpoland.b2b","article_modified_time":"2024-04-29T11:18:16+00:00","og_image":[{"width":2533,"height":1980,"url":"https:\/\/naturalpoland.com\/wp-content\/uploads\/2021\/05\/avocado-oil.jpg","type":"image\/jpeg"}],"schema":{"@context":"https:\/\/schema.org","@graph":[{"@type":"WebPage","@id":"https:\/\/naturalpoland.com\/de\/produkte\/speiseole-und-kosmetikole\/ol-aus-avocado\/","url":"https:\/\/naturalpoland.com\/de\/produkte\/speiseole-und-kosmetikole\/ol-aus-avocado\/","name":"Avocado-\u00d6l - Gro\u00dfhandelsvertrieb","isPartOf":{"@id":"https:\/\/naturalpoland.com\/de\/#website"},"primaryImageOfPage":{"@id":"https:\/\/naturalpoland.com\/de\/produkte\/speiseole-und-kosmetikole\/ol-aus-avocado\/#primaryimage"},"image":{"@id":"https:\/\/naturalpoland.com\/de\/produkte\/speiseole-und-kosmetikole\/ol-aus-avocado\/#primaryimage"},"thumbnailUrl":"https:\/\/naturalpoland.com\/wp-content\/uploads\/2021\/05\/avocado-oil.jpg","datePublished":"2021-07-15T07:23:33+00:00","dateModified":"2024-04-29T11:18:16+00:00","breadcrumb":{"@id":"https:\/\/naturalpoland.com\/de\/produkte\/speiseole-und-kosmetikole\/ol-aus-avocado\/#breadcrumb"},"inLanguage":"de","potentialAction":[{"@type":"ReadAction","target":["https:\/\/naturalpoland.com\/de\/produkte\/speiseole-und-kosmetikole\/ol-aus-avocado\/"]}]},{"@type":"ImageObject","inLanguage":"de","@id":"https:\/\/naturalpoland.com\/de\/produkte\/speiseole-und-kosmetikole\/ol-aus-avocado\/#primaryimage","url":"https:\/\/naturalpoland.com\/wp-content\/uploads\/2021\/05\/avocado-oil.jpg","contentUrl":"https:\/\/naturalpoland.com\/wp-content\/uploads\/2021\/05\/avocado-oil.jpg","width":2533,"height":1980},{"@type":"BreadcrumbList","@id":"https:\/\/naturalpoland.com\/de\/produkte\/speiseole-und-kosmetikole\/ol-aus-avocado\/#breadcrumb","itemListElement":[{"@type":"ListItem","position":1,"name":"Startseite","item":"https:\/\/naturalpoland.com\/de\/"},{"@type":"ListItem","position":2,"name":"Produkte","item":"https:\/\/naturalpoland.com\/de\/produkte\/"},{"@type":"ListItem","position":3,"name":"Avocado-\u00d6l"}]},{"@type":"WebSite","@id":"https:\/\/naturalpoland.com\/de\/#website","url":"https:\/\/naturalpoland.com\/de\/","name":"NATURAL POLAND - IMPORT UND HANDEL VON ROHSTOFFEN","description":"Rohstoffe f\u00fcr die Lebensmittelindustrie, Kosmetikindustrie, Pharmaindustrie","publisher":{"@id":"https:\/\/naturalpoland.com\/de\/#organization"},"potentialAction":[{"@type":"SearchAction","target":{"@type":"EntryPoint","urlTemplate":"https:\/\/naturalpoland.com\/de\/?s={search_term_string}"},"query-input":{"@type":"PropertyValueSpecification","valueRequired":true,"valueName":"search_term_string"}}],"inLanguage":"de"},{"@type":"Organization","@id":"https:\/\/naturalpoland.com\/de\/#organization","name":"Natural Poland","url":"https:\/\/naturalpoland.com\/de\/","logo":{"@type":"ImageObject","inLanguage":"de","@id":"https:\/\/naturalpoland.com\/de\/#\/schema\/logo\/image\/","url":"https:\/\/naturalpoland.com\/wp-content\/uploads\/2021\/05\/natural-poland-icon.png","contentUrl":"https:\/\/naturalpoland.com\/wp-content\/uploads\/2021\/05\/natural-poland-icon.png","width":512,"height":512,"caption":"Natural Poland"},"image":{"@id":"https:\/\/naturalpoland.com\/de\/#\/schema\/logo\/image\/"},"sameAs":["https:\/\/www.facebook.com\/naturalpoland.b2b","https:\/\/pl.linkedin.com\/company\/natural-poland","https:\/\/www.youtube.com\/channel\/UCgeGGkvOMahZo-xu_MSEWxg"]}]}},"_links":{"self":[{"href":"https:\/\/naturalpoland.com\/de\/wp-json\/wp\/v2\/product\/5045","targetHints":{"allow":["GET"]}}],"collection":[{"href":"https:\/\/naturalpoland.com\/de\/wp-json\/wp\/v2\/product"}],"about":[{"href":"https:\/\/naturalpoland.com\/de\/wp-json\/wp\/v2\/types\/product"}],"wp:featuredmedia":[{"embeddable":true,"href":"https:\/\/naturalpoland.com\/de\/wp-json\/wp\/v2\/media\/5046"}],"wp:attachment":[{"href":"https:\/\/naturalpoland.com\/de\/wp-json\/wp\/v2\/media?parent=5045"}],"wp:term":[{"taxonomy":"product_brand","embeddable":true,"href":"https:\/\/naturalpoland.com\/de\/wp-json\/wp\/v2\/product_brand?post=5045"},{"taxonomy":"product_cat","embeddable":true,"href":"https:\/\/naturalpoland.com\/de\/wp-json\/wp\/v2\/product_cat?post=5045"},{"taxonomy":"product_tag","embeddable":true,"href":"https:\/\/naturalpoland.com\/de\/wp-json\/wp\/v2\/product_tag?post=5045"}],"curies":[{"name":"wp","href":"https:\/\/api.w.org\/{rel}","templated":true}]}}