{"id":5087,"date":"2021-05-11T13:58:32","date_gmt":"2021-05-11T11:58:32","guid":{"rendered":"https:\/\/naturalpoland.pl\/produkty\/unkategorisiert\/sojawachs\/"},"modified":"2026-02-23T12:30:15","modified_gmt":"2026-02-23T11:30:15","slug":"soja-wachs","status":"publish","type":"product","link":"https:\/\/naturalpoland.com\/de\/produkte\/wachse\/soja-wachs\/","title":{"rendered":"Sojawachs"},"content":{"rendered":"<h2>Eigenschaften von Sojawachs<\/h2>\n<p>Sojawachs liegt in Form von hellen, wachsartigen Flocken vor. Das Produkt hat einen charakteristischen, zarten Duft und eine helle Farbe (Lovibond max. 3). Es eignet sich zur Herstellung von gef\u00e4rbten und duftenden Kerzen. Ein Schmelzpunkt im Bereich von 42\u201360 \u00b0C gew\u00e4hrleistet eine gute Stabilit\u00e4t bei Raumtemperatur bei gleichzeitig gleichm\u00e4\u00dfigem und kontrolliertem Abbrand.   <\/p>\n<h2>Merkmale von Sojawachs<\/h2>\n<p>Sojawachs ist vor allem eine nat\u00fcrliche <strong>Alternative zu Paraffin<\/strong> und Bienenwachs. Dank seines pflanzlichen Ursprungs ist es f\u00fcr Produkte geeignet, die sich an Veganer und Vegetarier richten. <\/p>\n<p>Beim Abbrennen von Kerzen schmilzt Sojawachs bei einer relativ niedrigen Temperatur, bildet eine glatte Oberfl\u00e4che und reduziert die Entstehung von \u00fcberm\u00e4\u00dfigem Rauch. Die Lipidstruktur des Wachses f\u00fchrt dazu, dass es nach dem Schmelzen eine angenehm weiche Konsistenz annimmt. Daher kann es in Massagekerzen verwendet werden \u2013 nach dem Schmelzen <strong>kann es direkt auf die Haut aufgetragen werden<\/strong>, um einen feuchtigkeitsspendenden und gl\u00e4ttenden Effekt zu erzielen. Sojawachs <strong>wirkt lindernd<\/strong>, reduziert den transepidermalen Wasserverlust und verbessert das Hautgef\u00fchl.   <\/p>\n<p>Sojawachs ist kompatibel mit <a href=\"https:\/\/naturalpoland.com\/de\/kategorie\/produkte-fur-die-kosmetikindustrie\/atherische-ole\/\">\u00e4therischen \u00d6len<\/a> und Duftkompositionen. Es erm\u00f6glicht die Herstellung von Kerzen mit einem intensiven, langanhaltenden Aroma. Die Temperaturstabilit\u00e4t und die homogene Struktur machen es zu einem berechenbaren Rohstoff im Produktionsprozess.  <\/p>\n<h2>Anwendung von Sojawachs<\/h2>\n<p>Sojawachs findet breite Anwendung in:<\/p>\n<ul>\n<li>der Herstellung von \u00f6kologischen und Duftkerzen,<\/li>\n<li>Aromatherapiekerzen,<\/li>\n<li>Massagekerzen,<\/li>\n<li>Duftwachsen (Melts),<\/li>\n<li>Naturkosmetik (Body Bars, K\u00f6rperbutter),<\/li>\n<li>DIY-Produkten und Kunsthandwerk.<\/li>\n<\/ul>\n<p>Aufgrund der in der Spezifikation best\u00e4tigten Qualit\u00e4tsparameter und der Kontrolle des Schmelzpunktes eignet sich der Rohstoff f\u00fcr Anwendungen, die Wiederholbarkeit und Stabilit\u00e4t der Produktionschargen erfordern.<\/p>\n","protected":false},"excerpt":{"rendered":"<p><strong>Sojawachs<\/strong> in Flocken ist ein pflanzliches Wachs, das aus hydriertem Soja\u00f6l gewonnen wird und f\u00fcr Kerzenanwendungen sowie in ausgew\u00e4hlten kosmetischen Formulierungen bestimmt ist.<\/p>\n","protected":false},"featured_media":46137,"template":"","meta":{"_acf_changed":false},"product_brand":[],"product_cat":[391],"product_tag":[],"class_list":{"0":"post-5087","1":"product","2":"type-product","3":"status-publish","4":"has-post-thumbnail","6":"product_cat-wachse","8":"first","9":"instock","10":"shipping-taxable","11":"product-type-simple"},"acf":[],"yoast_head":"<!-- This site is optimized with the Yoast SEO plugin v27.5 - https:\/\/yoast.com\/product\/yoast-seo-wordpress\/ -->\n<title>Sojawachs - Gro\u00dfhandelsvertrieb<\/title>\n<meta name=\"description\" content=\"Sojawachs in Flocken \u2013 nat\u00fcrlicher Rohstoff f\u00fcr Duftkerzen, Aromatherapie und Massagekerzen. Eine pflanzliche Alternative zu Paraffin und Bienenwachs.\" \/>\n<meta name=\"robots\" content=\"index, follow, max-snippet:-1, max-image-preview:large, max-video-preview:-1\" \/>\n<link rel=\"canonical\" href=\"https:\/\/naturalpoland.com\/de\/produkte\/wachse\/soja-wachs\/\" \/>\n<meta property=\"og:locale\" content=\"de_DE\" \/>\n<meta property=\"og:type\" content=\"article\" \/>\n<meta property=\"og:title\" content=\"Sojawachs - Gro\u00dfhandelsvertrieb\" \/>\n<meta property=\"og:description\" content=\"Sojawachs in Flocken \u2013 nat\u00fcrlicher Rohstoff f\u00fcr Duftkerzen, Aromatherapie und Massagekerzen. Eine pflanzliche Alternative zu Paraffin und Bienenwachs.\" \/>\n<meta property=\"og:url\" content=\"https:\/\/naturalpoland.com\/de\/produkte\/wachse\/soja-wachs\/\" \/>\n<meta property=\"og:site_name\" content=\"NATURAL POLAND - IMPORT UND HANDEL VON ROHSTOFFEN\" \/>\n<meta property=\"article:publisher\" content=\"https:\/\/www.facebook.com\/naturalpoland.b2b\" \/>\n<meta property=\"article:modified_time\" content=\"2026-02-23T11:30:15+00:00\" \/>\n<meta property=\"og:image\" content=\"https:\/\/naturalpoland.com\/wp-content\/uploads\/wosk-sojowy.webp\" \/>\n\t<meta property=\"og:image:width\" content=\"1024\" \/>\n\t<meta property=\"og:image:height\" content=\"1024\" \/>\n\t<meta property=\"og:image:type\" content=\"image\/webp\" \/>\n<script type=\"application\/ld+json\" class=\"yoast-schema-graph\">{\"@context\":\"https:\\\/\\\/schema.org\",\"@graph\":[{\"@type\":\"WebPage\",\"@id\":\"https:\\\/\\\/naturalpoland.com\\\/de\\\/produkte\\\/wachse\\\/soja-wachs\\\/\",\"url\":\"https:\\\/\\\/naturalpoland.com\\\/de\\\/produkte\\\/wachse\\\/soja-wachs\\\/\",\"name\":\"Sojawachs - Gro\u00dfhandelsvertrieb\",\"isPartOf\":{\"@id\":\"https:\\\/\\\/naturalpoland.com\\\/de\\\/#website\"},\"primaryImageOfPage\":{\"@id\":\"https:\\\/\\\/naturalpoland.com\\\/de\\\/produkte\\\/wachse\\\/soja-wachs\\\/#primaryimage\"},\"image\":{\"@id\":\"https:\\\/\\\/naturalpoland.com\\\/de\\\/produkte\\\/wachse\\\/soja-wachs\\\/#primaryimage\"},\"thumbnailUrl\":\"https:\\\/\\\/naturalpoland.com\\\/wp-content\\\/uploads\\\/wosk-sojowy.webp\",\"datePublished\":\"2021-05-11T11:58:32+00:00\",\"dateModified\":\"2026-02-23T11:30:15+00:00\",\"description\":\"Sojawachs in Flocken \u2013 nat\u00fcrlicher Rohstoff f\u00fcr Duftkerzen, Aromatherapie und Massagekerzen. Eine pflanzliche Alternative zu Paraffin und Bienenwachs.\",\"breadcrumb\":{\"@id\":\"https:\\\/\\\/naturalpoland.com\\\/de\\\/produkte\\\/wachse\\\/soja-wachs\\\/#breadcrumb\"},\"inLanguage\":\"de\",\"potentialAction\":[{\"@type\":\"ReadAction\",\"target\":[\"https:\\\/\\\/naturalpoland.com\\\/de\\\/produkte\\\/wachse\\\/soja-wachs\\\/\"]}]},{\"@type\":\"ImageObject\",\"inLanguage\":\"de\",\"@id\":\"https:\\\/\\\/naturalpoland.com\\\/de\\\/produkte\\\/wachse\\\/soja-wachs\\\/#primaryimage\",\"url\":\"https:\\\/\\\/naturalpoland.com\\\/wp-content\\\/uploads\\\/wosk-sojowy.webp\",\"contentUrl\":\"https:\\\/\\\/naturalpoland.com\\\/wp-content\\\/uploads\\\/wosk-sojowy.webp\",\"width\":1024,\"height\":1024,\"caption\":\"Sojawachs in Flocken\"},{\"@type\":\"BreadcrumbList\",\"@id\":\"https:\\\/\\\/naturalpoland.com\\\/de\\\/produkte\\\/wachse\\\/soja-wachs\\\/#breadcrumb\",\"itemListElement\":[{\"@type\":\"ListItem\",\"position\":1,\"name\":\"Startseite\",\"item\":\"https:\\\/\\\/naturalpoland.com\\\/de\\\/\"},{\"@type\":\"ListItem\",\"position\":2,\"name\":\"Produkte\",\"item\":\"https:\\\/\\\/naturalpoland.com\\\/de\\\/produkte\\\/\"},{\"@type\":\"ListItem\",\"position\":3,\"name\":\"Sojawachs\"}]},{\"@type\":\"WebSite\",\"@id\":\"https:\\\/\\\/naturalpoland.com\\\/de\\\/#website\",\"url\":\"https:\\\/\\\/naturalpoland.com\\\/de\\\/\",\"name\":\"NATURAL POLAND - IMPORT UND HANDEL VON ROHSTOFFEN\",\"description\":\"Rohstoffe f\u00fcr die Lebensmittelindustrie, Kosmetikindustrie, Pharmaindustrie\",\"publisher\":{\"@id\":\"https:\\\/\\\/naturalpoland.com\\\/de\\\/#organization\"},\"potentialAction\":[{\"@type\":\"SearchAction\",\"target\":{\"@type\":\"EntryPoint\",\"urlTemplate\":\"https:\\\/\\\/naturalpoland.com\\\/de\\\/?s={search_term_string}\"},\"query-input\":{\"@type\":\"PropertyValueSpecification\",\"valueRequired\":true,\"valueName\":\"search_term_string\"}}],\"inLanguage\":\"de\"},{\"@type\":\"Organization\",\"@id\":\"https:\\\/\\\/naturalpoland.com\\\/de\\\/#organization\",\"name\":\"Natural Poland\",\"url\":\"https:\\\/\\\/naturalpoland.com\\\/de\\\/\",\"logo\":{\"@type\":\"ImageObject\",\"inLanguage\":\"de\",\"@id\":\"https:\\\/\\\/naturalpoland.com\\\/de\\\/#\\\/schema\\\/logo\\\/image\\\/\",\"url\":\"https:\\\/\\\/naturalpoland.com\\\/wp-content\\\/uploads\\\/2021\\\/05\\\/natural-poland-icon.png\",\"contentUrl\":\"https:\\\/\\\/naturalpoland.com\\\/wp-content\\\/uploads\\\/2021\\\/05\\\/natural-poland-icon.png\",\"width\":512,\"height\":512,\"caption\":\"Natural Poland\"},\"image\":{\"@id\":\"https:\\\/\\\/naturalpoland.com\\\/de\\\/#\\\/schema\\\/logo\\\/image\\\/\"},\"sameAs\":[\"https:\\\/\\\/www.facebook.com\\\/naturalpoland.b2b\",\"https:\\\/\\\/pl.linkedin.com\\\/company\\\/natural-poland\",\"https:\\\/\\\/www.youtube.com\\\/channel\\\/UCgeGGkvOMahZo-xu_MSEWxg\"]}]}<\/script>\n<!-- \/ Yoast SEO plugin. -->","yoast_head_json":{"title":"Sojawachs - Gro\u00dfhandelsvertrieb","description":"Sojawachs in Flocken \u2013 nat\u00fcrlicher Rohstoff f\u00fcr Duftkerzen, Aromatherapie und Massagekerzen. Eine pflanzliche Alternative zu Paraffin und Bienenwachs.","robots":{"index":"index","follow":"follow","max-snippet":"max-snippet:-1","max-image-preview":"max-image-preview:large","max-video-preview":"max-video-preview:-1"},"canonical":"https:\/\/naturalpoland.com\/de\/produkte\/wachse\/soja-wachs\/","og_locale":"de_DE","og_type":"article","og_title":"Sojawachs - Gro\u00dfhandelsvertrieb","og_description":"Sojawachs in Flocken \u2013 nat\u00fcrlicher Rohstoff f\u00fcr Duftkerzen, Aromatherapie und Massagekerzen. Eine pflanzliche Alternative zu Paraffin und Bienenwachs.","og_url":"https:\/\/naturalpoland.com\/de\/produkte\/wachse\/soja-wachs\/","og_site_name":"NATURAL POLAND - IMPORT UND HANDEL VON ROHSTOFFEN","article_publisher":"https:\/\/www.facebook.com\/naturalpoland.b2b","article_modified_time":"2026-02-23T11:30:15+00:00","og_image":[{"width":1024,"height":1024,"url":"https:\/\/naturalpoland.com\/wp-content\/uploads\/wosk-sojowy.webp","type":"image\/webp"}],"schema":{"@context":"https:\/\/schema.org","@graph":[{"@type":"WebPage","@id":"https:\/\/naturalpoland.com\/de\/produkte\/wachse\/soja-wachs\/","url":"https:\/\/naturalpoland.com\/de\/produkte\/wachse\/soja-wachs\/","name":"Sojawachs - Gro\u00dfhandelsvertrieb","isPartOf":{"@id":"https:\/\/naturalpoland.com\/de\/#website"},"primaryImageOfPage":{"@id":"https:\/\/naturalpoland.com\/de\/produkte\/wachse\/soja-wachs\/#primaryimage"},"image":{"@id":"https:\/\/naturalpoland.com\/de\/produkte\/wachse\/soja-wachs\/#primaryimage"},"thumbnailUrl":"https:\/\/naturalpoland.com\/wp-content\/uploads\/wosk-sojowy.webp","datePublished":"2021-05-11T11:58:32+00:00","dateModified":"2026-02-23T11:30:15+00:00","description":"Sojawachs in Flocken \u2013 nat\u00fcrlicher Rohstoff f\u00fcr Duftkerzen, Aromatherapie und Massagekerzen. Eine pflanzliche Alternative zu Paraffin und Bienenwachs.","breadcrumb":{"@id":"https:\/\/naturalpoland.com\/de\/produkte\/wachse\/soja-wachs\/#breadcrumb"},"inLanguage":"de","potentialAction":[{"@type":"ReadAction","target":["https:\/\/naturalpoland.com\/de\/produkte\/wachse\/soja-wachs\/"]}]},{"@type":"ImageObject","inLanguage":"de","@id":"https:\/\/naturalpoland.com\/de\/produkte\/wachse\/soja-wachs\/#primaryimage","url":"https:\/\/naturalpoland.com\/wp-content\/uploads\/wosk-sojowy.webp","contentUrl":"https:\/\/naturalpoland.com\/wp-content\/uploads\/wosk-sojowy.webp","width":1024,"height":1024,"caption":"Sojawachs in Flocken"},{"@type":"BreadcrumbList","@id":"https:\/\/naturalpoland.com\/de\/produkte\/wachse\/soja-wachs\/#breadcrumb","itemListElement":[{"@type":"ListItem","position":1,"name":"Startseite","item":"https:\/\/naturalpoland.com\/de\/"},{"@type":"ListItem","position":2,"name":"Produkte","item":"https:\/\/naturalpoland.com\/de\/produkte\/"},{"@type":"ListItem","position":3,"name":"Sojawachs"}]},{"@type":"WebSite","@id":"https:\/\/naturalpoland.com\/de\/#website","url":"https:\/\/naturalpoland.com\/de\/","name":"NATURAL POLAND - IMPORT UND HANDEL VON ROHSTOFFEN","description":"Rohstoffe f\u00fcr die Lebensmittelindustrie, Kosmetikindustrie, Pharmaindustrie","publisher":{"@id":"https:\/\/naturalpoland.com\/de\/#organization"},"potentialAction":[{"@type":"SearchAction","target":{"@type":"EntryPoint","urlTemplate":"https:\/\/naturalpoland.com\/de\/?s={search_term_string}"},"query-input":{"@type":"PropertyValueSpecification","valueRequired":true,"valueName":"search_term_string"}}],"inLanguage":"de"},{"@type":"Organization","@id":"https:\/\/naturalpoland.com\/de\/#organization","name":"Natural Poland","url":"https:\/\/naturalpoland.com\/de\/","logo":{"@type":"ImageObject","inLanguage":"de","@id":"https:\/\/naturalpoland.com\/de\/#\/schema\/logo\/image\/","url":"https:\/\/naturalpoland.com\/wp-content\/uploads\/2021\/05\/natural-poland-icon.png","contentUrl":"https:\/\/naturalpoland.com\/wp-content\/uploads\/2021\/05\/natural-poland-icon.png","width":512,"height":512,"caption":"Natural Poland"},"image":{"@id":"https:\/\/naturalpoland.com\/de\/#\/schema\/logo\/image\/"},"sameAs":["https:\/\/www.facebook.com\/naturalpoland.b2b","https:\/\/pl.linkedin.com\/company\/natural-poland","https:\/\/www.youtube.com\/channel\/UCgeGGkvOMahZo-xu_MSEWxg"]}]}},"_links":{"self":[{"href":"https:\/\/naturalpoland.com\/de\/wp-json\/wp\/v2\/product\/5087","targetHints":{"allow":["GET"]}}],"collection":[{"href":"https:\/\/naturalpoland.com\/de\/wp-json\/wp\/v2\/product"}],"about":[{"href":"https:\/\/naturalpoland.com\/de\/wp-json\/wp\/v2\/types\/product"}],"wp:featuredmedia":[{"embeddable":true,"href":"https:\/\/naturalpoland.com\/de\/wp-json\/wp\/v2\/media\/46137"}],"wp:attachment":[{"href":"https:\/\/naturalpoland.com\/de\/wp-json\/wp\/v2\/media?parent=5087"}],"wp:term":[{"taxonomy":"product_brand","embeddable":true,"href":"https:\/\/naturalpoland.com\/de\/wp-json\/wp\/v2\/product_brand?post=5087"},{"taxonomy":"product_cat","embeddable":true,"href":"https:\/\/naturalpoland.com\/de\/wp-json\/wp\/v2\/product_cat?post=5087"},{"taxonomy":"product_tag","embeddable":true,"href":"https:\/\/naturalpoland.com\/de\/wp-json\/wp\/v2\/product_tag?post=5087"}],"curies":[{"name":"wp","href":"https:\/\/api.w.org\/{rel}","templated":true}]}}