{"id":5110,"date":"2021-05-11T13:43:21","date_gmt":"2021-07-19T05:31:12","guid":{"rendered":"https:\/\/naturalpoland.pl\/produkty\/unkategorisiert\/gruener-ton\/"},"modified":"2024-08-08T15:01:46","modified_gmt":"2024-08-08T13:01:46","slug":"gruener-ton","status":"publish","type":"product","link":"https:\/\/naturalpoland.com\/de\/produkte\/produkte-fur-die-kosmetikindustrie\/tonerden\/gruener-ton\/","title":{"rendered":"Gr\u00fcner Ton"},"content":{"rendered":"<p>Gr\u00fcne Tonerde kann sowohl allein als auch als Bestandteil einer Vielzahl von Kosmetikprodukten verwendet werden.<br \/>\nSie wird besonders f\u00fcr Menschen mit problematischer und zu Akne neigender Haut empfohlen.   <\/p>\n<h2>Merkmale und Zusammensetzung<\/h2>\n<p>  Gr\u00fcne Tonerde hat eine charakteristische gr\u00fcne Farbe und einen erdigen Geruch, was auf ihre nat\u00fcrliche mineralische Zusammensetzung zur\u00fcckzuf\u00fchren ist.<br \/>\nSie ist ein nat\u00fcrliches Silikat aus Aluminium, Eisen und Magnesium und damit reich an vielen Mineralien, wie z.B. <strong>Kieselerde<\/strong> (SiO2), die mehr als 60% ihrer Zusammensetzung ausmacht.<br \/>\nEs enth\u00e4lt auch erhebliche Mengen an <strong>Aluminium-<\/strong> (Al2O3) und <strong>Eisenoxiden<\/strong> (Fe2O3), die f\u00fcr ihre absorbierenden und reinigenden Eigenschaften bekannt sind.    <\/p>\n<h2>Eigenschaften und Anwendungen<\/h2>\n<p>  Gr\u00fcne Tonerde wird f\u00fcr ihre <strong>antibakteriellen Eigenschaften<\/strong> gesch\u00e4tzt, die sie zu einem wirksamen Mittel zur Reduzierung der Talgproduktion und zur Linderung von Entz\u00fcndungen machen.<br \/>\nSie l\u00e4sst Hautverletzungen schneller abheilen und kann helfen, Akne zu beseitigen.<br \/>\nSie hat die F\u00e4higkeit, Unreinheiten und Giftstoffe von der Hautoberfl\u00e4che zu absorbieren, weshalb sie als Bestandteil von Masken und Peelings verwendet wird, insbesondere bei fettiger Haut und Mischhaut.<br \/>\nGr\u00fcne Tonerde wird auch zur alleinigen Verwendung als Maske empfohlen, die hilft, die Poren zu reinigen und den Teint zu erfrischen, so dass die Haut sauber und matt wird.<br \/>\nDank ihrer regenerierenden und n\u00e4hrenden Eigenschaften wird sie auch in K\u00f6rperpflegeprodukten verwendet, wo sie hilft, die Hautzellen wieder aufzubauen und sie vor sch\u00e4dlichen \u00e4u\u00dferen Einfl\u00fcssen zu sch\u00fctzen.<br \/>\nDie Tonerde ist frei von synthetischen Zusatzstoffen und Konservierungsmitteln, so dass sie auch f\u00fcr sehr empfindliche Haut geeignet ist.     <\/p>\n","protected":false},"excerpt":{"rendered":"<p><strong>Gr\u00fcne Tonerde<\/strong>, auch bekannt als <strong>Montmorillonit<\/strong>, ist wegen ihrer reinigenden und heilenden Eigenschaften sehr beliebt.<\/p>\n","protected":false},"featured_media":5111,"template":"","meta":{"_acf_changed":false},"product_brand":[],"product_cat":[371],"product_tag":[],"class_list":{"0":"post-5110","1":"product","2":"type-product","3":"status-publish","4":"has-post-thumbnail","6":"product_cat-tonerden","8":"first","9":"instock","10":"shipping-taxable","11":"product-type-simple"},"acf":[],"yoast_head":"<!-- This site is optimized with the Yoast SEO plugin v27.6 - https:\/\/yoast.com\/product\/yoast-seo-wordpress\/ -->\n<title>Gr\u00fcner Ton - Gro\u00dfhandelsvertrieb<\/title>\n<meta name=\"description\" content=\"Gr\u00fcne Tonerde kann sowohl allein als auch als Bestandteil einer Vielzahl von kosmetischen Produkten f\u00fcr Menschen mit zu Akne neigender Haut verwendet werden.\" \/>\n<meta name=\"robots\" content=\"index, follow, max-snippet:-1, max-image-preview:large, max-video-preview:-1\" \/>\n<link rel=\"canonical\" href=\"https:\/\/naturalpoland.com\/de\/produkte\/produkte-fur-die-kosmetikindustrie\/tonerden\/gruener-ton\/\" \/>\n<meta property=\"og:locale\" content=\"de_DE\" \/>\n<meta property=\"og:type\" content=\"article\" \/>\n<meta property=\"og:title\" content=\"Gr\u00fcner Ton - Gro\u00dfhandelsvertrieb\" \/>\n<meta property=\"og:description\" content=\"Gr\u00fcne Tonerde kann sowohl allein als auch als Bestandteil einer Vielzahl von kosmetischen Produkten f\u00fcr Menschen mit zu Akne neigender Haut verwendet werden.\" \/>\n<meta property=\"og:url\" content=\"https:\/\/naturalpoland.com\/de\/produkte\/produkte-fur-die-kosmetikindustrie\/tonerden\/gruener-ton\/\" \/>\n<meta property=\"og:site_name\" content=\"NATURAL POLAND - IMPORT UND HANDEL VON ROHSTOFFEN\" \/>\n<meta property=\"article:publisher\" content=\"https:\/\/www.facebook.com\/naturalpoland.b2b\" \/>\n<meta property=\"article:modified_time\" content=\"2024-08-08T13:01:46+00:00\" \/>\n<meta property=\"og:image\" content=\"https:\/\/naturalpoland.com\/wp-content\/uploads\/2021\/05\/green-clay.jpg\" \/>\n\t<meta property=\"og:image:width\" content=\"264\" \/>\n\t<meta property=\"og:image:height\" content=\"247\" \/>\n\t<meta property=\"og:image:type\" content=\"image\/jpeg\" \/>\n<script type=\"application\/ld+json\" class=\"yoast-schema-graph\">{\"@context\":\"https:\\\/\\\/schema.org\",\"@graph\":[{\"@type\":\"WebPage\",\"@id\":\"https:\\\/\\\/naturalpoland.com\\\/de\\\/produkte\\\/produkte-fur-die-kosmetikindustrie\\\/tonerden\\\/gruener-ton\\\/\",\"url\":\"https:\\\/\\\/naturalpoland.com\\\/de\\\/produkte\\\/produkte-fur-die-kosmetikindustrie\\\/tonerden\\\/gruener-ton\\\/\",\"name\":\"Gr\u00fcner Ton - Gro\u00dfhandelsvertrieb\",\"isPartOf\":{\"@id\":\"https:\\\/\\\/naturalpoland.com\\\/de\\\/#website\"},\"primaryImageOfPage\":{\"@id\":\"https:\\\/\\\/naturalpoland.com\\\/de\\\/produkte\\\/produkte-fur-die-kosmetikindustrie\\\/tonerden\\\/gruener-ton\\\/#primaryimage\"},\"image\":{\"@id\":\"https:\\\/\\\/naturalpoland.com\\\/de\\\/produkte\\\/produkte-fur-die-kosmetikindustrie\\\/tonerden\\\/gruener-ton\\\/#primaryimage\"},\"thumbnailUrl\":\"https:\\\/\\\/naturalpoland.com\\\/wp-content\\\/uploads\\\/2021\\\/05\\\/green-clay.jpg\",\"datePublished\":\"2021-07-19T05:31:12+00:00\",\"dateModified\":\"2024-08-08T13:01:46+00:00\",\"description\":\"Gr\u00fcne Tonerde kann sowohl allein als auch als Bestandteil einer Vielzahl von kosmetischen Produkten f\u00fcr Menschen mit zu Akne neigender Haut verwendet werden.\",\"breadcrumb\":{\"@id\":\"https:\\\/\\\/naturalpoland.com\\\/de\\\/produkte\\\/produkte-fur-die-kosmetikindustrie\\\/tonerden\\\/gruener-ton\\\/#breadcrumb\"},\"inLanguage\":\"de\",\"potentialAction\":[{\"@type\":\"ReadAction\",\"target\":[\"https:\\\/\\\/naturalpoland.com\\\/de\\\/produkte\\\/produkte-fur-die-kosmetikindustrie\\\/tonerden\\\/gruener-ton\\\/\"]}]},{\"@type\":\"ImageObject\",\"inLanguage\":\"de\",\"@id\":\"https:\\\/\\\/naturalpoland.com\\\/de\\\/produkte\\\/produkte-fur-die-kosmetikindustrie\\\/tonerden\\\/gruener-ton\\\/#primaryimage\",\"url\":\"https:\\\/\\\/naturalpoland.com\\\/wp-content\\\/uploads\\\/2021\\\/05\\\/green-clay.jpg\",\"contentUrl\":\"https:\\\/\\\/naturalpoland.com\\\/wp-content\\\/uploads\\\/2021\\\/05\\\/green-clay.jpg\",\"width\":264,\"height\":247},{\"@type\":\"BreadcrumbList\",\"@id\":\"https:\\\/\\\/naturalpoland.com\\\/de\\\/produkte\\\/produkte-fur-die-kosmetikindustrie\\\/tonerden\\\/gruener-ton\\\/#breadcrumb\",\"itemListElement\":[{\"@type\":\"ListItem\",\"position\":1,\"name\":\"Startseite\",\"item\":\"https:\\\/\\\/naturalpoland.com\\\/de\\\/\"},{\"@type\":\"ListItem\",\"position\":2,\"name\":\"Produkte\",\"item\":\"https:\\\/\\\/naturalpoland.com\\\/de\\\/produkte\\\/\"},{\"@type\":\"ListItem\",\"position\":3,\"name\":\"Gr\u00fcner Ton\"}]},{\"@type\":\"WebSite\",\"@id\":\"https:\\\/\\\/naturalpoland.com\\\/de\\\/#website\",\"url\":\"https:\\\/\\\/naturalpoland.com\\\/de\\\/\",\"name\":\"NATURAL POLAND - IMPORT UND HANDEL VON ROHSTOFFEN\",\"description\":\"Rohstoffe f\u00fcr die Lebensmittelindustrie, Kosmetikindustrie, Pharmaindustrie\",\"publisher\":{\"@id\":\"https:\\\/\\\/naturalpoland.com\\\/de\\\/#organization\"},\"potentialAction\":[{\"@type\":\"SearchAction\",\"target\":{\"@type\":\"EntryPoint\",\"urlTemplate\":\"https:\\\/\\\/naturalpoland.com\\\/de\\\/?s={search_term_string}\"},\"query-input\":{\"@type\":\"PropertyValueSpecification\",\"valueRequired\":true,\"valueName\":\"search_term_string\"}}],\"inLanguage\":\"de\"},{\"@type\":\"Organization\",\"@id\":\"https:\\\/\\\/naturalpoland.com\\\/de\\\/#organization\",\"name\":\"Natural Poland\",\"url\":\"https:\\\/\\\/naturalpoland.com\\\/de\\\/\",\"logo\":{\"@type\":\"ImageObject\",\"inLanguage\":\"de\",\"@id\":\"https:\\\/\\\/naturalpoland.com\\\/de\\\/#\\\/schema\\\/logo\\\/image\\\/\",\"url\":\"https:\\\/\\\/naturalpoland.com\\\/wp-content\\\/uploads\\\/2021\\\/05\\\/natural-poland-icon.png\",\"contentUrl\":\"https:\\\/\\\/naturalpoland.com\\\/wp-content\\\/uploads\\\/2021\\\/05\\\/natural-poland-icon.png\",\"width\":512,\"height\":512,\"caption\":\"Natural Poland\"},\"image\":{\"@id\":\"https:\\\/\\\/naturalpoland.com\\\/de\\\/#\\\/schema\\\/logo\\\/image\\\/\"},\"sameAs\":[\"https:\\\/\\\/www.facebook.com\\\/naturalpoland.b2b\",\"https:\\\/\\\/pl.linkedin.com\\\/company\\\/natural-poland\",\"https:\\\/\\\/www.youtube.com\\\/channel\\\/UCgeGGkvOMahZo-xu_MSEWxg\"]}]}<\/script>\n<!-- \/ Yoast SEO plugin. -->","yoast_head_json":{"title":"Gr\u00fcner Ton - Gro\u00dfhandelsvertrieb","description":"Gr\u00fcne Tonerde kann sowohl allein als auch als Bestandteil einer Vielzahl von kosmetischen Produkten f\u00fcr Menschen mit zu Akne neigender Haut verwendet werden.","robots":{"index":"index","follow":"follow","max-snippet":"max-snippet:-1","max-image-preview":"max-image-preview:large","max-video-preview":"max-video-preview:-1"},"canonical":"https:\/\/naturalpoland.com\/de\/produkte\/produkte-fur-die-kosmetikindustrie\/tonerden\/gruener-ton\/","og_locale":"de_DE","og_type":"article","og_title":"Gr\u00fcner Ton - Gro\u00dfhandelsvertrieb","og_description":"Gr\u00fcne Tonerde kann sowohl allein als auch als Bestandteil einer Vielzahl von kosmetischen Produkten f\u00fcr Menschen mit zu Akne neigender Haut verwendet werden.","og_url":"https:\/\/naturalpoland.com\/de\/produkte\/produkte-fur-die-kosmetikindustrie\/tonerden\/gruener-ton\/","og_site_name":"NATURAL POLAND - IMPORT UND HANDEL VON ROHSTOFFEN","article_publisher":"https:\/\/www.facebook.com\/naturalpoland.b2b","article_modified_time":"2024-08-08T13:01:46+00:00","og_image":[{"width":264,"height":247,"url":"https:\/\/naturalpoland.com\/wp-content\/uploads\/2021\/05\/green-clay.jpg","type":"image\/jpeg"}],"schema":{"@context":"https:\/\/schema.org","@graph":[{"@type":"WebPage","@id":"https:\/\/naturalpoland.com\/de\/produkte\/produkte-fur-die-kosmetikindustrie\/tonerden\/gruener-ton\/","url":"https:\/\/naturalpoland.com\/de\/produkte\/produkte-fur-die-kosmetikindustrie\/tonerden\/gruener-ton\/","name":"Gr\u00fcner Ton - Gro\u00dfhandelsvertrieb","isPartOf":{"@id":"https:\/\/naturalpoland.com\/de\/#website"},"primaryImageOfPage":{"@id":"https:\/\/naturalpoland.com\/de\/produkte\/produkte-fur-die-kosmetikindustrie\/tonerden\/gruener-ton\/#primaryimage"},"image":{"@id":"https:\/\/naturalpoland.com\/de\/produkte\/produkte-fur-die-kosmetikindustrie\/tonerden\/gruener-ton\/#primaryimage"},"thumbnailUrl":"https:\/\/naturalpoland.com\/wp-content\/uploads\/2021\/05\/green-clay.jpg","datePublished":"2021-07-19T05:31:12+00:00","dateModified":"2024-08-08T13:01:46+00:00","description":"Gr\u00fcne Tonerde kann sowohl allein als auch als Bestandteil einer Vielzahl von kosmetischen Produkten f\u00fcr Menschen mit zu Akne neigender Haut verwendet werden.","breadcrumb":{"@id":"https:\/\/naturalpoland.com\/de\/produkte\/produkte-fur-die-kosmetikindustrie\/tonerden\/gruener-ton\/#breadcrumb"},"inLanguage":"de","potentialAction":[{"@type":"ReadAction","target":["https:\/\/naturalpoland.com\/de\/produkte\/produkte-fur-die-kosmetikindustrie\/tonerden\/gruener-ton\/"]}]},{"@type":"ImageObject","inLanguage":"de","@id":"https:\/\/naturalpoland.com\/de\/produkte\/produkte-fur-die-kosmetikindustrie\/tonerden\/gruener-ton\/#primaryimage","url":"https:\/\/naturalpoland.com\/wp-content\/uploads\/2021\/05\/green-clay.jpg","contentUrl":"https:\/\/naturalpoland.com\/wp-content\/uploads\/2021\/05\/green-clay.jpg","width":264,"height":247},{"@type":"BreadcrumbList","@id":"https:\/\/naturalpoland.com\/de\/produkte\/produkte-fur-die-kosmetikindustrie\/tonerden\/gruener-ton\/#breadcrumb","itemListElement":[{"@type":"ListItem","position":1,"name":"Startseite","item":"https:\/\/naturalpoland.com\/de\/"},{"@type":"ListItem","position":2,"name":"Produkte","item":"https:\/\/naturalpoland.com\/de\/produkte\/"},{"@type":"ListItem","position":3,"name":"Gr\u00fcner Ton"}]},{"@type":"WebSite","@id":"https:\/\/naturalpoland.com\/de\/#website","url":"https:\/\/naturalpoland.com\/de\/","name":"NATURAL POLAND - IMPORT UND HANDEL VON ROHSTOFFEN","description":"Rohstoffe f\u00fcr die Lebensmittelindustrie, Kosmetikindustrie, Pharmaindustrie","publisher":{"@id":"https:\/\/naturalpoland.com\/de\/#organization"},"potentialAction":[{"@type":"SearchAction","target":{"@type":"EntryPoint","urlTemplate":"https:\/\/naturalpoland.com\/de\/?s={search_term_string}"},"query-input":{"@type":"PropertyValueSpecification","valueRequired":true,"valueName":"search_term_string"}}],"inLanguage":"de"},{"@type":"Organization","@id":"https:\/\/naturalpoland.com\/de\/#organization","name":"Natural Poland","url":"https:\/\/naturalpoland.com\/de\/","logo":{"@type":"ImageObject","inLanguage":"de","@id":"https:\/\/naturalpoland.com\/de\/#\/schema\/logo\/image\/","url":"https:\/\/naturalpoland.com\/wp-content\/uploads\/2021\/05\/natural-poland-icon.png","contentUrl":"https:\/\/naturalpoland.com\/wp-content\/uploads\/2021\/05\/natural-poland-icon.png","width":512,"height":512,"caption":"Natural Poland"},"image":{"@id":"https:\/\/naturalpoland.com\/de\/#\/schema\/logo\/image\/"},"sameAs":["https:\/\/www.facebook.com\/naturalpoland.b2b","https:\/\/pl.linkedin.com\/company\/natural-poland","https:\/\/www.youtube.com\/channel\/UCgeGGkvOMahZo-xu_MSEWxg"]}]}},"_links":{"self":[{"href":"https:\/\/naturalpoland.com\/de\/wp-json\/wp\/v2\/product\/5110","targetHints":{"allow":["GET"]}}],"collection":[{"href":"https:\/\/naturalpoland.com\/de\/wp-json\/wp\/v2\/product"}],"about":[{"href":"https:\/\/naturalpoland.com\/de\/wp-json\/wp\/v2\/types\/product"}],"wp:featuredmedia":[{"embeddable":true,"href":"https:\/\/naturalpoland.com\/de\/wp-json\/wp\/v2\/media\/5111"}],"wp:attachment":[{"href":"https:\/\/naturalpoland.com\/de\/wp-json\/wp\/v2\/media?parent=5110"}],"wp:term":[{"taxonomy":"product_brand","embeddable":true,"href":"https:\/\/naturalpoland.com\/de\/wp-json\/wp\/v2\/product_brand?post=5110"},{"taxonomy":"product_cat","embeddable":true,"href":"https:\/\/naturalpoland.com\/de\/wp-json\/wp\/v2\/product_cat?post=5110"},{"taxonomy":"product_tag","embeddable":true,"href":"https:\/\/naturalpoland.com\/de\/wp-json\/wp\/v2\/product_tag?post=5110"}],"curies":[{"name":"wp","href":"https:\/\/api.w.org\/{rel}","templated":true}]}}