{"id":5246,"date":"2021-05-11T13:45:00","date_gmt":"2021-07-23T18:44:41","guid":{"rendered":"https:\/\/naturalpoland.pl\/produkty\/unkategorisiert\/hibiskus-bluete\/"},"modified":"2024-10-07T12:01:26","modified_gmt":"2024-10-07T10:01:26","slug":"hibiskus-bluete","status":"publish","type":"product","link":"https:\/\/naturalpoland.com\/de\/produkte\/produkte-der-lebensmittelindustrie\/rohstoffe-fur-die-produktion\/hibiskus-bluete\/","title":{"rendered":"Hibiskus Bl\u00fcte"},"content":{"rendered":"<p>Der Aufguss von Hibiskusbl\u00fcten zeichnet sich durch seinen charakteristischen, leicht s\u00e4uerlichen Geschmack aus, der oft mit anderen Zus\u00e4tzen angereichert wird, um ihm einen ausgewogeneren Geschmack zu verleihen.<br \/>\nNeben seinem au\u00dfergew\u00f6hnlichen Geschmack ist Hibiskus aufgrund seines Reichtums an N\u00e4hrstoffen und Antioxidantien auch f\u00fcr seine zahlreichen gesundheitlichen Vorteile bekannt.   <\/p>\n<h2><\/h2>\n<h2>Wirkstoffe und gesundheitliche Eigenschaften der Hibiskusbl\u00fcte<\/h2>\n<p>  Die Hibiskusbl\u00fcte enth\u00e4lt eine Reihe von organischen S\u00e4uren wie Hibiskuss\u00e4ure, Zitronens\u00e4ure, Apfels\u00e4ure, Weins\u00e4ure und Oxals\u00e4ure, die zu ihrem charakteristischen Geschmack beitragen und den Stoffwechsel f\u00f6rdern. Dar\u00fcber hinaus enth\u00e4lt diese Blume viele <a href=\"https:\/\/naturalpoland.com\/artykuly\/dodatki-do-zywnosci\/czym-sa-antocyjany-i-jakie-maja-zastosowanie\/\">Anthocyane<\/a>, <a href=\"https:\/\/naturalpoland.com\/artykuly\/produkty-naturalne\/czym-sa-i-jak-dzialaja-flawonoidy\/\">Flavonoide<\/a> und <a href=\"https:\/\/naturalpoland.com\/artykuly\/produkty-naturalne\/przeciwutleniacze-w-kosmetykach-fenole-i-polifenole\/\">Polyphenole<\/a>, die Antioxidantien sind. Diese verz\u00f6gern den Alterungsprozess der Haut und st\u00e4rken auch die Immunit\u00e4t des K\u00f6rpers. Die Hibiskusbl\u00fcte sch\u00fctzt auch vor Infektionen und beschleunigt deren Heilung. Sie sollten auch nicht vergessen, dass Hibiskus eine reiche Quelle von Vitamin C ist. Neben Vitamin C liefert Hibiskus auch wertvolle Mineralien wie Kalzium, Phosphor und Eisen, die die Funktion des Kreislauf- und Skelettsystems unterst\u00fctzen.<br \/>\nEr enth\u00e4lt au\u00dferdem Pektin und Phytosterine, die zur Regulierung des Cholesterinspiegels beitragen.   <\/p>\n<h3><\/h3>\n<h3><strong>Gesundheitsf\u00f6rdernde Ma\u00dfnahmen:<\/strong><\/h3>\n<ul>\n<li><strong>Entz\u00fcndungshemmend und antibakteriell<\/strong> (Pr\u00e4vention von Infektionen der Atemwege)<\/li>\n<li><strong>Senkung des Blutdrucks<\/strong><\/li>\n<li><strong>Diuretische Wirkung<\/strong>, die hilft, den K\u00f6rper von Giftstoffen zu reinigen und Wasserstagnation zu verhindern.<\/li>\n<li><strong>St\u00e4rkung des Immunsystems<\/strong> (Schutz vor Infektionen).<\/li>\n<\/ul>\n<p>&nbsp;<\/p>\n<h2>Verwendungsm\u00f6glichkeiten der Hibiskusbl\u00fcte:<\/h2>\n<p><strong>Lebensmittelindustrie:<\/strong><strong>Getrocknete Hibiskusbl\u00fcten<\/strong> sind eine beliebte Zutat f\u00fcr Fr\u00fcchte- und Kr\u00e4utertees.<br \/>\nSie verleiht den Tees eine tiefrote Farbe und einen sauren Geschmack.<br \/>\nSie kann auch als nat\u00fcrlicher Lebensmittelfarbstoff sowie als Zutat in Instantgetr\u00e4nken und einer Vielzahl von Aromamischungen verwendet werden.<br \/>\nEr l\u00e4sst sich gut mit anderen Kr\u00e4utern und Fr\u00fcchten mischen, um den Geschmack von Tees und k\u00fchlen Getr\u00e4nken zu bereichern. <strong>Kr\u00e4utermedizin:<\/strong> Ein Aufguss aus Hibiskus wird zur Unterst\u00fctzung bei Verdauungsproblemen und Schw\u00e4che empfohlen.<br \/>\nAufgrund seiner abf\u00fchrenden und harntreibenden Eigenschaften wird Hibiskus bei der Behandlung von Verdauungsst\u00f6rungen wie Verstopfung eingesetzt.<br \/>\nEr hat eine leicht tonisierende Wirkung, die eine normale Darmt\u00e4tigkeit f\u00f6rdert, und hilft auch, das Gleichgewicht des K\u00f6rpers nach einer Krankheit oder Lebensmittelvergiftung wiederherzustellen. <strong>Kontraindikationen:<\/strong> Da es keine ausreichenden Studien \u00fcber die Sicherheit der Verwendung von Hibiskus bei schwangeren und stillenden Frauen gibt, wird er f\u00fcr diese Gruppe nicht empfohlen.<br \/>\nHibiskus kann auch \u00f6strogene Wirkungen haben, was von Frauen, die eine Schwangerschaft planen, beachtet werden sollte.      <\/p>\n","protected":false},"excerpt":{"rendered":"<p>Die<em>Hibiskusbl\u00fcte (Hibiscus sabdariffa<\/em>) ist auch als Sudan-Malve oder Oxalis ketmia bekannt.<br \/>\nSie wird in der Kr\u00e4utermedizin und in der Lebensmittelindustrie verwendet, insbesondere in getrockneter Form f\u00fcr Tees und Aufg\u00fcsse. <\/p>\n","protected":false},"featured_media":36113,"template":"","meta":[],"product_brand":[],"product_cat":[368,349],"product_tag":[],"class_list":{"0":"post-5246","1":"product","2":"type-product","3":"status-publish","4":"has-post-thumbnail","6":"product_cat-pflanzliche-produkte","7":"product_cat-rohstoffe-fur-die-produktion","9":"first","10":"instock","11":"shipping-taxable","12":"product-type-simple"},"yoast_head":"<!-- This site is optimized with the Yoast SEO plugin v27.3 - https:\/\/yoast.com\/product\/yoast-seo-wordpress\/ -->\n<title>Hibiskus Bl\u00fcte - NATURAL POLAND - IMPORT UND HANDEL VON ROHSTOFFEN<\/title>\n<meta name=\"description\" content=\"Hibiskusbl\u00fcten k\u00f6nnen die Gesundheit des Herzens, der Leber und des Immunsystems unterst\u00fctzen und tragen zur allgemeinen Gesundheit des K\u00f6rpers bei.\" \/>\n<meta name=\"robots\" content=\"index, follow, max-snippet:-1, max-image-preview:large, max-video-preview:-1\" \/>\n<link rel=\"canonical\" href=\"https:\/\/naturalpoland.com\/de\/produkte\/produkte-der-lebensmittelindustrie\/rohstoffe-fur-die-produktion\/hibiskus-bluete\/\" \/>\n<meta property=\"og:locale\" content=\"de_DE\" \/>\n<meta property=\"og:type\" content=\"article\" \/>\n<meta property=\"og:title\" content=\"Hibiskus Bl\u00fcte - NATURAL POLAND - IMPORT UND HANDEL VON ROHSTOFFEN\" \/>\n<meta property=\"og:description\" content=\"Hibiskusbl\u00fcten k\u00f6nnen die Gesundheit des Herzens, der Leber und des Immunsystems unterst\u00fctzen und tragen zur allgemeinen Gesundheit des K\u00f6rpers bei.\" \/>\n<meta property=\"og:url\" content=\"https:\/\/naturalpoland.com\/de\/produkte\/produkte-der-lebensmittelindustrie\/rohstoffe-fur-die-produktion\/hibiskus-bluete\/\" \/>\n<meta property=\"og:site_name\" content=\"NATURAL POLAND - IMPORT UND HANDEL VON ROHSTOFFEN\" \/>\n<meta property=\"article:publisher\" content=\"https:\/\/www.facebook.com\/naturalpoland.b2b\" \/>\n<meta property=\"article:modified_time\" content=\"2024-10-07T10:01:26+00:00\" \/>\n<meta property=\"og:image\" content=\"https:\/\/naturalpoland.com\/wp-content\/uploads\/suszone-kwiaty-hibiskusa.webp\" \/>\n\t<meta property=\"og:image:width\" content=\"619\" \/>\n\t<meta property=\"og:image:height\" content=\"619\" \/>\n\t<meta property=\"og:image:type\" content=\"image\/webp\" \/>\n<script type=\"application\/ld+json\" class=\"yoast-schema-graph\">{\"@context\":\"https:\\\/\\\/schema.org\",\"@graph\":[{\"@type\":\"WebPage\",\"@id\":\"https:\\\/\\\/naturalpoland.com\\\/de\\\/produkte\\\/produkte-der-lebensmittelindustrie\\\/rohstoffe-fur-die-produktion\\\/hibiskus-bluete\\\/\",\"url\":\"https:\\\/\\\/naturalpoland.com\\\/de\\\/produkte\\\/produkte-der-lebensmittelindustrie\\\/rohstoffe-fur-die-produktion\\\/hibiskus-bluete\\\/\",\"name\":\"Hibiskus Bl\u00fcte - NATURAL POLAND - IMPORT UND HANDEL VON ROHSTOFFEN\",\"isPartOf\":{\"@id\":\"https:\\\/\\\/naturalpoland.com\\\/de\\\/#website\"},\"primaryImageOfPage\":{\"@id\":\"https:\\\/\\\/naturalpoland.com\\\/de\\\/produkte\\\/produkte-der-lebensmittelindustrie\\\/rohstoffe-fur-die-produktion\\\/hibiskus-bluete\\\/#primaryimage\"},\"image\":{\"@id\":\"https:\\\/\\\/naturalpoland.com\\\/de\\\/produkte\\\/produkte-der-lebensmittelindustrie\\\/rohstoffe-fur-die-produktion\\\/hibiskus-bluete\\\/#primaryimage\"},\"thumbnailUrl\":\"https:\\\/\\\/naturalpoland.com\\\/wp-content\\\/uploads\\\/suszone-kwiaty-hibiskusa.webp\",\"datePublished\":\"2021-07-23T18:44:41+00:00\",\"dateModified\":\"2024-10-07T10:01:26+00:00\",\"description\":\"Hibiskusbl\u00fcten k\u00f6nnen die Gesundheit des Herzens, der Leber und des Immunsystems unterst\u00fctzen und tragen zur allgemeinen Gesundheit des K\u00f6rpers bei.\",\"breadcrumb\":{\"@id\":\"https:\\\/\\\/naturalpoland.com\\\/de\\\/produkte\\\/produkte-der-lebensmittelindustrie\\\/rohstoffe-fur-die-produktion\\\/hibiskus-bluete\\\/#breadcrumb\"},\"inLanguage\":\"de\",\"potentialAction\":[{\"@type\":\"ReadAction\",\"target\":[\"https:\\\/\\\/naturalpoland.com\\\/de\\\/produkte\\\/produkte-der-lebensmittelindustrie\\\/rohstoffe-fur-die-produktion\\\/hibiskus-bluete\\\/\"]}]},{\"@type\":\"ImageObject\",\"inLanguage\":\"de\",\"@id\":\"https:\\\/\\\/naturalpoland.com\\\/de\\\/produkte\\\/produkte-der-lebensmittelindustrie\\\/rohstoffe-fur-die-produktion\\\/hibiskus-bluete\\\/#primaryimage\",\"url\":\"https:\\\/\\\/naturalpoland.com\\\/wp-content\\\/uploads\\\/suszone-kwiaty-hibiskusa.webp\",\"contentUrl\":\"https:\\\/\\\/naturalpoland.com\\\/wp-content\\\/uploads\\\/suszone-kwiaty-hibiskusa.webp\",\"width\":619,\"height\":619,\"caption\":\"suszone kwiaty hibiskusa\"},{\"@type\":\"BreadcrumbList\",\"@id\":\"https:\\\/\\\/naturalpoland.com\\\/de\\\/produkte\\\/produkte-der-lebensmittelindustrie\\\/rohstoffe-fur-die-produktion\\\/hibiskus-bluete\\\/#breadcrumb\",\"itemListElement\":[{\"@type\":\"ListItem\",\"position\":1,\"name\":\"Startseite\",\"item\":\"https:\\\/\\\/naturalpoland.com\\\/de\\\/\"},{\"@type\":\"ListItem\",\"position\":2,\"name\":\"Produkte\",\"item\":\"https:\\\/\\\/naturalpoland.com\\\/de\\\/produkte\\\/\"},{\"@type\":\"ListItem\",\"position\":3,\"name\":\"Hibiskus Bl\u00fcte\"}]},{\"@type\":\"WebSite\",\"@id\":\"https:\\\/\\\/naturalpoland.com\\\/de\\\/#website\",\"url\":\"https:\\\/\\\/naturalpoland.com\\\/de\\\/\",\"name\":\"NATURAL POLAND - IMPORT UND HANDEL VON ROHSTOFFEN\",\"description\":\"Rohstoffe f\u00fcr die Lebensmittelindustrie, Kosmetikindustrie, Pharmaindustrie\",\"publisher\":{\"@id\":\"https:\\\/\\\/naturalpoland.com\\\/de\\\/#organization\"},\"potentialAction\":[{\"@type\":\"SearchAction\",\"target\":{\"@type\":\"EntryPoint\",\"urlTemplate\":\"https:\\\/\\\/naturalpoland.com\\\/de\\\/?s={search_term_string}\"},\"query-input\":{\"@type\":\"PropertyValueSpecification\",\"valueRequired\":true,\"valueName\":\"search_term_string\"}}],\"inLanguage\":\"de\"},{\"@type\":\"Organization\",\"@id\":\"https:\\\/\\\/naturalpoland.com\\\/de\\\/#organization\",\"name\":\"Natural Poland\",\"url\":\"https:\\\/\\\/naturalpoland.com\\\/de\\\/\",\"logo\":{\"@type\":\"ImageObject\",\"inLanguage\":\"de\",\"@id\":\"https:\\\/\\\/naturalpoland.com\\\/de\\\/#\\\/schema\\\/logo\\\/image\\\/\",\"url\":\"https:\\\/\\\/naturalpoland.com\\\/wp-content\\\/uploads\\\/2021\\\/05\\\/natural-poland-icon.png\",\"contentUrl\":\"https:\\\/\\\/naturalpoland.com\\\/wp-content\\\/uploads\\\/2021\\\/05\\\/natural-poland-icon.png\",\"width\":512,\"height\":512,\"caption\":\"Natural Poland\"},\"image\":{\"@id\":\"https:\\\/\\\/naturalpoland.com\\\/de\\\/#\\\/schema\\\/logo\\\/image\\\/\"},\"sameAs\":[\"https:\\\/\\\/www.facebook.com\\\/naturalpoland.b2b\",\"https:\\\/\\\/pl.linkedin.com\\\/company\\\/natural-poland\",\"https:\\\/\\\/www.youtube.com\\\/channel\\\/UCgeGGkvOMahZo-xu_MSEWxg\"]}]}<\/script>\n<!-- \/ Yoast SEO plugin. -->","yoast_head_json":{"title":"Hibiskus Bl\u00fcte - NATURAL POLAND - IMPORT UND HANDEL VON ROHSTOFFEN","description":"Hibiskusbl\u00fcten k\u00f6nnen die Gesundheit des Herzens, der Leber und des Immunsystems unterst\u00fctzen und tragen zur allgemeinen Gesundheit des K\u00f6rpers bei.","robots":{"index":"index","follow":"follow","max-snippet":"max-snippet:-1","max-image-preview":"max-image-preview:large","max-video-preview":"max-video-preview:-1"},"canonical":"https:\/\/naturalpoland.com\/de\/produkte\/produkte-der-lebensmittelindustrie\/rohstoffe-fur-die-produktion\/hibiskus-bluete\/","og_locale":"de_DE","og_type":"article","og_title":"Hibiskus Bl\u00fcte - NATURAL POLAND - IMPORT UND HANDEL VON ROHSTOFFEN","og_description":"Hibiskusbl\u00fcten k\u00f6nnen die Gesundheit des Herzens, der Leber und des Immunsystems unterst\u00fctzen und tragen zur allgemeinen Gesundheit des K\u00f6rpers bei.","og_url":"https:\/\/naturalpoland.com\/de\/produkte\/produkte-der-lebensmittelindustrie\/rohstoffe-fur-die-produktion\/hibiskus-bluete\/","og_site_name":"NATURAL POLAND - IMPORT UND HANDEL VON ROHSTOFFEN","article_publisher":"https:\/\/www.facebook.com\/naturalpoland.b2b","article_modified_time":"2024-10-07T10:01:26+00:00","og_image":[{"width":619,"height":619,"url":"https:\/\/naturalpoland.com\/wp-content\/uploads\/suszone-kwiaty-hibiskusa.webp","type":"image\/webp"}],"schema":{"@context":"https:\/\/schema.org","@graph":[{"@type":"WebPage","@id":"https:\/\/naturalpoland.com\/de\/produkte\/produkte-der-lebensmittelindustrie\/rohstoffe-fur-die-produktion\/hibiskus-bluete\/","url":"https:\/\/naturalpoland.com\/de\/produkte\/produkte-der-lebensmittelindustrie\/rohstoffe-fur-die-produktion\/hibiskus-bluete\/","name":"Hibiskus Bl\u00fcte - NATURAL POLAND - IMPORT UND HANDEL VON ROHSTOFFEN","isPartOf":{"@id":"https:\/\/naturalpoland.com\/de\/#website"},"primaryImageOfPage":{"@id":"https:\/\/naturalpoland.com\/de\/produkte\/produkte-der-lebensmittelindustrie\/rohstoffe-fur-die-produktion\/hibiskus-bluete\/#primaryimage"},"image":{"@id":"https:\/\/naturalpoland.com\/de\/produkte\/produkte-der-lebensmittelindustrie\/rohstoffe-fur-die-produktion\/hibiskus-bluete\/#primaryimage"},"thumbnailUrl":"https:\/\/naturalpoland.com\/wp-content\/uploads\/suszone-kwiaty-hibiskusa.webp","datePublished":"2021-07-23T18:44:41+00:00","dateModified":"2024-10-07T10:01:26+00:00","description":"Hibiskusbl\u00fcten k\u00f6nnen die Gesundheit des Herzens, der Leber und des Immunsystems unterst\u00fctzen und tragen zur allgemeinen Gesundheit des K\u00f6rpers bei.","breadcrumb":{"@id":"https:\/\/naturalpoland.com\/de\/produkte\/produkte-der-lebensmittelindustrie\/rohstoffe-fur-die-produktion\/hibiskus-bluete\/#breadcrumb"},"inLanguage":"de","potentialAction":[{"@type":"ReadAction","target":["https:\/\/naturalpoland.com\/de\/produkte\/produkte-der-lebensmittelindustrie\/rohstoffe-fur-die-produktion\/hibiskus-bluete\/"]}]},{"@type":"ImageObject","inLanguage":"de","@id":"https:\/\/naturalpoland.com\/de\/produkte\/produkte-der-lebensmittelindustrie\/rohstoffe-fur-die-produktion\/hibiskus-bluete\/#primaryimage","url":"https:\/\/naturalpoland.com\/wp-content\/uploads\/suszone-kwiaty-hibiskusa.webp","contentUrl":"https:\/\/naturalpoland.com\/wp-content\/uploads\/suszone-kwiaty-hibiskusa.webp","width":619,"height":619,"caption":"suszone kwiaty hibiskusa"},{"@type":"BreadcrumbList","@id":"https:\/\/naturalpoland.com\/de\/produkte\/produkte-der-lebensmittelindustrie\/rohstoffe-fur-die-produktion\/hibiskus-bluete\/#breadcrumb","itemListElement":[{"@type":"ListItem","position":1,"name":"Startseite","item":"https:\/\/naturalpoland.com\/de\/"},{"@type":"ListItem","position":2,"name":"Produkte","item":"https:\/\/naturalpoland.com\/de\/produkte\/"},{"@type":"ListItem","position":3,"name":"Hibiskus Bl\u00fcte"}]},{"@type":"WebSite","@id":"https:\/\/naturalpoland.com\/de\/#website","url":"https:\/\/naturalpoland.com\/de\/","name":"NATURAL POLAND - IMPORT UND HANDEL VON ROHSTOFFEN","description":"Rohstoffe f\u00fcr die Lebensmittelindustrie, Kosmetikindustrie, Pharmaindustrie","publisher":{"@id":"https:\/\/naturalpoland.com\/de\/#organization"},"potentialAction":[{"@type":"SearchAction","target":{"@type":"EntryPoint","urlTemplate":"https:\/\/naturalpoland.com\/de\/?s={search_term_string}"},"query-input":{"@type":"PropertyValueSpecification","valueRequired":true,"valueName":"search_term_string"}}],"inLanguage":"de"},{"@type":"Organization","@id":"https:\/\/naturalpoland.com\/de\/#organization","name":"Natural Poland","url":"https:\/\/naturalpoland.com\/de\/","logo":{"@type":"ImageObject","inLanguage":"de","@id":"https:\/\/naturalpoland.com\/de\/#\/schema\/logo\/image\/","url":"https:\/\/naturalpoland.com\/wp-content\/uploads\/2021\/05\/natural-poland-icon.png","contentUrl":"https:\/\/naturalpoland.com\/wp-content\/uploads\/2021\/05\/natural-poland-icon.png","width":512,"height":512,"caption":"Natural Poland"},"image":{"@id":"https:\/\/naturalpoland.com\/de\/#\/schema\/logo\/image\/"},"sameAs":["https:\/\/www.facebook.com\/naturalpoland.b2b","https:\/\/pl.linkedin.com\/company\/natural-poland","https:\/\/www.youtube.com\/channel\/UCgeGGkvOMahZo-xu_MSEWxg"]}]}},"_links":{"self":[{"href":"https:\/\/naturalpoland.com\/de\/wp-json\/wp\/v2\/product\/5246","targetHints":{"allow":["GET"]}}],"collection":[{"href":"https:\/\/naturalpoland.com\/de\/wp-json\/wp\/v2\/product"}],"about":[{"href":"https:\/\/naturalpoland.com\/de\/wp-json\/wp\/v2\/types\/product"}],"wp:featuredmedia":[{"embeddable":true,"href":"https:\/\/naturalpoland.com\/de\/wp-json\/wp\/v2\/media\/36113"}],"wp:attachment":[{"href":"https:\/\/naturalpoland.com\/de\/wp-json\/wp\/v2\/media?parent=5246"}],"wp:term":[{"taxonomy":"product_brand","embeddable":true,"href":"https:\/\/naturalpoland.com\/de\/wp-json\/wp\/v2\/product_brand?post=5246"},{"taxonomy":"product_cat","embeddable":true,"href":"https:\/\/naturalpoland.com\/de\/wp-json\/wp\/v2\/product_cat?post=5246"},{"taxonomy":"product_tag","embeddable":true,"href":"https:\/\/naturalpoland.com\/de\/wp-json\/wp\/v2\/product_tag?post=5246"}],"curies":[{"name":"wp","href":"https:\/\/api.w.org\/{rel}","templated":true}]}}