{"id":5255,"date":"2021-05-11T13:56:59","date_gmt":"2021-07-24T06:28:39","guid":{"rendered":"https:\/\/naturalpoland.pl\/produkty\/unkategorisiert\/getrocknete-lindenbluete\/"},"modified":"2025-06-26T10:54:12","modified_gmt":"2025-06-26T08:54:12","slug":"getrocknete-linden-bluete","status":"publish","type":"product","link":"https:\/\/naturalpoland.com\/de\/produkte\/produkte-der-lebensmittelindustrie\/rohstoffe-fur-die-produktion\/getrocknete-linden-bluete\/","title":{"rendered":"Getrocknete Lindenbl\u00fcte"},"content":{"rendered":"<p>Getrocknete Lindenbl\u00fcten stammen von wildwachsenden <strong>kleinbl\u00e4ttrigen Linden<\/strong><em>(Tilia cordata<\/em>), deren Bl\u00fctenst\u00e4nde in voller Bl\u00fcte &#8211; von Juni bis Juli &#8211; von Hand gepfl\u00fcckt werden. Anschlie\u00dfend werden sie auf nat\u00fcrliche Weise getrocknet und sanft zerkleinert, um ein Maximum an bioaktiven Bestandteilen zu erhalten. Die Lindenbl\u00fcten zeichnen sich durch einen zart s\u00fc\u00dfen Geschmack und ein spezifisches, mildes Aroma aus und haben eine blass gelb-gr\u00fcne Farbe.  <\/p>\n<p data-start=\"762\" data-end=\"1304\">Der Reichtum an Flavonoiden (mindestens 0,7 Prozent in Form von Quercetin), Pflanzenschleimstoffen, \u00e4therischen \u00d6len und Quercetin macht die Lindenbl\u00fcte zu einem weit verbreiteten Produkt, das sowohl in Hausaufg\u00fcssen als auch in der Kr\u00e4uter- und Kosmetikindustrie verwendet wird. Ein Aufguss aus Lindenbl\u00fcten wirkt entz\u00fcndungshemmend, lindert Entz\u00fcndungen im Hals- und Mundbereich, f\u00f6rdert die Immunit\u00e4t und erleichtert das Einschlafen. Lindenb\u00e4der bringen Entspannung und Ruhe nach einem stressigen Tag. Die antiallergischen Eigenschaften von Quercetin tragen au\u00dferdem zur Linderung von Allergiesymptomen und Hautreizungen bei.   <\/p>\n<p data-start=\"1306\" data-end=\"1779\">Dank einer strengen Auswahl und Qualit\u00e4tskontrolle erf\u00fcllen die getrockneten Lindenbl\u00fcten strenge Sicherheitsstandards: keine organischen oder mineralischen Verunreinigungen (weniger als 0,5% und 0,3%), ein Feuchtigkeitsgehalt von weniger als 11% und ein Aschegehalt von weniger als 9%. Das Produkt ist frei von mikrobiologischen Verunreinigungen, Alkaloiden, Sch\u00e4dlingen und Milben. Es wird in Papiers\u00e4cken verpackt, trocken bei 5-25\u00b0C gelagert und vor Licht und Fremdger\u00fcchen gesch\u00fctzt.  <\/p>\n","protected":false},"excerpt":{"rendered":"<p><strong data-start=\"251\" data-end=\"273\">Getrocknete Lindenbl\u00fcten<\/strong> sind ein sorgf\u00e4ltig extrahierter pflanzlicher Rohstoff, der seit Generationen f\u00fcr seine beruhigenden Eigenschaften bekannt ist.<\/p>\n","protected":false},"featured_media":41652,"template":"","meta":[],"product_brand":[],"product_cat":[349],"product_tag":[],"class_list":{"0":"post-5255","1":"product","2":"type-product","3":"status-publish","4":"has-post-thumbnail","6":"product_cat-rohstoffe-fur-die-produktion","8":"first","9":"instock","10":"shipping-taxable","11":"product-type-simple"},"yoast_head":"<!-- This site is optimized with the Yoast SEO plugin v27.3 - https:\/\/yoast.com\/product\/yoast-seo-wordpress\/ -->\n<title>Getrocknete Lindenbl\u00fcte - Gro\u00dfhandelsvertrieb<\/title>\n<meta name=\"description\" content=\"Die getrocknete Lindenbl\u00fcte zeichnet sich durch ihre einzelnen herzf\u00f6rmigen Bl\u00e4tter aus. Es kann zu einer Infusion verarbeitet werden, die bei Entz\u00fcndungen im Mundraum hilft.\" \/>\n<meta name=\"robots\" content=\"index, follow, max-snippet:-1, max-image-preview:large, max-video-preview:-1\" \/>\n<link rel=\"canonical\" href=\"https:\/\/naturalpoland.com\/de\/produkte\/produkte-der-lebensmittelindustrie\/rohstoffe-fur-die-produktion\/getrocknete-linden-bluete\/\" \/>\n<meta property=\"og:locale\" content=\"de_DE\" \/>\n<meta property=\"og:type\" content=\"article\" \/>\n<meta property=\"og:title\" content=\"Getrocknete Lindenbl\u00fcte - Gro\u00dfhandelsvertrieb\" \/>\n<meta property=\"og:description\" content=\"Die getrocknete Lindenbl\u00fcte zeichnet sich durch ihre einzelnen herzf\u00f6rmigen Bl\u00e4tter aus. Es kann zu einer Infusion verarbeitet werden, die bei Entz\u00fcndungen im Mundraum hilft.\" \/>\n<meta property=\"og:url\" content=\"https:\/\/naturalpoland.com\/de\/produkte\/produkte-der-lebensmittelindustrie\/rohstoffe-fur-die-produktion\/getrocknete-linden-bluete\/\" \/>\n<meta property=\"og:site_name\" content=\"NATURAL POLAND - IMPORT UND HANDEL VON ROHSTOFFEN\" \/>\n<meta property=\"article:publisher\" content=\"https:\/\/www.facebook.com\/naturalpoland.b2b\" \/>\n<meta property=\"article:modified_time\" content=\"2025-06-26T08:54:12+00:00\" \/>\n<meta property=\"og:image\" content=\"https:\/\/naturalpoland.com\/wp-content\/uploads\/suszony-kwiat-lipy.webp\" \/>\n\t<meta property=\"og:image:width\" content=\"1024\" \/>\n\t<meta property=\"og:image:height\" content=\"1024\" \/>\n\t<meta property=\"og:image:type\" content=\"image\/webp\" \/>\n<script type=\"application\/ld+json\" class=\"yoast-schema-graph\">{\"@context\":\"https:\\\/\\\/schema.org\",\"@graph\":[{\"@type\":\"WebPage\",\"@id\":\"https:\\\/\\\/naturalpoland.com\\\/de\\\/produkte\\\/produkte-der-lebensmittelindustrie\\\/rohstoffe-fur-die-produktion\\\/getrocknete-linden-bluete\\\/\",\"url\":\"https:\\\/\\\/naturalpoland.com\\\/de\\\/produkte\\\/produkte-der-lebensmittelindustrie\\\/rohstoffe-fur-die-produktion\\\/getrocknete-linden-bluete\\\/\",\"name\":\"Getrocknete Lindenbl\u00fcte - Gro\u00dfhandelsvertrieb\",\"isPartOf\":{\"@id\":\"https:\\\/\\\/naturalpoland.com\\\/de\\\/#website\"},\"primaryImageOfPage\":{\"@id\":\"https:\\\/\\\/naturalpoland.com\\\/de\\\/produkte\\\/produkte-der-lebensmittelindustrie\\\/rohstoffe-fur-die-produktion\\\/getrocknete-linden-bluete\\\/#primaryimage\"},\"image\":{\"@id\":\"https:\\\/\\\/naturalpoland.com\\\/de\\\/produkte\\\/produkte-der-lebensmittelindustrie\\\/rohstoffe-fur-die-produktion\\\/getrocknete-linden-bluete\\\/#primaryimage\"},\"thumbnailUrl\":\"https:\\\/\\\/naturalpoland.com\\\/wp-content\\\/uploads\\\/suszony-kwiat-lipy.webp\",\"datePublished\":\"2021-07-24T06:28:39+00:00\",\"dateModified\":\"2025-06-26T08:54:12+00:00\",\"description\":\"Die getrocknete Lindenbl\u00fcte zeichnet sich durch ihre einzelnen herzf\u00f6rmigen Bl\u00e4tter aus. Es kann zu einer Infusion verarbeitet werden, die bei Entz\u00fcndungen im Mundraum hilft.\",\"breadcrumb\":{\"@id\":\"https:\\\/\\\/naturalpoland.com\\\/de\\\/produkte\\\/produkte-der-lebensmittelindustrie\\\/rohstoffe-fur-die-produktion\\\/getrocknete-linden-bluete\\\/#breadcrumb\"},\"inLanguage\":\"de\",\"potentialAction\":[{\"@type\":\"ReadAction\",\"target\":[\"https:\\\/\\\/naturalpoland.com\\\/de\\\/produkte\\\/produkte-der-lebensmittelindustrie\\\/rohstoffe-fur-die-produktion\\\/getrocknete-linden-bluete\\\/\"]}]},{\"@type\":\"ImageObject\",\"inLanguage\":\"de\",\"@id\":\"https:\\\/\\\/naturalpoland.com\\\/de\\\/produkte\\\/produkte-der-lebensmittelindustrie\\\/rohstoffe-fur-die-produktion\\\/getrocknete-linden-bluete\\\/#primaryimage\",\"url\":\"https:\\\/\\\/naturalpoland.com\\\/wp-content\\\/uploads\\\/suszony-kwiat-lipy.webp\",\"contentUrl\":\"https:\\\/\\\/naturalpoland.com\\\/wp-content\\\/uploads\\\/suszony-kwiat-lipy.webp\",\"width\":1024,\"height\":1024,\"caption\":\"suszony kwiat lipy\"},{\"@type\":\"BreadcrumbList\",\"@id\":\"https:\\\/\\\/naturalpoland.com\\\/de\\\/produkte\\\/produkte-der-lebensmittelindustrie\\\/rohstoffe-fur-die-produktion\\\/getrocknete-linden-bluete\\\/#breadcrumb\",\"itemListElement\":[{\"@type\":\"ListItem\",\"position\":1,\"name\":\"Startseite\",\"item\":\"https:\\\/\\\/naturalpoland.com\\\/de\\\/\"},{\"@type\":\"ListItem\",\"position\":2,\"name\":\"Produkte\",\"item\":\"https:\\\/\\\/naturalpoland.com\\\/de\\\/produkte\\\/\"},{\"@type\":\"ListItem\",\"position\":3,\"name\":\"Getrocknete Lindenbl\u00fcte\"}]},{\"@type\":\"WebSite\",\"@id\":\"https:\\\/\\\/naturalpoland.com\\\/de\\\/#website\",\"url\":\"https:\\\/\\\/naturalpoland.com\\\/de\\\/\",\"name\":\"NATURAL POLAND - IMPORT UND HANDEL VON ROHSTOFFEN\",\"description\":\"Rohstoffe f\u00fcr die Lebensmittelindustrie, Kosmetikindustrie, Pharmaindustrie\",\"publisher\":{\"@id\":\"https:\\\/\\\/naturalpoland.com\\\/de\\\/#organization\"},\"potentialAction\":[{\"@type\":\"SearchAction\",\"target\":{\"@type\":\"EntryPoint\",\"urlTemplate\":\"https:\\\/\\\/naturalpoland.com\\\/de\\\/?s={search_term_string}\"},\"query-input\":{\"@type\":\"PropertyValueSpecification\",\"valueRequired\":true,\"valueName\":\"search_term_string\"}}],\"inLanguage\":\"de\"},{\"@type\":\"Organization\",\"@id\":\"https:\\\/\\\/naturalpoland.com\\\/de\\\/#organization\",\"name\":\"Natural Poland\",\"url\":\"https:\\\/\\\/naturalpoland.com\\\/de\\\/\",\"logo\":{\"@type\":\"ImageObject\",\"inLanguage\":\"de\",\"@id\":\"https:\\\/\\\/naturalpoland.com\\\/de\\\/#\\\/schema\\\/logo\\\/image\\\/\",\"url\":\"https:\\\/\\\/naturalpoland.com\\\/wp-content\\\/uploads\\\/2021\\\/05\\\/natural-poland-icon.png\",\"contentUrl\":\"https:\\\/\\\/naturalpoland.com\\\/wp-content\\\/uploads\\\/2021\\\/05\\\/natural-poland-icon.png\",\"width\":512,\"height\":512,\"caption\":\"Natural Poland\"},\"image\":{\"@id\":\"https:\\\/\\\/naturalpoland.com\\\/de\\\/#\\\/schema\\\/logo\\\/image\\\/\"},\"sameAs\":[\"https:\\\/\\\/www.facebook.com\\\/naturalpoland.b2b\",\"https:\\\/\\\/pl.linkedin.com\\\/company\\\/natural-poland\",\"https:\\\/\\\/www.youtube.com\\\/channel\\\/UCgeGGkvOMahZo-xu_MSEWxg\"]}]}<\/script>\n<!-- \/ Yoast SEO plugin. -->","yoast_head_json":{"title":"Getrocknete Lindenbl\u00fcte - Gro\u00dfhandelsvertrieb","description":"Die getrocknete Lindenbl\u00fcte zeichnet sich durch ihre einzelnen herzf\u00f6rmigen Bl\u00e4tter aus. Es kann zu einer Infusion verarbeitet werden, die bei Entz\u00fcndungen im Mundraum hilft.","robots":{"index":"index","follow":"follow","max-snippet":"max-snippet:-1","max-image-preview":"max-image-preview:large","max-video-preview":"max-video-preview:-1"},"canonical":"https:\/\/naturalpoland.com\/de\/produkte\/produkte-der-lebensmittelindustrie\/rohstoffe-fur-die-produktion\/getrocknete-linden-bluete\/","og_locale":"de_DE","og_type":"article","og_title":"Getrocknete Lindenbl\u00fcte - Gro\u00dfhandelsvertrieb","og_description":"Die getrocknete Lindenbl\u00fcte zeichnet sich durch ihre einzelnen herzf\u00f6rmigen Bl\u00e4tter aus. Es kann zu einer Infusion verarbeitet werden, die bei Entz\u00fcndungen im Mundraum hilft.","og_url":"https:\/\/naturalpoland.com\/de\/produkte\/produkte-der-lebensmittelindustrie\/rohstoffe-fur-die-produktion\/getrocknete-linden-bluete\/","og_site_name":"NATURAL POLAND - IMPORT UND HANDEL VON ROHSTOFFEN","article_publisher":"https:\/\/www.facebook.com\/naturalpoland.b2b","article_modified_time":"2025-06-26T08:54:12+00:00","og_image":[{"width":1024,"height":1024,"url":"https:\/\/naturalpoland.com\/wp-content\/uploads\/suszony-kwiat-lipy.webp","type":"image\/webp"}],"schema":{"@context":"https:\/\/schema.org","@graph":[{"@type":"WebPage","@id":"https:\/\/naturalpoland.com\/de\/produkte\/produkte-der-lebensmittelindustrie\/rohstoffe-fur-die-produktion\/getrocknete-linden-bluete\/","url":"https:\/\/naturalpoland.com\/de\/produkte\/produkte-der-lebensmittelindustrie\/rohstoffe-fur-die-produktion\/getrocknete-linden-bluete\/","name":"Getrocknete Lindenbl\u00fcte - Gro\u00dfhandelsvertrieb","isPartOf":{"@id":"https:\/\/naturalpoland.com\/de\/#website"},"primaryImageOfPage":{"@id":"https:\/\/naturalpoland.com\/de\/produkte\/produkte-der-lebensmittelindustrie\/rohstoffe-fur-die-produktion\/getrocknete-linden-bluete\/#primaryimage"},"image":{"@id":"https:\/\/naturalpoland.com\/de\/produkte\/produkte-der-lebensmittelindustrie\/rohstoffe-fur-die-produktion\/getrocknete-linden-bluete\/#primaryimage"},"thumbnailUrl":"https:\/\/naturalpoland.com\/wp-content\/uploads\/suszony-kwiat-lipy.webp","datePublished":"2021-07-24T06:28:39+00:00","dateModified":"2025-06-26T08:54:12+00:00","description":"Die getrocknete Lindenbl\u00fcte zeichnet sich durch ihre einzelnen herzf\u00f6rmigen Bl\u00e4tter aus. Es kann zu einer Infusion verarbeitet werden, die bei Entz\u00fcndungen im Mundraum hilft.","breadcrumb":{"@id":"https:\/\/naturalpoland.com\/de\/produkte\/produkte-der-lebensmittelindustrie\/rohstoffe-fur-die-produktion\/getrocknete-linden-bluete\/#breadcrumb"},"inLanguage":"de","potentialAction":[{"@type":"ReadAction","target":["https:\/\/naturalpoland.com\/de\/produkte\/produkte-der-lebensmittelindustrie\/rohstoffe-fur-die-produktion\/getrocknete-linden-bluete\/"]}]},{"@type":"ImageObject","inLanguage":"de","@id":"https:\/\/naturalpoland.com\/de\/produkte\/produkte-der-lebensmittelindustrie\/rohstoffe-fur-die-produktion\/getrocknete-linden-bluete\/#primaryimage","url":"https:\/\/naturalpoland.com\/wp-content\/uploads\/suszony-kwiat-lipy.webp","contentUrl":"https:\/\/naturalpoland.com\/wp-content\/uploads\/suszony-kwiat-lipy.webp","width":1024,"height":1024,"caption":"suszony kwiat lipy"},{"@type":"BreadcrumbList","@id":"https:\/\/naturalpoland.com\/de\/produkte\/produkte-der-lebensmittelindustrie\/rohstoffe-fur-die-produktion\/getrocknete-linden-bluete\/#breadcrumb","itemListElement":[{"@type":"ListItem","position":1,"name":"Startseite","item":"https:\/\/naturalpoland.com\/de\/"},{"@type":"ListItem","position":2,"name":"Produkte","item":"https:\/\/naturalpoland.com\/de\/produkte\/"},{"@type":"ListItem","position":3,"name":"Getrocknete Lindenbl\u00fcte"}]},{"@type":"WebSite","@id":"https:\/\/naturalpoland.com\/de\/#website","url":"https:\/\/naturalpoland.com\/de\/","name":"NATURAL POLAND - IMPORT UND HANDEL VON ROHSTOFFEN","description":"Rohstoffe f\u00fcr die Lebensmittelindustrie, Kosmetikindustrie, Pharmaindustrie","publisher":{"@id":"https:\/\/naturalpoland.com\/de\/#organization"},"potentialAction":[{"@type":"SearchAction","target":{"@type":"EntryPoint","urlTemplate":"https:\/\/naturalpoland.com\/de\/?s={search_term_string}"},"query-input":{"@type":"PropertyValueSpecification","valueRequired":true,"valueName":"search_term_string"}}],"inLanguage":"de"},{"@type":"Organization","@id":"https:\/\/naturalpoland.com\/de\/#organization","name":"Natural Poland","url":"https:\/\/naturalpoland.com\/de\/","logo":{"@type":"ImageObject","inLanguage":"de","@id":"https:\/\/naturalpoland.com\/de\/#\/schema\/logo\/image\/","url":"https:\/\/naturalpoland.com\/wp-content\/uploads\/2021\/05\/natural-poland-icon.png","contentUrl":"https:\/\/naturalpoland.com\/wp-content\/uploads\/2021\/05\/natural-poland-icon.png","width":512,"height":512,"caption":"Natural Poland"},"image":{"@id":"https:\/\/naturalpoland.com\/de\/#\/schema\/logo\/image\/"},"sameAs":["https:\/\/www.facebook.com\/naturalpoland.b2b","https:\/\/pl.linkedin.com\/company\/natural-poland","https:\/\/www.youtube.com\/channel\/UCgeGGkvOMahZo-xu_MSEWxg"]}]}},"_links":{"self":[{"href":"https:\/\/naturalpoland.com\/de\/wp-json\/wp\/v2\/product\/5255","targetHints":{"allow":["GET"]}}],"collection":[{"href":"https:\/\/naturalpoland.com\/de\/wp-json\/wp\/v2\/product"}],"about":[{"href":"https:\/\/naturalpoland.com\/de\/wp-json\/wp\/v2\/types\/product"}],"wp:featuredmedia":[{"embeddable":true,"href":"https:\/\/naturalpoland.com\/de\/wp-json\/wp\/v2\/media\/41652"}],"wp:attachment":[{"href":"https:\/\/naturalpoland.com\/de\/wp-json\/wp\/v2\/media?parent=5255"}],"wp:term":[{"taxonomy":"product_brand","embeddable":true,"href":"https:\/\/naturalpoland.com\/de\/wp-json\/wp\/v2\/product_brand?post=5255"},{"taxonomy":"product_cat","embeddable":true,"href":"https:\/\/naturalpoland.com\/de\/wp-json\/wp\/v2\/product_cat?post=5255"},{"taxonomy":"product_tag","embeddable":true,"href":"https:\/\/naturalpoland.com\/de\/wp-json\/wp\/v2\/product_tag?post=5255"}],"curies":[{"name":"wp","href":"https:\/\/api.w.org\/{rel}","templated":true}]}}