{"id":5258,"date":"2021-05-11T13:56:38","date_gmt":"2021-07-24T06:50:48","guid":{"rendered":"https:\/\/naturalpoland.pl\/produkty\/unkategorisiert\/getrocknete-suessholzwurzel\/"},"modified":"2021-07-24T08:50:48","modified_gmt":"2021-07-24T06:50:48","slug":"getrocknete-susholzwurzel","status":"publish","type":"product","link":"https:\/\/naturalpoland.com\/de\/produkte\/produkte-der-lebensmittelindustrie\/rohstoffe-fur-die-produktion\/getrocknete-susholzwurzel\/","title":{"rendered":"Getrocknete S\u00fc\u00dfholzwurzel"},"content":{"rendered":"<p>S\u00fc\u00dfholzwurzel hat eine positive Wirkung auf das Atmungssystem und wirkt diastolisch und schleiml\u00f6send. Es kann das Wachstum von Helicobacter pyroli Bakterien blockieren.<\/p>\n<p>Das Lakritz sollte nicht bei Bluthochdruck, Lebererkrankungen, Nierenversagen und w\u00e4hrend der Schwangerschaft und Stillzeit verwendet werden.<\/p>\n","protected":false},"excerpt":{"rendered":"<p>Glycyrrhizin, eine chemische Verbindung aus der Gruppe der Saponine, ist f\u00fcr die S\u00fc\u00dfe der Lakritze verantwortlich. In der Wurzel befinden sich etwa 400 chemische Verbindungen. Es wird seit Tausenden von Jahren in der Kr\u00e4utermedizin verwendet. Getrocknete S\u00fc\u00dfholzwurzel ist gelb und sehr s\u00fc\u00df. Es hilft bei der Verdauung, beruhigt Entz\u00fcndungen der Haut und beschleunigt die Heilung von Wunden und Ekzemen.<\/p>\n","protected":false},"featured_media":5259,"template":"","meta":[],"product_brand":[],"product_cat":[349],"product_tag":[],"class_list":{"0":"post-5258","1":"product","2":"type-product","3":"status-publish","4":"has-post-thumbnail","6":"product_cat-rohstoffe-fur-die-produktion","8":"first","9":"instock","10":"shipping-taxable","11":"product-type-simple"},"yoast_head":"<!-- This site is optimized with the Yoast SEO plugin v27.3 - https:\/\/yoast.com\/product\/yoast-seo-wordpress\/ -->\n<title>Getrocknete S\u00fc\u00dfholzwurzel - Gro\u00dfhandelsvertrieb<\/title>\n<meta name=\"robots\" content=\"index, follow, max-snippet:-1, max-image-preview:large, max-video-preview:-1\" \/>\n<link rel=\"canonical\" href=\"https:\/\/naturalpoland.com\/de\/produkte\/produkte-der-lebensmittelindustrie\/rohstoffe-fur-die-produktion\/getrocknete-susholzwurzel\/\" \/>\n<meta property=\"og:locale\" content=\"de_DE\" \/>\n<meta property=\"og:type\" content=\"article\" \/>\n<meta property=\"og:title\" content=\"Getrocknete S\u00fc\u00dfholzwurzel - Gro\u00dfhandelsvertrieb\" \/>\n<meta property=\"og:description\" content=\"Glycyrrhizin, eine chemische Verbindung aus der Gruppe der Saponine, ist f\u00fcr die S\u00fc\u00dfe der Lakritze verantwortlich. In der Wurzel befinden sich etwa 400 chemische Verbindungen. Es wird seit Tausenden von Jahren in der Kr\u00e4utermedizin verwendet. Getrocknete S\u00fc\u00dfholzwurzel ist gelb und sehr s\u00fc\u00df. Es hilft bei der Verdauung, beruhigt Entz\u00fcndungen der Haut und beschleunigt die Heilung von Wunden und Ekzemen.\" \/>\n<meta property=\"og:url\" content=\"https:\/\/naturalpoland.com\/de\/produkte\/produkte-der-lebensmittelindustrie\/rohstoffe-fur-die-produktion\/getrocknete-susholzwurzel\/\" \/>\n<meta property=\"og:site_name\" content=\"NATURAL POLAND - IMPORT UND HANDEL VON ROHSTOFFEN\" \/>\n<meta property=\"article:publisher\" content=\"https:\/\/www.facebook.com\/naturalpoland.b2b\" \/>\n<meta property=\"og:image\" content=\"https:\/\/naturalpoland.com\/wp-content\/uploads\/2021\/05\/dried-licorice-root.jpg\" \/>\n\t<meta property=\"og:image:width\" content=\"1920\" \/>\n\t<meta property=\"og:image:height\" content=\"1440\" \/>\n\t<meta property=\"og:image:type\" content=\"image\/jpeg\" \/>\n<script type=\"application\/ld+json\" class=\"yoast-schema-graph\">{\"@context\":\"https:\\\/\\\/schema.org\",\"@graph\":[{\"@type\":\"WebPage\",\"@id\":\"https:\\\/\\\/naturalpoland.com\\\/de\\\/produkte\\\/produkte-der-lebensmittelindustrie\\\/rohstoffe-fur-die-produktion\\\/getrocknete-susholzwurzel\\\/\",\"url\":\"https:\\\/\\\/naturalpoland.com\\\/de\\\/produkte\\\/produkte-der-lebensmittelindustrie\\\/rohstoffe-fur-die-produktion\\\/getrocknete-susholzwurzel\\\/\",\"name\":\"Getrocknete S\u00fc\u00dfholzwurzel - Gro\u00dfhandelsvertrieb\",\"isPartOf\":{\"@id\":\"https:\\\/\\\/naturalpoland.com\\\/de\\\/#website\"},\"primaryImageOfPage\":{\"@id\":\"https:\\\/\\\/naturalpoland.com\\\/de\\\/produkte\\\/produkte-der-lebensmittelindustrie\\\/rohstoffe-fur-die-produktion\\\/getrocknete-susholzwurzel\\\/#primaryimage\"},\"image\":{\"@id\":\"https:\\\/\\\/naturalpoland.com\\\/de\\\/produkte\\\/produkte-der-lebensmittelindustrie\\\/rohstoffe-fur-die-produktion\\\/getrocknete-susholzwurzel\\\/#primaryimage\"},\"thumbnailUrl\":\"https:\\\/\\\/naturalpoland.com\\\/wp-content\\\/uploads\\\/2021\\\/05\\\/dried-licorice-root.jpg\",\"datePublished\":\"2021-07-24T06:50:48+00:00\",\"breadcrumb\":{\"@id\":\"https:\\\/\\\/naturalpoland.com\\\/de\\\/produkte\\\/produkte-der-lebensmittelindustrie\\\/rohstoffe-fur-die-produktion\\\/getrocknete-susholzwurzel\\\/#breadcrumb\"},\"inLanguage\":\"de\",\"potentialAction\":[{\"@type\":\"ReadAction\",\"target\":[\"https:\\\/\\\/naturalpoland.com\\\/de\\\/produkte\\\/produkte-der-lebensmittelindustrie\\\/rohstoffe-fur-die-produktion\\\/getrocknete-susholzwurzel\\\/\"]}]},{\"@type\":\"ImageObject\",\"inLanguage\":\"de\",\"@id\":\"https:\\\/\\\/naturalpoland.com\\\/de\\\/produkte\\\/produkte-der-lebensmittelindustrie\\\/rohstoffe-fur-die-produktion\\\/getrocknete-susholzwurzel\\\/#primaryimage\",\"url\":\"https:\\\/\\\/naturalpoland.com\\\/wp-content\\\/uploads\\\/2021\\\/05\\\/dried-licorice-root.jpg\",\"contentUrl\":\"https:\\\/\\\/naturalpoland.com\\\/wp-content\\\/uploads\\\/2021\\\/05\\\/dried-licorice-root.jpg\",\"width\":1920,\"height\":1440},{\"@type\":\"BreadcrumbList\",\"@id\":\"https:\\\/\\\/naturalpoland.com\\\/de\\\/produkte\\\/produkte-der-lebensmittelindustrie\\\/rohstoffe-fur-die-produktion\\\/getrocknete-susholzwurzel\\\/#breadcrumb\",\"itemListElement\":[{\"@type\":\"ListItem\",\"position\":1,\"name\":\"Startseite\",\"item\":\"https:\\\/\\\/naturalpoland.com\\\/de\\\/\"},{\"@type\":\"ListItem\",\"position\":2,\"name\":\"Produkte\",\"item\":\"https:\\\/\\\/naturalpoland.com\\\/de\\\/produkte\\\/\"},{\"@type\":\"ListItem\",\"position\":3,\"name\":\"Getrocknete S\u00fc\u00dfholzwurzel\"}]},{\"@type\":\"WebSite\",\"@id\":\"https:\\\/\\\/naturalpoland.com\\\/de\\\/#website\",\"url\":\"https:\\\/\\\/naturalpoland.com\\\/de\\\/\",\"name\":\"NATURAL POLAND - IMPORT UND HANDEL VON ROHSTOFFEN\",\"description\":\"Rohstoffe f\u00fcr die Lebensmittelindustrie, Kosmetikindustrie, Pharmaindustrie\",\"publisher\":{\"@id\":\"https:\\\/\\\/naturalpoland.com\\\/de\\\/#organization\"},\"potentialAction\":[{\"@type\":\"SearchAction\",\"target\":{\"@type\":\"EntryPoint\",\"urlTemplate\":\"https:\\\/\\\/naturalpoland.com\\\/de\\\/?s={search_term_string}\"},\"query-input\":{\"@type\":\"PropertyValueSpecification\",\"valueRequired\":true,\"valueName\":\"search_term_string\"}}],\"inLanguage\":\"de\"},{\"@type\":\"Organization\",\"@id\":\"https:\\\/\\\/naturalpoland.com\\\/de\\\/#organization\",\"name\":\"Natural Poland\",\"url\":\"https:\\\/\\\/naturalpoland.com\\\/de\\\/\",\"logo\":{\"@type\":\"ImageObject\",\"inLanguage\":\"de\",\"@id\":\"https:\\\/\\\/naturalpoland.com\\\/de\\\/#\\\/schema\\\/logo\\\/image\\\/\",\"url\":\"https:\\\/\\\/naturalpoland.com\\\/wp-content\\\/uploads\\\/2021\\\/05\\\/natural-poland-icon.png\",\"contentUrl\":\"https:\\\/\\\/naturalpoland.com\\\/wp-content\\\/uploads\\\/2021\\\/05\\\/natural-poland-icon.png\",\"width\":512,\"height\":512,\"caption\":\"Natural Poland\"},\"image\":{\"@id\":\"https:\\\/\\\/naturalpoland.com\\\/de\\\/#\\\/schema\\\/logo\\\/image\\\/\"},\"sameAs\":[\"https:\\\/\\\/www.facebook.com\\\/naturalpoland.b2b\",\"https:\\\/\\\/pl.linkedin.com\\\/company\\\/natural-poland\",\"https:\\\/\\\/www.youtube.com\\\/channel\\\/UCgeGGkvOMahZo-xu_MSEWxg\"]}]}<\/script>\n<!-- \/ Yoast SEO plugin. -->","yoast_head_json":{"title":"Getrocknete S\u00fc\u00dfholzwurzel - Gro\u00dfhandelsvertrieb","robots":{"index":"index","follow":"follow","max-snippet":"max-snippet:-1","max-image-preview":"max-image-preview:large","max-video-preview":"max-video-preview:-1"},"canonical":"https:\/\/naturalpoland.com\/de\/produkte\/produkte-der-lebensmittelindustrie\/rohstoffe-fur-die-produktion\/getrocknete-susholzwurzel\/","og_locale":"de_DE","og_type":"article","og_title":"Getrocknete S\u00fc\u00dfholzwurzel - Gro\u00dfhandelsvertrieb","og_description":"Glycyrrhizin, eine chemische Verbindung aus der Gruppe der Saponine, ist f\u00fcr die S\u00fc\u00dfe der Lakritze verantwortlich. In der Wurzel befinden sich etwa 400 chemische Verbindungen. Es wird seit Tausenden von Jahren in der Kr\u00e4utermedizin verwendet. Getrocknete S\u00fc\u00dfholzwurzel ist gelb und sehr s\u00fc\u00df. Es hilft bei der Verdauung, beruhigt Entz\u00fcndungen der Haut und beschleunigt die Heilung von Wunden und Ekzemen.","og_url":"https:\/\/naturalpoland.com\/de\/produkte\/produkte-der-lebensmittelindustrie\/rohstoffe-fur-die-produktion\/getrocknete-susholzwurzel\/","og_site_name":"NATURAL POLAND - IMPORT UND HANDEL VON ROHSTOFFEN","article_publisher":"https:\/\/www.facebook.com\/naturalpoland.b2b","og_image":[{"width":1920,"height":1440,"url":"https:\/\/naturalpoland.com\/wp-content\/uploads\/2021\/05\/dried-licorice-root.jpg","type":"image\/jpeg"}],"schema":{"@context":"https:\/\/schema.org","@graph":[{"@type":"WebPage","@id":"https:\/\/naturalpoland.com\/de\/produkte\/produkte-der-lebensmittelindustrie\/rohstoffe-fur-die-produktion\/getrocknete-susholzwurzel\/","url":"https:\/\/naturalpoland.com\/de\/produkte\/produkte-der-lebensmittelindustrie\/rohstoffe-fur-die-produktion\/getrocknete-susholzwurzel\/","name":"Getrocknete S\u00fc\u00dfholzwurzel - Gro\u00dfhandelsvertrieb","isPartOf":{"@id":"https:\/\/naturalpoland.com\/de\/#website"},"primaryImageOfPage":{"@id":"https:\/\/naturalpoland.com\/de\/produkte\/produkte-der-lebensmittelindustrie\/rohstoffe-fur-die-produktion\/getrocknete-susholzwurzel\/#primaryimage"},"image":{"@id":"https:\/\/naturalpoland.com\/de\/produkte\/produkte-der-lebensmittelindustrie\/rohstoffe-fur-die-produktion\/getrocknete-susholzwurzel\/#primaryimage"},"thumbnailUrl":"https:\/\/naturalpoland.com\/wp-content\/uploads\/2021\/05\/dried-licorice-root.jpg","datePublished":"2021-07-24T06:50:48+00:00","breadcrumb":{"@id":"https:\/\/naturalpoland.com\/de\/produkte\/produkte-der-lebensmittelindustrie\/rohstoffe-fur-die-produktion\/getrocknete-susholzwurzel\/#breadcrumb"},"inLanguage":"de","potentialAction":[{"@type":"ReadAction","target":["https:\/\/naturalpoland.com\/de\/produkte\/produkte-der-lebensmittelindustrie\/rohstoffe-fur-die-produktion\/getrocknete-susholzwurzel\/"]}]},{"@type":"ImageObject","inLanguage":"de","@id":"https:\/\/naturalpoland.com\/de\/produkte\/produkte-der-lebensmittelindustrie\/rohstoffe-fur-die-produktion\/getrocknete-susholzwurzel\/#primaryimage","url":"https:\/\/naturalpoland.com\/wp-content\/uploads\/2021\/05\/dried-licorice-root.jpg","contentUrl":"https:\/\/naturalpoland.com\/wp-content\/uploads\/2021\/05\/dried-licorice-root.jpg","width":1920,"height":1440},{"@type":"BreadcrumbList","@id":"https:\/\/naturalpoland.com\/de\/produkte\/produkte-der-lebensmittelindustrie\/rohstoffe-fur-die-produktion\/getrocknete-susholzwurzel\/#breadcrumb","itemListElement":[{"@type":"ListItem","position":1,"name":"Startseite","item":"https:\/\/naturalpoland.com\/de\/"},{"@type":"ListItem","position":2,"name":"Produkte","item":"https:\/\/naturalpoland.com\/de\/produkte\/"},{"@type":"ListItem","position":3,"name":"Getrocknete S\u00fc\u00dfholzwurzel"}]},{"@type":"WebSite","@id":"https:\/\/naturalpoland.com\/de\/#website","url":"https:\/\/naturalpoland.com\/de\/","name":"NATURAL POLAND - IMPORT UND HANDEL VON ROHSTOFFEN","description":"Rohstoffe f\u00fcr die Lebensmittelindustrie, Kosmetikindustrie, Pharmaindustrie","publisher":{"@id":"https:\/\/naturalpoland.com\/de\/#organization"},"potentialAction":[{"@type":"SearchAction","target":{"@type":"EntryPoint","urlTemplate":"https:\/\/naturalpoland.com\/de\/?s={search_term_string}"},"query-input":{"@type":"PropertyValueSpecification","valueRequired":true,"valueName":"search_term_string"}}],"inLanguage":"de"},{"@type":"Organization","@id":"https:\/\/naturalpoland.com\/de\/#organization","name":"Natural Poland","url":"https:\/\/naturalpoland.com\/de\/","logo":{"@type":"ImageObject","inLanguage":"de","@id":"https:\/\/naturalpoland.com\/de\/#\/schema\/logo\/image\/","url":"https:\/\/naturalpoland.com\/wp-content\/uploads\/2021\/05\/natural-poland-icon.png","contentUrl":"https:\/\/naturalpoland.com\/wp-content\/uploads\/2021\/05\/natural-poland-icon.png","width":512,"height":512,"caption":"Natural Poland"},"image":{"@id":"https:\/\/naturalpoland.com\/de\/#\/schema\/logo\/image\/"},"sameAs":["https:\/\/www.facebook.com\/naturalpoland.b2b","https:\/\/pl.linkedin.com\/company\/natural-poland","https:\/\/www.youtube.com\/channel\/UCgeGGkvOMahZo-xu_MSEWxg"]}]}},"_links":{"self":[{"href":"https:\/\/naturalpoland.com\/de\/wp-json\/wp\/v2\/product\/5258","targetHints":{"allow":["GET"]}}],"collection":[{"href":"https:\/\/naturalpoland.com\/de\/wp-json\/wp\/v2\/product"}],"about":[{"href":"https:\/\/naturalpoland.com\/de\/wp-json\/wp\/v2\/types\/product"}],"wp:featuredmedia":[{"embeddable":true,"href":"https:\/\/naturalpoland.com\/de\/wp-json\/wp\/v2\/media\/5259"}],"wp:attachment":[{"href":"https:\/\/naturalpoland.com\/de\/wp-json\/wp\/v2\/media?parent=5258"}],"wp:term":[{"taxonomy":"product_brand","embeddable":true,"href":"https:\/\/naturalpoland.com\/de\/wp-json\/wp\/v2\/product_brand?post=5258"},{"taxonomy":"product_cat","embeddable":true,"href":"https:\/\/naturalpoland.com\/de\/wp-json\/wp\/v2\/product_cat?post=5258"},{"taxonomy":"product_tag","embeddable":true,"href":"https:\/\/naturalpoland.com\/de\/wp-json\/wp\/v2\/product_tag?post=5258"}],"curies":[{"name":"wp","href":"https:\/\/api.w.org\/{rel}","templated":true}]}}