{"id":5282,"date":"2021-05-11T13:44:34","date_gmt":"2021-05-11T11:44:34","guid":{"rendered":"https:\/\/naturalpoland.pl\/produkty\/unkategorisiert\/kupferkomplex-des-chlorophylls\/"},"modified":"2025-11-03T09:39:24","modified_gmt":"2025-11-03T08:39:24","slug":"chlorophyll-kupfer-komplex","status":"publish","type":"product","link":"https:\/\/naturalpoland.com\/de\/produkte\/produkte-fur-die-pharmaindustrie\/nahrungserganzungmittel\/chlorophyll-kupfer-komplex\/","title":{"rendered":"Kupferkomplex des Chlorophylls"},"content":{"rendered":"<p>Bei der Herstellung des Chlorophyll-Kupferkomplexes wird das nat\u00fcrliche Magnesium, das im Chlorophyll enthalten ist, durch Kupferionen ersetzt. Dies gew\u00e4hrleistet eine h\u00f6here Stabilit\u00e4t und Wasserl\u00f6slichkeit. Im Falle des angebotenen Rohstoffs ist das Ausgangsmaterial <g id=\"gid_0\">Morus alba L<\/g>. (Wei\u00dfe Maulbeere), und die Produktform ist ein dunkelgr\u00fcnes, fein gemahlenes Pulver mit charakteristischem Geruch und einem pH-Wert im Bereich von 9,5\u201310,7.   <\/p>\n<h2>Merkmale und Vorteile<\/h2>\n<p>Der Chlorophyll-Kupferkomplex zeichnet sich durch einen hohen Gehalt an cheliertem Kupfer (min. 4 %) und Gesamtkupfer (min. 4,25 %) aus. Das Produkt weist starke antioxidative Eigenschaften auf, unterst\u00fctzt die <g id=\"gid_0\">Entgiftung des K\u00f6rpers<\/g> und f\u00f6rdert die nat\u00fcrlichen Schutzmechanismen der Haut. Dank seines Kupfergehalts kann es an den Regenerationsprozessen der Haut teilnehmen und die Produktion von Kollagen und Elastin unterst\u00fctzen.  <\/p>\n<p>Zus\u00e4tzlich wirkt es desodorierend \u2013 es <strong>neutralisiert unangenehme K\u00f6rperger\u00fcche<\/strong>, weshalb es h\u00e4ufig bei Personen mit Stomaproblemen, Inkontinenz oder erh\u00f6hter Schwei\u00dfbildung eingesetzt wird. In Nahrungserg\u00e4nzungsmitteln kann es die Ausscheidung von Toxinen und die Verbesserung des allgemeinen K\u00f6rperzustands unterst\u00fctzen. <\/p>\n<h2>Anwendung<\/h2>\n<ul>\n<li><strong>Kosmetika<\/strong>: Farbstoff und Wirkstoff in reinigenden, entgiftenden und hautregenerierenden Produkten.<\/li>\n<li><strong>Nahrungserg\u00e4nzungsmittel<\/strong>: als entgiftender, antioxidativer Bestandteil, der die Darmflora unterst\u00fctzt und unangenehme K\u00f6rperger\u00fcche neutralisiert.<\/li>\n<li><strong>Lebensmittelindustrie<\/strong>: verwendet als <strong>gr\u00fcner Farbstoff E141<\/strong>, insbesondere in Produkten f\u00fcr Kinder, Getr\u00e4nken, S\u00fc\u00dfigkeiten oder aufl\u00f6sbaren Nahrungserg\u00e4nzungsmitteln.<\/li>\n<li><strong>Pharmazeutische und Hygieneprodukte<\/strong>: f\u00f6rdert die Heilung, beseitigt unangenehme Ger\u00fcche und hat beruhigende Eigenschaften.<\/li>\n<\/ul>\n","protected":false},"excerpt":{"rendered":"<p>Der Chlorophyll-Kupferkomplex ist eine halbsynthetische Verbindung nat\u00fcrlichen Ursprungs, die auf Basis von Chlorophyll \u2013 dem gr\u00fcnen <a href=\"https:\/\/naturalpoland.com\/de\/produkte\/produkte-fur-die-kosmetikindustrie\/kosmetische-farbstoffe\/farbstoffe-natuerlichen-ursprungs\/\">Farbstoff<\/a>, der in Pflanzen vorkommt \u2013 gewonnen wird.<\/p>\n","protected":false},"featured_media":42240,"template":"","meta":{"_acf_changed":false},"product_brand":[],"product_cat":[373],"product_tag":[],"class_list":{"0":"post-5282","1":"product","2":"type-product","3":"status-publish","4":"has-post-thumbnail","6":"product_cat-nahrungserganzungmittel","8":"first","9":"instock","10":"shipping-taxable","11":"product-type-simple"},"acf":[],"yoast_head":"<!-- This site is optimized with the Yoast SEO plugin v27.5 - https:\/\/yoast.com\/product\/yoast-seo-wordpress\/ -->\n<title>Kupferkomplex des Chlorophylls - Gro\u00dfhandelsvertrieb<\/title>\n<meta name=\"description\" content=\"Der Chlorophyll-Kupferkomplex ist eine halbsynthetische Verbindung nat\u00fcrlichen Ursprungs, die auf Basis von Chlorophyll \u2013 dem gr\u00fcnen Farbstoff, der in Pflanzen vorkommt \u2013 gewonnen wird.\" \/>\n<meta name=\"robots\" content=\"index, follow, max-snippet:-1, max-image-preview:large, max-video-preview:-1\" \/>\n<link rel=\"canonical\" href=\"https:\/\/naturalpoland.com\/de\/produkte\/produkte-fur-die-pharmaindustrie\/nahrungserganzungmittel\/chlorophyll-kupfer-komplex\/\" \/>\n<meta property=\"og:locale\" content=\"de_DE\" \/>\n<meta property=\"og:type\" content=\"article\" \/>\n<meta property=\"og:title\" content=\"Kupferkomplex des Chlorophylls - Gro\u00dfhandelsvertrieb\" \/>\n<meta property=\"og:description\" content=\"Der Chlorophyll-Kupferkomplex ist eine halbsynthetische Verbindung nat\u00fcrlichen Ursprungs, die auf Basis von Chlorophyll \u2013 dem gr\u00fcnen Farbstoff, der in Pflanzen vorkommt \u2013 gewonnen wird.\" \/>\n<meta property=\"og:url\" content=\"https:\/\/naturalpoland.com\/de\/produkte\/produkte-fur-die-pharmaindustrie\/nahrungserganzungmittel\/chlorophyll-kupfer-komplex\/\" \/>\n<meta property=\"og:site_name\" content=\"NATURAL POLAND - IMPORT UND HANDEL VON ROHSTOFFEN\" \/>\n<meta property=\"article:publisher\" content=\"https:\/\/www.facebook.com\/naturalpoland.b2b\" \/>\n<meta property=\"article:modified_time\" content=\"2025-11-03T08:39:24+00:00\" \/>\n<meta property=\"og:image\" content=\"https:\/\/naturalpoland.com\/wp-content\/uploads\/kompleks-miedziowy-chlorofilu.webp\" \/>\n\t<meta property=\"og:image:width\" content=\"1024\" \/>\n\t<meta property=\"og:image:height\" content=\"1024\" \/>\n\t<meta property=\"og:image:type\" content=\"image\/webp\" \/>\n<script type=\"application\/ld+json\" class=\"yoast-schema-graph\">{\"@context\":\"https:\\\/\\\/schema.org\",\"@graph\":[{\"@type\":\"WebPage\",\"@id\":\"https:\\\/\\\/naturalpoland.com\\\/de\\\/produkte\\\/produkte-fur-die-pharmaindustrie\\\/nahrungserganzungmittel\\\/chlorophyll-kupfer-komplex\\\/\",\"url\":\"https:\\\/\\\/naturalpoland.com\\\/de\\\/produkte\\\/produkte-fur-die-pharmaindustrie\\\/nahrungserganzungmittel\\\/chlorophyll-kupfer-komplex\\\/\",\"name\":\"Kupferkomplex des Chlorophylls - Gro\u00dfhandelsvertrieb\",\"isPartOf\":{\"@id\":\"https:\\\/\\\/naturalpoland.com\\\/de\\\/#website\"},\"primaryImageOfPage\":{\"@id\":\"https:\\\/\\\/naturalpoland.com\\\/de\\\/produkte\\\/produkte-fur-die-pharmaindustrie\\\/nahrungserganzungmittel\\\/chlorophyll-kupfer-komplex\\\/#primaryimage\"},\"image\":{\"@id\":\"https:\\\/\\\/naturalpoland.com\\\/de\\\/produkte\\\/produkte-fur-die-pharmaindustrie\\\/nahrungserganzungmittel\\\/chlorophyll-kupfer-komplex\\\/#primaryimage\"},\"thumbnailUrl\":\"https:\\\/\\\/naturalpoland.com\\\/wp-content\\\/uploads\\\/kompleks-miedziowy-chlorofilu.webp\",\"datePublished\":\"2021-05-11T11:44:34+00:00\",\"dateModified\":\"2025-11-03T08:39:24+00:00\",\"description\":\"Der Chlorophyll-Kupferkomplex ist eine halbsynthetische Verbindung nat\u00fcrlichen Ursprungs, die auf Basis von Chlorophyll \u2013 dem gr\u00fcnen Farbstoff, der in Pflanzen vorkommt \u2013 gewonnen wird.\",\"breadcrumb\":{\"@id\":\"https:\\\/\\\/naturalpoland.com\\\/de\\\/produkte\\\/produkte-fur-die-pharmaindustrie\\\/nahrungserganzungmittel\\\/chlorophyll-kupfer-komplex\\\/#breadcrumb\"},\"inLanguage\":\"de\",\"potentialAction\":[{\"@type\":\"ReadAction\",\"target\":[\"https:\\\/\\\/naturalpoland.com\\\/de\\\/produkte\\\/produkte-fur-die-pharmaindustrie\\\/nahrungserganzungmittel\\\/chlorophyll-kupfer-komplex\\\/\"]}]},{\"@type\":\"ImageObject\",\"inLanguage\":\"de\",\"@id\":\"https:\\\/\\\/naturalpoland.com\\\/de\\\/produkte\\\/produkte-fur-die-pharmaindustrie\\\/nahrungserganzungmittel\\\/chlorophyll-kupfer-komplex\\\/#primaryimage\",\"url\":\"https:\\\/\\\/naturalpoland.com\\\/wp-content\\\/uploads\\\/kompleks-miedziowy-chlorofilu.webp\",\"contentUrl\":\"https:\\\/\\\/naturalpoland.com\\\/wp-content\\\/uploads\\\/kompleks-miedziowy-chlorofilu.webp\",\"width\":1024,\"height\":1024,\"caption\":\"Kupferkomplex des Chlorophylls\"},{\"@type\":\"BreadcrumbList\",\"@id\":\"https:\\\/\\\/naturalpoland.com\\\/de\\\/produkte\\\/produkte-fur-die-pharmaindustrie\\\/nahrungserganzungmittel\\\/chlorophyll-kupfer-komplex\\\/#breadcrumb\",\"itemListElement\":[{\"@type\":\"ListItem\",\"position\":1,\"name\":\"Startseite\",\"item\":\"https:\\\/\\\/naturalpoland.com\\\/de\\\/\"},{\"@type\":\"ListItem\",\"position\":2,\"name\":\"Produkte\",\"item\":\"https:\\\/\\\/naturalpoland.com\\\/de\\\/produkte\\\/\"},{\"@type\":\"ListItem\",\"position\":3,\"name\":\"Kupferkomplex des Chlorophylls\"}]},{\"@type\":\"WebSite\",\"@id\":\"https:\\\/\\\/naturalpoland.com\\\/de\\\/#website\",\"url\":\"https:\\\/\\\/naturalpoland.com\\\/de\\\/\",\"name\":\"NATURAL POLAND - IMPORT UND HANDEL VON ROHSTOFFEN\",\"description\":\"Rohstoffe f\u00fcr die Lebensmittelindustrie, Kosmetikindustrie, Pharmaindustrie\",\"publisher\":{\"@id\":\"https:\\\/\\\/naturalpoland.com\\\/de\\\/#organization\"},\"potentialAction\":[{\"@type\":\"SearchAction\",\"target\":{\"@type\":\"EntryPoint\",\"urlTemplate\":\"https:\\\/\\\/naturalpoland.com\\\/de\\\/?s={search_term_string}\"},\"query-input\":{\"@type\":\"PropertyValueSpecification\",\"valueRequired\":true,\"valueName\":\"search_term_string\"}}],\"inLanguage\":\"de\"},{\"@type\":\"Organization\",\"@id\":\"https:\\\/\\\/naturalpoland.com\\\/de\\\/#organization\",\"name\":\"Natural Poland\",\"url\":\"https:\\\/\\\/naturalpoland.com\\\/de\\\/\",\"logo\":{\"@type\":\"ImageObject\",\"inLanguage\":\"de\",\"@id\":\"https:\\\/\\\/naturalpoland.com\\\/de\\\/#\\\/schema\\\/logo\\\/image\\\/\",\"url\":\"https:\\\/\\\/naturalpoland.com\\\/wp-content\\\/uploads\\\/2021\\\/05\\\/natural-poland-icon.png\",\"contentUrl\":\"https:\\\/\\\/naturalpoland.com\\\/wp-content\\\/uploads\\\/2021\\\/05\\\/natural-poland-icon.png\",\"width\":512,\"height\":512,\"caption\":\"Natural Poland\"},\"image\":{\"@id\":\"https:\\\/\\\/naturalpoland.com\\\/de\\\/#\\\/schema\\\/logo\\\/image\\\/\"},\"sameAs\":[\"https:\\\/\\\/www.facebook.com\\\/naturalpoland.b2b\",\"https:\\\/\\\/pl.linkedin.com\\\/company\\\/natural-poland\",\"https:\\\/\\\/www.youtube.com\\\/channel\\\/UCgeGGkvOMahZo-xu_MSEWxg\"]}]}<\/script>\n<!-- \/ Yoast SEO plugin. -->","yoast_head_json":{"title":"Kupferkomplex des Chlorophylls - Gro\u00dfhandelsvertrieb","description":"Der Chlorophyll-Kupferkomplex ist eine halbsynthetische Verbindung nat\u00fcrlichen Ursprungs, die auf Basis von Chlorophyll \u2013 dem gr\u00fcnen Farbstoff, der in Pflanzen vorkommt \u2013 gewonnen wird.","robots":{"index":"index","follow":"follow","max-snippet":"max-snippet:-1","max-image-preview":"max-image-preview:large","max-video-preview":"max-video-preview:-1"},"canonical":"https:\/\/naturalpoland.com\/de\/produkte\/produkte-fur-die-pharmaindustrie\/nahrungserganzungmittel\/chlorophyll-kupfer-komplex\/","og_locale":"de_DE","og_type":"article","og_title":"Kupferkomplex des Chlorophylls - Gro\u00dfhandelsvertrieb","og_description":"Der Chlorophyll-Kupferkomplex ist eine halbsynthetische Verbindung nat\u00fcrlichen Ursprungs, die auf Basis von Chlorophyll \u2013 dem gr\u00fcnen Farbstoff, der in Pflanzen vorkommt \u2013 gewonnen wird.","og_url":"https:\/\/naturalpoland.com\/de\/produkte\/produkte-fur-die-pharmaindustrie\/nahrungserganzungmittel\/chlorophyll-kupfer-komplex\/","og_site_name":"NATURAL POLAND - IMPORT UND HANDEL VON ROHSTOFFEN","article_publisher":"https:\/\/www.facebook.com\/naturalpoland.b2b","article_modified_time":"2025-11-03T08:39:24+00:00","og_image":[{"width":1024,"height":1024,"url":"https:\/\/naturalpoland.com\/wp-content\/uploads\/kompleks-miedziowy-chlorofilu.webp","type":"image\/webp"}],"schema":{"@context":"https:\/\/schema.org","@graph":[{"@type":"WebPage","@id":"https:\/\/naturalpoland.com\/de\/produkte\/produkte-fur-die-pharmaindustrie\/nahrungserganzungmittel\/chlorophyll-kupfer-komplex\/","url":"https:\/\/naturalpoland.com\/de\/produkte\/produkte-fur-die-pharmaindustrie\/nahrungserganzungmittel\/chlorophyll-kupfer-komplex\/","name":"Kupferkomplex des Chlorophylls - Gro\u00dfhandelsvertrieb","isPartOf":{"@id":"https:\/\/naturalpoland.com\/de\/#website"},"primaryImageOfPage":{"@id":"https:\/\/naturalpoland.com\/de\/produkte\/produkte-fur-die-pharmaindustrie\/nahrungserganzungmittel\/chlorophyll-kupfer-komplex\/#primaryimage"},"image":{"@id":"https:\/\/naturalpoland.com\/de\/produkte\/produkte-fur-die-pharmaindustrie\/nahrungserganzungmittel\/chlorophyll-kupfer-komplex\/#primaryimage"},"thumbnailUrl":"https:\/\/naturalpoland.com\/wp-content\/uploads\/kompleks-miedziowy-chlorofilu.webp","datePublished":"2021-05-11T11:44:34+00:00","dateModified":"2025-11-03T08:39:24+00:00","description":"Der Chlorophyll-Kupferkomplex ist eine halbsynthetische Verbindung nat\u00fcrlichen Ursprungs, die auf Basis von Chlorophyll \u2013 dem gr\u00fcnen Farbstoff, der in Pflanzen vorkommt \u2013 gewonnen wird.","breadcrumb":{"@id":"https:\/\/naturalpoland.com\/de\/produkte\/produkte-fur-die-pharmaindustrie\/nahrungserganzungmittel\/chlorophyll-kupfer-komplex\/#breadcrumb"},"inLanguage":"de","potentialAction":[{"@type":"ReadAction","target":["https:\/\/naturalpoland.com\/de\/produkte\/produkte-fur-die-pharmaindustrie\/nahrungserganzungmittel\/chlorophyll-kupfer-komplex\/"]}]},{"@type":"ImageObject","inLanguage":"de","@id":"https:\/\/naturalpoland.com\/de\/produkte\/produkte-fur-die-pharmaindustrie\/nahrungserganzungmittel\/chlorophyll-kupfer-komplex\/#primaryimage","url":"https:\/\/naturalpoland.com\/wp-content\/uploads\/kompleks-miedziowy-chlorofilu.webp","contentUrl":"https:\/\/naturalpoland.com\/wp-content\/uploads\/kompleks-miedziowy-chlorofilu.webp","width":1024,"height":1024,"caption":"Kupferkomplex des Chlorophylls"},{"@type":"BreadcrumbList","@id":"https:\/\/naturalpoland.com\/de\/produkte\/produkte-fur-die-pharmaindustrie\/nahrungserganzungmittel\/chlorophyll-kupfer-komplex\/#breadcrumb","itemListElement":[{"@type":"ListItem","position":1,"name":"Startseite","item":"https:\/\/naturalpoland.com\/de\/"},{"@type":"ListItem","position":2,"name":"Produkte","item":"https:\/\/naturalpoland.com\/de\/produkte\/"},{"@type":"ListItem","position":3,"name":"Kupferkomplex des Chlorophylls"}]},{"@type":"WebSite","@id":"https:\/\/naturalpoland.com\/de\/#website","url":"https:\/\/naturalpoland.com\/de\/","name":"NATURAL POLAND - IMPORT UND HANDEL VON ROHSTOFFEN","description":"Rohstoffe f\u00fcr die Lebensmittelindustrie, Kosmetikindustrie, Pharmaindustrie","publisher":{"@id":"https:\/\/naturalpoland.com\/de\/#organization"},"potentialAction":[{"@type":"SearchAction","target":{"@type":"EntryPoint","urlTemplate":"https:\/\/naturalpoland.com\/de\/?s={search_term_string}"},"query-input":{"@type":"PropertyValueSpecification","valueRequired":true,"valueName":"search_term_string"}}],"inLanguage":"de"},{"@type":"Organization","@id":"https:\/\/naturalpoland.com\/de\/#organization","name":"Natural Poland","url":"https:\/\/naturalpoland.com\/de\/","logo":{"@type":"ImageObject","inLanguage":"de","@id":"https:\/\/naturalpoland.com\/de\/#\/schema\/logo\/image\/","url":"https:\/\/naturalpoland.com\/wp-content\/uploads\/2021\/05\/natural-poland-icon.png","contentUrl":"https:\/\/naturalpoland.com\/wp-content\/uploads\/2021\/05\/natural-poland-icon.png","width":512,"height":512,"caption":"Natural Poland"},"image":{"@id":"https:\/\/naturalpoland.com\/de\/#\/schema\/logo\/image\/"},"sameAs":["https:\/\/www.facebook.com\/naturalpoland.b2b","https:\/\/pl.linkedin.com\/company\/natural-poland","https:\/\/www.youtube.com\/channel\/UCgeGGkvOMahZo-xu_MSEWxg"]}]}},"_links":{"self":[{"href":"https:\/\/naturalpoland.com\/de\/wp-json\/wp\/v2\/product\/5282","targetHints":{"allow":["GET"]}}],"collection":[{"href":"https:\/\/naturalpoland.com\/de\/wp-json\/wp\/v2\/product"}],"about":[{"href":"https:\/\/naturalpoland.com\/de\/wp-json\/wp\/v2\/types\/product"}],"wp:featuredmedia":[{"embeddable":true,"href":"https:\/\/naturalpoland.com\/de\/wp-json\/wp\/v2\/media\/42240"}],"wp:attachment":[{"href":"https:\/\/naturalpoland.com\/de\/wp-json\/wp\/v2\/media?parent=5282"}],"wp:term":[{"taxonomy":"product_brand","embeddable":true,"href":"https:\/\/naturalpoland.com\/de\/wp-json\/wp\/v2\/product_brand?post=5282"},{"taxonomy":"product_cat","embeddable":true,"href":"https:\/\/naturalpoland.com\/de\/wp-json\/wp\/v2\/product_cat?post=5282"},{"taxonomy":"product_tag","embeddable":true,"href":"https:\/\/naturalpoland.com\/de\/wp-json\/wp\/v2\/product_tag?post=5282"}],"curies":[{"name":"wp","href":"https:\/\/api.w.org\/{rel}","templated":true}]}}