{"id":5505,"date":"2021-05-11T13:51:21","date_gmt":"2021-07-30T19:58:36","guid":{"rendered":"https:\/\/naturalpoland.pl\/produkty\/unkategorisiert\/petersiliensamenoel\/"},"modified":"2024-11-13T13:46:00","modified_gmt":"2024-11-13T12:46:00","slug":"oel-aus-petersiliensamen","status":"publish","type":"product","link":"https:\/\/naturalpoland.com\/de\/produkte\/produkte-fur-die-kosmetikindustrie\/kosmetische-ole\/oel-aus-petersiliensamen\/","title":{"rendered":"Petersiliensamen\u00f6l"},"content":{"rendered":"<h2>Eigenschaften von Petersilien\u00f6l<\/h2>\n<p>Petersiliensamen\u00f6l enth\u00e4lt viele N\u00e4hrstoffe, darunter einfach unges\u00e4ttigte Fetts\u00e4uren, insbesondere \u00d6ls\u00e4ure (45,8%) und Linols\u00e4ure (44,6%), sowie wertvolle \u00e4therische \u00d6le wie Apiol, Myristicin und Limonen. <strong>Bei der Verwendung als Nahrungsmittel<\/strong> verbessert das \u00d6l die Verdauung und die Aufnahme der Nahrung. Es hat eine <strong>cholagogische<\/strong> Wirkung und regt die Sekretion von Verdauungss\u00e4ften an. Dar\u00fcber hinaus kann es Reflux, Verstopfung und Bl\u00e4hungen lindern, indem es die peristaltische Bewegung des Darms f\u00f6rdert. Das \u00d6l hat auch eine <strong>harntreibende<\/strong> Wirkung, so dass es die Reinigung der Harnwege f\u00f6rdert und den Blutfluss durch die Nieren erh\u00f6ht. Es sch\u00fctzt vor Infektionen, reduziert Schwellungen und unterst\u00fctzt die Entgiftungsprozesse des K\u00f6rpers. Petersiliensamen\u00f6l wird f\u00fcr schwangere und stillende Frauen nicht empfohlen, da es die Uteruskontraktionen stimulieren kann. Au\u00dferdem sollte es aufgrund von Wechselwirkungen mit Medikamenten nicht in zu gro\u00dfen Mengen verwendet werden. <strong>In der kosmetischen Anwendung<\/strong> zeigt Petersilien\u00f6l <strong>entz\u00fcndungshemmende<\/strong> und <strong>antibakterielle<\/strong> Eigenschaften. Es kann topisch auf die betroffenen Stellen aufgetragen werden, um die Heilung von Wunden und Sch\u00fcrfwunden zu unterst\u00fctzen und Entz\u00fcndungen zu reduzieren. Das \u00d6l kann auch in Kosmetika f\u00fcr reife, vaskul\u00e4re und fettige Haut verwendet werden, um den Hautton auszugleichen, Feuchtigkeit zu spenden und den Teint aufzuhellen. Dank seines Vitamin-C-Gehalts hat das \u00d6l eine <strong>depigmentierende<\/strong> Wirkung und reduziert au\u00dferdem dunkle Augenringe und Verf\u00e4rbungen. Au\u00dferdem f\u00f6rdert dieses \u00d6l dank seines Gehalts an Petroselins\u00e4ure die Produktion von Kollagen und Elastin. Bei der Verwendung in der K\u00f6rperkosmetik verbessert Petersiliensamen\u00f6l die Durchblutung und st\u00e4rkt die W\u00e4nde der Blutgef\u00e4\u00dfe, wodurch das Auftreten von Besenreisern&#8220; minimiert wird. Dar\u00fcber hinaus stimuliert dieses Produkt das Haarwachstum, reduziert den Haarausfall, st\u00e4rkt die Haarwurzeln und verbessert den Zustand der Haare.<\/p>\n","protected":false},"excerpt":{"rendered":"<p><strong>Petersiliensamen\u00f6l<\/strong> ist ein unraffiniertes, kaltgepresstes \u00d6l, das f\u00fcr Lebensmittel, Kosmetik und Aromatherapie verwendet wird.<\/p>\n","protected":false},"featured_media":37737,"template":"","meta":{"_acf_changed":false},"product_brand":[],"product_cat":[384,386,383],"product_tag":[],"class_list":{"0":"post-5505","1":"product","2":"type-product","3":"status-publish","4":"has-post-thumbnail","6":"product_cat-kosmetische-ole","7":"product_cat-speiseole-und-kosmetikole","8":"product_cat-speiseole","9":"pa_czesc-rosliny-samen","10":"pa_metoda-pozyskiwania-kaltpressung","12":"first","13":"instock","14":"shipping-taxable","15":"product-type-simple"},"acf":[],"yoast_head":"<!-- This site is optimized with the Yoast SEO plugin v27.5 - https:\/\/yoast.com\/product\/yoast-seo-wordpress\/ -->\n<title>Petersiliensamen\u00f6l - Gro\u00dfh\u00e4ndler von Rohstoffen NATURAL POLAND - IMPORT UND HANDEL VON ROHSTOFFEN<\/title>\n<meta name=\"description\" content=\"Petersiliensamen\u00f6l ist ein unraffiniertes, kaltgepresstes \u00d6l, das sich sowohl f\u00fcr Lebensmittel als auch f\u00fcr kosmetische Anwendungen eignet.\" \/>\n<meta name=\"robots\" content=\"index, follow, max-snippet:-1, max-image-preview:large, max-video-preview:-1\" \/>\n<link rel=\"canonical\" href=\"https:\/\/naturalpoland.com\/de\/produkte\/produkte-fur-die-kosmetikindustrie\/kosmetische-ole\/oel-aus-petersiliensamen\/\" \/>\n<meta property=\"og:locale\" content=\"de_DE\" \/>\n<meta property=\"og:type\" content=\"article\" \/>\n<meta property=\"og:title\" content=\"Petersiliensamen\u00f6l - Gro\u00dfh\u00e4ndler von Rohstoffen NATURAL POLAND - IMPORT UND HANDEL VON ROHSTOFFEN\" \/>\n<meta property=\"og:description\" content=\"Petersiliensamen\u00f6l ist ein unraffiniertes, kaltgepresstes \u00d6l, das sich sowohl f\u00fcr Lebensmittel als auch f\u00fcr kosmetische Anwendungen eignet.\" \/>\n<meta property=\"og:url\" content=\"https:\/\/naturalpoland.com\/de\/produkte\/produkte-fur-die-kosmetikindustrie\/kosmetische-ole\/oel-aus-petersiliensamen\/\" \/>\n<meta property=\"og:site_name\" content=\"NATURAL POLAND - IMPORT UND HANDEL VON ROHSTOFFEN\" \/>\n<meta property=\"article:publisher\" content=\"https:\/\/www.facebook.com\/naturalpoland.b2b\" \/>\n<meta property=\"article:modified_time\" content=\"2024-11-13T12:46:00+00:00\" \/>\n<meta property=\"og:image\" content=\"https:\/\/naturalpoland.com\/wp-content\/uploads\/olej-z-nasion-pietruszki.webp\" \/>\n\t<meta property=\"og:image:width\" content=\"700\" \/>\n\t<meta property=\"og:image:height\" content=\"700\" \/>\n\t<meta property=\"og:image:type\" content=\"image\/webp\" \/>\n<script type=\"application\/ld+json\" class=\"yoast-schema-graph\">{\"@context\":\"https:\\\/\\\/schema.org\",\"@graph\":[{\"@type\":\"WebPage\",\"@id\":\"https:\\\/\\\/naturalpoland.com\\\/de\\\/produkte\\\/produkte-fur-die-kosmetikindustrie\\\/kosmetische-ole\\\/oel-aus-petersiliensamen\\\/\",\"url\":\"https:\\\/\\\/naturalpoland.com\\\/de\\\/produkte\\\/produkte-fur-die-kosmetikindustrie\\\/kosmetische-ole\\\/oel-aus-petersiliensamen\\\/\",\"name\":\"Petersiliensamen\u00f6l - Gro\u00dfh\u00e4ndler von Rohstoffen NATURAL POLAND - IMPORT UND HANDEL VON ROHSTOFFEN\",\"isPartOf\":{\"@id\":\"https:\\\/\\\/naturalpoland.com\\\/de\\\/#website\"},\"primaryImageOfPage\":{\"@id\":\"https:\\\/\\\/naturalpoland.com\\\/de\\\/produkte\\\/produkte-fur-die-kosmetikindustrie\\\/kosmetische-ole\\\/oel-aus-petersiliensamen\\\/#primaryimage\"},\"image\":{\"@id\":\"https:\\\/\\\/naturalpoland.com\\\/de\\\/produkte\\\/produkte-fur-die-kosmetikindustrie\\\/kosmetische-ole\\\/oel-aus-petersiliensamen\\\/#primaryimage\"},\"thumbnailUrl\":\"https:\\\/\\\/naturalpoland.com\\\/wp-content\\\/uploads\\\/olej-z-nasion-pietruszki.webp\",\"datePublished\":\"2021-07-30T19:58:36+00:00\",\"dateModified\":\"2024-11-13T12:46:00+00:00\",\"description\":\"Petersiliensamen\u00f6l ist ein unraffiniertes, kaltgepresstes \u00d6l, das sich sowohl f\u00fcr Lebensmittel als auch f\u00fcr kosmetische Anwendungen eignet.\",\"breadcrumb\":{\"@id\":\"https:\\\/\\\/naturalpoland.com\\\/de\\\/produkte\\\/produkte-fur-die-kosmetikindustrie\\\/kosmetische-ole\\\/oel-aus-petersiliensamen\\\/#breadcrumb\"},\"inLanguage\":\"de\",\"potentialAction\":[{\"@type\":\"ReadAction\",\"target\":[\"https:\\\/\\\/naturalpoland.com\\\/de\\\/produkte\\\/produkte-fur-die-kosmetikindustrie\\\/kosmetische-ole\\\/oel-aus-petersiliensamen\\\/\"]}]},{\"@type\":\"ImageObject\",\"inLanguage\":\"de\",\"@id\":\"https:\\\/\\\/naturalpoland.com\\\/de\\\/produkte\\\/produkte-fur-die-kosmetikindustrie\\\/kosmetische-ole\\\/oel-aus-petersiliensamen\\\/#primaryimage\",\"url\":\"https:\\\/\\\/naturalpoland.com\\\/wp-content\\\/uploads\\\/olej-z-nasion-pietruszki.webp\",\"contentUrl\":\"https:\\\/\\\/naturalpoland.com\\\/wp-content\\\/uploads\\\/olej-z-nasion-pietruszki.webp\",\"width\":700,\"height\":700,\"caption\":\"Olej z nasion pietruszki\"},{\"@type\":\"BreadcrumbList\",\"@id\":\"https:\\\/\\\/naturalpoland.com\\\/de\\\/produkte\\\/produkte-fur-die-kosmetikindustrie\\\/kosmetische-ole\\\/oel-aus-petersiliensamen\\\/#breadcrumb\",\"itemListElement\":[{\"@type\":\"ListItem\",\"position\":1,\"name\":\"Startseite\",\"item\":\"https:\\\/\\\/naturalpoland.com\\\/de\\\/\"},{\"@type\":\"ListItem\",\"position\":2,\"name\":\"Produkte\",\"item\":\"https:\\\/\\\/naturalpoland.com\\\/de\\\/produkte\\\/\"},{\"@type\":\"ListItem\",\"position\":3,\"name\":\"Petersiliensamen\u00f6l\"}]},{\"@type\":\"WebSite\",\"@id\":\"https:\\\/\\\/naturalpoland.com\\\/de\\\/#website\",\"url\":\"https:\\\/\\\/naturalpoland.com\\\/de\\\/\",\"name\":\"NATURAL POLAND - IMPORT UND HANDEL VON ROHSTOFFEN\",\"description\":\"Rohstoffe f\u00fcr die Lebensmittelindustrie, Kosmetikindustrie, Pharmaindustrie\",\"publisher\":{\"@id\":\"https:\\\/\\\/naturalpoland.com\\\/de\\\/#organization\"},\"potentialAction\":[{\"@type\":\"SearchAction\",\"target\":{\"@type\":\"EntryPoint\",\"urlTemplate\":\"https:\\\/\\\/naturalpoland.com\\\/de\\\/?s={search_term_string}\"},\"query-input\":{\"@type\":\"PropertyValueSpecification\",\"valueRequired\":true,\"valueName\":\"search_term_string\"}}],\"inLanguage\":\"de\"},{\"@type\":\"Organization\",\"@id\":\"https:\\\/\\\/naturalpoland.com\\\/de\\\/#organization\",\"name\":\"Natural Poland\",\"url\":\"https:\\\/\\\/naturalpoland.com\\\/de\\\/\",\"logo\":{\"@type\":\"ImageObject\",\"inLanguage\":\"de\",\"@id\":\"https:\\\/\\\/naturalpoland.com\\\/de\\\/#\\\/schema\\\/logo\\\/image\\\/\",\"url\":\"https:\\\/\\\/naturalpoland.com\\\/wp-content\\\/uploads\\\/2021\\\/05\\\/natural-poland-icon.png\",\"contentUrl\":\"https:\\\/\\\/naturalpoland.com\\\/wp-content\\\/uploads\\\/2021\\\/05\\\/natural-poland-icon.png\",\"width\":512,\"height\":512,\"caption\":\"Natural Poland\"},\"image\":{\"@id\":\"https:\\\/\\\/naturalpoland.com\\\/de\\\/#\\\/schema\\\/logo\\\/image\\\/\"},\"sameAs\":[\"https:\\\/\\\/www.facebook.com\\\/naturalpoland.b2b\",\"https:\\\/\\\/pl.linkedin.com\\\/company\\\/natural-poland\",\"https:\\\/\\\/www.youtube.com\\\/channel\\\/UCgeGGkvOMahZo-xu_MSEWxg\"]}]}<\/script>\n<!-- \/ Yoast SEO plugin. -->","yoast_head_json":{"title":"Petersiliensamen\u00f6l - Gro\u00dfh\u00e4ndler von Rohstoffen NATURAL POLAND - IMPORT UND HANDEL VON ROHSTOFFEN","description":"Petersiliensamen\u00f6l ist ein unraffiniertes, kaltgepresstes \u00d6l, das sich sowohl f\u00fcr Lebensmittel als auch f\u00fcr kosmetische Anwendungen eignet.","robots":{"index":"index","follow":"follow","max-snippet":"max-snippet:-1","max-image-preview":"max-image-preview:large","max-video-preview":"max-video-preview:-1"},"canonical":"https:\/\/naturalpoland.com\/de\/produkte\/produkte-fur-die-kosmetikindustrie\/kosmetische-ole\/oel-aus-petersiliensamen\/","og_locale":"de_DE","og_type":"article","og_title":"Petersiliensamen\u00f6l - Gro\u00dfh\u00e4ndler von Rohstoffen NATURAL POLAND - IMPORT UND HANDEL VON ROHSTOFFEN","og_description":"Petersiliensamen\u00f6l ist ein unraffiniertes, kaltgepresstes \u00d6l, das sich sowohl f\u00fcr Lebensmittel als auch f\u00fcr kosmetische Anwendungen eignet.","og_url":"https:\/\/naturalpoland.com\/de\/produkte\/produkte-fur-die-kosmetikindustrie\/kosmetische-ole\/oel-aus-petersiliensamen\/","og_site_name":"NATURAL POLAND - IMPORT UND HANDEL VON ROHSTOFFEN","article_publisher":"https:\/\/www.facebook.com\/naturalpoland.b2b","article_modified_time":"2024-11-13T12:46:00+00:00","og_image":[{"width":700,"height":700,"url":"https:\/\/naturalpoland.com\/wp-content\/uploads\/olej-z-nasion-pietruszki.webp","type":"image\/webp"}],"schema":{"@context":"https:\/\/schema.org","@graph":[{"@type":"WebPage","@id":"https:\/\/naturalpoland.com\/de\/produkte\/produkte-fur-die-kosmetikindustrie\/kosmetische-ole\/oel-aus-petersiliensamen\/","url":"https:\/\/naturalpoland.com\/de\/produkte\/produkte-fur-die-kosmetikindustrie\/kosmetische-ole\/oel-aus-petersiliensamen\/","name":"Petersiliensamen\u00f6l - Gro\u00dfh\u00e4ndler von Rohstoffen NATURAL POLAND - IMPORT UND HANDEL VON ROHSTOFFEN","isPartOf":{"@id":"https:\/\/naturalpoland.com\/de\/#website"},"primaryImageOfPage":{"@id":"https:\/\/naturalpoland.com\/de\/produkte\/produkte-fur-die-kosmetikindustrie\/kosmetische-ole\/oel-aus-petersiliensamen\/#primaryimage"},"image":{"@id":"https:\/\/naturalpoland.com\/de\/produkte\/produkte-fur-die-kosmetikindustrie\/kosmetische-ole\/oel-aus-petersiliensamen\/#primaryimage"},"thumbnailUrl":"https:\/\/naturalpoland.com\/wp-content\/uploads\/olej-z-nasion-pietruszki.webp","datePublished":"2021-07-30T19:58:36+00:00","dateModified":"2024-11-13T12:46:00+00:00","description":"Petersiliensamen\u00f6l ist ein unraffiniertes, kaltgepresstes \u00d6l, das sich sowohl f\u00fcr Lebensmittel als auch f\u00fcr kosmetische Anwendungen eignet.","breadcrumb":{"@id":"https:\/\/naturalpoland.com\/de\/produkte\/produkte-fur-die-kosmetikindustrie\/kosmetische-ole\/oel-aus-petersiliensamen\/#breadcrumb"},"inLanguage":"de","potentialAction":[{"@type":"ReadAction","target":["https:\/\/naturalpoland.com\/de\/produkte\/produkte-fur-die-kosmetikindustrie\/kosmetische-ole\/oel-aus-petersiliensamen\/"]}]},{"@type":"ImageObject","inLanguage":"de","@id":"https:\/\/naturalpoland.com\/de\/produkte\/produkte-fur-die-kosmetikindustrie\/kosmetische-ole\/oel-aus-petersiliensamen\/#primaryimage","url":"https:\/\/naturalpoland.com\/wp-content\/uploads\/olej-z-nasion-pietruszki.webp","contentUrl":"https:\/\/naturalpoland.com\/wp-content\/uploads\/olej-z-nasion-pietruszki.webp","width":700,"height":700,"caption":"Olej z nasion pietruszki"},{"@type":"BreadcrumbList","@id":"https:\/\/naturalpoland.com\/de\/produkte\/produkte-fur-die-kosmetikindustrie\/kosmetische-ole\/oel-aus-petersiliensamen\/#breadcrumb","itemListElement":[{"@type":"ListItem","position":1,"name":"Startseite","item":"https:\/\/naturalpoland.com\/de\/"},{"@type":"ListItem","position":2,"name":"Produkte","item":"https:\/\/naturalpoland.com\/de\/produkte\/"},{"@type":"ListItem","position":3,"name":"Petersiliensamen\u00f6l"}]},{"@type":"WebSite","@id":"https:\/\/naturalpoland.com\/de\/#website","url":"https:\/\/naturalpoland.com\/de\/","name":"NATURAL POLAND - IMPORT UND HANDEL VON ROHSTOFFEN","description":"Rohstoffe f\u00fcr die Lebensmittelindustrie, Kosmetikindustrie, Pharmaindustrie","publisher":{"@id":"https:\/\/naturalpoland.com\/de\/#organization"},"potentialAction":[{"@type":"SearchAction","target":{"@type":"EntryPoint","urlTemplate":"https:\/\/naturalpoland.com\/de\/?s={search_term_string}"},"query-input":{"@type":"PropertyValueSpecification","valueRequired":true,"valueName":"search_term_string"}}],"inLanguage":"de"},{"@type":"Organization","@id":"https:\/\/naturalpoland.com\/de\/#organization","name":"Natural Poland","url":"https:\/\/naturalpoland.com\/de\/","logo":{"@type":"ImageObject","inLanguage":"de","@id":"https:\/\/naturalpoland.com\/de\/#\/schema\/logo\/image\/","url":"https:\/\/naturalpoland.com\/wp-content\/uploads\/2021\/05\/natural-poland-icon.png","contentUrl":"https:\/\/naturalpoland.com\/wp-content\/uploads\/2021\/05\/natural-poland-icon.png","width":512,"height":512,"caption":"Natural Poland"},"image":{"@id":"https:\/\/naturalpoland.com\/de\/#\/schema\/logo\/image\/"},"sameAs":["https:\/\/www.facebook.com\/naturalpoland.b2b","https:\/\/pl.linkedin.com\/company\/natural-poland","https:\/\/www.youtube.com\/channel\/UCgeGGkvOMahZo-xu_MSEWxg"]}]}},"_links":{"self":[{"href":"https:\/\/naturalpoland.com\/de\/wp-json\/wp\/v2\/product\/5505","targetHints":{"allow":["GET"]}}],"collection":[{"href":"https:\/\/naturalpoland.com\/de\/wp-json\/wp\/v2\/product"}],"about":[{"href":"https:\/\/naturalpoland.com\/de\/wp-json\/wp\/v2\/types\/product"}],"wp:featuredmedia":[{"embeddable":true,"href":"https:\/\/naturalpoland.com\/de\/wp-json\/wp\/v2\/media\/37737"}],"wp:attachment":[{"href":"https:\/\/naturalpoland.com\/de\/wp-json\/wp\/v2\/media?parent=5505"}],"wp:term":[{"taxonomy":"product_brand","embeddable":true,"href":"https:\/\/naturalpoland.com\/de\/wp-json\/wp\/v2\/product_brand?post=5505"},{"taxonomy":"product_cat","embeddable":true,"href":"https:\/\/naturalpoland.com\/de\/wp-json\/wp\/v2\/product_cat?post=5505"},{"taxonomy":"product_tag","embeddable":true,"href":"https:\/\/naturalpoland.com\/de\/wp-json\/wp\/v2\/product_tag?post=5505"}],"curies":[{"name":"wp","href":"https:\/\/api.w.org\/{rel}","templated":true}]}}