{"id":5816,"date":"2021-05-11T13:52:33","date_gmt":"2021-08-08T05:34:31","guid":{"rendered":"https:\/\/naturalpoland.pl\/produkty\/unkategorisiert\/weisse-maulbeerfrucht\/"},"modified":"2024-09-18T14:00:43","modified_gmt":"2024-09-18T12:00:43","slug":"weisse-maulbeerfrucht","status":"publish","type":"product","link":"https:\/\/naturalpoland.com\/de\/produkte\/pflanzliche-produkte\/weisse-maulbeerfrucht\/","title":{"rendered":"Wei\u00dfe Maulbeerfrucht"},"content":{"rendered":"<h2>Gesundheitliche Eigenschaften der wei\u00dfen Maulbeere:<\/h2>\n<p>  Getrocknete wei\u00dfe Maulbeerfr\u00fcchte enthalten gro\u00dfe Mengen an Vitamin C, das als starkes Antioxidans wirkt, das Immunsystem unterst\u00fctzt und den K\u00f6rper vor freien Radikalen sch\u00fctzt.<br \/>\nDie Frucht ist auch eine Quelle f\u00fcr Eisen, Kalium, Phosphor und Magnesium, die das Kreislauf- und Muskelsystem unterst\u00fctzen.<br \/>\nDar\u00fcber hinaus ist die wei\u00dfe Maulbeere reich an Polyphenolen wie <strong>Resveratrol<\/strong>, die eine starke antioxidative und entz\u00fcndungshemmende Wirkung haben.<br \/>\nDie Maulbeerfrucht ist auch eine Quelle von <strong>Ballaststoffen<\/strong>, die die Darmperistaltik verbessern, die Verdauung f\u00f6rdern und Verstopfung vorbeugen.<br \/>\nIhre gr\u00f6\u00dfte Popularit\u00e4t verdankt die wei\u00dfe Maulbeere jedoch einer Substanz, die den Abbau von Zucker hemmt.     Aus diesem Grund werden diese s\u00fc\u00dfen Fr\u00fcchte im Kampf gegen die Gewichtszunahme eingesetzt und k\u00f6nnen ein wichtiger Bestandteil der Ern\u00e4hrung von Menschen mit Diabetes sein. Die Maulbeere tr\u00e4gt zur Senkung des Blutzucker- und Cholesterinspiegels bei. Es reduziert auch den Appetit auf S\u00fc\u00dfes.  <\/p>\n<h2>Verwendung der wei\u00dfen Maulbeerfrucht:<\/h2>\n<p>  Maulbeerfr\u00fcchte in getrockneter Form k\u00f6nnen f\u00fcr die Zubereitung von Aufg\u00fcssen und Abkochungen verwendet werden.<br \/>\nSie haben einen s\u00fc\u00dfen, leicht nussigen Geschmack, der gut zu vielen Rezepten passt, sowohl zu s\u00fc\u00dfen als auch zu herzhaften.<br \/>\nGetrocknete Fr\u00fcchte k\u00f6nnen auch pur gegessen werden oder als Zusatz zu Haferflocken, M\u00fcsli, Smoothies, s\u00fc\u00dfen Backwaren, Salaten oder Desserts.    &nbsp;<\/p>\n","protected":false},"excerpt":{"rendered":"<p>Die Frucht der wei\u00dfen Maulbeere<em>(Morus alba<\/em>) \u00e4hnelt in ihrer Form einer Himbeere oder Brombeere.<br \/>\nSie stammt urspr\u00fcnglich aus Asien und wird heute auch in Europa und Amerika angebaut.<br \/>\nSie hat einen s\u00fc\u00dfen, leicht faden Geschmack.<br \/>\nGetrocknete wei\u00dfe Maulbeeren bewahren N\u00e4hrstoffe: Ballaststoffe, Vitamin C, Eisen, Kalium und Antioxidantien.   <\/p>\n","protected":false},"featured_media":35709,"template":"","meta":[],"product_brand":[],"product_cat":[368],"product_tag":[],"class_list":{"0":"post-5816","1":"product","2":"type-product","3":"status-publish","4":"has-post-thumbnail","6":"product_cat-pflanzliche-produkte","8":"first","9":"instock","10":"shipping-taxable","11":"product-type-simple"},"yoast_head":"<!-- This site is optimized with the Yoast SEO plugin v27.3 - https:\/\/yoast.com\/product\/yoast-seo-wordpress\/ -->\n<title>Wei\u00dfe Maulbeerfrucht - NATURAL POLAND - IMPORT UND HANDEL VON ROHSTOFFEN<\/title>\n<meta name=\"description\" content=\"Die wei\u00dfe Maulbeerfrucht hat eine entz\u00fcndungshemmende Wirkung, hilft bei der Bek\u00e4mpfung von Fettleibigkeit und reguliert den Cholesterin- und Blutzuckerspiegel.\" \/>\n<meta name=\"robots\" content=\"index, follow, max-snippet:-1, max-image-preview:large, max-video-preview:-1\" \/>\n<link rel=\"canonical\" href=\"https:\/\/naturalpoland.com\/de\/produkte\/pflanzliche-produkte\/weisse-maulbeerfrucht\/\" \/>\n<meta property=\"og:locale\" content=\"de_DE\" \/>\n<meta property=\"og:type\" content=\"article\" \/>\n<meta property=\"og:title\" content=\"Wei\u00dfe Maulbeerfrucht - NATURAL POLAND - IMPORT UND HANDEL VON ROHSTOFFEN\" \/>\n<meta property=\"og:description\" content=\"Die wei\u00dfe Maulbeerfrucht hat eine entz\u00fcndungshemmende Wirkung, hilft bei der Bek\u00e4mpfung von Fettleibigkeit und reguliert den Cholesterin- und Blutzuckerspiegel.\" \/>\n<meta property=\"og:url\" content=\"https:\/\/naturalpoland.com\/de\/produkte\/pflanzliche-produkte\/weisse-maulbeerfrucht\/\" \/>\n<meta property=\"og:site_name\" content=\"NATURAL POLAND - IMPORT UND HANDEL VON ROHSTOFFEN\" \/>\n<meta property=\"article:publisher\" content=\"https:\/\/www.facebook.com\/naturalpoland.b2b\" \/>\n<meta property=\"article:modified_time\" content=\"2024-09-18T12:00:43+00:00\" \/>\n<meta property=\"og:image\" content=\"https:\/\/naturalpoland.com\/wp-content\/uploads\/owoc-morwy-bialej.webp\" \/>\n\t<meta property=\"og:image:width\" content=\"700\" \/>\n\t<meta property=\"og:image:height\" content=\"700\" \/>\n\t<meta property=\"og:image:type\" content=\"image\/webp\" \/>\n<script type=\"application\/ld+json\" class=\"yoast-schema-graph\">{\"@context\":\"https:\\\/\\\/schema.org\",\"@graph\":[{\"@type\":\"WebPage\",\"@id\":\"https:\\\/\\\/naturalpoland.com\\\/de\\\/produkte\\\/pflanzliche-produkte\\\/weisse-maulbeerfrucht\\\/\",\"url\":\"https:\\\/\\\/naturalpoland.com\\\/de\\\/produkte\\\/pflanzliche-produkte\\\/weisse-maulbeerfrucht\\\/\",\"name\":\"Wei\u00dfe Maulbeerfrucht - NATURAL POLAND - IMPORT UND HANDEL VON ROHSTOFFEN\",\"isPartOf\":{\"@id\":\"https:\\\/\\\/naturalpoland.com\\\/de\\\/#website\"},\"primaryImageOfPage\":{\"@id\":\"https:\\\/\\\/naturalpoland.com\\\/de\\\/produkte\\\/pflanzliche-produkte\\\/weisse-maulbeerfrucht\\\/#primaryimage\"},\"image\":{\"@id\":\"https:\\\/\\\/naturalpoland.com\\\/de\\\/produkte\\\/pflanzliche-produkte\\\/weisse-maulbeerfrucht\\\/#primaryimage\"},\"thumbnailUrl\":\"https:\\\/\\\/naturalpoland.com\\\/wp-content\\\/uploads\\\/owoc-morwy-bialej.webp\",\"datePublished\":\"2021-08-08T05:34:31+00:00\",\"dateModified\":\"2024-09-18T12:00:43+00:00\",\"description\":\"Die wei\u00dfe Maulbeerfrucht hat eine entz\u00fcndungshemmende Wirkung, hilft bei der Bek\u00e4mpfung von Fettleibigkeit und reguliert den Cholesterin- und Blutzuckerspiegel.\",\"breadcrumb\":{\"@id\":\"https:\\\/\\\/naturalpoland.com\\\/de\\\/produkte\\\/pflanzliche-produkte\\\/weisse-maulbeerfrucht\\\/#breadcrumb\"},\"inLanguage\":\"de\",\"potentialAction\":[{\"@type\":\"ReadAction\",\"target\":[\"https:\\\/\\\/naturalpoland.com\\\/de\\\/produkte\\\/pflanzliche-produkte\\\/weisse-maulbeerfrucht\\\/\"]}]},{\"@type\":\"ImageObject\",\"inLanguage\":\"de\",\"@id\":\"https:\\\/\\\/naturalpoland.com\\\/de\\\/produkte\\\/pflanzliche-produkte\\\/weisse-maulbeerfrucht\\\/#primaryimage\",\"url\":\"https:\\\/\\\/naturalpoland.com\\\/wp-content\\\/uploads\\\/owoc-morwy-bialej.webp\",\"contentUrl\":\"https:\\\/\\\/naturalpoland.com\\\/wp-content\\\/uploads\\\/owoc-morwy-bialej.webp\",\"width\":700,\"height\":700,\"caption\":\"owoce morwy bia\u0142ej\"},{\"@type\":\"BreadcrumbList\",\"@id\":\"https:\\\/\\\/naturalpoland.com\\\/de\\\/produkte\\\/pflanzliche-produkte\\\/weisse-maulbeerfrucht\\\/#breadcrumb\",\"itemListElement\":[{\"@type\":\"ListItem\",\"position\":1,\"name\":\"Startseite\",\"item\":\"https:\\\/\\\/naturalpoland.com\\\/de\\\/\"},{\"@type\":\"ListItem\",\"position\":2,\"name\":\"Produkte\",\"item\":\"https:\\\/\\\/naturalpoland.com\\\/de\\\/produkte\\\/\"},{\"@type\":\"ListItem\",\"position\":3,\"name\":\"Wei\u00dfe Maulbeerfrucht\"}]},{\"@type\":\"WebSite\",\"@id\":\"https:\\\/\\\/naturalpoland.com\\\/de\\\/#website\",\"url\":\"https:\\\/\\\/naturalpoland.com\\\/de\\\/\",\"name\":\"NATURAL POLAND - IMPORT UND HANDEL VON ROHSTOFFEN\",\"description\":\"Rohstoffe f\u00fcr die Lebensmittelindustrie, Kosmetikindustrie, Pharmaindustrie\",\"publisher\":{\"@id\":\"https:\\\/\\\/naturalpoland.com\\\/de\\\/#organization\"},\"potentialAction\":[{\"@type\":\"SearchAction\",\"target\":{\"@type\":\"EntryPoint\",\"urlTemplate\":\"https:\\\/\\\/naturalpoland.com\\\/de\\\/?s={search_term_string}\"},\"query-input\":{\"@type\":\"PropertyValueSpecification\",\"valueRequired\":true,\"valueName\":\"search_term_string\"}}],\"inLanguage\":\"de\"},{\"@type\":\"Organization\",\"@id\":\"https:\\\/\\\/naturalpoland.com\\\/de\\\/#organization\",\"name\":\"Natural Poland\",\"url\":\"https:\\\/\\\/naturalpoland.com\\\/de\\\/\",\"logo\":{\"@type\":\"ImageObject\",\"inLanguage\":\"de\",\"@id\":\"https:\\\/\\\/naturalpoland.com\\\/de\\\/#\\\/schema\\\/logo\\\/image\\\/\",\"url\":\"https:\\\/\\\/naturalpoland.com\\\/wp-content\\\/uploads\\\/2021\\\/05\\\/natural-poland-icon.png\",\"contentUrl\":\"https:\\\/\\\/naturalpoland.com\\\/wp-content\\\/uploads\\\/2021\\\/05\\\/natural-poland-icon.png\",\"width\":512,\"height\":512,\"caption\":\"Natural Poland\"},\"image\":{\"@id\":\"https:\\\/\\\/naturalpoland.com\\\/de\\\/#\\\/schema\\\/logo\\\/image\\\/\"},\"sameAs\":[\"https:\\\/\\\/www.facebook.com\\\/naturalpoland.b2b\",\"https:\\\/\\\/pl.linkedin.com\\\/company\\\/natural-poland\",\"https:\\\/\\\/www.youtube.com\\\/channel\\\/UCgeGGkvOMahZo-xu_MSEWxg\"]}]}<\/script>\n<!-- \/ Yoast SEO plugin. -->","yoast_head_json":{"title":"Wei\u00dfe Maulbeerfrucht - NATURAL POLAND - IMPORT UND HANDEL VON ROHSTOFFEN","description":"Die wei\u00dfe Maulbeerfrucht hat eine entz\u00fcndungshemmende Wirkung, hilft bei der Bek\u00e4mpfung von Fettleibigkeit und reguliert den Cholesterin- und Blutzuckerspiegel.","robots":{"index":"index","follow":"follow","max-snippet":"max-snippet:-1","max-image-preview":"max-image-preview:large","max-video-preview":"max-video-preview:-1"},"canonical":"https:\/\/naturalpoland.com\/de\/produkte\/pflanzliche-produkte\/weisse-maulbeerfrucht\/","og_locale":"de_DE","og_type":"article","og_title":"Wei\u00dfe Maulbeerfrucht - NATURAL POLAND - IMPORT UND HANDEL VON ROHSTOFFEN","og_description":"Die wei\u00dfe Maulbeerfrucht hat eine entz\u00fcndungshemmende Wirkung, hilft bei der Bek\u00e4mpfung von Fettleibigkeit und reguliert den Cholesterin- und Blutzuckerspiegel.","og_url":"https:\/\/naturalpoland.com\/de\/produkte\/pflanzliche-produkte\/weisse-maulbeerfrucht\/","og_site_name":"NATURAL POLAND - IMPORT UND HANDEL VON ROHSTOFFEN","article_publisher":"https:\/\/www.facebook.com\/naturalpoland.b2b","article_modified_time":"2024-09-18T12:00:43+00:00","og_image":[{"width":700,"height":700,"url":"https:\/\/naturalpoland.com\/wp-content\/uploads\/owoc-morwy-bialej.webp","type":"image\/webp"}],"schema":{"@context":"https:\/\/schema.org","@graph":[{"@type":"WebPage","@id":"https:\/\/naturalpoland.com\/de\/produkte\/pflanzliche-produkte\/weisse-maulbeerfrucht\/","url":"https:\/\/naturalpoland.com\/de\/produkte\/pflanzliche-produkte\/weisse-maulbeerfrucht\/","name":"Wei\u00dfe Maulbeerfrucht - NATURAL POLAND - IMPORT UND HANDEL VON ROHSTOFFEN","isPartOf":{"@id":"https:\/\/naturalpoland.com\/de\/#website"},"primaryImageOfPage":{"@id":"https:\/\/naturalpoland.com\/de\/produkte\/pflanzliche-produkte\/weisse-maulbeerfrucht\/#primaryimage"},"image":{"@id":"https:\/\/naturalpoland.com\/de\/produkte\/pflanzliche-produkte\/weisse-maulbeerfrucht\/#primaryimage"},"thumbnailUrl":"https:\/\/naturalpoland.com\/wp-content\/uploads\/owoc-morwy-bialej.webp","datePublished":"2021-08-08T05:34:31+00:00","dateModified":"2024-09-18T12:00:43+00:00","description":"Die wei\u00dfe Maulbeerfrucht hat eine entz\u00fcndungshemmende Wirkung, hilft bei der Bek\u00e4mpfung von Fettleibigkeit und reguliert den Cholesterin- und Blutzuckerspiegel.","breadcrumb":{"@id":"https:\/\/naturalpoland.com\/de\/produkte\/pflanzliche-produkte\/weisse-maulbeerfrucht\/#breadcrumb"},"inLanguage":"de","potentialAction":[{"@type":"ReadAction","target":["https:\/\/naturalpoland.com\/de\/produkte\/pflanzliche-produkte\/weisse-maulbeerfrucht\/"]}]},{"@type":"ImageObject","inLanguage":"de","@id":"https:\/\/naturalpoland.com\/de\/produkte\/pflanzliche-produkte\/weisse-maulbeerfrucht\/#primaryimage","url":"https:\/\/naturalpoland.com\/wp-content\/uploads\/owoc-morwy-bialej.webp","contentUrl":"https:\/\/naturalpoland.com\/wp-content\/uploads\/owoc-morwy-bialej.webp","width":700,"height":700,"caption":"owoce morwy bia\u0142ej"},{"@type":"BreadcrumbList","@id":"https:\/\/naturalpoland.com\/de\/produkte\/pflanzliche-produkte\/weisse-maulbeerfrucht\/#breadcrumb","itemListElement":[{"@type":"ListItem","position":1,"name":"Startseite","item":"https:\/\/naturalpoland.com\/de\/"},{"@type":"ListItem","position":2,"name":"Produkte","item":"https:\/\/naturalpoland.com\/de\/produkte\/"},{"@type":"ListItem","position":3,"name":"Wei\u00dfe Maulbeerfrucht"}]},{"@type":"WebSite","@id":"https:\/\/naturalpoland.com\/de\/#website","url":"https:\/\/naturalpoland.com\/de\/","name":"NATURAL POLAND - IMPORT UND HANDEL VON ROHSTOFFEN","description":"Rohstoffe f\u00fcr die Lebensmittelindustrie, Kosmetikindustrie, Pharmaindustrie","publisher":{"@id":"https:\/\/naturalpoland.com\/de\/#organization"},"potentialAction":[{"@type":"SearchAction","target":{"@type":"EntryPoint","urlTemplate":"https:\/\/naturalpoland.com\/de\/?s={search_term_string}"},"query-input":{"@type":"PropertyValueSpecification","valueRequired":true,"valueName":"search_term_string"}}],"inLanguage":"de"},{"@type":"Organization","@id":"https:\/\/naturalpoland.com\/de\/#organization","name":"Natural Poland","url":"https:\/\/naturalpoland.com\/de\/","logo":{"@type":"ImageObject","inLanguage":"de","@id":"https:\/\/naturalpoland.com\/de\/#\/schema\/logo\/image\/","url":"https:\/\/naturalpoland.com\/wp-content\/uploads\/2021\/05\/natural-poland-icon.png","contentUrl":"https:\/\/naturalpoland.com\/wp-content\/uploads\/2021\/05\/natural-poland-icon.png","width":512,"height":512,"caption":"Natural Poland"},"image":{"@id":"https:\/\/naturalpoland.com\/de\/#\/schema\/logo\/image\/"},"sameAs":["https:\/\/www.facebook.com\/naturalpoland.b2b","https:\/\/pl.linkedin.com\/company\/natural-poland","https:\/\/www.youtube.com\/channel\/UCgeGGkvOMahZo-xu_MSEWxg"]}]}},"_links":{"self":[{"href":"https:\/\/naturalpoland.com\/de\/wp-json\/wp\/v2\/product\/5816","targetHints":{"allow":["GET"]}}],"collection":[{"href":"https:\/\/naturalpoland.com\/de\/wp-json\/wp\/v2\/product"}],"about":[{"href":"https:\/\/naturalpoland.com\/de\/wp-json\/wp\/v2\/types\/product"}],"wp:featuredmedia":[{"embeddable":true,"href":"https:\/\/naturalpoland.com\/de\/wp-json\/wp\/v2\/media\/35709"}],"wp:attachment":[{"href":"https:\/\/naturalpoland.com\/de\/wp-json\/wp\/v2\/media?parent=5816"}],"wp:term":[{"taxonomy":"product_brand","embeddable":true,"href":"https:\/\/naturalpoland.com\/de\/wp-json\/wp\/v2\/product_brand?post=5816"},{"taxonomy":"product_cat","embeddable":true,"href":"https:\/\/naturalpoland.com\/de\/wp-json\/wp\/v2\/product_cat?post=5816"},{"taxonomy":"product_tag","embeddable":true,"href":"https:\/\/naturalpoland.com\/de\/wp-json\/wp\/v2\/product_tag?post=5816"}],"curies":[{"name":"wp","href":"https:\/\/api.w.org\/{rel}","templated":true}]}}