{"id":5836,"date":"2021-05-11T13:37:21","date_gmt":"2021-05-11T11:37:21","guid":{"rendered":"https:\/\/naturalpoland.pl\/produkty\/unkategorisiert\/cholin-citrat\/"},"modified":"2025-09-09T11:13:36","modified_gmt":"2025-09-09T09:13:36","slug":"cholin-citrat","status":"publish","type":"product","link":"https:\/\/naturalpoland.com\/de\/produkte\/produkte-fur-die-pharmaindustrie\/nahrungserganzungmittel\/cholin-citrat\/","title":{"rendered":"Cholin-Citrat"},"content":{"rendered":"<h2>Eigenschaften und Wirkung von Cholincitrat<\/h2>\n<p>Cholincitrat spielt eine wichtige Rolle als <strong>Acetylcholin-Vorl\u00e4ufer<\/strong> \u2013 ein Neurotransmitter, der f\u00fcr die Funktion des zentralen Nervensystems entscheidend ist. Es ist an der \u00dcbertragung von Nervenimpulsen beteiligt, unterst\u00fctzt kognitive Funktionen und Ged\u00e4chtnisprozesse, verbessert die Konzentration und die Lernf\u00e4higkeit. <\/p>\n<p>Dank der Anwesenheit einer Acetylgruppe kann es auch <strong>die Funktion der Mitochondrien<\/strong> und den Energiestoffwechsel in Nervenzellen unterst\u00fctzen. Es wird besonders Personen empfohlen, die <strong>psychischem und physischem Stress<\/strong> ausgesetzt sind, einschlie\u00dflich \u00e4lterer Menschen, Berufst\u00e4tiger, Sch\u00fcler und Studenten. <\/p>\n<p>Das Produkt ist nicht als toxisch eingestuft, zeigt keine reizende Wirkung, ist gut vertr\u00e4glich und bei bestimmungsgem\u00e4\u00dfer Verwendung sicher. Zus\u00e4tzlich zeichnet es sich durch einen geringen Gehalt an Schwermetallverunreinigungen (Blei, Arsen, Cadmium, Quecksilber) sowie einen sehr niedrigen Feuchtigkeitsgehalt (0,12 %) aus, was sich in seiner Stabilit\u00e4t und Haltbarkeit bei der Lagerung widerspiegelt. <\/p>\n<h2>Anwendung<\/h2>\n<p>Cholincitrat findet Anwendung in:<\/p>\n<ul>\n<li>Nahrungserg\u00e4nzungsmitteln zur Unterst\u00fctzung der Gehirn- und Nervensystemfunktion<\/li>\n<li>Pr\u00e4paraten zur Unterst\u00fctzung kognitiver F\u00e4higkeiten, Ged\u00e4chtnis und Konzentration<\/li>\n<li>Produkten f\u00fcr Senioren und Personen mit neurologischen St\u00f6rungen<\/li>\n<li>Unterst\u00fctzung des Organismus w\u00e4hrend des Lernens, geistiger Arbeit und psychophysischer Anstrengung<\/li>\n<li>Pr\u00e4paraten zur Unterst\u00fctzung der Leberfunktionen und Entgiftung<\/li>\n<\/ul>\n<p>Sein saurer Geschmack wird in fertigen Nahrungserg\u00e4nzungsmittelrezepturen mithilfe von S\u00fc\u00df- oder Geschmacksstoffen leicht neutralisiert.<\/p>\n","protected":false},"excerpt":{"rendered":"<p><strong>Cholincitrat<\/strong> (Choline Dihydrogen Citrate, CAS: 77-91-8) ist eine chemische Verbindung in Lebensmittelqualit\u00e4t, die eine Kombination aus Cholin und <a href=\"https:\/\/naturalpoland.com\/de\/produkte\/produkte-fur-die-kosmetikindustrie\/rohstoffe-fur-kosmetika\/zitronensaure-onehydrat\/\">Zitronens\u00e4ure<\/a> ist. Es enth\u00e4lt \u00fcber 98 % reinen Wirkstoff, mit einem Cholingehalt von bis zu 51 %.  Oznacza to, \u017ce preparat ten zawiera wi\u0119cej choliny ni\u017c forma bitartratu.<\/p>\n","protected":false},"featured_media":42523,"template":"","meta":{"_acf_changed":false},"product_brand":[],"product_cat":[373],"product_tag":[],"class_list":{"0":"post-5836","1":"product","2":"type-product","3":"status-publish","4":"has-post-thumbnail","6":"product_cat-nahrungserganzungmittel","8":"first","9":"instock","10":"shipping-taxable","11":"product-type-simple"},"acf":[],"yoast_head":"<!-- This site is optimized with the Yoast SEO plugin v27.4 - https:\/\/yoast.com\/product\/yoast-seo-wordpress\/ -->\n<title>Cholin-Citrat - Gro\u00dfhandelsvertrieb<\/title>\n<meta name=\"description\" content=\"Cholincitrat ist eine Kombination aus einem Zitronens\u00e4urederivat und Cholin. Im Produkt betr\u00e4gt der Cholingehalt 51 %, was mehr ist als in der Dihydrogenform.\" \/>\n<meta name=\"robots\" content=\"index, follow, max-snippet:-1, max-image-preview:large, max-video-preview:-1\" \/>\n<link rel=\"canonical\" href=\"https:\/\/naturalpoland.com\/de\/produkte\/produkte-fur-die-pharmaindustrie\/nahrungserganzungmittel\/cholin-citrat\/\" \/>\n<meta property=\"og:locale\" content=\"de_DE\" \/>\n<meta property=\"og:type\" content=\"article\" \/>\n<meta property=\"og:title\" content=\"Cholin-Citrat - Gro\u00dfhandelsvertrieb\" \/>\n<meta property=\"og:description\" content=\"Cholincitrat ist eine Kombination aus einem Zitronens\u00e4urederivat und Cholin. Im Produkt betr\u00e4gt der Cholingehalt 51 %, was mehr ist als in der Dihydrogenform.\" \/>\n<meta property=\"og:url\" content=\"https:\/\/naturalpoland.com\/de\/produkte\/produkte-fur-die-pharmaindustrie\/nahrungserganzungmittel\/cholin-citrat\/\" \/>\n<meta property=\"og:site_name\" content=\"NATURAL POLAND - IMPORT UND HANDEL VON ROHSTOFFEN\" \/>\n<meta property=\"article:publisher\" content=\"https:\/\/www.facebook.com\/naturalpoland.b2b\" \/>\n<meta property=\"article:modified_time\" content=\"2025-09-09T09:13:36+00:00\" \/>\n<meta property=\"og:image\" content=\"https:\/\/naturalpoland.com\/wp-content\/uploads\/cytrynian-choliny.webp\" \/>\n\t<meta property=\"og:image:width\" content=\"1024\" \/>\n\t<meta property=\"og:image:height\" content=\"1024\" \/>\n\t<meta property=\"og:image:type\" content=\"image\/webp\" \/>\n<script type=\"application\/ld+json\" class=\"yoast-schema-graph\">{\"@context\":\"https:\\\/\\\/schema.org\",\"@graph\":[{\"@type\":\"WebPage\",\"@id\":\"https:\\\/\\\/naturalpoland.com\\\/de\\\/produkte\\\/produkte-fur-die-pharmaindustrie\\\/nahrungserganzungmittel\\\/cholin-citrat\\\/\",\"url\":\"https:\\\/\\\/naturalpoland.com\\\/de\\\/produkte\\\/produkte-fur-die-pharmaindustrie\\\/nahrungserganzungmittel\\\/cholin-citrat\\\/\",\"name\":\"Cholin-Citrat - Gro\u00dfhandelsvertrieb\",\"isPartOf\":{\"@id\":\"https:\\\/\\\/naturalpoland.com\\\/de\\\/#website\"},\"primaryImageOfPage\":{\"@id\":\"https:\\\/\\\/naturalpoland.com\\\/de\\\/produkte\\\/produkte-fur-die-pharmaindustrie\\\/nahrungserganzungmittel\\\/cholin-citrat\\\/#primaryimage\"},\"image\":{\"@id\":\"https:\\\/\\\/naturalpoland.com\\\/de\\\/produkte\\\/produkte-fur-die-pharmaindustrie\\\/nahrungserganzungmittel\\\/cholin-citrat\\\/#primaryimage\"},\"thumbnailUrl\":\"https:\\\/\\\/naturalpoland.com\\\/wp-content\\\/uploads\\\/cytrynian-choliny.webp\",\"datePublished\":\"2021-05-11T11:37:21+00:00\",\"dateModified\":\"2025-09-09T09:13:36+00:00\",\"description\":\"Cholincitrat ist eine Kombination aus einem Zitronens\u00e4urederivat und Cholin. Im Produkt betr\u00e4gt der Cholingehalt 51 %, was mehr ist als in der Dihydrogenform.\",\"breadcrumb\":{\"@id\":\"https:\\\/\\\/naturalpoland.com\\\/de\\\/produkte\\\/produkte-fur-die-pharmaindustrie\\\/nahrungserganzungmittel\\\/cholin-citrat\\\/#breadcrumb\"},\"inLanguage\":\"de\",\"potentialAction\":[{\"@type\":\"ReadAction\",\"target\":[\"https:\\\/\\\/naturalpoland.com\\\/de\\\/produkte\\\/produkte-fur-die-pharmaindustrie\\\/nahrungserganzungmittel\\\/cholin-citrat\\\/\"]}]},{\"@type\":\"ImageObject\",\"inLanguage\":\"de\",\"@id\":\"https:\\\/\\\/naturalpoland.com\\\/de\\\/produkte\\\/produkte-fur-die-pharmaindustrie\\\/nahrungserganzungmittel\\\/cholin-citrat\\\/#primaryimage\",\"url\":\"https:\\\/\\\/naturalpoland.com\\\/wp-content\\\/uploads\\\/cytrynian-choliny.webp\",\"contentUrl\":\"https:\\\/\\\/naturalpoland.com\\\/wp-content\\\/uploads\\\/cytrynian-choliny.webp\",\"width\":1024,\"height\":1024,\"caption\":\"Cholincitrat in Form von feinem kristallinem wei\u00dfem Pulver\"},{\"@type\":\"BreadcrumbList\",\"@id\":\"https:\\\/\\\/naturalpoland.com\\\/de\\\/produkte\\\/produkte-fur-die-pharmaindustrie\\\/nahrungserganzungmittel\\\/cholin-citrat\\\/#breadcrumb\",\"itemListElement\":[{\"@type\":\"ListItem\",\"position\":1,\"name\":\"Startseite\",\"item\":\"https:\\\/\\\/naturalpoland.com\\\/de\\\/\"},{\"@type\":\"ListItem\",\"position\":2,\"name\":\"Produkte\",\"item\":\"https:\\\/\\\/naturalpoland.com\\\/de\\\/produkte\\\/\"},{\"@type\":\"ListItem\",\"position\":3,\"name\":\"Cholin-Citrat\"}]},{\"@type\":\"WebSite\",\"@id\":\"https:\\\/\\\/naturalpoland.com\\\/de\\\/#website\",\"url\":\"https:\\\/\\\/naturalpoland.com\\\/de\\\/\",\"name\":\"NATURAL POLAND - IMPORT UND HANDEL VON ROHSTOFFEN\",\"description\":\"Rohstoffe f\u00fcr die Lebensmittelindustrie, Kosmetikindustrie, Pharmaindustrie\",\"publisher\":{\"@id\":\"https:\\\/\\\/naturalpoland.com\\\/de\\\/#organization\"},\"potentialAction\":[{\"@type\":\"SearchAction\",\"target\":{\"@type\":\"EntryPoint\",\"urlTemplate\":\"https:\\\/\\\/naturalpoland.com\\\/de\\\/?s={search_term_string}\"},\"query-input\":{\"@type\":\"PropertyValueSpecification\",\"valueRequired\":true,\"valueName\":\"search_term_string\"}}],\"inLanguage\":\"de\"},{\"@type\":\"Organization\",\"@id\":\"https:\\\/\\\/naturalpoland.com\\\/de\\\/#organization\",\"name\":\"Natural Poland\",\"url\":\"https:\\\/\\\/naturalpoland.com\\\/de\\\/\",\"logo\":{\"@type\":\"ImageObject\",\"inLanguage\":\"de\",\"@id\":\"https:\\\/\\\/naturalpoland.com\\\/de\\\/#\\\/schema\\\/logo\\\/image\\\/\",\"url\":\"https:\\\/\\\/naturalpoland.com\\\/wp-content\\\/uploads\\\/2021\\\/05\\\/natural-poland-icon.png\",\"contentUrl\":\"https:\\\/\\\/naturalpoland.com\\\/wp-content\\\/uploads\\\/2021\\\/05\\\/natural-poland-icon.png\",\"width\":512,\"height\":512,\"caption\":\"Natural Poland\"},\"image\":{\"@id\":\"https:\\\/\\\/naturalpoland.com\\\/de\\\/#\\\/schema\\\/logo\\\/image\\\/\"},\"sameAs\":[\"https:\\\/\\\/www.facebook.com\\\/naturalpoland.b2b\",\"https:\\\/\\\/pl.linkedin.com\\\/company\\\/natural-poland\",\"https:\\\/\\\/www.youtube.com\\\/channel\\\/UCgeGGkvOMahZo-xu_MSEWxg\"]}]}<\/script>\n<!-- \/ Yoast SEO plugin. -->","yoast_head_json":{"title":"Cholin-Citrat - Gro\u00dfhandelsvertrieb","description":"Cholincitrat ist eine Kombination aus einem Zitronens\u00e4urederivat und Cholin. Im Produkt betr\u00e4gt der Cholingehalt 51 %, was mehr ist als in der Dihydrogenform.","robots":{"index":"index","follow":"follow","max-snippet":"max-snippet:-1","max-image-preview":"max-image-preview:large","max-video-preview":"max-video-preview:-1"},"canonical":"https:\/\/naturalpoland.com\/de\/produkte\/produkte-fur-die-pharmaindustrie\/nahrungserganzungmittel\/cholin-citrat\/","og_locale":"de_DE","og_type":"article","og_title":"Cholin-Citrat - Gro\u00dfhandelsvertrieb","og_description":"Cholincitrat ist eine Kombination aus einem Zitronens\u00e4urederivat und Cholin. Im Produkt betr\u00e4gt der Cholingehalt 51 %, was mehr ist als in der Dihydrogenform.","og_url":"https:\/\/naturalpoland.com\/de\/produkte\/produkte-fur-die-pharmaindustrie\/nahrungserganzungmittel\/cholin-citrat\/","og_site_name":"NATURAL POLAND - IMPORT UND HANDEL VON ROHSTOFFEN","article_publisher":"https:\/\/www.facebook.com\/naturalpoland.b2b","article_modified_time":"2025-09-09T09:13:36+00:00","og_image":[{"width":1024,"height":1024,"url":"https:\/\/naturalpoland.com\/wp-content\/uploads\/cytrynian-choliny.webp","type":"image\/webp"}],"schema":{"@context":"https:\/\/schema.org","@graph":[{"@type":"WebPage","@id":"https:\/\/naturalpoland.com\/de\/produkte\/produkte-fur-die-pharmaindustrie\/nahrungserganzungmittel\/cholin-citrat\/","url":"https:\/\/naturalpoland.com\/de\/produkte\/produkte-fur-die-pharmaindustrie\/nahrungserganzungmittel\/cholin-citrat\/","name":"Cholin-Citrat - Gro\u00dfhandelsvertrieb","isPartOf":{"@id":"https:\/\/naturalpoland.com\/de\/#website"},"primaryImageOfPage":{"@id":"https:\/\/naturalpoland.com\/de\/produkte\/produkte-fur-die-pharmaindustrie\/nahrungserganzungmittel\/cholin-citrat\/#primaryimage"},"image":{"@id":"https:\/\/naturalpoland.com\/de\/produkte\/produkte-fur-die-pharmaindustrie\/nahrungserganzungmittel\/cholin-citrat\/#primaryimage"},"thumbnailUrl":"https:\/\/naturalpoland.com\/wp-content\/uploads\/cytrynian-choliny.webp","datePublished":"2021-05-11T11:37:21+00:00","dateModified":"2025-09-09T09:13:36+00:00","description":"Cholincitrat ist eine Kombination aus einem Zitronens\u00e4urederivat und Cholin. Im Produkt betr\u00e4gt der Cholingehalt 51 %, was mehr ist als in der Dihydrogenform.","breadcrumb":{"@id":"https:\/\/naturalpoland.com\/de\/produkte\/produkte-fur-die-pharmaindustrie\/nahrungserganzungmittel\/cholin-citrat\/#breadcrumb"},"inLanguage":"de","potentialAction":[{"@type":"ReadAction","target":["https:\/\/naturalpoland.com\/de\/produkte\/produkte-fur-die-pharmaindustrie\/nahrungserganzungmittel\/cholin-citrat\/"]}]},{"@type":"ImageObject","inLanguage":"de","@id":"https:\/\/naturalpoland.com\/de\/produkte\/produkte-fur-die-pharmaindustrie\/nahrungserganzungmittel\/cholin-citrat\/#primaryimage","url":"https:\/\/naturalpoland.com\/wp-content\/uploads\/cytrynian-choliny.webp","contentUrl":"https:\/\/naturalpoland.com\/wp-content\/uploads\/cytrynian-choliny.webp","width":1024,"height":1024,"caption":"Cholincitrat in Form von feinem kristallinem wei\u00dfem Pulver"},{"@type":"BreadcrumbList","@id":"https:\/\/naturalpoland.com\/de\/produkte\/produkte-fur-die-pharmaindustrie\/nahrungserganzungmittel\/cholin-citrat\/#breadcrumb","itemListElement":[{"@type":"ListItem","position":1,"name":"Startseite","item":"https:\/\/naturalpoland.com\/de\/"},{"@type":"ListItem","position":2,"name":"Produkte","item":"https:\/\/naturalpoland.com\/de\/produkte\/"},{"@type":"ListItem","position":3,"name":"Cholin-Citrat"}]},{"@type":"WebSite","@id":"https:\/\/naturalpoland.com\/de\/#website","url":"https:\/\/naturalpoland.com\/de\/","name":"NATURAL POLAND - IMPORT UND HANDEL VON ROHSTOFFEN","description":"Rohstoffe f\u00fcr die Lebensmittelindustrie, Kosmetikindustrie, Pharmaindustrie","publisher":{"@id":"https:\/\/naturalpoland.com\/de\/#organization"},"potentialAction":[{"@type":"SearchAction","target":{"@type":"EntryPoint","urlTemplate":"https:\/\/naturalpoland.com\/de\/?s={search_term_string}"},"query-input":{"@type":"PropertyValueSpecification","valueRequired":true,"valueName":"search_term_string"}}],"inLanguage":"de"},{"@type":"Organization","@id":"https:\/\/naturalpoland.com\/de\/#organization","name":"Natural Poland","url":"https:\/\/naturalpoland.com\/de\/","logo":{"@type":"ImageObject","inLanguage":"de","@id":"https:\/\/naturalpoland.com\/de\/#\/schema\/logo\/image\/","url":"https:\/\/naturalpoland.com\/wp-content\/uploads\/2021\/05\/natural-poland-icon.png","contentUrl":"https:\/\/naturalpoland.com\/wp-content\/uploads\/2021\/05\/natural-poland-icon.png","width":512,"height":512,"caption":"Natural Poland"},"image":{"@id":"https:\/\/naturalpoland.com\/de\/#\/schema\/logo\/image\/"},"sameAs":["https:\/\/www.facebook.com\/naturalpoland.b2b","https:\/\/pl.linkedin.com\/company\/natural-poland","https:\/\/www.youtube.com\/channel\/UCgeGGkvOMahZo-xu_MSEWxg"]}]}},"_links":{"self":[{"href":"https:\/\/naturalpoland.com\/de\/wp-json\/wp\/v2\/product\/5836","targetHints":{"allow":["GET"]}}],"collection":[{"href":"https:\/\/naturalpoland.com\/de\/wp-json\/wp\/v2\/product"}],"about":[{"href":"https:\/\/naturalpoland.com\/de\/wp-json\/wp\/v2\/types\/product"}],"wp:featuredmedia":[{"embeddable":true,"href":"https:\/\/naturalpoland.com\/de\/wp-json\/wp\/v2\/media\/42523"}],"wp:attachment":[{"href":"https:\/\/naturalpoland.com\/de\/wp-json\/wp\/v2\/media?parent=5836"}],"wp:term":[{"taxonomy":"product_brand","embeddable":true,"href":"https:\/\/naturalpoland.com\/de\/wp-json\/wp\/v2\/product_brand?post=5836"},{"taxonomy":"product_cat","embeddable":true,"href":"https:\/\/naturalpoland.com\/de\/wp-json\/wp\/v2\/product_cat?post=5836"},{"taxonomy":"product_tag","embeddable":true,"href":"https:\/\/naturalpoland.com\/de\/wp-json\/wp\/v2\/product_tag?post=5836"}],"curies":[{"name":"wp","href":"https:\/\/api.w.org\/{rel}","templated":true}]}}