{"id":5841,"date":"2021-05-11T13:44:11","date_gmt":"2021-08-08T20:09:02","guid":{"rendered":"https:\/\/naturalpoland.pl\/produkty\/unkategorisiert\/coenzym-q10\/"},"modified":"2025-01-29T14:05:50","modified_gmt":"2025-01-29T13:05:50","slug":"coenzym-q10","status":"publish","type":"product","link":"https:\/\/naturalpoland.com\/de\/produkte\/produkte-fur-die-pharmaindustrie\/nahrungserganzungmittel\/coenzym-q10\/","title":{"rendered":"Coenzym Q10"},"content":{"rendered":"<p>Als Nahrungserg\u00e4nzungsmittel hat das Coenzym Q10 antioxidative Eigenschaften, senkt den Blutdruck (bei Bluthochdruck), beugt Migr\u00e4neanf\u00e4llen vor und lindert Dermatitis.<\/p>\n<p>Coenzym Q10 ist eine organische Verbindung aus der Gruppe der Chinionen, die auch <strong>Ubichinon<\/strong>genannt wird. Es befindet sich in den Mitochondrien von Pflanzen- und Tierzellen und ist ein wichtiger Bestandteil der Atmungskette. Es ist sehr h\u00e4ufig Bestandteil von Kosmetika, z. B. von Cremes, Masken, Serums und Nahrungserg\u00e4nzungsmitteln. Coenzym Q10 genie\u00dft auch wegen seiner vielf\u00e4ltigen Anwendungsm\u00f6glichkeiten gro\u00dfes Vertrauen.<\/p>\n<p>Coenzym Q10 unterst\u00fctzt den Zustand von Haaren, Haut und N\u00e4geln, da es die effiziente Aufnahme von Vitamin E, Selen und Zink beeinflusst. Es unterst\u00fctzt das Immun- und Nervensystem. Es ist auch \u00e4u\u00dferst wichtig f\u00fcr die korrekte Synthese von Kollagen. Das Coenzym ist auch f\u00fcr die Aufrechterhaltung normaler psychischer Funktionen unerl\u00e4sslich.<\/p>\n<hr>\n<h2>CoQXorb\u2122 LSMe<\/h2>\n<p><strong>CoQXorb\u2122 LSMe<\/strong> ist ein fortschrittliches Produkt, das die BioSNEDS\u2122-Technologie nutzt, um die Bioverf\u00fcgbarkeit von Coenzym Q10 (CoQ10), einem wichtigen Bestandteil, der die Gesundheit des Herzens, die Energieproduktion der Zellen und die antioxidative Funktion unterst\u00fctzt, deutlich zu erh\u00f6hen.<\/p>\n<h3>Vorteile der BioSNEDS\u2122 Technologie<\/h3>\n<ul>\n<li>CoQXorb\u2122 ist 39-mal besser bioverf\u00fcgbar als herk\u00f6mmliches CoQ10. Das bedeutet, dass die 6 mg aktives CoQ10 in BioSNEDS\u2122 bio\u00e4quivalent zu 200 mg herk\u00f6mmlichem CoQ10 sind.<\/li>\n<li>Mehr Dosen pro Kilogramm &#8211; 16.666 Dosen pro Kilogramm im Vergleich zu 4.950 Dosen von herk\u00f6mmlichem CoQ10.<\/li>\n<li>Erh\u00e4ltlich in Form von Pulvern und Emulsionen mit neutralem Geschmack und ohne Geruch.<\/li>\n<\/ul>\n<h3>Anwendung:<\/h3>\n<p>Nahrungserg\u00e4nzungsmittel, funktionelle Lebensmittel, topische Kosmetika, Tiernahrung.<\/p>\n<h3>Gesundheitliche Vorteile:<\/h3>\n<ul>\n<li>CoQ10 unterst\u00fctzt die kardiovaskul\u00e4re Gesundheit.<\/li>\n<li>F\u00f6rdert die Energieproduktion in den Zellen, die f\u00fcr die Gesundheit und Ausdauer der Muskeln entscheidend ist.<\/li>\n<li>Es sch\u00fctzt die Zellen vor oxidativem Stress, was Alterung und chronischen Krankheiten vorbeugen kann.<\/li>\n<li>Unterst\u00fctzt die Gehirnfunktion und die neurologische Gesundheit.<\/li>\n<li>Es kann die Gesundheit der Haut verbessern und Anzeichen der Hautalterung reduzieren.<\/li>\n<\/ul>\n","protected":false},"excerpt":{"rendered":"<p>Wir bieten den Gro\u00dfhandel mit hochwertigem Coenzym Q10 (Ubichinon) an. Das Produkt ist auch in BioSNEDS\u2122-Technologie in Form von<strong>CoQXorb\u2122 LSMe<\/strong> erh\u00e4ltlich.<\/p>\n<p>&nbsp;<\/p>\n","protected":false},"featured_media":5842,"template":"","meta":{"_acf_changed":false},"product_brand":[],"product_cat":[373],"product_tag":[],"class_list":{"0":"post-5841","1":"product","2":"type-product","3":"status-publish","4":"has-post-thumbnail","6":"product_cat-nahrungserganzungmittel","7":"pa_grupa-substancji-nutrazeutika","8":"pa_technologia-biosneds-technologie","10":"first","11":"instock","12":"shipping-taxable","13":"product-type-simple"},"acf":[],"yoast_head":"<!-- This site is optimized with the Yoast SEO plugin v27.4 - https:\/\/yoast.com\/product\/yoast-seo-wordpress\/ -->\n<title>Coenzym Q10 - NATURAL POLAND - IMPORT UND HANDEL VON ROHSTOFFEN<\/title>\n<meta name=\"description\" content=\"Coenzym Q10 hat antioxidative Eigenschaften, senkt den Blutdruck (bei Menschen mit Bluthochdruck), beugt Migr\u00e4neanf\u00e4llen vor und lindert Dermatitis.\" \/>\n<meta name=\"robots\" content=\"index, follow, max-snippet:-1, max-image-preview:large, max-video-preview:-1\" \/>\n<link rel=\"canonical\" href=\"https:\/\/naturalpoland.com\/de\/produkte\/produkte-fur-die-pharmaindustrie\/nahrungserganzungmittel\/coenzym-q10\/\" \/>\n<meta property=\"og:locale\" content=\"de_DE\" \/>\n<meta property=\"og:type\" content=\"article\" \/>\n<meta property=\"og:title\" content=\"Coenzym Q10 - NATURAL POLAND - IMPORT UND HANDEL VON ROHSTOFFEN\" \/>\n<meta property=\"og:description\" content=\"Coenzym Q10 hat antioxidative Eigenschaften, senkt den Blutdruck (bei Menschen mit Bluthochdruck), beugt Migr\u00e4neanf\u00e4llen vor und lindert Dermatitis.\" \/>\n<meta property=\"og:url\" content=\"https:\/\/naturalpoland.com\/de\/produkte\/produkte-fur-die-pharmaindustrie\/nahrungserganzungmittel\/coenzym-q10\/\" \/>\n<meta property=\"og:site_name\" content=\"NATURAL POLAND - IMPORT UND HANDEL VON ROHSTOFFEN\" \/>\n<meta property=\"article:publisher\" content=\"https:\/\/www.facebook.com\/naturalpoland.b2b\" \/>\n<meta property=\"article:modified_time\" content=\"2025-01-29T13:05:50+00:00\" \/>\n<meta property=\"og:image\" content=\"https:\/\/naturalpoland.com\/wp-content\/uploads\/2021\/05\/coenzyme-q10.jpg\" \/>\n\t<meta property=\"og:image:width\" content=\"288\" \/>\n\t<meta property=\"og:image:height\" content=\"175\" \/>\n\t<meta property=\"og:image:type\" content=\"image\/jpeg\" \/>\n<script type=\"application\/ld+json\" class=\"yoast-schema-graph\">{\"@context\":\"https:\\\/\\\/schema.org\",\"@graph\":[{\"@type\":\"WebPage\",\"@id\":\"https:\\\/\\\/naturalpoland.com\\\/de\\\/produkte\\\/produkte-fur-die-pharmaindustrie\\\/nahrungserganzungmittel\\\/coenzym-q10\\\/\",\"url\":\"https:\\\/\\\/naturalpoland.com\\\/de\\\/produkte\\\/produkte-fur-die-pharmaindustrie\\\/nahrungserganzungmittel\\\/coenzym-q10\\\/\",\"name\":\"Coenzym Q10 - NATURAL POLAND - IMPORT UND HANDEL VON ROHSTOFFEN\",\"isPartOf\":{\"@id\":\"https:\\\/\\\/naturalpoland.com\\\/de\\\/#website\"},\"primaryImageOfPage\":{\"@id\":\"https:\\\/\\\/naturalpoland.com\\\/de\\\/produkte\\\/produkte-fur-die-pharmaindustrie\\\/nahrungserganzungmittel\\\/coenzym-q10\\\/#primaryimage\"},\"image\":{\"@id\":\"https:\\\/\\\/naturalpoland.com\\\/de\\\/produkte\\\/produkte-fur-die-pharmaindustrie\\\/nahrungserganzungmittel\\\/coenzym-q10\\\/#primaryimage\"},\"thumbnailUrl\":\"https:\\\/\\\/naturalpoland.com\\\/wp-content\\\/uploads\\\/2021\\\/05\\\/coenzyme-q10.jpg\",\"datePublished\":\"2021-08-08T20:09:02+00:00\",\"dateModified\":\"2025-01-29T13:05:50+00:00\",\"description\":\"Coenzym Q10 hat antioxidative Eigenschaften, senkt den Blutdruck (bei Menschen mit Bluthochdruck), beugt Migr\u00e4neanf\u00e4llen vor und lindert Dermatitis.\",\"breadcrumb\":{\"@id\":\"https:\\\/\\\/naturalpoland.com\\\/de\\\/produkte\\\/produkte-fur-die-pharmaindustrie\\\/nahrungserganzungmittel\\\/coenzym-q10\\\/#breadcrumb\"},\"inLanguage\":\"de\",\"potentialAction\":[{\"@type\":\"ReadAction\",\"target\":[\"https:\\\/\\\/naturalpoland.com\\\/de\\\/produkte\\\/produkte-fur-die-pharmaindustrie\\\/nahrungserganzungmittel\\\/coenzym-q10\\\/\"]}]},{\"@type\":\"ImageObject\",\"inLanguage\":\"de\",\"@id\":\"https:\\\/\\\/naturalpoland.com\\\/de\\\/produkte\\\/produkte-fur-die-pharmaindustrie\\\/nahrungserganzungmittel\\\/coenzym-q10\\\/#primaryimage\",\"url\":\"https:\\\/\\\/naturalpoland.com\\\/wp-content\\\/uploads\\\/2021\\\/05\\\/coenzyme-q10.jpg\",\"contentUrl\":\"https:\\\/\\\/naturalpoland.com\\\/wp-content\\\/uploads\\\/2021\\\/05\\\/coenzyme-q10.jpg\",\"width\":288,\"height\":175},{\"@type\":\"BreadcrumbList\",\"@id\":\"https:\\\/\\\/naturalpoland.com\\\/de\\\/produkte\\\/produkte-fur-die-pharmaindustrie\\\/nahrungserganzungmittel\\\/coenzym-q10\\\/#breadcrumb\",\"itemListElement\":[{\"@type\":\"ListItem\",\"position\":1,\"name\":\"Startseite\",\"item\":\"https:\\\/\\\/naturalpoland.com\\\/de\\\/\"},{\"@type\":\"ListItem\",\"position\":2,\"name\":\"Produkte\",\"item\":\"https:\\\/\\\/naturalpoland.com\\\/de\\\/produkte\\\/\"},{\"@type\":\"ListItem\",\"position\":3,\"name\":\"Coenzym Q10\"}]},{\"@type\":\"WebSite\",\"@id\":\"https:\\\/\\\/naturalpoland.com\\\/de\\\/#website\",\"url\":\"https:\\\/\\\/naturalpoland.com\\\/de\\\/\",\"name\":\"NATURAL POLAND - IMPORT UND HANDEL VON ROHSTOFFEN\",\"description\":\"Rohstoffe f\u00fcr die Lebensmittelindustrie, Kosmetikindustrie, Pharmaindustrie\",\"publisher\":{\"@id\":\"https:\\\/\\\/naturalpoland.com\\\/de\\\/#organization\"},\"potentialAction\":[{\"@type\":\"SearchAction\",\"target\":{\"@type\":\"EntryPoint\",\"urlTemplate\":\"https:\\\/\\\/naturalpoland.com\\\/de\\\/?s={search_term_string}\"},\"query-input\":{\"@type\":\"PropertyValueSpecification\",\"valueRequired\":true,\"valueName\":\"search_term_string\"}}],\"inLanguage\":\"de\"},{\"@type\":\"Organization\",\"@id\":\"https:\\\/\\\/naturalpoland.com\\\/de\\\/#organization\",\"name\":\"Natural Poland\",\"url\":\"https:\\\/\\\/naturalpoland.com\\\/de\\\/\",\"logo\":{\"@type\":\"ImageObject\",\"inLanguage\":\"de\",\"@id\":\"https:\\\/\\\/naturalpoland.com\\\/de\\\/#\\\/schema\\\/logo\\\/image\\\/\",\"url\":\"https:\\\/\\\/naturalpoland.com\\\/wp-content\\\/uploads\\\/2021\\\/05\\\/natural-poland-icon.png\",\"contentUrl\":\"https:\\\/\\\/naturalpoland.com\\\/wp-content\\\/uploads\\\/2021\\\/05\\\/natural-poland-icon.png\",\"width\":512,\"height\":512,\"caption\":\"Natural Poland\"},\"image\":{\"@id\":\"https:\\\/\\\/naturalpoland.com\\\/de\\\/#\\\/schema\\\/logo\\\/image\\\/\"},\"sameAs\":[\"https:\\\/\\\/www.facebook.com\\\/naturalpoland.b2b\",\"https:\\\/\\\/pl.linkedin.com\\\/company\\\/natural-poland\",\"https:\\\/\\\/www.youtube.com\\\/channel\\\/UCgeGGkvOMahZo-xu_MSEWxg\"]}]}<\/script>\n<!-- \/ Yoast SEO plugin. -->","yoast_head_json":{"title":"Coenzym Q10 - NATURAL POLAND - IMPORT UND HANDEL VON ROHSTOFFEN","description":"Coenzym Q10 hat antioxidative Eigenschaften, senkt den Blutdruck (bei Menschen mit Bluthochdruck), beugt Migr\u00e4neanf\u00e4llen vor und lindert Dermatitis.","robots":{"index":"index","follow":"follow","max-snippet":"max-snippet:-1","max-image-preview":"max-image-preview:large","max-video-preview":"max-video-preview:-1"},"canonical":"https:\/\/naturalpoland.com\/de\/produkte\/produkte-fur-die-pharmaindustrie\/nahrungserganzungmittel\/coenzym-q10\/","og_locale":"de_DE","og_type":"article","og_title":"Coenzym Q10 - NATURAL POLAND - IMPORT UND HANDEL VON ROHSTOFFEN","og_description":"Coenzym Q10 hat antioxidative Eigenschaften, senkt den Blutdruck (bei Menschen mit Bluthochdruck), beugt Migr\u00e4neanf\u00e4llen vor und lindert Dermatitis.","og_url":"https:\/\/naturalpoland.com\/de\/produkte\/produkte-fur-die-pharmaindustrie\/nahrungserganzungmittel\/coenzym-q10\/","og_site_name":"NATURAL POLAND - IMPORT UND HANDEL VON ROHSTOFFEN","article_publisher":"https:\/\/www.facebook.com\/naturalpoland.b2b","article_modified_time":"2025-01-29T13:05:50+00:00","og_image":[{"width":288,"height":175,"url":"https:\/\/naturalpoland.com\/wp-content\/uploads\/2021\/05\/coenzyme-q10.jpg","type":"image\/jpeg"}],"schema":{"@context":"https:\/\/schema.org","@graph":[{"@type":"WebPage","@id":"https:\/\/naturalpoland.com\/de\/produkte\/produkte-fur-die-pharmaindustrie\/nahrungserganzungmittel\/coenzym-q10\/","url":"https:\/\/naturalpoland.com\/de\/produkte\/produkte-fur-die-pharmaindustrie\/nahrungserganzungmittel\/coenzym-q10\/","name":"Coenzym Q10 - NATURAL POLAND - IMPORT UND HANDEL VON ROHSTOFFEN","isPartOf":{"@id":"https:\/\/naturalpoland.com\/de\/#website"},"primaryImageOfPage":{"@id":"https:\/\/naturalpoland.com\/de\/produkte\/produkte-fur-die-pharmaindustrie\/nahrungserganzungmittel\/coenzym-q10\/#primaryimage"},"image":{"@id":"https:\/\/naturalpoland.com\/de\/produkte\/produkte-fur-die-pharmaindustrie\/nahrungserganzungmittel\/coenzym-q10\/#primaryimage"},"thumbnailUrl":"https:\/\/naturalpoland.com\/wp-content\/uploads\/2021\/05\/coenzyme-q10.jpg","datePublished":"2021-08-08T20:09:02+00:00","dateModified":"2025-01-29T13:05:50+00:00","description":"Coenzym Q10 hat antioxidative Eigenschaften, senkt den Blutdruck (bei Menschen mit Bluthochdruck), beugt Migr\u00e4neanf\u00e4llen vor und lindert Dermatitis.","breadcrumb":{"@id":"https:\/\/naturalpoland.com\/de\/produkte\/produkte-fur-die-pharmaindustrie\/nahrungserganzungmittel\/coenzym-q10\/#breadcrumb"},"inLanguage":"de","potentialAction":[{"@type":"ReadAction","target":["https:\/\/naturalpoland.com\/de\/produkte\/produkte-fur-die-pharmaindustrie\/nahrungserganzungmittel\/coenzym-q10\/"]}]},{"@type":"ImageObject","inLanguage":"de","@id":"https:\/\/naturalpoland.com\/de\/produkte\/produkte-fur-die-pharmaindustrie\/nahrungserganzungmittel\/coenzym-q10\/#primaryimage","url":"https:\/\/naturalpoland.com\/wp-content\/uploads\/2021\/05\/coenzyme-q10.jpg","contentUrl":"https:\/\/naturalpoland.com\/wp-content\/uploads\/2021\/05\/coenzyme-q10.jpg","width":288,"height":175},{"@type":"BreadcrumbList","@id":"https:\/\/naturalpoland.com\/de\/produkte\/produkte-fur-die-pharmaindustrie\/nahrungserganzungmittel\/coenzym-q10\/#breadcrumb","itemListElement":[{"@type":"ListItem","position":1,"name":"Startseite","item":"https:\/\/naturalpoland.com\/de\/"},{"@type":"ListItem","position":2,"name":"Produkte","item":"https:\/\/naturalpoland.com\/de\/produkte\/"},{"@type":"ListItem","position":3,"name":"Coenzym Q10"}]},{"@type":"WebSite","@id":"https:\/\/naturalpoland.com\/de\/#website","url":"https:\/\/naturalpoland.com\/de\/","name":"NATURAL POLAND - IMPORT UND HANDEL VON ROHSTOFFEN","description":"Rohstoffe f\u00fcr die Lebensmittelindustrie, Kosmetikindustrie, Pharmaindustrie","publisher":{"@id":"https:\/\/naturalpoland.com\/de\/#organization"},"potentialAction":[{"@type":"SearchAction","target":{"@type":"EntryPoint","urlTemplate":"https:\/\/naturalpoland.com\/de\/?s={search_term_string}"},"query-input":{"@type":"PropertyValueSpecification","valueRequired":true,"valueName":"search_term_string"}}],"inLanguage":"de"},{"@type":"Organization","@id":"https:\/\/naturalpoland.com\/de\/#organization","name":"Natural Poland","url":"https:\/\/naturalpoland.com\/de\/","logo":{"@type":"ImageObject","inLanguage":"de","@id":"https:\/\/naturalpoland.com\/de\/#\/schema\/logo\/image\/","url":"https:\/\/naturalpoland.com\/wp-content\/uploads\/2021\/05\/natural-poland-icon.png","contentUrl":"https:\/\/naturalpoland.com\/wp-content\/uploads\/2021\/05\/natural-poland-icon.png","width":512,"height":512,"caption":"Natural Poland"},"image":{"@id":"https:\/\/naturalpoland.com\/de\/#\/schema\/logo\/image\/"},"sameAs":["https:\/\/www.facebook.com\/naturalpoland.b2b","https:\/\/pl.linkedin.com\/company\/natural-poland","https:\/\/www.youtube.com\/channel\/UCgeGGkvOMahZo-xu_MSEWxg"]}]}},"_links":{"self":[{"href":"https:\/\/naturalpoland.com\/de\/wp-json\/wp\/v2\/product\/5841","targetHints":{"allow":["GET"]}}],"collection":[{"href":"https:\/\/naturalpoland.com\/de\/wp-json\/wp\/v2\/product"}],"about":[{"href":"https:\/\/naturalpoland.com\/de\/wp-json\/wp\/v2\/types\/product"}],"wp:featuredmedia":[{"embeddable":true,"href":"https:\/\/naturalpoland.com\/de\/wp-json\/wp\/v2\/media\/5842"}],"wp:attachment":[{"href":"https:\/\/naturalpoland.com\/de\/wp-json\/wp\/v2\/media?parent=5841"}],"wp:term":[{"taxonomy":"product_brand","embeddable":true,"href":"https:\/\/naturalpoland.com\/de\/wp-json\/wp\/v2\/product_brand?post=5841"},{"taxonomy":"product_cat","embeddable":true,"href":"https:\/\/naturalpoland.com\/de\/wp-json\/wp\/v2\/product_cat?post=5841"},{"taxonomy":"product_tag","embeddable":true,"href":"https:\/\/naturalpoland.com\/de\/wp-json\/wp\/v2\/product_tag?post=5841"}],"curies":[{"name":"wp","href":"https:\/\/api.w.org\/{rel}","templated":true}]}}