{"id":5843,"date":"2021-05-11T13:48:56","date_gmt":"2021-08-08T20:25:41","guid":{"rendered":"https:\/\/naturalpoland.pl\/produkty\/unkategorisiert\/mandel-oel\/"},"modified":"2024-10-07T12:11:32","modified_gmt":"2024-10-07T10:11:32","slug":"mandel-oel","status":"publish","type":"product","link":"https:\/\/naturalpoland.com\/de\/produkte\/produkte-fur-die-kosmetikindustrie\/kosmetische-ole\/mandel-oel\/","title":{"rendered":"Mandel-\u00d6l"},"content":{"rendered":"<p>Bei der Anwendung in Speisen verleiht Mandel\u00f6l den Gerichten einen s\u00fc\u00dfen Geschmack und eine goldene Farbe. Es ist neutral im Geschmack, so dass es sich gut mit anderen Zutaten kombinieren l\u00e4sst. In der Kosmetik ist Mandel\u00f6l hervorragend geeignet, um die Haut von Giftstoffen zu befreien, die Poren zu \u00f6ffnen und Feuchtigkeit zu speichern, die das Eindringen von Mikroorganismen verhindert.  <\/p>\n<h2>Eigenschaften von S\u00fc\u00dfmandel\u00f6l:<\/h2>\n<ol>\n<li>S\u00fc\u00dfes Mandel\u00f6l ist reich an \u00d6ls\u00e4ure und Linols\u00e4ure mit feuchtigkeitsspendenden und sch\u00fctzenden Eigenschaften.<br \/>\nEs bildet eine Schutzbarriere auf der Haut, verhindert Feuchtigkeitsverlust und sch\u00fctzt vor sch\u00e4dlichen \u00e4u\u00dferen Einfl\u00fcssen. <\/li>\n<li>Dank seines Gehalts an Vitaminen (A, E) und Mineralien f\u00f6rdert Mandel\u00f6l die Regeneration der Hautzellen und verbessert ihre Elastizit\u00e4t und Festigkeit.<br \/>\nEs hilft auch, Reizungen und Entz\u00fcndungen zu lindern, was es ideal f\u00fcr empfindliche und trockene Haut macht. <\/li>\n<li>S\u00fc\u00dfes Mandel\u00f6l hat eine leichte Textur und zieht schnell ein, ohne einen fettigen Film auf der Haut zu hinterlassen.<br \/>\nEs ist ein ausgezeichnetes Tr\u00e4ger\u00f6l, ideal f\u00fcr die Aromatherapie und als Basis f\u00fcr die Verd\u00fcnnung \u00e4therischer \u00d6le. <\/li>\n<\/ol>\n<h2>Anmeldung<\/h2>\n<ol>\n<li><strong>Hautpflegekosmetik<\/strong>: Cremes, Lotionen, Massage\u00f6le, Gesichtsmasken<\/li>\n<li><strong>Haarpflegeprodukte<\/strong>: Shampoos, Sp\u00fclungen, Masken<\/li>\n<li><strong>Pharmazeutische Zubereitungen<\/strong>: Grundbestandteil von medizinischen Salben und Cremes<\/li>\n<li><strong>Lebensmittelindustrie<\/strong>: als Zusatz zu Salaten, Dressings und anderen Gerichten<\/li>\n<\/ol>\n<hr>\n<h2>Fetts\u00e4urengehalt<\/h2>\n<ul>\n<li><strong>Palmitins\u00e4ure (C16):<\/strong> 4 &#8211; 9% (Ergebnis: 4.2%)<\/li>\n<li><strong>Oleopalmitins\u00e4ure (C16:1):<\/strong> max.<br \/>\n0,8% (Ergebnis: 0,15%) <\/li>\n<li><strong>Stearins\u00e4ure (C18):<\/strong> max.<br \/>\n3% (vertr\u00e4glich) <\/li>\n<li><strong>\u00d6ls\u00e4ure (C18:1):<\/strong> 62 &#8211; 86% (Ergebnis: 67.41%)<\/li>\n<li><strong>Linols\u00e4ure (C18:2):<\/strong> 20 &#8211; 30% (Ergebnis: 24,2%)<\/li>\n<li><strong>Linolens\u00e4ure (C18:3):<\/strong> max.<br \/>\n0,4% (Ergebnis: 0,06%) <\/li>\n<li><strong>Erucas\u00e4ure (C22:1):<\/strong> &lt;0,1% (konform)<\/li>\n<\/ul>\n<p>&nbsp;<\/p>\n","protected":false},"excerpt":{"rendered":"<p>S\u00fc\u00dfes Mandel\u00f6l raffiniert ist ein hochwertiges Pflanzen\u00f6l, das aus den Samen des Mandelbaums<em>(Prunus amygdalus dulcis<\/em>) gewonnen wird.<br \/>\nEs enth\u00e4lt die Vitamine E und A sowie essentielle Fetts\u00e4uren, Proteine, Kalium und Zink.<br \/>\nEs wird in der Kosmetik-, Pharma- und Lebensmittelindustrie verwendet.  <\/p>\n","protected":false},"featured_media":6752,"template":"","meta":{"_acf_changed":false},"product_brand":[],"product_cat":[384,386,383],"product_tag":[],"class_list":{"0":"post-5843","1":"product","2":"type-product","3":"status-publish","4":"has-post-thumbnail","6":"product_cat-kosmetische-ole","7":"product_cat-speiseole-und-kosmetikole","8":"product_cat-speiseole","9":"pa_grupa-substancji-emollients","11":"first","12":"instock","13":"shipping-taxable","14":"product-type-simple"},"acf":[],"yoast_head":"<!-- This site is optimized with the Yoast SEO plugin v27.5 - https:\/\/yoast.com\/product\/yoast-seo-wordpress\/ -->\n<title>Mandel-\u00d6l - NATURAL POLAND - IMPORT UND HANDEL VON ROHSTOFFEN<\/title>\n<meta name=\"description\" content=\"Raffiniertes S\u00fc\u00dfmandel\u00f6l wird aus den Samen des gew\u00f6hnlichen Mandelbaums gewonnen und in der Kosmetik- und Lebensmittelindustrie verwendet.\" \/>\n<meta name=\"robots\" content=\"index, follow, max-snippet:-1, max-image-preview:large, max-video-preview:-1\" \/>\n<link rel=\"canonical\" href=\"https:\/\/naturalpoland.com\/de\/produkte\/produkte-fur-die-kosmetikindustrie\/kosmetische-ole\/mandel-oel\/\" \/>\n<meta property=\"og:locale\" content=\"de_DE\" \/>\n<meta property=\"og:type\" content=\"article\" \/>\n<meta property=\"og:title\" content=\"Mandel-\u00d6l - NATURAL POLAND - IMPORT UND HANDEL VON ROHSTOFFEN\" \/>\n<meta property=\"og:description\" content=\"Raffiniertes S\u00fc\u00dfmandel\u00f6l wird aus den Samen des gew\u00f6hnlichen Mandelbaums gewonnen und in der Kosmetik- und Lebensmittelindustrie verwendet.\" \/>\n<meta property=\"og:url\" content=\"https:\/\/naturalpoland.com\/de\/produkte\/produkte-fur-die-kosmetikindustrie\/kosmetische-ole\/mandel-oel\/\" \/>\n<meta property=\"og:site_name\" content=\"NATURAL POLAND - IMPORT UND HANDEL VON ROHSTOFFEN\" \/>\n<meta property=\"article:publisher\" content=\"https:\/\/www.facebook.com\/naturalpoland.b2b\" \/>\n<meta property=\"article:modified_time\" content=\"2024-10-07T10:11:32+00:00\" \/>\n<meta property=\"og:image\" content=\"https:\/\/naturalpoland.com\/wp-content\/uploads\/olej-migdalowy-natural-poland.jpg\" \/>\n\t<meta property=\"og:image:width\" content=\"650\" \/>\n\t<meta property=\"og:image:height\" content=\"650\" \/>\n\t<meta property=\"og:image:type\" content=\"image\/jpeg\" \/>\n<script type=\"application\/ld+json\" class=\"yoast-schema-graph\">{\"@context\":\"https:\\\/\\\/schema.org\",\"@graph\":[{\"@type\":\"WebPage\",\"@id\":\"https:\\\/\\\/naturalpoland.com\\\/de\\\/produkte\\\/produkte-fur-die-kosmetikindustrie\\\/kosmetische-ole\\\/mandel-oel\\\/\",\"url\":\"https:\\\/\\\/naturalpoland.com\\\/de\\\/produkte\\\/produkte-fur-die-kosmetikindustrie\\\/kosmetische-ole\\\/mandel-oel\\\/\",\"name\":\"Mandel-\u00d6l - NATURAL POLAND - IMPORT UND HANDEL VON ROHSTOFFEN\",\"isPartOf\":{\"@id\":\"https:\\\/\\\/naturalpoland.com\\\/de\\\/#website\"},\"primaryImageOfPage\":{\"@id\":\"https:\\\/\\\/naturalpoland.com\\\/de\\\/produkte\\\/produkte-fur-die-kosmetikindustrie\\\/kosmetische-ole\\\/mandel-oel\\\/#primaryimage\"},\"image\":{\"@id\":\"https:\\\/\\\/naturalpoland.com\\\/de\\\/produkte\\\/produkte-fur-die-kosmetikindustrie\\\/kosmetische-ole\\\/mandel-oel\\\/#primaryimage\"},\"thumbnailUrl\":\"https:\\\/\\\/naturalpoland.com\\\/wp-content\\\/uploads\\\/olej-migdalowy-natural-poland.jpg\",\"datePublished\":\"2021-08-08T20:25:41+00:00\",\"dateModified\":\"2024-10-07T10:11:32+00:00\",\"description\":\"Raffiniertes S\u00fc\u00dfmandel\u00f6l wird aus den Samen des gew\u00f6hnlichen Mandelbaums gewonnen und in der Kosmetik- und Lebensmittelindustrie verwendet.\",\"breadcrumb\":{\"@id\":\"https:\\\/\\\/naturalpoland.com\\\/de\\\/produkte\\\/produkte-fur-die-kosmetikindustrie\\\/kosmetische-ole\\\/mandel-oel\\\/#breadcrumb\"},\"inLanguage\":\"de\",\"potentialAction\":[{\"@type\":\"ReadAction\",\"target\":[\"https:\\\/\\\/naturalpoland.com\\\/de\\\/produkte\\\/produkte-fur-die-kosmetikindustrie\\\/kosmetische-ole\\\/mandel-oel\\\/\"]}]},{\"@type\":\"ImageObject\",\"inLanguage\":\"de\",\"@id\":\"https:\\\/\\\/naturalpoland.com\\\/de\\\/produkte\\\/produkte-fur-die-kosmetikindustrie\\\/kosmetische-ole\\\/mandel-oel\\\/#primaryimage\",\"url\":\"https:\\\/\\\/naturalpoland.com\\\/wp-content\\\/uploads\\\/olej-migdalowy-natural-poland.jpg\",\"contentUrl\":\"https:\\\/\\\/naturalpoland.com\\\/wp-content\\\/uploads\\\/olej-migdalowy-natural-poland.jpg\",\"width\":650,\"height\":650,\"caption\":\"olej migda\u0142owy natural poland\"},{\"@type\":\"BreadcrumbList\",\"@id\":\"https:\\\/\\\/naturalpoland.com\\\/de\\\/produkte\\\/produkte-fur-die-kosmetikindustrie\\\/kosmetische-ole\\\/mandel-oel\\\/#breadcrumb\",\"itemListElement\":[{\"@type\":\"ListItem\",\"position\":1,\"name\":\"Startseite\",\"item\":\"https:\\\/\\\/naturalpoland.com\\\/de\\\/\"},{\"@type\":\"ListItem\",\"position\":2,\"name\":\"Produkte\",\"item\":\"https:\\\/\\\/naturalpoland.com\\\/de\\\/produkte\\\/\"},{\"@type\":\"ListItem\",\"position\":3,\"name\":\"Mandel-\u00d6l\"}]},{\"@type\":\"WebSite\",\"@id\":\"https:\\\/\\\/naturalpoland.com\\\/de\\\/#website\",\"url\":\"https:\\\/\\\/naturalpoland.com\\\/de\\\/\",\"name\":\"NATURAL POLAND - IMPORT UND HANDEL VON ROHSTOFFEN\",\"description\":\"Rohstoffe f\u00fcr die Lebensmittelindustrie, Kosmetikindustrie, Pharmaindustrie\",\"publisher\":{\"@id\":\"https:\\\/\\\/naturalpoland.com\\\/de\\\/#organization\"},\"potentialAction\":[{\"@type\":\"SearchAction\",\"target\":{\"@type\":\"EntryPoint\",\"urlTemplate\":\"https:\\\/\\\/naturalpoland.com\\\/de\\\/?s={search_term_string}\"},\"query-input\":{\"@type\":\"PropertyValueSpecification\",\"valueRequired\":true,\"valueName\":\"search_term_string\"}}],\"inLanguage\":\"de\"},{\"@type\":\"Organization\",\"@id\":\"https:\\\/\\\/naturalpoland.com\\\/de\\\/#organization\",\"name\":\"Natural Poland\",\"url\":\"https:\\\/\\\/naturalpoland.com\\\/de\\\/\",\"logo\":{\"@type\":\"ImageObject\",\"inLanguage\":\"de\",\"@id\":\"https:\\\/\\\/naturalpoland.com\\\/de\\\/#\\\/schema\\\/logo\\\/image\\\/\",\"url\":\"https:\\\/\\\/naturalpoland.com\\\/wp-content\\\/uploads\\\/2021\\\/05\\\/natural-poland-icon.png\",\"contentUrl\":\"https:\\\/\\\/naturalpoland.com\\\/wp-content\\\/uploads\\\/2021\\\/05\\\/natural-poland-icon.png\",\"width\":512,\"height\":512,\"caption\":\"Natural Poland\"},\"image\":{\"@id\":\"https:\\\/\\\/naturalpoland.com\\\/de\\\/#\\\/schema\\\/logo\\\/image\\\/\"},\"sameAs\":[\"https:\\\/\\\/www.facebook.com\\\/naturalpoland.b2b\",\"https:\\\/\\\/pl.linkedin.com\\\/company\\\/natural-poland\",\"https:\\\/\\\/www.youtube.com\\\/channel\\\/UCgeGGkvOMahZo-xu_MSEWxg\"]}]}<\/script>\n<!-- \/ Yoast SEO plugin. -->","yoast_head_json":{"title":"Mandel-\u00d6l - NATURAL POLAND - IMPORT UND HANDEL VON ROHSTOFFEN","description":"Raffiniertes S\u00fc\u00dfmandel\u00f6l wird aus den Samen des gew\u00f6hnlichen Mandelbaums gewonnen und in der Kosmetik- und Lebensmittelindustrie verwendet.","robots":{"index":"index","follow":"follow","max-snippet":"max-snippet:-1","max-image-preview":"max-image-preview:large","max-video-preview":"max-video-preview:-1"},"canonical":"https:\/\/naturalpoland.com\/de\/produkte\/produkte-fur-die-kosmetikindustrie\/kosmetische-ole\/mandel-oel\/","og_locale":"de_DE","og_type":"article","og_title":"Mandel-\u00d6l - NATURAL POLAND - IMPORT UND HANDEL VON ROHSTOFFEN","og_description":"Raffiniertes S\u00fc\u00dfmandel\u00f6l wird aus den Samen des gew\u00f6hnlichen Mandelbaums gewonnen und in der Kosmetik- und Lebensmittelindustrie verwendet.","og_url":"https:\/\/naturalpoland.com\/de\/produkte\/produkte-fur-die-kosmetikindustrie\/kosmetische-ole\/mandel-oel\/","og_site_name":"NATURAL POLAND - IMPORT UND HANDEL VON ROHSTOFFEN","article_publisher":"https:\/\/www.facebook.com\/naturalpoland.b2b","article_modified_time":"2024-10-07T10:11:32+00:00","og_image":[{"width":650,"height":650,"url":"https:\/\/naturalpoland.com\/wp-content\/uploads\/olej-migdalowy-natural-poland.jpg","type":"image\/jpeg"}],"schema":{"@context":"https:\/\/schema.org","@graph":[{"@type":"WebPage","@id":"https:\/\/naturalpoland.com\/de\/produkte\/produkte-fur-die-kosmetikindustrie\/kosmetische-ole\/mandel-oel\/","url":"https:\/\/naturalpoland.com\/de\/produkte\/produkte-fur-die-kosmetikindustrie\/kosmetische-ole\/mandel-oel\/","name":"Mandel-\u00d6l - NATURAL POLAND - IMPORT UND HANDEL VON ROHSTOFFEN","isPartOf":{"@id":"https:\/\/naturalpoland.com\/de\/#website"},"primaryImageOfPage":{"@id":"https:\/\/naturalpoland.com\/de\/produkte\/produkte-fur-die-kosmetikindustrie\/kosmetische-ole\/mandel-oel\/#primaryimage"},"image":{"@id":"https:\/\/naturalpoland.com\/de\/produkte\/produkte-fur-die-kosmetikindustrie\/kosmetische-ole\/mandel-oel\/#primaryimage"},"thumbnailUrl":"https:\/\/naturalpoland.com\/wp-content\/uploads\/olej-migdalowy-natural-poland.jpg","datePublished":"2021-08-08T20:25:41+00:00","dateModified":"2024-10-07T10:11:32+00:00","description":"Raffiniertes S\u00fc\u00dfmandel\u00f6l wird aus den Samen des gew\u00f6hnlichen Mandelbaums gewonnen und in der Kosmetik- und Lebensmittelindustrie verwendet.","breadcrumb":{"@id":"https:\/\/naturalpoland.com\/de\/produkte\/produkte-fur-die-kosmetikindustrie\/kosmetische-ole\/mandel-oel\/#breadcrumb"},"inLanguage":"de","potentialAction":[{"@type":"ReadAction","target":["https:\/\/naturalpoland.com\/de\/produkte\/produkte-fur-die-kosmetikindustrie\/kosmetische-ole\/mandel-oel\/"]}]},{"@type":"ImageObject","inLanguage":"de","@id":"https:\/\/naturalpoland.com\/de\/produkte\/produkte-fur-die-kosmetikindustrie\/kosmetische-ole\/mandel-oel\/#primaryimage","url":"https:\/\/naturalpoland.com\/wp-content\/uploads\/olej-migdalowy-natural-poland.jpg","contentUrl":"https:\/\/naturalpoland.com\/wp-content\/uploads\/olej-migdalowy-natural-poland.jpg","width":650,"height":650,"caption":"olej migda\u0142owy natural poland"},{"@type":"BreadcrumbList","@id":"https:\/\/naturalpoland.com\/de\/produkte\/produkte-fur-die-kosmetikindustrie\/kosmetische-ole\/mandel-oel\/#breadcrumb","itemListElement":[{"@type":"ListItem","position":1,"name":"Startseite","item":"https:\/\/naturalpoland.com\/de\/"},{"@type":"ListItem","position":2,"name":"Produkte","item":"https:\/\/naturalpoland.com\/de\/produkte\/"},{"@type":"ListItem","position":3,"name":"Mandel-\u00d6l"}]},{"@type":"WebSite","@id":"https:\/\/naturalpoland.com\/de\/#website","url":"https:\/\/naturalpoland.com\/de\/","name":"NATURAL POLAND - IMPORT UND HANDEL VON ROHSTOFFEN","description":"Rohstoffe f\u00fcr die Lebensmittelindustrie, Kosmetikindustrie, Pharmaindustrie","publisher":{"@id":"https:\/\/naturalpoland.com\/de\/#organization"},"potentialAction":[{"@type":"SearchAction","target":{"@type":"EntryPoint","urlTemplate":"https:\/\/naturalpoland.com\/de\/?s={search_term_string}"},"query-input":{"@type":"PropertyValueSpecification","valueRequired":true,"valueName":"search_term_string"}}],"inLanguage":"de"},{"@type":"Organization","@id":"https:\/\/naturalpoland.com\/de\/#organization","name":"Natural Poland","url":"https:\/\/naturalpoland.com\/de\/","logo":{"@type":"ImageObject","inLanguage":"de","@id":"https:\/\/naturalpoland.com\/de\/#\/schema\/logo\/image\/","url":"https:\/\/naturalpoland.com\/wp-content\/uploads\/2021\/05\/natural-poland-icon.png","contentUrl":"https:\/\/naturalpoland.com\/wp-content\/uploads\/2021\/05\/natural-poland-icon.png","width":512,"height":512,"caption":"Natural Poland"},"image":{"@id":"https:\/\/naturalpoland.com\/de\/#\/schema\/logo\/image\/"},"sameAs":["https:\/\/www.facebook.com\/naturalpoland.b2b","https:\/\/pl.linkedin.com\/company\/natural-poland","https:\/\/www.youtube.com\/channel\/UCgeGGkvOMahZo-xu_MSEWxg"]}]}},"_links":{"self":[{"href":"https:\/\/naturalpoland.com\/de\/wp-json\/wp\/v2\/product\/5843","targetHints":{"allow":["GET"]}}],"collection":[{"href":"https:\/\/naturalpoland.com\/de\/wp-json\/wp\/v2\/product"}],"about":[{"href":"https:\/\/naturalpoland.com\/de\/wp-json\/wp\/v2\/types\/product"}],"wp:featuredmedia":[{"embeddable":true,"href":"https:\/\/naturalpoland.com\/de\/wp-json\/wp\/v2\/media\/6752"}],"wp:attachment":[{"href":"https:\/\/naturalpoland.com\/de\/wp-json\/wp\/v2\/media?parent=5843"}],"wp:term":[{"taxonomy":"product_brand","embeddable":true,"href":"https:\/\/naturalpoland.com\/de\/wp-json\/wp\/v2\/product_brand?post=5843"},{"taxonomy":"product_cat","embeddable":true,"href":"https:\/\/naturalpoland.com\/de\/wp-json\/wp\/v2\/product_cat?post=5843"},{"taxonomy":"product_tag","embeddable":true,"href":"https:\/\/naturalpoland.com\/de\/wp-json\/wp\/v2\/product_tag?post=5843"}],"curies":[{"name":"wp","href":"https:\/\/api.w.org\/{rel}","templated":true}]}}