{"id":5854,"date":"2021-05-11T13:36:58","date_gmt":"2021-08-09T08:05:07","guid":{"rendered":"https:\/\/naturalpoland.pl\/produkty\/unkategorisiert\/d-glucosamin-hydrochlorid\/"},"modified":"2021-08-09T10:07:09","modified_gmt":"2021-08-09T08:07:09","slug":"d-glucosamin-hydrochlorid","status":"publish","type":"product","link":"https:\/\/naturalpoland.com\/de\/produkte\/produkte-fur-die-pharmaindustrie\/nahrungserganzungmittel\/d-glucosamin-hydrochlorid\/","title":{"rendered":"D-Glucosamin-Hydrochlorid"},"content":{"rendered":"<p>Mit zunehmendem Alter oder \u00dcbergewicht nimmt die k\u00f6rpereigene Produktion von Glucosamin ab, so dass eine Supplementierung notwendig wird. Dieser Aminozucker wird vom K\u00f6rper in abnehmenden Mengen produziert. Es lohnt sich also, in eine Glucosaminerg\u00e4nzung zu investieren, da sie sich positiv auf den Zustand unserer Gelenke auswirkt.<\/p>\n","protected":false},"excerpt":{"rendered":"<p>D-Glucosamin-Hydrochlorid ist die in Pr\u00e4paraten verwendete Form von Glucosamin. Glucosamin ist ein im menschlichen K\u00f6rper nat\u00fcrlich vorkommender Aminozucker, der f\u00fcr die Beteiligung an der Synthese von Proteoglykanen verantwortlich ist. Sie sind die Bausteine des Gelenkknorpels. Dank dieses Aminozuckers k\u00f6nnen wir unsere kranken Gelenke st\u00e4rken und regenerieren und so unsere Gesundheit und unseren Lebenskomfort deutlich verbessern.<\/p>\n","protected":false},"featured_media":5855,"template":"","meta":{"_acf_changed":false},"product_brand":[],"product_cat":[373],"product_tag":[],"class_list":{"0":"post-5854","1":"product","2":"type-product","3":"status-publish","4":"has-post-thumbnail","6":"product_cat-nahrungserganzungmittel","7":"pa_grupa-substancji-nutrazeutika","9":"first","10":"instock","11":"shipping-taxable","12":"product-type-simple"},"acf":[],"yoast_head":"<!-- This site is optimized with the Yoast SEO plugin v27.4 - https:\/\/yoast.com\/product\/yoast-seo-wordpress\/ -->\n<title>D-Glucosamin-Hydrochlorid - Gro\u00dfhandelsvertrieb<\/title>\n<meta name=\"robots\" content=\"index, follow, max-snippet:-1, max-image-preview:large, max-video-preview:-1\" \/>\n<link rel=\"canonical\" href=\"https:\/\/naturalpoland.com\/de\/produkte\/produkte-fur-die-pharmaindustrie\/nahrungserganzungmittel\/d-glucosamin-hydrochlorid\/\" \/>\n<meta property=\"og:locale\" content=\"de_DE\" \/>\n<meta property=\"og:type\" content=\"article\" \/>\n<meta property=\"og:title\" content=\"D-Glucosamin-Hydrochlorid - Gro\u00dfhandelsvertrieb\" \/>\n<meta property=\"og:description\" content=\"D-Glucosamin-Hydrochlorid ist die in Pr\u00e4paraten verwendete Form von Glucosamin. Glucosamin ist ein im menschlichen K\u00f6rper nat\u00fcrlich vorkommender Aminozucker, der f\u00fcr die Beteiligung an der Synthese von Proteoglykanen verantwortlich ist. Sie sind die Bausteine des Gelenkknorpels. Dank dieses Aminozuckers k\u00f6nnen wir unsere kranken Gelenke st\u00e4rken und regenerieren und so unsere Gesundheit und unseren Lebenskomfort deutlich verbessern.\" \/>\n<meta property=\"og:url\" content=\"https:\/\/naturalpoland.com\/de\/produkte\/produkte-fur-die-pharmaindustrie\/nahrungserganzungmittel\/d-glucosamin-hydrochlorid\/\" \/>\n<meta property=\"og:site_name\" content=\"NATURAL POLAND - IMPORT UND HANDEL VON ROHSTOFFEN\" \/>\n<meta property=\"article:publisher\" content=\"https:\/\/www.facebook.com\/naturalpoland.b2b\" \/>\n<meta property=\"article:modified_time\" content=\"2021-08-09T08:07:09+00:00\" \/>\n<meta property=\"og:image\" content=\"https:\/\/naturalpoland.com\/wp-content\/uploads\/2021\/05\/hydrochloride-d-glucosamine.jpg\" \/>\n\t<meta property=\"og:image:width\" content=\"213\" \/>\n\t<meta property=\"og:image:height\" content=\"200\" \/>\n\t<meta property=\"og:image:type\" content=\"image\/jpeg\" \/>\n<script type=\"application\/ld+json\" class=\"yoast-schema-graph\">{\"@context\":\"https:\\\/\\\/schema.org\",\"@graph\":[{\"@type\":\"WebPage\",\"@id\":\"https:\\\/\\\/naturalpoland.com\\\/de\\\/produkte\\\/produkte-fur-die-pharmaindustrie\\\/nahrungserganzungmittel\\\/d-glucosamin-hydrochlorid\\\/\",\"url\":\"https:\\\/\\\/naturalpoland.com\\\/de\\\/produkte\\\/produkte-fur-die-pharmaindustrie\\\/nahrungserganzungmittel\\\/d-glucosamin-hydrochlorid\\\/\",\"name\":\"D-Glucosamin-Hydrochlorid - Gro\u00dfhandelsvertrieb\",\"isPartOf\":{\"@id\":\"https:\\\/\\\/naturalpoland.com\\\/de\\\/#website\"},\"primaryImageOfPage\":{\"@id\":\"https:\\\/\\\/naturalpoland.com\\\/de\\\/produkte\\\/produkte-fur-die-pharmaindustrie\\\/nahrungserganzungmittel\\\/d-glucosamin-hydrochlorid\\\/#primaryimage\"},\"image\":{\"@id\":\"https:\\\/\\\/naturalpoland.com\\\/de\\\/produkte\\\/produkte-fur-die-pharmaindustrie\\\/nahrungserganzungmittel\\\/d-glucosamin-hydrochlorid\\\/#primaryimage\"},\"thumbnailUrl\":\"https:\\\/\\\/naturalpoland.com\\\/wp-content\\\/uploads\\\/2021\\\/05\\\/hydrochloride-d-glucosamine.jpg\",\"datePublished\":\"2021-08-09T08:05:07+00:00\",\"dateModified\":\"2021-08-09T08:07:09+00:00\",\"breadcrumb\":{\"@id\":\"https:\\\/\\\/naturalpoland.com\\\/de\\\/produkte\\\/produkte-fur-die-pharmaindustrie\\\/nahrungserganzungmittel\\\/d-glucosamin-hydrochlorid\\\/#breadcrumb\"},\"inLanguage\":\"de\",\"potentialAction\":[{\"@type\":\"ReadAction\",\"target\":[\"https:\\\/\\\/naturalpoland.com\\\/de\\\/produkte\\\/produkte-fur-die-pharmaindustrie\\\/nahrungserganzungmittel\\\/d-glucosamin-hydrochlorid\\\/\"]}]},{\"@type\":\"ImageObject\",\"inLanguage\":\"de\",\"@id\":\"https:\\\/\\\/naturalpoland.com\\\/de\\\/produkte\\\/produkte-fur-die-pharmaindustrie\\\/nahrungserganzungmittel\\\/d-glucosamin-hydrochlorid\\\/#primaryimage\",\"url\":\"https:\\\/\\\/naturalpoland.com\\\/wp-content\\\/uploads\\\/2021\\\/05\\\/hydrochloride-d-glucosamine.jpg\",\"contentUrl\":\"https:\\\/\\\/naturalpoland.com\\\/wp-content\\\/uploads\\\/2021\\\/05\\\/hydrochloride-d-glucosamine.jpg\",\"width\":213,\"height\":200},{\"@type\":\"BreadcrumbList\",\"@id\":\"https:\\\/\\\/naturalpoland.com\\\/de\\\/produkte\\\/produkte-fur-die-pharmaindustrie\\\/nahrungserganzungmittel\\\/d-glucosamin-hydrochlorid\\\/#breadcrumb\",\"itemListElement\":[{\"@type\":\"ListItem\",\"position\":1,\"name\":\"Startseite\",\"item\":\"https:\\\/\\\/naturalpoland.com\\\/de\\\/\"},{\"@type\":\"ListItem\",\"position\":2,\"name\":\"Produkte\",\"item\":\"https:\\\/\\\/naturalpoland.com\\\/de\\\/produkte\\\/\"},{\"@type\":\"ListItem\",\"position\":3,\"name\":\"D-Glucosamin-Hydrochlorid\"}]},{\"@type\":\"WebSite\",\"@id\":\"https:\\\/\\\/naturalpoland.com\\\/de\\\/#website\",\"url\":\"https:\\\/\\\/naturalpoland.com\\\/de\\\/\",\"name\":\"NATURAL POLAND - IMPORT UND HANDEL VON ROHSTOFFEN\",\"description\":\"Rohstoffe f\u00fcr die Lebensmittelindustrie, Kosmetikindustrie, Pharmaindustrie\",\"publisher\":{\"@id\":\"https:\\\/\\\/naturalpoland.com\\\/de\\\/#organization\"},\"potentialAction\":[{\"@type\":\"SearchAction\",\"target\":{\"@type\":\"EntryPoint\",\"urlTemplate\":\"https:\\\/\\\/naturalpoland.com\\\/de\\\/?s={search_term_string}\"},\"query-input\":{\"@type\":\"PropertyValueSpecification\",\"valueRequired\":true,\"valueName\":\"search_term_string\"}}],\"inLanguage\":\"de\"},{\"@type\":\"Organization\",\"@id\":\"https:\\\/\\\/naturalpoland.com\\\/de\\\/#organization\",\"name\":\"Natural Poland\",\"url\":\"https:\\\/\\\/naturalpoland.com\\\/de\\\/\",\"logo\":{\"@type\":\"ImageObject\",\"inLanguage\":\"de\",\"@id\":\"https:\\\/\\\/naturalpoland.com\\\/de\\\/#\\\/schema\\\/logo\\\/image\\\/\",\"url\":\"https:\\\/\\\/naturalpoland.com\\\/wp-content\\\/uploads\\\/2021\\\/05\\\/natural-poland-icon.png\",\"contentUrl\":\"https:\\\/\\\/naturalpoland.com\\\/wp-content\\\/uploads\\\/2021\\\/05\\\/natural-poland-icon.png\",\"width\":512,\"height\":512,\"caption\":\"Natural Poland\"},\"image\":{\"@id\":\"https:\\\/\\\/naturalpoland.com\\\/de\\\/#\\\/schema\\\/logo\\\/image\\\/\"},\"sameAs\":[\"https:\\\/\\\/www.facebook.com\\\/naturalpoland.b2b\",\"https:\\\/\\\/pl.linkedin.com\\\/company\\\/natural-poland\",\"https:\\\/\\\/www.youtube.com\\\/channel\\\/UCgeGGkvOMahZo-xu_MSEWxg\"]}]}<\/script>\n<!-- \/ Yoast SEO plugin. -->","yoast_head_json":{"title":"D-Glucosamin-Hydrochlorid - Gro\u00dfhandelsvertrieb","robots":{"index":"index","follow":"follow","max-snippet":"max-snippet:-1","max-image-preview":"max-image-preview:large","max-video-preview":"max-video-preview:-1"},"canonical":"https:\/\/naturalpoland.com\/de\/produkte\/produkte-fur-die-pharmaindustrie\/nahrungserganzungmittel\/d-glucosamin-hydrochlorid\/","og_locale":"de_DE","og_type":"article","og_title":"D-Glucosamin-Hydrochlorid - Gro\u00dfhandelsvertrieb","og_description":"D-Glucosamin-Hydrochlorid ist die in Pr\u00e4paraten verwendete Form von Glucosamin. Glucosamin ist ein im menschlichen K\u00f6rper nat\u00fcrlich vorkommender Aminozucker, der f\u00fcr die Beteiligung an der Synthese von Proteoglykanen verantwortlich ist. Sie sind die Bausteine des Gelenkknorpels. Dank dieses Aminozuckers k\u00f6nnen wir unsere kranken Gelenke st\u00e4rken und regenerieren und so unsere Gesundheit und unseren Lebenskomfort deutlich verbessern.","og_url":"https:\/\/naturalpoland.com\/de\/produkte\/produkte-fur-die-pharmaindustrie\/nahrungserganzungmittel\/d-glucosamin-hydrochlorid\/","og_site_name":"NATURAL POLAND - IMPORT UND HANDEL VON ROHSTOFFEN","article_publisher":"https:\/\/www.facebook.com\/naturalpoland.b2b","article_modified_time":"2021-08-09T08:07:09+00:00","og_image":[{"width":213,"height":200,"url":"https:\/\/naturalpoland.com\/wp-content\/uploads\/2021\/05\/hydrochloride-d-glucosamine.jpg","type":"image\/jpeg"}],"schema":{"@context":"https:\/\/schema.org","@graph":[{"@type":"WebPage","@id":"https:\/\/naturalpoland.com\/de\/produkte\/produkte-fur-die-pharmaindustrie\/nahrungserganzungmittel\/d-glucosamin-hydrochlorid\/","url":"https:\/\/naturalpoland.com\/de\/produkte\/produkte-fur-die-pharmaindustrie\/nahrungserganzungmittel\/d-glucosamin-hydrochlorid\/","name":"D-Glucosamin-Hydrochlorid - Gro\u00dfhandelsvertrieb","isPartOf":{"@id":"https:\/\/naturalpoland.com\/de\/#website"},"primaryImageOfPage":{"@id":"https:\/\/naturalpoland.com\/de\/produkte\/produkte-fur-die-pharmaindustrie\/nahrungserganzungmittel\/d-glucosamin-hydrochlorid\/#primaryimage"},"image":{"@id":"https:\/\/naturalpoland.com\/de\/produkte\/produkte-fur-die-pharmaindustrie\/nahrungserganzungmittel\/d-glucosamin-hydrochlorid\/#primaryimage"},"thumbnailUrl":"https:\/\/naturalpoland.com\/wp-content\/uploads\/2021\/05\/hydrochloride-d-glucosamine.jpg","datePublished":"2021-08-09T08:05:07+00:00","dateModified":"2021-08-09T08:07:09+00:00","breadcrumb":{"@id":"https:\/\/naturalpoland.com\/de\/produkte\/produkte-fur-die-pharmaindustrie\/nahrungserganzungmittel\/d-glucosamin-hydrochlorid\/#breadcrumb"},"inLanguage":"de","potentialAction":[{"@type":"ReadAction","target":["https:\/\/naturalpoland.com\/de\/produkte\/produkte-fur-die-pharmaindustrie\/nahrungserganzungmittel\/d-glucosamin-hydrochlorid\/"]}]},{"@type":"ImageObject","inLanguage":"de","@id":"https:\/\/naturalpoland.com\/de\/produkte\/produkte-fur-die-pharmaindustrie\/nahrungserganzungmittel\/d-glucosamin-hydrochlorid\/#primaryimage","url":"https:\/\/naturalpoland.com\/wp-content\/uploads\/2021\/05\/hydrochloride-d-glucosamine.jpg","contentUrl":"https:\/\/naturalpoland.com\/wp-content\/uploads\/2021\/05\/hydrochloride-d-glucosamine.jpg","width":213,"height":200},{"@type":"BreadcrumbList","@id":"https:\/\/naturalpoland.com\/de\/produkte\/produkte-fur-die-pharmaindustrie\/nahrungserganzungmittel\/d-glucosamin-hydrochlorid\/#breadcrumb","itemListElement":[{"@type":"ListItem","position":1,"name":"Startseite","item":"https:\/\/naturalpoland.com\/de\/"},{"@type":"ListItem","position":2,"name":"Produkte","item":"https:\/\/naturalpoland.com\/de\/produkte\/"},{"@type":"ListItem","position":3,"name":"D-Glucosamin-Hydrochlorid"}]},{"@type":"WebSite","@id":"https:\/\/naturalpoland.com\/de\/#website","url":"https:\/\/naturalpoland.com\/de\/","name":"NATURAL POLAND - IMPORT UND HANDEL VON ROHSTOFFEN","description":"Rohstoffe f\u00fcr die Lebensmittelindustrie, Kosmetikindustrie, Pharmaindustrie","publisher":{"@id":"https:\/\/naturalpoland.com\/de\/#organization"},"potentialAction":[{"@type":"SearchAction","target":{"@type":"EntryPoint","urlTemplate":"https:\/\/naturalpoland.com\/de\/?s={search_term_string}"},"query-input":{"@type":"PropertyValueSpecification","valueRequired":true,"valueName":"search_term_string"}}],"inLanguage":"de"},{"@type":"Organization","@id":"https:\/\/naturalpoland.com\/de\/#organization","name":"Natural Poland","url":"https:\/\/naturalpoland.com\/de\/","logo":{"@type":"ImageObject","inLanguage":"de","@id":"https:\/\/naturalpoland.com\/de\/#\/schema\/logo\/image\/","url":"https:\/\/naturalpoland.com\/wp-content\/uploads\/2021\/05\/natural-poland-icon.png","contentUrl":"https:\/\/naturalpoland.com\/wp-content\/uploads\/2021\/05\/natural-poland-icon.png","width":512,"height":512,"caption":"Natural Poland"},"image":{"@id":"https:\/\/naturalpoland.com\/de\/#\/schema\/logo\/image\/"},"sameAs":["https:\/\/www.facebook.com\/naturalpoland.b2b","https:\/\/pl.linkedin.com\/company\/natural-poland","https:\/\/www.youtube.com\/channel\/UCgeGGkvOMahZo-xu_MSEWxg"]}]}},"_links":{"self":[{"href":"https:\/\/naturalpoland.com\/de\/wp-json\/wp\/v2\/product\/5854","targetHints":{"allow":["GET"]}}],"collection":[{"href":"https:\/\/naturalpoland.com\/de\/wp-json\/wp\/v2\/product"}],"about":[{"href":"https:\/\/naturalpoland.com\/de\/wp-json\/wp\/v2\/types\/product"}],"wp:featuredmedia":[{"embeddable":true,"href":"https:\/\/naturalpoland.com\/de\/wp-json\/wp\/v2\/media\/5855"}],"wp:attachment":[{"href":"https:\/\/naturalpoland.com\/de\/wp-json\/wp\/v2\/media?parent=5854"}],"wp:term":[{"taxonomy":"product_brand","embeddable":true,"href":"https:\/\/naturalpoland.com\/de\/wp-json\/wp\/v2\/product_brand?post=5854"},{"taxonomy":"product_cat","embeddable":true,"href":"https:\/\/naturalpoland.com\/de\/wp-json\/wp\/v2\/product_cat?post=5854"},{"taxonomy":"product_tag","embeddable":true,"href":"https:\/\/naturalpoland.com\/de\/wp-json\/wp\/v2\/product_tag?post=5854"}],"curies":[{"name":"wp","href":"https:\/\/api.w.org\/{rel}","templated":true}]}}