{"id":6389,"date":"2021-05-11T13:38:06","date_gmt":"2021-08-25T07:57:00","guid":{"rendered":"https:\/\/naturalpoland.pl\/produkty\/unkategorisiert\/extrakt-aus-andrographis-paniculata\/"},"modified":"2021-08-25T09:57:05","modified_gmt":"2021-08-25T07:57:05","slug":"extrakt-aus-andrographis-paniculata","status":"publish","type":"product","link":"https:\/\/naturalpoland.com\/de\/produkte\/pflanzenextrakte\/extrakt-aus-andrographis-paniculata\/","title":{"rendered":"Extrakt aus Andrographis Paniculata"},"content":{"rendered":"<p>Der Extrakt aus Andrographis Paniculata enth\u00e4lt Diterpenverbindungen, Tannine, Saponine, Flavonoide und Sitosterole. Die Pr\u00e4senz dieser Verbindungen macht den Extrakt f\u00fcr die Zubereitung von Verdauungshilfen geeignet. Es wird auch zur Bek\u00e4mpfung von Erk\u00e4ltungen und Infektionen eingesetzt. Seine Einnahme hilft bei der Vorbeugung von Angina, Sinusitis und allgemein bei der Steigerung der Leistungsf\u00e4higkeit des Immunsystems.<\/p>\n","protected":false},"excerpt":{"rendered":"<p>Der Extrakt aus Andrographis Paniculata wird aus der Kalmegh-Pflanze gewonnen. Es handelt sich um eine Pflanze asiatischen Ursprungs, die seit Jahrhunderten in der chinesischen Medizin verwendet wird. Seine Verwendung in Europa ist relativ neu, aber es wird sicherlich l\u00e4nger dauern, bis es sich auf dem Markt f\u00fcr Nahrungserg\u00e4nzungsmittel durchsetzt.<\/p>\n","protected":false},"featured_media":41060,"template":"","meta":{"_acf_changed":false},"product_brand":[],"product_cat":[385],"product_tag":[],"class_list":{"0":"post-6389","1":"product","2":"type-product","3":"status-publish","4":"has-post-thumbnail","6":"product_cat-pflanzenextrakte","7":"pa_czesc-rosliny-ganze-pflanze","9":"first","10":"instock","11":"shipping-taxable","12":"product-type-simple"},"acf":[],"yoast_head":"<!-- This site is optimized with the Yoast SEO plugin v27.6 - https:\/\/yoast.com\/product\/yoast-seo-wordpress\/ -->\n<title>Extrakt aus Andrographis Paniculata - Gro\u00dfhandelsvertrieb<\/title>\n<meta name=\"robots\" content=\"index, follow, max-snippet:-1, max-image-preview:large, max-video-preview:-1\" \/>\n<link rel=\"canonical\" href=\"https:\/\/naturalpoland.com\/de\/produkte\/pflanzenextrakte\/extrakt-aus-andrographis-paniculata\/\" \/>\n<meta property=\"og:locale\" content=\"de_DE\" \/>\n<meta property=\"og:type\" content=\"article\" \/>\n<meta property=\"og:title\" content=\"Extrakt aus Andrographis Paniculata - Gro\u00dfhandelsvertrieb\" \/>\n<meta property=\"og:description\" content=\"Der Extrakt aus Andrographis Paniculata wird aus der Kalmegh-Pflanze gewonnen. Es handelt sich um eine Pflanze asiatischen Ursprungs, die seit Jahrhunderten in der chinesischen Medizin verwendet wird. Seine Verwendung in Europa ist relativ neu, aber es wird sicherlich l\u00e4nger dauern, bis es sich auf dem Markt f\u00fcr Nahrungserg\u00e4nzungsmittel durchsetzt.\" \/>\n<meta property=\"og:url\" content=\"https:\/\/naturalpoland.com\/de\/produkte\/pflanzenextrakte\/extrakt-aus-andrographis-paniculata\/\" \/>\n<meta property=\"og:site_name\" content=\"NATURAL POLAND - IMPORT UND HANDEL VON ROHSTOFFEN\" \/>\n<meta property=\"article:publisher\" content=\"https:\/\/www.facebook.com\/naturalpoland.b2b\" \/>\n<meta property=\"article:modified_time\" content=\"2021-08-25T07:57:05+00:00\" \/>\n<meta property=\"og:image\" content=\"https:\/\/naturalpoland.com\/wp-content\/uploads\/2021\/05\/andrographis-paniculata-extract.jpg\" \/>\n\t<meta property=\"og:image:width\" content=\"394\" \/>\n\t<meta property=\"og:image:height\" content=\"305\" \/>\n\t<meta property=\"og:image:type\" content=\"image\/jpeg\" \/>\n<script type=\"application\/ld+json\" class=\"yoast-schema-graph\">{\"@context\":\"https:\\\/\\\/schema.org\",\"@graph\":[{\"@type\":\"WebPage\",\"@id\":\"https:\\\/\\\/naturalpoland.com\\\/de\\\/produkte\\\/pflanzenextrakte\\\/extrakt-aus-andrographis-paniculata\\\/\",\"url\":\"https:\\\/\\\/naturalpoland.com\\\/de\\\/produkte\\\/pflanzenextrakte\\\/extrakt-aus-andrographis-paniculata\\\/\",\"name\":\"Extrakt aus Andrographis Paniculata - Gro\u00dfhandelsvertrieb\",\"isPartOf\":{\"@id\":\"https:\\\/\\\/naturalpoland.com\\\/de\\\/#website\"},\"primaryImageOfPage\":{\"@id\":\"https:\\\/\\\/naturalpoland.com\\\/de\\\/produkte\\\/pflanzenextrakte\\\/extrakt-aus-andrographis-paniculata\\\/#primaryimage\"},\"image\":{\"@id\":\"https:\\\/\\\/naturalpoland.com\\\/de\\\/produkte\\\/pflanzenextrakte\\\/extrakt-aus-andrographis-paniculata\\\/#primaryimage\"},\"thumbnailUrl\":\"https:\\\/\\\/naturalpoland.com\\\/wp-content\\\/uploads\\\/ekstrakt-andrographis-paniculata.webp\",\"datePublished\":\"2021-08-25T07:57:00+00:00\",\"dateModified\":\"2021-08-25T07:57:05+00:00\",\"breadcrumb\":{\"@id\":\"https:\\\/\\\/naturalpoland.com\\\/de\\\/produkte\\\/pflanzenextrakte\\\/extrakt-aus-andrographis-paniculata\\\/#breadcrumb\"},\"inLanguage\":\"de\",\"potentialAction\":[{\"@type\":\"ReadAction\",\"target\":[\"https:\\\/\\\/naturalpoland.com\\\/de\\\/produkte\\\/pflanzenextrakte\\\/extrakt-aus-andrographis-paniculata\\\/\"]}]},{\"@type\":\"ImageObject\",\"inLanguage\":\"de\",\"@id\":\"https:\\\/\\\/naturalpoland.com\\\/de\\\/produkte\\\/pflanzenextrakte\\\/extrakt-aus-andrographis-paniculata\\\/#primaryimage\",\"url\":\"https:\\\/\\\/naturalpoland.com\\\/wp-content\\\/uploads\\\/ekstrakt-andrographis-paniculata.webp\",\"contentUrl\":\"https:\\\/\\\/naturalpoland.com\\\/wp-content\\\/uploads\\\/ekstrakt-andrographis-paniculata.webp\",\"width\":1024,\"height\":1024,\"caption\":\"Ekstrakt z andrographis paniculata\"},{\"@type\":\"BreadcrumbList\",\"@id\":\"https:\\\/\\\/naturalpoland.com\\\/de\\\/produkte\\\/pflanzenextrakte\\\/extrakt-aus-andrographis-paniculata\\\/#breadcrumb\",\"itemListElement\":[{\"@type\":\"ListItem\",\"position\":1,\"name\":\"Startseite\",\"item\":\"https:\\\/\\\/naturalpoland.com\\\/de\\\/\"},{\"@type\":\"ListItem\",\"position\":2,\"name\":\"Produkte\",\"item\":\"https:\\\/\\\/naturalpoland.com\\\/de\\\/produkte\\\/\"},{\"@type\":\"ListItem\",\"position\":3,\"name\":\"Extrakt aus Andrographis Paniculata\"}]},{\"@type\":\"WebSite\",\"@id\":\"https:\\\/\\\/naturalpoland.com\\\/de\\\/#website\",\"url\":\"https:\\\/\\\/naturalpoland.com\\\/de\\\/\",\"name\":\"NATURAL POLAND - IMPORT UND HANDEL VON ROHSTOFFEN\",\"description\":\"Rohstoffe f\u00fcr die Lebensmittelindustrie, Kosmetikindustrie, Pharmaindustrie\",\"publisher\":{\"@id\":\"https:\\\/\\\/naturalpoland.com\\\/de\\\/#organization\"},\"potentialAction\":[{\"@type\":\"SearchAction\",\"target\":{\"@type\":\"EntryPoint\",\"urlTemplate\":\"https:\\\/\\\/naturalpoland.com\\\/de\\\/?s={search_term_string}\"},\"query-input\":{\"@type\":\"PropertyValueSpecification\",\"valueRequired\":true,\"valueName\":\"search_term_string\"}}],\"inLanguage\":\"de\"},{\"@type\":\"Organization\",\"@id\":\"https:\\\/\\\/naturalpoland.com\\\/de\\\/#organization\",\"name\":\"Natural Poland\",\"url\":\"https:\\\/\\\/naturalpoland.com\\\/de\\\/\",\"logo\":{\"@type\":\"ImageObject\",\"inLanguage\":\"de\",\"@id\":\"https:\\\/\\\/naturalpoland.com\\\/de\\\/#\\\/schema\\\/logo\\\/image\\\/\",\"url\":\"https:\\\/\\\/naturalpoland.com\\\/wp-content\\\/uploads\\\/2021\\\/05\\\/natural-poland-icon.png\",\"contentUrl\":\"https:\\\/\\\/naturalpoland.com\\\/wp-content\\\/uploads\\\/2021\\\/05\\\/natural-poland-icon.png\",\"width\":512,\"height\":512,\"caption\":\"Natural Poland\"},\"image\":{\"@id\":\"https:\\\/\\\/naturalpoland.com\\\/de\\\/#\\\/schema\\\/logo\\\/image\\\/\"},\"sameAs\":[\"https:\\\/\\\/www.facebook.com\\\/naturalpoland.b2b\",\"https:\\\/\\\/pl.linkedin.com\\\/company\\\/natural-poland\",\"https:\\\/\\\/www.youtube.com\\\/channel\\\/UCgeGGkvOMahZo-xu_MSEWxg\"]}]}<\/script>\n<!-- \/ Yoast SEO plugin. -->","yoast_head_json":{"title":"Extrakt aus Andrographis Paniculata - Gro\u00dfhandelsvertrieb","robots":{"index":"index","follow":"follow","max-snippet":"max-snippet:-1","max-image-preview":"max-image-preview:large","max-video-preview":"max-video-preview:-1"},"canonical":"https:\/\/naturalpoland.com\/de\/produkte\/pflanzenextrakte\/extrakt-aus-andrographis-paniculata\/","og_locale":"de_DE","og_type":"article","og_title":"Extrakt aus Andrographis Paniculata - Gro\u00dfhandelsvertrieb","og_description":"Der Extrakt aus Andrographis Paniculata wird aus der Kalmegh-Pflanze gewonnen. Es handelt sich um eine Pflanze asiatischen Ursprungs, die seit Jahrhunderten in der chinesischen Medizin verwendet wird. Seine Verwendung in Europa ist relativ neu, aber es wird sicherlich l\u00e4nger dauern, bis es sich auf dem Markt f\u00fcr Nahrungserg\u00e4nzungsmittel durchsetzt.","og_url":"https:\/\/naturalpoland.com\/de\/produkte\/pflanzenextrakte\/extrakt-aus-andrographis-paniculata\/","og_site_name":"NATURAL POLAND - IMPORT UND HANDEL VON ROHSTOFFEN","article_publisher":"https:\/\/www.facebook.com\/naturalpoland.b2b","article_modified_time":"2021-08-25T07:57:05+00:00","og_image":[{"width":394,"height":305,"url":"https:\/\/naturalpoland.com\/wp-content\/uploads\/2021\/05\/andrographis-paniculata-extract.jpg","type":"image\/jpeg"}],"schema":{"@context":"https:\/\/schema.org","@graph":[{"@type":"WebPage","@id":"https:\/\/naturalpoland.com\/de\/produkte\/pflanzenextrakte\/extrakt-aus-andrographis-paniculata\/","url":"https:\/\/naturalpoland.com\/de\/produkte\/pflanzenextrakte\/extrakt-aus-andrographis-paniculata\/","name":"Extrakt aus Andrographis Paniculata - Gro\u00dfhandelsvertrieb","isPartOf":{"@id":"https:\/\/naturalpoland.com\/de\/#website"},"primaryImageOfPage":{"@id":"https:\/\/naturalpoland.com\/de\/produkte\/pflanzenextrakte\/extrakt-aus-andrographis-paniculata\/#primaryimage"},"image":{"@id":"https:\/\/naturalpoland.com\/de\/produkte\/pflanzenextrakte\/extrakt-aus-andrographis-paniculata\/#primaryimage"},"thumbnailUrl":"https:\/\/naturalpoland.com\/wp-content\/uploads\/ekstrakt-andrographis-paniculata.webp","datePublished":"2021-08-25T07:57:00+00:00","dateModified":"2021-08-25T07:57:05+00:00","breadcrumb":{"@id":"https:\/\/naturalpoland.com\/de\/produkte\/pflanzenextrakte\/extrakt-aus-andrographis-paniculata\/#breadcrumb"},"inLanguage":"de","potentialAction":[{"@type":"ReadAction","target":["https:\/\/naturalpoland.com\/de\/produkte\/pflanzenextrakte\/extrakt-aus-andrographis-paniculata\/"]}]},{"@type":"ImageObject","inLanguage":"de","@id":"https:\/\/naturalpoland.com\/de\/produkte\/pflanzenextrakte\/extrakt-aus-andrographis-paniculata\/#primaryimage","url":"https:\/\/naturalpoland.com\/wp-content\/uploads\/ekstrakt-andrographis-paniculata.webp","contentUrl":"https:\/\/naturalpoland.com\/wp-content\/uploads\/ekstrakt-andrographis-paniculata.webp","width":1024,"height":1024,"caption":"Ekstrakt z andrographis paniculata"},{"@type":"BreadcrumbList","@id":"https:\/\/naturalpoland.com\/de\/produkte\/pflanzenextrakte\/extrakt-aus-andrographis-paniculata\/#breadcrumb","itemListElement":[{"@type":"ListItem","position":1,"name":"Startseite","item":"https:\/\/naturalpoland.com\/de\/"},{"@type":"ListItem","position":2,"name":"Produkte","item":"https:\/\/naturalpoland.com\/de\/produkte\/"},{"@type":"ListItem","position":3,"name":"Extrakt aus Andrographis Paniculata"}]},{"@type":"WebSite","@id":"https:\/\/naturalpoland.com\/de\/#website","url":"https:\/\/naturalpoland.com\/de\/","name":"NATURAL POLAND - IMPORT UND HANDEL VON ROHSTOFFEN","description":"Rohstoffe f\u00fcr die Lebensmittelindustrie, Kosmetikindustrie, Pharmaindustrie","publisher":{"@id":"https:\/\/naturalpoland.com\/de\/#organization"},"potentialAction":[{"@type":"SearchAction","target":{"@type":"EntryPoint","urlTemplate":"https:\/\/naturalpoland.com\/de\/?s={search_term_string}"},"query-input":{"@type":"PropertyValueSpecification","valueRequired":true,"valueName":"search_term_string"}}],"inLanguage":"de"},{"@type":"Organization","@id":"https:\/\/naturalpoland.com\/de\/#organization","name":"Natural Poland","url":"https:\/\/naturalpoland.com\/de\/","logo":{"@type":"ImageObject","inLanguage":"de","@id":"https:\/\/naturalpoland.com\/de\/#\/schema\/logo\/image\/","url":"https:\/\/naturalpoland.com\/wp-content\/uploads\/2021\/05\/natural-poland-icon.png","contentUrl":"https:\/\/naturalpoland.com\/wp-content\/uploads\/2021\/05\/natural-poland-icon.png","width":512,"height":512,"caption":"Natural Poland"},"image":{"@id":"https:\/\/naturalpoland.com\/de\/#\/schema\/logo\/image\/"},"sameAs":["https:\/\/www.facebook.com\/naturalpoland.b2b","https:\/\/pl.linkedin.com\/company\/natural-poland","https:\/\/www.youtube.com\/channel\/UCgeGGkvOMahZo-xu_MSEWxg"]}]}},"_links":{"self":[{"href":"https:\/\/naturalpoland.com\/de\/wp-json\/wp\/v2\/product\/6389","targetHints":{"allow":["GET"]}}],"collection":[{"href":"https:\/\/naturalpoland.com\/de\/wp-json\/wp\/v2\/product"}],"about":[{"href":"https:\/\/naturalpoland.com\/de\/wp-json\/wp\/v2\/types\/product"}],"wp:featuredmedia":[{"embeddable":true,"href":"https:\/\/naturalpoland.com\/de\/wp-json\/wp\/v2\/media\/41060"}],"wp:attachment":[{"href":"https:\/\/naturalpoland.com\/de\/wp-json\/wp\/v2\/media?parent=6389"}],"wp:term":[{"taxonomy":"product_brand","embeddable":true,"href":"https:\/\/naturalpoland.com\/de\/wp-json\/wp\/v2\/product_brand?post=6389"},{"taxonomy":"product_cat","embeddable":true,"href":"https:\/\/naturalpoland.com\/de\/wp-json\/wp\/v2\/product_cat?post=6389"},{"taxonomy":"product_tag","embeddable":true,"href":"https:\/\/naturalpoland.com\/de\/wp-json\/wp\/v2\/product_tag?post=6389"}],"curies":[{"name":"wp","href":"https:\/\/api.w.org\/{rel}","templated":true}]}}