{"id":6529,"date":"2021-05-11T13:42:09","date_gmt":"2021-05-11T11:42:09","guid":{"rendered":"https:\/\/naturalpoland.pl\/produkty\/unkategorisiert\/schachtelhalm-extrakt\/"},"modified":"2021-08-28T11:08:04","modified_gmt":"2021-08-28T09:08:04","slug":"schachtelhalm-extrakt","status":"publish","type":"product","link":"https:\/\/naturalpoland.com\/de\/produkte\/pflanzenextrakte\/schachtelhalm-extrakt\/","title":{"rendered":"Schachtelhalm-Extrakt"},"content":{"rendered":"<p>Schachtelhalmextrakt verleiht dem Haar Glanz und sch\u00fctzt es vor mechanischer Besch\u00e4digung. Es beschleunigt auch ihr Wachstum und verhindert sogar, dass die Haare ausfallen.<\/p>\n<p>Bemerkenswert ist, dass der Schachtelhalmextrakt auch eine sauerstoffanreichernde Wirkung auf die Haut haben kann. Es verbessert ihr Aussehen, macht die Haut elastischer und regeneriert sie. Es beschleunigt die Heilung von kleineren Hautverletzungen. Durch seinen hohen Mineralstoffgehalt remineralisiert der Schachtelhalm die Haut und versorgt sie mit Inhaltsstoffen, die in anderen pflanzlichen Pr\u00e4paraten nur schwer zu finden sind.<\/p>\n","protected":false},"excerpt":{"rendered":"<p>Schachtelhalmextrakt ist sehr reich an Silizium und anderen Mineralien, d.h. Makro- und Mikroelementen. Deshalb wird es h\u00e4ufig zur Haarpflege verwendet &#8211; \u00e4u\u00dferlich in Kosmetika und innerlich in Nahrungserg\u00e4nzungsmitteln.<\/p>\n","protected":false},"featured_media":31159,"template":"","meta":{"_acf_changed":false},"product_brand":[],"product_cat":[385],"product_tag":[],"class_list":{"0":"post-6529","1":"product","2":"type-product","3":"status-publish","4":"has-post-thumbnail","6":"product_cat-pflanzenextrakte","7":"pa_czesc-rosliny-blatter","9":"first","10":"instock","11":"shipping-taxable","12":"product-type-simple"},"acf":[],"yoast_head":"<!-- This site is optimized with the Yoast SEO plugin v27.5 - https:\/\/yoast.com\/product\/yoast-seo-wordpress\/ -->\n<title>Schachtelhalm-Extrakt - Gro\u00dfhandelsvertrieb<\/title>\n<meta name=\"robots\" content=\"index, follow, max-snippet:-1, max-image-preview:large, max-video-preview:-1\" \/>\n<link rel=\"canonical\" href=\"https:\/\/naturalpoland.com\/de\/produkte\/pflanzenextrakte\/schachtelhalm-extrakt\/\" \/>\n<meta property=\"og:locale\" content=\"de_DE\" \/>\n<meta property=\"og:type\" content=\"article\" \/>\n<meta property=\"og:title\" content=\"Schachtelhalm-Extrakt - Gro\u00dfhandelsvertrieb\" \/>\n<meta property=\"og:description\" content=\"Schachtelhalmextrakt ist sehr reich an Silizium und anderen Mineralien, d.h. Makro- und Mikroelementen. Deshalb wird es h\u00e4ufig zur Haarpflege verwendet - \u00e4u\u00dferlich in Kosmetika und innerlich in Nahrungserg\u00e4nzungsmitteln.\" \/>\n<meta property=\"og:url\" content=\"https:\/\/naturalpoland.com\/de\/produkte\/pflanzenextrakte\/schachtelhalm-extrakt\/\" \/>\n<meta property=\"og:site_name\" content=\"NATURAL POLAND - IMPORT UND HANDEL VON ROHSTOFFEN\" \/>\n<meta property=\"article:publisher\" content=\"https:\/\/www.facebook.com\/naturalpoland.b2b\" \/>\n<meta property=\"article:modified_time\" content=\"2021-08-28T09:08:04+00:00\" \/>\n<meta property=\"og:image\" content=\"https:\/\/naturalpoland.com\/wp-content\/uploads\/ekstrakt-ze-skrzypu-polnego.webp\" \/>\n\t<meta property=\"og:image:width\" content=\"618\" \/>\n\t<meta property=\"og:image:height\" content=\"618\" \/>\n\t<meta property=\"og:image:type\" content=\"image\/webp\" \/>\n<script type=\"application\/ld+json\" class=\"yoast-schema-graph\">{\"@context\":\"https:\\\/\\\/schema.org\",\"@graph\":[{\"@type\":\"WebPage\",\"@id\":\"https:\\\/\\\/naturalpoland.com\\\/de\\\/produkte\\\/pflanzenextrakte\\\/schachtelhalm-extrakt\\\/\",\"url\":\"https:\\\/\\\/naturalpoland.com\\\/de\\\/produkte\\\/pflanzenextrakte\\\/schachtelhalm-extrakt\\\/\",\"name\":\"Schachtelhalm-Extrakt - Gro\u00dfhandelsvertrieb\",\"isPartOf\":{\"@id\":\"https:\\\/\\\/naturalpoland.com\\\/de\\\/#website\"},\"primaryImageOfPage\":{\"@id\":\"https:\\\/\\\/naturalpoland.com\\\/de\\\/produkte\\\/pflanzenextrakte\\\/schachtelhalm-extrakt\\\/#primaryimage\"},\"image\":{\"@id\":\"https:\\\/\\\/naturalpoland.com\\\/de\\\/produkte\\\/pflanzenextrakte\\\/schachtelhalm-extrakt\\\/#primaryimage\"},\"thumbnailUrl\":\"https:\\\/\\\/naturalpoland.com\\\/wp-content\\\/uploads\\\/ekstrakt-ze-skrzypu-polnego.webp\",\"datePublished\":\"2021-05-11T11:42:09+00:00\",\"dateModified\":\"2021-08-28T09:08:04+00:00\",\"breadcrumb\":{\"@id\":\"https:\\\/\\\/naturalpoland.com\\\/de\\\/produkte\\\/pflanzenextrakte\\\/schachtelhalm-extrakt\\\/#breadcrumb\"},\"inLanguage\":\"de\",\"potentialAction\":[{\"@type\":\"ReadAction\",\"target\":[\"https:\\\/\\\/naturalpoland.com\\\/de\\\/produkte\\\/pflanzenextrakte\\\/schachtelhalm-extrakt\\\/\"]}]},{\"@type\":\"ImageObject\",\"inLanguage\":\"de\",\"@id\":\"https:\\\/\\\/naturalpoland.com\\\/de\\\/produkte\\\/pflanzenextrakte\\\/schachtelhalm-extrakt\\\/#primaryimage\",\"url\":\"https:\\\/\\\/naturalpoland.com\\\/wp-content\\\/uploads\\\/ekstrakt-ze-skrzypu-polnego.webp\",\"contentUrl\":\"https:\\\/\\\/naturalpoland.com\\\/wp-content\\\/uploads\\\/ekstrakt-ze-skrzypu-polnego.webp\",\"width\":618,\"height\":618,\"caption\":\"ekstrakt ze skrzypu polnego\"},{\"@type\":\"BreadcrumbList\",\"@id\":\"https:\\\/\\\/naturalpoland.com\\\/de\\\/produkte\\\/pflanzenextrakte\\\/schachtelhalm-extrakt\\\/#breadcrumb\",\"itemListElement\":[{\"@type\":\"ListItem\",\"position\":1,\"name\":\"Startseite\",\"item\":\"https:\\\/\\\/naturalpoland.com\\\/de\\\/\"},{\"@type\":\"ListItem\",\"position\":2,\"name\":\"Produkte\",\"item\":\"https:\\\/\\\/naturalpoland.com\\\/de\\\/produkte\\\/\"},{\"@type\":\"ListItem\",\"position\":3,\"name\":\"Schachtelhalm-Extrakt\"}]},{\"@type\":\"WebSite\",\"@id\":\"https:\\\/\\\/naturalpoland.com\\\/de\\\/#website\",\"url\":\"https:\\\/\\\/naturalpoland.com\\\/de\\\/\",\"name\":\"NATURAL POLAND - IMPORT UND HANDEL VON ROHSTOFFEN\",\"description\":\"Rohstoffe f\u00fcr die Lebensmittelindustrie, Kosmetikindustrie, Pharmaindustrie\",\"publisher\":{\"@id\":\"https:\\\/\\\/naturalpoland.com\\\/de\\\/#organization\"},\"potentialAction\":[{\"@type\":\"SearchAction\",\"target\":{\"@type\":\"EntryPoint\",\"urlTemplate\":\"https:\\\/\\\/naturalpoland.com\\\/de\\\/?s={search_term_string}\"},\"query-input\":{\"@type\":\"PropertyValueSpecification\",\"valueRequired\":true,\"valueName\":\"search_term_string\"}}],\"inLanguage\":\"de\"},{\"@type\":\"Organization\",\"@id\":\"https:\\\/\\\/naturalpoland.com\\\/de\\\/#organization\",\"name\":\"Natural Poland\",\"url\":\"https:\\\/\\\/naturalpoland.com\\\/de\\\/\",\"logo\":{\"@type\":\"ImageObject\",\"inLanguage\":\"de\",\"@id\":\"https:\\\/\\\/naturalpoland.com\\\/de\\\/#\\\/schema\\\/logo\\\/image\\\/\",\"url\":\"https:\\\/\\\/naturalpoland.com\\\/wp-content\\\/uploads\\\/2021\\\/05\\\/natural-poland-icon.png\",\"contentUrl\":\"https:\\\/\\\/naturalpoland.com\\\/wp-content\\\/uploads\\\/2021\\\/05\\\/natural-poland-icon.png\",\"width\":512,\"height\":512,\"caption\":\"Natural Poland\"},\"image\":{\"@id\":\"https:\\\/\\\/naturalpoland.com\\\/de\\\/#\\\/schema\\\/logo\\\/image\\\/\"},\"sameAs\":[\"https:\\\/\\\/www.facebook.com\\\/naturalpoland.b2b\",\"https:\\\/\\\/pl.linkedin.com\\\/company\\\/natural-poland\",\"https:\\\/\\\/www.youtube.com\\\/channel\\\/UCgeGGkvOMahZo-xu_MSEWxg\"]}]}<\/script>\n<!-- \/ Yoast SEO plugin. -->","yoast_head_json":{"title":"Schachtelhalm-Extrakt - Gro\u00dfhandelsvertrieb","robots":{"index":"index","follow":"follow","max-snippet":"max-snippet:-1","max-image-preview":"max-image-preview:large","max-video-preview":"max-video-preview:-1"},"canonical":"https:\/\/naturalpoland.com\/de\/produkte\/pflanzenextrakte\/schachtelhalm-extrakt\/","og_locale":"de_DE","og_type":"article","og_title":"Schachtelhalm-Extrakt - Gro\u00dfhandelsvertrieb","og_description":"Schachtelhalmextrakt ist sehr reich an Silizium und anderen Mineralien, d.h. Makro- und Mikroelementen. Deshalb wird es h\u00e4ufig zur Haarpflege verwendet - \u00e4u\u00dferlich in Kosmetika und innerlich in Nahrungserg\u00e4nzungsmitteln.","og_url":"https:\/\/naturalpoland.com\/de\/produkte\/pflanzenextrakte\/schachtelhalm-extrakt\/","og_site_name":"NATURAL POLAND - IMPORT UND HANDEL VON ROHSTOFFEN","article_publisher":"https:\/\/www.facebook.com\/naturalpoland.b2b","article_modified_time":"2021-08-28T09:08:04+00:00","og_image":[{"width":618,"height":618,"url":"https:\/\/naturalpoland.com\/wp-content\/uploads\/ekstrakt-ze-skrzypu-polnego.webp","type":"image\/webp"}],"schema":{"@context":"https:\/\/schema.org","@graph":[{"@type":"WebPage","@id":"https:\/\/naturalpoland.com\/de\/produkte\/pflanzenextrakte\/schachtelhalm-extrakt\/","url":"https:\/\/naturalpoland.com\/de\/produkte\/pflanzenextrakte\/schachtelhalm-extrakt\/","name":"Schachtelhalm-Extrakt - Gro\u00dfhandelsvertrieb","isPartOf":{"@id":"https:\/\/naturalpoland.com\/de\/#website"},"primaryImageOfPage":{"@id":"https:\/\/naturalpoland.com\/de\/produkte\/pflanzenextrakte\/schachtelhalm-extrakt\/#primaryimage"},"image":{"@id":"https:\/\/naturalpoland.com\/de\/produkte\/pflanzenextrakte\/schachtelhalm-extrakt\/#primaryimage"},"thumbnailUrl":"https:\/\/naturalpoland.com\/wp-content\/uploads\/ekstrakt-ze-skrzypu-polnego.webp","datePublished":"2021-05-11T11:42:09+00:00","dateModified":"2021-08-28T09:08:04+00:00","breadcrumb":{"@id":"https:\/\/naturalpoland.com\/de\/produkte\/pflanzenextrakte\/schachtelhalm-extrakt\/#breadcrumb"},"inLanguage":"de","potentialAction":[{"@type":"ReadAction","target":["https:\/\/naturalpoland.com\/de\/produkte\/pflanzenextrakte\/schachtelhalm-extrakt\/"]}]},{"@type":"ImageObject","inLanguage":"de","@id":"https:\/\/naturalpoland.com\/de\/produkte\/pflanzenextrakte\/schachtelhalm-extrakt\/#primaryimage","url":"https:\/\/naturalpoland.com\/wp-content\/uploads\/ekstrakt-ze-skrzypu-polnego.webp","contentUrl":"https:\/\/naturalpoland.com\/wp-content\/uploads\/ekstrakt-ze-skrzypu-polnego.webp","width":618,"height":618,"caption":"ekstrakt ze skrzypu polnego"},{"@type":"BreadcrumbList","@id":"https:\/\/naturalpoland.com\/de\/produkte\/pflanzenextrakte\/schachtelhalm-extrakt\/#breadcrumb","itemListElement":[{"@type":"ListItem","position":1,"name":"Startseite","item":"https:\/\/naturalpoland.com\/de\/"},{"@type":"ListItem","position":2,"name":"Produkte","item":"https:\/\/naturalpoland.com\/de\/produkte\/"},{"@type":"ListItem","position":3,"name":"Schachtelhalm-Extrakt"}]},{"@type":"WebSite","@id":"https:\/\/naturalpoland.com\/de\/#website","url":"https:\/\/naturalpoland.com\/de\/","name":"NATURAL POLAND - IMPORT UND HANDEL VON ROHSTOFFEN","description":"Rohstoffe f\u00fcr die Lebensmittelindustrie, Kosmetikindustrie, Pharmaindustrie","publisher":{"@id":"https:\/\/naturalpoland.com\/de\/#organization"},"potentialAction":[{"@type":"SearchAction","target":{"@type":"EntryPoint","urlTemplate":"https:\/\/naturalpoland.com\/de\/?s={search_term_string}"},"query-input":{"@type":"PropertyValueSpecification","valueRequired":true,"valueName":"search_term_string"}}],"inLanguage":"de"},{"@type":"Organization","@id":"https:\/\/naturalpoland.com\/de\/#organization","name":"Natural Poland","url":"https:\/\/naturalpoland.com\/de\/","logo":{"@type":"ImageObject","inLanguage":"de","@id":"https:\/\/naturalpoland.com\/de\/#\/schema\/logo\/image\/","url":"https:\/\/naturalpoland.com\/wp-content\/uploads\/2021\/05\/natural-poland-icon.png","contentUrl":"https:\/\/naturalpoland.com\/wp-content\/uploads\/2021\/05\/natural-poland-icon.png","width":512,"height":512,"caption":"Natural Poland"},"image":{"@id":"https:\/\/naturalpoland.com\/de\/#\/schema\/logo\/image\/"},"sameAs":["https:\/\/www.facebook.com\/naturalpoland.b2b","https:\/\/pl.linkedin.com\/company\/natural-poland","https:\/\/www.youtube.com\/channel\/UCgeGGkvOMahZo-xu_MSEWxg"]}]}},"_links":{"self":[{"href":"https:\/\/naturalpoland.com\/de\/wp-json\/wp\/v2\/product\/6529","targetHints":{"allow":["GET"]}}],"collection":[{"href":"https:\/\/naturalpoland.com\/de\/wp-json\/wp\/v2\/product"}],"about":[{"href":"https:\/\/naturalpoland.com\/de\/wp-json\/wp\/v2\/types\/product"}],"wp:featuredmedia":[{"embeddable":true,"href":"https:\/\/naturalpoland.com\/de\/wp-json\/wp\/v2\/media\/31159"}],"wp:attachment":[{"href":"https:\/\/naturalpoland.com\/de\/wp-json\/wp\/v2\/media?parent=6529"}],"wp:term":[{"taxonomy":"product_brand","embeddable":true,"href":"https:\/\/naturalpoland.com\/de\/wp-json\/wp\/v2\/product_brand?post=6529"},{"taxonomy":"product_cat","embeddable":true,"href":"https:\/\/naturalpoland.com\/de\/wp-json\/wp\/v2\/product_cat?post=6529"},{"taxonomy":"product_tag","embeddable":true,"href":"https:\/\/naturalpoland.com\/de\/wp-json\/wp\/v2\/product_tag?post=6529"}],"curies":[{"name":"wp","href":"https:\/\/api.w.org\/{rel}","templated":true}]}}