{"id":6578,"date":"2021-05-11T13:40:35","date_gmt":"2021-08-29T10:21:05","guid":{"rendered":"https:\/\/naturalpoland.pl\/produkty\/unkategorisiert\/kurkuma-longa-extrakt\/"},"modified":"2021-08-29T12:21:05","modified_gmt":"2021-08-29T10:21:05","slug":"kurkuma-longa-extrakt","status":"publish","type":"product","link":"https:\/\/naturalpoland.com\/de\/produkte\/pflanzenextrakte\/kurkuma-longa-extrakt\/","title":{"rendered":"Kurkuma-Longa-Extrakt"},"content":{"rendered":"<p>Kurkuma-Longa-Extrakt wird bei zu Akne neigender Haut empfohlen. Es hat entz\u00fcndungshemmende und antibakterielle Eigenschaften. Es kann als Bestandteil von Reinigungsmitteln, Toniken und Masken verwendet werden. Dieser Extrakt kann auch den Hautton ausgleichen und Verf\u00e4rbungen \u00fcberdecken. Es reduziert auch das Erscheinungsbild von Aknepunkten und kleinen Narben.<\/p>\n","protected":false},"excerpt":{"rendered":"<p>Curcuma-Longa-Extrakt wird aus der gleichen Pflanze gewonnen, die auch Kurkuma produziert. Es ist eine wertvolle N\u00e4hrstoffquelle und wird daher meist als Nahrungserg\u00e4nzungsmittel verwendet. Kurkuma-Longa-Extrakt unterst\u00fctzt die Verdauung, verbessert die Leber und sch\u00fctzt sie vor St\u00f6rungen. Der Extrakt aus dieser Pflanze kann auch in der Kosmetik verwendet werden.<\/p>\n","protected":false},"featured_media":6579,"template":"","meta":{"_acf_changed":false},"product_brand":[],"product_cat":[385],"product_tag":[],"class_list":{"0":"post-6578","1":"product","2":"type-product","3":"status-publish","4":"has-post-thumbnail","6":"product_cat-pflanzenextrakte","8":"first","9":"instock","10":"shipping-taxable","11":"product-type-simple"},"acf":[],"yoast_head":"<!-- This site is optimized with the Yoast SEO plugin v27.4 - https:\/\/yoast.com\/product\/yoast-seo-wordpress\/ -->\n<title>Kurkuma-Longa-Extrakt - Gro\u00dfhandelsvertrieb<\/title>\n<meta name=\"robots\" content=\"index, follow, max-snippet:-1, max-image-preview:large, max-video-preview:-1\" \/>\n<link rel=\"canonical\" href=\"https:\/\/naturalpoland.com\/de\/produkte\/pflanzenextrakte\/kurkuma-longa-extrakt\/\" \/>\n<meta property=\"og:locale\" content=\"de_DE\" \/>\n<meta property=\"og:type\" content=\"article\" \/>\n<meta property=\"og:title\" content=\"Kurkuma-Longa-Extrakt - Gro\u00dfhandelsvertrieb\" \/>\n<meta property=\"og:description\" content=\"Curcuma-Longa-Extrakt wird aus der gleichen Pflanze gewonnen, die auch Kurkuma produziert. Es ist eine wertvolle N\u00e4hrstoffquelle und wird daher meist als Nahrungserg\u00e4nzungsmittel verwendet. Kurkuma-Longa-Extrakt unterst\u00fctzt die Verdauung, verbessert die Leber und sch\u00fctzt sie vor St\u00f6rungen. Der Extrakt aus dieser Pflanze kann auch in der Kosmetik verwendet werden.\" \/>\n<meta property=\"og:url\" content=\"https:\/\/naturalpoland.com\/de\/produkte\/pflanzenextrakte\/kurkuma-longa-extrakt\/\" \/>\n<meta property=\"og:site_name\" content=\"NATURAL POLAND - IMPORT UND HANDEL VON ROHSTOFFEN\" \/>\n<meta property=\"article:publisher\" content=\"https:\/\/www.facebook.com\/naturalpoland.b2b\" \/>\n<meta property=\"og:image\" content=\"https:\/\/naturalpoland.com\/wp-content\/uploads\/2021\/05\/turmeric-extract.jpg\" \/>\n\t<meta property=\"og:image:width\" content=\"640\" \/>\n\t<meta property=\"og:image:height\" content=\"426\" \/>\n\t<meta property=\"og:image:type\" content=\"image\/jpeg\" \/>\n<script type=\"application\/ld+json\" class=\"yoast-schema-graph\">{\"@context\":\"https:\\\/\\\/schema.org\",\"@graph\":[{\"@type\":\"WebPage\",\"@id\":\"https:\\\/\\\/naturalpoland.com\\\/de\\\/produkte\\\/pflanzenextrakte\\\/kurkuma-longa-extrakt\\\/\",\"url\":\"https:\\\/\\\/naturalpoland.com\\\/de\\\/produkte\\\/pflanzenextrakte\\\/kurkuma-longa-extrakt\\\/\",\"name\":\"Kurkuma-Longa-Extrakt - Gro\u00dfhandelsvertrieb\",\"isPartOf\":{\"@id\":\"https:\\\/\\\/naturalpoland.com\\\/de\\\/#website\"},\"primaryImageOfPage\":{\"@id\":\"https:\\\/\\\/naturalpoland.com\\\/de\\\/produkte\\\/pflanzenextrakte\\\/kurkuma-longa-extrakt\\\/#primaryimage\"},\"image\":{\"@id\":\"https:\\\/\\\/naturalpoland.com\\\/de\\\/produkte\\\/pflanzenextrakte\\\/kurkuma-longa-extrakt\\\/#primaryimage\"},\"thumbnailUrl\":\"https:\\\/\\\/naturalpoland.com\\\/wp-content\\\/uploads\\\/2021\\\/05\\\/turmeric-extract.jpg\",\"datePublished\":\"2021-08-29T10:21:05+00:00\",\"breadcrumb\":{\"@id\":\"https:\\\/\\\/naturalpoland.com\\\/de\\\/produkte\\\/pflanzenextrakte\\\/kurkuma-longa-extrakt\\\/#breadcrumb\"},\"inLanguage\":\"de\",\"potentialAction\":[{\"@type\":\"ReadAction\",\"target\":[\"https:\\\/\\\/naturalpoland.com\\\/de\\\/produkte\\\/pflanzenextrakte\\\/kurkuma-longa-extrakt\\\/\"]}]},{\"@type\":\"ImageObject\",\"inLanguage\":\"de\",\"@id\":\"https:\\\/\\\/naturalpoland.com\\\/de\\\/produkte\\\/pflanzenextrakte\\\/kurkuma-longa-extrakt\\\/#primaryimage\",\"url\":\"https:\\\/\\\/naturalpoland.com\\\/wp-content\\\/uploads\\\/2021\\\/05\\\/turmeric-extract.jpg\",\"contentUrl\":\"https:\\\/\\\/naturalpoland.com\\\/wp-content\\\/uploads\\\/2021\\\/05\\\/turmeric-extract.jpg\",\"width\":640,\"height\":426},{\"@type\":\"BreadcrumbList\",\"@id\":\"https:\\\/\\\/naturalpoland.com\\\/de\\\/produkte\\\/pflanzenextrakte\\\/kurkuma-longa-extrakt\\\/#breadcrumb\",\"itemListElement\":[{\"@type\":\"ListItem\",\"position\":1,\"name\":\"Startseite\",\"item\":\"https:\\\/\\\/naturalpoland.com\\\/de\\\/\"},{\"@type\":\"ListItem\",\"position\":2,\"name\":\"Produkte\",\"item\":\"https:\\\/\\\/naturalpoland.com\\\/de\\\/produkte\\\/\"},{\"@type\":\"ListItem\",\"position\":3,\"name\":\"Kurkuma-Longa-Extrakt\"}]},{\"@type\":\"WebSite\",\"@id\":\"https:\\\/\\\/naturalpoland.com\\\/de\\\/#website\",\"url\":\"https:\\\/\\\/naturalpoland.com\\\/de\\\/\",\"name\":\"NATURAL POLAND - IMPORT UND HANDEL VON ROHSTOFFEN\",\"description\":\"Rohstoffe f\u00fcr die Lebensmittelindustrie, Kosmetikindustrie, Pharmaindustrie\",\"publisher\":{\"@id\":\"https:\\\/\\\/naturalpoland.com\\\/de\\\/#organization\"},\"potentialAction\":[{\"@type\":\"SearchAction\",\"target\":{\"@type\":\"EntryPoint\",\"urlTemplate\":\"https:\\\/\\\/naturalpoland.com\\\/de\\\/?s={search_term_string}\"},\"query-input\":{\"@type\":\"PropertyValueSpecification\",\"valueRequired\":true,\"valueName\":\"search_term_string\"}}],\"inLanguage\":\"de\"},{\"@type\":\"Organization\",\"@id\":\"https:\\\/\\\/naturalpoland.com\\\/de\\\/#organization\",\"name\":\"Natural Poland\",\"url\":\"https:\\\/\\\/naturalpoland.com\\\/de\\\/\",\"logo\":{\"@type\":\"ImageObject\",\"inLanguage\":\"de\",\"@id\":\"https:\\\/\\\/naturalpoland.com\\\/de\\\/#\\\/schema\\\/logo\\\/image\\\/\",\"url\":\"https:\\\/\\\/naturalpoland.com\\\/wp-content\\\/uploads\\\/2021\\\/05\\\/natural-poland-icon.png\",\"contentUrl\":\"https:\\\/\\\/naturalpoland.com\\\/wp-content\\\/uploads\\\/2021\\\/05\\\/natural-poland-icon.png\",\"width\":512,\"height\":512,\"caption\":\"Natural Poland\"},\"image\":{\"@id\":\"https:\\\/\\\/naturalpoland.com\\\/de\\\/#\\\/schema\\\/logo\\\/image\\\/\"},\"sameAs\":[\"https:\\\/\\\/www.facebook.com\\\/naturalpoland.b2b\",\"https:\\\/\\\/pl.linkedin.com\\\/company\\\/natural-poland\",\"https:\\\/\\\/www.youtube.com\\\/channel\\\/UCgeGGkvOMahZo-xu_MSEWxg\"]}]}<\/script>\n<!-- \/ Yoast SEO plugin. -->","yoast_head_json":{"title":"Kurkuma-Longa-Extrakt - Gro\u00dfhandelsvertrieb","robots":{"index":"index","follow":"follow","max-snippet":"max-snippet:-1","max-image-preview":"max-image-preview:large","max-video-preview":"max-video-preview:-1"},"canonical":"https:\/\/naturalpoland.com\/de\/produkte\/pflanzenextrakte\/kurkuma-longa-extrakt\/","og_locale":"de_DE","og_type":"article","og_title":"Kurkuma-Longa-Extrakt - Gro\u00dfhandelsvertrieb","og_description":"Curcuma-Longa-Extrakt wird aus der gleichen Pflanze gewonnen, die auch Kurkuma produziert. Es ist eine wertvolle N\u00e4hrstoffquelle und wird daher meist als Nahrungserg\u00e4nzungsmittel verwendet. Kurkuma-Longa-Extrakt unterst\u00fctzt die Verdauung, verbessert die Leber und sch\u00fctzt sie vor St\u00f6rungen. Der Extrakt aus dieser Pflanze kann auch in der Kosmetik verwendet werden.","og_url":"https:\/\/naturalpoland.com\/de\/produkte\/pflanzenextrakte\/kurkuma-longa-extrakt\/","og_site_name":"NATURAL POLAND - IMPORT UND HANDEL VON ROHSTOFFEN","article_publisher":"https:\/\/www.facebook.com\/naturalpoland.b2b","og_image":[{"width":640,"height":426,"url":"https:\/\/naturalpoland.com\/wp-content\/uploads\/2021\/05\/turmeric-extract.jpg","type":"image\/jpeg"}],"schema":{"@context":"https:\/\/schema.org","@graph":[{"@type":"WebPage","@id":"https:\/\/naturalpoland.com\/de\/produkte\/pflanzenextrakte\/kurkuma-longa-extrakt\/","url":"https:\/\/naturalpoland.com\/de\/produkte\/pflanzenextrakte\/kurkuma-longa-extrakt\/","name":"Kurkuma-Longa-Extrakt - Gro\u00dfhandelsvertrieb","isPartOf":{"@id":"https:\/\/naturalpoland.com\/de\/#website"},"primaryImageOfPage":{"@id":"https:\/\/naturalpoland.com\/de\/produkte\/pflanzenextrakte\/kurkuma-longa-extrakt\/#primaryimage"},"image":{"@id":"https:\/\/naturalpoland.com\/de\/produkte\/pflanzenextrakte\/kurkuma-longa-extrakt\/#primaryimage"},"thumbnailUrl":"https:\/\/naturalpoland.com\/wp-content\/uploads\/2021\/05\/turmeric-extract.jpg","datePublished":"2021-08-29T10:21:05+00:00","breadcrumb":{"@id":"https:\/\/naturalpoland.com\/de\/produkte\/pflanzenextrakte\/kurkuma-longa-extrakt\/#breadcrumb"},"inLanguage":"de","potentialAction":[{"@type":"ReadAction","target":["https:\/\/naturalpoland.com\/de\/produkte\/pflanzenextrakte\/kurkuma-longa-extrakt\/"]}]},{"@type":"ImageObject","inLanguage":"de","@id":"https:\/\/naturalpoland.com\/de\/produkte\/pflanzenextrakte\/kurkuma-longa-extrakt\/#primaryimage","url":"https:\/\/naturalpoland.com\/wp-content\/uploads\/2021\/05\/turmeric-extract.jpg","contentUrl":"https:\/\/naturalpoland.com\/wp-content\/uploads\/2021\/05\/turmeric-extract.jpg","width":640,"height":426},{"@type":"BreadcrumbList","@id":"https:\/\/naturalpoland.com\/de\/produkte\/pflanzenextrakte\/kurkuma-longa-extrakt\/#breadcrumb","itemListElement":[{"@type":"ListItem","position":1,"name":"Startseite","item":"https:\/\/naturalpoland.com\/de\/"},{"@type":"ListItem","position":2,"name":"Produkte","item":"https:\/\/naturalpoland.com\/de\/produkte\/"},{"@type":"ListItem","position":3,"name":"Kurkuma-Longa-Extrakt"}]},{"@type":"WebSite","@id":"https:\/\/naturalpoland.com\/de\/#website","url":"https:\/\/naturalpoland.com\/de\/","name":"NATURAL POLAND - IMPORT UND HANDEL VON ROHSTOFFEN","description":"Rohstoffe f\u00fcr die Lebensmittelindustrie, Kosmetikindustrie, Pharmaindustrie","publisher":{"@id":"https:\/\/naturalpoland.com\/de\/#organization"},"potentialAction":[{"@type":"SearchAction","target":{"@type":"EntryPoint","urlTemplate":"https:\/\/naturalpoland.com\/de\/?s={search_term_string}"},"query-input":{"@type":"PropertyValueSpecification","valueRequired":true,"valueName":"search_term_string"}}],"inLanguage":"de"},{"@type":"Organization","@id":"https:\/\/naturalpoland.com\/de\/#organization","name":"Natural Poland","url":"https:\/\/naturalpoland.com\/de\/","logo":{"@type":"ImageObject","inLanguage":"de","@id":"https:\/\/naturalpoland.com\/de\/#\/schema\/logo\/image\/","url":"https:\/\/naturalpoland.com\/wp-content\/uploads\/2021\/05\/natural-poland-icon.png","contentUrl":"https:\/\/naturalpoland.com\/wp-content\/uploads\/2021\/05\/natural-poland-icon.png","width":512,"height":512,"caption":"Natural Poland"},"image":{"@id":"https:\/\/naturalpoland.com\/de\/#\/schema\/logo\/image\/"},"sameAs":["https:\/\/www.facebook.com\/naturalpoland.b2b","https:\/\/pl.linkedin.com\/company\/natural-poland","https:\/\/www.youtube.com\/channel\/UCgeGGkvOMahZo-xu_MSEWxg"]}]}},"_links":{"self":[{"href":"https:\/\/naturalpoland.com\/de\/wp-json\/wp\/v2\/product\/6578","targetHints":{"allow":["GET"]}}],"collection":[{"href":"https:\/\/naturalpoland.com\/de\/wp-json\/wp\/v2\/product"}],"about":[{"href":"https:\/\/naturalpoland.com\/de\/wp-json\/wp\/v2\/types\/product"}],"wp:featuredmedia":[{"embeddable":true,"href":"https:\/\/naturalpoland.com\/de\/wp-json\/wp\/v2\/media\/6579"}],"wp:attachment":[{"href":"https:\/\/naturalpoland.com\/de\/wp-json\/wp\/v2\/media?parent=6578"}],"wp:term":[{"taxonomy":"product_brand","embeddable":true,"href":"https:\/\/naturalpoland.com\/de\/wp-json\/wp\/v2\/product_brand?post=6578"},{"taxonomy":"product_cat","embeddable":true,"href":"https:\/\/naturalpoland.com\/de\/wp-json\/wp\/v2\/product_cat?post=6578"},{"taxonomy":"product_tag","embeddable":true,"href":"https:\/\/naturalpoland.com\/de\/wp-json\/wp\/v2\/product_tag?post=6578"}],"curies":[{"name":"wp","href":"https:\/\/api.w.org\/{rel}","templated":true}]}}