{"id":6593,"date":"2021-05-11T13:47:46","date_gmt":"2021-08-29T13:28:46","guid":{"rendered":"https:\/\/naturalpoland.pl\/produkty\/unkategorisiert\/methylcobalamin-coenzym-b12\/"},"modified":"2024-11-13T14:27:08","modified_gmt":"2024-11-13T13:27:08","slug":"methylcobalamin-coenzym-b12","status":"publish","type":"product","link":"https:\/\/naturalpoland.com\/de\/produkte\/produkte-fur-die-pharmaindustrie\/vitamine\/methylcobalamin-coenzym-b12\/","title":{"rendered":"Methylcobalamin (Coenzym B12)"},"content":{"rendered":"<h2>Die wichtigsten Eigenschaften und Funktionen von Methylcobalamin:<\/h2>\n<p>Vitamin B12, in Form von Methylcobalamin, unterst\u00fctzt die blutbildenden Funktionen, ist f\u00fcr die <strong>Produktion von Erythrozyten<\/strong> (roten Blutk\u00f6rperchen) verantwortlich und unterst\u00fctzt die DNA- und RNA-Syntheseprozesse. So beugt es der megaloblastischen An\u00e4mie vor und hilft, Symptome wie Schw\u00e4che, M\u00fcdigkeit, Konzentrationsst\u00f6rungen und blasse Haut zu vermeiden. Vitamin B12 beeinflusst auch die Funktion der wei\u00dfen Blutk\u00f6rperchen und <strong>unterst\u00fctzt die Immunit\u00e4t<\/strong> und die F\u00e4higkeit des K\u00f6rpers, Infektionen zu bek\u00e4mpfen. B12 ist auch f\u00fcr die <strong>Synthese von Myelin<\/strong>, der sch\u00fctzenden H\u00fclle der Neuronen, unerl\u00e4sslich und tr\u00e4gt zur Verbesserung der Nervenleitung bei. Es wirkt sich positiv auf die kognitiven Funktionen aus, verbessert das Ged\u00e4chtnis und die Konzentration und verringert das Risiko von neurodegenerativen Erkrankungen und Depressionen. Vitamin B12 tr\u00e4gt zur <strong>Verringerung von M\u00fcdigkeit<\/strong> bei und verbessert den Energiestoffwechsel. Au\u00dferdem tr\u00e4gt Methylcobalamin dazu bei, <strong>den Homocysteinspiegel zu senken<\/strong>, eine Aminos\u00e4ure, die mit dem Risiko von Herz-Kreislauf-Erkrankungen in Verbindung gebracht wird. Indem es den Homocysteinspiegel reguliert, verringert es das Risiko von Arteriosklerose, Herzinfarkten und Schlaganf\u00e4llen. <strong>Nat\u00fcrliche Vitamin B12-Quellen<\/strong> sind in erster Linie tierische Produkte wie Fleisch, Fisch, Eier und Milchprodukte, so dass eine Nahrungserg\u00e4nzung f\u00fcr Menschen, die sich pflanzlich ern\u00e4hren, wichtig ist. Erg\u00e4nzungen mit Methylcobalamin werden auch f\u00fcr \u00e4ltere Menschen empfohlen, da ihre F\u00e4higkeit, dieses Vitamin zu absorbieren, mit dem Alter abnimmt. <strong>Empfohlene Dosierung und Sicherheit<\/strong> &#8211; Die Einnahme von Methylcobalamin sollte auf den individuellen Bedarf abgestimmt werden, in der Regel in einer Dosis von 500 bis 1000 \u00b5g pro Tag und unter der Aufsicht eines Arztes oder Ern\u00e4hrungsberaters. Vitamin B12 ist sicher und reichert sich nicht im K\u00f6rper an, da \u00dcbersch\u00fcsse mit dem Urin ausgeschieden werden.  <\/p>\n","protected":false},"excerpt":{"rendered":"<p><strong>Methylcobalamin<\/strong> (Coenzym B12) ist eine biologisch aktive Form von <strong>Vitamin B12 <\/strong>mit hoher Bioverf\u00fcgbarkeit. Es ist ein beliebter Bestandteil von Nahrungserg\u00e4nzungsmitteln, insbesondere f\u00fcr Veganer und Vegetarier, Senioren und Menschen mit Malabsorptionsst\u00f6rungen, bei denen das Risiko eines Mangels an diesem Vitamin besteht. <\/p>\n<p>&nbsp;<\/p>\n","protected":false},"featured_media":37750,"template":"","meta":{"_acf_changed":false},"product_brand":[],"product_cat":[372],"product_tag":[],"class_list":{"0":"post-6593","1":"product","2":"type-product","3":"status-publish","4":"has-post-thumbnail","6":"product_cat-vitamine","8":"first","9":"instock","10":"shipping-taxable","11":"product-type-simple"},"acf":[],"yoast_head":"<!-- This site is optimized with the Yoast SEO plugin v27.4 - https:\/\/yoast.com\/product\/yoast-seo-wordpress\/ -->\n<title>Methylcobalamin (Coenzym B12) - Gro\u00dfh\u00e4ndler von Rohstoffen NATURAL POLAND - IMPORT UND HANDEL VON ROHSTOFFEN<\/title>\n<meta name=\"description\" content=\"Methylcobalamin ist wichtig f\u00fcr die Vorbeugung und Behandlung von Vitamin B12-Mangelzust\u00e4nden und unterst\u00fctzt die Gesundheit des Nerven-, Immun- und Kreislaufsystems.\" \/>\n<meta name=\"robots\" content=\"index, follow, max-snippet:-1, max-image-preview:large, max-video-preview:-1\" \/>\n<link rel=\"canonical\" href=\"https:\/\/naturalpoland.com\/de\/produkte\/produkte-fur-die-pharmaindustrie\/vitamine\/methylcobalamin-coenzym-b12\/\" \/>\n<meta property=\"og:locale\" content=\"de_DE\" \/>\n<meta property=\"og:type\" content=\"article\" \/>\n<meta property=\"og:title\" content=\"Methylcobalamin (Coenzym B12) - Gro\u00dfh\u00e4ndler von Rohstoffen NATURAL POLAND - IMPORT UND HANDEL VON ROHSTOFFEN\" \/>\n<meta property=\"og:description\" content=\"Methylcobalamin ist wichtig f\u00fcr die Vorbeugung und Behandlung von Vitamin B12-Mangelzust\u00e4nden und unterst\u00fctzt die Gesundheit des Nerven-, Immun- und Kreislaufsystems.\" \/>\n<meta property=\"og:url\" content=\"https:\/\/naturalpoland.com\/de\/produkte\/produkte-fur-die-pharmaindustrie\/vitamine\/methylcobalamin-coenzym-b12\/\" \/>\n<meta property=\"og:site_name\" content=\"NATURAL POLAND - IMPORT UND HANDEL VON ROHSTOFFEN\" \/>\n<meta property=\"article:publisher\" content=\"https:\/\/www.facebook.com\/naturalpoland.b2b\" \/>\n<meta property=\"article:modified_time\" content=\"2024-11-13T13:27:08+00:00\" \/>\n<meta property=\"og:image\" content=\"https:\/\/naturalpoland.com\/wp-content\/uploads\/metylokobalamina.webp\" \/>\n\t<meta property=\"og:image:width\" content=\"700\" \/>\n\t<meta property=\"og:image:height\" content=\"700\" \/>\n\t<meta property=\"og:image:type\" content=\"image\/webp\" \/>\n<script type=\"application\/ld+json\" class=\"yoast-schema-graph\">{\"@context\":\"https:\\\/\\\/schema.org\",\"@graph\":[{\"@type\":\"WebPage\",\"@id\":\"https:\\\/\\\/naturalpoland.com\\\/de\\\/produkte\\\/produkte-fur-die-pharmaindustrie\\\/vitamine\\\/methylcobalamin-coenzym-b12\\\/\",\"url\":\"https:\\\/\\\/naturalpoland.com\\\/de\\\/produkte\\\/produkte-fur-die-pharmaindustrie\\\/vitamine\\\/methylcobalamin-coenzym-b12\\\/\",\"name\":\"Methylcobalamin (Coenzym B12) - Gro\u00dfh\u00e4ndler von Rohstoffen NATURAL POLAND - IMPORT UND HANDEL VON ROHSTOFFEN\",\"isPartOf\":{\"@id\":\"https:\\\/\\\/naturalpoland.com\\\/de\\\/#website\"},\"primaryImageOfPage\":{\"@id\":\"https:\\\/\\\/naturalpoland.com\\\/de\\\/produkte\\\/produkte-fur-die-pharmaindustrie\\\/vitamine\\\/methylcobalamin-coenzym-b12\\\/#primaryimage\"},\"image\":{\"@id\":\"https:\\\/\\\/naturalpoland.com\\\/de\\\/produkte\\\/produkte-fur-die-pharmaindustrie\\\/vitamine\\\/methylcobalamin-coenzym-b12\\\/#primaryimage\"},\"thumbnailUrl\":\"https:\\\/\\\/naturalpoland.com\\\/wp-content\\\/uploads\\\/metylokobalamina.webp\",\"datePublished\":\"2021-08-29T13:28:46+00:00\",\"dateModified\":\"2024-11-13T13:27:08+00:00\",\"description\":\"Methylcobalamin ist wichtig f\u00fcr die Vorbeugung und Behandlung von Vitamin B12-Mangelzust\u00e4nden und unterst\u00fctzt die Gesundheit des Nerven-, Immun- und Kreislaufsystems.\",\"breadcrumb\":{\"@id\":\"https:\\\/\\\/naturalpoland.com\\\/de\\\/produkte\\\/produkte-fur-die-pharmaindustrie\\\/vitamine\\\/methylcobalamin-coenzym-b12\\\/#breadcrumb\"},\"inLanguage\":\"de\",\"potentialAction\":[{\"@type\":\"ReadAction\",\"target\":[\"https:\\\/\\\/naturalpoland.com\\\/de\\\/produkte\\\/produkte-fur-die-pharmaindustrie\\\/vitamine\\\/methylcobalamin-coenzym-b12\\\/\"]}]},{\"@type\":\"ImageObject\",\"inLanguage\":\"de\",\"@id\":\"https:\\\/\\\/naturalpoland.com\\\/de\\\/produkte\\\/produkte-fur-die-pharmaindustrie\\\/vitamine\\\/methylcobalamin-coenzym-b12\\\/#primaryimage\",\"url\":\"https:\\\/\\\/naturalpoland.com\\\/wp-content\\\/uploads\\\/metylokobalamina.webp\",\"contentUrl\":\"https:\\\/\\\/naturalpoland.com\\\/wp-content\\\/uploads\\\/metylokobalamina.webp\",\"width\":700,\"height\":700,\"caption\":\"Metylokobalamina, witamina B12\"},{\"@type\":\"BreadcrumbList\",\"@id\":\"https:\\\/\\\/naturalpoland.com\\\/de\\\/produkte\\\/produkte-fur-die-pharmaindustrie\\\/vitamine\\\/methylcobalamin-coenzym-b12\\\/#breadcrumb\",\"itemListElement\":[{\"@type\":\"ListItem\",\"position\":1,\"name\":\"Startseite\",\"item\":\"https:\\\/\\\/naturalpoland.com\\\/de\\\/\"},{\"@type\":\"ListItem\",\"position\":2,\"name\":\"Produkte\",\"item\":\"https:\\\/\\\/naturalpoland.com\\\/de\\\/produkte\\\/\"},{\"@type\":\"ListItem\",\"position\":3,\"name\":\"Methylcobalamin (Coenzym B12)\"}]},{\"@type\":\"WebSite\",\"@id\":\"https:\\\/\\\/naturalpoland.com\\\/de\\\/#website\",\"url\":\"https:\\\/\\\/naturalpoland.com\\\/de\\\/\",\"name\":\"NATURAL POLAND - IMPORT UND HANDEL VON ROHSTOFFEN\",\"description\":\"Rohstoffe f\u00fcr die Lebensmittelindustrie, Kosmetikindustrie, Pharmaindustrie\",\"publisher\":{\"@id\":\"https:\\\/\\\/naturalpoland.com\\\/de\\\/#organization\"},\"potentialAction\":[{\"@type\":\"SearchAction\",\"target\":{\"@type\":\"EntryPoint\",\"urlTemplate\":\"https:\\\/\\\/naturalpoland.com\\\/de\\\/?s={search_term_string}\"},\"query-input\":{\"@type\":\"PropertyValueSpecification\",\"valueRequired\":true,\"valueName\":\"search_term_string\"}}],\"inLanguage\":\"de\"},{\"@type\":\"Organization\",\"@id\":\"https:\\\/\\\/naturalpoland.com\\\/de\\\/#organization\",\"name\":\"Natural Poland\",\"url\":\"https:\\\/\\\/naturalpoland.com\\\/de\\\/\",\"logo\":{\"@type\":\"ImageObject\",\"inLanguage\":\"de\",\"@id\":\"https:\\\/\\\/naturalpoland.com\\\/de\\\/#\\\/schema\\\/logo\\\/image\\\/\",\"url\":\"https:\\\/\\\/naturalpoland.com\\\/wp-content\\\/uploads\\\/2021\\\/05\\\/natural-poland-icon.png\",\"contentUrl\":\"https:\\\/\\\/naturalpoland.com\\\/wp-content\\\/uploads\\\/2021\\\/05\\\/natural-poland-icon.png\",\"width\":512,\"height\":512,\"caption\":\"Natural Poland\"},\"image\":{\"@id\":\"https:\\\/\\\/naturalpoland.com\\\/de\\\/#\\\/schema\\\/logo\\\/image\\\/\"},\"sameAs\":[\"https:\\\/\\\/www.facebook.com\\\/naturalpoland.b2b\",\"https:\\\/\\\/pl.linkedin.com\\\/company\\\/natural-poland\",\"https:\\\/\\\/www.youtube.com\\\/channel\\\/UCgeGGkvOMahZo-xu_MSEWxg\"]}]}<\/script>\n<!-- \/ Yoast SEO plugin. -->","yoast_head_json":{"title":"Methylcobalamin (Coenzym B12) - Gro\u00dfh\u00e4ndler von Rohstoffen NATURAL POLAND - IMPORT UND HANDEL VON ROHSTOFFEN","description":"Methylcobalamin ist wichtig f\u00fcr die Vorbeugung und Behandlung von Vitamin B12-Mangelzust\u00e4nden und unterst\u00fctzt die Gesundheit des Nerven-, Immun- und Kreislaufsystems.","robots":{"index":"index","follow":"follow","max-snippet":"max-snippet:-1","max-image-preview":"max-image-preview:large","max-video-preview":"max-video-preview:-1"},"canonical":"https:\/\/naturalpoland.com\/de\/produkte\/produkte-fur-die-pharmaindustrie\/vitamine\/methylcobalamin-coenzym-b12\/","og_locale":"de_DE","og_type":"article","og_title":"Methylcobalamin (Coenzym B12) - Gro\u00dfh\u00e4ndler von Rohstoffen NATURAL POLAND - IMPORT UND HANDEL VON ROHSTOFFEN","og_description":"Methylcobalamin ist wichtig f\u00fcr die Vorbeugung und Behandlung von Vitamin B12-Mangelzust\u00e4nden und unterst\u00fctzt die Gesundheit des Nerven-, Immun- und Kreislaufsystems.","og_url":"https:\/\/naturalpoland.com\/de\/produkte\/produkte-fur-die-pharmaindustrie\/vitamine\/methylcobalamin-coenzym-b12\/","og_site_name":"NATURAL POLAND - IMPORT UND HANDEL VON ROHSTOFFEN","article_publisher":"https:\/\/www.facebook.com\/naturalpoland.b2b","article_modified_time":"2024-11-13T13:27:08+00:00","og_image":[{"width":700,"height":700,"url":"https:\/\/naturalpoland.com\/wp-content\/uploads\/metylokobalamina.webp","type":"image\/webp"}],"schema":{"@context":"https:\/\/schema.org","@graph":[{"@type":"WebPage","@id":"https:\/\/naturalpoland.com\/de\/produkte\/produkte-fur-die-pharmaindustrie\/vitamine\/methylcobalamin-coenzym-b12\/","url":"https:\/\/naturalpoland.com\/de\/produkte\/produkte-fur-die-pharmaindustrie\/vitamine\/methylcobalamin-coenzym-b12\/","name":"Methylcobalamin (Coenzym B12) - Gro\u00dfh\u00e4ndler von Rohstoffen NATURAL POLAND - IMPORT UND HANDEL VON ROHSTOFFEN","isPartOf":{"@id":"https:\/\/naturalpoland.com\/de\/#website"},"primaryImageOfPage":{"@id":"https:\/\/naturalpoland.com\/de\/produkte\/produkte-fur-die-pharmaindustrie\/vitamine\/methylcobalamin-coenzym-b12\/#primaryimage"},"image":{"@id":"https:\/\/naturalpoland.com\/de\/produkte\/produkte-fur-die-pharmaindustrie\/vitamine\/methylcobalamin-coenzym-b12\/#primaryimage"},"thumbnailUrl":"https:\/\/naturalpoland.com\/wp-content\/uploads\/metylokobalamina.webp","datePublished":"2021-08-29T13:28:46+00:00","dateModified":"2024-11-13T13:27:08+00:00","description":"Methylcobalamin ist wichtig f\u00fcr die Vorbeugung und Behandlung von Vitamin B12-Mangelzust\u00e4nden und unterst\u00fctzt die Gesundheit des Nerven-, Immun- und Kreislaufsystems.","breadcrumb":{"@id":"https:\/\/naturalpoland.com\/de\/produkte\/produkte-fur-die-pharmaindustrie\/vitamine\/methylcobalamin-coenzym-b12\/#breadcrumb"},"inLanguage":"de","potentialAction":[{"@type":"ReadAction","target":["https:\/\/naturalpoland.com\/de\/produkte\/produkte-fur-die-pharmaindustrie\/vitamine\/methylcobalamin-coenzym-b12\/"]}]},{"@type":"ImageObject","inLanguage":"de","@id":"https:\/\/naturalpoland.com\/de\/produkte\/produkte-fur-die-pharmaindustrie\/vitamine\/methylcobalamin-coenzym-b12\/#primaryimage","url":"https:\/\/naturalpoland.com\/wp-content\/uploads\/metylokobalamina.webp","contentUrl":"https:\/\/naturalpoland.com\/wp-content\/uploads\/metylokobalamina.webp","width":700,"height":700,"caption":"Metylokobalamina, witamina B12"},{"@type":"BreadcrumbList","@id":"https:\/\/naturalpoland.com\/de\/produkte\/produkte-fur-die-pharmaindustrie\/vitamine\/methylcobalamin-coenzym-b12\/#breadcrumb","itemListElement":[{"@type":"ListItem","position":1,"name":"Startseite","item":"https:\/\/naturalpoland.com\/de\/"},{"@type":"ListItem","position":2,"name":"Produkte","item":"https:\/\/naturalpoland.com\/de\/produkte\/"},{"@type":"ListItem","position":3,"name":"Methylcobalamin (Coenzym B12)"}]},{"@type":"WebSite","@id":"https:\/\/naturalpoland.com\/de\/#website","url":"https:\/\/naturalpoland.com\/de\/","name":"NATURAL POLAND - IMPORT UND HANDEL VON ROHSTOFFEN","description":"Rohstoffe f\u00fcr die Lebensmittelindustrie, Kosmetikindustrie, Pharmaindustrie","publisher":{"@id":"https:\/\/naturalpoland.com\/de\/#organization"},"potentialAction":[{"@type":"SearchAction","target":{"@type":"EntryPoint","urlTemplate":"https:\/\/naturalpoland.com\/de\/?s={search_term_string}"},"query-input":{"@type":"PropertyValueSpecification","valueRequired":true,"valueName":"search_term_string"}}],"inLanguage":"de"},{"@type":"Organization","@id":"https:\/\/naturalpoland.com\/de\/#organization","name":"Natural Poland","url":"https:\/\/naturalpoland.com\/de\/","logo":{"@type":"ImageObject","inLanguage":"de","@id":"https:\/\/naturalpoland.com\/de\/#\/schema\/logo\/image\/","url":"https:\/\/naturalpoland.com\/wp-content\/uploads\/2021\/05\/natural-poland-icon.png","contentUrl":"https:\/\/naturalpoland.com\/wp-content\/uploads\/2021\/05\/natural-poland-icon.png","width":512,"height":512,"caption":"Natural Poland"},"image":{"@id":"https:\/\/naturalpoland.com\/de\/#\/schema\/logo\/image\/"},"sameAs":["https:\/\/www.facebook.com\/naturalpoland.b2b","https:\/\/pl.linkedin.com\/company\/natural-poland","https:\/\/www.youtube.com\/channel\/UCgeGGkvOMahZo-xu_MSEWxg"]}]}},"_links":{"self":[{"href":"https:\/\/naturalpoland.com\/de\/wp-json\/wp\/v2\/product\/6593","targetHints":{"allow":["GET"]}}],"collection":[{"href":"https:\/\/naturalpoland.com\/de\/wp-json\/wp\/v2\/product"}],"about":[{"href":"https:\/\/naturalpoland.com\/de\/wp-json\/wp\/v2\/types\/product"}],"wp:featuredmedia":[{"embeddable":true,"href":"https:\/\/naturalpoland.com\/de\/wp-json\/wp\/v2\/media\/37750"}],"wp:attachment":[{"href":"https:\/\/naturalpoland.com\/de\/wp-json\/wp\/v2\/media?parent=6593"}],"wp:term":[{"taxonomy":"product_brand","embeddable":true,"href":"https:\/\/naturalpoland.com\/de\/wp-json\/wp\/v2\/product_brand?post=6593"},{"taxonomy":"product_cat","embeddable":true,"href":"https:\/\/naturalpoland.com\/de\/wp-json\/wp\/v2\/product_cat?post=6593"},{"taxonomy":"product_tag","embeddable":true,"href":"https:\/\/naturalpoland.com\/de\/wp-json\/wp\/v2\/product_tag?post=6593"}],"curies":[{"name":"wp","href":"https:\/\/api.w.org\/{rel}","templated":true}]}}