{"id":6596,"date":"2021-05-11T13:47:48","date_gmt":"2021-08-29T14:04:11","guid":{"rendered":"https:\/\/naturalpoland.pl\/produkty\/unkategorisiert\/dattelhonig\/"},"modified":"2021-08-29T16:04:25","modified_gmt":"2021-08-29T14:04:25","slug":"dattelhonig","status":"publish","type":"product","link":"https:\/\/naturalpoland.com\/de\/produkte\/produkte-der-lebensmittelindustrie\/rohstoffe-fur-die-produktion\/dattelhonig\/","title":{"rendered":"Dattelhonig"},"content":{"rendered":"<p>Dattelhonig kann als Ersatz f\u00fcr wei\u00dfen Zucker verwendet werden. Es kann zu Kuchen, Getr\u00e4nken und Desserts hinzugef\u00fcgt werden. Dieser Honig kann auch als So\u00dfe f\u00fcr S\u00fc\u00dfspeisen verwendet werden. Dieser Honig enth\u00e4lt Antioxidantien, Vitamin A, C und E. Ihre Funktion besteht darin, den oxidativen Stress zu verringern, was dazu beitragen kann, das Risiko von Fettleibigkeit zu reduzieren. Au\u00dferdem enth\u00e4lt es Vitamin B, das eine beruhigende Wirkung hat und den Stoffwechsel reguliert.<\/p>\n","protected":false},"excerpt":{"rendered":"<p>Dattelhonig ist eine andere Bezeichnung f\u00fcr den dicken Zuckersirup, der aus Datteln hergestellt wird. Es handelt sich um <strong>konzentrierten Dattelsaft<\/strong>, der stark eingedampft wurde. Es hat ein zartes Aroma und einen feinen Geschmack und einen hohen S\u00fc\u00dfegrad. Daher wird nur wenig Produkt ben\u00f6tigt, um ein zufriedenstellendes Ergebnis zu erzielen.<\/p>\n","protected":false},"featured_media":6597,"template":"","meta":{"_acf_changed":false},"product_brand":[],"product_cat":[349],"product_tag":[],"class_list":{"0":"post-6596","1":"product","2":"type-product","3":"status-publish","4":"has-post-thumbnail","6":"product_cat-rohstoffe-fur-die-produktion","8":"first","9":"instock","10":"shipping-taxable","11":"product-type-simple"},"acf":[],"yoast_head":"<!-- This site is optimized with the Yoast SEO plugin v27.4 - https:\/\/yoast.com\/product\/yoast-seo-wordpress\/ -->\n<title>Dattelhonig - Gro\u00dfhandelsvertrieb<\/title>\n<meta name=\"robots\" content=\"index, follow, max-snippet:-1, max-image-preview:large, max-video-preview:-1\" \/>\n<link rel=\"canonical\" href=\"https:\/\/naturalpoland.com\/de\/produkte\/produkte-der-lebensmittelindustrie\/rohstoffe-fur-die-produktion\/dattelhonig\/\" \/>\n<meta property=\"og:locale\" content=\"de_DE\" \/>\n<meta property=\"og:type\" content=\"article\" \/>\n<meta property=\"og:title\" content=\"Dattelhonig - Gro\u00dfhandelsvertrieb\" \/>\n<meta property=\"og:description\" content=\"Dattelhonig ist eine andere Bezeichnung f\u00fcr den dicken Zuckersirup, der aus Datteln hergestellt wird. Es handelt sich um konzentrierten Dattelsaft, der stark eingedampft wurde. Es hat ein zartes Aroma und einen feinen Geschmack und einen hohen S\u00fc\u00dfegrad. Daher wird nur wenig Produkt ben\u00f6tigt, um ein zufriedenstellendes Ergebnis zu erzielen.\" \/>\n<meta property=\"og:url\" content=\"https:\/\/naturalpoland.com\/de\/produkte\/produkte-der-lebensmittelindustrie\/rohstoffe-fur-die-produktion\/dattelhonig\/\" \/>\n<meta property=\"og:site_name\" content=\"NATURAL POLAND - IMPORT UND HANDEL VON ROHSTOFFEN\" \/>\n<meta property=\"article:publisher\" content=\"https:\/\/www.facebook.com\/naturalpoland.b2b\" \/>\n<meta property=\"article:modified_time\" content=\"2021-08-29T14:04:25+00:00\" \/>\n<meta property=\"og:image\" content=\"https:\/\/naturalpoland.com\/wp-content\/uploads\/2021\/05\/date-honey.jpg\" \/>\n\t<meta property=\"og:image:width\" content=\"458\" \/>\n\t<meta property=\"og:image:height\" content=\"458\" \/>\n\t<meta property=\"og:image:type\" content=\"image\/jpeg\" \/>\n<script type=\"application\/ld+json\" class=\"yoast-schema-graph\">{\"@context\":\"https:\\\/\\\/schema.org\",\"@graph\":[{\"@type\":\"WebPage\",\"@id\":\"https:\\\/\\\/naturalpoland.com\\\/de\\\/produkte\\\/produkte-der-lebensmittelindustrie\\\/rohstoffe-fur-die-produktion\\\/dattelhonig\\\/\",\"url\":\"https:\\\/\\\/naturalpoland.com\\\/de\\\/produkte\\\/produkte-der-lebensmittelindustrie\\\/rohstoffe-fur-die-produktion\\\/dattelhonig\\\/\",\"name\":\"Dattelhonig - Gro\u00dfhandelsvertrieb\",\"isPartOf\":{\"@id\":\"https:\\\/\\\/naturalpoland.com\\\/de\\\/#website\"},\"primaryImageOfPage\":{\"@id\":\"https:\\\/\\\/naturalpoland.com\\\/de\\\/produkte\\\/produkte-der-lebensmittelindustrie\\\/rohstoffe-fur-die-produktion\\\/dattelhonig\\\/#primaryimage\"},\"image\":{\"@id\":\"https:\\\/\\\/naturalpoland.com\\\/de\\\/produkte\\\/produkte-der-lebensmittelindustrie\\\/rohstoffe-fur-die-produktion\\\/dattelhonig\\\/#primaryimage\"},\"thumbnailUrl\":\"https:\\\/\\\/naturalpoland.com\\\/wp-content\\\/uploads\\\/2021\\\/05\\\/date-honey.jpg\",\"datePublished\":\"2021-08-29T14:04:11+00:00\",\"dateModified\":\"2021-08-29T14:04:25+00:00\",\"breadcrumb\":{\"@id\":\"https:\\\/\\\/naturalpoland.com\\\/de\\\/produkte\\\/produkte-der-lebensmittelindustrie\\\/rohstoffe-fur-die-produktion\\\/dattelhonig\\\/#breadcrumb\"},\"inLanguage\":\"de\",\"potentialAction\":[{\"@type\":\"ReadAction\",\"target\":[\"https:\\\/\\\/naturalpoland.com\\\/de\\\/produkte\\\/produkte-der-lebensmittelindustrie\\\/rohstoffe-fur-die-produktion\\\/dattelhonig\\\/\"]}]},{\"@type\":\"ImageObject\",\"inLanguage\":\"de\",\"@id\":\"https:\\\/\\\/naturalpoland.com\\\/de\\\/produkte\\\/produkte-der-lebensmittelindustrie\\\/rohstoffe-fur-die-produktion\\\/dattelhonig\\\/#primaryimage\",\"url\":\"https:\\\/\\\/naturalpoland.com\\\/wp-content\\\/uploads\\\/2021\\\/05\\\/date-honey.jpg\",\"contentUrl\":\"https:\\\/\\\/naturalpoland.com\\\/wp-content\\\/uploads\\\/2021\\\/05\\\/date-honey.jpg\",\"width\":458,\"height\":458},{\"@type\":\"BreadcrumbList\",\"@id\":\"https:\\\/\\\/naturalpoland.com\\\/de\\\/produkte\\\/produkte-der-lebensmittelindustrie\\\/rohstoffe-fur-die-produktion\\\/dattelhonig\\\/#breadcrumb\",\"itemListElement\":[{\"@type\":\"ListItem\",\"position\":1,\"name\":\"Startseite\",\"item\":\"https:\\\/\\\/naturalpoland.com\\\/de\\\/\"},{\"@type\":\"ListItem\",\"position\":2,\"name\":\"Produkte\",\"item\":\"https:\\\/\\\/naturalpoland.com\\\/de\\\/produkte\\\/\"},{\"@type\":\"ListItem\",\"position\":3,\"name\":\"Dattelhonig\"}]},{\"@type\":\"WebSite\",\"@id\":\"https:\\\/\\\/naturalpoland.com\\\/de\\\/#website\",\"url\":\"https:\\\/\\\/naturalpoland.com\\\/de\\\/\",\"name\":\"NATURAL POLAND - IMPORT UND HANDEL VON ROHSTOFFEN\",\"description\":\"Rohstoffe f\u00fcr die Lebensmittelindustrie, Kosmetikindustrie, Pharmaindustrie\",\"publisher\":{\"@id\":\"https:\\\/\\\/naturalpoland.com\\\/de\\\/#organization\"},\"potentialAction\":[{\"@type\":\"SearchAction\",\"target\":{\"@type\":\"EntryPoint\",\"urlTemplate\":\"https:\\\/\\\/naturalpoland.com\\\/de\\\/?s={search_term_string}\"},\"query-input\":{\"@type\":\"PropertyValueSpecification\",\"valueRequired\":true,\"valueName\":\"search_term_string\"}}],\"inLanguage\":\"de\"},{\"@type\":\"Organization\",\"@id\":\"https:\\\/\\\/naturalpoland.com\\\/de\\\/#organization\",\"name\":\"Natural Poland\",\"url\":\"https:\\\/\\\/naturalpoland.com\\\/de\\\/\",\"logo\":{\"@type\":\"ImageObject\",\"inLanguage\":\"de\",\"@id\":\"https:\\\/\\\/naturalpoland.com\\\/de\\\/#\\\/schema\\\/logo\\\/image\\\/\",\"url\":\"https:\\\/\\\/naturalpoland.com\\\/wp-content\\\/uploads\\\/2021\\\/05\\\/natural-poland-icon.png\",\"contentUrl\":\"https:\\\/\\\/naturalpoland.com\\\/wp-content\\\/uploads\\\/2021\\\/05\\\/natural-poland-icon.png\",\"width\":512,\"height\":512,\"caption\":\"Natural Poland\"},\"image\":{\"@id\":\"https:\\\/\\\/naturalpoland.com\\\/de\\\/#\\\/schema\\\/logo\\\/image\\\/\"},\"sameAs\":[\"https:\\\/\\\/www.facebook.com\\\/naturalpoland.b2b\",\"https:\\\/\\\/pl.linkedin.com\\\/company\\\/natural-poland\",\"https:\\\/\\\/www.youtube.com\\\/channel\\\/UCgeGGkvOMahZo-xu_MSEWxg\"]}]}<\/script>\n<!-- \/ Yoast SEO plugin. -->","yoast_head_json":{"title":"Dattelhonig - Gro\u00dfhandelsvertrieb","robots":{"index":"index","follow":"follow","max-snippet":"max-snippet:-1","max-image-preview":"max-image-preview:large","max-video-preview":"max-video-preview:-1"},"canonical":"https:\/\/naturalpoland.com\/de\/produkte\/produkte-der-lebensmittelindustrie\/rohstoffe-fur-die-produktion\/dattelhonig\/","og_locale":"de_DE","og_type":"article","og_title":"Dattelhonig - Gro\u00dfhandelsvertrieb","og_description":"Dattelhonig ist eine andere Bezeichnung f\u00fcr den dicken Zuckersirup, der aus Datteln hergestellt wird. Es handelt sich um konzentrierten Dattelsaft, der stark eingedampft wurde. Es hat ein zartes Aroma und einen feinen Geschmack und einen hohen S\u00fc\u00dfegrad. Daher wird nur wenig Produkt ben\u00f6tigt, um ein zufriedenstellendes Ergebnis zu erzielen.","og_url":"https:\/\/naturalpoland.com\/de\/produkte\/produkte-der-lebensmittelindustrie\/rohstoffe-fur-die-produktion\/dattelhonig\/","og_site_name":"NATURAL POLAND - IMPORT UND HANDEL VON ROHSTOFFEN","article_publisher":"https:\/\/www.facebook.com\/naturalpoland.b2b","article_modified_time":"2021-08-29T14:04:25+00:00","og_image":[{"width":458,"height":458,"url":"https:\/\/naturalpoland.com\/wp-content\/uploads\/2021\/05\/date-honey.jpg","type":"image\/jpeg"}],"schema":{"@context":"https:\/\/schema.org","@graph":[{"@type":"WebPage","@id":"https:\/\/naturalpoland.com\/de\/produkte\/produkte-der-lebensmittelindustrie\/rohstoffe-fur-die-produktion\/dattelhonig\/","url":"https:\/\/naturalpoland.com\/de\/produkte\/produkte-der-lebensmittelindustrie\/rohstoffe-fur-die-produktion\/dattelhonig\/","name":"Dattelhonig - Gro\u00dfhandelsvertrieb","isPartOf":{"@id":"https:\/\/naturalpoland.com\/de\/#website"},"primaryImageOfPage":{"@id":"https:\/\/naturalpoland.com\/de\/produkte\/produkte-der-lebensmittelindustrie\/rohstoffe-fur-die-produktion\/dattelhonig\/#primaryimage"},"image":{"@id":"https:\/\/naturalpoland.com\/de\/produkte\/produkte-der-lebensmittelindustrie\/rohstoffe-fur-die-produktion\/dattelhonig\/#primaryimage"},"thumbnailUrl":"https:\/\/naturalpoland.com\/wp-content\/uploads\/2021\/05\/date-honey.jpg","datePublished":"2021-08-29T14:04:11+00:00","dateModified":"2021-08-29T14:04:25+00:00","breadcrumb":{"@id":"https:\/\/naturalpoland.com\/de\/produkte\/produkte-der-lebensmittelindustrie\/rohstoffe-fur-die-produktion\/dattelhonig\/#breadcrumb"},"inLanguage":"de","potentialAction":[{"@type":"ReadAction","target":["https:\/\/naturalpoland.com\/de\/produkte\/produkte-der-lebensmittelindustrie\/rohstoffe-fur-die-produktion\/dattelhonig\/"]}]},{"@type":"ImageObject","inLanguage":"de","@id":"https:\/\/naturalpoland.com\/de\/produkte\/produkte-der-lebensmittelindustrie\/rohstoffe-fur-die-produktion\/dattelhonig\/#primaryimage","url":"https:\/\/naturalpoland.com\/wp-content\/uploads\/2021\/05\/date-honey.jpg","contentUrl":"https:\/\/naturalpoland.com\/wp-content\/uploads\/2021\/05\/date-honey.jpg","width":458,"height":458},{"@type":"BreadcrumbList","@id":"https:\/\/naturalpoland.com\/de\/produkte\/produkte-der-lebensmittelindustrie\/rohstoffe-fur-die-produktion\/dattelhonig\/#breadcrumb","itemListElement":[{"@type":"ListItem","position":1,"name":"Startseite","item":"https:\/\/naturalpoland.com\/de\/"},{"@type":"ListItem","position":2,"name":"Produkte","item":"https:\/\/naturalpoland.com\/de\/produkte\/"},{"@type":"ListItem","position":3,"name":"Dattelhonig"}]},{"@type":"WebSite","@id":"https:\/\/naturalpoland.com\/de\/#website","url":"https:\/\/naturalpoland.com\/de\/","name":"NATURAL POLAND - IMPORT UND HANDEL VON ROHSTOFFEN","description":"Rohstoffe f\u00fcr die Lebensmittelindustrie, Kosmetikindustrie, Pharmaindustrie","publisher":{"@id":"https:\/\/naturalpoland.com\/de\/#organization"},"potentialAction":[{"@type":"SearchAction","target":{"@type":"EntryPoint","urlTemplate":"https:\/\/naturalpoland.com\/de\/?s={search_term_string}"},"query-input":{"@type":"PropertyValueSpecification","valueRequired":true,"valueName":"search_term_string"}}],"inLanguage":"de"},{"@type":"Organization","@id":"https:\/\/naturalpoland.com\/de\/#organization","name":"Natural Poland","url":"https:\/\/naturalpoland.com\/de\/","logo":{"@type":"ImageObject","inLanguage":"de","@id":"https:\/\/naturalpoland.com\/de\/#\/schema\/logo\/image\/","url":"https:\/\/naturalpoland.com\/wp-content\/uploads\/2021\/05\/natural-poland-icon.png","contentUrl":"https:\/\/naturalpoland.com\/wp-content\/uploads\/2021\/05\/natural-poland-icon.png","width":512,"height":512,"caption":"Natural Poland"},"image":{"@id":"https:\/\/naturalpoland.com\/de\/#\/schema\/logo\/image\/"},"sameAs":["https:\/\/www.facebook.com\/naturalpoland.b2b","https:\/\/pl.linkedin.com\/company\/natural-poland","https:\/\/www.youtube.com\/channel\/UCgeGGkvOMahZo-xu_MSEWxg"]}]}},"_links":{"self":[{"href":"https:\/\/naturalpoland.com\/de\/wp-json\/wp\/v2\/product\/6596","targetHints":{"allow":["GET"]}}],"collection":[{"href":"https:\/\/naturalpoland.com\/de\/wp-json\/wp\/v2\/product"}],"about":[{"href":"https:\/\/naturalpoland.com\/de\/wp-json\/wp\/v2\/types\/product"}],"wp:featuredmedia":[{"embeddable":true,"href":"https:\/\/naturalpoland.com\/de\/wp-json\/wp\/v2\/media\/6597"}],"wp:attachment":[{"href":"https:\/\/naturalpoland.com\/de\/wp-json\/wp\/v2\/media?parent=6596"}],"wp:term":[{"taxonomy":"product_brand","embeddable":true,"href":"https:\/\/naturalpoland.com\/de\/wp-json\/wp\/v2\/product_brand?post=6596"},{"taxonomy":"product_cat","embeddable":true,"href":"https:\/\/naturalpoland.com\/de\/wp-json\/wp\/v2\/product_cat?post=6596"},{"taxonomy":"product_tag","embeddable":true,"href":"https:\/\/naturalpoland.com\/de\/wp-json\/wp\/v2\/product_tag?post=6596"}],"curies":[{"name":"wp","href":"https:\/\/api.w.org\/{rel}","templated":true}]}}