{"id":6602,"date":"2021-05-11T13:50:33","date_gmt":"2021-08-29T16:35:54","guid":{"rendered":"https:\/\/naturalpoland.pl\/produkty\/unkategorisiert\/kameliensamenoel\/"},"modified":"2024-10-09T15:59:17","modified_gmt":"2024-10-09T13:59:17","slug":"kameliensamenoel","status":"publish","type":"product","link":"https:\/\/naturalpoland.com\/de\/produkte\/speiseole-und-kosmetikole\/kameliensamenoel\/","title":{"rendered":"Kameliensamen\u00f6l"},"content":{"rendered":"<h2>Eigenschaften von japanischem Kameliensamen\u00f6l<\/h2>\n<p>Kameliensamen\u00f6l ist ein raffinierter, biologischer, hochwertiger Kosmetikrohstoff. Das Produkt ist nach den europ\u00e4ischen Richtlinien (2018\/848) und dem <strong>Cosmos-Standard<\/strong> zertifiziert, was seine \u00f6kologische Qualit\u00e4t best\u00e4tigt. Tsubaki-\u00d6l ist eine wahre Fundgrube an N\u00e4hrstoffen: <\/p>\n<ul>\n<li><strong>\u00d6ls\u00e4ure (Omega-9), Linols\u00e4ure, Palmitins\u00e4ure, Stearins\u00e4ure<\/strong> &#8211; \u00d6ls\u00e4ure (C18:1) macht mehr als 85% des Inhalts des \u00d6ls aus, dringt perfekt in die Haut ein, spendet ihr Feuchtigkeit und st\u00e4rkt die nat\u00fcrliche Schutzbarriere.<br \/>\nSie ist ein Hauptbestandteil des menschlichen Talgs und macht das Tsubaki-\u00d6l ideal f\u00fcr alle Hauttypen, ohne einen fettigen Film zu hinterlassen.<br \/>\nDie Linols\u00e4ure hingegen unterst\u00fctzt die Regeneration der Lipidbarriere der Haut.  <\/li>\n<li><strong>Vitamin E<\/strong> &#8211; ein starkes Antioxidans, bekannt als das &#8218;Vitamin der Jugend&#8216;, sch\u00fctzt die Haut vor freien Radikalen, reduziert Falten und verbessert die Elastizit\u00e4t der Haut.<\/li>\n<li><strong>Provitamin A<\/strong> &#8211; regeneriert die Haut, hat eine Anti-Aging-Wirkung, gl\u00e4ttet den Teint und hellt Verf\u00e4rbungen auf.<\/li>\n<li><strong>Squalan<\/strong> &#8211; st\u00e4rkt die Hydrolipidbarriere der Haut, hat eine feuchtigkeitsspendende und sch\u00fctzende Wirkung und unterst\u00fctzt die Regenerationsprozesse von Haut und Haar.<\/li>\n<li><strong>Antioxidantien (Catechine, Galluss\u00e4ure, Tocotrienole)<\/strong> &#8211; sch\u00fctzen die Haut vor oxidativem Stress, der zur vorzeitigen Hautalterung beitr\u00e4gt.<\/li>\n<\/ul>\n<h2>Tsubaki \u00d6l Anwendung:<\/h2>\n<p>Japanisches Kameliensamen\u00f6l hat eine breite Palette von kosmetischen Anwendungen:<\/p>\n<ol>\n<li>Versorgt die Haut mit Feuchtigkeit, regeneriert sie und st\u00e4rkt die Hautbarriere<\/li>\n<li>Erh\u00f6ht die Kollagenproduktion in der Haut<\/li>\n<li>Sch\u00fctzt die Haut vor Alterung dank des hohen Gehalts an Antioxidantien<\/li>\n<li>Beruhigt Hautreizungen, lindert Entz\u00fcndungen<\/li>\n<li>Entfernt sanft Make-up und reinigt die Haut<\/li>\n<li>St\u00e4rkt die Haarstruktur, spendet Feuchtigkeit und sch\u00fctzt vor mechanischen und Hitzesch\u00e4den<\/li>\n<li>Verhindert Spliss, verleiht Glanz und Geschmeidigkeit<\/li>\n<li>Reduziert Trockenheit und Schuppenbildung der Kopfhaut, wirkt gegen Schuppen<\/li>\n<\/ol>\n<p>Kamelien\u00f6l kann auf verschiedene Weise angewendet werden. Zum einen k\u00f6nnen Sie es direkt auf die feuchte Haut und das Haar auftragen. Sie k\u00f6nnen es auch einer Gesichtscreme, einer K\u00f6rperlotion oder einer Haarsp\u00fclung beif\u00fcgen. Eine andere M\u00f6glichkeit ist, das \u00d6l zur Massage von Gesicht, K\u00f6rper und Kopfhaut zu verwenden, um die Durchblutung zu verbessern und die Haut zu straffen.   <\/p>\n","protected":false},"excerpt":{"rendered":"<p><strong>Japanisches Kameliensamen\u00f6l<\/strong> ist auch als <strong>Tsubaki-\u00d6l<\/strong> bekannt.<br \/>\nEs wird durch Kaltpressen der Samen der <em>Camellia japonica<\/em> gewonnen.<br \/>\nIn Japan wird dieses \u00d6l seit dem 8. Jahrhundert verwendet.<br \/>\nIn Europa hat es vor einigen Jahren an Popularit\u00e4t gewonnen.<br \/>\nEs wird in Kosmetika zur Haut- und Haarpflege verwendet.    <\/p>\n","protected":false},"featured_media":35763,"template":"","meta":[],"product_brand":[],"product_cat":[386],"product_tag":[],"class_list":{"0":"post-6602","1":"product","2":"type-product","3":"status-publish","4":"has-post-thumbnail","6":"product_cat-speiseole-und-kosmetikole","7":"pa_certyfikaty-cosmos-de","9":"first","10":"instock","11":"shipping-taxable","12":"product-type-simple"},"yoast_head":"<!-- This site is optimized with the Yoast SEO plugin v27.4 - https:\/\/yoast.com\/product\/yoast-seo-wordpress\/ -->\n<title>Kameliensamen\u00f6l - NATURAL POLAND - IMPORT UND HANDEL VON ROHSTOFFEN<\/title>\n<meta name=\"description\" content=\"Japanisches Kameliensamen\u00f6l ist ein \u00e4u\u00dferst wertvoller Rohstoff mit vielseitigen Hautpflegeeigenschaften. Es hat eine leichte Formel.\" \/>\n<meta name=\"robots\" content=\"index, follow, max-snippet:-1, max-image-preview:large, max-video-preview:-1\" \/>\n<link rel=\"canonical\" href=\"https:\/\/naturalpoland.com\/de\/produkte\/speiseole-und-kosmetikole\/kameliensamenoel\/\" \/>\n<meta property=\"og:locale\" content=\"de_DE\" \/>\n<meta property=\"og:type\" content=\"article\" \/>\n<meta property=\"og:title\" content=\"Kameliensamen\u00f6l - NATURAL POLAND - IMPORT UND HANDEL VON ROHSTOFFEN\" \/>\n<meta property=\"og:description\" content=\"Japanisches Kameliensamen\u00f6l ist ein \u00e4u\u00dferst wertvoller Rohstoff mit vielseitigen Hautpflegeeigenschaften. Es hat eine leichte Formel.\" \/>\n<meta property=\"og:url\" content=\"https:\/\/naturalpoland.com\/de\/produkte\/speiseole-und-kosmetikole\/kameliensamenoel\/\" \/>\n<meta property=\"og:site_name\" content=\"NATURAL POLAND - IMPORT UND HANDEL VON ROHSTOFFEN\" \/>\n<meta property=\"article:publisher\" content=\"https:\/\/www.facebook.com\/naturalpoland.b2b\" \/>\n<meta property=\"article:modified_time\" content=\"2024-10-09T13:59:17+00:00\" \/>\n<meta property=\"og:image\" content=\"https:\/\/naturalpoland.com\/wp-content\/uploads\/olej-z-nasion-kamelii.webp\" \/>\n\t<meta property=\"og:image:width\" content=\"619\" \/>\n\t<meta property=\"og:image:height\" content=\"619\" \/>\n\t<meta property=\"og:image:type\" content=\"image\/webp\" \/>\n<script type=\"application\/ld+json\" class=\"yoast-schema-graph\">{\"@context\":\"https:\\\/\\\/schema.org\",\"@graph\":[{\"@type\":\"WebPage\",\"@id\":\"https:\\\/\\\/naturalpoland.com\\\/de\\\/produkte\\\/speiseole-und-kosmetikole\\\/kameliensamenoel\\\/\",\"url\":\"https:\\\/\\\/naturalpoland.com\\\/de\\\/produkte\\\/speiseole-und-kosmetikole\\\/kameliensamenoel\\\/\",\"name\":\"Kameliensamen\u00f6l - NATURAL POLAND - IMPORT UND HANDEL VON ROHSTOFFEN\",\"isPartOf\":{\"@id\":\"https:\\\/\\\/naturalpoland.com\\\/de\\\/#website\"},\"primaryImageOfPage\":{\"@id\":\"https:\\\/\\\/naturalpoland.com\\\/de\\\/produkte\\\/speiseole-und-kosmetikole\\\/kameliensamenoel\\\/#primaryimage\"},\"image\":{\"@id\":\"https:\\\/\\\/naturalpoland.com\\\/de\\\/produkte\\\/speiseole-und-kosmetikole\\\/kameliensamenoel\\\/#primaryimage\"},\"thumbnailUrl\":\"https:\\\/\\\/naturalpoland.com\\\/wp-content\\\/uploads\\\/olej-z-nasion-kamelii.webp\",\"datePublished\":\"2021-08-29T16:35:54+00:00\",\"dateModified\":\"2024-10-09T13:59:17+00:00\",\"description\":\"Japanisches Kameliensamen\u00f6l ist ein \u00e4u\u00dferst wertvoller Rohstoff mit vielseitigen Hautpflegeeigenschaften. Es hat eine leichte Formel.\",\"breadcrumb\":{\"@id\":\"https:\\\/\\\/naturalpoland.com\\\/de\\\/produkte\\\/speiseole-und-kosmetikole\\\/kameliensamenoel\\\/#breadcrumb\"},\"inLanguage\":\"de\",\"potentialAction\":[{\"@type\":\"ReadAction\",\"target\":[\"https:\\\/\\\/naturalpoland.com\\\/de\\\/produkte\\\/speiseole-und-kosmetikole\\\/kameliensamenoel\\\/\"]}]},{\"@type\":\"ImageObject\",\"inLanguage\":\"de\",\"@id\":\"https:\\\/\\\/naturalpoland.com\\\/de\\\/produkte\\\/speiseole-und-kosmetikole\\\/kameliensamenoel\\\/#primaryimage\",\"url\":\"https:\\\/\\\/naturalpoland.com\\\/wp-content\\\/uploads\\\/olej-z-nasion-kamelii.webp\",\"contentUrl\":\"https:\\\/\\\/naturalpoland.com\\\/wp-content\\\/uploads\\\/olej-z-nasion-kamelii.webp\",\"width\":619,\"height\":619,\"caption\":\"olej z nasion kamelii\"},{\"@type\":\"BreadcrumbList\",\"@id\":\"https:\\\/\\\/naturalpoland.com\\\/de\\\/produkte\\\/speiseole-und-kosmetikole\\\/kameliensamenoel\\\/#breadcrumb\",\"itemListElement\":[{\"@type\":\"ListItem\",\"position\":1,\"name\":\"Startseite\",\"item\":\"https:\\\/\\\/naturalpoland.com\\\/de\\\/\"},{\"@type\":\"ListItem\",\"position\":2,\"name\":\"Produkte\",\"item\":\"https:\\\/\\\/naturalpoland.com\\\/de\\\/produkte\\\/\"},{\"@type\":\"ListItem\",\"position\":3,\"name\":\"Kameliensamen\u00f6l\"}]},{\"@type\":\"WebSite\",\"@id\":\"https:\\\/\\\/naturalpoland.com\\\/de\\\/#website\",\"url\":\"https:\\\/\\\/naturalpoland.com\\\/de\\\/\",\"name\":\"NATURAL POLAND - IMPORT UND HANDEL VON ROHSTOFFEN\",\"description\":\"Rohstoffe f\u00fcr die Lebensmittelindustrie, Kosmetikindustrie, Pharmaindustrie\",\"publisher\":{\"@id\":\"https:\\\/\\\/naturalpoland.com\\\/de\\\/#organization\"},\"potentialAction\":[{\"@type\":\"SearchAction\",\"target\":{\"@type\":\"EntryPoint\",\"urlTemplate\":\"https:\\\/\\\/naturalpoland.com\\\/de\\\/?s={search_term_string}\"},\"query-input\":{\"@type\":\"PropertyValueSpecification\",\"valueRequired\":true,\"valueName\":\"search_term_string\"}}],\"inLanguage\":\"de\"},{\"@type\":\"Organization\",\"@id\":\"https:\\\/\\\/naturalpoland.com\\\/de\\\/#organization\",\"name\":\"Natural Poland\",\"url\":\"https:\\\/\\\/naturalpoland.com\\\/de\\\/\",\"logo\":{\"@type\":\"ImageObject\",\"inLanguage\":\"de\",\"@id\":\"https:\\\/\\\/naturalpoland.com\\\/de\\\/#\\\/schema\\\/logo\\\/image\\\/\",\"url\":\"https:\\\/\\\/naturalpoland.com\\\/wp-content\\\/uploads\\\/2021\\\/05\\\/natural-poland-icon.png\",\"contentUrl\":\"https:\\\/\\\/naturalpoland.com\\\/wp-content\\\/uploads\\\/2021\\\/05\\\/natural-poland-icon.png\",\"width\":512,\"height\":512,\"caption\":\"Natural Poland\"},\"image\":{\"@id\":\"https:\\\/\\\/naturalpoland.com\\\/de\\\/#\\\/schema\\\/logo\\\/image\\\/\"},\"sameAs\":[\"https:\\\/\\\/www.facebook.com\\\/naturalpoland.b2b\",\"https:\\\/\\\/pl.linkedin.com\\\/company\\\/natural-poland\",\"https:\\\/\\\/www.youtube.com\\\/channel\\\/UCgeGGkvOMahZo-xu_MSEWxg\"]}]}<\/script>\n<!-- \/ Yoast SEO plugin. -->","yoast_head_json":{"title":"Kameliensamen\u00f6l - NATURAL POLAND - IMPORT UND HANDEL VON ROHSTOFFEN","description":"Japanisches Kameliensamen\u00f6l ist ein \u00e4u\u00dferst wertvoller Rohstoff mit vielseitigen Hautpflegeeigenschaften. Es hat eine leichte Formel.","robots":{"index":"index","follow":"follow","max-snippet":"max-snippet:-1","max-image-preview":"max-image-preview:large","max-video-preview":"max-video-preview:-1"},"canonical":"https:\/\/naturalpoland.com\/de\/produkte\/speiseole-und-kosmetikole\/kameliensamenoel\/","og_locale":"de_DE","og_type":"article","og_title":"Kameliensamen\u00f6l - NATURAL POLAND - IMPORT UND HANDEL VON ROHSTOFFEN","og_description":"Japanisches Kameliensamen\u00f6l ist ein \u00e4u\u00dferst wertvoller Rohstoff mit vielseitigen Hautpflegeeigenschaften. Es hat eine leichte Formel.","og_url":"https:\/\/naturalpoland.com\/de\/produkte\/speiseole-und-kosmetikole\/kameliensamenoel\/","og_site_name":"NATURAL POLAND - IMPORT UND HANDEL VON ROHSTOFFEN","article_publisher":"https:\/\/www.facebook.com\/naturalpoland.b2b","article_modified_time":"2024-10-09T13:59:17+00:00","og_image":[{"width":619,"height":619,"url":"https:\/\/naturalpoland.com\/wp-content\/uploads\/olej-z-nasion-kamelii.webp","type":"image\/webp"}],"schema":{"@context":"https:\/\/schema.org","@graph":[{"@type":"WebPage","@id":"https:\/\/naturalpoland.com\/de\/produkte\/speiseole-und-kosmetikole\/kameliensamenoel\/","url":"https:\/\/naturalpoland.com\/de\/produkte\/speiseole-und-kosmetikole\/kameliensamenoel\/","name":"Kameliensamen\u00f6l - NATURAL POLAND - IMPORT UND HANDEL VON ROHSTOFFEN","isPartOf":{"@id":"https:\/\/naturalpoland.com\/de\/#website"},"primaryImageOfPage":{"@id":"https:\/\/naturalpoland.com\/de\/produkte\/speiseole-und-kosmetikole\/kameliensamenoel\/#primaryimage"},"image":{"@id":"https:\/\/naturalpoland.com\/de\/produkte\/speiseole-und-kosmetikole\/kameliensamenoel\/#primaryimage"},"thumbnailUrl":"https:\/\/naturalpoland.com\/wp-content\/uploads\/olej-z-nasion-kamelii.webp","datePublished":"2021-08-29T16:35:54+00:00","dateModified":"2024-10-09T13:59:17+00:00","description":"Japanisches Kameliensamen\u00f6l ist ein \u00e4u\u00dferst wertvoller Rohstoff mit vielseitigen Hautpflegeeigenschaften. Es hat eine leichte Formel.","breadcrumb":{"@id":"https:\/\/naturalpoland.com\/de\/produkte\/speiseole-und-kosmetikole\/kameliensamenoel\/#breadcrumb"},"inLanguage":"de","potentialAction":[{"@type":"ReadAction","target":["https:\/\/naturalpoland.com\/de\/produkte\/speiseole-und-kosmetikole\/kameliensamenoel\/"]}]},{"@type":"ImageObject","inLanguage":"de","@id":"https:\/\/naturalpoland.com\/de\/produkte\/speiseole-und-kosmetikole\/kameliensamenoel\/#primaryimage","url":"https:\/\/naturalpoland.com\/wp-content\/uploads\/olej-z-nasion-kamelii.webp","contentUrl":"https:\/\/naturalpoland.com\/wp-content\/uploads\/olej-z-nasion-kamelii.webp","width":619,"height":619,"caption":"olej z nasion kamelii"},{"@type":"BreadcrumbList","@id":"https:\/\/naturalpoland.com\/de\/produkte\/speiseole-und-kosmetikole\/kameliensamenoel\/#breadcrumb","itemListElement":[{"@type":"ListItem","position":1,"name":"Startseite","item":"https:\/\/naturalpoland.com\/de\/"},{"@type":"ListItem","position":2,"name":"Produkte","item":"https:\/\/naturalpoland.com\/de\/produkte\/"},{"@type":"ListItem","position":3,"name":"Kameliensamen\u00f6l"}]},{"@type":"WebSite","@id":"https:\/\/naturalpoland.com\/de\/#website","url":"https:\/\/naturalpoland.com\/de\/","name":"NATURAL POLAND - IMPORT UND HANDEL VON ROHSTOFFEN","description":"Rohstoffe f\u00fcr die Lebensmittelindustrie, Kosmetikindustrie, Pharmaindustrie","publisher":{"@id":"https:\/\/naturalpoland.com\/de\/#organization"},"potentialAction":[{"@type":"SearchAction","target":{"@type":"EntryPoint","urlTemplate":"https:\/\/naturalpoland.com\/de\/?s={search_term_string}"},"query-input":{"@type":"PropertyValueSpecification","valueRequired":true,"valueName":"search_term_string"}}],"inLanguage":"de"},{"@type":"Organization","@id":"https:\/\/naturalpoland.com\/de\/#organization","name":"Natural Poland","url":"https:\/\/naturalpoland.com\/de\/","logo":{"@type":"ImageObject","inLanguage":"de","@id":"https:\/\/naturalpoland.com\/de\/#\/schema\/logo\/image\/","url":"https:\/\/naturalpoland.com\/wp-content\/uploads\/2021\/05\/natural-poland-icon.png","contentUrl":"https:\/\/naturalpoland.com\/wp-content\/uploads\/2021\/05\/natural-poland-icon.png","width":512,"height":512,"caption":"Natural Poland"},"image":{"@id":"https:\/\/naturalpoland.com\/de\/#\/schema\/logo\/image\/"},"sameAs":["https:\/\/www.facebook.com\/naturalpoland.b2b","https:\/\/pl.linkedin.com\/company\/natural-poland","https:\/\/www.youtube.com\/channel\/UCgeGGkvOMahZo-xu_MSEWxg"]}]}},"_links":{"self":[{"href":"https:\/\/naturalpoland.com\/de\/wp-json\/wp\/v2\/product\/6602","targetHints":{"allow":["GET"]}}],"collection":[{"href":"https:\/\/naturalpoland.com\/de\/wp-json\/wp\/v2\/product"}],"about":[{"href":"https:\/\/naturalpoland.com\/de\/wp-json\/wp\/v2\/types\/product"}],"wp:featuredmedia":[{"embeddable":true,"href":"https:\/\/naturalpoland.com\/de\/wp-json\/wp\/v2\/media\/35763"}],"wp:attachment":[{"href":"https:\/\/naturalpoland.com\/de\/wp-json\/wp\/v2\/media?parent=6602"}],"wp:term":[{"taxonomy":"product_brand","embeddable":true,"href":"https:\/\/naturalpoland.com\/de\/wp-json\/wp\/v2\/product_brand?post=6602"},{"taxonomy":"product_cat","embeddable":true,"href":"https:\/\/naturalpoland.com\/de\/wp-json\/wp\/v2\/product_cat?post=6602"},{"taxonomy":"product_tag","embeddable":true,"href":"https:\/\/naturalpoland.com\/de\/wp-json\/wp\/v2\/product_tag?post=6602"}],"curies":[{"name":"wp","href":"https:\/\/api.w.org\/{rel}","templated":true}]}}