{"id":6608,"date":"2021-05-11T13:51:43","date_gmt":"2021-05-11T11:51:43","guid":{"rendered":"https:\/\/naturalpoland.pl\/produkty\/unkategorisiert\/paranussoel\/"},"modified":"2021-08-29T19:06:24","modified_gmt":"2021-08-29T17:06:24","slug":"paranussol","status":"publish","type":"product","link":"https:\/\/naturalpoland.com\/de\/produkte\/speiseole-und-kosmetikole\/paranussol\/","title":{"rendered":"Paranuss\u00f6l"},"content":{"rendered":"<p>In diesem \u00d6l \u00fcberwiegen die unges\u00e4ttigten Fetts\u00e4uren. Es enth\u00e4lt auch Phytosterine und die Vitamine A und E, die in Fett leicht l\u00f6slich sind. In dieser Kombination sind sie auch gut verdaulich.<\/p>\n<p>Dieses \u00d6l enth\u00e4lt Magnesium und Selen. Sie verbessern die Durchblutung der Haut und haben antioxidative Eigenschaften, die die Zeichen der Hautalterung wirksam bek\u00e4mpfen. Das \u00d6l ist auch f\u00fcr die Haarpflege geeignet.<\/p>\n","protected":false},"excerpt":{"rendered":"<p>Paranuss\u00f6l wird in Seifen, Lotionen, Haarsp\u00fclungen und Gesichtscremes verwendet. Es wird f\u00fcr reife, trockene, schuppige und von M\u00fcdigkeit gezeichnete Haut empfohlen. Paranuss\u00f6l hat eine entz\u00fcndungshemmende und regenerierende Wirkung. Au\u00dferdem hat es antioxidative Eigenschaften.<\/p>\n","protected":false},"featured_media":35660,"template":"","meta":{"_acf_changed":false},"product_brand":[],"product_cat":[386],"product_tag":[],"class_list":{"0":"post-6608","1":"product","2":"type-product","3":"status-publish","4":"has-post-thumbnail","6":"product_cat-speiseole-und-kosmetikole","8":"first","9":"instock","10":"shipping-taxable","11":"product-type-simple"},"acf":[],"yoast_head":"<!-- This site is optimized with the Yoast SEO plugin v27.4 - https:\/\/yoast.com\/product\/yoast-seo-wordpress\/ -->\n<title>Paranuss\u00f6l - Gro\u00dfhandelsvertrieb<\/title>\n<meta name=\"robots\" content=\"index, follow, max-snippet:-1, max-image-preview:large, max-video-preview:-1\" \/>\n<link rel=\"canonical\" href=\"https:\/\/naturalpoland.com\/de\/produkte\/speiseole-und-kosmetikole\/paranussol\/\" \/>\n<meta property=\"og:locale\" content=\"de_DE\" \/>\n<meta property=\"og:type\" content=\"article\" \/>\n<meta property=\"og:title\" content=\"Paranuss\u00f6l - Gro\u00dfhandelsvertrieb\" \/>\n<meta property=\"og:description\" content=\"Paranuss\u00f6l wird in Seifen, Lotionen, Haarsp\u00fclungen und Gesichtscremes verwendet. Es wird f\u00fcr reife, trockene, schuppige und von M\u00fcdigkeit gezeichnete Haut empfohlen. Paranuss\u00f6l hat eine entz\u00fcndungshemmende und regenerierende Wirkung. Au\u00dferdem hat es antioxidative Eigenschaften.\" \/>\n<meta property=\"og:url\" content=\"https:\/\/naturalpoland.com\/de\/produkte\/speiseole-und-kosmetikole\/paranussol\/\" \/>\n<meta property=\"og:site_name\" content=\"NATURAL POLAND - IMPORT UND HANDEL VON ROHSTOFFEN\" \/>\n<meta property=\"article:publisher\" content=\"https:\/\/www.facebook.com\/naturalpoland.b2b\" \/>\n<meta property=\"article:modified_time\" content=\"2021-08-29T17:06:24+00:00\" \/>\n<meta property=\"og:image\" content=\"https:\/\/naturalpoland.com\/wp-content\/uploads\/olej-z-orzechow-brazylijskich.webp\" \/>\n\t<meta property=\"og:image:width\" content=\"619\" \/>\n\t<meta property=\"og:image:height\" content=\"619\" \/>\n\t<meta property=\"og:image:type\" content=\"image\/webp\" \/>\n<script type=\"application\/ld+json\" class=\"yoast-schema-graph\">{\"@context\":\"https:\\\/\\\/schema.org\",\"@graph\":[{\"@type\":\"WebPage\",\"@id\":\"https:\\\/\\\/naturalpoland.com\\\/de\\\/produkte\\\/speiseole-und-kosmetikole\\\/paranussol\\\/\",\"url\":\"https:\\\/\\\/naturalpoland.com\\\/de\\\/produkte\\\/speiseole-und-kosmetikole\\\/paranussol\\\/\",\"name\":\"Paranuss\u00f6l - Gro\u00dfhandelsvertrieb\",\"isPartOf\":{\"@id\":\"https:\\\/\\\/naturalpoland.com\\\/de\\\/#website\"},\"primaryImageOfPage\":{\"@id\":\"https:\\\/\\\/naturalpoland.com\\\/de\\\/produkte\\\/speiseole-und-kosmetikole\\\/paranussol\\\/#primaryimage\"},\"image\":{\"@id\":\"https:\\\/\\\/naturalpoland.com\\\/de\\\/produkte\\\/speiseole-und-kosmetikole\\\/paranussol\\\/#primaryimage\"},\"thumbnailUrl\":\"https:\\\/\\\/naturalpoland.com\\\/wp-content\\\/uploads\\\/olej-z-orzechow-brazylijskich.webp\",\"datePublished\":\"2021-05-11T11:51:43+00:00\",\"dateModified\":\"2021-08-29T17:06:24+00:00\",\"breadcrumb\":{\"@id\":\"https:\\\/\\\/naturalpoland.com\\\/de\\\/produkte\\\/speiseole-und-kosmetikole\\\/paranussol\\\/#breadcrumb\"},\"inLanguage\":\"de\",\"potentialAction\":[{\"@type\":\"ReadAction\",\"target\":[\"https:\\\/\\\/naturalpoland.com\\\/de\\\/produkte\\\/speiseole-und-kosmetikole\\\/paranussol\\\/\"]}]},{\"@type\":\"ImageObject\",\"inLanguage\":\"de\",\"@id\":\"https:\\\/\\\/naturalpoland.com\\\/de\\\/produkte\\\/speiseole-und-kosmetikole\\\/paranussol\\\/#primaryimage\",\"url\":\"https:\\\/\\\/naturalpoland.com\\\/wp-content\\\/uploads\\\/olej-z-orzechow-brazylijskich.webp\",\"contentUrl\":\"https:\\\/\\\/naturalpoland.com\\\/wp-content\\\/uploads\\\/olej-z-orzechow-brazylijskich.webp\",\"width\":619,\"height\":619,\"caption\":\"olej z orzech\u00f3w brazylijskich\"},{\"@type\":\"BreadcrumbList\",\"@id\":\"https:\\\/\\\/naturalpoland.com\\\/de\\\/produkte\\\/speiseole-und-kosmetikole\\\/paranussol\\\/#breadcrumb\",\"itemListElement\":[{\"@type\":\"ListItem\",\"position\":1,\"name\":\"Startseite\",\"item\":\"https:\\\/\\\/naturalpoland.com\\\/de\\\/\"},{\"@type\":\"ListItem\",\"position\":2,\"name\":\"Produkte\",\"item\":\"https:\\\/\\\/naturalpoland.com\\\/de\\\/produkte\\\/\"},{\"@type\":\"ListItem\",\"position\":3,\"name\":\"Paranuss\u00f6l\"}]},{\"@type\":\"WebSite\",\"@id\":\"https:\\\/\\\/naturalpoland.com\\\/de\\\/#website\",\"url\":\"https:\\\/\\\/naturalpoland.com\\\/de\\\/\",\"name\":\"NATURAL POLAND - IMPORT UND HANDEL VON ROHSTOFFEN\",\"description\":\"Rohstoffe f\u00fcr die Lebensmittelindustrie, Kosmetikindustrie, Pharmaindustrie\",\"publisher\":{\"@id\":\"https:\\\/\\\/naturalpoland.com\\\/de\\\/#organization\"},\"potentialAction\":[{\"@type\":\"SearchAction\",\"target\":{\"@type\":\"EntryPoint\",\"urlTemplate\":\"https:\\\/\\\/naturalpoland.com\\\/de\\\/?s={search_term_string}\"},\"query-input\":{\"@type\":\"PropertyValueSpecification\",\"valueRequired\":true,\"valueName\":\"search_term_string\"}}],\"inLanguage\":\"de\"},{\"@type\":\"Organization\",\"@id\":\"https:\\\/\\\/naturalpoland.com\\\/de\\\/#organization\",\"name\":\"Natural Poland\",\"url\":\"https:\\\/\\\/naturalpoland.com\\\/de\\\/\",\"logo\":{\"@type\":\"ImageObject\",\"inLanguage\":\"de\",\"@id\":\"https:\\\/\\\/naturalpoland.com\\\/de\\\/#\\\/schema\\\/logo\\\/image\\\/\",\"url\":\"https:\\\/\\\/naturalpoland.com\\\/wp-content\\\/uploads\\\/2021\\\/05\\\/natural-poland-icon.png\",\"contentUrl\":\"https:\\\/\\\/naturalpoland.com\\\/wp-content\\\/uploads\\\/2021\\\/05\\\/natural-poland-icon.png\",\"width\":512,\"height\":512,\"caption\":\"Natural Poland\"},\"image\":{\"@id\":\"https:\\\/\\\/naturalpoland.com\\\/de\\\/#\\\/schema\\\/logo\\\/image\\\/\"},\"sameAs\":[\"https:\\\/\\\/www.facebook.com\\\/naturalpoland.b2b\",\"https:\\\/\\\/pl.linkedin.com\\\/company\\\/natural-poland\",\"https:\\\/\\\/www.youtube.com\\\/channel\\\/UCgeGGkvOMahZo-xu_MSEWxg\"]}]}<\/script>\n<!-- \/ Yoast SEO plugin. -->","yoast_head_json":{"title":"Paranuss\u00f6l - Gro\u00dfhandelsvertrieb","robots":{"index":"index","follow":"follow","max-snippet":"max-snippet:-1","max-image-preview":"max-image-preview:large","max-video-preview":"max-video-preview:-1"},"canonical":"https:\/\/naturalpoland.com\/de\/produkte\/speiseole-und-kosmetikole\/paranussol\/","og_locale":"de_DE","og_type":"article","og_title":"Paranuss\u00f6l - Gro\u00dfhandelsvertrieb","og_description":"Paranuss\u00f6l wird in Seifen, Lotionen, Haarsp\u00fclungen und Gesichtscremes verwendet. Es wird f\u00fcr reife, trockene, schuppige und von M\u00fcdigkeit gezeichnete Haut empfohlen. Paranuss\u00f6l hat eine entz\u00fcndungshemmende und regenerierende Wirkung. Au\u00dferdem hat es antioxidative Eigenschaften.","og_url":"https:\/\/naturalpoland.com\/de\/produkte\/speiseole-und-kosmetikole\/paranussol\/","og_site_name":"NATURAL POLAND - IMPORT UND HANDEL VON ROHSTOFFEN","article_publisher":"https:\/\/www.facebook.com\/naturalpoland.b2b","article_modified_time":"2021-08-29T17:06:24+00:00","og_image":[{"width":619,"height":619,"url":"https:\/\/naturalpoland.com\/wp-content\/uploads\/olej-z-orzechow-brazylijskich.webp","type":"image\/webp"}],"schema":{"@context":"https:\/\/schema.org","@graph":[{"@type":"WebPage","@id":"https:\/\/naturalpoland.com\/de\/produkte\/speiseole-und-kosmetikole\/paranussol\/","url":"https:\/\/naturalpoland.com\/de\/produkte\/speiseole-und-kosmetikole\/paranussol\/","name":"Paranuss\u00f6l - Gro\u00dfhandelsvertrieb","isPartOf":{"@id":"https:\/\/naturalpoland.com\/de\/#website"},"primaryImageOfPage":{"@id":"https:\/\/naturalpoland.com\/de\/produkte\/speiseole-und-kosmetikole\/paranussol\/#primaryimage"},"image":{"@id":"https:\/\/naturalpoland.com\/de\/produkte\/speiseole-und-kosmetikole\/paranussol\/#primaryimage"},"thumbnailUrl":"https:\/\/naturalpoland.com\/wp-content\/uploads\/olej-z-orzechow-brazylijskich.webp","datePublished":"2021-05-11T11:51:43+00:00","dateModified":"2021-08-29T17:06:24+00:00","breadcrumb":{"@id":"https:\/\/naturalpoland.com\/de\/produkte\/speiseole-und-kosmetikole\/paranussol\/#breadcrumb"},"inLanguage":"de","potentialAction":[{"@type":"ReadAction","target":["https:\/\/naturalpoland.com\/de\/produkte\/speiseole-und-kosmetikole\/paranussol\/"]}]},{"@type":"ImageObject","inLanguage":"de","@id":"https:\/\/naturalpoland.com\/de\/produkte\/speiseole-und-kosmetikole\/paranussol\/#primaryimage","url":"https:\/\/naturalpoland.com\/wp-content\/uploads\/olej-z-orzechow-brazylijskich.webp","contentUrl":"https:\/\/naturalpoland.com\/wp-content\/uploads\/olej-z-orzechow-brazylijskich.webp","width":619,"height":619,"caption":"olej z orzech\u00f3w brazylijskich"},{"@type":"BreadcrumbList","@id":"https:\/\/naturalpoland.com\/de\/produkte\/speiseole-und-kosmetikole\/paranussol\/#breadcrumb","itemListElement":[{"@type":"ListItem","position":1,"name":"Startseite","item":"https:\/\/naturalpoland.com\/de\/"},{"@type":"ListItem","position":2,"name":"Produkte","item":"https:\/\/naturalpoland.com\/de\/produkte\/"},{"@type":"ListItem","position":3,"name":"Paranuss\u00f6l"}]},{"@type":"WebSite","@id":"https:\/\/naturalpoland.com\/de\/#website","url":"https:\/\/naturalpoland.com\/de\/","name":"NATURAL POLAND - IMPORT UND HANDEL VON ROHSTOFFEN","description":"Rohstoffe f\u00fcr die Lebensmittelindustrie, Kosmetikindustrie, Pharmaindustrie","publisher":{"@id":"https:\/\/naturalpoland.com\/de\/#organization"},"potentialAction":[{"@type":"SearchAction","target":{"@type":"EntryPoint","urlTemplate":"https:\/\/naturalpoland.com\/de\/?s={search_term_string}"},"query-input":{"@type":"PropertyValueSpecification","valueRequired":true,"valueName":"search_term_string"}}],"inLanguage":"de"},{"@type":"Organization","@id":"https:\/\/naturalpoland.com\/de\/#organization","name":"Natural Poland","url":"https:\/\/naturalpoland.com\/de\/","logo":{"@type":"ImageObject","inLanguage":"de","@id":"https:\/\/naturalpoland.com\/de\/#\/schema\/logo\/image\/","url":"https:\/\/naturalpoland.com\/wp-content\/uploads\/2021\/05\/natural-poland-icon.png","contentUrl":"https:\/\/naturalpoland.com\/wp-content\/uploads\/2021\/05\/natural-poland-icon.png","width":512,"height":512,"caption":"Natural Poland"},"image":{"@id":"https:\/\/naturalpoland.com\/de\/#\/schema\/logo\/image\/"},"sameAs":["https:\/\/www.facebook.com\/naturalpoland.b2b","https:\/\/pl.linkedin.com\/company\/natural-poland","https:\/\/www.youtube.com\/channel\/UCgeGGkvOMahZo-xu_MSEWxg"]}]}},"_links":{"self":[{"href":"https:\/\/naturalpoland.com\/de\/wp-json\/wp\/v2\/product\/6608","targetHints":{"allow":["GET"]}}],"collection":[{"href":"https:\/\/naturalpoland.com\/de\/wp-json\/wp\/v2\/product"}],"about":[{"href":"https:\/\/naturalpoland.com\/de\/wp-json\/wp\/v2\/types\/product"}],"wp:featuredmedia":[{"embeddable":true,"href":"https:\/\/naturalpoland.com\/de\/wp-json\/wp\/v2\/media\/35660"}],"wp:attachment":[{"href":"https:\/\/naturalpoland.com\/de\/wp-json\/wp\/v2\/media?parent=6608"}],"wp:term":[{"taxonomy":"product_brand","embeddable":true,"href":"https:\/\/naturalpoland.com\/de\/wp-json\/wp\/v2\/product_brand?post=6608"},{"taxonomy":"product_cat","embeddable":true,"href":"https:\/\/naturalpoland.com\/de\/wp-json\/wp\/v2\/product_cat?post=6608"},{"taxonomy":"product_tag","embeddable":true,"href":"https:\/\/naturalpoland.com\/de\/wp-json\/wp\/v2\/product_tag?post=6608"}],"curies":[{"name":"wp","href":"https:\/\/api.w.org\/{rel}","templated":true}]}}