{"id":6624,"date":"2021-05-11T13:57:21","date_gmt":"2021-08-29T19:04:14","guid":{"rendered":"https:\/\/naturalpoland.pl\/produkty\/unkategorisiert\/dattelsirup\/"},"modified":"2021-08-29T21:04:24","modified_gmt":"2021-08-29T19:04:24","slug":"dattelsirup","status":"publish","type":"product","link":"https:\/\/naturalpoland.com\/de\/produkte\/produkte-der-lebensmittelindustrie\/rohstoffe-fur-die-produktion\/dattelsirup\/","title":{"rendered":"Dattelsirup"},"content":{"rendered":"<p>Charakteristisch f\u00fcr Dattelsirup sind seine dicke Konsistenz und seine braune Farbe. Au\u00dferdem hat es ein wunderbares Aroma und ist sehr s\u00fc\u00df. Schon eine kleine Menge davon l\u00e4sst jedes Gericht viel besser schmecken.<\/p>\n","protected":false},"excerpt":{"rendered":"<p><strong>Dattelhonig<\/strong> oder Dattelsirup wird immer h\u00e4ufiger als Zusatz zu vielen Gerichten verwendet. Der von uns angebotene Dattelsirup wird direkt aus dem Fruchtfleisch der frischen Frucht der Dattelpalme gewonnen &#8211; daher kommt auch der Name. Es ist ein weltweit gesch\u00e4tztes Produkt, das f\u00fcr seine bemerkenswerten Eigenschaften bekannt ist.<\/p>\n","protected":false},"featured_media":6625,"template":"","meta":{"_acf_changed":false},"product_brand":[],"product_cat":[349],"product_tag":[],"class_list":{"0":"post-6624","1":"product","2":"type-product","3":"status-publish","4":"has-post-thumbnail","6":"product_cat-rohstoffe-fur-die-produktion","8":"first","9":"instock","10":"shipping-taxable","11":"product-type-simple"},"acf":[],"yoast_head":"<!-- This site is optimized with the Yoast SEO plugin v27.5 - https:\/\/yoast.com\/product\/yoast-seo-wordpress\/ -->\n<title>Dattelsirup - Gro\u00dfhandelsvertrieb<\/title>\n<meta name=\"robots\" content=\"index, follow, max-snippet:-1, max-image-preview:large, max-video-preview:-1\" \/>\n<link rel=\"canonical\" href=\"https:\/\/naturalpoland.com\/de\/produkte\/produkte-der-lebensmittelindustrie\/rohstoffe-fur-die-produktion\/dattelsirup\/\" \/>\n<meta property=\"og:locale\" content=\"de_DE\" \/>\n<meta property=\"og:type\" content=\"article\" \/>\n<meta property=\"og:title\" content=\"Dattelsirup - Gro\u00dfhandelsvertrieb\" \/>\n<meta property=\"og:description\" content=\"Dattelhonig oder Dattelsirup wird immer h\u00e4ufiger als Zusatz zu vielen Gerichten verwendet. Der von uns angebotene Dattelsirup wird direkt aus dem Fruchtfleisch der frischen Frucht der Dattelpalme gewonnen - daher kommt auch der Name. Es ist ein weltweit gesch\u00e4tztes Produkt, das f\u00fcr seine bemerkenswerten Eigenschaften bekannt ist.\" \/>\n<meta property=\"og:url\" content=\"https:\/\/naturalpoland.com\/de\/produkte\/produkte-der-lebensmittelindustrie\/rohstoffe-fur-die-produktion\/dattelsirup\/\" \/>\n<meta property=\"og:site_name\" content=\"NATURAL POLAND - IMPORT UND HANDEL VON ROHSTOFFEN\" \/>\n<meta property=\"article:publisher\" content=\"https:\/\/www.facebook.com\/naturalpoland.b2b\" \/>\n<meta property=\"article:modified_time\" content=\"2021-08-29T19:04:24+00:00\" \/>\n<meta property=\"og:image\" content=\"https:\/\/naturalpoland.com\/wp-content\/uploads\/2021\/05\/date-syrup.jpg\" \/>\n\t<meta property=\"og:image:width\" content=\"290\" \/>\n\t<meta property=\"og:image:height\" content=\"226\" \/>\n\t<meta property=\"og:image:type\" content=\"image\/jpeg\" \/>\n<script type=\"application\/ld+json\" class=\"yoast-schema-graph\">{\"@context\":\"https:\\\/\\\/schema.org\",\"@graph\":[{\"@type\":\"WebPage\",\"@id\":\"https:\\\/\\\/naturalpoland.com\\\/de\\\/produkte\\\/produkte-der-lebensmittelindustrie\\\/rohstoffe-fur-die-produktion\\\/dattelsirup\\\/\",\"url\":\"https:\\\/\\\/naturalpoland.com\\\/de\\\/produkte\\\/produkte-der-lebensmittelindustrie\\\/rohstoffe-fur-die-produktion\\\/dattelsirup\\\/\",\"name\":\"Dattelsirup - Gro\u00dfhandelsvertrieb\",\"isPartOf\":{\"@id\":\"https:\\\/\\\/naturalpoland.com\\\/de\\\/#website\"},\"primaryImageOfPage\":{\"@id\":\"https:\\\/\\\/naturalpoland.com\\\/de\\\/produkte\\\/produkte-der-lebensmittelindustrie\\\/rohstoffe-fur-die-produktion\\\/dattelsirup\\\/#primaryimage\"},\"image\":{\"@id\":\"https:\\\/\\\/naturalpoland.com\\\/de\\\/produkte\\\/produkte-der-lebensmittelindustrie\\\/rohstoffe-fur-die-produktion\\\/dattelsirup\\\/#primaryimage\"},\"thumbnailUrl\":\"https:\\\/\\\/naturalpoland.com\\\/wp-content\\\/uploads\\\/2021\\\/05\\\/date-syrup.jpg\",\"datePublished\":\"2021-08-29T19:04:14+00:00\",\"dateModified\":\"2021-08-29T19:04:24+00:00\",\"breadcrumb\":{\"@id\":\"https:\\\/\\\/naturalpoland.com\\\/de\\\/produkte\\\/produkte-der-lebensmittelindustrie\\\/rohstoffe-fur-die-produktion\\\/dattelsirup\\\/#breadcrumb\"},\"inLanguage\":\"de\",\"potentialAction\":[{\"@type\":\"ReadAction\",\"target\":[\"https:\\\/\\\/naturalpoland.com\\\/de\\\/produkte\\\/produkte-der-lebensmittelindustrie\\\/rohstoffe-fur-die-produktion\\\/dattelsirup\\\/\"]}]},{\"@type\":\"ImageObject\",\"inLanguage\":\"de\",\"@id\":\"https:\\\/\\\/naturalpoland.com\\\/de\\\/produkte\\\/produkte-der-lebensmittelindustrie\\\/rohstoffe-fur-die-produktion\\\/dattelsirup\\\/#primaryimage\",\"url\":\"https:\\\/\\\/naturalpoland.com\\\/wp-content\\\/uploads\\\/2021\\\/05\\\/date-syrup.jpg\",\"contentUrl\":\"https:\\\/\\\/naturalpoland.com\\\/wp-content\\\/uploads\\\/2021\\\/05\\\/date-syrup.jpg\",\"width\":290,\"height\":226},{\"@type\":\"BreadcrumbList\",\"@id\":\"https:\\\/\\\/naturalpoland.com\\\/de\\\/produkte\\\/produkte-der-lebensmittelindustrie\\\/rohstoffe-fur-die-produktion\\\/dattelsirup\\\/#breadcrumb\",\"itemListElement\":[{\"@type\":\"ListItem\",\"position\":1,\"name\":\"Startseite\",\"item\":\"https:\\\/\\\/naturalpoland.com\\\/de\\\/\"},{\"@type\":\"ListItem\",\"position\":2,\"name\":\"Produkte\",\"item\":\"https:\\\/\\\/naturalpoland.com\\\/de\\\/produkte\\\/\"},{\"@type\":\"ListItem\",\"position\":3,\"name\":\"Dattelsirup\"}]},{\"@type\":\"WebSite\",\"@id\":\"https:\\\/\\\/naturalpoland.com\\\/de\\\/#website\",\"url\":\"https:\\\/\\\/naturalpoland.com\\\/de\\\/\",\"name\":\"NATURAL POLAND - IMPORT UND HANDEL VON ROHSTOFFEN\",\"description\":\"Rohstoffe f\u00fcr die Lebensmittelindustrie, Kosmetikindustrie, Pharmaindustrie\",\"publisher\":{\"@id\":\"https:\\\/\\\/naturalpoland.com\\\/de\\\/#organization\"},\"potentialAction\":[{\"@type\":\"SearchAction\",\"target\":{\"@type\":\"EntryPoint\",\"urlTemplate\":\"https:\\\/\\\/naturalpoland.com\\\/de\\\/?s={search_term_string}\"},\"query-input\":{\"@type\":\"PropertyValueSpecification\",\"valueRequired\":true,\"valueName\":\"search_term_string\"}}],\"inLanguage\":\"de\"},{\"@type\":\"Organization\",\"@id\":\"https:\\\/\\\/naturalpoland.com\\\/de\\\/#organization\",\"name\":\"Natural Poland\",\"url\":\"https:\\\/\\\/naturalpoland.com\\\/de\\\/\",\"logo\":{\"@type\":\"ImageObject\",\"inLanguage\":\"de\",\"@id\":\"https:\\\/\\\/naturalpoland.com\\\/de\\\/#\\\/schema\\\/logo\\\/image\\\/\",\"url\":\"https:\\\/\\\/naturalpoland.com\\\/wp-content\\\/uploads\\\/2021\\\/05\\\/natural-poland-icon.png\",\"contentUrl\":\"https:\\\/\\\/naturalpoland.com\\\/wp-content\\\/uploads\\\/2021\\\/05\\\/natural-poland-icon.png\",\"width\":512,\"height\":512,\"caption\":\"Natural Poland\"},\"image\":{\"@id\":\"https:\\\/\\\/naturalpoland.com\\\/de\\\/#\\\/schema\\\/logo\\\/image\\\/\"},\"sameAs\":[\"https:\\\/\\\/www.facebook.com\\\/naturalpoland.b2b\",\"https:\\\/\\\/pl.linkedin.com\\\/company\\\/natural-poland\",\"https:\\\/\\\/www.youtube.com\\\/channel\\\/UCgeGGkvOMahZo-xu_MSEWxg\"]}]}<\/script>\n<!-- \/ Yoast SEO plugin. -->","yoast_head_json":{"title":"Dattelsirup - Gro\u00dfhandelsvertrieb","robots":{"index":"index","follow":"follow","max-snippet":"max-snippet:-1","max-image-preview":"max-image-preview:large","max-video-preview":"max-video-preview:-1"},"canonical":"https:\/\/naturalpoland.com\/de\/produkte\/produkte-der-lebensmittelindustrie\/rohstoffe-fur-die-produktion\/dattelsirup\/","og_locale":"de_DE","og_type":"article","og_title":"Dattelsirup - Gro\u00dfhandelsvertrieb","og_description":"Dattelhonig oder Dattelsirup wird immer h\u00e4ufiger als Zusatz zu vielen Gerichten verwendet. Der von uns angebotene Dattelsirup wird direkt aus dem Fruchtfleisch der frischen Frucht der Dattelpalme gewonnen - daher kommt auch der Name. Es ist ein weltweit gesch\u00e4tztes Produkt, das f\u00fcr seine bemerkenswerten Eigenschaften bekannt ist.","og_url":"https:\/\/naturalpoland.com\/de\/produkte\/produkte-der-lebensmittelindustrie\/rohstoffe-fur-die-produktion\/dattelsirup\/","og_site_name":"NATURAL POLAND - IMPORT UND HANDEL VON ROHSTOFFEN","article_publisher":"https:\/\/www.facebook.com\/naturalpoland.b2b","article_modified_time":"2021-08-29T19:04:24+00:00","og_image":[{"width":290,"height":226,"url":"https:\/\/naturalpoland.com\/wp-content\/uploads\/2021\/05\/date-syrup.jpg","type":"image\/jpeg"}],"schema":{"@context":"https:\/\/schema.org","@graph":[{"@type":"WebPage","@id":"https:\/\/naturalpoland.com\/de\/produkte\/produkte-der-lebensmittelindustrie\/rohstoffe-fur-die-produktion\/dattelsirup\/","url":"https:\/\/naturalpoland.com\/de\/produkte\/produkte-der-lebensmittelindustrie\/rohstoffe-fur-die-produktion\/dattelsirup\/","name":"Dattelsirup - Gro\u00dfhandelsvertrieb","isPartOf":{"@id":"https:\/\/naturalpoland.com\/de\/#website"},"primaryImageOfPage":{"@id":"https:\/\/naturalpoland.com\/de\/produkte\/produkte-der-lebensmittelindustrie\/rohstoffe-fur-die-produktion\/dattelsirup\/#primaryimage"},"image":{"@id":"https:\/\/naturalpoland.com\/de\/produkte\/produkte-der-lebensmittelindustrie\/rohstoffe-fur-die-produktion\/dattelsirup\/#primaryimage"},"thumbnailUrl":"https:\/\/naturalpoland.com\/wp-content\/uploads\/2021\/05\/date-syrup.jpg","datePublished":"2021-08-29T19:04:14+00:00","dateModified":"2021-08-29T19:04:24+00:00","breadcrumb":{"@id":"https:\/\/naturalpoland.com\/de\/produkte\/produkte-der-lebensmittelindustrie\/rohstoffe-fur-die-produktion\/dattelsirup\/#breadcrumb"},"inLanguage":"de","potentialAction":[{"@type":"ReadAction","target":["https:\/\/naturalpoland.com\/de\/produkte\/produkte-der-lebensmittelindustrie\/rohstoffe-fur-die-produktion\/dattelsirup\/"]}]},{"@type":"ImageObject","inLanguage":"de","@id":"https:\/\/naturalpoland.com\/de\/produkte\/produkte-der-lebensmittelindustrie\/rohstoffe-fur-die-produktion\/dattelsirup\/#primaryimage","url":"https:\/\/naturalpoland.com\/wp-content\/uploads\/2021\/05\/date-syrup.jpg","contentUrl":"https:\/\/naturalpoland.com\/wp-content\/uploads\/2021\/05\/date-syrup.jpg","width":290,"height":226},{"@type":"BreadcrumbList","@id":"https:\/\/naturalpoland.com\/de\/produkte\/produkte-der-lebensmittelindustrie\/rohstoffe-fur-die-produktion\/dattelsirup\/#breadcrumb","itemListElement":[{"@type":"ListItem","position":1,"name":"Startseite","item":"https:\/\/naturalpoland.com\/de\/"},{"@type":"ListItem","position":2,"name":"Produkte","item":"https:\/\/naturalpoland.com\/de\/produkte\/"},{"@type":"ListItem","position":3,"name":"Dattelsirup"}]},{"@type":"WebSite","@id":"https:\/\/naturalpoland.com\/de\/#website","url":"https:\/\/naturalpoland.com\/de\/","name":"NATURAL POLAND - IMPORT UND HANDEL VON ROHSTOFFEN","description":"Rohstoffe f\u00fcr die Lebensmittelindustrie, Kosmetikindustrie, Pharmaindustrie","publisher":{"@id":"https:\/\/naturalpoland.com\/de\/#organization"},"potentialAction":[{"@type":"SearchAction","target":{"@type":"EntryPoint","urlTemplate":"https:\/\/naturalpoland.com\/de\/?s={search_term_string}"},"query-input":{"@type":"PropertyValueSpecification","valueRequired":true,"valueName":"search_term_string"}}],"inLanguage":"de"},{"@type":"Organization","@id":"https:\/\/naturalpoland.com\/de\/#organization","name":"Natural Poland","url":"https:\/\/naturalpoland.com\/de\/","logo":{"@type":"ImageObject","inLanguage":"de","@id":"https:\/\/naturalpoland.com\/de\/#\/schema\/logo\/image\/","url":"https:\/\/naturalpoland.com\/wp-content\/uploads\/2021\/05\/natural-poland-icon.png","contentUrl":"https:\/\/naturalpoland.com\/wp-content\/uploads\/2021\/05\/natural-poland-icon.png","width":512,"height":512,"caption":"Natural Poland"},"image":{"@id":"https:\/\/naturalpoland.com\/de\/#\/schema\/logo\/image\/"},"sameAs":["https:\/\/www.facebook.com\/naturalpoland.b2b","https:\/\/pl.linkedin.com\/company\/natural-poland","https:\/\/www.youtube.com\/channel\/UCgeGGkvOMahZo-xu_MSEWxg"]}]}},"_links":{"self":[{"href":"https:\/\/naturalpoland.com\/de\/wp-json\/wp\/v2\/product\/6624","targetHints":{"allow":["GET"]}}],"collection":[{"href":"https:\/\/naturalpoland.com\/de\/wp-json\/wp\/v2\/product"}],"about":[{"href":"https:\/\/naturalpoland.com\/de\/wp-json\/wp\/v2\/types\/product"}],"wp:featuredmedia":[{"embeddable":true,"href":"https:\/\/naturalpoland.com\/de\/wp-json\/wp\/v2\/media\/6625"}],"wp:attachment":[{"href":"https:\/\/naturalpoland.com\/de\/wp-json\/wp\/v2\/media?parent=6624"}],"wp:term":[{"taxonomy":"product_brand","embeddable":true,"href":"https:\/\/naturalpoland.com\/de\/wp-json\/wp\/v2\/product_brand?post=6624"},{"taxonomy":"product_cat","embeddable":true,"href":"https:\/\/naturalpoland.com\/de\/wp-json\/wp\/v2\/product_cat?post=6624"},{"taxonomy":"product_tag","embeddable":true,"href":"https:\/\/naturalpoland.com\/de\/wp-json\/wp\/v2\/product_tag?post=6624"}],"curies":[{"name":"wp","href":"https:\/\/api.w.org\/{rel}","templated":true}]}}