{"id":6628,"date":"2021-05-11T13:57:46","date_gmt":"2021-08-29T19:28:32","guid":{"rendered":"https:\/\/naturalpoland.pl\/produkty\/unkategorisiert\/cholin-tartrat\/"},"modified":"2021-08-29T21:28:34","modified_gmt":"2021-08-29T19:28:34","slug":"cholin-tartrat","status":"publish","type":"product","link":"https:\/\/naturalpoland.com\/de\/produkte\/produkte-fur-die-pharmaindustrie\/nahrungserganzungmittel\/cholin-tartrat\/","title":{"rendered":"Cholin-Tartrat"},"content":{"rendered":"<p>Normalerweise ist Cholin-Tartrat in Milchprodukten, Eiern, Fischfleisch, Rosenkohl und Erdn\u00fcssen enthalten. Leider ist es durch den Verzehr dieser Produkte schwierig, den K\u00f6rper ausreichend mit dieser Verbindung zu versorgen, weshalb eine Supplementierung erforderlich ist. Cholin-Tartrat kann auch Stimmungsschwankungen vorbeugen, den Cholesterinspiegel und den Blutdruck senken.<\/p>\n","protected":false},"excerpt":{"rendered":"<p>Cholin-Tartrat ist ein wichtiger Bestandteil von Nahrungserg\u00e4nzungsmitteln f\u00fcr Menschen, die die Leistungsf\u00e4higkeit des K\u00f6rpers verbessern wollen. Es wird empfohlen f\u00fcr Menschen, die im Fitnessstudio trainieren und f\u00fcr diejenigen, die sich auf wichtige Pr\u00fcfungen vorbereiten. Cholin-Tartrat steigert nicht nur die Muskelleistung und kontrolliert die Zunahme der Muskelmasse, sondern unterst\u00fctzt auch das Ged\u00e4chtnis. Es wird f\u00fcr Personen empfohlen, die an Alzheimer erkrankt sind.<\/p>\n","protected":false},"featured_media":6629,"template":"","meta":{"_acf_changed":false},"product_brand":[],"product_cat":[373],"product_tag":[],"class_list":{"0":"post-6628","1":"product","2":"type-product","3":"status-publish","4":"has-post-thumbnail","6":"product_cat-nahrungserganzungmittel","8":"first","9":"instock","10":"shipping-taxable","11":"product-type-simple"},"acf":[],"yoast_head":"<!-- This site is optimized with the Yoast SEO plugin v27.4 - https:\/\/yoast.com\/product\/yoast-seo-wordpress\/ -->\n<title>Cholin-Tartrat - Gro\u00dfhandelsvertrieb<\/title>\n<meta name=\"robots\" content=\"index, follow, max-snippet:-1, max-image-preview:large, max-video-preview:-1\" \/>\n<link rel=\"canonical\" href=\"https:\/\/naturalpoland.com\/de\/produkte\/produkte-fur-die-pharmaindustrie\/nahrungserganzungmittel\/cholin-tartrat\/\" \/>\n<meta property=\"og:locale\" content=\"de_DE\" \/>\n<meta property=\"og:type\" content=\"article\" \/>\n<meta property=\"og:title\" content=\"Cholin-Tartrat - Gro\u00dfhandelsvertrieb\" \/>\n<meta property=\"og:description\" content=\"Cholin-Tartrat ist ein wichtiger Bestandteil von Nahrungserg\u00e4nzungsmitteln f\u00fcr Menschen, die die Leistungsf\u00e4higkeit des K\u00f6rpers verbessern wollen. Es wird empfohlen f\u00fcr Menschen, die im Fitnessstudio trainieren und f\u00fcr diejenigen, die sich auf wichtige Pr\u00fcfungen vorbereiten. Cholin-Tartrat steigert nicht nur die Muskelleistung und kontrolliert die Zunahme der Muskelmasse, sondern unterst\u00fctzt auch das Ged\u00e4chtnis. Es wird f\u00fcr Personen empfohlen, die an Alzheimer erkrankt sind.\" \/>\n<meta property=\"og:url\" content=\"https:\/\/naturalpoland.com\/de\/produkte\/produkte-fur-die-pharmaindustrie\/nahrungserganzungmittel\/cholin-tartrat\/\" \/>\n<meta property=\"og:site_name\" content=\"NATURAL POLAND - IMPORT UND HANDEL VON ROHSTOFFEN\" \/>\n<meta property=\"article:publisher\" content=\"https:\/\/www.facebook.com\/naturalpoland.b2b\" \/>\n<meta property=\"article:modified_time\" content=\"2021-08-29T19:28:34+00:00\" \/>\n<meta property=\"og:image\" content=\"https:\/\/naturalpoland.com\/wp-content\/uploads\/2021\/05\/choline-tartrate.png\" \/>\n\t<meta property=\"og:image:width\" content=\"1414\" \/>\n\t<meta property=\"og:image:height\" content=\"586\" \/>\n\t<meta property=\"og:image:type\" content=\"image\/png\" \/>\n<script type=\"application\/ld+json\" class=\"yoast-schema-graph\">{\"@context\":\"https:\\\/\\\/schema.org\",\"@graph\":[{\"@type\":\"WebPage\",\"@id\":\"https:\\\/\\\/naturalpoland.com\\\/de\\\/produkte\\\/produkte-fur-die-pharmaindustrie\\\/nahrungserganzungmittel\\\/cholin-tartrat\\\/\",\"url\":\"https:\\\/\\\/naturalpoland.com\\\/de\\\/produkte\\\/produkte-fur-die-pharmaindustrie\\\/nahrungserganzungmittel\\\/cholin-tartrat\\\/\",\"name\":\"Cholin-Tartrat - Gro\u00dfhandelsvertrieb\",\"isPartOf\":{\"@id\":\"https:\\\/\\\/naturalpoland.com\\\/de\\\/#website\"},\"primaryImageOfPage\":{\"@id\":\"https:\\\/\\\/naturalpoland.com\\\/de\\\/produkte\\\/produkte-fur-die-pharmaindustrie\\\/nahrungserganzungmittel\\\/cholin-tartrat\\\/#primaryimage\"},\"image\":{\"@id\":\"https:\\\/\\\/naturalpoland.com\\\/de\\\/produkte\\\/produkte-fur-die-pharmaindustrie\\\/nahrungserganzungmittel\\\/cholin-tartrat\\\/#primaryimage\"},\"thumbnailUrl\":\"https:\\\/\\\/naturalpoland.com\\\/wp-content\\\/uploads\\\/2021\\\/05\\\/choline-tartrate.png\",\"datePublished\":\"2021-08-29T19:28:32+00:00\",\"dateModified\":\"2021-08-29T19:28:34+00:00\",\"breadcrumb\":{\"@id\":\"https:\\\/\\\/naturalpoland.com\\\/de\\\/produkte\\\/produkte-fur-die-pharmaindustrie\\\/nahrungserganzungmittel\\\/cholin-tartrat\\\/#breadcrumb\"},\"inLanguage\":\"de\",\"potentialAction\":[{\"@type\":\"ReadAction\",\"target\":[\"https:\\\/\\\/naturalpoland.com\\\/de\\\/produkte\\\/produkte-fur-die-pharmaindustrie\\\/nahrungserganzungmittel\\\/cholin-tartrat\\\/\"]}]},{\"@type\":\"ImageObject\",\"inLanguage\":\"de\",\"@id\":\"https:\\\/\\\/naturalpoland.com\\\/de\\\/produkte\\\/produkte-fur-die-pharmaindustrie\\\/nahrungserganzungmittel\\\/cholin-tartrat\\\/#primaryimage\",\"url\":\"https:\\\/\\\/naturalpoland.com\\\/wp-content\\\/uploads\\\/2021\\\/05\\\/choline-tartrate.png\",\"contentUrl\":\"https:\\\/\\\/naturalpoland.com\\\/wp-content\\\/uploads\\\/2021\\\/05\\\/choline-tartrate.png\",\"width\":1414,\"height\":586},{\"@type\":\"BreadcrumbList\",\"@id\":\"https:\\\/\\\/naturalpoland.com\\\/de\\\/produkte\\\/produkte-fur-die-pharmaindustrie\\\/nahrungserganzungmittel\\\/cholin-tartrat\\\/#breadcrumb\",\"itemListElement\":[{\"@type\":\"ListItem\",\"position\":1,\"name\":\"Startseite\",\"item\":\"https:\\\/\\\/naturalpoland.com\\\/de\\\/\"},{\"@type\":\"ListItem\",\"position\":2,\"name\":\"Produkte\",\"item\":\"https:\\\/\\\/naturalpoland.com\\\/de\\\/produkte\\\/\"},{\"@type\":\"ListItem\",\"position\":3,\"name\":\"Cholin-Tartrat\"}]},{\"@type\":\"WebSite\",\"@id\":\"https:\\\/\\\/naturalpoland.com\\\/de\\\/#website\",\"url\":\"https:\\\/\\\/naturalpoland.com\\\/de\\\/\",\"name\":\"NATURAL POLAND - IMPORT UND HANDEL VON ROHSTOFFEN\",\"description\":\"Rohstoffe f\u00fcr die Lebensmittelindustrie, Kosmetikindustrie, Pharmaindustrie\",\"publisher\":{\"@id\":\"https:\\\/\\\/naturalpoland.com\\\/de\\\/#organization\"},\"potentialAction\":[{\"@type\":\"SearchAction\",\"target\":{\"@type\":\"EntryPoint\",\"urlTemplate\":\"https:\\\/\\\/naturalpoland.com\\\/de\\\/?s={search_term_string}\"},\"query-input\":{\"@type\":\"PropertyValueSpecification\",\"valueRequired\":true,\"valueName\":\"search_term_string\"}}],\"inLanguage\":\"de\"},{\"@type\":\"Organization\",\"@id\":\"https:\\\/\\\/naturalpoland.com\\\/de\\\/#organization\",\"name\":\"Natural Poland\",\"url\":\"https:\\\/\\\/naturalpoland.com\\\/de\\\/\",\"logo\":{\"@type\":\"ImageObject\",\"inLanguage\":\"de\",\"@id\":\"https:\\\/\\\/naturalpoland.com\\\/de\\\/#\\\/schema\\\/logo\\\/image\\\/\",\"url\":\"https:\\\/\\\/naturalpoland.com\\\/wp-content\\\/uploads\\\/2021\\\/05\\\/natural-poland-icon.png\",\"contentUrl\":\"https:\\\/\\\/naturalpoland.com\\\/wp-content\\\/uploads\\\/2021\\\/05\\\/natural-poland-icon.png\",\"width\":512,\"height\":512,\"caption\":\"Natural Poland\"},\"image\":{\"@id\":\"https:\\\/\\\/naturalpoland.com\\\/de\\\/#\\\/schema\\\/logo\\\/image\\\/\"},\"sameAs\":[\"https:\\\/\\\/www.facebook.com\\\/naturalpoland.b2b\",\"https:\\\/\\\/pl.linkedin.com\\\/company\\\/natural-poland\",\"https:\\\/\\\/www.youtube.com\\\/channel\\\/UCgeGGkvOMahZo-xu_MSEWxg\"]}]}<\/script>\n<!-- \/ Yoast SEO plugin. -->","yoast_head_json":{"title":"Cholin-Tartrat - Gro\u00dfhandelsvertrieb","robots":{"index":"index","follow":"follow","max-snippet":"max-snippet:-1","max-image-preview":"max-image-preview:large","max-video-preview":"max-video-preview:-1"},"canonical":"https:\/\/naturalpoland.com\/de\/produkte\/produkte-fur-die-pharmaindustrie\/nahrungserganzungmittel\/cholin-tartrat\/","og_locale":"de_DE","og_type":"article","og_title":"Cholin-Tartrat - Gro\u00dfhandelsvertrieb","og_description":"Cholin-Tartrat ist ein wichtiger Bestandteil von Nahrungserg\u00e4nzungsmitteln f\u00fcr Menschen, die die Leistungsf\u00e4higkeit des K\u00f6rpers verbessern wollen. Es wird empfohlen f\u00fcr Menschen, die im Fitnessstudio trainieren und f\u00fcr diejenigen, die sich auf wichtige Pr\u00fcfungen vorbereiten. Cholin-Tartrat steigert nicht nur die Muskelleistung und kontrolliert die Zunahme der Muskelmasse, sondern unterst\u00fctzt auch das Ged\u00e4chtnis. Es wird f\u00fcr Personen empfohlen, die an Alzheimer erkrankt sind.","og_url":"https:\/\/naturalpoland.com\/de\/produkte\/produkte-fur-die-pharmaindustrie\/nahrungserganzungmittel\/cholin-tartrat\/","og_site_name":"NATURAL POLAND - IMPORT UND HANDEL VON ROHSTOFFEN","article_publisher":"https:\/\/www.facebook.com\/naturalpoland.b2b","article_modified_time":"2021-08-29T19:28:34+00:00","og_image":[{"width":1414,"height":586,"url":"https:\/\/naturalpoland.com\/wp-content\/uploads\/2021\/05\/choline-tartrate.png","type":"image\/png"}],"schema":{"@context":"https:\/\/schema.org","@graph":[{"@type":"WebPage","@id":"https:\/\/naturalpoland.com\/de\/produkte\/produkte-fur-die-pharmaindustrie\/nahrungserganzungmittel\/cholin-tartrat\/","url":"https:\/\/naturalpoland.com\/de\/produkte\/produkte-fur-die-pharmaindustrie\/nahrungserganzungmittel\/cholin-tartrat\/","name":"Cholin-Tartrat - Gro\u00dfhandelsvertrieb","isPartOf":{"@id":"https:\/\/naturalpoland.com\/de\/#website"},"primaryImageOfPage":{"@id":"https:\/\/naturalpoland.com\/de\/produkte\/produkte-fur-die-pharmaindustrie\/nahrungserganzungmittel\/cholin-tartrat\/#primaryimage"},"image":{"@id":"https:\/\/naturalpoland.com\/de\/produkte\/produkte-fur-die-pharmaindustrie\/nahrungserganzungmittel\/cholin-tartrat\/#primaryimage"},"thumbnailUrl":"https:\/\/naturalpoland.com\/wp-content\/uploads\/2021\/05\/choline-tartrate.png","datePublished":"2021-08-29T19:28:32+00:00","dateModified":"2021-08-29T19:28:34+00:00","breadcrumb":{"@id":"https:\/\/naturalpoland.com\/de\/produkte\/produkte-fur-die-pharmaindustrie\/nahrungserganzungmittel\/cholin-tartrat\/#breadcrumb"},"inLanguage":"de","potentialAction":[{"@type":"ReadAction","target":["https:\/\/naturalpoland.com\/de\/produkte\/produkte-fur-die-pharmaindustrie\/nahrungserganzungmittel\/cholin-tartrat\/"]}]},{"@type":"ImageObject","inLanguage":"de","@id":"https:\/\/naturalpoland.com\/de\/produkte\/produkte-fur-die-pharmaindustrie\/nahrungserganzungmittel\/cholin-tartrat\/#primaryimage","url":"https:\/\/naturalpoland.com\/wp-content\/uploads\/2021\/05\/choline-tartrate.png","contentUrl":"https:\/\/naturalpoland.com\/wp-content\/uploads\/2021\/05\/choline-tartrate.png","width":1414,"height":586},{"@type":"BreadcrumbList","@id":"https:\/\/naturalpoland.com\/de\/produkte\/produkte-fur-die-pharmaindustrie\/nahrungserganzungmittel\/cholin-tartrat\/#breadcrumb","itemListElement":[{"@type":"ListItem","position":1,"name":"Startseite","item":"https:\/\/naturalpoland.com\/de\/"},{"@type":"ListItem","position":2,"name":"Produkte","item":"https:\/\/naturalpoland.com\/de\/produkte\/"},{"@type":"ListItem","position":3,"name":"Cholin-Tartrat"}]},{"@type":"WebSite","@id":"https:\/\/naturalpoland.com\/de\/#website","url":"https:\/\/naturalpoland.com\/de\/","name":"NATURAL POLAND - IMPORT UND HANDEL VON ROHSTOFFEN","description":"Rohstoffe f\u00fcr die Lebensmittelindustrie, Kosmetikindustrie, Pharmaindustrie","publisher":{"@id":"https:\/\/naturalpoland.com\/de\/#organization"},"potentialAction":[{"@type":"SearchAction","target":{"@type":"EntryPoint","urlTemplate":"https:\/\/naturalpoland.com\/de\/?s={search_term_string}"},"query-input":{"@type":"PropertyValueSpecification","valueRequired":true,"valueName":"search_term_string"}}],"inLanguage":"de"},{"@type":"Organization","@id":"https:\/\/naturalpoland.com\/de\/#organization","name":"Natural Poland","url":"https:\/\/naturalpoland.com\/de\/","logo":{"@type":"ImageObject","inLanguage":"de","@id":"https:\/\/naturalpoland.com\/de\/#\/schema\/logo\/image\/","url":"https:\/\/naturalpoland.com\/wp-content\/uploads\/2021\/05\/natural-poland-icon.png","contentUrl":"https:\/\/naturalpoland.com\/wp-content\/uploads\/2021\/05\/natural-poland-icon.png","width":512,"height":512,"caption":"Natural Poland"},"image":{"@id":"https:\/\/naturalpoland.com\/de\/#\/schema\/logo\/image\/"},"sameAs":["https:\/\/www.facebook.com\/naturalpoland.b2b","https:\/\/pl.linkedin.com\/company\/natural-poland","https:\/\/www.youtube.com\/channel\/UCgeGGkvOMahZo-xu_MSEWxg"]}]}},"_links":{"self":[{"href":"https:\/\/naturalpoland.com\/de\/wp-json\/wp\/v2\/product\/6628","targetHints":{"allow":["GET"]}}],"collection":[{"href":"https:\/\/naturalpoland.com\/de\/wp-json\/wp\/v2\/product"}],"about":[{"href":"https:\/\/naturalpoland.com\/de\/wp-json\/wp\/v2\/types\/product"}],"wp:featuredmedia":[{"embeddable":true,"href":"https:\/\/naturalpoland.com\/de\/wp-json\/wp\/v2\/media\/6629"}],"wp:attachment":[{"href":"https:\/\/naturalpoland.com\/de\/wp-json\/wp\/v2\/media?parent=6628"}],"wp:term":[{"taxonomy":"product_brand","embeddable":true,"href":"https:\/\/naturalpoland.com\/de\/wp-json\/wp\/v2\/product_brand?post=6628"},{"taxonomy":"product_cat","embeddable":true,"href":"https:\/\/naturalpoland.com\/de\/wp-json\/wp\/v2\/product_cat?post=6628"},{"taxonomy":"product_tag","embeddable":true,"href":"https:\/\/naturalpoland.com\/de\/wp-json\/wp\/v2\/product_tag?post=6628"}],"curies":[{"name":"wp","href":"https:\/\/api.w.org\/{rel}","templated":true}]}}