{"id":6645,"date":"2021-06-09T14:36:17","date_gmt":"2021-08-30T06:19:03","guid":{"rendered":"https:\/\/naturalpoland.pl\/produkty\/unkategorisiert\/boswellia-serrata-extrakt\/"},"modified":"2024-08-23T15:04:15","modified_gmt":"2024-08-23T13:04:15","slug":"boswellia-serrata-extrakt","status":"publish","type":"product","link":"https:\/\/naturalpoland.com\/de\/produkte\/pflanzenextrakte\/boswellia-serrata-extrakt\/","title":{"rendered":"Boswellia Serrata-Extrakt"},"content":{"rendered":"<p>Boswellia Serrata-Extrakt wirkt haupts\u00e4chlich durch die Hemmung des Enzyms 5-Lipoxygenase (5-LOX), was zu einer Verringerung der Produktion von Leukotrienen f\u00fchrt &#8211; Verbindungen, die f\u00fcr entz\u00fcndliche Prozesse im K\u00f6rper verantwortlich sind.<br \/>\nInfolgedessen kann Boswellia Entz\u00fcndungen, Schmerzen und Schwellungen wirksam lindern, insbesondere im Zusammenhang mit<strong> Arthritis, rheumatischen Erkrankungen<\/strong> und <strong>Atemwegserkrankungen<\/strong> wie <strong>Asthma<\/strong>.<br \/>\nAu\u00dferdem haben Boswellias\u00e4uren das Potenzial, das Knorpelgewebe zu sch\u00fctzen und die Gesundheit der Gelenke zu unterst\u00fctzen.<br \/>\nDas Produkt hat die Form eines feinen Pulvers mit einer wei\u00dfen bis cremefarbenen Farbe.<br \/>\nEs zeichnet sich durch ein unverwechselbares, feines Aroma aus, das typisch f\u00fcr den pflanzlichen Rohstoff ist.      <\/p>\n<h2>Verwendung von Boswellia Serrata Extrakt:<\/h2>\n<p>  Boswellia Serrata-Extrakt wird h\u00e4ufig in Nahrungserg\u00e4nzungsmitteln in Kapsel-, Tabletten- oder Pulverform zur Behandlung von Gelenk- und Atemwegserkrankungen und bei chronischen Entz\u00fcndungen eingesetzt.<br \/>\nAufgrund seiner entz\u00fcndungshemmenden Eigenschaften wird Boswellia h\u00e4ufig in Pr\u00e4paraten verwendet, um Schmerzen zu lindern und die Beweglichkeit der Gelenke bei Menschen zu verbessern, die an Arthritis oder anderen rheumatischen Erkrankungen leiden.<br \/>\nBoswellia kann als nat\u00fcrlicher Inhaltsstoff in Formulierungen f\u00fcr k\u00f6rperlich aktive Menschen verwendet werden, die unter<strong> Muskel- und Gelenkschmerzen<\/strong> leiden.  <\/p>\n","protected":false},"excerpt":{"rendered":"<p><strong>Boswellia serrata Extrakt<\/strong>, auch bekannt als <strong>indischer Weihrauch<\/strong>, ist ein Naturprodukt, das aus dem Harz des <em>Boswellia serrata<\/em> Baumes gewonnen wird.<br \/>\nDer Extrakt ist standardisiert, um<strong> Boswellias\u00e4uren<\/strong> zu enthalten, die die wichtigsten aktiven Verbindungen sind, die f\u00fcr seine gesundheitlichen Eigenschaften verantwortlich sind. <\/p>\n","protected":false},"featured_media":34854,"template":"","meta":[],"product_brand":[],"product_cat":[385],"product_tag":[],"class_list":{"0":"post-6645","1":"product","2":"type-product","3":"status-publish","4":"has-post-thumbnail","6":"product_cat-pflanzenextrakte","7":"pa_certyfikaty-halal-de","8":"pa_certyfikaty-koscher-zertifizierung","9":"pa_czesc-rosliny-harz","10":"pa_skladnik-aktywny-boswelliasaure","12":"first","13":"instock","14":"shipping-taxable","15":"product-type-simple"},"yoast_head":"<!-- This site is optimized with the Yoast SEO plugin v27.4 - https:\/\/yoast.com\/product\/yoast-seo-wordpress\/ -->\n<title>Boswellia Serrata-Extrakt - NATURAL POLAND - IMPORT UND HANDEL VON ROHSTOFFEN<\/title>\n<meta name=\"description\" content=\"Boswellia Serrata-Extrakt wird in Nahrungserg\u00e4nzungsmitteln und Produkten zur Unterst\u00fctzung der Gesundheit von Gelenken und Atemwegen verwendet.\" \/>\n<meta name=\"robots\" content=\"index, follow, max-snippet:-1, max-image-preview:large, max-video-preview:-1\" \/>\n<link rel=\"canonical\" href=\"https:\/\/naturalpoland.com\/de\/produkte\/pflanzenextrakte\/boswellia-serrata-extrakt\/\" \/>\n<meta property=\"og:locale\" content=\"de_DE\" \/>\n<meta property=\"og:type\" content=\"article\" \/>\n<meta property=\"og:title\" content=\"Boswellia Serrata-Extrakt - NATURAL POLAND - IMPORT UND HANDEL VON ROHSTOFFEN\" \/>\n<meta property=\"og:description\" content=\"Boswellia Serrata-Extrakt wird in Nahrungserg\u00e4nzungsmitteln und Produkten zur Unterst\u00fctzung der Gesundheit von Gelenken und Atemwegen verwendet.\" \/>\n<meta property=\"og:url\" content=\"https:\/\/naturalpoland.com\/de\/produkte\/pflanzenextrakte\/boswellia-serrata-extrakt\/\" \/>\n<meta property=\"og:site_name\" content=\"NATURAL POLAND - IMPORT UND HANDEL VON ROHSTOFFEN\" \/>\n<meta property=\"article:publisher\" content=\"https:\/\/www.facebook.com\/naturalpoland.b2b\" \/>\n<meta property=\"article:modified_time\" content=\"2024-08-23T13:04:15+00:00\" \/>\n<meta property=\"og:image\" content=\"https:\/\/naturalpoland.com\/wp-content\/uploads\/boswellia_serrata_extract.webp\" \/>\n\t<meta property=\"og:image:width\" content=\"619\" \/>\n\t<meta property=\"og:image:height\" content=\"619\" \/>\n\t<meta property=\"og:image:type\" content=\"image\/webp\" \/>\n<script type=\"application\/ld+json\" class=\"yoast-schema-graph\">{\"@context\":\"https:\\\/\\\/schema.org\",\"@graph\":[{\"@type\":\"WebPage\",\"@id\":\"https:\\\/\\\/naturalpoland.com\\\/de\\\/produkte\\\/pflanzenextrakte\\\/boswellia-serrata-extrakt\\\/\",\"url\":\"https:\\\/\\\/naturalpoland.com\\\/de\\\/produkte\\\/pflanzenextrakte\\\/boswellia-serrata-extrakt\\\/\",\"name\":\"Boswellia Serrata-Extrakt - NATURAL POLAND - IMPORT UND HANDEL VON ROHSTOFFEN\",\"isPartOf\":{\"@id\":\"https:\\\/\\\/naturalpoland.com\\\/de\\\/#website\"},\"primaryImageOfPage\":{\"@id\":\"https:\\\/\\\/naturalpoland.com\\\/de\\\/produkte\\\/pflanzenextrakte\\\/boswellia-serrata-extrakt\\\/#primaryimage\"},\"image\":{\"@id\":\"https:\\\/\\\/naturalpoland.com\\\/de\\\/produkte\\\/pflanzenextrakte\\\/boswellia-serrata-extrakt\\\/#primaryimage\"},\"thumbnailUrl\":\"https:\\\/\\\/naturalpoland.com\\\/wp-content\\\/uploads\\\/boswellia_serrata_extract.webp\",\"datePublished\":\"2021-08-30T06:19:03+00:00\",\"dateModified\":\"2024-08-23T13:04:15+00:00\",\"description\":\"Boswellia Serrata-Extrakt wird in Nahrungserg\u00e4nzungsmitteln und Produkten zur Unterst\u00fctzung der Gesundheit von Gelenken und Atemwegen verwendet.\",\"breadcrumb\":{\"@id\":\"https:\\\/\\\/naturalpoland.com\\\/de\\\/produkte\\\/pflanzenextrakte\\\/boswellia-serrata-extrakt\\\/#breadcrumb\"},\"inLanguage\":\"de\",\"potentialAction\":[{\"@type\":\"ReadAction\",\"target\":[\"https:\\\/\\\/naturalpoland.com\\\/de\\\/produkte\\\/pflanzenextrakte\\\/boswellia-serrata-extrakt\\\/\"]}]},{\"@type\":\"ImageObject\",\"inLanguage\":\"de\",\"@id\":\"https:\\\/\\\/naturalpoland.com\\\/de\\\/produkte\\\/pflanzenextrakte\\\/boswellia-serrata-extrakt\\\/#primaryimage\",\"url\":\"https:\\\/\\\/naturalpoland.com\\\/wp-content\\\/uploads\\\/boswellia_serrata_extract.webp\",\"contentUrl\":\"https:\\\/\\\/naturalpoland.com\\\/wp-content\\\/uploads\\\/boswellia_serrata_extract.webp\",\"width\":619,\"height\":619,\"caption\":\"Ekstrakt z boswellia serrata pochodz\u0105cy z \u017cywicy drzewa Boswellia serrata ma posta\u0107 drobnego proszku o kolorze od bia\u0142ego do kremowego.\"},{\"@type\":\"BreadcrumbList\",\"@id\":\"https:\\\/\\\/naturalpoland.com\\\/de\\\/produkte\\\/pflanzenextrakte\\\/boswellia-serrata-extrakt\\\/#breadcrumb\",\"itemListElement\":[{\"@type\":\"ListItem\",\"position\":1,\"name\":\"Startseite\",\"item\":\"https:\\\/\\\/naturalpoland.com\\\/de\\\/\"},{\"@type\":\"ListItem\",\"position\":2,\"name\":\"Produkte\",\"item\":\"https:\\\/\\\/naturalpoland.com\\\/de\\\/produkte\\\/\"},{\"@type\":\"ListItem\",\"position\":3,\"name\":\"Boswellia Serrata-Extrakt\"}]},{\"@type\":\"WebSite\",\"@id\":\"https:\\\/\\\/naturalpoland.com\\\/de\\\/#website\",\"url\":\"https:\\\/\\\/naturalpoland.com\\\/de\\\/\",\"name\":\"NATURAL POLAND - IMPORT UND HANDEL VON ROHSTOFFEN\",\"description\":\"Rohstoffe f\u00fcr die Lebensmittelindustrie, Kosmetikindustrie, Pharmaindustrie\",\"publisher\":{\"@id\":\"https:\\\/\\\/naturalpoland.com\\\/de\\\/#organization\"},\"potentialAction\":[{\"@type\":\"SearchAction\",\"target\":{\"@type\":\"EntryPoint\",\"urlTemplate\":\"https:\\\/\\\/naturalpoland.com\\\/de\\\/?s={search_term_string}\"},\"query-input\":{\"@type\":\"PropertyValueSpecification\",\"valueRequired\":true,\"valueName\":\"search_term_string\"}}],\"inLanguage\":\"de\"},{\"@type\":\"Organization\",\"@id\":\"https:\\\/\\\/naturalpoland.com\\\/de\\\/#organization\",\"name\":\"Natural Poland\",\"url\":\"https:\\\/\\\/naturalpoland.com\\\/de\\\/\",\"logo\":{\"@type\":\"ImageObject\",\"inLanguage\":\"de\",\"@id\":\"https:\\\/\\\/naturalpoland.com\\\/de\\\/#\\\/schema\\\/logo\\\/image\\\/\",\"url\":\"https:\\\/\\\/naturalpoland.com\\\/wp-content\\\/uploads\\\/2021\\\/05\\\/natural-poland-icon.png\",\"contentUrl\":\"https:\\\/\\\/naturalpoland.com\\\/wp-content\\\/uploads\\\/2021\\\/05\\\/natural-poland-icon.png\",\"width\":512,\"height\":512,\"caption\":\"Natural Poland\"},\"image\":{\"@id\":\"https:\\\/\\\/naturalpoland.com\\\/de\\\/#\\\/schema\\\/logo\\\/image\\\/\"},\"sameAs\":[\"https:\\\/\\\/www.facebook.com\\\/naturalpoland.b2b\",\"https:\\\/\\\/pl.linkedin.com\\\/company\\\/natural-poland\",\"https:\\\/\\\/www.youtube.com\\\/channel\\\/UCgeGGkvOMahZo-xu_MSEWxg\"]}]}<\/script>\n<!-- \/ Yoast SEO plugin. -->","yoast_head_json":{"title":"Boswellia Serrata-Extrakt - NATURAL POLAND - IMPORT UND HANDEL VON ROHSTOFFEN","description":"Boswellia Serrata-Extrakt wird in Nahrungserg\u00e4nzungsmitteln und Produkten zur Unterst\u00fctzung der Gesundheit von Gelenken und Atemwegen verwendet.","robots":{"index":"index","follow":"follow","max-snippet":"max-snippet:-1","max-image-preview":"max-image-preview:large","max-video-preview":"max-video-preview:-1"},"canonical":"https:\/\/naturalpoland.com\/de\/produkte\/pflanzenextrakte\/boswellia-serrata-extrakt\/","og_locale":"de_DE","og_type":"article","og_title":"Boswellia Serrata-Extrakt - NATURAL POLAND - IMPORT UND HANDEL VON ROHSTOFFEN","og_description":"Boswellia Serrata-Extrakt wird in Nahrungserg\u00e4nzungsmitteln und Produkten zur Unterst\u00fctzung der Gesundheit von Gelenken und Atemwegen verwendet.","og_url":"https:\/\/naturalpoland.com\/de\/produkte\/pflanzenextrakte\/boswellia-serrata-extrakt\/","og_site_name":"NATURAL POLAND - IMPORT UND HANDEL VON ROHSTOFFEN","article_publisher":"https:\/\/www.facebook.com\/naturalpoland.b2b","article_modified_time":"2024-08-23T13:04:15+00:00","og_image":[{"width":619,"height":619,"url":"https:\/\/naturalpoland.com\/wp-content\/uploads\/boswellia_serrata_extract.webp","type":"image\/webp"}],"schema":{"@context":"https:\/\/schema.org","@graph":[{"@type":"WebPage","@id":"https:\/\/naturalpoland.com\/de\/produkte\/pflanzenextrakte\/boswellia-serrata-extrakt\/","url":"https:\/\/naturalpoland.com\/de\/produkte\/pflanzenextrakte\/boswellia-serrata-extrakt\/","name":"Boswellia Serrata-Extrakt - NATURAL POLAND - IMPORT UND HANDEL VON ROHSTOFFEN","isPartOf":{"@id":"https:\/\/naturalpoland.com\/de\/#website"},"primaryImageOfPage":{"@id":"https:\/\/naturalpoland.com\/de\/produkte\/pflanzenextrakte\/boswellia-serrata-extrakt\/#primaryimage"},"image":{"@id":"https:\/\/naturalpoland.com\/de\/produkte\/pflanzenextrakte\/boswellia-serrata-extrakt\/#primaryimage"},"thumbnailUrl":"https:\/\/naturalpoland.com\/wp-content\/uploads\/boswellia_serrata_extract.webp","datePublished":"2021-08-30T06:19:03+00:00","dateModified":"2024-08-23T13:04:15+00:00","description":"Boswellia Serrata-Extrakt wird in Nahrungserg\u00e4nzungsmitteln und Produkten zur Unterst\u00fctzung der Gesundheit von Gelenken und Atemwegen verwendet.","breadcrumb":{"@id":"https:\/\/naturalpoland.com\/de\/produkte\/pflanzenextrakte\/boswellia-serrata-extrakt\/#breadcrumb"},"inLanguage":"de","potentialAction":[{"@type":"ReadAction","target":["https:\/\/naturalpoland.com\/de\/produkte\/pflanzenextrakte\/boswellia-serrata-extrakt\/"]}]},{"@type":"ImageObject","inLanguage":"de","@id":"https:\/\/naturalpoland.com\/de\/produkte\/pflanzenextrakte\/boswellia-serrata-extrakt\/#primaryimage","url":"https:\/\/naturalpoland.com\/wp-content\/uploads\/boswellia_serrata_extract.webp","contentUrl":"https:\/\/naturalpoland.com\/wp-content\/uploads\/boswellia_serrata_extract.webp","width":619,"height":619,"caption":"Ekstrakt z boswellia serrata pochodz\u0105cy z \u017cywicy drzewa Boswellia serrata ma posta\u0107 drobnego proszku o kolorze od bia\u0142ego do kremowego."},{"@type":"BreadcrumbList","@id":"https:\/\/naturalpoland.com\/de\/produkte\/pflanzenextrakte\/boswellia-serrata-extrakt\/#breadcrumb","itemListElement":[{"@type":"ListItem","position":1,"name":"Startseite","item":"https:\/\/naturalpoland.com\/de\/"},{"@type":"ListItem","position":2,"name":"Produkte","item":"https:\/\/naturalpoland.com\/de\/produkte\/"},{"@type":"ListItem","position":3,"name":"Boswellia Serrata-Extrakt"}]},{"@type":"WebSite","@id":"https:\/\/naturalpoland.com\/de\/#website","url":"https:\/\/naturalpoland.com\/de\/","name":"NATURAL POLAND - IMPORT UND HANDEL VON ROHSTOFFEN","description":"Rohstoffe f\u00fcr die Lebensmittelindustrie, Kosmetikindustrie, Pharmaindustrie","publisher":{"@id":"https:\/\/naturalpoland.com\/de\/#organization"},"potentialAction":[{"@type":"SearchAction","target":{"@type":"EntryPoint","urlTemplate":"https:\/\/naturalpoland.com\/de\/?s={search_term_string}"},"query-input":{"@type":"PropertyValueSpecification","valueRequired":true,"valueName":"search_term_string"}}],"inLanguage":"de"},{"@type":"Organization","@id":"https:\/\/naturalpoland.com\/de\/#organization","name":"Natural Poland","url":"https:\/\/naturalpoland.com\/de\/","logo":{"@type":"ImageObject","inLanguage":"de","@id":"https:\/\/naturalpoland.com\/de\/#\/schema\/logo\/image\/","url":"https:\/\/naturalpoland.com\/wp-content\/uploads\/2021\/05\/natural-poland-icon.png","contentUrl":"https:\/\/naturalpoland.com\/wp-content\/uploads\/2021\/05\/natural-poland-icon.png","width":512,"height":512,"caption":"Natural Poland"},"image":{"@id":"https:\/\/naturalpoland.com\/de\/#\/schema\/logo\/image\/"},"sameAs":["https:\/\/www.facebook.com\/naturalpoland.b2b","https:\/\/pl.linkedin.com\/company\/natural-poland","https:\/\/www.youtube.com\/channel\/UCgeGGkvOMahZo-xu_MSEWxg"]}]}},"_links":{"self":[{"href":"https:\/\/naturalpoland.com\/de\/wp-json\/wp\/v2\/product\/6645","targetHints":{"allow":["GET"]}}],"collection":[{"href":"https:\/\/naturalpoland.com\/de\/wp-json\/wp\/v2\/product"}],"about":[{"href":"https:\/\/naturalpoland.com\/de\/wp-json\/wp\/v2\/types\/product"}],"wp:featuredmedia":[{"embeddable":true,"href":"https:\/\/naturalpoland.com\/de\/wp-json\/wp\/v2\/media\/34854"}],"wp:attachment":[{"href":"https:\/\/naturalpoland.com\/de\/wp-json\/wp\/v2\/media?parent=6645"}],"wp:term":[{"taxonomy":"product_brand","embeddable":true,"href":"https:\/\/naturalpoland.com\/de\/wp-json\/wp\/v2\/product_brand?post=6645"},{"taxonomy":"product_cat","embeddable":true,"href":"https:\/\/naturalpoland.com\/de\/wp-json\/wp\/v2\/product_cat?post=6645"},{"taxonomy":"product_tag","embeddable":true,"href":"https:\/\/naturalpoland.com\/de\/wp-json\/wp\/v2\/product_tag?post=6645"}],"curies":[{"name":"wp","href":"https:\/\/api.w.org\/{rel}","templated":true}]}}