{"id":6943,"date":"2021-05-11T13:52:32","date_gmt":"2021-09-07T05:45:47","guid":{"rendered":"https:\/\/naturalpoland.pl\/produkty\/unkategorisiert\/monoi-tiare-oel\/"},"modified":"2025-04-24T16:49:34","modified_gmt":"2025-04-24T14:49:34","slug":"monoi-tiare-ol","status":"publish","type":"product","link":"https:\/\/naturalpoland.com\/de\/produkte\/produkte-fur-die-kosmetikindustrie\/kosmetische-ole\/monoi-tiare-ol\/","title":{"rendered":"Monoi-\u00d6l aus Tahiti"},"content":{"rendered":"<p>Das Monoi aus Tahiti \u00d6l, das wir anbieten, ist zus\u00e4tzlich mit nat\u00fcrlichem Tocopherol angereichert (<strong><a href=\"https:\/\/naturalpoland.com\/de\/produkte\/produkte-fur-die-pharmaindustrie\/vitamine\/vitamin-e\/\">Vitamin E<\/a><\/strong>) und einer Duftkomposition, die ihm ein lang anhaltendes, exotisches und sinnliches Aroma verleiht. Es hat die Form einer durchscheinenden, \u00f6ligen Fl\u00fcssigkeit von blassgelber bis bernsteinfarbener Farbe mit einem klaren charakteristischen Aroma. Es zeichnet sich durch einen hohen Verseifungsindex (252 mg KOH\/g), einen niedrigen Oxidationsgrad (0,2 meq O\u2082\/kg) und einen milden S\u00e4uregehalt (1,5 mg KOH\/g) aus.  <\/p>\n<h2 data-start=\"910\" data-end=\"940\">Eigenschaften und Anwendungen<\/h2>\n<p class=\"\" data-start=\"942\" data-end=\"1793\">Monoi de Tahiti ist bekannt f\u00fcr seine n\u00e4hrenden, sch\u00fctzenden und regenerierenden Eigenschaften. Es wirkt als intensiver <strong>Emollient<\/strong> &#8211; es macht Haut und Haare weich und geschmeidig und bildet eine zarte Okklusivschicht auf ihrer Oberfl\u00e4che, um sie vor Feuchtigkeitsverlust zu sch\u00fctzen. Dank seines Gehalts an Vitamin E verf\u00fcgt es \u00fcber antioxidative Eigenschaften, unterst\u00fctzt die nat\u00fcrliche Hydrolipidbarriere der Haut und verz\u00f6gert die Zeichen der Hautalterung. <strong>Der Gardenienextrakt<\/strong> tr\u00e4gt zu den beruhigenden und lindernden Eigenschaften bei und ist daher ideal f\u00fcr trockene, empfindliche und gereizte Haut.  <\/p>\n<p class=\"\" data-start=\"942\" data-end=\"1793\">Das Produkt wird bei der Herstellung von luxuri\u00f6sen Lotionen, Massage\u00f6len, Haarmasken, K\u00f6rpercremes sowie Sonnenschutzmitteln und After-Sun-Kosmetika verwendet. Es verleiht den Formeln einen einzigartigen, exotischen Charakter. Das Produkt ist nur f\u00fcr den kosmetischen Gebrauch bestimmt.  <\/p>\n<p>&nbsp;<\/p>\n","protected":false},"excerpt":{"rendered":"<p><strong>Monoi-Tiare-\u00d6l<\/strong> wird aus der tahitianischen Gardenie gewonnen. Dieses \u00d6l wird auch oft als polynesisches \u00d6l bezeichnet und stammt von der Insel Tahiti. Das \u00d6l wird h\u00e4ufig in Bade\u00f6len, Produkten nach dem Sonnenbad sowie in Haarmasken und -sp\u00fclungen verwendet.<\/p>\n","protected":false},"featured_media":40941,"template":"","meta":{"_acf_changed":false},"product_brand":[],"product_cat":[384],"product_tag":[],"class_list":{"0":"post-6943","1":"product","2":"type-product","3":"status-publish","4":"has-post-thumbnail","6":"product_cat-kosmetische-ole","7":"pa_grupa-substancji-emollients","9":"first","10":"instock","11":"shipping-taxable","12":"product-type-simple"},"acf":[],"yoast_head":"<!-- This site is optimized with the Yoast SEO plugin v27.6 - https:\/\/yoast.com\/product\/yoast-seo-wordpress\/ -->\n<title>Monoi-\u00d6l aus Tahiti - Gro\u00dfhandelsvertrieb<\/title>\n<meta name=\"description\" content=\"Monoi-\u00d6l aus Tahiti ist bekannt f\u00fcr seine au\u00dfergew\u00f6hnlich n\u00e4hrenden, sch\u00fctzenden und regenerierenden Eigenschaften. Es wirkt als intensives Emollient - weichmachend und gl\u00e4ttend.\" \/>\n<meta name=\"robots\" content=\"index, follow, max-snippet:-1, max-image-preview:large, max-video-preview:-1\" \/>\n<link rel=\"canonical\" href=\"https:\/\/naturalpoland.com\/de\/produkte\/produkte-fur-die-kosmetikindustrie\/kosmetische-ole\/monoi-tiare-ol\/\" \/>\n<meta property=\"og:locale\" content=\"de_DE\" \/>\n<meta property=\"og:type\" content=\"article\" \/>\n<meta property=\"og:title\" content=\"Monoi-\u00d6l aus Tahiti - Gro\u00dfhandelsvertrieb\" \/>\n<meta property=\"og:description\" content=\"Monoi-\u00d6l aus Tahiti ist bekannt f\u00fcr seine au\u00dfergew\u00f6hnlich n\u00e4hrenden, sch\u00fctzenden und regenerierenden Eigenschaften. Es wirkt als intensives Emollient - weichmachend und gl\u00e4ttend.\" \/>\n<meta property=\"og:url\" content=\"https:\/\/naturalpoland.com\/de\/produkte\/produkte-fur-die-kosmetikindustrie\/kosmetische-ole\/monoi-tiare-ol\/\" \/>\n<meta property=\"og:site_name\" content=\"NATURAL POLAND - IMPORT UND HANDEL VON ROHSTOFFEN\" \/>\n<meta property=\"article:publisher\" content=\"https:\/\/www.facebook.com\/naturalpoland.b2b\" \/>\n<meta property=\"article:modified_time\" content=\"2025-04-24T14:49:34+00:00\" \/>\n<meta property=\"og:image\" content=\"https:\/\/naturalpoland.com\/wp-content\/uploads\/olejek-monoi-z-tahiti.webp\" \/>\n\t<meta property=\"og:image:width\" content=\"1024\" \/>\n\t<meta property=\"og:image:height\" content=\"1024\" \/>\n\t<meta property=\"og:image:type\" content=\"image\/webp\" \/>\n<script type=\"application\/ld+json\" class=\"yoast-schema-graph\">{\"@context\":\"https:\\\/\\\/schema.org\",\"@graph\":[{\"@type\":\"WebPage\",\"@id\":\"https:\\\/\\\/naturalpoland.com\\\/de\\\/produkte\\\/produkte-fur-die-kosmetikindustrie\\\/kosmetische-ole\\\/monoi-tiare-ol\\\/\",\"url\":\"https:\\\/\\\/naturalpoland.com\\\/de\\\/produkte\\\/produkte-fur-die-kosmetikindustrie\\\/kosmetische-ole\\\/monoi-tiare-ol\\\/\",\"name\":\"Monoi-\u00d6l aus Tahiti - Gro\u00dfhandelsvertrieb\",\"isPartOf\":{\"@id\":\"https:\\\/\\\/naturalpoland.com\\\/de\\\/#website\"},\"primaryImageOfPage\":{\"@id\":\"https:\\\/\\\/naturalpoland.com\\\/de\\\/produkte\\\/produkte-fur-die-kosmetikindustrie\\\/kosmetische-ole\\\/monoi-tiare-ol\\\/#primaryimage\"},\"image\":{\"@id\":\"https:\\\/\\\/naturalpoland.com\\\/de\\\/produkte\\\/produkte-fur-die-kosmetikindustrie\\\/kosmetische-ole\\\/monoi-tiare-ol\\\/#primaryimage\"},\"thumbnailUrl\":\"https:\\\/\\\/naturalpoland.com\\\/wp-content\\\/uploads\\\/olejek-monoi-z-tahiti.webp\",\"datePublished\":\"2021-09-07T05:45:47+00:00\",\"dateModified\":\"2025-04-24T14:49:34+00:00\",\"description\":\"Monoi-\u00d6l aus Tahiti ist bekannt f\u00fcr seine au\u00dfergew\u00f6hnlich n\u00e4hrenden, sch\u00fctzenden und regenerierenden Eigenschaften. Es wirkt als intensives Emollient - weichmachend und gl\u00e4ttend.\",\"breadcrumb\":{\"@id\":\"https:\\\/\\\/naturalpoland.com\\\/de\\\/produkte\\\/produkte-fur-die-kosmetikindustrie\\\/kosmetische-ole\\\/monoi-tiare-ol\\\/#breadcrumb\"},\"inLanguage\":\"de\",\"potentialAction\":[{\"@type\":\"ReadAction\",\"target\":[\"https:\\\/\\\/naturalpoland.com\\\/de\\\/produkte\\\/produkte-fur-die-kosmetikindustrie\\\/kosmetische-ole\\\/monoi-tiare-ol\\\/\"]}]},{\"@type\":\"ImageObject\",\"inLanguage\":\"de\",\"@id\":\"https:\\\/\\\/naturalpoland.com\\\/de\\\/produkte\\\/produkte-fur-die-kosmetikindustrie\\\/kosmetische-ole\\\/monoi-tiare-ol\\\/#primaryimage\",\"url\":\"https:\\\/\\\/naturalpoland.com\\\/wp-content\\\/uploads\\\/olejek-monoi-z-tahiti.webp\",\"contentUrl\":\"https:\\\/\\\/naturalpoland.com\\\/wp-content\\\/uploads\\\/olejek-monoi-z-tahiti.webp\",\"width\":1024,\"height\":1024,\"caption\":\"Olejek Monoi z Tahiti\"},{\"@type\":\"BreadcrumbList\",\"@id\":\"https:\\\/\\\/naturalpoland.com\\\/de\\\/produkte\\\/produkte-fur-die-kosmetikindustrie\\\/kosmetische-ole\\\/monoi-tiare-ol\\\/#breadcrumb\",\"itemListElement\":[{\"@type\":\"ListItem\",\"position\":1,\"name\":\"Startseite\",\"item\":\"https:\\\/\\\/naturalpoland.com\\\/de\\\/\"},{\"@type\":\"ListItem\",\"position\":2,\"name\":\"Produkte\",\"item\":\"https:\\\/\\\/naturalpoland.com\\\/de\\\/produkte\\\/\"},{\"@type\":\"ListItem\",\"position\":3,\"name\":\"Monoi-\u00d6l aus Tahiti\"}]},{\"@type\":\"WebSite\",\"@id\":\"https:\\\/\\\/naturalpoland.com\\\/de\\\/#website\",\"url\":\"https:\\\/\\\/naturalpoland.com\\\/de\\\/\",\"name\":\"NATURAL POLAND - IMPORT UND HANDEL VON ROHSTOFFEN\",\"description\":\"Rohstoffe f\u00fcr die Lebensmittelindustrie, Kosmetikindustrie, Pharmaindustrie\",\"publisher\":{\"@id\":\"https:\\\/\\\/naturalpoland.com\\\/de\\\/#organization\"},\"potentialAction\":[{\"@type\":\"SearchAction\",\"target\":{\"@type\":\"EntryPoint\",\"urlTemplate\":\"https:\\\/\\\/naturalpoland.com\\\/de\\\/?s={search_term_string}\"},\"query-input\":{\"@type\":\"PropertyValueSpecification\",\"valueRequired\":true,\"valueName\":\"search_term_string\"}}],\"inLanguage\":\"de\"},{\"@type\":\"Organization\",\"@id\":\"https:\\\/\\\/naturalpoland.com\\\/de\\\/#organization\",\"name\":\"Natural Poland\",\"url\":\"https:\\\/\\\/naturalpoland.com\\\/de\\\/\",\"logo\":{\"@type\":\"ImageObject\",\"inLanguage\":\"de\",\"@id\":\"https:\\\/\\\/naturalpoland.com\\\/de\\\/#\\\/schema\\\/logo\\\/image\\\/\",\"url\":\"https:\\\/\\\/naturalpoland.com\\\/wp-content\\\/uploads\\\/2021\\\/05\\\/natural-poland-icon.png\",\"contentUrl\":\"https:\\\/\\\/naturalpoland.com\\\/wp-content\\\/uploads\\\/2021\\\/05\\\/natural-poland-icon.png\",\"width\":512,\"height\":512,\"caption\":\"Natural Poland\"},\"image\":{\"@id\":\"https:\\\/\\\/naturalpoland.com\\\/de\\\/#\\\/schema\\\/logo\\\/image\\\/\"},\"sameAs\":[\"https:\\\/\\\/www.facebook.com\\\/naturalpoland.b2b\",\"https:\\\/\\\/pl.linkedin.com\\\/company\\\/natural-poland\",\"https:\\\/\\\/www.youtube.com\\\/channel\\\/UCgeGGkvOMahZo-xu_MSEWxg\"]}]}<\/script>\n<!-- \/ Yoast SEO plugin. -->","yoast_head_json":{"title":"Monoi-\u00d6l aus Tahiti - Gro\u00dfhandelsvertrieb","description":"Monoi-\u00d6l aus Tahiti ist bekannt f\u00fcr seine au\u00dfergew\u00f6hnlich n\u00e4hrenden, sch\u00fctzenden und regenerierenden Eigenschaften. Es wirkt als intensives Emollient - weichmachend und gl\u00e4ttend.","robots":{"index":"index","follow":"follow","max-snippet":"max-snippet:-1","max-image-preview":"max-image-preview:large","max-video-preview":"max-video-preview:-1"},"canonical":"https:\/\/naturalpoland.com\/de\/produkte\/produkte-fur-die-kosmetikindustrie\/kosmetische-ole\/monoi-tiare-ol\/","og_locale":"de_DE","og_type":"article","og_title":"Monoi-\u00d6l aus Tahiti - Gro\u00dfhandelsvertrieb","og_description":"Monoi-\u00d6l aus Tahiti ist bekannt f\u00fcr seine au\u00dfergew\u00f6hnlich n\u00e4hrenden, sch\u00fctzenden und regenerierenden Eigenschaften. Es wirkt als intensives Emollient - weichmachend und gl\u00e4ttend.","og_url":"https:\/\/naturalpoland.com\/de\/produkte\/produkte-fur-die-kosmetikindustrie\/kosmetische-ole\/monoi-tiare-ol\/","og_site_name":"NATURAL POLAND - IMPORT UND HANDEL VON ROHSTOFFEN","article_publisher":"https:\/\/www.facebook.com\/naturalpoland.b2b","article_modified_time":"2025-04-24T14:49:34+00:00","og_image":[{"width":1024,"height":1024,"url":"https:\/\/naturalpoland.com\/wp-content\/uploads\/olejek-monoi-z-tahiti.webp","type":"image\/webp"}],"schema":{"@context":"https:\/\/schema.org","@graph":[{"@type":"WebPage","@id":"https:\/\/naturalpoland.com\/de\/produkte\/produkte-fur-die-kosmetikindustrie\/kosmetische-ole\/monoi-tiare-ol\/","url":"https:\/\/naturalpoland.com\/de\/produkte\/produkte-fur-die-kosmetikindustrie\/kosmetische-ole\/monoi-tiare-ol\/","name":"Monoi-\u00d6l aus Tahiti - Gro\u00dfhandelsvertrieb","isPartOf":{"@id":"https:\/\/naturalpoland.com\/de\/#website"},"primaryImageOfPage":{"@id":"https:\/\/naturalpoland.com\/de\/produkte\/produkte-fur-die-kosmetikindustrie\/kosmetische-ole\/monoi-tiare-ol\/#primaryimage"},"image":{"@id":"https:\/\/naturalpoland.com\/de\/produkte\/produkte-fur-die-kosmetikindustrie\/kosmetische-ole\/monoi-tiare-ol\/#primaryimage"},"thumbnailUrl":"https:\/\/naturalpoland.com\/wp-content\/uploads\/olejek-monoi-z-tahiti.webp","datePublished":"2021-09-07T05:45:47+00:00","dateModified":"2025-04-24T14:49:34+00:00","description":"Monoi-\u00d6l aus Tahiti ist bekannt f\u00fcr seine au\u00dfergew\u00f6hnlich n\u00e4hrenden, sch\u00fctzenden und regenerierenden Eigenschaften. Es wirkt als intensives Emollient - weichmachend und gl\u00e4ttend.","breadcrumb":{"@id":"https:\/\/naturalpoland.com\/de\/produkte\/produkte-fur-die-kosmetikindustrie\/kosmetische-ole\/monoi-tiare-ol\/#breadcrumb"},"inLanguage":"de","potentialAction":[{"@type":"ReadAction","target":["https:\/\/naturalpoland.com\/de\/produkte\/produkte-fur-die-kosmetikindustrie\/kosmetische-ole\/monoi-tiare-ol\/"]}]},{"@type":"ImageObject","inLanguage":"de","@id":"https:\/\/naturalpoland.com\/de\/produkte\/produkte-fur-die-kosmetikindustrie\/kosmetische-ole\/monoi-tiare-ol\/#primaryimage","url":"https:\/\/naturalpoland.com\/wp-content\/uploads\/olejek-monoi-z-tahiti.webp","contentUrl":"https:\/\/naturalpoland.com\/wp-content\/uploads\/olejek-monoi-z-tahiti.webp","width":1024,"height":1024,"caption":"Olejek Monoi z Tahiti"},{"@type":"BreadcrumbList","@id":"https:\/\/naturalpoland.com\/de\/produkte\/produkte-fur-die-kosmetikindustrie\/kosmetische-ole\/monoi-tiare-ol\/#breadcrumb","itemListElement":[{"@type":"ListItem","position":1,"name":"Startseite","item":"https:\/\/naturalpoland.com\/de\/"},{"@type":"ListItem","position":2,"name":"Produkte","item":"https:\/\/naturalpoland.com\/de\/produkte\/"},{"@type":"ListItem","position":3,"name":"Monoi-\u00d6l aus Tahiti"}]},{"@type":"WebSite","@id":"https:\/\/naturalpoland.com\/de\/#website","url":"https:\/\/naturalpoland.com\/de\/","name":"NATURAL POLAND - IMPORT UND HANDEL VON ROHSTOFFEN","description":"Rohstoffe f\u00fcr die Lebensmittelindustrie, Kosmetikindustrie, Pharmaindustrie","publisher":{"@id":"https:\/\/naturalpoland.com\/de\/#organization"},"potentialAction":[{"@type":"SearchAction","target":{"@type":"EntryPoint","urlTemplate":"https:\/\/naturalpoland.com\/de\/?s={search_term_string}"},"query-input":{"@type":"PropertyValueSpecification","valueRequired":true,"valueName":"search_term_string"}}],"inLanguage":"de"},{"@type":"Organization","@id":"https:\/\/naturalpoland.com\/de\/#organization","name":"Natural Poland","url":"https:\/\/naturalpoland.com\/de\/","logo":{"@type":"ImageObject","inLanguage":"de","@id":"https:\/\/naturalpoland.com\/de\/#\/schema\/logo\/image\/","url":"https:\/\/naturalpoland.com\/wp-content\/uploads\/2021\/05\/natural-poland-icon.png","contentUrl":"https:\/\/naturalpoland.com\/wp-content\/uploads\/2021\/05\/natural-poland-icon.png","width":512,"height":512,"caption":"Natural Poland"},"image":{"@id":"https:\/\/naturalpoland.com\/de\/#\/schema\/logo\/image\/"},"sameAs":["https:\/\/www.facebook.com\/naturalpoland.b2b","https:\/\/pl.linkedin.com\/company\/natural-poland","https:\/\/www.youtube.com\/channel\/UCgeGGkvOMahZo-xu_MSEWxg"]}]}},"_links":{"self":[{"href":"https:\/\/naturalpoland.com\/de\/wp-json\/wp\/v2\/product\/6943","targetHints":{"allow":["GET"]}}],"collection":[{"href":"https:\/\/naturalpoland.com\/de\/wp-json\/wp\/v2\/product"}],"about":[{"href":"https:\/\/naturalpoland.com\/de\/wp-json\/wp\/v2\/types\/product"}],"wp:featuredmedia":[{"embeddable":true,"href":"https:\/\/naturalpoland.com\/de\/wp-json\/wp\/v2\/media\/40941"}],"wp:attachment":[{"href":"https:\/\/naturalpoland.com\/de\/wp-json\/wp\/v2\/media?parent=6943"}],"wp:term":[{"taxonomy":"product_brand","embeddable":true,"href":"https:\/\/naturalpoland.com\/de\/wp-json\/wp\/v2\/product_brand?post=6943"},{"taxonomy":"product_cat","embeddable":true,"href":"https:\/\/naturalpoland.com\/de\/wp-json\/wp\/v2\/product_cat?post=6943"},{"taxonomy":"product_tag","embeddable":true,"href":"https:\/\/naturalpoland.com\/de\/wp-json\/wp\/v2\/product_tag?post=6943"}],"curies":[{"name":"wp","href":"https:\/\/api.w.org\/{rel}","templated":true}]}}