{"id":16870,"date":"2021-05-11T13:41:22","date_gmt":"2021-12-31T18:44:08","guid":{"rendered":"https:\/\/naturalpoland.pl\/produkty\/uncategorized\/golden-root-rhodiola-rosea-extract\/"},"modified":"2024-09-12T15:39:17","modified_gmt":"2024-09-12T13:39:17","slug":"rhodiola-rosea-extract","status":"publish","type":"product","link":"https:\/\/naturalpoland.com\/en\/products\/plant-extracts\/rhodiola-rosea-extract\/","title":{"rendered":"Golden root (Rhodiola rosea) extract"},"content":{"rendered":"<p><strong>Rhodiola rosea<\/strong>, also known as Arctic root, is a plant used in phytotherapy that has broad antimicrobial, anticancer, and stress and tension-reducing effects.  <\/p>\n<h2>Features and Action:<\/h2>\n<p>  Rhodiola rosea extract is produced from rhizomes of rhodiola, using ethanol and water as solvents.<br \/>\nThe product is in the form of a fine, reddish-brown powder with a characteristic odor and taste, as confirmed by sensory testing.<br \/>\nThanks to bioactive substances such as <strong>salidroside<\/strong>, <strong>rosavin<\/strong> and <strong>rosarin<\/strong>, the extract helps increase physical endurance, improve concentration, support cardiovascular health and protect cells from oxidative stress.<br \/>\nIts antioxidant and anti-inflammatory properties support the body&#8217;s immune system, while its adaptogenic properties make it recommended in situations of increased stress, fatigue, sleep disorders and mood decline Rhodiola rosea extract also minimizes the effects of spring solstice, strengthens the body and supports all processes within it.   <\/p>\n","protected":false},"excerpt":{"rendered":"<p><strong>Rhodiola rosea extract<\/strong> is a natural adaptogen that improves the body&#8217;s resistance to stress and supports physical and mental functions.<br \/>\nThe product is standardized for <strong>salidroside<\/strong> content. <\/p>\n","protected":false},"featured_media":35550,"template":"","meta":[],"product_brand":[],"product_cat":[298],"product_tag":[],"class_list":{"0":"post-16870","1":"product","2":"type-product","3":"status-publish","4":"has-post-thumbnail","6":"product_cat-plant-extracts","7":"pa_czesc-rosliny-rhizome-en","8":"pa_grupa-substancji-antioxidants","10":"first","11":"instock","12":"shipping-taxable","13":"product-type-simple"},"yoast_head":"<!-- This site is optimized with the Yoast SEO plugin v27.4 - https:\/\/yoast.com\/product\/yoast-seo-wordpress\/ -->\n<title>Golden root (Rhodiola rosea) extract - POLISH DISTRIBUTOR OF RAW MATERIALS<\/title>\n<meta name=\"description\" content=\"Rhodiola rosea, known as Arctic root, is a plant used in phytotherapy, which is characterized by broad antimicrobial activity.\" \/>\n<meta name=\"robots\" content=\"index, follow, max-snippet:-1, max-image-preview:large, max-video-preview:-1\" \/>\n<link rel=\"canonical\" href=\"https:\/\/naturalpoland.com\/en\/products\/plant-extracts\/rhodiola-rosea-extract\/\" \/>\n<meta property=\"og:locale\" content=\"en_US\" \/>\n<meta property=\"og:type\" content=\"article\" \/>\n<meta property=\"og:title\" content=\"Golden root (Rhodiola rosea) extract - POLISH DISTRIBUTOR OF RAW MATERIALS\" \/>\n<meta property=\"og:description\" content=\"Rhodiola rosea, known as Arctic root, is a plant used in phytotherapy, which is characterized by broad antimicrobial activity.\" \/>\n<meta property=\"og:url\" content=\"https:\/\/naturalpoland.com\/en\/products\/plant-extracts\/rhodiola-rosea-extract\/\" \/>\n<meta property=\"og:site_name\" content=\"POLISH DISTRIBUTOR OF RAW MATERIALS\" \/>\n<meta property=\"article:publisher\" content=\"https:\/\/www.facebook.com\/naturalpoland.b2b\" \/>\n<meta property=\"article:modified_time\" content=\"2024-09-12T13:39:17+00:00\" \/>\n<meta property=\"og:image\" content=\"https:\/\/naturalpoland.com\/wp-content\/uploads\/ekstrakt-z-rozenca-gorskiego.webp\" \/>\n\t<meta property=\"og:image:width\" content=\"619\" \/>\n\t<meta property=\"og:image:height\" content=\"619\" \/>\n\t<meta property=\"og:image:type\" content=\"image\/webp\" \/>\n<script type=\"application\/ld+json\" class=\"yoast-schema-graph\">{\"@context\":\"https:\\\/\\\/schema.org\",\"@graph\":[{\"@type\":\"WebPage\",\"@id\":\"https:\\\/\\\/naturalpoland.com\\\/en\\\/products\\\/plant-extracts\\\/rhodiola-rosea-extract\\\/\",\"url\":\"https:\\\/\\\/naturalpoland.com\\\/en\\\/products\\\/plant-extracts\\\/rhodiola-rosea-extract\\\/\",\"name\":\"Golden root (Rhodiola rosea) extract - POLISH DISTRIBUTOR OF RAW MATERIALS\",\"isPartOf\":{\"@id\":\"https:\\\/\\\/naturalpoland.com\\\/en\\\/#website\"},\"primaryImageOfPage\":{\"@id\":\"https:\\\/\\\/naturalpoland.com\\\/en\\\/products\\\/plant-extracts\\\/rhodiola-rosea-extract\\\/#primaryimage\"},\"image\":{\"@id\":\"https:\\\/\\\/naturalpoland.com\\\/en\\\/products\\\/plant-extracts\\\/rhodiola-rosea-extract\\\/#primaryimage\"},\"thumbnailUrl\":\"https:\\\/\\\/naturalpoland.com\\\/wp-content\\\/uploads\\\/ekstrakt-z-rozenca-gorskiego.webp\",\"datePublished\":\"2021-12-31T18:44:08+00:00\",\"dateModified\":\"2024-09-12T13:39:17+00:00\",\"description\":\"Rhodiola rosea, known as Arctic root, is a plant used in phytotherapy, which is characterized by broad antimicrobial activity.\",\"breadcrumb\":{\"@id\":\"https:\\\/\\\/naturalpoland.com\\\/en\\\/products\\\/plant-extracts\\\/rhodiola-rosea-extract\\\/#breadcrumb\"},\"inLanguage\":\"en-US\",\"potentialAction\":[{\"@type\":\"ReadAction\",\"target\":[\"https:\\\/\\\/naturalpoland.com\\\/en\\\/products\\\/plant-extracts\\\/rhodiola-rosea-extract\\\/\"]}]},{\"@type\":\"ImageObject\",\"inLanguage\":\"en-US\",\"@id\":\"https:\\\/\\\/naturalpoland.com\\\/en\\\/products\\\/plant-extracts\\\/rhodiola-rosea-extract\\\/#primaryimage\",\"url\":\"https:\\\/\\\/naturalpoland.com\\\/wp-content\\\/uploads\\\/ekstrakt-z-rozenca-gorskiego.webp\",\"contentUrl\":\"https:\\\/\\\/naturalpoland.com\\\/wp-content\\\/uploads\\\/ekstrakt-z-rozenca-gorskiego.webp\",\"width\":619,\"height\":619,\"caption\":\"ekstrakt z r\u00f3\u017ce\u0144ca g\u00f3rskiego\"},{\"@type\":\"BreadcrumbList\",\"@id\":\"https:\\\/\\\/naturalpoland.com\\\/en\\\/products\\\/plant-extracts\\\/rhodiola-rosea-extract\\\/#breadcrumb\",\"itemListElement\":[{\"@type\":\"ListItem\",\"position\":1,\"name\":\"Homepage\",\"item\":\"https:\\\/\\\/naturalpoland.com\\\/en\\\/\"},{\"@type\":\"ListItem\",\"position\":2,\"name\":\"Products\",\"item\":\"https:\\\/\\\/naturalpoland.com\\\/en\\\/products\\\/\"},{\"@type\":\"ListItem\",\"position\":3,\"name\":\"Golden root (Rhodiola rosea) extract\"}]},{\"@type\":\"WebSite\",\"@id\":\"https:\\\/\\\/naturalpoland.com\\\/en\\\/#website\",\"url\":\"https:\\\/\\\/naturalpoland.com\\\/en\\\/\",\"name\":\"POLISH DISTRIBUTOR OF RAW MATERIALS\",\"description\":\"Raw materials for food, cosmetic and pharmaceutical industries\",\"publisher\":{\"@id\":\"https:\\\/\\\/naturalpoland.com\\\/en\\\/#organization\"},\"potentialAction\":[{\"@type\":\"SearchAction\",\"target\":{\"@type\":\"EntryPoint\",\"urlTemplate\":\"https:\\\/\\\/naturalpoland.com\\\/en\\\/?s={search_term_string}\"},\"query-input\":{\"@type\":\"PropertyValueSpecification\",\"valueRequired\":true,\"valueName\":\"search_term_string\"}}],\"inLanguage\":\"en-US\"},{\"@type\":\"Organization\",\"@id\":\"https:\\\/\\\/naturalpoland.com\\\/en\\\/#organization\",\"name\":\"Natural Poland\",\"url\":\"https:\\\/\\\/naturalpoland.com\\\/en\\\/\",\"logo\":{\"@type\":\"ImageObject\",\"inLanguage\":\"en-US\",\"@id\":\"https:\\\/\\\/naturalpoland.com\\\/en\\\/#\\\/schema\\\/logo\\\/image\\\/\",\"url\":\"https:\\\/\\\/naturalpoland.com\\\/wp-content\\\/uploads\\\/2021\\\/05\\\/natural-poland-icon.png\",\"contentUrl\":\"https:\\\/\\\/naturalpoland.com\\\/wp-content\\\/uploads\\\/2021\\\/05\\\/natural-poland-icon.png\",\"width\":512,\"height\":512,\"caption\":\"Natural Poland\"},\"image\":{\"@id\":\"https:\\\/\\\/naturalpoland.com\\\/en\\\/#\\\/schema\\\/logo\\\/image\\\/\"},\"sameAs\":[\"https:\\\/\\\/www.facebook.com\\\/naturalpoland.b2b\",\"https:\\\/\\\/pl.linkedin.com\\\/company\\\/natural-poland\",\"https:\\\/\\\/www.youtube.com\\\/channel\\\/UCgeGGkvOMahZo-xu_MSEWxg\"]}]}<\/script>\n<!-- \/ Yoast SEO plugin. -->","yoast_head_json":{"title":"Golden root (Rhodiola rosea) extract - POLISH DISTRIBUTOR OF RAW MATERIALS","description":"Rhodiola rosea, known as Arctic root, is a plant used in phytotherapy, which is characterized by broad antimicrobial activity.","robots":{"index":"index","follow":"follow","max-snippet":"max-snippet:-1","max-image-preview":"max-image-preview:large","max-video-preview":"max-video-preview:-1"},"canonical":"https:\/\/naturalpoland.com\/en\/products\/plant-extracts\/rhodiola-rosea-extract\/","og_locale":"en_US","og_type":"article","og_title":"Golden root (Rhodiola rosea) extract - POLISH DISTRIBUTOR OF RAW MATERIALS","og_description":"Rhodiola rosea, known as Arctic root, is a plant used in phytotherapy, which is characterized by broad antimicrobial activity.","og_url":"https:\/\/naturalpoland.com\/en\/products\/plant-extracts\/rhodiola-rosea-extract\/","og_site_name":"POLISH DISTRIBUTOR OF RAW MATERIALS","article_publisher":"https:\/\/www.facebook.com\/naturalpoland.b2b","article_modified_time":"2024-09-12T13:39:17+00:00","og_image":[{"width":619,"height":619,"url":"https:\/\/naturalpoland.com\/wp-content\/uploads\/ekstrakt-z-rozenca-gorskiego.webp","type":"image\/webp"}],"schema":{"@context":"https:\/\/schema.org","@graph":[{"@type":"WebPage","@id":"https:\/\/naturalpoland.com\/en\/products\/plant-extracts\/rhodiola-rosea-extract\/","url":"https:\/\/naturalpoland.com\/en\/products\/plant-extracts\/rhodiola-rosea-extract\/","name":"Golden root (Rhodiola rosea) extract - POLISH DISTRIBUTOR OF RAW MATERIALS","isPartOf":{"@id":"https:\/\/naturalpoland.com\/en\/#website"},"primaryImageOfPage":{"@id":"https:\/\/naturalpoland.com\/en\/products\/plant-extracts\/rhodiola-rosea-extract\/#primaryimage"},"image":{"@id":"https:\/\/naturalpoland.com\/en\/products\/plant-extracts\/rhodiola-rosea-extract\/#primaryimage"},"thumbnailUrl":"https:\/\/naturalpoland.com\/wp-content\/uploads\/ekstrakt-z-rozenca-gorskiego.webp","datePublished":"2021-12-31T18:44:08+00:00","dateModified":"2024-09-12T13:39:17+00:00","description":"Rhodiola rosea, known as Arctic root, is a plant used in phytotherapy, which is characterized by broad antimicrobial activity.","breadcrumb":{"@id":"https:\/\/naturalpoland.com\/en\/products\/plant-extracts\/rhodiola-rosea-extract\/#breadcrumb"},"inLanguage":"en-US","potentialAction":[{"@type":"ReadAction","target":["https:\/\/naturalpoland.com\/en\/products\/plant-extracts\/rhodiola-rosea-extract\/"]}]},{"@type":"ImageObject","inLanguage":"en-US","@id":"https:\/\/naturalpoland.com\/en\/products\/plant-extracts\/rhodiola-rosea-extract\/#primaryimage","url":"https:\/\/naturalpoland.com\/wp-content\/uploads\/ekstrakt-z-rozenca-gorskiego.webp","contentUrl":"https:\/\/naturalpoland.com\/wp-content\/uploads\/ekstrakt-z-rozenca-gorskiego.webp","width":619,"height":619,"caption":"ekstrakt z r\u00f3\u017ce\u0144ca g\u00f3rskiego"},{"@type":"BreadcrumbList","@id":"https:\/\/naturalpoland.com\/en\/products\/plant-extracts\/rhodiola-rosea-extract\/#breadcrumb","itemListElement":[{"@type":"ListItem","position":1,"name":"Homepage","item":"https:\/\/naturalpoland.com\/en\/"},{"@type":"ListItem","position":2,"name":"Products","item":"https:\/\/naturalpoland.com\/en\/products\/"},{"@type":"ListItem","position":3,"name":"Golden root (Rhodiola rosea) extract"}]},{"@type":"WebSite","@id":"https:\/\/naturalpoland.com\/en\/#website","url":"https:\/\/naturalpoland.com\/en\/","name":"POLISH DISTRIBUTOR OF RAW MATERIALS","description":"Raw materials for food, cosmetic and pharmaceutical industries","publisher":{"@id":"https:\/\/naturalpoland.com\/en\/#organization"},"potentialAction":[{"@type":"SearchAction","target":{"@type":"EntryPoint","urlTemplate":"https:\/\/naturalpoland.com\/en\/?s={search_term_string}"},"query-input":{"@type":"PropertyValueSpecification","valueRequired":true,"valueName":"search_term_string"}}],"inLanguage":"en-US"},{"@type":"Organization","@id":"https:\/\/naturalpoland.com\/en\/#organization","name":"Natural Poland","url":"https:\/\/naturalpoland.com\/en\/","logo":{"@type":"ImageObject","inLanguage":"en-US","@id":"https:\/\/naturalpoland.com\/en\/#\/schema\/logo\/image\/","url":"https:\/\/naturalpoland.com\/wp-content\/uploads\/2021\/05\/natural-poland-icon.png","contentUrl":"https:\/\/naturalpoland.com\/wp-content\/uploads\/2021\/05\/natural-poland-icon.png","width":512,"height":512,"caption":"Natural Poland"},"image":{"@id":"https:\/\/naturalpoland.com\/en\/#\/schema\/logo\/image\/"},"sameAs":["https:\/\/www.facebook.com\/naturalpoland.b2b","https:\/\/pl.linkedin.com\/company\/natural-poland","https:\/\/www.youtube.com\/channel\/UCgeGGkvOMahZo-xu_MSEWxg"]}]}},"_links":{"self":[{"href":"https:\/\/naturalpoland.com\/en\/wp-json\/wp\/v2\/product\/16870","targetHints":{"allow":["GET"]}}],"collection":[{"href":"https:\/\/naturalpoland.com\/en\/wp-json\/wp\/v2\/product"}],"about":[{"href":"https:\/\/naturalpoland.com\/en\/wp-json\/wp\/v2\/types\/product"}],"wp:featuredmedia":[{"embeddable":true,"href":"https:\/\/naturalpoland.com\/en\/wp-json\/wp\/v2\/media\/35550"}],"wp:attachment":[{"href":"https:\/\/naturalpoland.com\/en\/wp-json\/wp\/v2\/media?parent=16870"}],"wp:term":[{"taxonomy":"product_brand","embeddable":true,"href":"https:\/\/naturalpoland.com\/en\/wp-json\/wp\/v2\/product_brand?post=16870"},{"taxonomy":"product_cat","embeddable":true,"href":"https:\/\/naturalpoland.com\/en\/wp-json\/wp\/v2\/product_cat?post=16870"},{"taxonomy":"product_tag","embeddable":true,"href":"https:\/\/naturalpoland.com\/en\/wp-json\/wp\/v2\/product_tag?post=16870"}],"curies":[{"name":"wp","href":"https:\/\/api.w.org\/{rel}","templated":true}]}}