{"id":30268,"date":"2024-01-26T11:36:50","date_gmt":"2024-01-26T10:36:50","guid":{"rendered":"https:\/\/naturalpoland.com\/produkty\/uncategorized\/scabies-proper-extract\/"},"modified":"2024-04-29T14:53:03","modified_gmt":"2024-04-29T12:53:03","slug":"scabies-proper-extract","status":"publish","type":"product","link":"https:\/\/naturalpoland.com\/en\/products\/plant-extracts\/scabies-proper-extract\/","title":{"rendered":"Scabies proper extract"},"content":{"rendered":"<p>The uses for scabies extract range from supporting brain health and improving mood to supporting the reproductive system. In Ayurvedic medicine, Mucuna Pruriens is used to improve libido, fertility and as a general tonic to strengthen the body.<\/p>\n<p>In the context of brain health, the extract may prbotanizys to improve cognitive function and reduce symptoms of depression, thanks to its effect on dopamine levels. In natural medicine, it is also used to treat Parkinson&#8217;s disease, although this requires further research.<\/p>\n<p>As a supplement, it is valued for its adaptogenic properties, helping the body better cope with stress and fatigue. It can also support skin and hair health with its antioxidant properties.<\/p>\n<p>In terms of safety, Mucuna Pruriens extract is generally considered safe, but should be used with caution, especially for those with heart disease, diabetes, or who are pregnant.<\/p>\n<p>In terms of specifications, the extract is in the form of a light brown powder with a characteristic smell and taste, meeting all quality standards, including tests for heavy metals and microbiology. It is produced using water as a solvent and is non-GMO.<\/p>\n","protected":false},"excerpt":{"rendered":"<p><strong>Extract of scabies proper<\/strong> (<strong><br \/>\n  <em>Mucuna Pruriens<\/em><br \/>\n<\/strong>) is a valued ingredient in the world of supplementation and natural medicine. Extracted from the seeds of the plant, this extract is rich in numerous active ingredients, including L-dopa, which is a precursor to the neurotransmitter dopamine.<\/p>\n","protected":false},"featured_media":29920,"template":"","meta":{"_acf_changed":false},"product_brand":[],"product_cat":[298],"product_tag":[],"class_list":{"0":"post-30268","1":"product","2":"type-product","3":"status-publish","4":"has-post-thumbnail","6":"product_cat-plant-extracts","7":"pa_certyfikaty-halal-en","8":"pa_certyfikaty-kosher-certification","9":"pa_czesc-rosliny-seeds","11":"first","12":"instock","13":"shipping-taxable","14":"product-type-simple"},"acf":[],"yoast_head":"<!-- This site is optimized with the Yoast SEO plugin v27.5 - https:\/\/yoast.com\/product\/yoast-seo-wordpress\/ -->\n<title>Scabies proper extract - Wholesale Distributor<\/title>\n<meta name=\"description\" content=\"Scabies extract (Mucuna Pruriens) is a valued ingredient in the world of supplementation and natural medicine.\" \/>\n<meta name=\"robots\" content=\"index, follow, max-snippet:-1, max-image-preview:large, max-video-preview:-1\" \/>\n<link rel=\"canonical\" href=\"https:\/\/naturalpoland.com\/en\/products\/plant-extracts\/scabies-proper-extract\/\" \/>\n<meta property=\"og:locale\" content=\"en_US\" \/>\n<meta property=\"og:type\" content=\"article\" \/>\n<meta property=\"og:title\" content=\"Scabies proper extract - Wholesale Distributor\" \/>\n<meta property=\"og:description\" content=\"Scabies extract (Mucuna Pruriens) is a valued ingredient in the world of supplementation and natural medicine.\" \/>\n<meta property=\"og:url\" content=\"https:\/\/naturalpoland.com\/en\/products\/plant-extracts\/scabies-proper-extract\/\" \/>\n<meta property=\"og:site_name\" content=\"POLISH DISTRIBUTOR OF RAW MATERIALS\" \/>\n<meta property=\"article:publisher\" content=\"https:\/\/www.facebook.com\/naturalpoland.b2b\" \/>\n<meta property=\"article:modified_time\" content=\"2024-04-29T12:53:03+00:00\" \/>\n<meta property=\"og:image\" content=\"https:\/\/naturalpoland.com\/wp-content\/uploads\/mucuna_pruriens_extract.webp\" \/>\n\t<meta property=\"og:image:width\" content=\"614\" \/>\n\t<meta property=\"og:image:height\" content=\"614\" \/>\n\t<meta property=\"og:image:type\" content=\"image\/webp\" \/>\n<script type=\"application\/ld+json\" class=\"yoast-schema-graph\">{\"@context\":\"https:\\\/\\\/schema.org\",\"@graph\":[{\"@type\":\"WebPage\",\"@id\":\"https:\\\/\\\/naturalpoland.com\\\/en\\\/products\\\/plant-extracts\\\/scabies-proper-extract\\\/\",\"url\":\"https:\\\/\\\/naturalpoland.com\\\/en\\\/products\\\/plant-extracts\\\/scabies-proper-extract\\\/\",\"name\":\"Scabies proper extract - Wholesale Distributor\",\"isPartOf\":{\"@id\":\"https:\\\/\\\/naturalpoland.com\\\/en\\\/#website\"},\"primaryImageOfPage\":{\"@id\":\"https:\\\/\\\/naturalpoland.com\\\/en\\\/products\\\/plant-extracts\\\/scabies-proper-extract\\\/#primaryimage\"},\"image\":{\"@id\":\"https:\\\/\\\/naturalpoland.com\\\/en\\\/products\\\/plant-extracts\\\/scabies-proper-extract\\\/#primaryimage\"},\"thumbnailUrl\":\"https:\\\/\\\/naturalpoland.com\\\/wp-content\\\/uploads\\\/mucuna_pruriens_extract.webp\",\"datePublished\":\"2024-01-26T10:36:50+00:00\",\"dateModified\":\"2024-04-29T12:53:03+00:00\",\"description\":\"Scabies extract (Mucuna Pruriens) is a valued ingredient in the world of supplementation and natural medicine.\",\"breadcrumb\":{\"@id\":\"https:\\\/\\\/naturalpoland.com\\\/en\\\/products\\\/plant-extracts\\\/scabies-proper-extract\\\/#breadcrumb\"},\"inLanguage\":\"en-US\",\"potentialAction\":[{\"@type\":\"ReadAction\",\"target\":[\"https:\\\/\\\/naturalpoland.com\\\/en\\\/products\\\/plant-extracts\\\/scabies-proper-extract\\\/\"]}]},{\"@type\":\"ImageObject\",\"inLanguage\":\"en-US\",\"@id\":\"https:\\\/\\\/naturalpoland.com\\\/en\\\/products\\\/plant-extracts\\\/scabies-proper-extract\\\/#primaryimage\",\"url\":\"https:\\\/\\\/naturalpoland.com\\\/wp-content\\\/uploads\\\/mucuna_pruriens_extract.webp\",\"contentUrl\":\"https:\\\/\\\/naturalpoland.com\\\/wp-content\\\/uploads\\\/mucuna_pruriens_extract.webp\",\"width\":614,\"height\":614,\"caption\":\"Ekstrakt z \u015bwierzbca w\u0142a\u015bciwego\"},{\"@type\":\"BreadcrumbList\",\"@id\":\"https:\\\/\\\/naturalpoland.com\\\/en\\\/products\\\/plant-extracts\\\/scabies-proper-extract\\\/#breadcrumb\",\"itemListElement\":[{\"@type\":\"ListItem\",\"position\":1,\"name\":\"Homepage\",\"item\":\"https:\\\/\\\/naturalpoland.com\\\/en\\\/\"},{\"@type\":\"ListItem\",\"position\":2,\"name\":\"Products\",\"item\":\"https:\\\/\\\/naturalpoland.com\\\/en\\\/products\\\/\"},{\"@type\":\"ListItem\",\"position\":3,\"name\":\"Scabies proper extract\"}]},{\"@type\":\"WebSite\",\"@id\":\"https:\\\/\\\/naturalpoland.com\\\/en\\\/#website\",\"url\":\"https:\\\/\\\/naturalpoland.com\\\/en\\\/\",\"name\":\"POLISH DISTRIBUTOR OF RAW MATERIALS\",\"description\":\"Raw materials for food, cosmetic and pharmaceutical industries\",\"publisher\":{\"@id\":\"https:\\\/\\\/naturalpoland.com\\\/en\\\/#organization\"},\"potentialAction\":[{\"@type\":\"SearchAction\",\"target\":{\"@type\":\"EntryPoint\",\"urlTemplate\":\"https:\\\/\\\/naturalpoland.com\\\/en\\\/?s={search_term_string}\"},\"query-input\":{\"@type\":\"PropertyValueSpecification\",\"valueRequired\":true,\"valueName\":\"search_term_string\"}}],\"inLanguage\":\"en-US\"},{\"@type\":\"Organization\",\"@id\":\"https:\\\/\\\/naturalpoland.com\\\/en\\\/#organization\",\"name\":\"Natural Poland\",\"url\":\"https:\\\/\\\/naturalpoland.com\\\/en\\\/\",\"logo\":{\"@type\":\"ImageObject\",\"inLanguage\":\"en-US\",\"@id\":\"https:\\\/\\\/naturalpoland.com\\\/en\\\/#\\\/schema\\\/logo\\\/image\\\/\",\"url\":\"https:\\\/\\\/naturalpoland.com\\\/wp-content\\\/uploads\\\/2021\\\/05\\\/natural-poland-icon.png\",\"contentUrl\":\"https:\\\/\\\/naturalpoland.com\\\/wp-content\\\/uploads\\\/2021\\\/05\\\/natural-poland-icon.png\",\"width\":512,\"height\":512,\"caption\":\"Natural Poland\"},\"image\":{\"@id\":\"https:\\\/\\\/naturalpoland.com\\\/en\\\/#\\\/schema\\\/logo\\\/image\\\/\"},\"sameAs\":[\"https:\\\/\\\/www.facebook.com\\\/naturalpoland.b2b\",\"https:\\\/\\\/pl.linkedin.com\\\/company\\\/natural-poland\",\"https:\\\/\\\/www.youtube.com\\\/channel\\\/UCgeGGkvOMahZo-xu_MSEWxg\"]}]}<\/script>\n<!-- \/ Yoast SEO plugin. -->","yoast_head_json":{"title":"Scabies proper extract - Wholesale Distributor","description":"Scabies extract (Mucuna Pruriens) is a valued ingredient in the world of supplementation and natural medicine.","robots":{"index":"index","follow":"follow","max-snippet":"max-snippet:-1","max-image-preview":"max-image-preview:large","max-video-preview":"max-video-preview:-1"},"canonical":"https:\/\/naturalpoland.com\/en\/products\/plant-extracts\/scabies-proper-extract\/","og_locale":"en_US","og_type":"article","og_title":"Scabies proper extract - Wholesale Distributor","og_description":"Scabies extract (Mucuna Pruriens) is a valued ingredient in the world of supplementation and natural medicine.","og_url":"https:\/\/naturalpoland.com\/en\/products\/plant-extracts\/scabies-proper-extract\/","og_site_name":"POLISH DISTRIBUTOR OF RAW MATERIALS","article_publisher":"https:\/\/www.facebook.com\/naturalpoland.b2b","article_modified_time":"2024-04-29T12:53:03+00:00","og_image":[{"width":614,"height":614,"url":"https:\/\/naturalpoland.com\/wp-content\/uploads\/mucuna_pruriens_extract.webp","type":"image\/webp"}],"schema":{"@context":"https:\/\/schema.org","@graph":[{"@type":"WebPage","@id":"https:\/\/naturalpoland.com\/en\/products\/plant-extracts\/scabies-proper-extract\/","url":"https:\/\/naturalpoland.com\/en\/products\/plant-extracts\/scabies-proper-extract\/","name":"Scabies proper extract - Wholesale Distributor","isPartOf":{"@id":"https:\/\/naturalpoland.com\/en\/#website"},"primaryImageOfPage":{"@id":"https:\/\/naturalpoland.com\/en\/products\/plant-extracts\/scabies-proper-extract\/#primaryimage"},"image":{"@id":"https:\/\/naturalpoland.com\/en\/products\/plant-extracts\/scabies-proper-extract\/#primaryimage"},"thumbnailUrl":"https:\/\/naturalpoland.com\/wp-content\/uploads\/mucuna_pruriens_extract.webp","datePublished":"2024-01-26T10:36:50+00:00","dateModified":"2024-04-29T12:53:03+00:00","description":"Scabies extract (Mucuna Pruriens) is a valued ingredient in the world of supplementation and natural medicine.","breadcrumb":{"@id":"https:\/\/naturalpoland.com\/en\/products\/plant-extracts\/scabies-proper-extract\/#breadcrumb"},"inLanguage":"en-US","potentialAction":[{"@type":"ReadAction","target":["https:\/\/naturalpoland.com\/en\/products\/plant-extracts\/scabies-proper-extract\/"]}]},{"@type":"ImageObject","inLanguage":"en-US","@id":"https:\/\/naturalpoland.com\/en\/products\/plant-extracts\/scabies-proper-extract\/#primaryimage","url":"https:\/\/naturalpoland.com\/wp-content\/uploads\/mucuna_pruriens_extract.webp","contentUrl":"https:\/\/naturalpoland.com\/wp-content\/uploads\/mucuna_pruriens_extract.webp","width":614,"height":614,"caption":"Ekstrakt z \u015bwierzbca w\u0142a\u015bciwego"},{"@type":"BreadcrumbList","@id":"https:\/\/naturalpoland.com\/en\/products\/plant-extracts\/scabies-proper-extract\/#breadcrumb","itemListElement":[{"@type":"ListItem","position":1,"name":"Homepage","item":"https:\/\/naturalpoland.com\/en\/"},{"@type":"ListItem","position":2,"name":"Products","item":"https:\/\/naturalpoland.com\/en\/products\/"},{"@type":"ListItem","position":3,"name":"Scabies proper extract"}]},{"@type":"WebSite","@id":"https:\/\/naturalpoland.com\/en\/#website","url":"https:\/\/naturalpoland.com\/en\/","name":"POLISH DISTRIBUTOR OF RAW MATERIALS","description":"Raw materials for food, cosmetic and pharmaceutical industries","publisher":{"@id":"https:\/\/naturalpoland.com\/en\/#organization"},"potentialAction":[{"@type":"SearchAction","target":{"@type":"EntryPoint","urlTemplate":"https:\/\/naturalpoland.com\/en\/?s={search_term_string}"},"query-input":{"@type":"PropertyValueSpecification","valueRequired":true,"valueName":"search_term_string"}}],"inLanguage":"en-US"},{"@type":"Organization","@id":"https:\/\/naturalpoland.com\/en\/#organization","name":"Natural Poland","url":"https:\/\/naturalpoland.com\/en\/","logo":{"@type":"ImageObject","inLanguage":"en-US","@id":"https:\/\/naturalpoland.com\/en\/#\/schema\/logo\/image\/","url":"https:\/\/naturalpoland.com\/wp-content\/uploads\/2021\/05\/natural-poland-icon.png","contentUrl":"https:\/\/naturalpoland.com\/wp-content\/uploads\/2021\/05\/natural-poland-icon.png","width":512,"height":512,"caption":"Natural Poland"},"image":{"@id":"https:\/\/naturalpoland.com\/en\/#\/schema\/logo\/image\/"},"sameAs":["https:\/\/www.facebook.com\/naturalpoland.b2b","https:\/\/pl.linkedin.com\/company\/natural-poland","https:\/\/www.youtube.com\/channel\/UCgeGGkvOMahZo-xu_MSEWxg"]}]}},"_links":{"self":[{"href":"https:\/\/naturalpoland.com\/en\/wp-json\/wp\/v2\/product\/30268","targetHints":{"allow":["GET"]}}],"collection":[{"href":"https:\/\/naturalpoland.com\/en\/wp-json\/wp\/v2\/product"}],"about":[{"href":"https:\/\/naturalpoland.com\/en\/wp-json\/wp\/v2\/types\/product"}],"wp:featuredmedia":[{"embeddable":true,"href":"https:\/\/naturalpoland.com\/en\/wp-json\/wp\/v2\/media\/29920"}],"wp:attachment":[{"href":"https:\/\/naturalpoland.com\/en\/wp-json\/wp\/v2\/media?parent=30268"}],"wp:term":[{"taxonomy":"product_brand","embeddable":true,"href":"https:\/\/naturalpoland.com\/en\/wp-json\/wp\/v2\/product_brand?post=30268"},{"taxonomy":"product_cat","embeddable":true,"href":"https:\/\/naturalpoland.com\/en\/wp-json\/wp\/v2\/product_cat?post=30268"},{"taxonomy":"product_tag","embeddable":true,"href":"https:\/\/naturalpoland.com\/en\/wp-json\/wp\/v2\/product_tag?post=30268"}],"curies":[{"name":"wp","href":"https:\/\/api.w.org\/{rel}","templated":true}]}}