{"id":33516,"date":"2024-07-08T13:40:06","date_gmt":"2024-07-10T08:33:25","guid":{"rendered":"https:\/\/naturalpoland.com\/produkty\/uncategorized\/thymopro-thymoquinone\/"},"modified":"2024-07-10T10:33:25","modified_gmt":"2024-07-10T08:33:25","slug":"thymopro-thymoquinone","status":"publish","type":"product","link":"https:\/\/naturalpoland.com\/en\/products\/products-for-the-pharmaceutical-and-medical-industry\/dietary-supplement-additives\/thymopro-thymoquinone\/","title":{"rendered":"ThymoPro\u2122 (Thymoquinone)"},"content":{"rendered":"<h2>Advantages of BioSNEDS\u2122 technology<\/h2>\n<ul>\n<li>ThymoPro\u2122 is 14 times more bioavailable than conventional thymoquinone, meaning that the 4 mg of active thymoquinone in BioSNEDS\u2122 is bioequivalent to 50 mg of conventional thymoquinone.<\/li>\n<li>  More doses per kilogram &#8211; 25,000 doses per kilogram compared to 600 doses of conventional thymoquinone.<\/li>\n<li>Available as powders and emulsions with neutral taste and no odor.<\/li>\n<\/ul>\n<h2>Health benefits<\/h2>\n<ul>\n<li>Strengthens the body&#8217;s immune function.<\/li>\n<li>It effectively reduces inflammation in the body.<\/li>\n<li>Supports cardiovascular health.<\/li>\n<li>It protects cells against oxidative stress.<\/li>\n<li>It helps improve skin health and reduce signs of aging.<\/li>\n<li>Supports healthy metabolism and blood glucose control.<\/li>\n<li>Supports brain health and neurological function.<\/li>\n<li>It helps with weight management.<\/li>\n<li>It helps with recovery after exercise.<\/li>\n<\/ul>\n","protected":false},"excerpt":{"rendered":"<p><strong>ThymoPro\u2122 <\/strong>is an advanced product using BioSNEDS\u2122 technology that significantly increases the bioavailability of thymoquinone, a key ingredient derived from Nigella sativa (cumin) seeds, known for its broad spectrum of health benefits, including anti-inflammatory and antioxidant properties.<\/p>\n","protected":false},"featured_media":33279,"template":"","meta":{"_acf_changed":false},"product_brand":[],"product_cat":[420],"product_tag":[],"class_list":{"0":"post-33516","1":"product","2":"type-product","3":"status-publish","4":"has-post-thumbnail","6":"product_cat-dietary-supplement-additives","7":"pa_technologia-biosneds-technology","9":"first","10":"instock","11":"shipping-taxable","12":"product-type-simple"},"acf":[],"yoast_head":"<!-- This site is optimized with the Yoast SEO plugin v27.4 - https:\/\/yoast.com\/product\/yoast-seo-wordpress\/ -->\n<title>ThymoPro\u2122 (Thymoquinone) - POLISH DISTRIBUTOR OF RAW MATERIALS<\/title>\n<meta name=\"description\" content=\"ThymoPro is a product that supports immune system health, neurological function, anti-inflammatory effects and many other aspects of health.\" \/>\n<meta name=\"robots\" content=\"index, follow, max-snippet:-1, max-image-preview:large, max-video-preview:-1\" \/>\n<link rel=\"canonical\" href=\"https:\/\/naturalpoland.com\/en\/products\/products-for-the-pharmaceutical-and-medical-industry\/dietary-supplement-additives\/thymopro-thymoquinone\/\" \/>\n<meta property=\"og:locale\" content=\"en_US\" \/>\n<meta property=\"og:type\" content=\"article\" \/>\n<meta property=\"og:title\" content=\"ThymoPro\u2122 (Thymoquinone) - POLISH DISTRIBUTOR OF RAW MATERIALS\" \/>\n<meta property=\"og:description\" content=\"ThymoPro is a product that supports immune system health, neurological function, anti-inflammatory effects and many other aspects of health.\" \/>\n<meta property=\"og:url\" content=\"https:\/\/naturalpoland.com\/en\/products\/products-for-the-pharmaceutical-and-medical-industry\/dietary-supplement-additives\/thymopro-thymoquinone\/\" \/>\n<meta property=\"og:site_name\" content=\"POLISH DISTRIBUTOR OF RAW MATERIALS\" \/>\n<meta property=\"article:publisher\" content=\"https:\/\/www.facebook.com\/naturalpoland.b2b\" \/>\n<meta property=\"og:image\" content=\"https:\/\/naturalpoland.com\/wp-content\/uploads\/hymoquinone.webp\" \/>\n\t<meta property=\"og:image:width\" content=\"613\" \/>\n\t<meta property=\"og:image:height\" content=\"613\" \/>\n\t<meta property=\"og:image:type\" content=\"image\/webp\" \/>\n<script type=\"application\/ld+json\" class=\"yoast-schema-graph\">{\"@context\":\"https:\\\/\\\/schema.org\",\"@graph\":[{\"@type\":\"WebPage\",\"@id\":\"https:\\\/\\\/naturalpoland.com\\\/en\\\/products\\\/products-for-the-pharmaceutical-and-medical-industry\\\/dietary-supplement-additives\\\/thymopro-thymoquinone\\\/\",\"url\":\"https:\\\/\\\/naturalpoland.com\\\/en\\\/products\\\/products-for-the-pharmaceutical-and-medical-industry\\\/dietary-supplement-additives\\\/thymopro-thymoquinone\\\/\",\"name\":\"ThymoPro\u2122 (Thymoquinone) - POLISH DISTRIBUTOR OF RAW MATERIALS\",\"isPartOf\":{\"@id\":\"https:\\\/\\\/naturalpoland.com\\\/en\\\/#website\"},\"primaryImageOfPage\":{\"@id\":\"https:\\\/\\\/naturalpoland.com\\\/en\\\/products\\\/products-for-the-pharmaceutical-and-medical-industry\\\/dietary-supplement-additives\\\/thymopro-thymoquinone\\\/#primaryimage\"},\"image\":{\"@id\":\"https:\\\/\\\/naturalpoland.com\\\/en\\\/products\\\/products-for-the-pharmaceutical-and-medical-industry\\\/dietary-supplement-additives\\\/thymopro-thymoquinone\\\/#primaryimage\"},\"thumbnailUrl\":\"https:\\\/\\\/naturalpoland.com\\\/wp-content\\\/uploads\\\/hymoquinone.webp\",\"datePublished\":\"2024-07-10T08:33:25+00:00\",\"description\":\"ThymoPro is a product that supports immune system health, neurological function, anti-inflammatory effects and many other aspects of health.\",\"breadcrumb\":{\"@id\":\"https:\\\/\\\/naturalpoland.com\\\/en\\\/products\\\/products-for-the-pharmaceutical-and-medical-industry\\\/dietary-supplement-additives\\\/thymopro-thymoquinone\\\/#breadcrumb\"},\"inLanguage\":\"en-US\",\"potentialAction\":[{\"@type\":\"ReadAction\",\"target\":[\"https:\\\/\\\/naturalpoland.com\\\/en\\\/products\\\/products-for-the-pharmaceutical-and-medical-industry\\\/dietary-supplement-additives\\\/thymopro-thymoquinone\\\/\"]}]},{\"@type\":\"ImageObject\",\"inLanguage\":\"en-US\",\"@id\":\"https:\\\/\\\/naturalpoland.com\\\/en\\\/products\\\/products-for-the-pharmaceutical-and-medical-industry\\\/dietary-supplement-additives\\\/thymopro-thymoquinone\\\/#primaryimage\",\"url\":\"https:\\\/\\\/naturalpoland.com\\\/wp-content\\\/uploads\\\/hymoquinone.webp\",\"contentUrl\":\"https:\\\/\\\/naturalpoland.com\\\/wp-content\\\/uploads\\\/hymoquinone.webp\",\"width\":613,\"height\":613,\"caption\":\"Tymochinon w postaci wolnoprzep\u0142ywowej emulsji w kolorze be\u017cowym do r\u00f3\u017cowego\"},{\"@type\":\"BreadcrumbList\",\"@id\":\"https:\\\/\\\/naturalpoland.com\\\/en\\\/products\\\/products-for-the-pharmaceutical-and-medical-industry\\\/dietary-supplement-additives\\\/thymopro-thymoquinone\\\/#breadcrumb\",\"itemListElement\":[{\"@type\":\"ListItem\",\"position\":1,\"name\":\"Homepage\",\"item\":\"https:\\\/\\\/naturalpoland.com\\\/en\\\/\"},{\"@type\":\"ListItem\",\"position\":2,\"name\":\"Products\",\"item\":\"https:\\\/\\\/naturalpoland.com\\\/en\\\/products\\\/\"},{\"@type\":\"ListItem\",\"position\":3,\"name\":\"ThymoPro\u2122 (Thymoquinone)\"}]},{\"@type\":\"WebSite\",\"@id\":\"https:\\\/\\\/naturalpoland.com\\\/en\\\/#website\",\"url\":\"https:\\\/\\\/naturalpoland.com\\\/en\\\/\",\"name\":\"POLISH DISTRIBUTOR OF RAW MATERIALS\",\"description\":\"Raw materials for food, cosmetic and pharmaceutical industries\",\"publisher\":{\"@id\":\"https:\\\/\\\/naturalpoland.com\\\/en\\\/#organization\"},\"potentialAction\":[{\"@type\":\"SearchAction\",\"target\":{\"@type\":\"EntryPoint\",\"urlTemplate\":\"https:\\\/\\\/naturalpoland.com\\\/en\\\/?s={search_term_string}\"},\"query-input\":{\"@type\":\"PropertyValueSpecification\",\"valueRequired\":true,\"valueName\":\"search_term_string\"}}],\"inLanguage\":\"en-US\"},{\"@type\":\"Organization\",\"@id\":\"https:\\\/\\\/naturalpoland.com\\\/en\\\/#organization\",\"name\":\"Natural Poland\",\"url\":\"https:\\\/\\\/naturalpoland.com\\\/en\\\/\",\"logo\":{\"@type\":\"ImageObject\",\"inLanguage\":\"en-US\",\"@id\":\"https:\\\/\\\/naturalpoland.com\\\/en\\\/#\\\/schema\\\/logo\\\/image\\\/\",\"url\":\"https:\\\/\\\/naturalpoland.com\\\/wp-content\\\/uploads\\\/2021\\\/05\\\/natural-poland-icon.png\",\"contentUrl\":\"https:\\\/\\\/naturalpoland.com\\\/wp-content\\\/uploads\\\/2021\\\/05\\\/natural-poland-icon.png\",\"width\":512,\"height\":512,\"caption\":\"Natural Poland\"},\"image\":{\"@id\":\"https:\\\/\\\/naturalpoland.com\\\/en\\\/#\\\/schema\\\/logo\\\/image\\\/\"},\"sameAs\":[\"https:\\\/\\\/www.facebook.com\\\/naturalpoland.b2b\",\"https:\\\/\\\/pl.linkedin.com\\\/company\\\/natural-poland\",\"https:\\\/\\\/www.youtube.com\\\/channel\\\/UCgeGGkvOMahZo-xu_MSEWxg\"]}]}<\/script>\n<!-- \/ Yoast SEO plugin. -->","yoast_head_json":{"title":"ThymoPro\u2122 (Thymoquinone) - POLISH DISTRIBUTOR OF RAW MATERIALS","description":"ThymoPro is a product that supports immune system health, neurological function, anti-inflammatory effects and many other aspects of health.","robots":{"index":"index","follow":"follow","max-snippet":"max-snippet:-1","max-image-preview":"max-image-preview:large","max-video-preview":"max-video-preview:-1"},"canonical":"https:\/\/naturalpoland.com\/en\/products\/products-for-the-pharmaceutical-and-medical-industry\/dietary-supplement-additives\/thymopro-thymoquinone\/","og_locale":"en_US","og_type":"article","og_title":"ThymoPro\u2122 (Thymoquinone) - POLISH DISTRIBUTOR OF RAW MATERIALS","og_description":"ThymoPro is a product that supports immune system health, neurological function, anti-inflammatory effects and many other aspects of health.","og_url":"https:\/\/naturalpoland.com\/en\/products\/products-for-the-pharmaceutical-and-medical-industry\/dietary-supplement-additives\/thymopro-thymoquinone\/","og_site_name":"POLISH DISTRIBUTOR OF RAW MATERIALS","article_publisher":"https:\/\/www.facebook.com\/naturalpoland.b2b","og_image":[{"width":613,"height":613,"url":"https:\/\/naturalpoland.com\/wp-content\/uploads\/hymoquinone.webp","type":"image\/webp"}],"schema":{"@context":"https:\/\/schema.org","@graph":[{"@type":"WebPage","@id":"https:\/\/naturalpoland.com\/en\/products\/products-for-the-pharmaceutical-and-medical-industry\/dietary-supplement-additives\/thymopro-thymoquinone\/","url":"https:\/\/naturalpoland.com\/en\/products\/products-for-the-pharmaceutical-and-medical-industry\/dietary-supplement-additives\/thymopro-thymoquinone\/","name":"ThymoPro\u2122 (Thymoquinone) - POLISH DISTRIBUTOR OF RAW MATERIALS","isPartOf":{"@id":"https:\/\/naturalpoland.com\/en\/#website"},"primaryImageOfPage":{"@id":"https:\/\/naturalpoland.com\/en\/products\/products-for-the-pharmaceutical-and-medical-industry\/dietary-supplement-additives\/thymopro-thymoquinone\/#primaryimage"},"image":{"@id":"https:\/\/naturalpoland.com\/en\/products\/products-for-the-pharmaceutical-and-medical-industry\/dietary-supplement-additives\/thymopro-thymoquinone\/#primaryimage"},"thumbnailUrl":"https:\/\/naturalpoland.com\/wp-content\/uploads\/hymoquinone.webp","datePublished":"2024-07-10T08:33:25+00:00","description":"ThymoPro is a product that supports immune system health, neurological function, anti-inflammatory effects and many other aspects of health.","breadcrumb":{"@id":"https:\/\/naturalpoland.com\/en\/products\/products-for-the-pharmaceutical-and-medical-industry\/dietary-supplement-additives\/thymopro-thymoquinone\/#breadcrumb"},"inLanguage":"en-US","potentialAction":[{"@type":"ReadAction","target":["https:\/\/naturalpoland.com\/en\/products\/products-for-the-pharmaceutical-and-medical-industry\/dietary-supplement-additives\/thymopro-thymoquinone\/"]}]},{"@type":"ImageObject","inLanguage":"en-US","@id":"https:\/\/naturalpoland.com\/en\/products\/products-for-the-pharmaceutical-and-medical-industry\/dietary-supplement-additives\/thymopro-thymoquinone\/#primaryimage","url":"https:\/\/naturalpoland.com\/wp-content\/uploads\/hymoquinone.webp","contentUrl":"https:\/\/naturalpoland.com\/wp-content\/uploads\/hymoquinone.webp","width":613,"height":613,"caption":"Tymochinon w postaci wolnoprzep\u0142ywowej emulsji w kolorze be\u017cowym do r\u00f3\u017cowego"},{"@type":"BreadcrumbList","@id":"https:\/\/naturalpoland.com\/en\/products\/products-for-the-pharmaceutical-and-medical-industry\/dietary-supplement-additives\/thymopro-thymoquinone\/#breadcrumb","itemListElement":[{"@type":"ListItem","position":1,"name":"Homepage","item":"https:\/\/naturalpoland.com\/en\/"},{"@type":"ListItem","position":2,"name":"Products","item":"https:\/\/naturalpoland.com\/en\/products\/"},{"@type":"ListItem","position":3,"name":"ThymoPro\u2122 (Thymoquinone)"}]},{"@type":"WebSite","@id":"https:\/\/naturalpoland.com\/en\/#website","url":"https:\/\/naturalpoland.com\/en\/","name":"POLISH DISTRIBUTOR OF RAW MATERIALS","description":"Raw materials for food, cosmetic and pharmaceutical industries","publisher":{"@id":"https:\/\/naturalpoland.com\/en\/#organization"},"potentialAction":[{"@type":"SearchAction","target":{"@type":"EntryPoint","urlTemplate":"https:\/\/naturalpoland.com\/en\/?s={search_term_string}"},"query-input":{"@type":"PropertyValueSpecification","valueRequired":true,"valueName":"search_term_string"}}],"inLanguage":"en-US"},{"@type":"Organization","@id":"https:\/\/naturalpoland.com\/en\/#organization","name":"Natural Poland","url":"https:\/\/naturalpoland.com\/en\/","logo":{"@type":"ImageObject","inLanguage":"en-US","@id":"https:\/\/naturalpoland.com\/en\/#\/schema\/logo\/image\/","url":"https:\/\/naturalpoland.com\/wp-content\/uploads\/2021\/05\/natural-poland-icon.png","contentUrl":"https:\/\/naturalpoland.com\/wp-content\/uploads\/2021\/05\/natural-poland-icon.png","width":512,"height":512,"caption":"Natural Poland"},"image":{"@id":"https:\/\/naturalpoland.com\/en\/#\/schema\/logo\/image\/"},"sameAs":["https:\/\/www.facebook.com\/naturalpoland.b2b","https:\/\/pl.linkedin.com\/company\/natural-poland","https:\/\/www.youtube.com\/channel\/UCgeGGkvOMahZo-xu_MSEWxg"]}]}},"_links":{"self":[{"href":"https:\/\/naturalpoland.com\/en\/wp-json\/wp\/v2\/product\/33516","targetHints":{"allow":["GET"]}}],"collection":[{"href":"https:\/\/naturalpoland.com\/en\/wp-json\/wp\/v2\/product"}],"about":[{"href":"https:\/\/naturalpoland.com\/en\/wp-json\/wp\/v2\/types\/product"}],"wp:featuredmedia":[{"embeddable":true,"href":"https:\/\/naturalpoland.com\/en\/wp-json\/wp\/v2\/media\/33279"}],"wp:attachment":[{"href":"https:\/\/naturalpoland.com\/en\/wp-json\/wp\/v2\/media?parent=33516"}],"wp:term":[{"taxonomy":"product_brand","embeddable":true,"href":"https:\/\/naturalpoland.com\/en\/wp-json\/wp\/v2\/product_brand?post=33516"},{"taxonomy":"product_cat","embeddable":true,"href":"https:\/\/naturalpoland.com\/en\/wp-json\/wp\/v2\/product_cat?post=33516"},{"taxonomy":"product_tag","embeddable":true,"href":"https:\/\/naturalpoland.com\/en\/wp-json\/wp\/v2\/product_tag?post=33516"}],"curies":[{"name":"wp","href":"https:\/\/api.w.org\/{rel}","templated":true}]}}