{"id":33826,"date":"2024-07-16T15:35:12","date_gmt":"2024-07-17T09:45:21","guid":{"rendered":"https:\/\/naturalpoland.com\/produkty\/uncategorized\/hydrolate-from-bittergum-olive\/"},"modified":"2024-07-17T11:45:21","modified_gmt":"2024-07-17T09:45:21","slug":"hydrolate-from-bittergum-olive","status":"publish","type":"product","link":"https:\/\/naturalpoland.com\/en\/products\/products-for-the-cosmetic-industry\/hydrosols\/hydrolate-from-bittergum-olive\/","title":{"rendered":"Yellow gentian hydrolate"},"content":{"rendered":"<h2>Properties<\/h2>\n<p>One of the main benefits of gentian hydrolate is its ability to narrow pores. This makes the skin look smoother and more uniform, which is especially beneficial for those with enlarged pores and a tendency to blackheads.<\/p>\n<p>The hydrolate perfectly tones the skin, restoring its natural pH after cleansing. It has cleansing properties that help remove impurities and excess sebum from the skin&#8217;s surface.<\/p>\n<h2>Application:<\/h2>\n<ol>\n<li>Skin care cosmetics: facial tonic, body mist<\/li>\n<li>Ingredient in creams and lotions for oily, combination and problematic skin<\/li>\n<li>Cleansing and refreshing masks and packs<\/li>\n<\/ol>\n","protected":false},"excerpt":{"rendered":"<p>Hydrolate of gentian<em>(Gentiana lutea<\/em>) is obtained from steam distillation of gentian roots. This product effectively tightens pores, leaving the skin cleansed and refreshed.<\/p>\n<p>&nbsp;<\/p>\n","protected":false},"featured_media":33715,"template":"","meta":{"_acf_changed":false},"product_brand":[],"product_cat":[3549],"product_tag":[],"class_list":{"0":"post-33826","1":"product","2":"type-product","3":"status-publish","4":"has-post-thumbnail","6":"product_cat-hydrosols","8":"first","9":"instock","10":"shipping-taxable","11":"product-type-simple"},"acf":[],"yoast_head":"<!-- This site is optimized with the Yoast SEO plugin v27.6 - https:\/\/yoast.com\/product\/yoast-seo-wordpress\/ -->\n<title>Yellow gentian hydrolate - POLISH DISTRIBUTOR OF RAW MATERIALS<\/title>\n<meta name=\"description\" content=\"Thanks to its toning, refreshing and pore-tightening properties, gentian hydrolate is an indispensable ingredient in skin care.\" \/>\n<meta name=\"robots\" content=\"index, follow, max-snippet:-1, max-image-preview:large, max-video-preview:-1\" \/>\n<link rel=\"canonical\" href=\"https:\/\/naturalpoland.com\/en\/products\/products-for-the-cosmetic-industry\/hydrosols\/hydrolate-from-bittergum-olive\/\" \/>\n<meta property=\"og:locale\" content=\"en_US\" \/>\n<meta property=\"og:type\" content=\"article\" \/>\n<meta property=\"og:title\" content=\"Yellow gentian hydrolate - POLISH DISTRIBUTOR OF RAW MATERIALS\" \/>\n<meta property=\"og:description\" content=\"Thanks to its toning, refreshing and pore-tightening properties, gentian hydrolate is an indispensable ingredient in skin care.\" \/>\n<meta property=\"og:url\" content=\"https:\/\/naturalpoland.com\/en\/products\/products-for-the-cosmetic-industry\/hydrosols\/hydrolate-from-bittergum-olive\/\" \/>\n<meta property=\"og:site_name\" content=\"POLISH DISTRIBUTOR OF RAW MATERIALS\" \/>\n<meta property=\"article:publisher\" content=\"https:\/\/www.facebook.com\/naturalpoland.b2b\" \/>\n<meta property=\"og:image\" content=\"https:\/\/naturalpoland.com\/wp-content\/uploads\/hydrolat-z-goryczki-zoltej.webp\" \/>\n\t<meta property=\"og:image:width\" content=\"608\" \/>\n\t<meta property=\"og:image:height\" content=\"608\" \/>\n\t<meta property=\"og:image:type\" content=\"image\/webp\" \/>\n<script type=\"application\/ld+json\" class=\"yoast-schema-graph\">{\"@context\":\"https:\\\/\\\/schema.org\",\"@graph\":[{\"@type\":\"WebPage\",\"@id\":\"https:\\\/\\\/naturalpoland.com\\\/en\\\/products\\\/products-for-the-cosmetic-industry\\\/hydrosols\\\/hydrolate-from-bittergum-olive\\\/\",\"url\":\"https:\\\/\\\/naturalpoland.com\\\/en\\\/products\\\/products-for-the-cosmetic-industry\\\/hydrosols\\\/hydrolate-from-bittergum-olive\\\/\",\"name\":\"Yellow gentian hydrolate - POLISH DISTRIBUTOR OF RAW MATERIALS\",\"isPartOf\":{\"@id\":\"https:\\\/\\\/naturalpoland.com\\\/en\\\/#website\"},\"primaryImageOfPage\":{\"@id\":\"https:\\\/\\\/naturalpoland.com\\\/en\\\/products\\\/products-for-the-cosmetic-industry\\\/hydrosols\\\/hydrolate-from-bittergum-olive\\\/#primaryimage\"},\"image\":{\"@id\":\"https:\\\/\\\/naturalpoland.com\\\/en\\\/products\\\/products-for-the-cosmetic-industry\\\/hydrosols\\\/hydrolate-from-bittergum-olive\\\/#primaryimage\"},\"thumbnailUrl\":\"https:\\\/\\\/naturalpoland.com\\\/wp-content\\\/uploads\\\/hydrolat-z-goryczki-zoltej.webp\",\"datePublished\":\"2024-07-17T09:45:21+00:00\",\"description\":\"Thanks to its toning, refreshing and pore-tightening properties, gentian hydrolate is an indispensable ingredient in skin care.\",\"breadcrumb\":{\"@id\":\"https:\\\/\\\/naturalpoland.com\\\/en\\\/products\\\/products-for-the-cosmetic-industry\\\/hydrosols\\\/hydrolate-from-bittergum-olive\\\/#breadcrumb\"},\"inLanguage\":\"en-US\",\"potentialAction\":[{\"@type\":\"ReadAction\",\"target\":[\"https:\\\/\\\/naturalpoland.com\\\/en\\\/products\\\/products-for-the-cosmetic-industry\\\/hydrosols\\\/hydrolate-from-bittergum-olive\\\/\"]}]},{\"@type\":\"ImageObject\",\"inLanguage\":\"en-US\",\"@id\":\"https:\\\/\\\/naturalpoland.com\\\/en\\\/products\\\/products-for-the-cosmetic-industry\\\/hydrosols\\\/hydrolate-from-bittergum-olive\\\/#primaryimage\",\"url\":\"https:\\\/\\\/naturalpoland.com\\\/wp-content\\\/uploads\\\/hydrolat-z-goryczki-zoltej.webp\",\"contentUrl\":\"https:\\\/\\\/naturalpoland.com\\\/wp-content\\\/uploads\\\/hydrolat-z-goryczki-zoltej.webp\",\"width\":608,\"height\":608,\"caption\":\"hydrolat z goryczki \u017c\u00f3\u0142tej\"},{\"@type\":\"BreadcrumbList\",\"@id\":\"https:\\\/\\\/naturalpoland.com\\\/en\\\/products\\\/products-for-the-cosmetic-industry\\\/hydrosols\\\/hydrolate-from-bittergum-olive\\\/#breadcrumb\",\"itemListElement\":[{\"@type\":\"ListItem\",\"position\":1,\"name\":\"Homepage\",\"item\":\"https:\\\/\\\/naturalpoland.com\\\/en\\\/\"},{\"@type\":\"ListItem\",\"position\":2,\"name\":\"Products\",\"item\":\"https:\\\/\\\/naturalpoland.com\\\/en\\\/products\\\/\"},{\"@type\":\"ListItem\",\"position\":3,\"name\":\"Yellow gentian hydrolate\"}]},{\"@type\":\"WebSite\",\"@id\":\"https:\\\/\\\/naturalpoland.com\\\/en\\\/#website\",\"url\":\"https:\\\/\\\/naturalpoland.com\\\/en\\\/\",\"name\":\"POLISH DISTRIBUTOR OF RAW MATERIALS\",\"description\":\"Raw materials for food, cosmetic and pharmaceutical industries\",\"publisher\":{\"@id\":\"https:\\\/\\\/naturalpoland.com\\\/en\\\/#organization\"},\"potentialAction\":[{\"@type\":\"SearchAction\",\"target\":{\"@type\":\"EntryPoint\",\"urlTemplate\":\"https:\\\/\\\/naturalpoland.com\\\/en\\\/?s={search_term_string}\"},\"query-input\":{\"@type\":\"PropertyValueSpecification\",\"valueRequired\":true,\"valueName\":\"search_term_string\"}}],\"inLanguage\":\"en-US\"},{\"@type\":\"Organization\",\"@id\":\"https:\\\/\\\/naturalpoland.com\\\/en\\\/#organization\",\"name\":\"Natural Poland\",\"url\":\"https:\\\/\\\/naturalpoland.com\\\/en\\\/\",\"logo\":{\"@type\":\"ImageObject\",\"inLanguage\":\"en-US\",\"@id\":\"https:\\\/\\\/naturalpoland.com\\\/en\\\/#\\\/schema\\\/logo\\\/image\\\/\",\"url\":\"https:\\\/\\\/naturalpoland.com\\\/wp-content\\\/uploads\\\/2021\\\/05\\\/natural-poland-icon.png\",\"contentUrl\":\"https:\\\/\\\/naturalpoland.com\\\/wp-content\\\/uploads\\\/2021\\\/05\\\/natural-poland-icon.png\",\"width\":512,\"height\":512,\"caption\":\"Natural Poland\"},\"image\":{\"@id\":\"https:\\\/\\\/naturalpoland.com\\\/en\\\/#\\\/schema\\\/logo\\\/image\\\/\"},\"sameAs\":[\"https:\\\/\\\/www.facebook.com\\\/naturalpoland.b2b\",\"https:\\\/\\\/pl.linkedin.com\\\/company\\\/natural-poland\",\"https:\\\/\\\/www.youtube.com\\\/channel\\\/UCgeGGkvOMahZo-xu_MSEWxg\"]}]}<\/script>\n<!-- \/ Yoast SEO plugin. -->","yoast_head_json":{"title":"Yellow gentian hydrolate - POLISH DISTRIBUTOR OF RAW MATERIALS","description":"Thanks to its toning, refreshing and pore-tightening properties, gentian hydrolate is an indispensable ingredient in skin care.","robots":{"index":"index","follow":"follow","max-snippet":"max-snippet:-1","max-image-preview":"max-image-preview:large","max-video-preview":"max-video-preview:-1"},"canonical":"https:\/\/naturalpoland.com\/en\/products\/products-for-the-cosmetic-industry\/hydrosols\/hydrolate-from-bittergum-olive\/","og_locale":"en_US","og_type":"article","og_title":"Yellow gentian hydrolate - POLISH DISTRIBUTOR OF RAW MATERIALS","og_description":"Thanks to its toning, refreshing and pore-tightening properties, gentian hydrolate is an indispensable ingredient in skin care.","og_url":"https:\/\/naturalpoland.com\/en\/products\/products-for-the-cosmetic-industry\/hydrosols\/hydrolate-from-bittergum-olive\/","og_site_name":"POLISH DISTRIBUTOR OF RAW MATERIALS","article_publisher":"https:\/\/www.facebook.com\/naturalpoland.b2b","og_image":[{"width":608,"height":608,"url":"https:\/\/naturalpoland.com\/wp-content\/uploads\/hydrolat-z-goryczki-zoltej.webp","type":"image\/webp"}],"schema":{"@context":"https:\/\/schema.org","@graph":[{"@type":"WebPage","@id":"https:\/\/naturalpoland.com\/en\/products\/products-for-the-cosmetic-industry\/hydrosols\/hydrolate-from-bittergum-olive\/","url":"https:\/\/naturalpoland.com\/en\/products\/products-for-the-cosmetic-industry\/hydrosols\/hydrolate-from-bittergum-olive\/","name":"Yellow gentian hydrolate - POLISH DISTRIBUTOR OF RAW MATERIALS","isPartOf":{"@id":"https:\/\/naturalpoland.com\/en\/#website"},"primaryImageOfPage":{"@id":"https:\/\/naturalpoland.com\/en\/products\/products-for-the-cosmetic-industry\/hydrosols\/hydrolate-from-bittergum-olive\/#primaryimage"},"image":{"@id":"https:\/\/naturalpoland.com\/en\/products\/products-for-the-cosmetic-industry\/hydrosols\/hydrolate-from-bittergum-olive\/#primaryimage"},"thumbnailUrl":"https:\/\/naturalpoland.com\/wp-content\/uploads\/hydrolat-z-goryczki-zoltej.webp","datePublished":"2024-07-17T09:45:21+00:00","description":"Thanks to its toning, refreshing and pore-tightening properties, gentian hydrolate is an indispensable ingredient in skin care.","breadcrumb":{"@id":"https:\/\/naturalpoland.com\/en\/products\/products-for-the-cosmetic-industry\/hydrosols\/hydrolate-from-bittergum-olive\/#breadcrumb"},"inLanguage":"en-US","potentialAction":[{"@type":"ReadAction","target":["https:\/\/naturalpoland.com\/en\/products\/products-for-the-cosmetic-industry\/hydrosols\/hydrolate-from-bittergum-olive\/"]}]},{"@type":"ImageObject","inLanguage":"en-US","@id":"https:\/\/naturalpoland.com\/en\/products\/products-for-the-cosmetic-industry\/hydrosols\/hydrolate-from-bittergum-olive\/#primaryimage","url":"https:\/\/naturalpoland.com\/wp-content\/uploads\/hydrolat-z-goryczki-zoltej.webp","contentUrl":"https:\/\/naturalpoland.com\/wp-content\/uploads\/hydrolat-z-goryczki-zoltej.webp","width":608,"height":608,"caption":"hydrolat z goryczki \u017c\u00f3\u0142tej"},{"@type":"BreadcrumbList","@id":"https:\/\/naturalpoland.com\/en\/products\/products-for-the-cosmetic-industry\/hydrosols\/hydrolate-from-bittergum-olive\/#breadcrumb","itemListElement":[{"@type":"ListItem","position":1,"name":"Homepage","item":"https:\/\/naturalpoland.com\/en\/"},{"@type":"ListItem","position":2,"name":"Products","item":"https:\/\/naturalpoland.com\/en\/products\/"},{"@type":"ListItem","position":3,"name":"Yellow gentian hydrolate"}]},{"@type":"WebSite","@id":"https:\/\/naturalpoland.com\/en\/#website","url":"https:\/\/naturalpoland.com\/en\/","name":"POLISH DISTRIBUTOR OF RAW MATERIALS","description":"Raw materials for food, cosmetic and pharmaceutical industries","publisher":{"@id":"https:\/\/naturalpoland.com\/en\/#organization"},"potentialAction":[{"@type":"SearchAction","target":{"@type":"EntryPoint","urlTemplate":"https:\/\/naturalpoland.com\/en\/?s={search_term_string}"},"query-input":{"@type":"PropertyValueSpecification","valueRequired":true,"valueName":"search_term_string"}}],"inLanguage":"en-US"},{"@type":"Organization","@id":"https:\/\/naturalpoland.com\/en\/#organization","name":"Natural Poland","url":"https:\/\/naturalpoland.com\/en\/","logo":{"@type":"ImageObject","inLanguage":"en-US","@id":"https:\/\/naturalpoland.com\/en\/#\/schema\/logo\/image\/","url":"https:\/\/naturalpoland.com\/wp-content\/uploads\/2021\/05\/natural-poland-icon.png","contentUrl":"https:\/\/naturalpoland.com\/wp-content\/uploads\/2021\/05\/natural-poland-icon.png","width":512,"height":512,"caption":"Natural Poland"},"image":{"@id":"https:\/\/naturalpoland.com\/en\/#\/schema\/logo\/image\/"},"sameAs":["https:\/\/www.facebook.com\/naturalpoland.b2b","https:\/\/pl.linkedin.com\/company\/natural-poland","https:\/\/www.youtube.com\/channel\/UCgeGGkvOMahZo-xu_MSEWxg"]}]}},"_links":{"self":[{"href":"https:\/\/naturalpoland.com\/en\/wp-json\/wp\/v2\/product\/33826","targetHints":{"allow":["GET"]}}],"collection":[{"href":"https:\/\/naturalpoland.com\/en\/wp-json\/wp\/v2\/product"}],"about":[{"href":"https:\/\/naturalpoland.com\/en\/wp-json\/wp\/v2\/types\/product"}],"wp:featuredmedia":[{"embeddable":true,"href":"https:\/\/naturalpoland.com\/en\/wp-json\/wp\/v2\/media\/33715"}],"wp:attachment":[{"href":"https:\/\/naturalpoland.com\/en\/wp-json\/wp\/v2\/media?parent=33826"}],"wp:term":[{"taxonomy":"product_brand","embeddable":true,"href":"https:\/\/naturalpoland.com\/en\/wp-json\/wp\/v2\/product_brand?post=33826"},{"taxonomy":"product_cat","embeddable":true,"href":"https:\/\/naturalpoland.com\/en\/wp-json\/wp\/v2\/product_cat?post=33826"},{"taxonomy":"product_tag","embeddable":true,"href":"https:\/\/naturalpoland.com\/en\/wp-json\/wp\/v2\/product_tag?post=33826"}],"curies":[{"name":"wp","href":"https:\/\/api.w.org\/{rel}","templated":true}]}}