{"id":36956,"date":"2024-10-21T14:02:07","date_gmt":"2024-10-21T12:02:07","guid":{"rendered":"https:\/\/naturalpoland.com\/produkty\/uncategorized\/oil-from-rose-damascene\/"},"modified":"2024-10-21T14:48:19","modified_gmt":"2024-10-21T12:48:19","slug":"oil-from-rose-damascene","status":"publish","type":"product","link":"https:\/\/naturalpoland.com\/en\/products\/products-for-the-cosmetic-industry\/essential-oils\/oil-from-rose-damascene\/","title":{"rendered":"Damask rose oil"},"content":{"rendered":"<h2>Oil extraction<\/h2>\n<p>Rose oil is derived from hand-picked damask rose flowers, which are distilled during their short period of full bloom, when the flowers reach their highest intensity of aroma. Due to the extremely complex production process, rose oil is one of the most expensive essential oils &#8211; it takes as much as 5 tons of petals to produce 1 kg of oil. <\/p>\n<h2>Properties<\/h2>\n<p><strong>In aromatherapy<\/strong>, rose oil is a well-known remedy for improving mood and reducing stress. Its delicate floral aroma has a calming effect on the nervous system, relieving tension and helping to combat depression, anxiety and insomnia. It is also an aphrodisiac, promoting a romantic atmosphere and strengthening emotional bonds. Rose oil is valued for its ability to influence the limbic system, responsible for emotions and memory. Its fragrance helps work on reducing stress, anxiety and feelings of sadness. <strong>In cosmetics<\/strong>, damask rose oil is excellent for skin care, especially for mature, sensitive and dry skin. It has a regenerative effect, counteracts skin aging, strengthens blood vessels and helps reduce redness and irritation. The compounds it contains, such as vitamin C and fatty acids, help regenerate the epidermis, lighten discoloration and even out skin tone. It is also an ideal ingredient in cosmetics for problematic skin, prone to acne. Its gentle but effective action makes it soothe inflammation, reduce sebum secretion and promote healing. Damask rose oil is one of the most important ingredients in luxury skin and hair care cosmetics.  <\/p>\n","protected":false},"excerpt":{"rendered":"<p><strong>Damask rose essential oil (<em>Rosa damascena<\/em>)<\/strong> is one of the world&#8217;s most prized and luxurious essential oils. It is extracted from the petals of the damask rose, grown mainly in the famous Rose Valley in Bulgaria, and the oil is then steam distilled. <\/p>\n","protected":false},"featured_media":36920,"template":"","meta":{"_acf_changed":false},"product_brand":[],"product_cat":[6263],"product_tag":[],"class_list":{"0":"post-36956","1":"product","2":"type-product","3":"status-publish","4":"has-post-thumbnail","6":"product_cat-essential-oils","8":"first","9":"instock","10":"shipping-taxable","11":"product-type-simple"},"acf":[],"yoast_head":"<!-- This site is optimized with the Yoast SEO plugin v27.6 - https:\/\/yoast.com\/product\/yoast-seo-wordpress\/ -->\n<title>Damask rose oil - POLISH DISTRIBUTOR OF RAW MATERIALS<\/title>\n<meta name=\"description\" content=\"Damask rose (Rosa damascena) essential oil is a true luxury in the world of aromatherapy and cosmetics because of its unique fragrance.\" \/>\n<meta name=\"robots\" content=\"index, follow, max-snippet:-1, max-image-preview:large, max-video-preview:-1\" \/>\n<link rel=\"canonical\" href=\"https:\/\/naturalpoland.com\/en\/products\/products-for-the-cosmetic-industry\/essential-oils\/oil-from-rose-damascene\/\" \/>\n<meta property=\"og:locale\" content=\"en_US\" \/>\n<meta property=\"og:type\" content=\"article\" \/>\n<meta property=\"og:title\" content=\"Damask rose oil - POLISH DISTRIBUTOR OF RAW MATERIALS\" \/>\n<meta property=\"og:description\" content=\"Damask rose (Rosa damascena) essential oil is a true luxury in the world of aromatherapy and cosmetics because of its unique fragrance.\" \/>\n<meta property=\"og:url\" content=\"https:\/\/naturalpoland.com\/en\/products\/products-for-the-cosmetic-industry\/essential-oils\/oil-from-rose-damascene\/\" \/>\n<meta property=\"og:site_name\" content=\"POLISH DISTRIBUTOR OF RAW MATERIALS\" \/>\n<meta property=\"article:publisher\" content=\"https:\/\/www.facebook.com\/naturalpoland.b2b\" \/>\n<meta property=\"article:modified_time\" content=\"2024-10-21T12:48:19+00:00\" \/>\n<meta property=\"og:image\" content=\"https:\/\/naturalpoland.com\/wp-content\/uploads\/olejek-z-rozy-damascenskiej.webp\" \/>\n\t<meta property=\"og:image:width\" content=\"426\" \/>\n\t<meta property=\"og:image:height\" content=\"426\" \/>\n\t<meta property=\"og:image:type\" content=\"image\/webp\" \/>\n<script type=\"application\/ld+json\" class=\"yoast-schema-graph\">{\"@context\":\"https:\\\/\\\/schema.org\",\"@graph\":[{\"@type\":\"WebPage\",\"@id\":\"https:\\\/\\\/naturalpoland.com\\\/en\\\/products\\\/products-for-the-cosmetic-industry\\\/essential-oils\\\/oil-from-rose-damascene\\\/\",\"url\":\"https:\\\/\\\/naturalpoland.com\\\/en\\\/products\\\/products-for-the-cosmetic-industry\\\/essential-oils\\\/oil-from-rose-damascene\\\/\",\"name\":\"Damask rose oil - POLISH DISTRIBUTOR OF RAW MATERIALS\",\"isPartOf\":{\"@id\":\"https:\\\/\\\/naturalpoland.com\\\/en\\\/#website\"},\"primaryImageOfPage\":{\"@id\":\"https:\\\/\\\/naturalpoland.com\\\/en\\\/products\\\/products-for-the-cosmetic-industry\\\/essential-oils\\\/oil-from-rose-damascene\\\/#primaryimage\"},\"image\":{\"@id\":\"https:\\\/\\\/naturalpoland.com\\\/en\\\/products\\\/products-for-the-cosmetic-industry\\\/essential-oils\\\/oil-from-rose-damascene\\\/#primaryimage\"},\"thumbnailUrl\":\"https:\\\/\\\/naturalpoland.com\\\/wp-content\\\/uploads\\\/olejek-z-rozy-damascenskiej.webp\",\"datePublished\":\"2024-10-21T12:02:07+00:00\",\"dateModified\":\"2024-10-21T12:48:19+00:00\",\"description\":\"Damask rose (Rosa damascena) essential oil is a true luxury in the world of aromatherapy and cosmetics because of its unique fragrance.\",\"breadcrumb\":{\"@id\":\"https:\\\/\\\/naturalpoland.com\\\/en\\\/products\\\/products-for-the-cosmetic-industry\\\/essential-oils\\\/oil-from-rose-damascene\\\/#breadcrumb\"},\"inLanguage\":\"en-US\",\"potentialAction\":[{\"@type\":\"ReadAction\",\"target\":[\"https:\\\/\\\/naturalpoland.com\\\/en\\\/products\\\/products-for-the-cosmetic-industry\\\/essential-oils\\\/oil-from-rose-damascene\\\/\"]}]},{\"@type\":\"ImageObject\",\"inLanguage\":\"en-US\",\"@id\":\"https:\\\/\\\/naturalpoland.com\\\/en\\\/products\\\/products-for-the-cosmetic-industry\\\/essential-oils\\\/oil-from-rose-damascene\\\/#primaryimage\",\"url\":\"https:\\\/\\\/naturalpoland.com\\\/wp-content\\\/uploads\\\/olejek-z-rozy-damascenskiej.webp\",\"contentUrl\":\"https:\\\/\\\/naturalpoland.com\\\/wp-content\\\/uploads\\\/olejek-z-rozy-damascenskiej.webp\",\"width\":426,\"height\":426,\"caption\":\"Olejek eteryczny z r\u00f3\u017cy damasce\u0144skiej (Rosa damascena)\"},{\"@type\":\"BreadcrumbList\",\"@id\":\"https:\\\/\\\/naturalpoland.com\\\/en\\\/products\\\/products-for-the-cosmetic-industry\\\/essential-oils\\\/oil-from-rose-damascene\\\/#breadcrumb\",\"itemListElement\":[{\"@type\":\"ListItem\",\"position\":1,\"name\":\"Homepage\",\"item\":\"https:\\\/\\\/naturalpoland.com\\\/en\\\/\"},{\"@type\":\"ListItem\",\"position\":2,\"name\":\"Products\",\"item\":\"https:\\\/\\\/naturalpoland.com\\\/en\\\/products\\\/\"},{\"@type\":\"ListItem\",\"position\":3,\"name\":\"Damask rose oil\"}]},{\"@type\":\"WebSite\",\"@id\":\"https:\\\/\\\/naturalpoland.com\\\/en\\\/#website\",\"url\":\"https:\\\/\\\/naturalpoland.com\\\/en\\\/\",\"name\":\"POLISH DISTRIBUTOR OF RAW MATERIALS\",\"description\":\"Raw materials for food, cosmetic and pharmaceutical industries\",\"publisher\":{\"@id\":\"https:\\\/\\\/naturalpoland.com\\\/en\\\/#organization\"},\"potentialAction\":[{\"@type\":\"SearchAction\",\"target\":{\"@type\":\"EntryPoint\",\"urlTemplate\":\"https:\\\/\\\/naturalpoland.com\\\/en\\\/?s={search_term_string}\"},\"query-input\":{\"@type\":\"PropertyValueSpecification\",\"valueRequired\":true,\"valueName\":\"search_term_string\"}}],\"inLanguage\":\"en-US\"},{\"@type\":\"Organization\",\"@id\":\"https:\\\/\\\/naturalpoland.com\\\/en\\\/#organization\",\"name\":\"Natural Poland\",\"url\":\"https:\\\/\\\/naturalpoland.com\\\/en\\\/\",\"logo\":{\"@type\":\"ImageObject\",\"inLanguage\":\"en-US\",\"@id\":\"https:\\\/\\\/naturalpoland.com\\\/en\\\/#\\\/schema\\\/logo\\\/image\\\/\",\"url\":\"https:\\\/\\\/naturalpoland.com\\\/wp-content\\\/uploads\\\/2021\\\/05\\\/natural-poland-icon.png\",\"contentUrl\":\"https:\\\/\\\/naturalpoland.com\\\/wp-content\\\/uploads\\\/2021\\\/05\\\/natural-poland-icon.png\",\"width\":512,\"height\":512,\"caption\":\"Natural Poland\"},\"image\":{\"@id\":\"https:\\\/\\\/naturalpoland.com\\\/en\\\/#\\\/schema\\\/logo\\\/image\\\/\"},\"sameAs\":[\"https:\\\/\\\/www.facebook.com\\\/naturalpoland.b2b\",\"https:\\\/\\\/pl.linkedin.com\\\/company\\\/natural-poland\",\"https:\\\/\\\/www.youtube.com\\\/channel\\\/UCgeGGkvOMahZo-xu_MSEWxg\"]}]}<\/script>\n<!-- \/ Yoast SEO plugin. -->","yoast_head_json":{"title":"Damask rose oil - POLISH DISTRIBUTOR OF RAW MATERIALS","description":"Damask rose (Rosa damascena) essential oil is a true luxury in the world of aromatherapy and cosmetics because of its unique fragrance.","robots":{"index":"index","follow":"follow","max-snippet":"max-snippet:-1","max-image-preview":"max-image-preview:large","max-video-preview":"max-video-preview:-1"},"canonical":"https:\/\/naturalpoland.com\/en\/products\/products-for-the-cosmetic-industry\/essential-oils\/oil-from-rose-damascene\/","og_locale":"en_US","og_type":"article","og_title":"Damask rose oil - POLISH DISTRIBUTOR OF RAW MATERIALS","og_description":"Damask rose (Rosa damascena) essential oil is a true luxury in the world of aromatherapy and cosmetics because of its unique fragrance.","og_url":"https:\/\/naturalpoland.com\/en\/products\/products-for-the-cosmetic-industry\/essential-oils\/oil-from-rose-damascene\/","og_site_name":"POLISH DISTRIBUTOR OF RAW MATERIALS","article_publisher":"https:\/\/www.facebook.com\/naturalpoland.b2b","article_modified_time":"2024-10-21T12:48:19+00:00","og_image":[{"width":426,"height":426,"url":"https:\/\/naturalpoland.com\/wp-content\/uploads\/olejek-z-rozy-damascenskiej.webp","type":"image\/webp"}],"schema":{"@context":"https:\/\/schema.org","@graph":[{"@type":"WebPage","@id":"https:\/\/naturalpoland.com\/en\/products\/products-for-the-cosmetic-industry\/essential-oils\/oil-from-rose-damascene\/","url":"https:\/\/naturalpoland.com\/en\/products\/products-for-the-cosmetic-industry\/essential-oils\/oil-from-rose-damascene\/","name":"Damask rose oil - POLISH DISTRIBUTOR OF RAW MATERIALS","isPartOf":{"@id":"https:\/\/naturalpoland.com\/en\/#website"},"primaryImageOfPage":{"@id":"https:\/\/naturalpoland.com\/en\/products\/products-for-the-cosmetic-industry\/essential-oils\/oil-from-rose-damascene\/#primaryimage"},"image":{"@id":"https:\/\/naturalpoland.com\/en\/products\/products-for-the-cosmetic-industry\/essential-oils\/oil-from-rose-damascene\/#primaryimage"},"thumbnailUrl":"https:\/\/naturalpoland.com\/wp-content\/uploads\/olejek-z-rozy-damascenskiej.webp","datePublished":"2024-10-21T12:02:07+00:00","dateModified":"2024-10-21T12:48:19+00:00","description":"Damask rose (Rosa damascena) essential oil is a true luxury in the world of aromatherapy and cosmetics because of its unique fragrance.","breadcrumb":{"@id":"https:\/\/naturalpoland.com\/en\/products\/products-for-the-cosmetic-industry\/essential-oils\/oil-from-rose-damascene\/#breadcrumb"},"inLanguage":"en-US","potentialAction":[{"@type":"ReadAction","target":["https:\/\/naturalpoland.com\/en\/products\/products-for-the-cosmetic-industry\/essential-oils\/oil-from-rose-damascene\/"]}]},{"@type":"ImageObject","inLanguage":"en-US","@id":"https:\/\/naturalpoland.com\/en\/products\/products-for-the-cosmetic-industry\/essential-oils\/oil-from-rose-damascene\/#primaryimage","url":"https:\/\/naturalpoland.com\/wp-content\/uploads\/olejek-z-rozy-damascenskiej.webp","contentUrl":"https:\/\/naturalpoland.com\/wp-content\/uploads\/olejek-z-rozy-damascenskiej.webp","width":426,"height":426,"caption":"Olejek eteryczny z r\u00f3\u017cy damasce\u0144skiej (Rosa damascena)"},{"@type":"BreadcrumbList","@id":"https:\/\/naturalpoland.com\/en\/products\/products-for-the-cosmetic-industry\/essential-oils\/oil-from-rose-damascene\/#breadcrumb","itemListElement":[{"@type":"ListItem","position":1,"name":"Homepage","item":"https:\/\/naturalpoland.com\/en\/"},{"@type":"ListItem","position":2,"name":"Products","item":"https:\/\/naturalpoland.com\/en\/products\/"},{"@type":"ListItem","position":3,"name":"Damask rose oil"}]},{"@type":"WebSite","@id":"https:\/\/naturalpoland.com\/en\/#website","url":"https:\/\/naturalpoland.com\/en\/","name":"POLISH DISTRIBUTOR OF RAW MATERIALS","description":"Raw materials for food, cosmetic and pharmaceutical industries","publisher":{"@id":"https:\/\/naturalpoland.com\/en\/#organization"},"potentialAction":[{"@type":"SearchAction","target":{"@type":"EntryPoint","urlTemplate":"https:\/\/naturalpoland.com\/en\/?s={search_term_string}"},"query-input":{"@type":"PropertyValueSpecification","valueRequired":true,"valueName":"search_term_string"}}],"inLanguage":"en-US"},{"@type":"Organization","@id":"https:\/\/naturalpoland.com\/en\/#organization","name":"Natural Poland","url":"https:\/\/naturalpoland.com\/en\/","logo":{"@type":"ImageObject","inLanguage":"en-US","@id":"https:\/\/naturalpoland.com\/en\/#\/schema\/logo\/image\/","url":"https:\/\/naturalpoland.com\/wp-content\/uploads\/2021\/05\/natural-poland-icon.png","contentUrl":"https:\/\/naturalpoland.com\/wp-content\/uploads\/2021\/05\/natural-poland-icon.png","width":512,"height":512,"caption":"Natural Poland"},"image":{"@id":"https:\/\/naturalpoland.com\/en\/#\/schema\/logo\/image\/"},"sameAs":["https:\/\/www.facebook.com\/naturalpoland.b2b","https:\/\/pl.linkedin.com\/company\/natural-poland","https:\/\/www.youtube.com\/channel\/UCgeGGkvOMahZo-xu_MSEWxg"]}]}},"_links":{"self":[{"href":"https:\/\/naturalpoland.com\/en\/wp-json\/wp\/v2\/product\/36956","targetHints":{"allow":["GET"]}}],"collection":[{"href":"https:\/\/naturalpoland.com\/en\/wp-json\/wp\/v2\/product"}],"about":[{"href":"https:\/\/naturalpoland.com\/en\/wp-json\/wp\/v2\/types\/product"}],"wp:featuredmedia":[{"embeddable":true,"href":"https:\/\/naturalpoland.com\/en\/wp-json\/wp\/v2\/media\/36920"}],"wp:attachment":[{"href":"https:\/\/naturalpoland.com\/en\/wp-json\/wp\/v2\/media?parent=36956"}],"wp:term":[{"taxonomy":"product_brand","embeddable":true,"href":"https:\/\/naturalpoland.com\/en\/wp-json\/wp\/v2\/product_brand?post=36956"},{"taxonomy":"product_cat","embeddable":true,"href":"https:\/\/naturalpoland.com\/en\/wp-json\/wp\/v2\/product_cat?post=36956"},{"taxonomy":"product_tag","embeddable":true,"href":"https:\/\/naturalpoland.com\/en\/wp-json\/wp\/v2\/product_tag?post=36956"}],"curies":[{"name":"wp","href":"https:\/\/api.w.org\/{rel}","templated":true}]}}